{"id":80,"date":"2020-11-30T13:04:17","date_gmt":"2020-11-30T10:04:17","guid":{"rendered":"https:\/\/www.myvize.com.tr\/izlanda\/?page_id=80"},"modified":"2022-04-20T14:18:52","modified_gmt":"2022-04-20T11:18:52","slug":"kayseri-fahri-konsoloslugu","status":"publish","type":"page","link":"https:\/\/www.myvize.com.tr\/izlanda\/konsolosluklar\/kayseri-fahri-konsoloslugu\/","title":{"rendered":"\u0130zlanda Kayseri Fahri Konsoloslu\u011fu"},"content":{"rendered":"<h2><span style=\"font-family: Roboto; font-size: 27px;\"><strong>\u0130zlanda Kayseri Konsoloslu\u011fu<\/strong><\/span><\/h2>\n<p><span style=\"font-family: Roboto; font-size: 14px;\">T\u00fcrkiye\u2019de ya\u015fayan <strong>\u0130zlanda vatanda\u015f\u0131<\/strong> pasaport, kimlik yenileme, noter i\u015flemi, \u00f6l\u00fcm ve evlilik i\u015flemi konusunda \u0130zlanda Kayseri Fahri Konsoloslu\u011fu\u2019nda, \u0130zlanda Kayseri B\u00fcy\u00fckel\u00e7ili\u011finde, \u0130zlanda Kayseri Ba\u015fkonsoloslu\u011fu\u2019nda ve di\u011fer \u0130zlanda Kayseri Konsoloslu\u011fundan destek alabilmektedirler. \u0130zlanda\u2019ya seyahat etmeyi isteyen T\u00fcrkiye Cumhuriyet vatanda\u015f\u0131n\u0131n vize ba\u015fvurusunu kabul yetkisi bulunan <strong>\u0130zlanda Kayseri Fahri Konsolosluk<\/strong>,<span style=\"color: #2acec2;\"><strong><a style=\"color: #2acec2;\" href=\"https:\/\/www.myvize.com.tr\/izlanda\/vize-islemleri\/izlanda-vizesi\/\" target=\"_blank\" rel=\"noopener\"> \u0130zlanda vizesi<\/a><\/strong><\/span> i\u015flemi konusunda karar verme yetkisi sahibi de\u011fildir.<\/span><br \/>\n<span style=\"font-family: Roboto; font-size: 14px;\"><strong>\u0130zlanda Kayseri Fahri Konsolosluk<\/strong> ve di\u011fer <strong>\u0130zlanda temsilcili\u011fi<\/strong> \u0130zlanda Kayseri ve T\u00fcrkiye aras\u0131nda team\u00fcle uygun olarak T\u00fcrkiye\u2019nin \u00f6nemli ticari \u015fehri aras\u0131nda yer alan Kayseri&#8217;de de faaliyet y\u00fcr\u00fctmektedir. <strong>\u0130zlanda Kayseri Fahri Konsolosluklar\u0131,<\/strong> herhangi diplomatik vasfa sahip olmamakla beraber<strong> \u0130zlanda Kayseri Ba\u015fkonsoloslu\u011fu<\/strong> ve \u0130zlanda Kayseri B\u00fcy\u00fckel\u00e7ili\u011fine ba\u011fl\u0131 \u00e7al\u0131\u015fma y\u00fcr\u00fctmektedir.<\/span><br \/>\n<span style=\"font-family: Roboto; font-size: 14px;\">\u0130zlanda Kayseri Fahri Konsoloslu\u011fu<strong> vize ba\u015fvurusu<\/strong> yapan ki\u015filer eksiksiz ve do\u011fru bi\u00e7imde doldurulmu\u015f vize ba\u015fvuru formunu sunmal\u0131d\u0131r. Aksi halde vize ba\u015fvurusuna konsolosluk ret yan\u0131t\u0131 vermektedir. <span style=\"color: #2acec2;\"><strong><a style=\"color: #2acec2;\" href=\"https:\/\/www.myvize.com.tr\/izlanda\/vize-islemleri\/izlanda-vize-reddi\/\" target=\"_blank\" rel=\"noopener\">\u0130zlanda vize reddi<\/a><\/strong><\/span> yan\u0131t\u0131 verilen ba\u015fvurular sonucunda vize almak isteyen ki\u015filer tekrardan evraklar\u0131n\u0131 haz\u0131rlayarak tekrar ba\u015fvuruda bulunabilirler. Konsoloslu\u011fun belirledi\u011fi \u015fartlar dahilinde bu s\u00fcreci y\u00f6netmesi gerekmektedir.<\/span><\/p>\n<p><img decoding=\"async\" src=\"https:\/\/www.myvize.com.tr\/izlanda\/wp-content\/uploads\/2021\/10\/45.jpg\" \/><\/p>\n<h2><span style=\"font-family: Roboto; font-size: 27px;\"><strong>\u0130zlanda Kayseri Fahri Konsoloslu\u011fu Ula\u015f\u0131m<\/strong><\/span><\/h2>\n<p><span style=\"font-family: Roboto; font-size: 14px;\">Kayseri ve \u00e7evresinde bulunan ve <strong>\u0130zlanda Konsolosluk i\u015flemi<\/strong> yapacak olan T\u00fcrk vatanda\u015flar\u0131n\u0131n i\u015flemlerinin \u0130zlanda Kayseri Fahri Konsoloslu\u011fu\u2019nda i\u015flem yapacakt\u0131r. Kayseri \u0130zlanda Kayseri Fahri Konsoloslu\u011fu\u2019na Kayseri toplu ta\u015f\u0131ma ara\u00e7lar\u0131 ile ula\u015fabilirsiniz. <strong>\u0130zlanda Kayseri Fahri Konsoloslu\u011fu<\/strong> adresi a\u015fa\u011f\u0131da verilmi\u015ftir.<\/span><\/p>\n<p><span style=\"font-family: Roboto; font-size: 14px;\">Adres: Konaklar Mahallesi, 856. Sokak, No: 66, Daire: 5, Melikgazi\/Kayseri<\/span><\/p>\n<p><span style=\"font-family: Roboto; font-size: 14px;\">G\u00f6rev b\u00f6lgesi i\u00e7erisinde <span style=\"color: #2acec2;\"><strong><a style=\"color: #2acec2;\" href=\"https:\/\/www.myvize.com.tr\/izlanda\/subelerimiz\/kayseri\/\" target=\"_blank\" rel=\"noopener\">Kayseri<\/a><\/strong><\/span>, Sivas, Gaziantep, Yozgat illeri yer almaktad\u0131r. Bu illerde \u0130zlanda konsolosluk i\u015flemi olan ki\u015filer \u0130zlanda Kayseri Fahri Konsoloslu\u011fu\u2019nda i\u015flem yapabilmektedir.<\/span><\/p>\n<p><span style=\"font-family: Roboto; font-size: 14px;\">Kayseri B\u00fcy\u00fck\u015fehir Belediyesi\u2019ne ba\u011fl\u0131 olan ve ula\u015f\u0131m hizmeti veren Kayseri Ula\u015f\u0131m A.\u015e\u2019nin baz\u0131 hatlar\u0131<strong> \u0130zlanda Kayseri Fahri Konsoloslu\u011fu\u2019nun<\/strong> bulundu\u011fu <strong>Konaklar Mahallesi<\/strong> yak\u0131nlar\u0131ndan ge\u00e7mektedir.<\/span><\/p>\n<p><span style=\"font-family: Roboto; font-size: 14px;\">Melikgazi\u2019de bulunan<strong> Konaklar Mahallesi<\/strong> yak\u0131nlar\u0131ndan ge\u00e7en otob\u00fcs hatlar\u0131 \u015fu \u015fekildedir;<\/span><\/p>\n<table cellspacing=\"0\">\n<tbody>\n<tr>\n<td><span style=\"font-family: Roboto; font-size: 14px;\"><strong>Hat Ad\u0131<\/strong><\/span><\/td>\n<td><span style=\"font-family: Roboto; font-size: 14px;\"><strong>Y\u00f6n<\/strong><\/span><\/td>\n<\/tr>\n<tr>\n<td><span style=\"font-family: Roboto; font-size: 14px;\">391<\/span><\/td>\n<td><span style=\"font-family: Roboto; font-size: 14px;\">Konaklar Y\u0131ld\u0131r\u0131m Beyaz\u0131t<\/span><\/td>\n<\/tr>\n<tr>\n<td><span style=\"font-family: Roboto; font-size: 14px;\">393<\/span><\/td>\n<td><span style=\"font-family: Roboto; font-size: 14px;\">Konaklar<\/span><\/td>\n<\/tr>\n<tr>\n<td><span style=\"font-family: Roboto; font-size: 14px;\">392<\/span><\/td>\n<td><span style=\"font-family: Roboto; font-size: 14px;\">Erciyes Hastanesi<\/span><\/td>\n<\/tr>\n<tr>\n<td><span style=\"font-family: Roboto; font-size: 14px;\">390<\/span><\/td>\n<td><span style=\"font-family: Roboto; font-size: 14px;\">Germin Son Durak<\/span><\/td>\n<\/tr>\n<tr>\n<td><span style=\"font-family: Roboto; font-size: 14px;\">22<\/span><\/td>\n<td><span style=\"font-family: Roboto; font-size: 14px;\">Fak\u00fclte<\/span><\/td>\n<\/tr>\n<tr>\n<td><span style=\"font-family: Roboto; font-size: 14px;\">30<\/span><\/td>\n<td><span style=\"font-family: Roboto; font-size: 14px;\">Taceddin Veli Bulvar\u0131<\/span><\/td>\n<\/tr>\n<\/tbody>\n<\/table>\n<p><span style=\"font-family: Roboto; font-size: 14px;\">Bunun yan\u0131nda Kayseri\u2019de bulunan baz\u0131 dolmu\u015flar<strong> Konaklar Mahallesi<\/strong> yak\u0131nlar\u0131ndan ge\u00e7mektedir. Otob\u00fcsten indikten sonra yakla\u015f\u0131k olarak 15 dk y\u00fcr\u00fcme mesafesi ile \u0130zlanda Kayseri Fahri Konsoloslu\u011fu\u2019na ula\u015fabilirsiniz.<\/span><\/p>\n","protected":false},"excerpt":{"rendered":"<p>\u0130zlanda Kayseri Konsoloslu\u011fu T\u00fcrkiye\u2019de ya\u015fayan \u0130zlanda vatanda\u015f\u0131 pasaport, kimlik yenileme, noter i\u015flemi, \u00f6l\u00fcm ve evlilik i\u015flemi konusunda \u0130zlanda Kayseri Fahri Konsoloslu\u011fu\u2019nda, \u0130zlanda Kayseri B\u00fcy\u00fckel\u00e7ili\u011finde, \u0130zlanda Kayseri Ba\u015fkonsoloslu\u011fu\u2019nda ve di\u011fer \u0130zlanda Kayseri Konsoloslu\u011fundan destek alabilmektedirler. \u0130zlanda\u2019ya seyahat etmeyi isteyen T\u00fcrkiye Cumhuriyet vatanda\u015f\u0131n\u0131n vize ba\u015fvurusunu kabul yetkisi bulunan \u0130zlanda Kayseri Fahri Konsolosluk, \u0130zlanda vizesi i\u015flemi konusunda karar<\/p>\n","protected":false},"author":1,"featured_media":0,"parent":69,"menu_order":0,"comment_status":"open","ping_status":"closed","template":"","meta":{"footnotes":""},"class_list":["post-80","page","type-page","status-publish","hentry"],"yoast_head":"<!-- This site is optimized with the Yoast SEO plugin v24.0 - https:\/\/yoast.com\/wordpress\/plugins\/seo\/ -->\n<title>\u0130zlanda Kayseri Fahri Konsoloslu\u011fu - MyVize<\/title>\n<meta name=\"description\" content=\"\u0130zlanda Kayseri Fahri Konsoloslu\u011fu \u0130leti\u015fim Bilgileri Telefon Numaras\u0131 Mail Adresi Bilgileri \u0130\u00e7erir. \u0130zlanda Vize Dan\u0131\u015fman\u0131 \u0130\u00e7in Hemen Ara.\" \/>\n<meta name=\"robots\" content=\"index, follow, max-snippet:-1, max-image-preview:large, max-video-preview:-1\" \/>\n<link rel=\"canonical\" href=\"https:\/\/www.myvize.com.tr\/izlanda\/konsolosluklar\/kayseri-fahri-konsoloslugu\/\" \/>\n<meta property=\"og:locale\" content=\"tr_TR\" \/>\n<meta property=\"og:type\" content=\"article\" \/>\n<meta property=\"og:title\" content=\"\u0130zlanda Kayseri Fahri Konsoloslu\u011fu - MyVize\" \/>\n<meta property=\"og:description\" content=\"\u0130zlanda Kayseri Fahri Konsoloslu\u011fu \u0130leti\u015fim Bilgileri Telefon Numaras\u0131 Mail Adresi Bilgileri \u0130\u00e7erir. \u0130zlanda Vize Dan\u0131\u015fman\u0131 \u0130\u00e7in Hemen Ara.\" \/>\n<meta property=\"og:url\" content=\"https:\/\/www.myvize.com.tr\/izlanda\/konsolosluklar\/kayseri-fahri-konsoloslugu\/\" \/>\n<meta property=\"og:site_name\" content=\"\u0130zlanda Vizesi\" \/>\n<meta property=\"article:modified_time\" content=\"2022-04-20T11:18:52+00:00\" \/>\n<meta property=\"og:image\" content=\"https:\/\/www.myvize.com.tr\/izlanda\/wp-content\/uploads\/2021\/10\/45.jpg\" \/>\n<meta name=\"twitter:card\" content=\"summary_large_image\" \/>\n<meta name=\"twitter:label1\" content=\"Tahmini okuma s\u00fcresi\" \/>\n\t<meta name=\"twitter:data1\" content=\"2 dakika\" \/>\n<script type=\"application\/ld+json\" class=\"yoast-schema-graph\">{\"@context\":\"https:\/\/schema.org\",\"@graph\":[{\"@type\":\"WebPage\",\"@id\":\"https:\/\/www.myvize.com.tr\/izlanda\/konsolosluklar\/kayseri-fahri-konsoloslugu\/\",\"url\":\"https:\/\/www.myvize.com.tr\/izlanda\/konsolosluklar\/kayseri-fahri-konsoloslugu\/\",\"name\":\"\u0130zlanda Kayseri Fahri Konsoloslu\u011fu - MyVize\",\"isPartOf\":{\"@id\":\"https:\/\/www.myvize.com.tr\/izlanda\/#website\"},\"primaryImageOfPage\":{\"@id\":\"https:\/\/www.myvize.com.tr\/izlanda\/konsolosluklar\/kayseri-fahri-konsoloslugu\/#primaryimage\"},\"image\":{\"@id\":\"https:\/\/www.myvize.com.tr\/izlanda\/konsolosluklar\/kayseri-fahri-konsoloslugu\/#primaryimage\"},\"thumbnailUrl\":\"https:\/\/www.myvize.com.tr\/izlanda\/wp-content\/uploads\/2021\/10\/45.jpg\",\"datePublished\":\"2020-11-30T10:04:17+00:00\",\"dateModified\":\"2022-04-20T11:18:52+00:00\",\"description\":\"\u0130zlanda Kayseri Fahri Konsoloslu\u011fu \u0130leti\u015fim Bilgileri Telefon Numaras\u0131 Mail Adresi Bilgileri \u0130\u00e7erir. \u0130zlanda Vize Dan\u0131\u015fman\u0131 \u0130\u00e7in Hemen Ara.\",\"breadcrumb\":{\"@id\":\"https:\/\/www.myvize.com.tr\/izlanda\/konsolosluklar\/kayseri-fahri-konsoloslugu\/#breadcrumb\"},\"inLanguage\":\"tr\",\"potentialAction\":[{\"@type\":\"ReadAction\",\"target\":[\"https:\/\/www.myvize.com.tr\/izlanda\/konsolosluklar\/kayseri-fahri-konsoloslugu\/\"]}]},{\"@type\":\"ImageObject\",\"inLanguage\":\"tr\",\"@id\":\"https:\/\/www.myvize.com.tr\/izlanda\/konsolosluklar\/kayseri-fahri-konsoloslugu\/#primaryimage\",\"url\":\"https:\/\/www.myvize.com.tr\/izlanda\/wp-content\/uploads\/2021\/10\/45.jpg\",\"contentUrl\":\"https:\/\/www.myvize.com.tr\/izlanda\/wp-content\/uploads\/2021\/10\/45.jpg\",\"width\":800,\"height\":500,\"caption\":\"\u0130zlanda Kayseri Fahri Konsoloslu\u011fu\"},{\"@type\":\"BreadcrumbList\",\"@id\":\"https:\/\/www.myvize.com.tr\/izlanda\/konsolosluklar\/kayseri-fahri-konsoloslugu\/#breadcrumb\",\"itemListElement\":[{\"@type\":\"ListItem\",\"position\":1,\"name\":\"Anasayfa\",\"item\":\"https:\/\/www.myvize.com.tr\/izlanda\/\"},{\"@type\":\"ListItem\",\"position\":2,\"name\":\"KONSOLOSLUKLAR\",\"item\":\"https:\/\/www.myvize.com.tr\/izlanda\/konsolosluklar\/\"},{\"@type\":\"ListItem\",\"position\":3,\"name\":\"\u0130zlanda Kayseri Fahri Konsoloslu\u011fu\"}]},{\"@type\":\"WebSite\",\"@id\":\"https:\/\/www.myvize.com.tr\/izlanda\/#website\",\"url\":\"https:\/\/www.myvize.com.tr\/izlanda\/\",\"name\":\"\u0130zlanda Vizesi\",\"description\":\"\",\"potentialAction\":[{\"@type\":\"SearchAction\",\"target\":{\"@type\":\"EntryPoint\",\"urlTemplate\":\"https:\/\/www.myvize.com.tr\/izlanda\/?s={search_term_string}\"},\"query-input\":{\"@type\":\"PropertyValueSpecification\",\"valueRequired\":true,\"valueName\":\"search_term_string\"}}],\"inLanguage\":\"tr\"}]}<\/script>\n<!-- \/ Yoast SEO plugin. -->","yoast_head_json":{"title":"\u0130zlanda Kayseri Fahri Konsoloslu\u011fu - MyVize","description":"\u0130zlanda Kayseri Fahri Konsoloslu\u011fu \u0130leti\u015fim Bilgileri Telefon Numaras\u0131 Mail Adresi Bilgileri \u0130\u00e7erir. \u0130zlanda Vize Dan\u0131\u015fman\u0131 \u0130\u00e7in Hemen Ara.","robots":{"index":"index","follow":"follow","max-snippet":"max-snippet:-1","max-image-preview":"max-image-preview:large","max-video-preview":"max-video-preview:-1"},"canonical":"https:\/\/www.myvize.com.tr\/izlanda\/konsolosluklar\/kayseri-fahri-konsoloslugu\/","og_locale":"tr_TR","og_type":"article","og_title":"\u0130zlanda Kayseri Fahri Konsoloslu\u011fu - MyVize","og_description":"\u0130zlanda Kayseri Fahri Konsoloslu\u011fu \u0130leti\u015fim Bilgileri Telefon Numaras\u0131 Mail Adresi Bilgileri \u0130\u00e7erir. \u0130zlanda Vize Dan\u0131\u015fman\u0131 \u0130\u00e7in Hemen Ara.","og_url":"https:\/\/www.myvize.com.tr\/izlanda\/konsolosluklar\/kayseri-fahri-konsoloslugu\/","og_site_name":"\u0130zlanda Vizesi","article_modified_time":"2022-04-20T11:18:52+00:00","og_image":[{"url":"https:\/\/www.myvize.com.tr\/izlanda\/wp-content\/uploads\/2021\/10\/45.jpg","type":"","width":"","height":""}],"twitter_card":"summary_large_image","twitter_misc":{"Tahmini okuma s\u00fcresi":"2 dakika"},"schema":{"@context":"https:\/\/schema.org","@graph":[{"@type":"WebPage","@id":"https:\/\/www.myvize.com.tr\/izlanda\/konsolosluklar\/kayseri-fahri-konsoloslugu\/","url":"https:\/\/www.myvize.com.tr\/izlanda\/konsolosluklar\/kayseri-fahri-konsoloslugu\/","name":"\u0130zlanda Kayseri Fahri Konsoloslu\u011fu - MyVize","isPartOf":{"@id":"https:\/\/www.myvize.com.tr\/izlanda\/#website"},"primaryImageOfPage":{"@id":"https:\/\/www.myvize.com.tr\/izlanda\/konsolosluklar\/kayseri-fahri-konsoloslugu\/#primaryimage"},"image":{"@id":"https:\/\/www.myvize.com.tr\/izlanda\/konsolosluklar\/kayseri-fahri-konsoloslugu\/#primaryimage"},"thumbnailUrl":"https:\/\/www.myvize.com.tr\/izlanda\/wp-content\/uploads\/2021\/10\/45.jpg","datePublished":"2020-11-30T10:04:17+00:00","dateModified":"2022-04-20T11:18:52+00:00","description":"\u0130zlanda Kayseri Fahri Konsoloslu\u011fu \u0130leti\u015fim Bilgileri Telefon Numaras\u0131 Mail Adresi Bilgileri \u0130\u00e7erir. \u0130zlanda Vize Dan\u0131\u015fman\u0131 \u0130\u00e7in Hemen Ara.","breadcrumb":{"@id":"https:\/\/www.myvize.com.tr\/izlanda\/konsolosluklar\/kayseri-fahri-konsoloslugu\/#breadcrumb"},"inLanguage":"tr","potentialAction":[{"@type":"ReadAction","target":["https:\/\/www.myvize.com.tr\/izlanda\/konsolosluklar\/kayseri-fahri-konsoloslugu\/"]}]},{"@type":"ImageObject","inLanguage":"tr","@id":"https:\/\/www.myvize.com.tr\/izlanda\/konsolosluklar\/kayseri-fahri-konsoloslugu\/#primaryimage","url":"https:\/\/www.myvize.com.tr\/izlanda\/wp-content\/uploads\/2021\/10\/45.jpg","contentUrl":"https:\/\/www.myvize.com.tr\/izlanda\/wp-content\/uploads\/2021\/10\/45.jpg","width":800,"height":500,"caption":"\u0130zlanda Kayseri Fahri Konsoloslu\u011fu"},{"@type":"BreadcrumbList","@id":"https:\/\/www.myvize.com.tr\/izlanda\/konsolosluklar\/kayseri-fahri-konsoloslugu\/#breadcrumb","itemListElement":[{"@type":"ListItem","position":1,"name":"Anasayfa","item":"https:\/\/www.myvize.com.tr\/izlanda\/"},{"@type":"ListItem","position":2,"name":"KONSOLOSLUKLAR","item":"https:\/\/www.myvize.com.tr\/izlanda\/konsolosluklar\/"},{"@type":"ListItem","position":3,"name":"\u0130zlanda Kayseri Fahri Konsoloslu\u011fu"}]},{"@type":"WebSite","@id":"https:\/\/www.myvize.com.tr\/izlanda\/#website","url":"https:\/\/www.myvize.com.tr\/izlanda\/","name":"\u0130zlanda Vizesi","description":"","potentialAction":[{"@type":"SearchAction","target":{"@type":"EntryPoint","urlTemplate":"https:\/\/www.myvize.com.tr\/izlanda\/?s={search_term_string}"},"query-input":{"@type":"PropertyValueSpecification","valueRequired":true,"valueName":"search_term_string"}}],"inLanguage":"tr"}]}},"_links":{"self":[{"href":"https:\/\/www.myvize.com.tr\/izlanda\/wp-json\/wp\/v2\/pages\/80","targetHints":{"allow":["GET"]}}],"collection":[{"href":"https:\/\/www.myvize.com.tr\/izlanda\/wp-json\/wp\/v2\/pages"}],"about":[{"href":"https:\/\/www.myvize.com.tr\/izlanda\/wp-json\/wp\/v2\/types\/page"}],"author":[{"embeddable":true,"href":"https:\/\/www.myvize.com.tr\/izlanda\/wp-json\/wp\/v2\/users\/1"}],"replies":[{"embeddable":true,"href":"https:\/\/www.myvize.com.tr\/izlanda\/wp-json\/wp\/v2\/comments?post=80"}],"version-history":[{"count":5,"href":"https:\/\/www.myvize.com.tr\/izlanda\/wp-json\/wp\/v2\/pages\/80\/revisions"}],"predecessor-version":[{"id":1035,"href":"https:\/\/www.myvize.com.tr\/izlanda\/wp-json\/wp\/v2\/pages\/80\/revisions\/1035"}],"up":[{"embeddable":true,"href":"https:\/\/www.myvize.com.tr\/izlanda\/wp-json\/wp\/v2\/pages\/69"}],"wp:attachment":[{"href":"https:\/\/www.myvize.com.tr\/izlanda\/wp-json\/wp\/v2\/media?parent=80"}],"curies":[{"name":"wp","href":"https:\/\/api.w.org\/{rel}","templated":true}]}}