{"id":86,"date":"2020-11-30T13:05:31","date_gmt":"2020-11-30T10:05:31","guid":{"rendered":"https:\/\/www.myvize.com.tr\/izlanda\/?page_id=86"},"modified":"2022-05-28T12:08:45","modified_gmt":"2022-05-28T09:08:45","slug":"edirne-fahri-konsoloslugu","status":"publish","type":"page","link":"https:\/\/www.myvize.com.tr\/izlanda\/konsolosluklar\/edirne-fahri-konsoloslugu\/","title":{"rendered":"\u0130zlanda Edirne Fahri Konsoloslu\u011fu"},"content":{"rendered":"<h2><span style=\"font-family: Roboto; font-size: 27px;\"><strong>\u0130zlanda Edirne Konsoloslu\u011fu<\/strong><\/span><\/h2>\n<p><span style=\"font-family: Roboto; font-size: 14px;\"><strong>\u0130zlanda Edirne Fahri Konsolosluk<\/strong> ve di\u011fer \u0130zlanda temsilcilikleri \u0130zlanda ve T\u00fcrkiye aras\u0131nda team\u00fclle uygun olarak T\u00fcrkiye\u2019nin \u00f6nemli \u015fehirleri aras\u0131nda yer alan Edirne&#8217;de faaliyet y\u00fcr\u00fctmektedir.<strong> \u0130zlanda Edirne Fahri Konsolosluklar\u0131<\/strong>, herhangi diplomatik vasfa sahip olmamak beraber <strong>\u0130zlanda Edirne Ba\u015fkonsoloslu\u011fu<\/strong> ve \u0130zlanda Edirne B\u00fcy\u00fckel\u00e7ili\u011fine ba\u011fl\u0131 \u00e7al\u0131\u015fma y\u00fcr\u00fctmektedir.<\/span><br \/>\n<span style=\"font-family: Roboto; font-size: 14px;\">T\u00fcrkiye\u2019de ya\u015fayan \u0130zlanda vatanda\u015flar\u0131n pasaport, kimlik yenileme, noter i\u015flemi, \u00f6l\u00fcm, evlilik i\u015flemini konusunda \u0130zlanda Edirne Fahri Konsoloslu\u011fu\u2019nda, \u0130zlanda Edirne B\u00fcy\u00fckel\u00e7ili\u011finde, \u0130zlanda Edirne Ba\u015fkonsoloslu\u011fu\u2019nda ve di\u011fer \u0130zlanda Edirne Konsoloslu\u011fundan destek alabilmektedirler. \u0130zlanda\u2019ya seyahat etmeyi isteyen T\u00fcrkiye Cumhuriyet vatanda\u015f\u0131 vize ba\u015fvurusu kabul yetkisi bulunan \u0130zlanda Edirne Fahri Konsolosluk, <span style=\"color: #2acec2;\"><strong><a style=\"color: #2acec2;\" href=\"https:\/\/www.myvize.com.tr\/izlanda\/vize-islemleri\/izlanda-vizesi\/\" target=\"_blank\" rel=\"noopener\">\u0130zlanda vizesi<\/a><\/strong><\/span> i\u015flemi konusunda karar verme yetkisine ise sahibi de\u011fildir.<\/span><br \/>\n<span style=\"font-family: Roboto; font-size: 14px;\"><strong>\u0130zlanda Edirne Fahri Konsoloslu\u011fu<\/strong> vize ba\u015fvurusu yapan ki\u015filer eksiksiz ve do\u011fru bi\u00e7imde doldurulmu\u015f vize ba\u015fvuru formunu sunmal\u0131d\u0131r. Aksi halde vize ba\u015fvurusuna Edirne konsoloslu\u011fundan <span style=\"color: #2acec2;\"><strong><a style=\"color: #2acec2;\" href=\"https:\/\/www.myvize.com.tr\/izlanda\/vize-islemleri\/izlanda-vize-reddi\/\" target=\"_blank\" rel=\"noopener\">\u0130zlanda vize reddi<\/a><\/strong><\/span> yan\u0131t\u0131 verilmektedir. Ret yan\u0131t\u0131 verilen ba\u015fvurular sonucunda vize almak isteyen ki\u015filer tekrar evraklar\u0131n\u0131 haz\u0131rlayarak yeni bir ba\u015fvuruda bulunabilirler. Edirne konsoloslu\u011funun belirledi\u011fi \u015fartlar dahilinde bu s\u00fcreci y\u00f6netmesi gerekmektedir.<\/span><\/p>\n<p><img decoding=\"async\" src=\"https:\/\/www.myvize.com.tr\/izlanda\/wp-content\/uploads\/2021\/10\/48.jpg\" \/><\/p>\n","protected":false},"excerpt":{"rendered":"<p>\u0130zlanda Edirne Konsoloslu\u011fu \u0130zlanda Edirne Fahri Konsolosluk ve di\u011fer \u0130zlanda temsilcilikleri \u0130zlanda ve T\u00fcrkiye aras\u0131nda team\u00fclle uygun olarak T\u00fcrkiye\u2019nin \u00f6nemli \u015fehirleri aras\u0131nda yer alan Edirne&#8217;de faaliyet y\u00fcr\u00fctmektedir. \u0130zlanda Edirne Fahri Konsolosluklar\u0131, herhangi diplomatik vasfa sahip olmamak beraber \u0130zlanda Edirne Ba\u015fkonsoloslu\u011fu ve \u0130zlanda Edirne B\u00fcy\u00fckel\u00e7ili\u011fine ba\u011fl\u0131 \u00e7al\u0131\u015fma y\u00fcr\u00fctmektedir. T\u00fcrkiye\u2019de ya\u015fayan \u0130zlanda vatanda\u015flar\u0131n pasaport, kimlik yenileme, noter<\/p>\n","protected":false},"author":1,"featured_media":0,"parent":69,"menu_order":0,"comment_status":"open","ping_status":"closed","template":"","meta":{"footnotes":""},"class_list":["post-86","page","type-page","status-publish","hentry"],"yoast_head":"<!-- This site is optimized with the Yoast SEO plugin v24.0 - https:\/\/yoast.com\/wordpress\/plugins\/seo\/ -->\n<title>\u0130zlanda Edirne Konsoloslu\u011fu Vize \u0130\u015flemleri - MyVize<\/title>\n<meta name=\"description\" content=\"\u0130zlanda Edirne Fahri Konsoloslu\u011fu \u0130leti\u015fim Bilgileri Telefon Numaras\u0131 Mail Adresi Bilgileri \u0130\u00e7erir. \u0130zlanda Vize Dan\u0131\u015fman\u0131 \u0130\u00e7in Hemen Aray\u0131n.\" \/>\n<meta name=\"robots\" content=\"index, follow, max-snippet:-1, max-image-preview:large, max-video-preview:-1\" \/>\n<link rel=\"canonical\" href=\"https:\/\/www.myvize.com.tr\/izlanda\/konsolosluklar\/edirne-fahri-konsoloslugu\/\" \/>\n<meta property=\"og:locale\" content=\"tr_TR\" \/>\n<meta property=\"og:type\" content=\"article\" \/>\n<meta property=\"og:title\" content=\"\u0130zlanda Edirne Konsoloslu\u011fu Vize \u0130\u015flemleri - MyVize\" \/>\n<meta property=\"og:description\" content=\"\u0130zlanda Edirne Fahri Konsoloslu\u011fu \u0130leti\u015fim Bilgileri Telefon Numaras\u0131 Mail Adresi Bilgileri \u0130\u00e7erir. \u0130zlanda Vize Dan\u0131\u015fman\u0131 \u0130\u00e7in Hemen Aray\u0131n.\" \/>\n<meta property=\"og:url\" content=\"https:\/\/www.myvize.com.tr\/izlanda\/konsolosluklar\/edirne-fahri-konsoloslugu\/\" \/>\n<meta property=\"og:site_name\" content=\"\u0130zlanda Vizesi\" \/>\n<meta property=\"article:modified_time\" content=\"2022-05-28T09:08:45+00:00\" \/>\n<meta property=\"og:image\" content=\"https:\/\/www.myvize.com.tr\/izlanda\/wp-content\/uploads\/2021\/10\/48.jpg\" \/>\n<meta name=\"twitter:card\" content=\"summary_large_image\" \/>\n<meta name=\"twitter:label1\" content=\"Tahmini okuma s\u00fcresi\" \/>\n\t<meta name=\"twitter:data1\" content=\"1 dakika\" \/>\n<script type=\"application\/ld+json\" class=\"yoast-schema-graph\">{\"@context\":\"https:\/\/schema.org\",\"@graph\":[{\"@type\":\"WebPage\",\"@id\":\"https:\/\/www.myvize.com.tr\/izlanda\/konsolosluklar\/edirne-fahri-konsoloslugu\/\",\"url\":\"https:\/\/www.myvize.com.tr\/izlanda\/konsolosluklar\/edirne-fahri-konsoloslugu\/\",\"name\":\"\u0130zlanda Edirne Konsoloslu\u011fu Vize \u0130\u015flemleri - MyVize\",\"isPartOf\":{\"@id\":\"https:\/\/www.myvize.com.tr\/izlanda\/#website\"},\"primaryImageOfPage\":{\"@id\":\"https:\/\/www.myvize.com.tr\/izlanda\/konsolosluklar\/edirne-fahri-konsoloslugu\/#primaryimage\"},\"image\":{\"@id\":\"https:\/\/www.myvize.com.tr\/izlanda\/konsolosluklar\/edirne-fahri-konsoloslugu\/#primaryimage\"},\"thumbnailUrl\":\"https:\/\/www.myvize.com.tr\/izlanda\/wp-content\/uploads\/2021\/10\/48.jpg\",\"datePublished\":\"2020-11-30T10:05:31+00:00\",\"dateModified\":\"2022-05-28T09:08:45+00:00\",\"description\":\"\u0130zlanda Edirne Fahri Konsoloslu\u011fu \u0130leti\u015fim Bilgileri Telefon Numaras\u0131 Mail Adresi Bilgileri \u0130\u00e7erir. \u0130zlanda Vize Dan\u0131\u015fman\u0131 \u0130\u00e7in Hemen Aray\u0131n.\",\"breadcrumb\":{\"@id\":\"https:\/\/www.myvize.com.tr\/izlanda\/konsolosluklar\/edirne-fahri-konsoloslugu\/#breadcrumb\"},\"inLanguage\":\"tr\",\"potentialAction\":[{\"@type\":\"ReadAction\",\"target\":[\"https:\/\/www.myvize.com.tr\/izlanda\/konsolosluklar\/edirne-fahri-konsoloslugu\/\"]}]},{\"@type\":\"ImageObject\",\"inLanguage\":\"tr\",\"@id\":\"https:\/\/www.myvize.com.tr\/izlanda\/konsolosluklar\/edirne-fahri-konsoloslugu\/#primaryimage\",\"url\":\"https:\/\/www.myvize.com.tr\/izlanda\/wp-content\/uploads\/2021\/10\/48.jpg\",\"contentUrl\":\"https:\/\/www.myvize.com.tr\/izlanda\/wp-content\/uploads\/2021\/10\/48.jpg\",\"width\":800,\"height\":500,\"caption\":\"\u0130zlanda Edirne Fahri Konsoloslu\u011fu\"},{\"@type\":\"BreadcrumbList\",\"@id\":\"https:\/\/www.myvize.com.tr\/izlanda\/konsolosluklar\/edirne-fahri-konsoloslugu\/#breadcrumb\",\"itemListElement\":[{\"@type\":\"ListItem\",\"position\":1,\"name\":\"Anasayfa\",\"item\":\"https:\/\/www.myvize.com.tr\/izlanda\/\"},{\"@type\":\"ListItem\",\"position\":2,\"name\":\"KONSOLOSLUKLAR\",\"item\":\"https:\/\/www.myvize.com.tr\/izlanda\/konsolosluklar\/\"},{\"@type\":\"ListItem\",\"position\":3,\"name\":\"\u0130zlanda Edirne Fahri Konsoloslu\u011fu\"}]},{\"@type\":\"WebSite\",\"@id\":\"https:\/\/www.myvize.com.tr\/izlanda\/#website\",\"url\":\"https:\/\/www.myvize.com.tr\/izlanda\/\",\"name\":\"\u0130zlanda Vizesi\",\"description\":\"\",\"potentialAction\":[{\"@type\":\"SearchAction\",\"target\":{\"@type\":\"EntryPoint\",\"urlTemplate\":\"https:\/\/www.myvize.com.tr\/izlanda\/?s={search_term_string}\"},\"query-input\":{\"@type\":\"PropertyValueSpecification\",\"valueRequired\":true,\"valueName\":\"search_term_string\"}}],\"inLanguage\":\"tr\"}]}<\/script>\n<!-- \/ Yoast SEO plugin. -->","yoast_head_json":{"title":"\u0130zlanda Edirne Konsoloslu\u011fu Vize \u0130\u015flemleri - MyVize","description":"\u0130zlanda Edirne Fahri Konsoloslu\u011fu \u0130leti\u015fim Bilgileri Telefon Numaras\u0131 Mail Adresi Bilgileri \u0130\u00e7erir. \u0130zlanda Vize Dan\u0131\u015fman\u0131 \u0130\u00e7in Hemen Aray\u0131n.","robots":{"index":"index","follow":"follow","max-snippet":"max-snippet:-1","max-image-preview":"max-image-preview:large","max-video-preview":"max-video-preview:-1"},"canonical":"https:\/\/www.myvize.com.tr\/izlanda\/konsolosluklar\/edirne-fahri-konsoloslugu\/","og_locale":"tr_TR","og_type":"article","og_title":"\u0130zlanda Edirne Konsoloslu\u011fu Vize \u0130\u015flemleri - MyVize","og_description":"\u0130zlanda Edirne Fahri Konsoloslu\u011fu \u0130leti\u015fim Bilgileri Telefon Numaras\u0131 Mail Adresi Bilgileri \u0130\u00e7erir. \u0130zlanda Vize Dan\u0131\u015fman\u0131 \u0130\u00e7in Hemen Aray\u0131n.","og_url":"https:\/\/www.myvize.com.tr\/izlanda\/konsolosluklar\/edirne-fahri-konsoloslugu\/","og_site_name":"\u0130zlanda Vizesi","article_modified_time":"2022-05-28T09:08:45+00:00","og_image":[{"url":"https:\/\/www.myvize.com.tr\/izlanda\/wp-content\/uploads\/2021\/10\/48.jpg","type":"","width":"","height":""}],"twitter_card":"summary_large_image","twitter_misc":{"Tahmini okuma s\u00fcresi":"1 dakika"},"schema":{"@context":"https:\/\/schema.org","@graph":[{"@type":"WebPage","@id":"https:\/\/www.myvize.com.tr\/izlanda\/konsolosluklar\/edirne-fahri-konsoloslugu\/","url":"https:\/\/www.myvize.com.tr\/izlanda\/konsolosluklar\/edirne-fahri-konsoloslugu\/","name":"\u0130zlanda Edirne Konsoloslu\u011fu Vize \u0130\u015flemleri - MyVize","isPartOf":{"@id":"https:\/\/www.myvize.com.tr\/izlanda\/#website"},"primaryImageOfPage":{"@id":"https:\/\/www.myvize.com.tr\/izlanda\/konsolosluklar\/edirne-fahri-konsoloslugu\/#primaryimage"},"image":{"@id":"https:\/\/www.myvize.com.tr\/izlanda\/konsolosluklar\/edirne-fahri-konsoloslugu\/#primaryimage"},"thumbnailUrl":"https:\/\/www.myvize.com.tr\/izlanda\/wp-content\/uploads\/2021\/10\/48.jpg","datePublished":"2020-11-30T10:05:31+00:00","dateModified":"2022-05-28T09:08:45+00:00","description":"\u0130zlanda Edirne Fahri Konsoloslu\u011fu \u0130leti\u015fim Bilgileri Telefon Numaras\u0131 Mail Adresi Bilgileri \u0130\u00e7erir. \u0130zlanda Vize Dan\u0131\u015fman\u0131 \u0130\u00e7in Hemen Aray\u0131n.","breadcrumb":{"@id":"https:\/\/www.myvize.com.tr\/izlanda\/konsolosluklar\/edirne-fahri-konsoloslugu\/#breadcrumb"},"inLanguage":"tr","potentialAction":[{"@type":"ReadAction","target":["https:\/\/www.myvize.com.tr\/izlanda\/konsolosluklar\/edirne-fahri-konsoloslugu\/"]}]},{"@type":"ImageObject","inLanguage":"tr","@id":"https:\/\/www.myvize.com.tr\/izlanda\/konsolosluklar\/edirne-fahri-konsoloslugu\/#primaryimage","url":"https:\/\/www.myvize.com.tr\/izlanda\/wp-content\/uploads\/2021\/10\/48.jpg","contentUrl":"https:\/\/www.myvize.com.tr\/izlanda\/wp-content\/uploads\/2021\/10\/48.jpg","width":800,"height":500,"caption":"\u0130zlanda Edirne Fahri Konsoloslu\u011fu"},{"@type":"BreadcrumbList","@id":"https:\/\/www.myvize.com.tr\/izlanda\/konsolosluklar\/edirne-fahri-konsoloslugu\/#breadcrumb","itemListElement":[{"@type":"ListItem","position":1,"name":"Anasayfa","item":"https:\/\/www.myvize.com.tr\/izlanda\/"},{"@type":"ListItem","position":2,"name":"KONSOLOSLUKLAR","item":"https:\/\/www.myvize.com.tr\/izlanda\/konsolosluklar\/"},{"@type":"ListItem","position":3,"name":"\u0130zlanda Edirne Fahri Konsoloslu\u011fu"}]},{"@type":"WebSite","@id":"https:\/\/www.myvize.com.tr\/izlanda\/#website","url":"https:\/\/www.myvize.com.tr\/izlanda\/","name":"\u0130zlanda Vizesi","description":"","potentialAction":[{"@type":"SearchAction","target":{"@type":"EntryPoint","urlTemplate":"https:\/\/www.myvize.com.tr\/izlanda\/?s={search_term_string}"},"query-input":{"@type":"PropertyValueSpecification","valueRequired":true,"valueName":"search_term_string"}}],"inLanguage":"tr"}]}},"_links":{"self":[{"href":"https:\/\/www.myvize.com.tr\/izlanda\/wp-json\/wp\/v2\/pages\/86","targetHints":{"allow":["GET"]}}],"collection":[{"href":"https:\/\/www.myvize.com.tr\/izlanda\/wp-json\/wp\/v2\/pages"}],"about":[{"href":"https:\/\/www.myvize.com.tr\/izlanda\/wp-json\/wp\/v2\/types\/page"}],"author":[{"embeddable":true,"href":"https:\/\/www.myvize.com.tr\/izlanda\/wp-json\/wp\/v2\/users\/1"}],"replies":[{"embeddable":true,"href":"https:\/\/www.myvize.com.tr\/izlanda\/wp-json\/wp\/v2\/comments?post=86"}],"version-history":[{"count":5,"href":"https:\/\/www.myvize.com.tr\/izlanda\/wp-json\/wp\/v2\/pages\/86\/revisions"}],"predecessor-version":[{"id":1059,"href":"https:\/\/www.myvize.com.tr\/izlanda\/wp-json\/wp\/v2\/pages\/86\/revisions\/1059"}],"up":[{"embeddable":true,"href":"https:\/\/www.myvize.com.tr\/izlanda\/wp-json\/wp\/v2\/pages\/69"}],"wp:attachment":[{"href":"https:\/\/www.myvize.com.tr\/izlanda\/wp-json\/wp\/v2\/media?parent=86"}],"curies":[{"name":"wp","href":"https:\/\/api.w.org\/{rel}","templated":true}]}}