{"id":175,"date":"2020-12-22T15:27:20","date_gmt":"2020-12-22T12:27:20","guid":{"rendered":"https:\/\/www.myvize.com.tr\/kanada\/?page_id=175"},"modified":"2022-03-26T11:07:01","modified_gmt":"2022-03-26T08:07:01","slug":"eta","status":"publish","type":"page","link":"https:\/\/www.myvize.com.tr\/kanada\/eta\/","title":{"rendered":"KANADA ETA"},"content":{"rendered":"<p><span style=\"font-family: Roboto; font-size: 14px;\">Kanada <strong>e-vize<\/strong> veren \u00fclkeden biridir. Kanada e-vize yani <strong>Kanada Online Vizesi<\/strong>, ETA olarak ge\u00e7mekte. <strong>ETA (Electronic Travel Authorzation)<\/strong>, Kanada H\u00fck\u00fbmeti 2021 y\u0131l\u0131nda ge\u00e7i\u015f yapt\u0131\u011f\u0131 elektronik vize t\u00fcr\u00fc. ETA, Kanada&#8217;ya hava yolu ile seyahat edecek olan t\u00fcm vizede muaf \u00fclkenin vatanda\u015f\u0131n\u0131n alabilece\u011fi vize t\u00fcr\u00fcd\u00fcr.<strong> ETA<\/strong>, pasaport sistemsel olarak elektronik \u015fekilde i\u015flenmektedir. Pasaportun s\u00fcresine ba\u011fl\u0131 ya da verilen vize s\u00fcresi ba\u011fl\u0131 olarak, 5 y\u0131la ya da pasaport ge\u00e7erlili\u011fi sona erene kadar ge\u00e7erli. Ge\u00e7erlili\u011fi devam eden bir ETA le, k\u0131sa s\u00fcre seyahat i\u00e7in istenilen zamanda Kanada&#8217;ya giri\u015f yapabilir, giri\u015f yapt\u0131\u011f\u0131 tarihten itibaren &#8220;devaml\u0131&#8221; olarak en fazla 180 g\u00fcn kalabilirsiniz. ETA al\u0131n\u0131rken verilen bilgi elektronik olarak <strong>Kanada G\u00f6\u00e7men B\u00fcrosu<\/strong>&#8216;na g\u00f6nderilmekte ve <strong>Kanada ETA<\/strong>&#8216; s\u0131 yani e-vize onaylan\u0131rsa, e-posta yolu ile ba\u015fvuran ki\u015fiye bildirilmekte. Kanada Online Vize ba\u015fvurusu i\u00e7in gerekli belgeler; ge\u00e7erli bir pasaport sahibi olmak, banka hesab\u0131na sahip olmak, e-posta adresine sahip olmak gerekmekte. <strong>Kanada e-Vize<\/strong>, yaln\u0131zca hava yolu ile Kanada&#8217;ya giri\u015f yapacak olan, vizede muaf \u00fclkenin vatanda\u015f\u0131 i\u00e7in ge\u00e7erlidir. ETA&#8217; n\u0131z\u0131n onaylanmas\u0131nda sonra pasaportunuz konsoloslu\u011fa yollanmalar\u0131 ve bu e-Vize onay i\u015flemi pasaporta ba\u011flanmas\u0131 gerekmekte. ETA&#8217; ya sahipseniz ve ge\u00e7erlili\u011fi i\u00e7inde yeni bir pasaport \u00e7\u0131kart\u0131rsa, ETA&#8217; n\u0131z\u0131n ge\u00e7erlili\u011fi bitmektedir. Yeni al\u0131nan pasaportlar i\u00e7in yeniden e-Vize i\u015flemini ger\u00e7ekle\u015ftirmek gerekmektedir. Pasaportunuz, Kanada seyahatiniz kapsar nitelikte ve seyahat sonras\u0131 da en az 180 g\u00fcn ge\u00e7erlili\u011fi olmal\u0131.<\/span><\/p>\n<p><span style=\"font-family: Roboto; font-size: 14px;\"><span style=\"color: #2acec2;\"><a style=\"color: #2acec2;\" href=\"https:\/\/www.myvize.com.tr\/kanada\/vize-islemleri\/kanada-vizesi\/\" target=\"_blank\" rel=\"noopener\"><strong>Kanada Vizesi<\/strong> <\/a><\/span>ile ilgili bilgi almak i\u00e7in bizi aray\u0131n\u0131z.<\/span><\/p>\n<h2><strong><span style=\"font-family: Roboto; font-size: 27px;\">Kanada Elektronik Seyahat Belgesi (ETA) Nedir, Nas\u0131l Al\u0131n\u0131r?<\/span><\/strong><\/h2>\n<p><span style=\"font-family: Roboto; font-size: 14px;\">Kanada elektronik seyahat belgeleri (ETA), <strong>Kanada H\u00fck\u00fcmeti<\/strong> vizesiz kabul etti\u011fi \u00fclkenin vatanda\u015f\u0131n\u0131n daha h\u0131zl\u0131 seyahat edebilmesi i\u00e7in \u00e7\u0131karm\u0131\u015f oldu\u011fu seyahat belgesidir. Kanada Elektronik seyahat belgeleri (ETA), u\u00e7akla seyahat edecek ki\u015finin kullanabilmesi i\u00e7in \u00fcretilmi\u015ftir. Kanada\u2019ya seyahat etmek isteyen ki\u015fi, araba, otob\u00fcs, gemi gibi ula\u015f\u0131m arac\u0131n\u0131 tercih ederse elektronik seyahat belgesini al\u0131p alamayaca\u011f\u0131n\u0131 Kanada Konsolosluklar\u0131na dan\u0131\u015fmal\u0131d\u0131r. <strong>Canada Electronc Travel Authorization (ETA)<\/strong>, <strong>Kanada vize<\/strong> zorunlulu\u011fu tabii tutmad\u0131\u011f\u0131 \u00fclke i\u00e7in Kanada ziyaret vize ile ayn\u0131 i\u015flevi g\u00f6rmekte. Kanada elektronik seyahat belgesiyle Kanada\u2019da <strong>turist gezisi<\/strong>, <strong>aile ve arkada\u015f ziyareti<\/strong> yapabilme m\u00fcmk\u00fcnd\u00fcr. Kanada vizesiz seyahat belgeleri ile Kanada\u2019ya 5 y\u0131l boyunca girebilme m\u00fcmk\u00fcnd\u00fcr.<\/span><\/p>\n<p><span style=\"font-family: Roboto; font-size: 14px;\">Kanada elektronik seyahat belgeleri, maksimum 3 g\u00fcn i\u00e7inde sonu\u00e7lanmakta. <strong>Kanada H\u00fck\u00fbmeti<\/strong> sitesinden yap\u0131lan ba\u015fvuru genelde birka\u00e7 dakika i\u00e7inde sonu\u00e7lanmaktad\u0131r.<\/span><\/p>\n<p><span style=\"font-family: Roboto; font-size: 14px;\">Kanada elektronik seyahat belgeleri ba\u015fvurusu yapabilecek \u00fclke vatanda\u015flar\u0131 a\u015fa\u011f\u0131da s\u0131ralanm\u0131\u015ft\u0131r. Bu vatanda\u015flar elektronik seyahat belgelerine ba\u015fvuru ya\u011farak alabileceklerdir. Ba\u015fvuru s\u0131ras\u0131nda gerekli belgeler ve formlar eksiksiz ve do\u011fru \u015fekilde doldurulmal\u0131d\u0131r.<\/span><\/p>\n<ul>\n<li><span style=\"font-family: Roboto; font-size: 14px;\">Andorra<\/span><\/li>\n<li><span style=\"font-family: Roboto; font-size: 14px;\">Avusturya<\/span><\/li>\n<li><span style=\"font-family: Roboto; font-size: 14px;\">Avusturalya<\/span><\/li>\n<li><span style=\"font-family: Roboto; font-size: 14px;\">Barbados<\/span><\/li>\n<li><span style=\"font-family: Roboto; font-size: 14px;\">Bel\u00e7ika<\/span><\/li>\n<li><span style=\"font-family: Roboto; font-size: 14px;\">\u0130ngiltere<\/span><\/li>\n<li><span style=\"font-family: Roboto; font-size: 14px;\">Brunei Darussalam<\/span><\/li>\n<li><span style=\"font-family: Roboto; font-size: 14px;\">Bulgaristan<\/span><\/li>\n<li><span style=\"font-family: Roboto; font-size: 14px;\">\u015eili<\/span><\/li>\n<li><span style=\"font-family: Roboto; font-size: 14px;\">K\u0131br\u0131s<\/span><\/li>\n<li><span style=\"font-family: Roboto; font-size: 14px;\">\u00c7ek Cumhuriyeti<\/span><\/li>\n<li><span style=\"font-family: Roboto; font-size: 14px;\">\u00c7in Halk Cumhuriyeti<\/span><\/li>\n<li><span style=\"font-family: Roboto; font-size: 14px;\">Danimarka<\/span><\/li>\n<li><span style=\"font-family: Roboto; font-size: 14px;\">Estonya<\/span><\/li>\n<li><span style=\"font-family: Roboto; font-size: 14px;\">Finlandiya<\/span><\/li>\n<li><span style=\"font-family: Roboto; font-size: 14px;\">Almanya<\/span><\/li>\n<li><span style=\"font-family: Roboto; font-size: 14px;\">Yunanistan<\/span><\/li>\n<li><span style=\"font-family: Roboto; font-size: 14px;\">Macaristan<\/span><\/li>\n<li><span style=\"font-family: Roboto; font-size: 14px;\">\u0130rlanda<\/span><\/li>\n<li><span style=\"font-family: Roboto; font-size: 14px;\">\u0130talya<\/span><\/li>\n<li><span style=\"font-family: Roboto; font-size: 14px;\">\u0130srail<\/span><\/li>\n<li><span style=\"font-family: Roboto; font-size: 14px;\">Kore Cumhuriyeti<\/span><\/li>\n<li><span style=\"font-family: Roboto; font-size: 14px;\">Letonya<\/span><\/li>\n<li><span style=\"font-family: Roboto; font-size: 14px;\">Lihten\u015ftayn<\/span><\/li>\n<li><span style=\"font-family: Roboto; font-size: 14px;\">L\u00fcksemburg<\/span><\/li>\n<li><span style=\"font-family: Roboto; font-size: 14px;\">Malta<\/span><\/li>\n<li><span style=\"font-family: Roboto; font-size: 14px;\">Meksika<\/span><\/li>\n<li><span style=\"font-family: Roboto; font-size: 14px;\">Hollanda<\/span><\/li>\n<li><span style=\"font-family: Roboto; font-size: 14px;\">Yeni Zelanda<\/span><\/li>\n<li><span style=\"font-family: Roboto; font-size: 14px;\">Papua Yeni Gine<\/span><\/li>\n<li><span style=\"font-family: Roboto; font-size: 14px;\">Polonya<\/span><\/li>\n<li><span style=\"font-family: Roboto; font-size: 14px;\">Portekiz<\/span><\/li>\n<li><span style=\"font-family: Roboto; font-size: 14px;\">Romanya<\/span><\/li>\n<li><span style=\"font-family: Roboto; font-size: 14px;\">Samoa<\/span><\/li>\n<li><span style=\"font-family: Roboto; font-size: 14px;\">San Marino<\/span><\/li>\n<li><span style=\"font-family: Roboto; font-size: 14px;\">Singapur<\/span><\/li>\n<li><span style=\"font-family: Roboto; font-size: 14px;\">Slovenya<\/span><\/li>\n<li><span style=\"font-family: Roboto; font-size: 14px;\">Solomon Adalar\u0131<\/span><\/li>\n<li><span style=\"font-family: Roboto; font-size: 14px;\">\u0130spanya<\/span><\/li>\n<li><span style=\"font-family: Roboto; font-size: 14px;\">\u0130svi\u00e7re<\/span><\/li>\n<li><span style=\"font-family: Roboto; font-size: 14px;\">Tayvan<\/span><\/li>\n<li><span style=\"font-family: Roboto; font-size: 14px;\">Vatikan \u015eehir Devleti<\/span><\/li>\n<\/ul>\n<p><span style=\"font-family: Roboto; font-size: 14px;\"><span style=\"color: #2acec2;\"><strong><a style=\"color: #2acec2;\" href=\"https:\/\/www.myvize.com.tr\/kanada\/vize-islemleri\/kanada-turistik-vize\/\" target=\"_blank\" rel=\"noopener\">Kanada Turistik Vize<\/a><\/strong><\/span> ile ilgili bilgi almak i\u00e7in bizi aray\u0131n\u0131z.<\/span><\/p>\n","protected":false},"excerpt":{"rendered":"<p>Kanada e-vize veren \u00fclkeden biridir. Kanada e-vize yani Kanada Online Vizesi, ETA olarak ge\u00e7mekte. ETA (Electronic Travel Authorzation), Kanada H\u00fck\u00fbmeti 2021 y\u0131l\u0131nda ge\u00e7i\u015f yapt\u0131\u011f\u0131 elektronik vize t\u00fcr\u00fc. ETA, Kanada&#8217;ya hava yolu ile seyahat edecek olan t\u00fcm vizede muaf \u00fclkenin vatanda\u015f\u0131n\u0131n alabilece\u011fi vize t\u00fcr\u00fcd\u00fcr. ETA, pasaport sistemsel olarak elektronik \u015fekilde i\u015flenmektedir. Pasaportun s\u00fcresine ba\u011fl\u0131 ya da<\/p>\n","protected":false},"author":1,"featured_media":0,"parent":0,"menu_order":0,"comment_status":"open","ping_status":"closed","template":"","meta":{"footnotes":""},"class_list":["post-175","page","type-page","status-publish","hentry"],"yoast_head":"<!-- This site is optimized with the Yoast SEO plugin v24.0 - https:\/\/yoast.com\/wordpress\/plugins\/seo\/ -->\n<title>Kanada ETA: Nedir? - ETA \u00dclkeleri - MyVize<\/title>\n<meta name=\"description\" content=\"Kanada elektronik seyahat belgeleri (ETA), Kanada H\u00fck\u00fcmeti vizesiz kabul etti\u011fi \u00fclkenin vatanda\u015f\u0131n\u0131n daha h\u0131zl\u0131 seyahat edebilmesi i\u00e7in...\" \/>\n<meta name=\"robots\" content=\"index, follow, max-snippet:-1, max-image-preview:large, max-video-preview:-1\" \/>\n<link rel=\"canonical\" href=\"https:\/\/www.myvize.com.tr\/kanada\/eta\/\" \/>\n<meta property=\"og:locale\" content=\"tr_TR\" \/>\n<meta property=\"og:type\" content=\"article\" \/>\n<meta property=\"og:title\" content=\"Kanada ETA: Nedir? - ETA \u00dclkeleri - MyVize\" \/>\n<meta property=\"og:description\" content=\"Kanada elektronik seyahat belgeleri (ETA), Kanada H\u00fck\u00fcmeti vizesiz kabul etti\u011fi \u00fclkenin vatanda\u015f\u0131n\u0131n daha h\u0131zl\u0131 seyahat edebilmesi i\u00e7in...\" \/>\n<meta property=\"og:url\" content=\"https:\/\/www.myvize.com.tr\/kanada\/eta\/\" \/>\n<meta property=\"og:site_name\" content=\"Kanada Vizesi\" \/>\n<meta property=\"article:modified_time\" content=\"2022-03-26T08:07:01+00:00\" \/>\n<meta name=\"twitter:card\" content=\"summary_large_image\" \/>\n<meta name=\"twitter:label1\" content=\"Tahmini okuma s\u00fcresi\" \/>\n\t<meta name=\"twitter:data1\" content=\"2 dakika\" \/>\n<script type=\"application\/ld+json\" class=\"yoast-schema-graph\">{\"@context\":\"https:\/\/schema.org\",\"@graph\":[{\"@type\":\"WebPage\",\"@id\":\"https:\/\/www.myvize.com.tr\/kanada\/eta\/\",\"url\":\"https:\/\/www.myvize.com.tr\/kanada\/eta\/\",\"name\":\"Kanada ETA: Nedir? - ETA \u00dclkeleri - MyVize\",\"isPartOf\":{\"@id\":\"https:\/\/www.myvize.com.tr\/kanada\/#website\"},\"datePublished\":\"2020-12-22T12:27:20+00:00\",\"dateModified\":\"2022-03-26T08:07:01+00:00\",\"description\":\"Kanada elektronik seyahat belgeleri (ETA), Kanada H\u00fck\u00fcmeti vizesiz kabul etti\u011fi \u00fclkenin vatanda\u015f\u0131n\u0131n daha h\u0131zl\u0131 seyahat edebilmesi i\u00e7in...\",\"breadcrumb\":{\"@id\":\"https:\/\/www.myvize.com.tr\/kanada\/eta\/#breadcrumb\"},\"inLanguage\":\"tr\",\"potentialAction\":[{\"@type\":\"ReadAction\",\"target\":[\"https:\/\/www.myvize.com.tr\/kanada\/eta\/\"]}]},{\"@type\":\"BreadcrumbList\",\"@id\":\"https:\/\/www.myvize.com.tr\/kanada\/eta\/#breadcrumb\",\"itemListElement\":[{\"@type\":\"ListItem\",\"position\":1,\"name\":\"Anasayfa\",\"item\":\"https:\/\/www.myvize.com.tr\/kanada\/\"},{\"@type\":\"ListItem\",\"position\":2,\"name\":\"KANADA ETA\"}]},{\"@type\":\"WebSite\",\"@id\":\"https:\/\/www.myvize.com.tr\/kanada\/#website\",\"url\":\"https:\/\/www.myvize.com.tr\/kanada\/\",\"name\":\"Kanada Vizesi\",\"description\":\"\",\"potentialAction\":[{\"@type\":\"SearchAction\",\"target\":{\"@type\":\"EntryPoint\",\"urlTemplate\":\"https:\/\/www.myvize.com.tr\/kanada\/?s={search_term_string}\"},\"query-input\":{\"@type\":\"PropertyValueSpecification\",\"valueRequired\":true,\"valueName\":\"search_term_string\"}}],\"inLanguage\":\"tr\"}]}<\/script>\n<!-- \/ Yoast SEO plugin. -->","yoast_head_json":{"title":"Kanada ETA: Nedir? - ETA \u00dclkeleri - MyVize","description":"Kanada elektronik seyahat belgeleri (ETA), Kanada H\u00fck\u00fcmeti vizesiz kabul etti\u011fi \u00fclkenin vatanda\u015f\u0131n\u0131n daha h\u0131zl\u0131 seyahat edebilmesi i\u00e7in...","robots":{"index":"index","follow":"follow","max-snippet":"max-snippet:-1","max-image-preview":"max-image-preview:large","max-video-preview":"max-video-preview:-1"},"canonical":"https:\/\/www.myvize.com.tr\/kanada\/eta\/","og_locale":"tr_TR","og_type":"article","og_title":"Kanada ETA: Nedir? - ETA \u00dclkeleri - MyVize","og_description":"Kanada elektronik seyahat belgeleri (ETA), Kanada H\u00fck\u00fcmeti vizesiz kabul etti\u011fi \u00fclkenin vatanda\u015f\u0131n\u0131n daha h\u0131zl\u0131 seyahat edebilmesi i\u00e7in...","og_url":"https:\/\/www.myvize.com.tr\/kanada\/eta\/","og_site_name":"Kanada Vizesi","article_modified_time":"2022-03-26T08:07:01+00:00","twitter_card":"summary_large_image","twitter_misc":{"Tahmini okuma s\u00fcresi":"2 dakika"},"schema":{"@context":"https:\/\/schema.org","@graph":[{"@type":"WebPage","@id":"https:\/\/www.myvize.com.tr\/kanada\/eta\/","url":"https:\/\/www.myvize.com.tr\/kanada\/eta\/","name":"Kanada ETA: Nedir? - ETA \u00dclkeleri - MyVize","isPartOf":{"@id":"https:\/\/www.myvize.com.tr\/kanada\/#website"},"datePublished":"2020-12-22T12:27:20+00:00","dateModified":"2022-03-26T08:07:01+00:00","description":"Kanada elektronik seyahat belgeleri (ETA), Kanada H\u00fck\u00fcmeti vizesiz kabul etti\u011fi \u00fclkenin vatanda\u015f\u0131n\u0131n daha h\u0131zl\u0131 seyahat edebilmesi i\u00e7in...","breadcrumb":{"@id":"https:\/\/www.myvize.com.tr\/kanada\/eta\/#breadcrumb"},"inLanguage":"tr","potentialAction":[{"@type":"ReadAction","target":["https:\/\/www.myvize.com.tr\/kanada\/eta\/"]}]},{"@type":"BreadcrumbList","@id":"https:\/\/www.myvize.com.tr\/kanada\/eta\/#breadcrumb","itemListElement":[{"@type":"ListItem","position":1,"name":"Anasayfa","item":"https:\/\/www.myvize.com.tr\/kanada\/"},{"@type":"ListItem","position":2,"name":"KANADA ETA"}]},{"@type":"WebSite","@id":"https:\/\/www.myvize.com.tr\/kanada\/#website","url":"https:\/\/www.myvize.com.tr\/kanada\/","name":"Kanada Vizesi","description":"","potentialAction":[{"@type":"SearchAction","target":{"@type":"EntryPoint","urlTemplate":"https:\/\/www.myvize.com.tr\/kanada\/?s={search_term_string}"},"query-input":{"@type":"PropertyValueSpecification","valueRequired":true,"valueName":"search_term_string"}}],"inLanguage":"tr"}]}},"_links":{"self":[{"href":"https:\/\/www.myvize.com.tr\/kanada\/wp-json\/wp\/v2\/pages\/175","targetHints":{"allow":["GET"]}}],"collection":[{"href":"https:\/\/www.myvize.com.tr\/kanada\/wp-json\/wp\/v2\/pages"}],"about":[{"href":"https:\/\/www.myvize.com.tr\/kanada\/wp-json\/wp\/v2\/types\/page"}],"author":[{"embeddable":true,"href":"https:\/\/www.myvize.com.tr\/kanada\/wp-json\/wp\/v2\/users\/1"}],"replies":[{"embeddable":true,"href":"https:\/\/www.myvize.com.tr\/kanada\/wp-json\/wp\/v2\/comments?post=175"}],"version-history":[{"count":4,"href":"https:\/\/www.myvize.com.tr\/kanada\/wp-json\/wp\/v2\/pages\/175\/revisions"}],"predecessor-version":[{"id":718,"href":"https:\/\/www.myvize.com.tr\/kanada\/wp-json\/wp\/v2\/pages\/175\/revisions\/718"}],"wp:attachment":[{"href":"https:\/\/www.myvize.com.tr\/kanada\/wp-json\/wp\/v2\/media?parent=175"}],"curies":[{"name":"wp","href":"https:\/\/api.w.org\/{rel}","templated":true}]}}