{"id":18,"date":"2020-11-30T08:50:13","date_gmt":"2020-11-30T05:50:13","guid":{"rendered":"https:\/\/www.myvize.com.tr\/kanada\/?page_id=18"},"modified":"2022-12-27T20:44:00","modified_gmt":"2022-12-27T17:44:00","slug":"vize-islemleri","status":"publish","type":"page","link":"https:\/\/www.myvize.com.tr\/kanada\/vize-islemleri\/","title":{"rendered":"V\u0130ZE \u0130\u015eLEMLER\u0130"},"content":{"rendered":"\r\n<p><span style=\"font-family: Roboto; font-size: 14px;\">T\u00fcrkiye Cumhuriyeti vatanda\u015flar\u0131, Kanada \u00fclkesine seyahat edebilmeleri i\u00e7in seyahatin amac\u0131na g\u00f6re k\u0131sa s\u00fcreli ya da uzun s\u00fcreli vize kategorisinde yer alan vizelerden birini olarak seyahatlerini ger\u00e7ekle\u015ftirebilirler.<\/span><\/p>\r\n<p><span style=\"font-family: Roboto; font-size: 14px;\">\r\n\r\n<\/span><\/p>\r\n<p><span style=\"font-family: Roboto; font-size: 14px;\">Kanada vizesi alabilmek i\u00e7in \u00f6ncelikle T\u00fcrkiye\u2019de resmi temsilcilik olarak hizmet sunan Kanada B\u00fcy\u00fckel\u00e7ili\u011fi\u2019ne hitaben dilek\u00e7e yaz\u0131lmal\u0131 ve dilek\u00e7e i\u00e7eri\u011finde seyahatin amac\u0131, seyahatin s\u00fcresi, seyahat bittikten sonra tekrar T\u00fcrkiye\u2019ye d\u00f6n\u00fclece\u011finin ve seyahat masraflar\u0131n\u0131n kar\u015f\u0131lanaca\u011f\u0131n\u0131n taahh\u00fct etmeleri gerekiyor.<\/span><\/p>\r\n<p><span style=\"font-family: Roboto; font-size: 14px;\">\r\n\r\n<\/span><\/p>\r\n<p><span style=\"font-family: Roboto; font-size: 14px;\">Kanada vize i\u015flemleri yap\u0131l\u0131rken mutlaka B\u00fcy\u00fckel\u00e7ilik taraf\u0131ndan vize al\u0131nabilmesi i\u00e7in haz\u0131rlanmas\u0131 gereken evrak ve belgelerin resmi prosed\u00fcrlere uygun olarak tanzim edilmesi ve eksik herhangi bir belge bulunmamas\u0131, belgelerde yaz\u0131lan bilgilerin ba\u015fvuru sahibine ait do\u011fru bilgiler olmas\u0131 zorunludur. Aksi takdirde ba\u015fvurunun reddedilmesi sonucu ortaya \u00e7\u0131kacakt\u0131r.<\/span><span style=\"font-family: Roboto; font-size: 14px;\"><\/span><\/p>\r\n<p><img decoding=\"async\" src=\"https:\/\/www.myvize.com.tr\/kanada\/wp-content\/uploads\/2021\/09\/4.jpg\" \/><\/p>\r\n<h2><span style=\"font-family: Roboto; font-size: 27px;\"><strong>Kanada Vizesi \u00c7e\u015fitleri<\/strong><\/span><\/h2>\r\n<p><span style=\"font-family: Roboto; font-size: 14px;\">\r\n\r\n<\/span><\/p>\r\n<p><span style=\"font-family: Roboto; font-size: 14px;\">Kanada vizesi alabilmek i\u00e7in k\u0131sa s\u00fcreli vizeler ya da uzun s\u00fcreli vize t\u00fcrlerinden birisi talep edilerek resmi i\u015flemler ba\u015flat\u0131lmal\u0131d\u0131r. K\u0131sa d\u00f6nem ve uzun vize kategorisinde yer alan vizeler ise \u015funlard\u0131r:<\/span><\/p>\r\n<p><span style=\"font-family: Roboto; font-size: 14px;\">\r\n\r\n<\/span><\/p>\r\n<p><span style=\"font-family: Roboto; font-size: 14px;\">l Kanada Turistik Vizesi<\/span><\/p>\r\n<p><span style=\"font-family: Roboto; font-size: 14px;\">\r\n\r\n<\/span><\/p>\r\n<p><span style=\"font-family: Roboto; font-size: 14px;\">l Kanada \u00d6\u011frenci Vizesi (\u00f6\u011frenci vizesi, k\u0131sa d\u00f6nem ve uzun d\u00f6nem olmak \u00fczere ikiye ayr\u0131l\u0131r.)<\/span><\/p>\r\n<p><span style=\"font-family: Roboto; font-size: 14px;\">\r\n\r\n<\/span><\/p>\r\n<p><span style=\"font-family: Roboto; font-size: 14px;\">l Kanada Aile Ziyareti Vizesi<\/span><\/p>\r\n<p><span style=\"font-family: Roboto; font-size: 14px;\">\r\n\r\n<\/span><\/p>\r\n<p><span style=\"font-family: Roboto; font-size: 14px;\">l Kanada Arkada\u015f Ziyareti Vizesi<\/span><\/p>\r\n<p><span style=\"font-family: Roboto; font-size: 14px;\">\r\n\r\n<\/span><\/p>\r\n<p><span style=\"font-family: Roboto; font-size: 14px;\">l Kanada Transit Vize<\/span><\/p>\r\n<p><span style=\"font-family: Roboto; font-size: 14px;\">\r\n\r\n<\/span><\/p>\r\n<p><span style=\"font-family: Roboto; font-size: 14px;\">l Kanada Ticari Vize<\/span><\/p>\r\n<p><span style=\"font-family: Roboto; font-size: 14px;\">\r\n\r\n<\/span><\/p>\r\n<p><span style=\"font-family: Roboto; font-size: 14px;\">l Kanada Oturum \u0130zni<\/span><\/p>\r\n<p><span style=\"font-family: Roboto; font-size: 14px;\">\r\n\r\n<\/span><\/p>\r\n<p><span style=\"font-family: Roboto; font-size: 14px;\">l Kanada Vatanda\u015fl\u0131k<\/span><\/p>\r\n<p><span style=\"font-family: Roboto; font-size: 14px;\">\r\n\r\n<\/span><\/p>\r\n<p><span style=\"font-family: Roboto; font-size: 14px;\">Vize \u00e7e\u015fitleri ile seyahatiniz i\u00e7in gerekli t\u00fcm evraklar\u0131 haz\u0131rlama imk\u00e2n\u0131 elde edebilirsiniz.<\/span><\/p>\r\n<p><span style=\"font-family: Roboto; font-size: 14px;\">\r\n\r\n<\/span><\/p>\r\n<h2><span style=\"font-family: Roboto; font-size: 27px;\"><strong>Kanada Vizesi Ka\u00e7 G\u00fcnde Sonu\u00e7lan\u0131r?<\/strong><\/span><\/h2>\r\n<p><span style=\"font-family: Roboto; font-size: 14px;\">\r\n\r\n<\/span><\/p>\r\n<p><span style=\"font-family: Roboto; font-size: 14px;\">Kanada vizesi alabilmek i\u00e7in vize i\u00e7in gerekli olan evrak ve belgelerin, resmi usullere g\u00f6re tanzim edilmesinden sonra Kanada Ankara B\u00fcy\u00fckel\u00e7ili\u011fi\u2019ne teslim edilir. T\u00fcm evrak ve belgeler Kanada B\u00fcy\u00fckel\u00e7ili\u011fi taraf\u0131ndan de\u011ferlendirilir. Genellikle Kanada vize ba\u015fvurular\u0131, 10-12 i\u015f g\u00fcn\u00fc i\u00e7erisinde de\u011ferlendirilerek neticelendirilir. Ancak eksik evrak bulunmas\u0131 veya yetkililer taraf\u0131ndan ek evrak talep edilmesi halinde belirtilen bu s\u00fcre\u00e7 uzayabilir. Bununla birlikte vize ba\u015fvurusunun resmi tatillere denk gelmesi, b\u00fcy\u00fckel\u00e7ili\u011fin yo\u011funlu\u011fu gibi durumlarda vize ba\u015fvurusunu de\u011ferlendirme s\u00fcresi 30 i\u015f g\u00fcn\u00fcne kadar uzayabilir.<\/span><\/p>\r\n","protected":false},"excerpt":{"rendered":"<p>T\u00fcrkiye Cumhuriyeti vatanda\u015flar\u0131, Kanada \u00fclkesine seyahat edebilmeleri i\u00e7in seyahatin amac\u0131na g\u00f6re k\u0131sa s\u00fcreli ya da uzun s\u00fcreli vize kategorisinde yer alan vizelerden birini olarak seyahatlerini ger\u00e7ekle\u015ftirebilirler. Kanada vizesi alabilmek i\u00e7in \u00f6ncelikle T\u00fcrkiye\u2019de resmi temsilcilik olarak hizmet sunan Kanada B\u00fcy\u00fckel\u00e7ili\u011fi\u2019ne hitaben dilek\u00e7e yaz\u0131lmal\u0131 ve dilek\u00e7e i\u00e7eri\u011finde seyahatin amac\u0131, seyahatin s\u00fcresi, seyahat bittikten sonra tekrar T\u00fcrkiye\u2019ye d\u00f6n\u00fclece\u011finin<\/p>\n","protected":false},"author":1,"featured_media":0,"parent":0,"menu_order":0,"comment_status":"open","ping_status":"closed","template":"","meta":{"footnotes":""},"class_list":["post-18","page","type-page","status-publish","hentry"],"yoast_head":"<!-- This site is optimized with the Yoast SEO plugin v24.0 - https:\/\/yoast.com\/wordpress\/plugins\/seo\/ -->\n<title>Kanada Vize \u0130\u015flemleri - Kanada Vizesi - MyVize<\/title>\n<meta name=\"description\" content=\"Kanada Vize \u0130\u015flemleri Nelerdir? Kanada Vize \u0130\u015flemleri \u0130\u00e7in Gerekli Evraklar Nelerdir? Bilgi \u0130\u00e7in Vize Uzmanlar\u0131m\u0131z\u0131 Aray\u0131n: 0850 346 84 93\" \/>\n<meta name=\"robots\" content=\"index, follow, max-snippet:-1, max-image-preview:large, max-video-preview:-1\" \/>\n<link rel=\"canonical\" href=\"https:\/\/www.myvize.com.tr\/kanada\/vize-islemleri\/\" \/>\n<meta property=\"og:locale\" content=\"tr_TR\" \/>\n<meta property=\"og:type\" content=\"article\" \/>\n<meta property=\"og:title\" content=\"Kanada Vize \u0130\u015flemleri - Kanada Vizesi - MyVize\" \/>\n<meta property=\"og:description\" content=\"Kanada Vize \u0130\u015flemleri Nelerdir? Kanada Vize \u0130\u015flemleri \u0130\u00e7in Gerekli Evraklar Nelerdir? Bilgi \u0130\u00e7in Vize Uzmanlar\u0131m\u0131z\u0131 Aray\u0131n: 0850 346 84 93\" \/>\n<meta property=\"og:url\" content=\"https:\/\/www.myvize.com.tr\/kanada\/vize-islemleri\/\" \/>\n<meta property=\"og:site_name\" content=\"Kanada Vizesi\" \/>\n<meta property=\"article:modified_time\" content=\"2022-12-27T17:44:00+00:00\" \/>\n<meta property=\"og:image\" content=\"https:\/\/www.myvize.com.tr\/kanada\/wp-content\/uploads\/2021\/09\/4.jpg\" \/>\n<meta name=\"twitter:card\" content=\"summary_large_image\" \/>\n<meta name=\"twitter:label1\" content=\"Tahmini okuma s\u00fcresi\" \/>\n\t<meta name=\"twitter:data1\" content=\"2 dakika\" \/>\n<script type=\"application\/ld+json\" class=\"yoast-schema-graph\">{\"@context\":\"https:\/\/schema.org\",\"@graph\":[{\"@type\":\"WebPage\",\"@id\":\"https:\/\/www.myvize.com.tr\/kanada\/vize-islemleri\/\",\"url\":\"https:\/\/www.myvize.com.tr\/kanada\/vize-islemleri\/\",\"name\":\"Kanada Vize \u0130\u015flemleri - Kanada Vizesi - MyVize\",\"isPartOf\":{\"@id\":\"https:\/\/www.myvize.com.tr\/kanada\/#website\"},\"primaryImageOfPage\":{\"@id\":\"https:\/\/www.myvize.com.tr\/kanada\/vize-islemleri\/#primaryimage\"},\"image\":{\"@id\":\"https:\/\/www.myvize.com.tr\/kanada\/vize-islemleri\/#primaryimage\"},\"thumbnailUrl\":\"https:\/\/www.myvize.com.tr\/kanada\/wp-content\/uploads\/2021\/09\/4.jpg\",\"datePublished\":\"2020-11-30T05:50:13+00:00\",\"dateModified\":\"2022-12-27T17:44:00+00:00\",\"description\":\"Kanada Vize \u0130\u015flemleri Nelerdir? Kanada Vize \u0130\u015flemleri \u0130\u00e7in Gerekli Evraklar Nelerdir? Bilgi \u0130\u00e7in Vize Uzmanlar\u0131m\u0131z\u0131 Aray\u0131n: 0850 346 84 93\",\"breadcrumb\":{\"@id\":\"https:\/\/www.myvize.com.tr\/kanada\/vize-islemleri\/#breadcrumb\"},\"inLanguage\":\"tr\",\"potentialAction\":[{\"@type\":\"ReadAction\",\"target\":[\"https:\/\/www.myvize.com.tr\/kanada\/vize-islemleri\/\"]}]},{\"@type\":\"ImageObject\",\"inLanguage\":\"tr\",\"@id\":\"https:\/\/www.myvize.com.tr\/kanada\/vize-islemleri\/#primaryimage\",\"url\":\"https:\/\/www.myvize.com.tr\/kanada\/wp-content\/uploads\/2021\/09\/4.jpg\",\"contentUrl\":\"https:\/\/www.myvize.com.tr\/kanada\/wp-content\/uploads\/2021\/09\/4.jpg\",\"width\":800,\"height\":500,\"caption\":\"Kanada Vize \u0130\u015flemleri\"},{\"@type\":\"BreadcrumbList\",\"@id\":\"https:\/\/www.myvize.com.tr\/kanada\/vize-islemleri\/#breadcrumb\",\"itemListElement\":[{\"@type\":\"ListItem\",\"position\":1,\"name\":\"Anasayfa\",\"item\":\"https:\/\/www.myvize.com.tr\/kanada\/\"},{\"@type\":\"ListItem\",\"position\":2,\"name\":\"V\u0130ZE \u0130\u015eLEMLER\u0130\"}]},{\"@type\":\"WebSite\",\"@id\":\"https:\/\/www.myvize.com.tr\/kanada\/#website\",\"url\":\"https:\/\/www.myvize.com.tr\/kanada\/\",\"name\":\"Kanada Vizesi\",\"description\":\"\",\"potentialAction\":[{\"@type\":\"SearchAction\",\"target\":{\"@type\":\"EntryPoint\",\"urlTemplate\":\"https:\/\/www.myvize.com.tr\/kanada\/?s={search_term_string}\"},\"query-input\":{\"@type\":\"PropertyValueSpecification\",\"valueRequired\":true,\"valueName\":\"search_term_string\"}}],\"inLanguage\":\"tr\"}]}<\/script>\n<!-- \/ Yoast SEO plugin. -->","yoast_head_json":{"title":"Kanada Vize \u0130\u015flemleri - Kanada Vizesi - MyVize","description":"Kanada Vize \u0130\u015flemleri Nelerdir? Kanada Vize \u0130\u015flemleri \u0130\u00e7in Gerekli Evraklar Nelerdir? Bilgi \u0130\u00e7in Vize Uzmanlar\u0131m\u0131z\u0131 Aray\u0131n: 0850 346 84 93","robots":{"index":"index","follow":"follow","max-snippet":"max-snippet:-1","max-image-preview":"max-image-preview:large","max-video-preview":"max-video-preview:-1"},"canonical":"https:\/\/www.myvize.com.tr\/kanada\/vize-islemleri\/","og_locale":"tr_TR","og_type":"article","og_title":"Kanada Vize \u0130\u015flemleri - Kanada Vizesi - MyVize","og_description":"Kanada Vize \u0130\u015flemleri Nelerdir? Kanada Vize \u0130\u015flemleri \u0130\u00e7in Gerekli Evraklar Nelerdir? Bilgi \u0130\u00e7in Vize Uzmanlar\u0131m\u0131z\u0131 Aray\u0131n: 0850 346 84 93","og_url":"https:\/\/www.myvize.com.tr\/kanada\/vize-islemleri\/","og_site_name":"Kanada Vizesi","article_modified_time":"2022-12-27T17:44:00+00:00","og_image":[{"url":"https:\/\/www.myvize.com.tr\/kanada\/wp-content\/uploads\/2021\/09\/4.jpg","type":"","width":"","height":""}],"twitter_card":"summary_large_image","twitter_misc":{"Tahmini okuma s\u00fcresi":"2 dakika"},"schema":{"@context":"https:\/\/schema.org","@graph":[{"@type":"WebPage","@id":"https:\/\/www.myvize.com.tr\/kanada\/vize-islemleri\/","url":"https:\/\/www.myvize.com.tr\/kanada\/vize-islemleri\/","name":"Kanada Vize \u0130\u015flemleri - Kanada Vizesi - MyVize","isPartOf":{"@id":"https:\/\/www.myvize.com.tr\/kanada\/#website"},"primaryImageOfPage":{"@id":"https:\/\/www.myvize.com.tr\/kanada\/vize-islemleri\/#primaryimage"},"image":{"@id":"https:\/\/www.myvize.com.tr\/kanada\/vize-islemleri\/#primaryimage"},"thumbnailUrl":"https:\/\/www.myvize.com.tr\/kanada\/wp-content\/uploads\/2021\/09\/4.jpg","datePublished":"2020-11-30T05:50:13+00:00","dateModified":"2022-12-27T17:44:00+00:00","description":"Kanada Vize \u0130\u015flemleri Nelerdir? Kanada Vize \u0130\u015flemleri \u0130\u00e7in Gerekli Evraklar Nelerdir? Bilgi \u0130\u00e7in Vize Uzmanlar\u0131m\u0131z\u0131 Aray\u0131n: 0850 346 84 93","breadcrumb":{"@id":"https:\/\/www.myvize.com.tr\/kanada\/vize-islemleri\/#breadcrumb"},"inLanguage":"tr","potentialAction":[{"@type":"ReadAction","target":["https:\/\/www.myvize.com.tr\/kanada\/vize-islemleri\/"]}]},{"@type":"ImageObject","inLanguage":"tr","@id":"https:\/\/www.myvize.com.tr\/kanada\/vize-islemleri\/#primaryimage","url":"https:\/\/www.myvize.com.tr\/kanada\/wp-content\/uploads\/2021\/09\/4.jpg","contentUrl":"https:\/\/www.myvize.com.tr\/kanada\/wp-content\/uploads\/2021\/09\/4.jpg","width":800,"height":500,"caption":"Kanada Vize \u0130\u015flemleri"},{"@type":"BreadcrumbList","@id":"https:\/\/www.myvize.com.tr\/kanada\/vize-islemleri\/#breadcrumb","itemListElement":[{"@type":"ListItem","position":1,"name":"Anasayfa","item":"https:\/\/www.myvize.com.tr\/kanada\/"},{"@type":"ListItem","position":2,"name":"V\u0130ZE \u0130\u015eLEMLER\u0130"}]},{"@type":"WebSite","@id":"https:\/\/www.myvize.com.tr\/kanada\/#website","url":"https:\/\/www.myvize.com.tr\/kanada\/","name":"Kanada Vizesi","description":"","potentialAction":[{"@type":"SearchAction","target":{"@type":"EntryPoint","urlTemplate":"https:\/\/www.myvize.com.tr\/kanada\/?s={search_term_string}"},"query-input":{"@type":"PropertyValueSpecification","valueRequired":true,"valueName":"search_term_string"}}],"inLanguage":"tr"}]}},"_links":{"self":[{"href":"https:\/\/www.myvize.com.tr\/kanada\/wp-json\/wp\/v2\/pages\/18","targetHints":{"allow":["GET"]}}],"collection":[{"href":"https:\/\/www.myvize.com.tr\/kanada\/wp-json\/wp\/v2\/pages"}],"about":[{"href":"https:\/\/www.myvize.com.tr\/kanada\/wp-json\/wp\/v2\/types\/page"}],"author":[{"embeddable":true,"href":"https:\/\/www.myvize.com.tr\/kanada\/wp-json\/wp\/v2\/users\/1"}],"replies":[{"embeddable":true,"href":"https:\/\/www.myvize.com.tr\/kanada\/wp-json\/wp\/v2\/comments?post=18"}],"version-history":[{"count":6,"href":"https:\/\/www.myvize.com.tr\/kanada\/wp-json\/wp\/v2\/pages\/18\/revisions"}],"predecessor-version":[{"id":1246,"href":"https:\/\/www.myvize.com.tr\/kanada\/wp-json\/wp\/v2\/pages\/18\/revisions\/1246"}],"wp:attachment":[{"href":"https:\/\/www.myvize.com.tr\/kanada\/wp-json\/wp\/v2\/media?parent=18"}],"curies":[{"name":"wp","href":"https:\/\/api.w.org\/{rel}","templated":true}]}}