{"id":186,"date":"2020-12-22T15:37:23","date_gmt":"2020-12-22T12:37:23","guid":{"rendered":"https:\/\/www.myvize.com.tr\/kanada\/?page_id=186"},"modified":"2022-12-19T21:12:51","modified_gmt":"2022-12-19T18:12:51","slug":"uzun-sureli-ogrenci-vizesi","status":"publish","type":"page","link":"https:\/\/www.myvize.com.tr\/kanada\/ogrenci\/uzun-sureli-ogrenci-vizesi\/","title":{"rendered":"Kanada Uzun S\u00fcreli \u00d6\u011frenci Vizesi"},"content":{"rendered":"<h2><span style=\"font-family: Roboto; font-size: 27px;\"><strong>Kanada Uzun S\u00fcreli \u00d6\u011frenci Vizesi 2022<\/strong><\/span><\/h2>\n<p><span style=\"font-family: Roboto; font-size: 14px;\"><strong>Kanada&#8217;da 180 g\u00fcnden<\/strong> daha uzun s\u00fcre kalarak e\u011fitimler alacak olan ki\u015fiye verilen vize t\u00fcr\u00fcd\u00fcr. Uzun s\u00fcre Kanada \u00f6\u011frenci vizeleri Kanada&#8217;da iken uzat\u0131labilmektedir. \u00c7ok giri\u015f \u015feklinde verilmekte.<strong> Kanada\u2019da \u00fcniversite e\u011fitimi<\/strong> alan \u00f6\u011frenciye ileriye d\u00f6n\u00fck vatanda\u015fl\u0131k hakk\u0131 sunulabilmekte.<\/span><br \/>\n<span style=\"font-family: Roboto; font-size: 14px;\">\u015e\u00f6yle ki;<\/span><br \/>\n<span style=\"font-family: Roboto; font-size: 14px;\">Kanada\u2019da \u00fcniversite okuyacak olan ki\u015filere <strong>Kanada H\u00fck\u00fbmeti<\/strong> \u00f6ncelikle \u00f6\u011frenciye e\u011fitim ald\u0131\u011f\u0131 s\u00fcre boyunca part-time \u00e7al\u0131\u015fmak imk\u00e2n\u0131 sunmaktad\u0131r. Kanada uzun s\u00fcre \u00f6\u011frenci vizesi ba\u015fvurunun ilk \u015fart\u0131 ki\u015filerin Kanada\u2019dan e\u011fitim programa kabul mektubudur.<\/span><br \/>\n<span style=\"font-family: Roboto; font-size: 14px;\">Kanada seyahati boyunca masraf\u0131 sizin ya da sponsoru taraf\u0131ndan kar\u015f\u0131lanaca\u011f\u0131 belirtmelisiniz. Bu durum vize alman\u0131z i\u00e7in \u00e7ok etkilidir. <span style=\"color: #2acec2;\"><strong><a style=\"color: #2acec2;\" href=\"https:\/\/www.myvize.com.tr\/kanada\/vize-islemleri\/kanada-vizesi\/\" target=\"_blank\" rel=\"noopener\">Kanada vizesi<\/a><\/strong><\/span> alabilmek i\u00e7in daha \u00f6nce herhangi bir su\u00e7a kar\u0131\u015f\u0131lmam\u0131\u015f olmas\u0131 gerekmektedir.<\/span><br \/>\n<span style=\"font-family: Roboto; font-size: 14px;\">Kanada uzun s\u00fcre \u00f6\u011frenci vizesi i\u00e7in gerekli belgeleri <strong>Kanada vize uzman\u0131<\/strong> ile ileti\u015fime ge\u00e7erek \u00fccretsiz bir bi\u00e7imde isteyebilirsiniz.<\/span><\/p>\n<p><span style=\"font-size: 16px;\"><strong><span style=\"font-family: Roboto;\">Kanada Uzun S\u00fcre E\u011fitim Vizesi \u0130\u00e7in Gerekli Belge Listesi:<\/span><\/strong><\/span><br \/>\n<span style=\"font-family: Roboto; font-size: 14px;\">Doldurulmas\u0131 Gereken Belgeler.<\/span><br \/>\n<span style=\"font-family: Roboto; font-size: 14px;\">Vize Takip Belgesi.<\/span><br \/>\n<span style=\"font-family: Roboto; font-size: 14px;\">Kanada Vize Ba\u015fvuru Bilgi Formu.<\/span><br \/>\n<span style=\"font-family: Roboto; font-size: 14px;\">Kanada Aile Bilgi Formu.<\/span><br \/>\n<span style=\"font-family: Roboto; font-size: 14px;\">\u015eahsi evraklar;<\/span><br \/>\n<span style=\"font-family: Roboto; font-size: 14px;\">N\u00fcfus C\u00fczdan\u0131 fotokopisi.<\/span><br \/>\n<span style=\"font-family: Roboto; font-size: 14px;\">Pasaport.<\/span><br \/>\n<span style=\"font-family: Roboto; font-size: 14px;\">4 adet biyometrik foto\u011fraf.<\/span><br \/>\n<span style=\"font-family: Roboto; font-size: 14px;\">Tam Vukuatl\u0131 N\u00fcfus Kay\u0131t \u00d6rne\u011fi.<\/span><br \/>\n<span style=\"font-family: Roboto; font-size: 14px;\">\u00d6\u011frenci belgesi.<\/span><br \/>\n<span style=\"font-family: Roboto; font-size: 14px;\">18 ya\u015f alt\u0131 ise Muvafakatname.<\/span><br \/>\n<span style=\"font-family: Roboto; font-size: 14px;\">E\u011fitim alaca\u011f\u0131 kurulu\u015ftan kabul mektup, kabul mektubunda program\u0131n haftal\u0131k ders saatleri, ba\u015flang\u0131\u00e7 ve biti\u015f tarihi, konaklama bilgisi, okul + konaklama \u00fccretiyle ilgili bilgi yer almal\u0131d\u0131r.<\/span><br \/>\n<span style=\"font-family: Roboto; font-size: 14px;\">Okul ve Konaklama \u00f6demesi yap\u0131ld\u0131ysa fatura fotokopileri.<\/span><br \/>\n<span style=\"font-family: Roboto; font-size: 14px;\">Mezun oldu\u011fu okulun transcript.<\/span><br \/>\n<span style=\"font-family: Roboto; font-size: 14px;\">Varsa dil kursu e\u011fitimi sertifikan\u0131z\u0131n fotokopisi.<\/span><br \/>\n<span style=\"font-family: Roboto; font-size: 14px;\">\u0130ngilizce iyi niyeti mektubu.<\/span><\/p>\n<h2><span style=\"font-family: Roboto; font-size: 27px;\"><strong>Kanada Uzun S\u00fcreli \u00d6\u011frenci Vizesi Nedir?<\/strong><\/span><\/h2>\n<p><span style=\"font-family: Roboto; font-size: 14px;\">Bu vize Kanada \u00fclkesine yar\u0131m y\u0131ldan ( 6 ay) daha uzun s\u00fcreli gidecek olan \u00f6\u011frenciler i\u00e7in verilen bir vize \u00e7e\u015fididir, bu vize \u00e7e\u015fidi istenildi\u011fi takdirde uzat\u0131labilir ve\/ veya <strong>Kanada vatanda\u015fl\u0131\u011f\u0131<\/strong> bile verilebilir, uzun s\u00fcreli \u00f6\u011frenci vizesi alarak Kanada&#8217; da okuyan bir \u00f6\u011frenciye <strong>Kanada h\u00fck\u00fcmeti<\/strong> part- time olarak \u00e7al\u0131\u015fma f\u0131rsat\u0131 da sunuyor. \u00d6nlisans, lisans veya y\u00fcksek lisans gibi \u00f6\u011frenim durumlar\u0131ndan dolay\u0131 Kanada&#8217;ya gitmek isteyen \u00f6\u011frenciler Kanada uzun s\u00fcreli \u00f6\u011frenci vizesi nedir sorusuna bir cevap ararlar, b\u00f6ylece bir bilgi birikimi ile vize i\u015flemlerini kolayl\u0131kla yapmak isterler. Kanada uzun s\u00fcreli \u00f6\u011frenci vizesi almak i\u00e7in sicilinizin temiz olmas\u0131 gerekiyor aksi takdirde \u00f6\u011frenci vizesi alamayabilirsiniz.\u00a0<\/span><\/p>\n<h2><span style=\"font-family: Roboto; font-size: 27px;\"><strong>Kanada Uzun S\u00fcreli \u00d6\u011frenci Vizesi Nas\u0131l Al\u0131n\u0131r?<\/strong><\/span><\/h2>\n<p><span style=\"font-family: Roboto; font-size: 14px;\"><strong>Kanada uzun s\u00fcreli \u00f6\u011frenci vizesi<\/strong> alabilmek i\u00e7in 2 tane ba\u015fvuru formunu doldurup yetkili kurumlara ula\u015ft\u0131rmak zorundas\u0131n\u0131z, formlardan ilki &#8220;study permit &#8221; formu, bu form sizin daha \u00f6nceki e\u011fitim alan\u0131nda yapm\u0131\u015f oldu\u011funuz bilgiler yer almaktad\u0131r, bu sebeple bu formu do\u011fru ve d\u00fczg\u00fcn bir \u015fekilde doldurman\u0131z \u00f6nemlidir. \u0130kinci form ise Kanada aile bilgi formudur, bu form sayesinde yetkililer sizin aileniz hakk\u0131nda yeterli bilgiye sahip olurlar, bu nedenle bu iki formu doldururken en ufak bir yanl\u0131\u015fl\u0131k yapmamal\u0131s\u0131n\u0131z,aksi takdirde vize i\u015flemlerinde aksama olmaktad\u0131r ve ayr\u0131ca bu iki formu doldururken bilgisayar ortam\u0131nda yapmal\u0131s\u0131n\u0131z. E\u011fer ki bilgisayar \u00e7\u0131kt\u0131s\u0131nda gerekli bilgiler haricinde herhangi bir yaz\u0131 ve\/ veya i\u015faret olmamas\u0131na da dikkat edilmesi gerekir. Kanada&#8217;da \u00fcniversite e\u011fitimi ald\u0131ktan sonra isterseniz gerekli i\u015flemlerden sonra <span style=\"color: #2acec2;\"><strong><a style=\"color: #2acec2;\" href=\"https:\/\/www.myvize.com.tr\/kanada\/vatandaslik-ve-gocmenlik\/kanada-vatandasligi\/\" target=\"_blank\" rel=\"noopener\">Kanada vatanda\u015fl\u0131\u011f\u0131<\/a><\/strong><\/span> bile alabilir ve Kanada&#8217;da ya\u015fama \u015fans\u0131 elde edebilirsiniz, ancak bunun i\u00e7in \u00f6ncelikle sicilinizin temiz olmas\u0131 ve \u00fcniversite e\u011fitiminizi de sorunsuz bir \u015fekilde tamamlam\u0131\u015f olman\u0131z gerekmektedir ve b\u00f6ylece Kanada&#8217;da ya\u015fama \u015fans\u0131 elde etmeniz kolayla\u015f\u0131r.<strong> Kanada&#8217;da \u00fcniversite e\u011fitimi<\/strong> al\u0131rken part- time olarak \u00e7al\u0131\u015fabilirsiniz ancak bu \u00e7al\u0131\u015fma e\u011fitiminizi olumsuz y\u00f6nden etkiler ise ileride bu durum size zorluklar \u00e7\u0131kar\u0131r, yani part &#8211; time olara<\/span><span style=\"font-family: Roboto; font-size: 14px;\">k \u00e7al\u0131\u015f\u0131rken bir olaya kar\u0131\u015f\u0131p da siciliniz olumsuz y\u00f6nden etkilenir ise ileride Kanada vatanda\u015fl\u0131\u011f\u0131 alman\u0131z zorla\u015f\u0131r.<\/span><\/p>\n<h2><strong><span style=\"font-family: Roboto; font-size: 27px;\">Kanada Uzun S\u00fcreli \u00d6\u011frenci Vizesi Nereden Al\u0131n\u0131r?<\/span><\/strong><\/h2>\n<p><span style=\"font-family: Roboto; font-size: 14px;\">Kanada\u2019da uzun s\u00fcreli \u00f6\u011frenci olmay\u0131 d\u00fc\u015f\u00fcnenler Kanada uzun s\u00fcreli \u00f6\u011frenci vizesi almal\u0131lar. Peki,\u00a0<strong>Kanada uzun s\u00fcreli \u00f6\u011frenci vizesi nereden al\u0131n\u0131r<\/strong>? Hem y\u00fcksek ya\u015fam standard\u0131 hem de e\u011fitim kalitesi ile Kanada, \u00e7o\u011fu \u00f6\u011frencinin ilk tercihlerinden biri olmaktad\u0131r. Bu \u00fclkede y\u00fcz sekseni a\u015fk\u0131n \u00fclkeden \u00fc\u00e7 y\u00fcz binden fazla \u00f6\u011frenci e\u011fitim almaktad\u0131r. Bu yo\u011fun talep kar\u015f\u0131s\u0131nda \u00fclke resmi makamlar\u0131 \u00fcniversite e\u011fitimi g\u00f6rmek i\u00e7in Kanada\u2019ya gelmek isteyen \u00f6\u011frencilerden vize talep etmektedir. \u00dcniversite e\u011fitimini Kanada\u2019da almak isteyen \u00f6\u011frenci adaylar\u0131 Kanada\u2019n\u0131n talep etmi\u015f oldu\u011fu yeterlilikleri iyi ara\u015ft\u0131rmal\u0131 ve bu aranan yeterlilikleri kar\u015f\u0131lay\u0131p kar\u015f\u0131lamad\u0131klar\u0131n\u0131 mutlaka de\u011ferlendirmeliler. Gereken ara\u015ft\u0131rmalar\u0131 yapmayan \u00f6\u011frenciler \u00fcniversitelerden kabul almalar\u0131na kar\u0131\u015f\u0131n gerekli yeterlilikleri sa\u011flamad\u0131klar\u0131ndan \u00f6t\u00fcr\u00fc vize alamamaktalar ve sonu\u00e7 olarak hayal k\u0131r\u0131kl\u0131\u011f\u0131na u\u011framaktalar. Vize s\u00fcrecinin iyi bir \u015fekilde tamamlanmas\u0131 i\u00e7in istenen evraklar\u0131n eksiksiz olarak konsoloslu\u011fa sunulmas\u0131na \u00f6zen g\u00f6stermelisiniz. \u00d6zellikle ba\u015fvuru formunu dikkatlice doldurmaya gayret etmenizde yarar bulunmaktad\u0131r.<\/span><\/p>\n<h2><strong><span style=\"font-family: Roboto; font-size: 27px;\">Kanada Uzun S\u00fcreli \u00d6\u011frenci Vizesi Ka\u00e7 G\u00fcnde \u00c7\u0131kar?<\/span><\/strong><\/h2>\n<p><span style=\"font-family: Roboto; font-size: 14px;\">Kanada \u00fclkesinde uzun zamanl\u0131 \u00f6\u011frenci olmak isteyenler Kanada vizesi ba\u015fvurusu ger\u00e7ekle\u015ftirmeliler. Peki,\u00a0<strong>Kanada uzun s\u00fcreli \u00f6\u011frenci vizesi ka\u00e7 g\u00fcnde \u00e7\u0131kar<\/strong>? Kanada\u2019da \u00fcniversite okumay\u0131 d\u00fc\u015f\u00fcnen \u00f6\u011frencilerin Kanada \u00f6\u011frenci vizesi alabilmeleri amac\u0131 ile ilk olarak Kanada\u2019daki bir okuldan kabul alm\u0131\u015f olmalar\u0131 laz\u0131md\u0131r. Bir okuldan kabul alm\u0131\u015f \u00f6\u011frenciler Kanada konsoloslu\u011fu internet sayfas\u0131 \u00fczerinden ba\u015fvuru ger\u00e7ekle\u015ftirebilirler. Kanada konsolosluk sitesi \u00fczerinden vize ba\u015fvurusu ger\u00e7ekle\u015ftirmeden evvel bir form doldurman\u0131z istenmektedir. Bu formu Frans\u0131zca ya da \u0130ngilizce olarak doldurmal\u0131s\u0131n\u0131z. \u0130lgili form de\u011ferlendirildikten sonra \u00f6\u011frenci vizesi ba\u015fvuru hakk\u0131 elde etmektesiniz. Ard\u0131ndan size bir kod verilmektedir ve bu kod ile hesab\u0131n\u0131z a\u00e7\u0131l\u0131r. Daha sonras\u0131nda t\u00fcm vize s\u00fcrecinizi hesap \u00fczerinden takip etmeniz m\u00fcmk\u00fcn olabilecektir. Vize ba\u015fvurusunda bulunur iken Kanada \u00f6\u011frenci vizesine ba\u015fvurular\u0131n\u0131n a\u011f\u0131rl\u0131kl\u0131 olarak yaz d\u00f6neminde yap\u0131ld\u0131\u011f\u0131n\u0131 ve yan\u0131t s\u00fcrelerinin iki ay\u0131 buldu\u011funu unutmamak gerekir. Ba\u015fvurdu\u011funuz okuldan kabul belgeniz elinize ula\u015ft\u0131\u011f\u0131 zaman \u00e7ok ge\u00e7 olmadan vize i\u015flemlerini ba\u015flatman\u0131zda fayda vard\u0131r. Vize sonu\u00e7lar\u0131 ise maksimum iki ayl\u0131k bir zamanda sonu\u00e7lanabilmektedir.<\/span><\/p>\n<h2><span style=\"font-size: 27px;\"><strong><span style=\"font-family: Roboto;\">Kanada Uzun S\u00fcreli \u00d6\u011frenci Vize Ba\u015fvurusu<\/span><\/strong><\/span><\/h2>\n<p><span style=\"font-family: Roboto; font-size: 14px;\">Kanada \u00fclkesinde uzun zamanl\u0131 olarak \u00f6\u011frenci olacaksan\u0131z,\u00a0<strong>Kanada uzun s\u00fcreli \u00f6\u011frenci vize ba\u015fvurusu<\/strong>\u00a0ger\u00e7ekle\u015ftirmeniz istenir. Bunun i\u00e7in baz\u0131 evraklar\u0131 haz\u0131r etmeniz gerekmektedir. Oradaki okuldan al\u0131nm\u0131\u015f bir kabul mektubu, bu belgeler aras\u0131nda en \u00f6nemlisi olmaktad\u0131r. Di\u011fer \u00f6nemli belgeler aras\u0131nda en az alt\u0131 ay ge\u00e7erli olan bir pasaport, vize ba\u015fvuru formu, yeni \u00e7ekilen d\u00f6rt tane foto\u011fraf, vize ba\u015fvuru \u00fccretini yat\u0131rd\u0131\u011f\u0131n\u0131za dair banka dekontlar\u0131, okul giderleriniz ve ya\u015fam masraflar\u0131n\u0131z\u0131 kar\u015f\u0131layaca\u011f\u0131n\u0131z senelik en az on bin Kanada dolar\u0131 miktar\u0131ndaki finansal yeterlilik belgesi. Bunlara ek olarak ba\u015fka belgeleri de haz\u0131r etmeniz gerekmektedir. \u00dclkedeki e\u011fitim giderlerinizi kar\u015f\u0131layacak sponsorunuza ait maa\u015f bordrosu da laz\u0131md\u0131r. Varsa \u00fczerinize kay\u0131tl\u0131 olan ara\u00e7lar\u0131n tapusunu da iletmelisiniz. \u00dclkedeki \u00fcniversiteyi ve b\u00f6l\u00fcm\u00fc se\u00e7me sebeplerinizi ve \u00fclke sonras\u0131na ait planlar\u0131n\u0131z\u0131 detayl\u0131 bir bi\u00e7imde a\u00e7\u0131klad\u0131\u011f\u0131n\u0131z ve yabanc\u0131 dilde kaleme ald\u0131\u011f\u0131n\u0131z niyet mektubunuzu da kaleme almay\u0131 unutmamal\u0131s\u0131n\u0131z. N\u00fcfus kay\u0131t \u00f6rne\u011fini de belgeler aras\u0131na dahil etmeniz laz\u0131md\u0131r.<\/span><\/p>\n<h3><span style=\"font-family: Roboto; font-size: 24px;\"><strong>Kanada Vizesi \u0130\u00e7in Gerekli Olan Evraklar ?<\/strong><\/span><\/h3>\n<ul>\n<li><span style=\"font-family: Roboto; font-size: 14px;\">Kanada aile bilgi formu ( eksiksiz olarak)<\/span><\/li>\n<li><span style=\"font-family: Roboto; font-size: 14px;\">Kanada vize ba\u015fvuru bilgi formu ( eksiksiz olarak)<\/span><\/li>\n<li><span style=\"font-family: Roboto; font-size: 14px;\">Vize takip \u00e7izelgesi ( imzal\u0131 ve do\u011fru bilgili)<\/span><\/li>\n<li><span style=\"font-family: Roboto; font-size: 14px;\">Pasaport ( s\u00fcresi ge\u00e7memi\u015f)<\/span><\/li>\n<li><span style=\"font-family: Roboto; font-size: 14px;\">N\u00fcfus c\u00fczdan\u0131 fotokopisi<\/span><\/li>\n<li><span style=\"font-family: Roboto; font-size: 14px;\">Tam olarak n\u00fcfus kay\u0131t \u00f6rne\u011fi ( eksiksiz olarak)<\/span><\/li>\n<li><span style=\"font-family: Roboto; font-size: 14px;\">4 tane biyometrik foto\u011fraf ( g\u00fcncel, beyaz fon \u00fczerinde ve 35\u00d7 45 mm ebatlar\u0131nda)<\/span><\/li>\n<li><span style=\"font-family: Roboto; font-size: 14px;\">Orijinal ve g\u00fcncel \u00f6\u011frenci belgesi<\/span><\/li>\n<li><span style=\"font-family: Roboto; font-size: 14px;\">Kabul mektubu<\/span><\/li>\n<li><span style=\"font-family: Roboto; font-size: 14px;\">Re\u015fit de\u011filseniz ise muvafakatname ( noter ve aile onayl\u0131 ve as\u0131l muvafakatname )<\/span><\/li>\n<li><span style=\"font-family: Roboto; font-size: 14px;\">\u00d6deme faturas\u0131n\u0131n fotokopisi<\/span><\/li>\n<li><span style=\"font-family: Roboto; font-size: 14px;\">Var ise dil e\u011fitimi sertifikan\u0131z\u0131n fotokopisi\u00a0<\/span><\/li>\n<li><span style=\"font-family: Roboto; font-size: 14px;\">\u0130yi niyet mektubu ( ingilizce olarak)<\/span><\/li>\n<li><span style=\"font-family: Roboto; font-size: 14px;\">Mezun oldu\u011funuz okulun transkipti\u00a0<\/span><\/li>\n<\/ul>\n<h3><span style=\"font-family: Roboto; font-size: 24px;\"><strong>Kanada Uzun S\u00fcreli \u00d6\u011frenci Vizesi Hakk\u0131nda Di\u011fer Bilgiler<\/strong><\/span><\/h3>\n<p><span style=\"font-family: Roboto; font-size: 14px;\"><strong>Kanada uzun s\u00fcreli \u00f6\u011frenci vizesi<\/strong> almak i\u00e7in har\u00e7 \u00fccreti yat\u0131rman\u0131z gerekir, bu \u00fccret ise de\u011fi\u015fiklik g\u00f6stermekle birlikte yakla\u015f\u0131k olarak iki y\u00fcz dolar civar\u0131ndad\u0131r ve ayr\u0131ca dan\u0131\u015fmanl\u0131k hizmetleri almak istiyorsan\u0131z yakla\u015f\u0131k olarak y\u00fcz dolar civar\u0131nda dan\u0131\u015fmanl\u0131k \u00fccreti \u00f6demek zorundas\u0131n\u0131z, har\u00e7 \u00fccretini \u00f6dedikten sonra dekontu ile birlikte di\u011fer belgeleri Kanada b\u00fcy\u00fckel\u00e7ili\u011fine kargo olarak g\u00f6nderiliyor ancak bundan \u00f6nce pasaportunuz geldi\u011fi zaman ba\u015fvuru merkezine 400-500 TL aras\u0131nda y\u0131llara g\u00f6re de\u011fi\u015fen bir \u00fccret yat\u0131rman\u0131z gerekir, daha sonra i\u015flemleriniz yap\u0131lmaktad\u0131r. Kargoyu g\u00f6nderirken ise al\u0131c\u0131 k\u0131sm\u0131nda Kanada vize ba\u015fvuru merkezi yaz\u0131lmas\u0131 gerekmektedir.<\/span><\/p>\n<p><span style=\"font-family: Roboto; font-size: 14px;\"><strong>Kanada uzun s\u00fcreli \u00f6\u011frenci vizesi ba\u015fvuru<\/strong> yapt\u0131ktan yakla\u015f\u0131k olarak iki hafta sonra ba\u015fvurunuz sonu\u00e7lan\u0131r ancak pandemi nedeni ile bu s\u00fcre 2-3 ay gibi de uzayabilir.\u00a0<\/span><\/p>\n","protected":false},"excerpt":{"rendered":"<p>Kanada Uzun S\u00fcreli \u00d6\u011frenci Vizesi 2022 Kanada&#8217;da 180 g\u00fcnden daha uzun s\u00fcre kalarak e\u011fitimler alacak olan ki\u015fiye verilen vize t\u00fcr\u00fcd\u00fcr. Uzun s\u00fcre Kanada \u00f6\u011frenci vizeleri Kanada&#8217;da iken uzat\u0131labilmektedir. \u00c7ok giri\u015f \u015feklinde verilmekte. Kanada\u2019da \u00fcniversite e\u011fitimi alan \u00f6\u011frenciye ileriye d\u00f6n\u00fck vatanda\u015fl\u0131k hakk\u0131 sunulabilmekte. \u015e\u00f6yle ki; Kanada\u2019da \u00fcniversite okuyacak olan ki\u015filere Kanada H\u00fck\u00fbmeti \u00f6ncelikle \u00f6\u011frenciye e\u011fitim ald\u0131\u011f\u0131<\/p>\n","protected":false},"author":1,"featured_media":0,"parent":166,"menu_order":0,"comment_status":"open","ping_status":"closed","template":"","meta":{"footnotes":""},"class_list":["post-186","page","type-page","status-publish","hentry"],"yoast_head":"<!-- This site is optimized with the Yoast SEO plugin v24.0 - https:\/\/yoast.com\/wordpress\/plugins\/seo\/ -->\n<title>Kanada Uzun S\u00fcreli \u00d6\u011frenci Vizesi - MyVize<\/title>\n<meta name=\"description\" content=\"Kanada Uzun S\u00fcreli \u00d6\u011frenci Vizesi Nas\u0131l Al\u0131n\u0131r? Kanada Uzun S\u00fcreli \u00d6\u011frenci Vize Ba\u015fvurusu Nas\u0131l Yap\u0131l\u0131r? Bilgi \u0130\u00e7in Aray\u0131n: 0850 346 84 93\" \/>\n<meta name=\"robots\" content=\"index, follow, max-snippet:-1, max-image-preview:large, max-video-preview:-1\" \/>\n<link rel=\"canonical\" href=\"https:\/\/www.myvize.com.tr\/kanada\/ogrenci\/uzun-sureli-ogrenci-vizesi\/\" \/>\n<meta property=\"og:locale\" content=\"tr_TR\" \/>\n<meta property=\"og:type\" content=\"article\" \/>\n<meta property=\"og:title\" content=\"Kanada Uzun S\u00fcreli \u00d6\u011frenci Vizesi - MyVize\" \/>\n<meta property=\"og:description\" content=\"Kanada Uzun S\u00fcreli \u00d6\u011frenci Vizesi Nas\u0131l Al\u0131n\u0131r? Kanada Uzun S\u00fcreli \u00d6\u011frenci Vize Ba\u015fvurusu Nas\u0131l Yap\u0131l\u0131r? Bilgi \u0130\u00e7in Aray\u0131n: 0850 346 84 93\" \/>\n<meta property=\"og:url\" content=\"https:\/\/www.myvize.com.tr\/kanada\/ogrenci\/uzun-sureli-ogrenci-vizesi\/\" \/>\n<meta property=\"og:site_name\" content=\"Kanada Vizesi\" \/>\n<meta property=\"article:modified_time\" content=\"2022-12-19T18:12:51+00:00\" \/>\n<meta name=\"twitter:card\" content=\"summary_large_image\" \/>\n<meta name=\"twitter:label1\" content=\"Tahmini okuma s\u00fcresi\" \/>\n\t<meta name=\"twitter:data1\" content=\"8 dakika\" \/>\n<script type=\"application\/ld+json\" class=\"yoast-schema-graph\">{\"@context\":\"https:\/\/schema.org\",\"@graph\":[{\"@type\":\"WebPage\",\"@id\":\"https:\/\/www.myvize.com.tr\/kanada\/ogrenci\/uzun-sureli-ogrenci-vizesi\/\",\"url\":\"https:\/\/www.myvize.com.tr\/kanada\/ogrenci\/uzun-sureli-ogrenci-vizesi\/\",\"name\":\"Kanada Uzun S\u00fcreli \u00d6\u011frenci Vizesi - MyVize\",\"isPartOf\":{\"@id\":\"https:\/\/www.myvize.com.tr\/kanada\/#website\"},\"datePublished\":\"2020-12-22T12:37:23+00:00\",\"dateModified\":\"2022-12-19T18:12:51+00:00\",\"description\":\"Kanada Uzun S\u00fcreli \u00d6\u011frenci Vizesi Nas\u0131l Al\u0131n\u0131r? Kanada Uzun S\u00fcreli \u00d6\u011frenci Vize Ba\u015fvurusu Nas\u0131l Yap\u0131l\u0131r? Bilgi \u0130\u00e7in Aray\u0131n: 0850 346 84 93\",\"breadcrumb\":{\"@id\":\"https:\/\/www.myvize.com.tr\/kanada\/ogrenci\/uzun-sureli-ogrenci-vizesi\/#breadcrumb\"},\"inLanguage\":\"tr\",\"potentialAction\":[{\"@type\":\"ReadAction\",\"target\":[\"https:\/\/www.myvize.com.tr\/kanada\/ogrenci\/uzun-sureli-ogrenci-vizesi\/\"]}]},{\"@type\":\"BreadcrumbList\",\"@id\":\"https:\/\/www.myvize.com.tr\/kanada\/ogrenci\/uzun-sureli-ogrenci-vizesi\/#breadcrumb\",\"itemListElement\":[{\"@type\":\"ListItem\",\"position\":1,\"name\":\"Anasayfa\",\"item\":\"https:\/\/www.myvize.com.tr\/kanada\/\"},{\"@type\":\"ListItem\",\"position\":2,\"name\":\"\u00d6\u011eRENC\u0130\",\"item\":\"https:\/\/www.myvize.com.tr\/kanada\/ogrenci\/\"},{\"@type\":\"ListItem\",\"position\":3,\"name\":\"Kanada Uzun S\u00fcreli \u00d6\u011frenci Vizesi\"}]},{\"@type\":\"WebSite\",\"@id\":\"https:\/\/www.myvize.com.tr\/kanada\/#website\",\"url\":\"https:\/\/www.myvize.com.tr\/kanada\/\",\"name\":\"Kanada Vizesi\",\"description\":\"\",\"potentialAction\":[{\"@type\":\"SearchAction\",\"target\":{\"@type\":\"EntryPoint\",\"urlTemplate\":\"https:\/\/www.myvize.com.tr\/kanada\/?s={search_term_string}\"},\"query-input\":{\"@type\":\"PropertyValueSpecification\",\"valueRequired\":true,\"valueName\":\"search_term_string\"}}],\"inLanguage\":\"tr\"}]}<\/script>\n<!-- \/ Yoast SEO plugin. -->","yoast_head_json":{"title":"Kanada Uzun S\u00fcreli \u00d6\u011frenci Vizesi - MyVize","description":"Kanada Uzun S\u00fcreli \u00d6\u011frenci Vizesi Nas\u0131l Al\u0131n\u0131r? Kanada Uzun S\u00fcreli \u00d6\u011frenci Vize Ba\u015fvurusu Nas\u0131l Yap\u0131l\u0131r? Bilgi \u0130\u00e7in Aray\u0131n: 0850 346 84 93","robots":{"index":"index","follow":"follow","max-snippet":"max-snippet:-1","max-image-preview":"max-image-preview:large","max-video-preview":"max-video-preview:-1"},"canonical":"https:\/\/www.myvize.com.tr\/kanada\/ogrenci\/uzun-sureli-ogrenci-vizesi\/","og_locale":"tr_TR","og_type":"article","og_title":"Kanada Uzun S\u00fcreli \u00d6\u011frenci Vizesi - MyVize","og_description":"Kanada Uzun S\u00fcreli \u00d6\u011frenci Vizesi Nas\u0131l Al\u0131n\u0131r? Kanada Uzun S\u00fcreli \u00d6\u011frenci Vize Ba\u015fvurusu Nas\u0131l Yap\u0131l\u0131r? Bilgi \u0130\u00e7in Aray\u0131n: 0850 346 84 93","og_url":"https:\/\/www.myvize.com.tr\/kanada\/ogrenci\/uzun-sureli-ogrenci-vizesi\/","og_site_name":"Kanada Vizesi","article_modified_time":"2022-12-19T18:12:51+00:00","twitter_card":"summary_large_image","twitter_misc":{"Tahmini okuma s\u00fcresi":"8 dakika"},"schema":{"@context":"https:\/\/schema.org","@graph":[{"@type":"WebPage","@id":"https:\/\/www.myvize.com.tr\/kanada\/ogrenci\/uzun-sureli-ogrenci-vizesi\/","url":"https:\/\/www.myvize.com.tr\/kanada\/ogrenci\/uzun-sureli-ogrenci-vizesi\/","name":"Kanada Uzun S\u00fcreli \u00d6\u011frenci Vizesi - MyVize","isPartOf":{"@id":"https:\/\/www.myvize.com.tr\/kanada\/#website"},"datePublished":"2020-12-22T12:37:23+00:00","dateModified":"2022-12-19T18:12:51+00:00","description":"Kanada Uzun S\u00fcreli \u00d6\u011frenci Vizesi Nas\u0131l Al\u0131n\u0131r? Kanada Uzun S\u00fcreli \u00d6\u011frenci Vize Ba\u015fvurusu Nas\u0131l Yap\u0131l\u0131r? Bilgi \u0130\u00e7in Aray\u0131n: 0850 346 84 93","breadcrumb":{"@id":"https:\/\/www.myvize.com.tr\/kanada\/ogrenci\/uzun-sureli-ogrenci-vizesi\/#breadcrumb"},"inLanguage":"tr","potentialAction":[{"@type":"ReadAction","target":["https:\/\/www.myvize.com.tr\/kanada\/ogrenci\/uzun-sureli-ogrenci-vizesi\/"]}]},{"@type":"BreadcrumbList","@id":"https:\/\/www.myvize.com.tr\/kanada\/ogrenci\/uzun-sureli-ogrenci-vizesi\/#breadcrumb","itemListElement":[{"@type":"ListItem","position":1,"name":"Anasayfa","item":"https:\/\/www.myvize.com.tr\/kanada\/"},{"@type":"ListItem","position":2,"name":"\u00d6\u011eRENC\u0130","item":"https:\/\/www.myvize.com.tr\/kanada\/ogrenci\/"},{"@type":"ListItem","position":3,"name":"Kanada Uzun S\u00fcreli \u00d6\u011frenci Vizesi"}]},{"@type":"WebSite","@id":"https:\/\/www.myvize.com.tr\/kanada\/#website","url":"https:\/\/www.myvize.com.tr\/kanada\/","name":"Kanada Vizesi","description":"","potentialAction":[{"@type":"SearchAction","target":{"@type":"EntryPoint","urlTemplate":"https:\/\/www.myvize.com.tr\/kanada\/?s={search_term_string}"},"query-input":{"@type":"PropertyValueSpecification","valueRequired":true,"valueName":"search_term_string"}}],"inLanguage":"tr"}]}},"_links":{"self":[{"href":"https:\/\/www.myvize.com.tr\/kanada\/wp-json\/wp\/v2\/pages\/186","targetHints":{"allow":["GET"]}}],"collection":[{"href":"https:\/\/www.myvize.com.tr\/kanada\/wp-json\/wp\/v2\/pages"}],"about":[{"href":"https:\/\/www.myvize.com.tr\/kanada\/wp-json\/wp\/v2\/types\/page"}],"author":[{"embeddable":true,"href":"https:\/\/www.myvize.com.tr\/kanada\/wp-json\/wp\/v2\/users\/1"}],"replies":[{"embeddable":true,"href":"https:\/\/www.myvize.com.tr\/kanada\/wp-json\/wp\/v2\/comments?post=186"}],"version-history":[{"count":7,"href":"https:\/\/www.myvize.com.tr\/kanada\/wp-json\/wp\/v2\/pages\/186\/revisions"}],"predecessor-version":[{"id":1239,"href":"https:\/\/www.myvize.com.tr\/kanada\/wp-json\/wp\/v2\/pages\/186\/revisions\/1239"}],"up":[{"embeddable":true,"href":"https:\/\/www.myvize.com.tr\/kanada\/wp-json\/wp\/v2\/pages\/166"}],"wp:attachment":[{"href":"https:\/\/www.myvize.com.tr\/kanada\/wp-json\/wp\/v2\/media?parent=186"}],"curies":[{"name":"wp","href":"https:\/\/api.w.org\/{rel}","templated":true}]}}