{"id":190,"date":"2020-12-22T15:38:50","date_gmt":"2020-12-22T12:38:50","guid":{"rendered":"https:\/\/www.myvize.com.tr\/kanada\/?page_id=190"},"modified":"2022-06-30T12:43:52","modified_gmt":"2022-06-30T09:43:52","slug":"calisma-vizesi","status":"publish","type":"page","link":"https:\/\/www.myvize.com.tr\/kanada\/oturum-ve-calisma\/calisma-vizesi\/","title":{"rendered":"Kanada \u00c7al\u0131\u015fma Vizesi"},"content":{"rendered":"<h2><span style=\"font-family: Roboto; font-size: 27px;\"><strong>Kanada \u00c7al\u0131\u015fma Vizesi 2022<\/strong><\/span><\/h2>\n<p><span style=\"font-family: Roboto; font-size: 14px;\">Bir <span style=\"color: #2acec2;\"><strong><a style=\"color: #2acec2;\" href=\"https:\/\/www.myvize.com.tr\/kanada\/\" target=\"_blank\" rel=\"noopener\">Kanada<\/a> <\/strong><\/span>\u00e7al\u0131\u015fma vizesiyle Kanada\u2019ya giderek Kanada istihdam piyasas\u0131 d\u00e2hil olabilmek i\u00e7in Kanada\u2019ya \u00e7al\u0131\u015fma \u00fczere gidecek yabanc\u0131 uyruklu ki\u015finin yapt\u0131\u011f\u0131 mesle\u011fe son derece ihtiya\u00e7 duyuluyor olmakta ve Kanada i\u00e7erisinde olu\u015fmu\u015f olan eleman a\u00e7\u0131\u011f\u0131 doldurulamamas\u0131 gerekmekte. Bu eleman a\u00e7\u0131\u011f\u0131n\u0131 yabanc\u0131 i\u015f\u00e7inin Kanada\u2019ya giderek orada istihdam edilmeleri ile kapat\u0131lmas\u0131 Kanada ekonomisine \u00e7e\u015fitli yarar sa\u011flayaca\u011f\u0131na ait bir izlenim yarat\u0131lm\u0131\u015f olmas\u0131 gerekmekte. Bu kategori de ba\u015fvuru yapabilecek ki\u015finin genellikle y\u00fcksek e\u011fitim sahipleri ve reva\u00e7ta olan meslek grubundan olmas\u0131 tercih edilmekte. <strong>\u00dcniversitede ara\u015ft\u0131rma g\u00f6revlisi<\/strong> olarak g\u00f6rev yapan, tar\u0131m, g\u0131da, petrol gibi end\u00fcstrisinde \u00e7al\u0131\u015fan ve bilgisayar teknolojisi ile ilgili mesle\u011fe sahip olanlar \u00f6rnek olarak verilebilirler. Baz\u0131 meslek grubundan <strong>Kanada \u00e7al\u0131\u015fma vizesi<\/strong> alarak Kanada\u2019da \u00e7al\u0131\u015fmak ba\u015flayan ki\u015fi 2 y\u0131l tam zamanl\u0131 olarak \u00e7al\u0131\u015ft\u0131ktan sonra g\u00f6\u00e7men ba\u015fvurusunda bulunabilmektedir. Y\u00fcksek\u00f6\u011frenim gerektirmeyi meslek grubuna sahip olan ki\u015fi de <strong>Kanada \u00e7al\u0131\u015fma vizesi<\/strong> alarak Kanada gidebilmektedir. Hasta ve \u00e7ocuk bak\u0131c\u0131, in\u015faat i\u015f\u00e7isi, a\u011f\u0131r sanayi makinalar\u0131 operat\u00f6r\u00fc, \u00e7ift\u00e7i gibi ki\u015fi i\u00e7in de ba\u015fvuru se\u00e7ene\u011fi mevcuttur. Kanada\u2019ya g\u00f6\u00e7men olarak ya da bir \u00e7al\u0131\u015fma vizesi ile gidilerek orada ya\u015faman\u0131n \u00f6n ko\u015fulundan biri olan belli bir seviyede <strong>\u0130ngilizce<\/strong> ya da <strong>Frans\u0131zca<\/strong> konu\u015fmak ve anlamak mecburiyeti t\u00fcm meslek grubundaki ki\u015fi i\u00e7in ge\u00e7erlidir. Vas\u0131fl\u0131 i\u015f\u00e7i, Kanada ekonomisine sa\u011flayabilece\u011fi katk\u0131ya g\u00f6re de\u011ferlendirilerek, s\u00fcrekli \u00e7al\u0131\u015fmak izni alabilir, kal\u0131c\u0131 olarak Kanada yerle\u015febilir ve Kanada\u2019da \u00e7al\u0131\u015fabilir. <strong>Express Giri\u015f y\u00f6ntemi<\/strong> kullanarak baz\u0131 program kapsam\u0131nda Kanada \u00e7al\u0131\u015fma vizesini alabilirsiniz.<\/span><\/p>\n<p><span style=\"font-family: Roboto; font-size: 14px;\"><span style=\"color: #2acec2;\"><strong><a style=\"color: #2acec2;\" href=\"https:\/\/www.myvize.com.tr\/kanada\/eta\/kanada-vize-basvuru-formu\/\" target=\"_blank\" rel=\"noopener\">Kanada Vize Ba\u015fvuru Formu<\/a><\/strong><\/span> ile ilgili bilgi almak i\u00e7in bizi aray\u0131n\u0131z.<\/span><\/p>\n","protected":false},"excerpt":{"rendered":"<p>Kanada \u00c7al\u0131\u015fma Vizesi 2022 Bir Kanada \u00e7al\u0131\u015fma vizesiyle Kanada\u2019ya giderek Kanada istihdam piyasas\u0131 d\u00e2hil olabilmek i\u00e7in Kanada\u2019ya \u00e7al\u0131\u015fma \u00fczere gidecek yabanc\u0131 uyruklu ki\u015finin yapt\u0131\u011f\u0131 mesle\u011fe son derece ihtiya\u00e7 duyuluyor olmakta ve Kanada i\u00e7erisinde olu\u015fmu\u015f olan eleman a\u00e7\u0131\u011f\u0131 doldurulamamas\u0131 gerekmekte. Bu eleman a\u00e7\u0131\u011f\u0131n\u0131 yabanc\u0131 i\u015f\u00e7inin Kanada\u2019ya giderek orada istihdam edilmeleri ile kapat\u0131lmas\u0131 Kanada ekonomisine \u00e7e\u015fitli yarar<\/p>\n","protected":false},"author":1,"featured_media":0,"parent":169,"menu_order":0,"comment_status":"open","ping_status":"closed","template":"","meta":{"footnotes":""},"class_list":["post-190","page","type-page","status-publish","hentry"],"yoast_head":"<!-- This site is optimized with the Yoast SEO plugin v24.0 - https:\/\/yoast.com\/wordpress\/plugins\/seo\/ -->\n<title>Kanada \u00c7al\u0131\u015fma Vizesi - Kanada Vizesi - MyVize<\/title>\n<meta name=\"description\" content=\"Kanada \u00c7al\u0131\u015fma Vizesi Nas\u0131l Al\u0131n\u0131r? Kanada \u00c7al\u0131\u015fma Vize Ba\u015fvurusu Nas\u0131l Yap\u0131l\u0131r? Kanada \u00c7al\u0131\u015fma Vize \u00dccreti Nedir?\" \/>\n<meta name=\"robots\" content=\"index, follow, max-snippet:-1, max-image-preview:large, max-video-preview:-1\" \/>\n<link rel=\"canonical\" href=\"https:\/\/www.myvize.com.tr\/kanada\/oturum-ve-calisma\/calisma-vizesi\/\" \/>\n<meta property=\"og:locale\" content=\"tr_TR\" \/>\n<meta property=\"og:type\" content=\"article\" \/>\n<meta property=\"og:title\" content=\"Kanada \u00c7al\u0131\u015fma Vizesi - Kanada Vizesi - MyVize\" \/>\n<meta property=\"og:description\" content=\"Kanada \u00c7al\u0131\u015fma Vizesi Nas\u0131l Al\u0131n\u0131r? Kanada \u00c7al\u0131\u015fma Vize Ba\u015fvurusu Nas\u0131l Yap\u0131l\u0131r? Kanada \u00c7al\u0131\u015fma Vize \u00dccreti Nedir?\" \/>\n<meta property=\"og:url\" content=\"https:\/\/www.myvize.com.tr\/kanada\/oturum-ve-calisma\/calisma-vizesi\/\" \/>\n<meta property=\"og:site_name\" content=\"Kanada Vizesi\" \/>\n<meta property=\"article:modified_time\" content=\"2022-06-30T09:43:52+00:00\" \/>\n<meta name=\"twitter:card\" content=\"summary_large_image\" \/>\n<meta name=\"twitter:label1\" content=\"Tahmini okuma s\u00fcresi\" \/>\n\t<meta name=\"twitter:data1\" content=\"2 dakika\" \/>\n<script type=\"application\/ld+json\" class=\"yoast-schema-graph\">{\"@context\":\"https:\/\/schema.org\",\"@graph\":[{\"@type\":\"WebPage\",\"@id\":\"https:\/\/www.myvize.com.tr\/kanada\/oturum-ve-calisma\/calisma-vizesi\/\",\"url\":\"https:\/\/www.myvize.com.tr\/kanada\/oturum-ve-calisma\/calisma-vizesi\/\",\"name\":\"Kanada \u00c7al\u0131\u015fma Vizesi - Kanada Vizesi - MyVize\",\"isPartOf\":{\"@id\":\"https:\/\/www.myvize.com.tr\/kanada\/#website\"},\"datePublished\":\"2020-12-22T12:38:50+00:00\",\"dateModified\":\"2022-06-30T09:43:52+00:00\",\"description\":\"Kanada \u00c7al\u0131\u015fma Vizesi Nas\u0131l Al\u0131n\u0131r? Kanada \u00c7al\u0131\u015fma Vize Ba\u015fvurusu Nas\u0131l Yap\u0131l\u0131r? Kanada \u00c7al\u0131\u015fma Vize \u00dccreti Nedir?\",\"breadcrumb\":{\"@id\":\"https:\/\/www.myvize.com.tr\/kanada\/oturum-ve-calisma\/calisma-vizesi\/#breadcrumb\"},\"inLanguage\":\"tr\",\"potentialAction\":[{\"@type\":\"ReadAction\",\"target\":[\"https:\/\/www.myvize.com.tr\/kanada\/oturum-ve-calisma\/calisma-vizesi\/\"]}]},{\"@type\":\"BreadcrumbList\",\"@id\":\"https:\/\/www.myvize.com.tr\/kanada\/oturum-ve-calisma\/calisma-vizesi\/#breadcrumb\",\"itemListElement\":[{\"@type\":\"ListItem\",\"position\":1,\"name\":\"Anasayfa\",\"item\":\"https:\/\/www.myvize.com.tr\/kanada\/\"},{\"@type\":\"ListItem\",\"position\":2,\"name\":\"KANADA OTURUM VE \u00c7ALI\u015eMA KARTI\",\"item\":\"https:\/\/www.myvize.com.tr\/kanada\/oturum-ve-calisma\/\"},{\"@type\":\"ListItem\",\"position\":3,\"name\":\"Kanada \u00c7al\u0131\u015fma Vizesi\"}]},{\"@type\":\"WebSite\",\"@id\":\"https:\/\/www.myvize.com.tr\/kanada\/#website\",\"url\":\"https:\/\/www.myvize.com.tr\/kanada\/\",\"name\":\"Kanada Vizesi\",\"description\":\"\",\"potentialAction\":[{\"@type\":\"SearchAction\",\"target\":{\"@type\":\"EntryPoint\",\"urlTemplate\":\"https:\/\/www.myvize.com.tr\/kanada\/?s={search_term_string}\"},\"query-input\":{\"@type\":\"PropertyValueSpecification\",\"valueRequired\":true,\"valueName\":\"search_term_string\"}}],\"inLanguage\":\"tr\"}]}<\/script>\n<!-- \/ Yoast SEO plugin. -->","yoast_head_json":{"title":"Kanada \u00c7al\u0131\u015fma Vizesi - Kanada Vizesi - MyVize","description":"Kanada \u00c7al\u0131\u015fma Vizesi Nas\u0131l Al\u0131n\u0131r? Kanada \u00c7al\u0131\u015fma Vize Ba\u015fvurusu Nas\u0131l Yap\u0131l\u0131r? Kanada \u00c7al\u0131\u015fma Vize \u00dccreti Nedir?","robots":{"index":"index","follow":"follow","max-snippet":"max-snippet:-1","max-image-preview":"max-image-preview:large","max-video-preview":"max-video-preview:-1"},"canonical":"https:\/\/www.myvize.com.tr\/kanada\/oturum-ve-calisma\/calisma-vizesi\/","og_locale":"tr_TR","og_type":"article","og_title":"Kanada \u00c7al\u0131\u015fma Vizesi - Kanada Vizesi - MyVize","og_description":"Kanada \u00c7al\u0131\u015fma Vizesi Nas\u0131l Al\u0131n\u0131r? Kanada \u00c7al\u0131\u015fma Vize Ba\u015fvurusu Nas\u0131l Yap\u0131l\u0131r? Kanada \u00c7al\u0131\u015fma Vize \u00dccreti Nedir?","og_url":"https:\/\/www.myvize.com.tr\/kanada\/oturum-ve-calisma\/calisma-vizesi\/","og_site_name":"Kanada Vizesi","article_modified_time":"2022-06-30T09:43:52+00:00","twitter_card":"summary_large_image","twitter_misc":{"Tahmini okuma s\u00fcresi":"2 dakika"},"schema":{"@context":"https:\/\/schema.org","@graph":[{"@type":"WebPage","@id":"https:\/\/www.myvize.com.tr\/kanada\/oturum-ve-calisma\/calisma-vizesi\/","url":"https:\/\/www.myvize.com.tr\/kanada\/oturum-ve-calisma\/calisma-vizesi\/","name":"Kanada \u00c7al\u0131\u015fma Vizesi - Kanada Vizesi - MyVize","isPartOf":{"@id":"https:\/\/www.myvize.com.tr\/kanada\/#website"},"datePublished":"2020-12-22T12:38:50+00:00","dateModified":"2022-06-30T09:43:52+00:00","description":"Kanada \u00c7al\u0131\u015fma Vizesi Nas\u0131l Al\u0131n\u0131r? Kanada \u00c7al\u0131\u015fma Vize Ba\u015fvurusu Nas\u0131l Yap\u0131l\u0131r? Kanada \u00c7al\u0131\u015fma Vize \u00dccreti Nedir?","breadcrumb":{"@id":"https:\/\/www.myvize.com.tr\/kanada\/oturum-ve-calisma\/calisma-vizesi\/#breadcrumb"},"inLanguage":"tr","potentialAction":[{"@type":"ReadAction","target":["https:\/\/www.myvize.com.tr\/kanada\/oturum-ve-calisma\/calisma-vizesi\/"]}]},{"@type":"BreadcrumbList","@id":"https:\/\/www.myvize.com.tr\/kanada\/oturum-ve-calisma\/calisma-vizesi\/#breadcrumb","itemListElement":[{"@type":"ListItem","position":1,"name":"Anasayfa","item":"https:\/\/www.myvize.com.tr\/kanada\/"},{"@type":"ListItem","position":2,"name":"KANADA OTURUM VE \u00c7ALI\u015eMA KARTI","item":"https:\/\/www.myvize.com.tr\/kanada\/oturum-ve-calisma\/"},{"@type":"ListItem","position":3,"name":"Kanada \u00c7al\u0131\u015fma Vizesi"}]},{"@type":"WebSite","@id":"https:\/\/www.myvize.com.tr\/kanada\/#website","url":"https:\/\/www.myvize.com.tr\/kanada\/","name":"Kanada Vizesi","description":"","potentialAction":[{"@type":"SearchAction","target":{"@type":"EntryPoint","urlTemplate":"https:\/\/www.myvize.com.tr\/kanada\/?s={search_term_string}"},"query-input":{"@type":"PropertyValueSpecification","valueRequired":true,"valueName":"search_term_string"}}],"inLanguage":"tr"}]}},"_links":{"self":[{"href":"https:\/\/www.myvize.com.tr\/kanada\/wp-json\/wp\/v2\/pages\/190","targetHints":{"allow":["GET"]}}],"collection":[{"href":"https:\/\/www.myvize.com.tr\/kanada\/wp-json\/wp\/v2\/pages"}],"about":[{"href":"https:\/\/www.myvize.com.tr\/kanada\/wp-json\/wp\/v2\/types\/page"}],"author":[{"embeddable":true,"href":"https:\/\/www.myvize.com.tr\/kanada\/wp-json\/wp\/v2\/users\/1"}],"replies":[{"embeddable":true,"href":"https:\/\/www.myvize.com.tr\/kanada\/wp-json\/wp\/v2\/comments?post=190"}],"version-history":[{"count":5,"href":"https:\/\/www.myvize.com.tr\/kanada\/wp-json\/wp\/v2\/pages\/190\/revisions"}],"predecessor-version":[{"id":1204,"href":"https:\/\/www.myvize.com.tr\/kanada\/wp-json\/wp\/v2\/pages\/190\/revisions\/1204"}],"up":[{"embeddable":true,"href":"https:\/\/www.myvize.com.tr\/kanada\/wp-json\/wp\/v2\/pages\/169"}],"wp:attachment":[{"href":"https:\/\/www.myvize.com.tr\/kanada\/wp-json\/wp\/v2\/media?parent=190"}],"curies":[{"name":"wp","href":"https:\/\/api.w.org\/{rel}","templated":true}]}}