{"id":192,"date":"2020-12-22T15:39:13","date_gmt":"2020-12-22T12:39:13","guid":{"rendered":"https:\/\/www.myvize.com.tr\/kanada\/?page_id=192"},"modified":"2022-08-08T12:19:19","modified_gmt":"2022-08-08T09:19:19","slug":"work-and-travel","status":"publish","type":"page","link":"https:\/\/www.myvize.com.tr\/kanada\/oturum-ve-calisma\/work-and-travel\/","title":{"rendered":"Kanada Work And Travel"},"content":{"rendered":"<h2><span style=\"font-family: Roboto; font-size: 27px;\"><strong>Kanada Work And Travel Vizesi<\/strong><\/span><\/h2>\n<p><span style=\"font-family: Roboto; font-size: 14px;\">Kanada Work and Travel, <strong>International Experience Kanada (Uluslararas\u0131 Kanada Deneyim)<\/strong> kapsam\u0131nda 30\u2019dn fazla \u00fclkenin kat\u0131l\u0131m\u0131 sa\u011flayabildi\u011fi Kanada yasal izni oturmak ve \u00e7al\u0131\u015fmak izni sa\u011flayan bir program. International Experience Kanada, Kanada\u2019da \u00e7al\u0131\u015f\u0131p seyahat etme isteyen ki\u015fi i\u00e7in tasarlanm\u0131\u015ft\u0131r. Bu program bir yandan <strong>Kanada <\/strong>i\u015fverenin talebini kar\u015f\u0131larken bir yandan da gen\u00e7 uluslararas\u0131 \u00f6\u011frenciye seyahati boyunca kendisine yetecek paray\u0131 kazanmas\u0131n\u0131 sa\u011flamaktad\u0131r. Program uzunlu\u011fu kat\u0131l\u0131mc\u0131 vatanda\u015f\u0131 oldu\u011fu \u00fclkeye ba\u011fl\u0131 olarak genellikle 12 ya da 24 ay s\u00fcrmekte.<\/span><br \/>\n<span style=\"font-family: Roboto; font-size: 14px;\"><strong>Kanada\u2019da Work and Tavel<\/strong> program\u0131 kat\u0131labilmek i\u00e7in \u00f6ncelikle kat\u0131l\u0131mc\u0131n\u0131n vatanda\u015f\u0131 oldu\u011fu \u00fclke ile Kanada aras\u0131na \u00e7al\u0131\u015fma izniyle alakal\u0131 anla\u015fma olmal\u0131d\u0131r. T\u00fcrkiye ve Kanada aras\u0131 b\u00f6yle bir anla\u015fma bulunmad\u0131\u011f\u0131 i\u00e7in T\u00fcrk vatanda\u015f\u0131 bu programa ba\u015fvuru yapamamakta. Bu programa genel olarak 18 ve 35 ya\u015f aras\u0131nda ki\u015fi kat\u0131labilmektedir.<\/span><br \/>\n<span style=\"font-family: Roboto; font-size: 14px;\">Kanada Work and Travel Vizesi ve Work and Travel Kanada program\u0131 kat\u0131lacak ki\u015fi \u00e7ok farkl\u0131 alanda \u00e7al\u0131\u015fabilmekte. Genellikle restoran, kafe, barlar ve otel olmak \u00fczere turizm ve hizmet sekt\u00f6r\u00fcnde \u00e7al\u0131\u015fma tercih etmektedir. Ayn\u0131 zamanda uygun e\u011fitimi, sertifika ya da tecr\u00fcbeye sahip olan ki\u015fi bilim, hukuk, sa\u011fl\u0131k, e\u011fitim, ticaret ve ileti\u015fim alan\u0131nda da \u00e7al\u0131\u015fmakta. Program; <strong>\u00c7al\u0131\u015farak Tatil<\/strong>, <strong>Gen\u00e7 Profesyonel <\/strong>ve <strong>Uluslararas\u0131 Maa\u015fl\u0131 Staj<\/strong> olma \u00fczere \u00fc\u00e7 kategoriden olu\u015fmakta. \u00c7al\u0131\u015farak Tatil kategorisine ba\u011fl\u0131 ki\u015fi i\u015fverenini diledi\u011fi zaman de\u011fi\u015ftirebilirken, Gen\u00e7 Profesyonel ve Uluslararas\u0131 Maa\u015fl\u0131 Staj kat\u0131l\u0131mc\u0131s\u0131 \u00e7ok ge\u00e7erli bir sebebi olmad\u0131k\u00e7a de\u011fi\u015ftirememekte.<\/span><\/p>\n<p><span style=\"font-family: Roboto; font-size: 14px;\"><span style=\"color: #2acec2;\"><a style=\"color: #2acec2;\" href=\"https:\/\/www.myvize.com.tr\/kanada\/vize-islemleri\/kanada-turistik-vize\/\" target=\"_blank\" rel=\"noopener\"><strong>Kanada Turistik Vize<\/strong><\/a> <\/span>ile ilgili bilgi almak i\u00e7in bizi aray\u0131n\u0131z.<\/span><\/p>\n<h2><span style=\"font-family: Roboto; font-size: 27px;\"><strong>Kanada Work And Travel Vizesi Nedir?<\/strong><\/span><\/h2>\n<p><span style=\"font-family: Roboto; font-size: 14px;\">Kanada work and travel vizesi nedir? <strong>Kanada work and travel vizesi<\/strong>, bir ya da iki sene \u00e7er\u00e7evesinde Kanada\u2019da bir i\u015f yerinde \u00e7al\u0131\u015f\u0131rken ayn\u0131 esnada turistik gezilerde bulunmak gayesi ta\u015f\u0131yan bireylere verilen bir vize \u00e7e\u015fididir. Kanada work and travel vizesi, on sekiz ila otuz be\u015f ya\u015f aras\u0131nda yer alan bireylere verilir. Bu vizeye sahip olan ki\u015filer tam zamanl\u0131 olarak bilinen bir i\u015fte \u00e7al\u0131\u015fabilirler. Ayn\u0131 zamanda da Kanada i\u00e7erisinde herhangi bir k\u0131s\u0131tlamayla u\u011fra\u015fmadan seyahatlerini de yapabilirler. Kanada work and travel vizesi alan bireyler, \u015fayet Kanada\u2019ya bir firma sahibi arac\u0131l\u0131\u011f\u0131yla yap\u0131lm\u0131\u015f i\u015f teklifi ile gidiyorlarsa Kanada yolculuklar\u0131 s\u00fcresince bu i\u015fi de\u011fi\u015ftiremeyeceklerini bilmeliler. Kanada\u2019ya i\u015f teklifi olmadan gidecekseniz de Kanada a\u00e7\u0131k \u00e7al\u0131\u015fma izni al\u0131rs\u0131n\u0131z ve diledi\u011finiz kadar i\u015f de\u011fi\u015ftirebilirsiniz.<strong> Kanada work and travel vizesi,<\/strong> Kanada taraf\u0131ndan meydana getirilen IEC yani International Experience Canada program\u0131n\u0131n alt kategorilerinden biridir.<\/span><\/p>\n<h2><span style=\"font-family: Roboto; font-size: 27px;\"><strong>Kanada Work And Travel Vizesi Nas\u0131l Al\u0131n\u0131r?<\/strong><\/span><\/h2>\n<p><span style=\"font-family: Roboto; font-size: 14px;\">Kanada work and travel vizesi nas\u0131l al\u0131n\u0131r sorusunun cevab\u0131n\u0131 g\u00f6zler \u00f6n\u00fcne sermek istedik. E\u011fer siz de Kanada work and travel vizesi almak istiyorsan\u0131z bu yaz\u0131m\u0131z\u0131 muhakkak incelemenizi tavsiye ederiz. G\u00fcn\u00fcm\u00fczde bir\u00e7ok ki\u015fi yurt d\u0131\u015f\u0131nda iyi bir yerde hem \u00e7al\u0131\u015fmak hem de ayn\u0131 anda gezmek istiyor. Sizin de genel olarak b\u00f6yle bir iste\u011finiz varsa yapman\u0131z gereken \u015fey asl\u0131nda \u00e7ok basittir. Work and travel at\u0131l\u0131m\u0131n\u0131n Kanada aya\u011f\u0131ndan yararlanmak ve ba\u015fvuruda bulunmak isteyen bireyler yurt d\u0131\u015f\u0131nda yer alan bir\u00e7ok tan\u0131nm\u0131\u015f kurumdan bu konuya dair \u00f6nemli bilgileri alabilir. Bahsi ge\u00e7en kurumlar Kanada \u00fclkesinin kanunlar\u0131, dili ve k\u00fclt\u00fcr\u00fc konusunda bilgi aktar\u0131m\u0131 sa\u011flar. Ayn\u0131 esnada da i\u015f bulma ve ula\u015f\u0131m gibi konularda da ki\u015filere yard\u0131mc\u0131 olurlar. Siz de work and travel yapacaksan\u0131z bu t\u00fcr durumlardan bizzat haberdar olmak durumundas\u0131n\u0131z diyebiliriz. \u015eimdiden kolay gelsin.<\/span><\/p>\n<h2><span style=\"font-family: Roboto; font-size: 27px;\"><strong>Kanada Work And Travel Vizesi Nereden Al\u0131n\u0131r?<\/strong><\/span><\/h2>\n<p><span style=\"font-family: Roboto; font-size: 14px;\">Kanada work and travel vizesi nereden al\u0131n\u0131r? Kanada work and travel vizesi almak i\u00e7in ilgili kurumlara ba\u015fvuruda bulunman\u0131z gerekecektir. Otuzdan fazla bireyin kat\u0131ld\u0131\u011f\u0131 bu programa kat\u0131labilmek ad\u0131na ilk olarak T\u00fcrkiye ve Kanada H\u00fck\u00fcmeti\u2019nin \u00e7al\u0131\u015fma izni anla\u015fmas\u0131n\u0131n olmas\u0131 gerekir. \u00dclkemizin bu t\u00fcr bir anla\u015fmas\u0131 bulunmad\u0131\u011f\u0131ndan \u00f6t\u00fcr\u00fc Kanada work and travel program\u0131na T\u00fcrkiye konumundan ba\u015fvuru yap\u0131lmas\u0131 imkans\u0131zd\u0131r. Kanada work and travel program\u0131na kat\u0131labilmenizin \u00f6teki bir yolu da istenen ya\u015f aral\u0131\u011f\u0131nda olman\u0131zd\u0131r. \u015eayet 18 ve 35 ya\u015f aral\u0131\u011f\u0131nda yer al\u0131yorsan\u0131z siz de bu faaliyetten yararlanabilece\u011finizi bilmelisiniz<strong>. Uluslararas\u0131 Kanada Deneyimi<\/strong> program\u0131na ba\u011fl\u0131 bir bi\u00e7imde ba\u015fvuruda bulunulabilen iki \u00e7al\u0131\u015fma izni var: \u0130\u015fverene \u00f6zel \u00e7al\u0131\u015fma izni ve a\u00e7\u0131k \u00e7al\u0131\u015fma izni! \u00c7al\u0131\u015farak tatil kategorisi direkt olarak a\u00e7\u0131k \u00e7al\u0131\u015fma izni sunuyor.\u00a0 Ayn\u0131 esnada da bu vize arac\u0131l\u0131\u011f\u0131 ile \u00e7al\u0131\u015farak tatil program\u0131 kat\u0131l\u0131mc\u0131lar\u0131n\u0131n evvelki d\u00f6nemde haz\u0131rlanan bir i\u015f teklifine ihtiya\u00e7lar\u0131 olmad\u0131\u011f\u0131n\u0131 da belirtmek isteriz.<\/span><\/p>\n<h3><span style=\"font-family: Roboto; font-size: 24px;\"><strong>Kanada Work And Travel Vizesi Ka\u00e7 G\u00fcnde \u00c7\u0131kar?<\/strong><\/span><\/h3>\n<p><span style=\"font-family: Roboto; font-size: 14px;\"><strong>Kanada work and travel vizesi<\/strong> ka\u00e7 g\u00fcnde \u00e7\u0131kar sorusu son zamanlar\u0131n favori sorular\u0131ndan biri haline gelmi\u015ftir. Kanada work and travel vizesinin tam olarak ne kadarl\u0131k bir zaman zarf\u0131 i\u00e7erisinde \u00e7\u0131km\u0131\u015f olaca\u011f\u0131 belli de\u011fildir. \u00c7\u00fcnk\u00fc her ki\u015finin dosyas\u0131 ve sundu\u011fu bilgiler, ekstrem durumlar birbirinden farkl\u0131d\u0131r. Bir ki\u015finin incelemesi 10 i\u015f g\u00fcn\u00fcnde bittiyse ba\u015fka bir ki\u015finin 15 i\u015f g\u00fcn\u00fcnde bitebilir ve ki\u015fiden ekstra belgeler de talep edilebilir. Bu tarz durumlar tamamen do\u011fald\u0131r. O nedenle her daim sizden istenen belgeleri kusursuza yak\u0131n bir d\u00fczeyde haz\u0131rlamal\u0131, ard\u0131ndan ilgili kuruma bu belgeleri bizzat sunmal\u0131s\u0131n\u0131z. Sunma i\u015fleminiz bittikten sonra yapman\u0131z gereken \u015fey ise s\u00fcrecin sonu\u00e7lanmas\u0131n\u0131 beklemektir. En k\u0131sa zaman dilimi i\u00e7erisinde taraf\u0131n\u0131za Kanada work and travel vizesi sonucunuz g\u00f6nderilecektir. B\u00f6ylece Kanada\u2019ya gidip gidememe durumunuz da en iyi \u015fekilde tamamen netle\u015fmi\u015f olur.<\/span><\/p>\n","protected":false},"excerpt":{"rendered":"<p>Kanada Work And Travel Vizesi Kanada Work and Travel, International Experience Kanada (Uluslararas\u0131 Kanada Deneyim) kapsam\u0131nda 30\u2019dn fazla \u00fclkenin kat\u0131l\u0131m\u0131 sa\u011flayabildi\u011fi Kanada yasal izni oturmak ve \u00e7al\u0131\u015fmak izni sa\u011flayan bir program. International Experience Kanada, Kanada\u2019da \u00e7al\u0131\u015f\u0131p seyahat etme isteyen ki\u015fi i\u00e7in tasarlanm\u0131\u015ft\u0131r. Bu program bir yandan Kanada i\u015fverenin talebini kar\u015f\u0131larken bir yandan da gen\u00e7 uluslararas\u0131<\/p>\n","protected":false},"author":1,"featured_media":0,"parent":169,"menu_order":0,"comment_status":"open","ping_status":"closed","template":"","meta":{"footnotes":""},"class_list":["post-192","page","type-page","status-publish","hentry"],"yoast_head":"<!-- This site is optimized with the Yoast SEO plugin v24.0 - https:\/\/yoast.com\/wordpress\/plugins\/seo\/ -->\n<title>Kanada Work And Travel Vizesi - MyVize<\/title>\n<meta name=\"description\" content=\"Kanada Work And Travel Vizesi Nas\u0131l Al\u0131n\u0131r? Kanada Work And Travel Vizesi Nereden Al\u0131n\u0131r? Kanada Work And Travel Vize \u00dccreti Nedir?\" \/>\n<meta name=\"robots\" content=\"index, follow, max-snippet:-1, max-image-preview:large, max-video-preview:-1\" \/>\n<link rel=\"canonical\" href=\"https:\/\/www.myvize.com.tr\/kanada\/oturum-ve-calisma\/work-and-travel\/\" \/>\n<meta property=\"og:locale\" content=\"tr_TR\" \/>\n<meta property=\"og:type\" content=\"article\" \/>\n<meta property=\"og:title\" content=\"Kanada Work And Travel Vizesi - MyVize\" \/>\n<meta property=\"og:description\" content=\"Kanada Work And Travel Vizesi Nas\u0131l Al\u0131n\u0131r? Kanada Work And Travel Vizesi Nereden Al\u0131n\u0131r? Kanada Work And Travel Vize \u00dccreti Nedir?\" \/>\n<meta property=\"og:url\" content=\"https:\/\/www.myvize.com.tr\/kanada\/oturum-ve-calisma\/work-and-travel\/\" \/>\n<meta property=\"og:site_name\" content=\"Kanada Vizesi\" \/>\n<meta property=\"article:modified_time\" content=\"2022-08-08T09:19:19+00:00\" \/>\n<meta name=\"twitter:card\" content=\"summary_large_image\" \/>\n<meta name=\"twitter:label1\" content=\"Tahmini okuma s\u00fcresi\" \/>\n\t<meta name=\"twitter:data1\" content=\"5 dakika\" \/>\n<script type=\"application\/ld+json\" class=\"yoast-schema-graph\">{\"@context\":\"https:\/\/schema.org\",\"@graph\":[{\"@type\":\"WebPage\",\"@id\":\"https:\/\/www.myvize.com.tr\/kanada\/oturum-ve-calisma\/work-and-travel\/\",\"url\":\"https:\/\/www.myvize.com.tr\/kanada\/oturum-ve-calisma\/work-and-travel\/\",\"name\":\"Kanada Work And Travel Vizesi - MyVize\",\"isPartOf\":{\"@id\":\"https:\/\/www.myvize.com.tr\/kanada\/#website\"},\"datePublished\":\"2020-12-22T12:39:13+00:00\",\"dateModified\":\"2022-08-08T09:19:19+00:00\",\"description\":\"Kanada Work And Travel Vizesi Nas\u0131l Al\u0131n\u0131r? Kanada Work And Travel Vizesi Nereden Al\u0131n\u0131r? Kanada Work And Travel Vize \u00dccreti Nedir?\",\"breadcrumb\":{\"@id\":\"https:\/\/www.myvize.com.tr\/kanada\/oturum-ve-calisma\/work-and-travel\/#breadcrumb\"},\"inLanguage\":\"tr\",\"potentialAction\":[{\"@type\":\"ReadAction\",\"target\":[\"https:\/\/www.myvize.com.tr\/kanada\/oturum-ve-calisma\/work-and-travel\/\"]}]},{\"@type\":\"BreadcrumbList\",\"@id\":\"https:\/\/www.myvize.com.tr\/kanada\/oturum-ve-calisma\/work-and-travel\/#breadcrumb\",\"itemListElement\":[{\"@type\":\"ListItem\",\"position\":1,\"name\":\"Anasayfa\",\"item\":\"https:\/\/www.myvize.com.tr\/kanada\/\"},{\"@type\":\"ListItem\",\"position\":2,\"name\":\"KANADA OTURUM VE \u00c7ALI\u015eMA KARTI\",\"item\":\"https:\/\/www.myvize.com.tr\/kanada\/oturum-ve-calisma\/\"},{\"@type\":\"ListItem\",\"position\":3,\"name\":\"Kanada Work And Travel\"}]},{\"@type\":\"WebSite\",\"@id\":\"https:\/\/www.myvize.com.tr\/kanada\/#website\",\"url\":\"https:\/\/www.myvize.com.tr\/kanada\/\",\"name\":\"Kanada Vizesi\",\"description\":\"\",\"potentialAction\":[{\"@type\":\"SearchAction\",\"target\":{\"@type\":\"EntryPoint\",\"urlTemplate\":\"https:\/\/www.myvize.com.tr\/kanada\/?s={search_term_string}\"},\"query-input\":{\"@type\":\"PropertyValueSpecification\",\"valueRequired\":true,\"valueName\":\"search_term_string\"}}],\"inLanguage\":\"tr\"}]}<\/script>\n<!-- \/ Yoast SEO plugin. -->","yoast_head_json":{"title":"Kanada Work And Travel Vizesi - MyVize","description":"Kanada Work And Travel Vizesi Nas\u0131l Al\u0131n\u0131r? Kanada Work And Travel Vizesi Nereden Al\u0131n\u0131r? Kanada Work And Travel Vize \u00dccreti Nedir?","robots":{"index":"index","follow":"follow","max-snippet":"max-snippet:-1","max-image-preview":"max-image-preview:large","max-video-preview":"max-video-preview:-1"},"canonical":"https:\/\/www.myvize.com.tr\/kanada\/oturum-ve-calisma\/work-and-travel\/","og_locale":"tr_TR","og_type":"article","og_title":"Kanada Work And Travel Vizesi - MyVize","og_description":"Kanada Work And Travel Vizesi Nas\u0131l Al\u0131n\u0131r? Kanada Work And Travel Vizesi Nereden Al\u0131n\u0131r? Kanada Work And Travel Vize \u00dccreti Nedir?","og_url":"https:\/\/www.myvize.com.tr\/kanada\/oturum-ve-calisma\/work-and-travel\/","og_site_name":"Kanada Vizesi","article_modified_time":"2022-08-08T09:19:19+00:00","twitter_card":"summary_large_image","twitter_misc":{"Tahmini okuma s\u00fcresi":"5 dakika"},"schema":{"@context":"https:\/\/schema.org","@graph":[{"@type":"WebPage","@id":"https:\/\/www.myvize.com.tr\/kanada\/oturum-ve-calisma\/work-and-travel\/","url":"https:\/\/www.myvize.com.tr\/kanada\/oturum-ve-calisma\/work-and-travel\/","name":"Kanada Work And Travel Vizesi - MyVize","isPartOf":{"@id":"https:\/\/www.myvize.com.tr\/kanada\/#website"},"datePublished":"2020-12-22T12:39:13+00:00","dateModified":"2022-08-08T09:19:19+00:00","description":"Kanada Work And Travel Vizesi Nas\u0131l Al\u0131n\u0131r? Kanada Work And Travel Vizesi Nereden Al\u0131n\u0131r? Kanada Work And Travel Vize \u00dccreti Nedir?","breadcrumb":{"@id":"https:\/\/www.myvize.com.tr\/kanada\/oturum-ve-calisma\/work-and-travel\/#breadcrumb"},"inLanguage":"tr","potentialAction":[{"@type":"ReadAction","target":["https:\/\/www.myvize.com.tr\/kanada\/oturum-ve-calisma\/work-and-travel\/"]}]},{"@type":"BreadcrumbList","@id":"https:\/\/www.myvize.com.tr\/kanada\/oturum-ve-calisma\/work-and-travel\/#breadcrumb","itemListElement":[{"@type":"ListItem","position":1,"name":"Anasayfa","item":"https:\/\/www.myvize.com.tr\/kanada\/"},{"@type":"ListItem","position":2,"name":"KANADA OTURUM VE \u00c7ALI\u015eMA KARTI","item":"https:\/\/www.myvize.com.tr\/kanada\/oturum-ve-calisma\/"},{"@type":"ListItem","position":3,"name":"Kanada Work And Travel"}]},{"@type":"WebSite","@id":"https:\/\/www.myvize.com.tr\/kanada\/#website","url":"https:\/\/www.myvize.com.tr\/kanada\/","name":"Kanada Vizesi","description":"","potentialAction":[{"@type":"SearchAction","target":{"@type":"EntryPoint","urlTemplate":"https:\/\/www.myvize.com.tr\/kanada\/?s={search_term_string}"},"query-input":{"@type":"PropertyValueSpecification","valueRequired":true,"valueName":"search_term_string"}}],"inLanguage":"tr"}]}},"_links":{"self":[{"href":"https:\/\/www.myvize.com.tr\/kanada\/wp-json\/wp\/v2\/pages\/192","targetHints":{"allow":["GET"]}}],"collection":[{"href":"https:\/\/www.myvize.com.tr\/kanada\/wp-json\/wp\/v2\/pages"}],"about":[{"href":"https:\/\/www.myvize.com.tr\/kanada\/wp-json\/wp\/v2\/types\/page"}],"author":[{"embeddable":true,"href":"https:\/\/www.myvize.com.tr\/kanada\/wp-json\/wp\/v2\/users\/1"}],"replies":[{"embeddable":true,"href":"https:\/\/www.myvize.com.tr\/kanada\/wp-json\/wp\/v2\/comments?post=192"}],"version-history":[{"count":6,"href":"https:\/\/www.myvize.com.tr\/kanada\/wp-json\/wp\/v2\/pages\/192\/revisions"}],"predecessor-version":[{"id":1224,"href":"https:\/\/www.myvize.com.tr\/kanada\/wp-json\/wp\/v2\/pages\/192\/revisions\/1224"}],"up":[{"embeddable":true,"href":"https:\/\/www.myvize.com.tr\/kanada\/wp-json\/wp\/v2\/pages\/169"}],"wp:attachment":[{"href":"https:\/\/www.myvize.com.tr\/kanada\/wp-json\/wp\/v2\/media?parent=192"}],"curies":[{"name":"wp","href":"https:\/\/api.w.org\/{rel}","templated":true}]}}