{"id":198,"date":"2020-12-22T15:40:30","date_gmt":"2020-12-22T12:40:30","guid":{"rendered":"https:\/\/www.myvize.com.tr\/kanada\/?page_id=198"},"modified":"2022-06-03T13:37:37","modified_gmt":"2022-06-03T10:37:37","slug":"kanada-vatandasligi","status":"publish","type":"page","link":"https:\/\/www.myvize.com.tr\/kanada\/vatandaslik-ve-gocmenlik\/kanada-vatandasligi\/","title":{"rendered":"Kanada Vatanda\u015fl\u0131\u011f\u0131"},"content":{"rendered":"<h2><span style=\"font-family: Roboto; font-size: 27px;\"><strong>Kanada Vatanda\u015f\u0131 Olmak<\/strong><\/span><\/h2>\n<p><span style=\"font-family: Roboto; font-size: 14px;\">Kanada d\u00fcnyan\u0131n en geni\u015f ikinci \u00fclkesi olmakla birlikte ya\u015famak i\u00e7in olduk\u00e7a fazla tercih edilen bir \u00fclkedir. Kanada dolar\u0131n\u0131n Amerikan dolar\u0131 ve \u0130ngiliz sterlinine k\u0131yasla daha k\u00fc\u00e7\u00fck olmas\u0131 \u00fclkeyi daha cazip hale getirmektedir. D\u00fcnyan\u0131n en iyi ya\u015fam standartlar\u0131na sahip \u00fclkelerin ba\u015f\u0131nda gelen Kanada, bir sanayi \u00fclkesidir. Kanada ayr\u0131ca mutlu bir \u00fclkedir. \u0130nsanlar\u0131n ekonomik s\u0131k\u0131nt\u0131lar\u0131 olmamas\u0131 ile gayet iyi niyetli ve yard\u0131msever insanlard\u0131r. Kuzey Amerika\u2019da olan \u00fclke so\u011fuk bir iklime sahip olmas\u0131na ra\u011fmen \u00e7o\u011fu ki\u015finin hayallerini s\u00fcslemektedir. Ba\u015fkenti Ottawa ve Toronto, Vancouver, Montreal \u00fc\u00e7 b\u00fcy\u00fck ve \u00f6nemli \u015fehridir. <strong>Kanada vatanda\u015fl\u0131\u011f\u0131<\/strong>, g\u00f6\u00e7menli\u011fi bir ayr\u0131cal\u0131kt\u0131r. Vatanda\u015fl\u0131k ba\u015fvurusu i\u00e7in ilk olarak kal\u0131c\u0131 oturum izni al\u0131nmal\u0131d\u0131r. Kal\u0131c\u0131 oturum iznine sahip olmak i\u00e7in de belli \u015fartlar yerine getirilmelidir. Son be\u015f y\u0131l i\u00e7inde \u00fc\u00e7 y\u0131l Kanada\u2019da ya\u015famak bu \u015fartlar\u0131n sadece biridir.<\/span><\/p>\n<h2><span style=\"font-family: Roboto; font-size: 27px;\"><strong>Kanada&#8217;da \u00c7ifte Vatanda\u015fl\u0131k Var m\u0131?<\/strong><\/span><\/h2>\n<p><span style=\"font-family: Roboto; font-size: 14px;\">Kanada kanunlar\u0131na g\u00f6re \u00e7ifte vatanda\u015fl\u0131k m\u00fcmk\u00fcnd\u00fcr. Hem <strong>Kanada vatanda\u015f\u0131<\/strong> hem de ba\u015fka bir \u00fclke vatanda\u015f\u0131 olunabilmektedir. <strong>Kanada \u00e7ifte vatanda\u015fl\u0131k<\/strong> alabilmek i\u00e7in, ki\u015finin ya Kanada\u2019da do\u011fmu\u015f olmas\u0131 ya da ebeveynlerinden birinin Kanada vatanda\u015f\u0131 olmas\u0131 beklenmektedir. G\u00f6\u00e7menlik demek \u00fclkede oturum hakk\u0131na sahip olmak demektir. Kanada\u2019da uzun y\u0131llar kalarak e\u011fitim al\u0131nm\u0131\u015fsa g\u00f6\u00e7menlik i\u00e7in ba\u015fvurulabilir. Ayr\u0131ca m\u00fclteci olmak i\u00e7in ba\u015fvuru yap\u0131labilir. Bir <strong>Kanada vatanda\u015f\u0131<\/strong> ile evlenmek, oturum izni ile uzun s\u00fcre <strong>Kanada\u2019da ya\u015famak<\/strong> Kanada vatanda\u015fl\u0131\u011f\u0131na ba\u015fvuru yapabilmek i\u00e7in hak sahibi olmak demektir. Bunlar\u0131n d\u0131\u015f\u0131nda \u00e7ifte vatanda\u015fl\u0131k i\u00e7in ba\u015fka ba\u015fvuru y\u00f6ntemleri de vard\u0131r. Vas\u0131fl\u0131 i\u015f\u00e7iler, e\u011fitim d\u00fczeyi belli seviyede olan ki\u015filer ayr\u0131cal\u0131kl\u0131d\u0131r. Mal varl\u0131\u011f\u0131 ile yat\u0131r\u0131mc\u0131 olmak da ba\u015fka bir ba\u015fvuru se\u00e7ene\u011fidir. K\u00fclt\u00fcr ve spor faaliyetlerinde aktif olarak yer almakta \u00e7ifte vatanda\u015fl\u0131k ba\u015fvurusuna zemin haz\u0131rlamaktad\u0131r. Milli spor tak\u0131mlar\u0131nda yer alan ki\u015filer Kanada\u2019y\u0131 temsil etmek s\u00f6z konusu oldu\u011fundan \u00e7ifte vatanda\u015fl\u0131k i\u00e7in ba\u015fvurabilir.<\/span><\/p>\n<h2><span style=\"font-family: Roboto; font-size: 27px;\"><strong>Kanada Vatanda\u015fl\u0131\u011f\u0131 Nas\u0131l Al\u0131n\u0131r?<\/strong><\/span><\/h2>\n<p><span style=\"font-family: Roboto; font-size: 14px;\"><strong>Kanada<\/strong>\u2019da do\u011fmu\u015fsan\u0131z, <strong>Kanada Vatanda\u015f Yasas\u0131<\/strong>\u2019nda yap\u0131lan de\u011fi\u015fiklik nedeniyle Kanada vatanda\u015fl\u0131\u011f\u0131 hak kazand\u0131ysan\u0131z, e\u011fer Kanada vatanda\u015fl\u0131k i\u00e7in yapt\u0131\u011f\u0131n\u0131z ba\u015fvuru kabul edildi ise, Kanada s\u0131n\u0131r\u0131 d\u0131\u015f\u0131nda do\u011fmu\u015f olman\u0131z ra\u011fmen ebeveyninizden en az biri Kanadal\u0131 ise <strong>Kanada vatanda\u015fl\u0131\u011f\u0131<\/strong> alabilirsiniz. Kanada\u2019da yabanc\u0131 diplomatik bir ailenin \u00e7ocuklar\u0131 olarak do\u011fduysan\u0131z, Kanada vatanda\u015fl\u0131\u011f\u0131 iptal edildiyse, Kanada vatanda\u015fl\u0131k ba\u015fvurunuzdan vazge\u00e7tiyseniz ve yeniden ba\u015fvurular yapmad\u0131ysan\u0131z Kanada vatanda\u015fl\u0131\u011f\u0131 alamazs\u0131n\u0131z. Bir Kanada vatanda\u015f\u0131yla evlendi iseniz, Bir Kanada vatanda\u015f\u0131 taraf\u0131ndan evlat edindiyseniz, bir m\u00fclteci olarak Kanada\u2019ya kabul edilmi\u015fseniz, Kanada\u2019da s\u00fcresiz oturma izni ile uzun y\u0131llar boyunca ya\u015fad\u0131ysan\u0131z otomatik olarak <strong>Kanada vatanda\u015f\u0131<\/strong> olmazs\u0131n\u0131z ancak Kanada vatanda\u015fl\u0131\u011f\u0131 i\u00e7in ba\u015fvuru yap\u0131labilir. Kanada vatanda\u015fl\u0131\u011f\u0131 ba\u015fvurunuz kabul edilebilmesi i\u00e7in a\u015fa\u011f\u0131daki kriter dikkate al\u0131nmaktad\u0131r: Kanada oturma izni sahibi olup olmad\u0131\u011f\u0131. Kanada&#8217;da ya\u015fad\u0131\u011f\u0131 s\u00fcre. Gelir vergisi beyanlar\u0131. Dil becerisi. Kanada&#8217;y\u0131 ne kadar iyi tan\u0131d\u0131\u011f\u0131. Yasak, kanunlar.<span style=\"color: #2acec2;\"><strong> <a style=\"color: #2acec2;\" href=\"https:\/\/www.myvize.com.tr\/kanada\/vize-islemleri\/kanada-oturum-izni\/\" target=\"_blank\" rel=\"noopener\">Kanada oturum izni<\/a><\/strong><\/span> sahibi olan. Kanada oturma izni sahibi olarak Kanada\u2019da ya\u015fan\u0131yorsa ya\u015f\u0131n\u0131z\u0131n herhangi bir \u00f6nemi yoktur. Ve a\u015fa\u011f\u0131daki \u015fart\u0131 yerine getirmeniz gerekmekte: <strong>Kanada oturma izni<\/strong> sahibi olarak yerine getirmek gereken t\u00fcm ko\u015fulu yerine getirmi\u015f olmal\u0131s\u0131n\u0131z. G\u00f6\u00e7men ya da doland\u0131r\u0131c\u0131l\u0131k nedeniyle herhangi bir inceleme ge\u00e7irmemi\u015f olman\u0131z gerekmektedir. <strong>Kanada<\/strong> yetkilisi taraf\u0131ndan \u00fclkeyi terk etmek i\u00e7in bir emir almam\u0131\u015f olman\u0131z gerekir. Kanada vatanda\u015fl\u0131\u011f\u0131 ba\u015fvuru yapabilmek i\u00e7in Kanada\u2019da fiziksel olarak bulunmak gereken belli bir s\u00fcre var. Kanada\u2019da bulundu\u011fu bu s\u00fcre i\u00e7erisinde Kanada oturma izni sahipleri stat\u00fcs\u00fcne olman\u0131z.<\/span><\/p>\n<p><span style=\"font-family: Roboto; font-size: 14px;\"><span style=\"color: #2acec2;\"><strong><a style=\"color: #2acec2;\" href=\"https:\/\/www.myvize.com.tr\/kanada\/vize-islemleri\/kanada-vatandaslik-islemleri\/\" target=\"_blank\" rel=\"noopener\">Kanada Vatanda\u015fl\u0131k \u0130\u015flemleri<\/a><\/strong><\/span> ile ilgili bilgi almak i\u00e7in bizi aray\u0131n\u0131z.<\/span><\/p>\n<h2><span style=\"font-family: Roboto; font-size: 27px;\"><strong>Kanada Vatanda\u015fl\u0131k \u015eartlar\u0131<\/strong><\/span><\/h2>\n<p><span style=\"font-family: Roboto; font-size: 14px;\">20 soruluk Vatanda\u015fl\u0131k Testinden en az 15 do\u011fru cevap vermeli, son 5 y\u0131l\u0131n en az 3 y\u0131l\u0131n\u0131 Kanada\u2019da ge\u00e7irmeli, ki\u015fisel gelir vergi bildirimini yapm\u0131\u015f olmal\u0131, 18 ve 54 ya\u015flar\u0131 aras\u0131ndaki bireyin \u00fclke resmi dillerinde biri i\u00e7in dil yeterlili\u011fi belgesi sahibi olmas\u0131 istenmektedir. \u00dclke resmi dilleri \u0130ngilizce ve Frans\u0131zcad\u0131r. Kanada vatanda\u015fl\u0131\u011f\u0131 i\u00e7in aranan kriterler k\u0131saca; Kanada\u2019da ya\u015fanan s\u00fcre, dil beceriler, yasaklar, gelir vergisi beyan\u0131, Kanada oturum iznine sahip olup olunmad\u0131\u011f\u0131, Kanada hakk\u0131nda ne kadar bilgiye sahip olundu\u011fudur. Vatanda\u015fl\u0131k testi \u00fclkenin resmi dillerinden biri ile olmaktad\u0131r. S\u0131nav\u0131n i\u00e7eri\u011fi Discover Canada: The Rights and Responsibilities of Citizenship adl\u0131 \u00e7al\u0131\u015fma kitab\u0131na dayanmaktad\u0131r. Yasaklar konusunu netle\u015ftirmek gerekirse tahliye, ceza, mahk\u00fbmiyet, devam eden davalar mevzudur. Dil becerileri, \u0130ngilizce ve Frans\u0131zca dil bilgisini bir belge ile kan\u0131tlamaktan ibarettir. Kanada gelir vergi kanunu ile ba\u015fvuru \u00f6ncesi 6 y\u0131lda 4 vergi y\u0131l\u0131nda y\u00fck\u00fcml\u00fcl\u00fckleri yerine getirmi\u015f olmak gerekmektedir.<\/span><\/p>\n<h3><span style=\"font-family: Roboto; font-size: 24px;\"><strong>Kanada Vatanda\u015f\u0131 Olman\u0131n Avantajlar\u0131<\/strong><\/span><\/h3>\n<p><span style=\"font-family: Roboto; font-size: 14px;\">Kanada vatanda\u015flar\u0131 ABD, Avustralya, Yeni Zelanda ile Avrupa Birli\u011fi \u00fcyesi bir\u00e7ok \u00fclkeye (28 \u00fclke) vizesiz seyahat edebilmektedirler. Henley Vize K\u0131s\u0131tlamalar\u0131 Endeksi 1 Ocak 2017 Raporu&#8217;na g\u00f6re Kanada vatanda\u015flar\u0131 s\u0131n\u0131r kap\u0131s\u0131nda vize alarak ya da vizesiz bir \u015fekilde 171 \u00fclkeye seyahat etmek m\u00fcmk\u00fcnd\u00fcr. Kanada pasaportu vize sorunlar\u0131 ve di\u011fer gezi sorunlar\u0131n\u0131 azaltmaktad\u0131r. Kanada vatanda\u015f\u0131 olmakla birlikte Kanada siyasetine kat\u0131lmakta m\u00fcmk\u00fcn olmaktad\u0131r. Sonradan Kanada vatanda\u015fl\u0131\u011f\u0131 alan ki\u015filer de herhangi bir <strong>Kanada vatanda\u015f\u0131<\/strong> ile ayn\u0131 hak ve y\u00fck\u00fcml\u00fcl\u00fcklere sahip olacakt\u0131r. Ayr\u0131ca polis memuru, g\u00fcvenlik g\u00f6revlisi, askeri personel gibi meslekler edinmekte m\u00fcmk\u00fcn olacakt\u0131r. Ayn\u0131 zamanda h\u00fck\u00fcmet, yarg\u0131, ordu gibi kamu kurumlar\u0131nda da yer al\u0131nabilir. Kanada refah seviyesi ve ekonomik \u015fartlar\u0131 ile her daim cazip bir \u00fclke olacakt\u0131r. Son y\u0131llarda olduk\u00e7a fazla g\u00f6\u00e7men alan Kanada \u00fclke n\u00fcfusu genellikle gen\u00e7 n\u00fcfustur.<\/span><\/p>\n","protected":false},"excerpt":{"rendered":"<p>Kanada Vatanda\u015f\u0131 Olmak Kanada d\u00fcnyan\u0131n en geni\u015f ikinci \u00fclkesi olmakla birlikte ya\u015famak i\u00e7in olduk\u00e7a fazla tercih edilen bir \u00fclkedir. Kanada dolar\u0131n\u0131n Amerikan dolar\u0131 ve \u0130ngiliz sterlinine k\u0131yasla daha k\u00fc\u00e7\u00fck olmas\u0131 \u00fclkeyi daha cazip hale getirmektedir. D\u00fcnyan\u0131n en iyi ya\u015fam standartlar\u0131na sahip \u00fclkelerin ba\u015f\u0131nda gelen Kanada, bir sanayi \u00fclkesidir. Kanada ayr\u0131ca mutlu bir \u00fclkedir. \u0130nsanlar\u0131n ekonomik<\/p>\n","protected":false},"author":1,"featured_media":0,"parent":172,"menu_order":0,"comment_status":"open","ping_status":"closed","template":"","meta":{"footnotes":""},"class_list":["post-198","page","type-page","status-publish","hentry"],"yoast_head":"<!-- This site is optimized with the Yoast SEO plugin v24.0 - https:\/\/yoast.com\/wordpress\/plugins\/seo\/ -->\n<title>Kanada Vatanda\u015fl\u0131k \u0130\u015flemleri Nelerdir? - MyVize<\/title>\n<meta name=\"description\" content=\"Kanada Vatanda\u015fl\u0131\u011f\u0131 Nas\u0131l Al\u0131n\u0131r? Kanada Vatanda\u015fl\u0131\u011f\u0131 \u0130\u00e7in Gerekli Evraklar Nelerdir? Bilgi \u0130\u00e7in Vize Uzmanlar\u0131m\u0131z\u0131 Aray\u0131n: 0850 346 84 93\" \/>\n<meta name=\"robots\" content=\"index, follow, max-snippet:-1, max-image-preview:large, max-video-preview:-1\" \/>\n<link rel=\"canonical\" href=\"https:\/\/www.myvize.com.tr\/kanada\/vatandaslik-ve-gocmenlik\/kanada-vatandasligi\/\" \/>\n<meta property=\"og:locale\" content=\"tr_TR\" \/>\n<meta property=\"og:type\" content=\"article\" \/>\n<meta property=\"og:title\" content=\"Kanada Vatanda\u015fl\u0131k \u0130\u015flemleri Nelerdir? - MyVize\" \/>\n<meta property=\"og:description\" content=\"Kanada Vatanda\u015fl\u0131\u011f\u0131 Nas\u0131l Al\u0131n\u0131r? Kanada Vatanda\u015fl\u0131\u011f\u0131 \u0130\u00e7in Gerekli Evraklar Nelerdir? Bilgi \u0130\u00e7in Vize Uzmanlar\u0131m\u0131z\u0131 Aray\u0131n: 0850 346 84 93\" \/>\n<meta property=\"og:url\" content=\"https:\/\/www.myvize.com.tr\/kanada\/vatandaslik-ve-gocmenlik\/kanada-vatandasligi\/\" \/>\n<meta property=\"og:site_name\" content=\"Kanada Vizesi\" \/>\n<meta property=\"article:modified_time\" content=\"2022-06-03T10:37:37+00:00\" \/>\n<meta name=\"twitter:card\" content=\"summary_large_image\" \/>\n<meta name=\"twitter:label1\" content=\"Tahmini okuma s\u00fcresi\" \/>\n\t<meta name=\"twitter:data1\" content=\"4 dakika\" \/>\n<script type=\"application\/ld+json\" class=\"yoast-schema-graph\">{\"@context\":\"https:\/\/schema.org\",\"@graph\":[{\"@type\":\"WebPage\",\"@id\":\"https:\/\/www.myvize.com.tr\/kanada\/vatandaslik-ve-gocmenlik\/kanada-vatandasligi\/\",\"url\":\"https:\/\/www.myvize.com.tr\/kanada\/vatandaslik-ve-gocmenlik\/kanada-vatandasligi\/\",\"name\":\"Kanada Vatanda\u015fl\u0131k \u0130\u015flemleri Nelerdir? - MyVize\",\"isPartOf\":{\"@id\":\"https:\/\/www.myvize.com.tr\/kanada\/#website\"},\"datePublished\":\"2020-12-22T12:40:30+00:00\",\"dateModified\":\"2022-06-03T10:37:37+00:00\",\"description\":\"Kanada Vatanda\u015fl\u0131\u011f\u0131 Nas\u0131l Al\u0131n\u0131r? Kanada Vatanda\u015fl\u0131\u011f\u0131 \u0130\u00e7in Gerekli Evraklar Nelerdir? Bilgi \u0130\u00e7in Vize Uzmanlar\u0131m\u0131z\u0131 Aray\u0131n: 0850 346 84 93\",\"breadcrumb\":{\"@id\":\"https:\/\/www.myvize.com.tr\/kanada\/vatandaslik-ve-gocmenlik\/kanada-vatandasligi\/#breadcrumb\"},\"inLanguage\":\"tr\",\"potentialAction\":[{\"@type\":\"ReadAction\",\"target\":[\"https:\/\/www.myvize.com.tr\/kanada\/vatandaslik-ve-gocmenlik\/kanada-vatandasligi\/\"]}]},{\"@type\":\"BreadcrumbList\",\"@id\":\"https:\/\/www.myvize.com.tr\/kanada\/vatandaslik-ve-gocmenlik\/kanada-vatandasligi\/#breadcrumb\",\"itemListElement\":[{\"@type\":\"ListItem\",\"position\":1,\"name\":\"Anasayfa\",\"item\":\"https:\/\/www.myvize.com.tr\/kanada\/\"},{\"@type\":\"ListItem\",\"position\":2,\"name\":\"VATANDA\u015eLIK VE G\u00d6\u00c7MENL\u0130K\",\"item\":\"https:\/\/www.myvize.com.tr\/kanada\/vatandaslik-ve-gocmenlik\/\"},{\"@type\":\"ListItem\",\"position\":3,\"name\":\"Kanada Vatanda\u015fl\u0131\u011f\u0131\"}]},{\"@type\":\"WebSite\",\"@id\":\"https:\/\/www.myvize.com.tr\/kanada\/#website\",\"url\":\"https:\/\/www.myvize.com.tr\/kanada\/\",\"name\":\"Kanada Vizesi\",\"description\":\"\",\"potentialAction\":[{\"@type\":\"SearchAction\",\"target\":{\"@type\":\"EntryPoint\",\"urlTemplate\":\"https:\/\/www.myvize.com.tr\/kanada\/?s={search_term_string}\"},\"query-input\":{\"@type\":\"PropertyValueSpecification\",\"valueRequired\":true,\"valueName\":\"search_term_string\"}}],\"inLanguage\":\"tr\"}]}<\/script>\n<!-- \/ Yoast SEO plugin. -->","yoast_head_json":{"title":"Kanada Vatanda\u015fl\u0131k \u0130\u015flemleri Nelerdir? - MyVize","description":"Kanada Vatanda\u015fl\u0131\u011f\u0131 Nas\u0131l Al\u0131n\u0131r? Kanada Vatanda\u015fl\u0131\u011f\u0131 \u0130\u00e7in Gerekli Evraklar Nelerdir? Bilgi \u0130\u00e7in Vize Uzmanlar\u0131m\u0131z\u0131 Aray\u0131n: 0850 346 84 93","robots":{"index":"index","follow":"follow","max-snippet":"max-snippet:-1","max-image-preview":"max-image-preview:large","max-video-preview":"max-video-preview:-1"},"canonical":"https:\/\/www.myvize.com.tr\/kanada\/vatandaslik-ve-gocmenlik\/kanada-vatandasligi\/","og_locale":"tr_TR","og_type":"article","og_title":"Kanada Vatanda\u015fl\u0131k \u0130\u015flemleri Nelerdir? - MyVize","og_description":"Kanada Vatanda\u015fl\u0131\u011f\u0131 Nas\u0131l Al\u0131n\u0131r? Kanada Vatanda\u015fl\u0131\u011f\u0131 \u0130\u00e7in Gerekli Evraklar Nelerdir? Bilgi \u0130\u00e7in Vize Uzmanlar\u0131m\u0131z\u0131 Aray\u0131n: 0850 346 84 93","og_url":"https:\/\/www.myvize.com.tr\/kanada\/vatandaslik-ve-gocmenlik\/kanada-vatandasligi\/","og_site_name":"Kanada Vizesi","article_modified_time":"2022-06-03T10:37:37+00:00","twitter_card":"summary_large_image","twitter_misc":{"Tahmini okuma s\u00fcresi":"4 dakika"},"schema":{"@context":"https:\/\/schema.org","@graph":[{"@type":"WebPage","@id":"https:\/\/www.myvize.com.tr\/kanada\/vatandaslik-ve-gocmenlik\/kanada-vatandasligi\/","url":"https:\/\/www.myvize.com.tr\/kanada\/vatandaslik-ve-gocmenlik\/kanada-vatandasligi\/","name":"Kanada Vatanda\u015fl\u0131k \u0130\u015flemleri Nelerdir? - MyVize","isPartOf":{"@id":"https:\/\/www.myvize.com.tr\/kanada\/#website"},"datePublished":"2020-12-22T12:40:30+00:00","dateModified":"2022-06-03T10:37:37+00:00","description":"Kanada Vatanda\u015fl\u0131\u011f\u0131 Nas\u0131l Al\u0131n\u0131r? Kanada Vatanda\u015fl\u0131\u011f\u0131 \u0130\u00e7in Gerekli Evraklar Nelerdir? Bilgi \u0130\u00e7in Vize Uzmanlar\u0131m\u0131z\u0131 Aray\u0131n: 0850 346 84 93","breadcrumb":{"@id":"https:\/\/www.myvize.com.tr\/kanada\/vatandaslik-ve-gocmenlik\/kanada-vatandasligi\/#breadcrumb"},"inLanguage":"tr","potentialAction":[{"@type":"ReadAction","target":["https:\/\/www.myvize.com.tr\/kanada\/vatandaslik-ve-gocmenlik\/kanada-vatandasligi\/"]}]},{"@type":"BreadcrumbList","@id":"https:\/\/www.myvize.com.tr\/kanada\/vatandaslik-ve-gocmenlik\/kanada-vatandasligi\/#breadcrumb","itemListElement":[{"@type":"ListItem","position":1,"name":"Anasayfa","item":"https:\/\/www.myvize.com.tr\/kanada\/"},{"@type":"ListItem","position":2,"name":"VATANDA\u015eLIK VE G\u00d6\u00c7MENL\u0130K","item":"https:\/\/www.myvize.com.tr\/kanada\/vatandaslik-ve-gocmenlik\/"},{"@type":"ListItem","position":3,"name":"Kanada Vatanda\u015fl\u0131\u011f\u0131"}]},{"@type":"WebSite","@id":"https:\/\/www.myvize.com.tr\/kanada\/#website","url":"https:\/\/www.myvize.com.tr\/kanada\/","name":"Kanada Vizesi","description":"","potentialAction":[{"@type":"SearchAction","target":{"@type":"EntryPoint","urlTemplate":"https:\/\/www.myvize.com.tr\/kanada\/?s={search_term_string}"},"query-input":{"@type":"PropertyValueSpecification","valueRequired":true,"valueName":"search_term_string"}}],"inLanguage":"tr"}]}},"_links":{"self":[{"href":"https:\/\/www.myvize.com.tr\/kanada\/wp-json\/wp\/v2\/pages\/198","targetHints":{"allow":["GET"]}}],"collection":[{"href":"https:\/\/www.myvize.com.tr\/kanada\/wp-json\/wp\/v2\/pages"}],"about":[{"href":"https:\/\/www.myvize.com.tr\/kanada\/wp-json\/wp\/v2\/types\/page"}],"author":[{"embeddable":true,"href":"https:\/\/www.myvize.com.tr\/kanada\/wp-json\/wp\/v2\/users\/1"}],"replies":[{"embeddable":true,"href":"https:\/\/www.myvize.com.tr\/kanada\/wp-json\/wp\/v2\/comments?post=198"}],"version-history":[{"count":5,"href":"https:\/\/www.myvize.com.tr\/kanada\/wp-json\/wp\/v2\/pages\/198\/revisions"}],"predecessor-version":[{"id":1181,"href":"https:\/\/www.myvize.com.tr\/kanada\/wp-json\/wp\/v2\/pages\/198\/revisions\/1181"}],"up":[{"embeddable":true,"href":"https:\/\/www.myvize.com.tr\/kanada\/wp-json\/wp\/v2\/pages\/172"}],"wp:attachment":[{"href":"https:\/\/www.myvize.com.tr\/kanada\/wp-json\/wp\/v2\/media?parent=198"}],"curies":[{"name":"wp","href":"https:\/\/api.w.org\/{rel}","templated":true}]}}