{"id":200,"date":"2020-12-22T15:40:53","date_gmt":"2020-12-22T12:40:53","guid":{"rendered":"https:\/\/www.myvize.com.tr\/kanada\/?page_id=200"},"modified":"2022-03-25T17:13:07","modified_gmt":"2022-03-25T14:13:07","slug":"kanada-vatandaslik-sartlari-nelerdir-kanada-vatandasligi","status":"publish","type":"page","link":"https:\/\/www.myvize.com.tr\/kanada\/vatandaslik-ve-gocmenlik\/kanada-vatandaslik-sartlari-nelerdir-kanada-vatandasligi\/","title":{"rendered":"Kanada Vatanda\u015fl\u0131k \u015eartlar\u0131 Nelerdir? Kanada Vatanda\u015fl\u0131\u011f\u0131"},"content":{"rendered":"<h2><strong><span style=\"font-family: Roboto; font-size: 27px;\">Kanada Vatanda\u015f\u0131 Olmak \u0130\u00e7in Yap\u0131lmas\u0131 Gerekenler<\/span><\/strong><\/h2>\n<p><span style=\"font-family: Roboto; font-size: 14px;\">D\u00fcnyan\u0131n en geli\u015fmi\u015f \u00fclkesinden biri olarak bilinen Kanada, do\u011fal yolla al\u0131nan vatanda\u015fl\u0131\u011f\u0131n yan\u0131nda sonradan vatanda\u015fl\u0131k kazanmak imk\u00e2n\u0131 da sunmaktad\u0131r. Kanada vatanda\u015fl\u0131\u011f\u0131 ba\u015fvurusu yapma isteyen bireyin baz\u0131 \u015fart\u0131 kar\u015f\u0131l\u0131yor olmas\u0131 gerekmekte. A\u015fa\u011f\u0131da <strong>Kanada vatanda\u015f\u0131<\/strong> olmak i\u00e7in sa\u011flanma gereken \u015farta yer verilmi\u015ftir.<\/span><br \/>\n<span style=\"font-family: Roboto; font-size: 14px;\">Kanada\u2019da do\u011fma.<\/span><br \/>\n<span style=\"font-family: Roboto; font-size: 14px;\">Annenin ya da baban\u0131n <strong>Kanada vatanda\u015fl\u0131\u011f\u0131<\/strong> bulunmas\u0131.<\/span><br \/>\n<span style=\"font-family: Roboto; font-size: 14px;\">Kanada\u2019ya g\u00f6\u00e7men program\u0131nda Kanada\u2019ya gitme.<\/span><br \/>\n<span style=\"font-family: Roboto; font-size: 14px;\">Kanada\u2019da belirli bir s\u00fcreli oturum izni ile ikamet etme.<\/span><br \/>\n<span style=\"font-family: Roboto; font-size: 14px;\">Bir <strong>Kanada vatanda\u015f\u0131<\/strong> ile evlenme.<\/span><br \/>\n<span style=\"font-family: Roboto; font-size: 14px;\">Kanada\u2019ya s\u0131\u011f\u0131nma taleplerinde bulunma.<\/span><br \/>\n<span style=\"font-family: Roboto; font-size: 14px;\"><strong>T\u00fcrkiye Cumhuriyeti vatanda\u015flar\u0131<\/strong> i\u00e7in sonradan Kanada vatanda\u015f\u0131 olmak \u00f6ncelikle bir g\u00f6\u00e7men program\u0131na dahil olarak burada g\u00f6\u00e7menlik stat\u00fcs\u00fc ile \u00fc\u00e7 y\u0131l ge\u00e7irdikten sonra al\u0131nabilmekte. Bireyler oturum izni ile Kanada da ikamet s\u00fcresini doldurduktan sonra <strong>Kanada vatanda\u015f ba\u015fvurusu<\/strong> yapma hakk\u0131n\u0131 kazanmaktad\u0131r.<\/span><br \/>\n<span style=\"font-family: Roboto; font-size: 14px;\">Bireyler Kanada vatanda\u015fl\u0131\u011f\u0131n\u0131 ald\u0131ktan sonra \u00fclke i\u00e7inde herhangi bir ikamet etmek zorunlulu\u011fu bulunmamakta. Vatanda\u015fl\u0131k al\u0131nd\u0131ktan sonra ba\u015fvuru sahibi istedi\u011fi \u00fclkelerde ya\u015fama hakk\u0131na sahiptir.<\/span><br \/>\n<span style=\"font-family: Roboto; font-size: 14px;\">Kanada\u2019da yabanc\u0131 uyruk diplomat bir aile \u00e7ocu\u011fu olarak d\u00fcnyaya gelen ki\u015filere<strong> Kanada vatanda\u015fl\u0131\u011f\u0131 hakk\u0131<\/strong> verilmez. Ayr\u0131ca daha \u00f6nce de herhangi bir sebepten <strong>Kanada vatanda\u015fl\u0131\u011f\u0131<\/strong> iptal edilen birey de yeniden vatanda\u015fl\u0131k ba\u015fvurusunda bulunma hakk\u0131na da sahip de\u011fildir. <strong>Kanada vatanda\u015fl\u0131k i\u015flemini<\/strong> ba\u015flatarak s\u00fcreci tamamlamada vazge\u00e7en birey i\u00e7in de ne yaz\u0131k ki ikinci bir ba\u015fvurma hakk\u0131 bulunmamakta. Gerekli ba\u015fvurular\u0131 prosed\u00fcrlere uygun yapmak tavsiye edilmektedir.<\/span><\/p>\n<p><span style=\"font-family: Roboto; font-size: 14px;\"><span style=\"color: #2acec2;\"><strong><a style=\"color: #2acec2;\" href=\"https:\/\/www.myvize.com.tr\/kanada\/kanada-vize-ucreti\/\" target=\"_blank\" rel=\"noopener\">Kanada Vize \u00dccreti <\/a><\/strong><\/span>ile ilgili bilgi almak i\u00e7in bizi aray\u0131n\u0131z.<\/span><\/p>\n<h2><span style=\"font-family: Roboto; font-size: 27px;\"><strong>Kanada Vatanda\u015fl\u0131k \u015eartlar\u0131 Nelerdir?<\/strong><\/span><\/h2>\n<ul>\n<li><span style=\"font-family: Roboto; font-size: 14px;\">Kanada vatanda\u015fl\u0131\u011f\u0131 ba\u015fvurunuz kabul edilebilmesi i\u00e7in a\u015fa\u011f\u0131daki kriter dikkate al\u0131nmaktad\u0131r:<\/span><\/li>\n<li><span style=\"font-family: Roboto; font-size: 14px;\">Kanada oturma izni sahibi olup olmad\u0131\u011f\u0131.<\/span><\/li>\n<li><span style=\"font-family: Roboto; font-size: 14px;\">Kanada&#8217;da ya\u015fad\u0131\u011f\u0131 s\u00fcre.<\/span><\/li>\n<li><span style=\"font-family: Roboto; font-size: 14px;\">Gelir vergisi beyanlar\u0131.<\/span><\/li>\n<li><span style=\"font-family: Roboto; font-size: 14px;\">Dil becerisi.<\/span><\/li>\n<li><span style=\"font-family: Roboto; font-size: 14px;\">Kanada&#8217;y\u0131 ne kadar iyi tan\u0131d\u0131\u011f\u0131.<\/span><\/li>\n<li><span style=\"font-family: Roboto; font-size: 14px;\">Yasak, kanunlar.<\/span><\/li>\n<li><span style=\"font-family: Roboto; font-size: 14px;\">Kanada Oturma izni sahibi olan.<\/span><\/li>\n<\/ul>\n<p><span style=\"font-family: Roboto; font-size: 14px;\"><span style=\"color: #2acec2;\"><strong><a style=\"color: #2acec2;\" href=\"https:\/\/www.myvize.com.tr\/kanada\/vize-islemleri\/kanada-oturum-izni\/\" target=\"_blank\" rel=\"noopener\">Kanada oturum izni<\/a><\/strong><\/span> sahibi olarak Kanada\u2019da ya\u015fan\u0131yorsa ya\u015f\u0131n\u0131z\u0131n herhangi bir \u00f6nemi yoktur. Ve a\u015fa\u011f\u0131daki \u015fart\u0131 yerine getirmeniz gerekmekte:<\/span><\/p>\n<p><span style=\"font-family: Roboto; font-size: 14px;\"><strong>Kanada oturma izni<\/strong> sahibi olarak yerine getirmek gereken t\u00fcm ko\u015fulu yerine getirmi\u015f olmal\u0131s\u0131n\u0131z.<\/span><\/p>\n<p><span style=\"font-family: Roboto; font-size: 14px;\">G\u00f6\u00e7men ya da doland\u0131r\u0131c\u0131l\u0131k nedeniyle herhangi bir inceleme ge\u00e7irmemi\u015f olman\u0131z gerekmektedir.<\/span><\/p>\n<p><span style=\"font-family: Roboto; font-size: 14px;\">Kanada yetkilisi taraf\u0131ndan \u00fclkeyi terk etmek i\u00e7in bir emir almam\u0131\u015f olman\u0131z gerekir. <span style=\"color: #2acec2;\"><strong><a style=\"color: #2acec2;\" href=\"https:\/\/www.myvize.com.tr\/kanada\/vatandaslik-ve-gocmenlik\/kanada-vatandasligi\/\" target=\"_blank\" rel=\"noopener\">Kanada vatanda\u015fl\u0131\u011f\u0131<\/a><\/strong><\/span> ba\u015fvurusu yapabilmek i\u00e7in Kanada\u2019da fiziksel olarak bulunmak gereken belli bir s\u00fcre var. Kanada\u2019da bulundu\u011fu bu s\u00fcre i\u00e7erisinde <strong>Kanada oturma izni<\/strong> sahipleri stat\u00fcs\u00fcne olman\u0131z.<\/span><\/p>\n<p><span style=\"font-family: Roboto; font-size: 14px;\">Kanada\u2019da do\u011fmu\u015fsan\u0131z, <strong>Kanada Vatanda\u015f Yasas\u0131<\/strong>\u2019nda yap\u0131lan de\u011fi\u015fiklik nedeniyle Kanada vatanda\u015fl\u0131\u011f\u0131 hak kazand\u0131ysan\u0131z, e\u011fer Kanada vatanda\u015fl\u0131k i\u00e7in yapt\u0131\u011f\u0131n\u0131z ba\u015fvuru kabul edildi ise, Kanada s\u0131n\u0131r\u0131 d\u0131\u015f\u0131nda do\u011fmu\u015f olman\u0131z ra\u011fmen ebeveyninizden en az biri Kanadal\u0131 ise Kanada vatanda\u015fl\u0131\u011f\u0131 alabilirsiniz. Kanada\u2019da yabanc\u0131 diplomatik bir ailenin \u00e7ocuklar\u0131 olarak do\u011fduysan\u0131z, <strong>Kanada vatanda\u015fl\u0131\u011f\u0131<\/strong> iptal edildiyse, Kanada vatanda\u015fl\u0131k ba\u015fvurunuzdan vazge\u00e7tiyseniz ve yeniden ba\u015fvurular yapmad\u0131ysan\u0131z Kanada vatanda\u015fl\u0131\u011f\u0131 alamazs\u0131n\u0131z. Bir Kanada vatanda\u015f\u0131yla evlendi iseniz, Bir Kanada vatanda\u015f\u0131 taraf\u0131ndan evlat edindiyseniz, bir m\u00fclteci olarak Kanada\u2019ya kabul edilmi\u015fseniz, Kanada\u2019da s\u00fcresiz oturma izni ile uzun y\u0131llar boyunca ya\u015fad\u0131ysan\u0131z otomatik olarak Kanada vatanda\u015f\u0131 olmazs\u0131n\u0131z ancak <strong>Kanada vatanda\u015fl\u0131\u011f\u0131 i\u00e7in ba\u015fvuru<\/strong> yap\u0131labilir.<\/span><\/p>\n","protected":false},"excerpt":{"rendered":"<p>Kanada Vatanda\u015f\u0131 Olmak \u0130\u00e7in Yap\u0131lmas\u0131 Gerekenler D\u00fcnyan\u0131n en geli\u015fmi\u015f \u00fclkesinden biri olarak bilinen Kanada, do\u011fal yolla al\u0131nan vatanda\u015fl\u0131\u011f\u0131n yan\u0131nda sonradan vatanda\u015fl\u0131k kazanmak imk\u00e2n\u0131 da sunmaktad\u0131r. Kanada vatanda\u015fl\u0131\u011f\u0131 ba\u015fvurusu yapma isteyen bireyin baz\u0131 \u015fart\u0131 kar\u015f\u0131l\u0131yor olmas\u0131 gerekmekte. A\u015fa\u011f\u0131da Kanada vatanda\u015f\u0131 olmak i\u00e7in sa\u011flanma gereken \u015farta yer verilmi\u015ftir. Kanada\u2019da do\u011fma. Annenin ya da baban\u0131n Kanada vatanda\u015fl\u0131\u011f\u0131 bulunmas\u0131.<\/p>\n","protected":false},"author":1,"featured_media":0,"parent":172,"menu_order":0,"comment_status":"open","ping_status":"closed","template":"","meta":{"footnotes":""},"class_list":["post-200","page","type-page","status-publish","hentry"],"yoast_head":"<!-- This site is optimized with the Yoast SEO plugin v24.0 - https:\/\/yoast.com\/wordpress\/plugins\/seo\/ -->\n<title>Kanada Vatanda\u015fl\u0131k \u015eartlar\u0131 Nelerdir? - MyVize<\/title>\n<meta name=\"description\" content=\"Kanada Vatanda\u015fl\u0131k \u015eartlar\u0131 Nelerdir? Kanada Vatanda\u015fl\u0131\u011f\u0131 Nas\u0131l Al\u0131n\u0131r? Kanada Vatanda\u015fl\u0131\u011f\u0131 Almak \u0130\u00e7in Gereken Belgeler Nelerdir?\" \/>\n<meta name=\"robots\" content=\"index, follow, max-snippet:-1, max-image-preview:large, max-video-preview:-1\" \/>\n<link rel=\"canonical\" href=\"https:\/\/www.myvize.com.tr\/kanada\/vatandaslik-ve-gocmenlik\/kanada-vatandaslik-sartlari-nelerdir-kanada-vatandasligi\/\" \/>\n<meta property=\"og:locale\" content=\"tr_TR\" \/>\n<meta property=\"og:type\" content=\"article\" \/>\n<meta property=\"og:title\" content=\"Kanada Vatanda\u015fl\u0131k \u015eartlar\u0131 Nelerdir? - MyVize\" \/>\n<meta property=\"og:description\" content=\"Kanada Vatanda\u015fl\u0131k \u015eartlar\u0131 Nelerdir? Kanada Vatanda\u015fl\u0131\u011f\u0131 Nas\u0131l Al\u0131n\u0131r? Kanada Vatanda\u015fl\u0131\u011f\u0131 Almak \u0130\u00e7in Gereken Belgeler Nelerdir?\" \/>\n<meta property=\"og:url\" content=\"https:\/\/www.myvize.com.tr\/kanada\/vatandaslik-ve-gocmenlik\/kanada-vatandaslik-sartlari-nelerdir-kanada-vatandasligi\/\" \/>\n<meta property=\"og:site_name\" content=\"Kanada Vizesi\" \/>\n<meta property=\"article:modified_time\" content=\"2022-03-25T14:13:07+00:00\" \/>\n<meta name=\"twitter:card\" content=\"summary_large_image\" \/>\n<meta name=\"twitter:label1\" content=\"Tahmini okuma s\u00fcresi\" \/>\n\t<meta name=\"twitter:data1\" content=\"2 dakika\" \/>\n<script type=\"application\/ld+json\" class=\"yoast-schema-graph\">{\"@context\":\"https:\/\/schema.org\",\"@graph\":[{\"@type\":\"WebPage\",\"@id\":\"https:\/\/www.myvize.com.tr\/kanada\/vatandaslik-ve-gocmenlik\/kanada-vatandaslik-sartlari-nelerdir-kanada-vatandasligi\/\",\"url\":\"https:\/\/www.myvize.com.tr\/kanada\/vatandaslik-ve-gocmenlik\/kanada-vatandaslik-sartlari-nelerdir-kanada-vatandasligi\/\",\"name\":\"Kanada Vatanda\u015fl\u0131k \u015eartlar\u0131 Nelerdir? - MyVize\",\"isPartOf\":{\"@id\":\"https:\/\/www.myvize.com.tr\/kanada\/#website\"},\"datePublished\":\"2020-12-22T12:40:53+00:00\",\"dateModified\":\"2022-03-25T14:13:07+00:00\",\"description\":\"Kanada Vatanda\u015fl\u0131k \u015eartlar\u0131 Nelerdir? Kanada Vatanda\u015fl\u0131\u011f\u0131 Nas\u0131l Al\u0131n\u0131r? Kanada Vatanda\u015fl\u0131\u011f\u0131 Almak \u0130\u00e7in Gereken Belgeler Nelerdir?\",\"breadcrumb\":{\"@id\":\"https:\/\/www.myvize.com.tr\/kanada\/vatandaslik-ve-gocmenlik\/kanada-vatandaslik-sartlari-nelerdir-kanada-vatandasligi\/#breadcrumb\"},\"inLanguage\":\"tr\",\"potentialAction\":[{\"@type\":\"ReadAction\",\"target\":[\"https:\/\/www.myvize.com.tr\/kanada\/vatandaslik-ve-gocmenlik\/kanada-vatandaslik-sartlari-nelerdir-kanada-vatandasligi\/\"]}]},{\"@type\":\"BreadcrumbList\",\"@id\":\"https:\/\/www.myvize.com.tr\/kanada\/vatandaslik-ve-gocmenlik\/kanada-vatandaslik-sartlari-nelerdir-kanada-vatandasligi\/#breadcrumb\",\"itemListElement\":[{\"@type\":\"ListItem\",\"position\":1,\"name\":\"Anasayfa\",\"item\":\"https:\/\/www.myvize.com.tr\/kanada\/\"},{\"@type\":\"ListItem\",\"position\":2,\"name\":\"VATANDA\u015eLIK VE G\u00d6\u00c7MENL\u0130K\",\"item\":\"https:\/\/www.myvize.com.tr\/kanada\/vatandaslik-ve-gocmenlik\/\"},{\"@type\":\"ListItem\",\"position\":3,\"name\":\"Kanada Vatanda\u015fl\u0131k \u015eartlar\u0131 Nelerdir? Kanada Vatanda\u015fl\u0131\u011f\u0131\"}]},{\"@type\":\"WebSite\",\"@id\":\"https:\/\/www.myvize.com.tr\/kanada\/#website\",\"url\":\"https:\/\/www.myvize.com.tr\/kanada\/\",\"name\":\"Kanada Vizesi\",\"description\":\"\",\"potentialAction\":[{\"@type\":\"SearchAction\",\"target\":{\"@type\":\"EntryPoint\",\"urlTemplate\":\"https:\/\/www.myvize.com.tr\/kanada\/?s={search_term_string}\"},\"query-input\":{\"@type\":\"PropertyValueSpecification\",\"valueRequired\":true,\"valueName\":\"search_term_string\"}}],\"inLanguage\":\"tr\"}]}<\/script>\n<!-- \/ Yoast SEO plugin. -->","yoast_head_json":{"title":"Kanada Vatanda\u015fl\u0131k \u015eartlar\u0131 Nelerdir? - MyVize","description":"Kanada Vatanda\u015fl\u0131k \u015eartlar\u0131 Nelerdir? Kanada Vatanda\u015fl\u0131\u011f\u0131 Nas\u0131l Al\u0131n\u0131r? Kanada Vatanda\u015fl\u0131\u011f\u0131 Almak \u0130\u00e7in Gereken Belgeler Nelerdir?","robots":{"index":"index","follow":"follow","max-snippet":"max-snippet:-1","max-image-preview":"max-image-preview:large","max-video-preview":"max-video-preview:-1"},"canonical":"https:\/\/www.myvize.com.tr\/kanada\/vatandaslik-ve-gocmenlik\/kanada-vatandaslik-sartlari-nelerdir-kanada-vatandasligi\/","og_locale":"tr_TR","og_type":"article","og_title":"Kanada Vatanda\u015fl\u0131k \u015eartlar\u0131 Nelerdir? - MyVize","og_description":"Kanada Vatanda\u015fl\u0131k \u015eartlar\u0131 Nelerdir? Kanada Vatanda\u015fl\u0131\u011f\u0131 Nas\u0131l Al\u0131n\u0131r? Kanada Vatanda\u015fl\u0131\u011f\u0131 Almak \u0130\u00e7in Gereken Belgeler Nelerdir?","og_url":"https:\/\/www.myvize.com.tr\/kanada\/vatandaslik-ve-gocmenlik\/kanada-vatandaslik-sartlari-nelerdir-kanada-vatandasligi\/","og_site_name":"Kanada Vizesi","article_modified_time":"2022-03-25T14:13:07+00:00","twitter_card":"summary_large_image","twitter_misc":{"Tahmini okuma s\u00fcresi":"2 dakika"},"schema":{"@context":"https:\/\/schema.org","@graph":[{"@type":"WebPage","@id":"https:\/\/www.myvize.com.tr\/kanada\/vatandaslik-ve-gocmenlik\/kanada-vatandaslik-sartlari-nelerdir-kanada-vatandasligi\/","url":"https:\/\/www.myvize.com.tr\/kanada\/vatandaslik-ve-gocmenlik\/kanada-vatandaslik-sartlari-nelerdir-kanada-vatandasligi\/","name":"Kanada Vatanda\u015fl\u0131k \u015eartlar\u0131 Nelerdir? - MyVize","isPartOf":{"@id":"https:\/\/www.myvize.com.tr\/kanada\/#website"},"datePublished":"2020-12-22T12:40:53+00:00","dateModified":"2022-03-25T14:13:07+00:00","description":"Kanada Vatanda\u015fl\u0131k \u015eartlar\u0131 Nelerdir? Kanada Vatanda\u015fl\u0131\u011f\u0131 Nas\u0131l Al\u0131n\u0131r? Kanada Vatanda\u015fl\u0131\u011f\u0131 Almak \u0130\u00e7in Gereken Belgeler Nelerdir?","breadcrumb":{"@id":"https:\/\/www.myvize.com.tr\/kanada\/vatandaslik-ve-gocmenlik\/kanada-vatandaslik-sartlari-nelerdir-kanada-vatandasligi\/#breadcrumb"},"inLanguage":"tr","potentialAction":[{"@type":"ReadAction","target":["https:\/\/www.myvize.com.tr\/kanada\/vatandaslik-ve-gocmenlik\/kanada-vatandaslik-sartlari-nelerdir-kanada-vatandasligi\/"]}]},{"@type":"BreadcrumbList","@id":"https:\/\/www.myvize.com.tr\/kanada\/vatandaslik-ve-gocmenlik\/kanada-vatandaslik-sartlari-nelerdir-kanada-vatandasligi\/#breadcrumb","itemListElement":[{"@type":"ListItem","position":1,"name":"Anasayfa","item":"https:\/\/www.myvize.com.tr\/kanada\/"},{"@type":"ListItem","position":2,"name":"VATANDA\u015eLIK VE G\u00d6\u00c7MENL\u0130K","item":"https:\/\/www.myvize.com.tr\/kanada\/vatandaslik-ve-gocmenlik\/"},{"@type":"ListItem","position":3,"name":"Kanada Vatanda\u015fl\u0131k \u015eartlar\u0131 Nelerdir? Kanada Vatanda\u015fl\u0131\u011f\u0131"}]},{"@type":"WebSite","@id":"https:\/\/www.myvize.com.tr\/kanada\/#website","url":"https:\/\/www.myvize.com.tr\/kanada\/","name":"Kanada Vizesi","description":"","potentialAction":[{"@type":"SearchAction","target":{"@type":"EntryPoint","urlTemplate":"https:\/\/www.myvize.com.tr\/kanada\/?s={search_term_string}"},"query-input":{"@type":"PropertyValueSpecification","valueRequired":true,"valueName":"search_term_string"}}],"inLanguage":"tr"}]}},"_links":{"self":[{"href":"https:\/\/www.myvize.com.tr\/kanada\/wp-json\/wp\/v2\/pages\/200","targetHints":{"allow":["GET"]}}],"collection":[{"href":"https:\/\/www.myvize.com.tr\/kanada\/wp-json\/wp\/v2\/pages"}],"about":[{"href":"https:\/\/www.myvize.com.tr\/kanada\/wp-json\/wp\/v2\/types\/page"}],"author":[{"embeddable":true,"href":"https:\/\/www.myvize.com.tr\/kanada\/wp-json\/wp\/v2\/users\/1"}],"replies":[{"embeddable":true,"href":"https:\/\/www.myvize.com.tr\/kanada\/wp-json\/wp\/v2\/comments?post=200"}],"version-history":[{"count":5,"href":"https:\/\/www.myvize.com.tr\/kanada\/wp-json\/wp\/v2\/pages\/200\/revisions"}],"predecessor-version":[{"id":1080,"href":"https:\/\/www.myvize.com.tr\/kanada\/wp-json\/wp\/v2\/pages\/200\/revisions\/1080"}],"up":[{"embeddable":true,"href":"https:\/\/www.myvize.com.tr\/kanada\/wp-json\/wp\/v2\/pages\/172"}],"wp:attachment":[{"href":"https:\/\/www.myvize.com.tr\/kanada\/wp-json\/wp\/v2\/media?parent=200"}],"curies":[{"name":"wp","href":"https:\/\/api.w.org\/{rel}","templated":true}]}}