{"id":202,"date":"2020-12-22T15:41:18","date_gmt":"2020-12-22T12:41:18","guid":{"rendered":"https:\/\/www.myvize.com.tr\/kanada\/?page_id=202"},"modified":"2022-03-25T17:12:18","modified_gmt":"2022-03-25T14:12:18","slug":"nitelikli-gocmenlik-programi","status":"publish","type":"page","link":"https:\/\/www.myvize.com.tr\/kanada\/vatandaslik-ve-gocmenlik\/nitelikli-gocmenlik-programi\/","title":{"rendered":"Kanada Nitelikli G\u00f6\u00e7menlik Program\u0131"},"content":{"rendered":"<h2><span style=\"font-family: Roboto; font-size: 27px;\"><strong>Kanada Nitelikli G\u00f6\u00e7menlik Program\u0131 Hakk\u0131nda<\/strong><\/span><\/h2>\n<p><span style=\"font-family: Roboto; font-size: 14px;\"><strong>Kanada<\/strong>\u2019ya g\u00f6\u00e7 etmeyi isteyen ki\u015fi bekleyen bir\u00e7ok se\u00e7enek var. Ancak <strong>Kanada<\/strong>\u2019ya g\u00f6\u00e7 etme i\u00e7in kar\u015f\u0131laman\u0131z gereken belli \u015fart vard\u0131r. <strong><span style=\"color: #2acec2;\"><a style=\"color: #2acec2;\" href=\"https:\/\/www.myvize.com.tr\/kanada\/\" target=\"_blank\" rel=\"noopener\">Kanada<\/a><\/span><\/strong> g\u00f6\u00e7men testinden istenilen puan sahipseniz Kanada g\u00f6\u00e7men ba\u015fvurusu ger\u00e7ekle\u015ftirebilirsiniz. Ba\u015fvuru ger\u00e7ekle\u015ftirirken en \u00f6nemli ad\u0131mdan biri de do\u011fru kategorilerde ba\u015fvuru ger\u00e7ekle\u015ftirmektir. <a href=\"https:\/\/www.myvize.com.tr\/kanada\/vatandaslik-ve-gocmenlik\/kanada-gocmenlik-basvurusu\/\" target=\"_blank\" rel=\"noopener\"><strong>Kanada g\u00f6\u00e7menlik ba\u015fvurusu<\/strong><\/a> gerekli formun doldurulmas\u0131 ile ba\u015flanmakta. Sonras\u0131nda istenilen belgeler ve evrak\u0131n sunulmas\u0131yla devam edilmekte. Ba\u015fvuru ve kabul s\u00fcreci 6 ay ile 1 y\u0131l aras\u0131nda farkl\u0131l\u0131k g\u00f6stermekte. Kanada g\u00f6\u00e7men program\u0131 nitelikli ki\u015finin Kanada\u2019ya daimi olarak yerle\u015fmesini ve ileride <strong>Kanada vatanda\u015f\u0131<\/strong> olmas\u0131n\u0131 sa\u011flayan sisteme verilen ad. Kanada g\u00f6\u00e7men ba\u015fvurusu express entry sistemi arac\u0131l\u0131\u011f\u0131yla ger\u00e7ekle\u015ftirilir. Kanada g\u00f6\u00e7men sistemi nitelikli g\u00f6\u00e7menlik, yat\u0131r\u0131m\u0131 program\u0131, b\u00f6lgesel ve <strong><a href=\"https:\/\/www.myvize.com.tr\/kanada\/vatandaslik-ve-gocmenlik\/kanada-gocmenlik-basvurusu\/\" target=\"_blank\" rel=\"noopener\">Quebec g\u00f6\u00e7men program\u0131<\/a><\/strong> \u015feklinde farkl\u0131 ba\u015fvuru se\u00e7ene\u011fi sunmaktad\u0131r. En yayg\u0131n olarak uygulanan nitelik g\u00f6\u00e7menlik program\u0131. Kanada nitelikli g\u00f6\u00e7men program\u0131 ile ba\u015fvuru yapma i\u00e7in meslek, e\u011fitim, yabanc\u0131 dil bilgileri ve ya\u015f gibi kriter dikkate al\u0131narak ki\u015filerin puan\u0131 hesaplanmakta. B\u00f6lgesel g\u00f6\u00e7men program\u0131n da ise federal ba\u015fvuru yeri Kanada\u2019n\u0131n eyaletine ba\u015fvuru yap\u0131lmakta, ondan kabul davetiyesi gelmesi durumu express entry sistemiyle g\u00f6\u00e7men ba\u015fvurusu tamamlanmakta. D\u00fcnyan\u0131n ya\u015fam standart\u0131 en y\u00fcksek \u00fclkesinden biri olan Kanada, g\u00f6\u00e7men n\u00fcfusu k\u00fclt\u00fcrel yap\u0131s\u0131 bir par\u00e7as\u0131 olarak g\u00f6rmekte ve bu yap\u0131y\u0131 bir gurur kayna\u011f\u0131 olarak ta\u015f\u0131makta. \u00dclkeye geli\u015fmi\u015f \u00fclke aras\u0131nda nadir bir \u00f6rnek olarak kabul\u00fc g\u00f6re <strong><a href=\"https:\/\/www.myvize.com.tr\/kanada\/vatandaslik-ve-gocmenlik\/kanada-gocmenlik-basvurusu\/\" target=\"_blank\" rel=\"noopener\">Kanada G\u00f6\u00e7men program\u0131<\/a><\/strong> ile d\u00fczenli \u015fekilde y\u0131lda ortalama 250.000 g\u00f6\u00e7meni kabul etmektedir.<\/span><\/p>\n<p><span style=\"font-family: Roboto; font-size: 14px;\"><span style=\"color: #2acec2;\"><strong><a style=\"color: #2acec2;\" href=\"https:\/\/www.myvize.com.tr\/kanada\/vize-islemleri\/kanada-vatandaslik-islemleri\/\" target=\"_blank\" rel=\"noopener\">Kanada Vatanda\u015fl\u0131k \u0130\u015flemleri<\/a><\/strong><\/span> ile ilgili bilgi almak i\u00e7in bizi aray\u0131n\u0131z.<\/span><\/p>\n","protected":false},"excerpt":{"rendered":"<p>Kanada Nitelikli G\u00f6\u00e7menlik Program\u0131 Hakk\u0131nda Kanada\u2019ya g\u00f6\u00e7 etmeyi isteyen ki\u015fi bekleyen bir\u00e7ok se\u00e7enek var. Ancak Kanada\u2019ya g\u00f6\u00e7 etme i\u00e7in kar\u015f\u0131laman\u0131z gereken belli \u015fart vard\u0131r. Kanada g\u00f6\u00e7men testinden istenilen puan sahipseniz Kanada g\u00f6\u00e7men ba\u015fvurusu ger\u00e7ekle\u015ftirebilirsiniz. Ba\u015fvuru ger\u00e7ekle\u015ftirirken en \u00f6nemli ad\u0131mdan biri de do\u011fru kategorilerde ba\u015fvuru ger\u00e7ekle\u015ftirmektir. Kanada g\u00f6\u00e7menlik ba\u015fvurusu gerekli formun doldurulmas\u0131 ile ba\u015flanmakta. Sonras\u0131nda istenilen<\/p>\n","protected":false},"author":1,"featured_media":0,"parent":172,"menu_order":0,"comment_status":"open","ping_status":"closed","template":"","meta":{"footnotes":""},"class_list":["post-202","page","type-page","status-publish","hentry"],"yoast_head":"<!-- This site is optimized with the Yoast SEO plugin v24.0 - https:\/\/yoast.com\/wordpress\/plugins\/seo\/ -->\n<title>Kanada Nitelikli G\u00f6\u00e7menlik Program\u0131 - MyVize<\/title>\n<meta name=\"description\" content=\"Kanada Nitelikli G\u00f6\u00e7menlik Program\u0131 Nas\u0131l Olmal\u0131d\u0131r? Kanada Nitelikli G\u00f6\u00e7menlik Program\u0131n\u0131n \u0130\u00e7eri\u011fi Nedir? Bilgi \u0130\u00e7in Aray\u0131n: 0850 346 84 93\" \/>\n<meta name=\"robots\" content=\"index, follow, max-snippet:-1, max-image-preview:large, max-video-preview:-1\" \/>\n<link rel=\"canonical\" href=\"https:\/\/www.myvize.com.tr\/kanada\/vatandaslik-ve-gocmenlik\/nitelikli-gocmenlik-programi\/\" \/>\n<meta property=\"og:locale\" content=\"tr_TR\" \/>\n<meta property=\"og:type\" content=\"article\" \/>\n<meta property=\"og:title\" content=\"Kanada Nitelikli G\u00f6\u00e7menlik Program\u0131 - MyVize\" \/>\n<meta property=\"og:description\" content=\"Kanada Nitelikli G\u00f6\u00e7menlik Program\u0131 Nas\u0131l Olmal\u0131d\u0131r? Kanada Nitelikli G\u00f6\u00e7menlik Program\u0131n\u0131n \u0130\u00e7eri\u011fi Nedir? Bilgi \u0130\u00e7in Aray\u0131n: 0850 346 84 93\" \/>\n<meta property=\"og:url\" content=\"https:\/\/www.myvize.com.tr\/kanada\/vatandaslik-ve-gocmenlik\/nitelikli-gocmenlik-programi\/\" \/>\n<meta property=\"og:site_name\" content=\"Kanada Vizesi\" \/>\n<meta property=\"article:modified_time\" content=\"2022-03-25T14:12:18+00:00\" \/>\n<meta name=\"twitter:card\" content=\"summary_large_image\" \/>\n<meta name=\"twitter:label1\" content=\"Tahmini okuma s\u00fcresi\" \/>\n\t<meta name=\"twitter:data1\" content=\"1 dakika\" \/>\n<script type=\"application\/ld+json\" class=\"yoast-schema-graph\">{\"@context\":\"https:\/\/schema.org\",\"@graph\":[{\"@type\":\"WebPage\",\"@id\":\"https:\/\/www.myvize.com.tr\/kanada\/vatandaslik-ve-gocmenlik\/nitelikli-gocmenlik-programi\/\",\"url\":\"https:\/\/www.myvize.com.tr\/kanada\/vatandaslik-ve-gocmenlik\/nitelikli-gocmenlik-programi\/\",\"name\":\"Kanada Nitelikli G\u00f6\u00e7menlik Program\u0131 - MyVize\",\"isPartOf\":{\"@id\":\"https:\/\/www.myvize.com.tr\/kanada\/#website\"},\"datePublished\":\"2020-12-22T12:41:18+00:00\",\"dateModified\":\"2022-03-25T14:12:18+00:00\",\"description\":\"Kanada Nitelikli G\u00f6\u00e7menlik Program\u0131 Nas\u0131l Olmal\u0131d\u0131r? Kanada Nitelikli G\u00f6\u00e7menlik Program\u0131n\u0131n \u0130\u00e7eri\u011fi Nedir? Bilgi \u0130\u00e7in Aray\u0131n: 0850 346 84 93\",\"breadcrumb\":{\"@id\":\"https:\/\/www.myvize.com.tr\/kanada\/vatandaslik-ve-gocmenlik\/nitelikli-gocmenlik-programi\/#breadcrumb\"},\"inLanguage\":\"tr\",\"potentialAction\":[{\"@type\":\"ReadAction\",\"target\":[\"https:\/\/www.myvize.com.tr\/kanada\/vatandaslik-ve-gocmenlik\/nitelikli-gocmenlik-programi\/\"]}]},{\"@type\":\"BreadcrumbList\",\"@id\":\"https:\/\/www.myvize.com.tr\/kanada\/vatandaslik-ve-gocmenlik\/nitelikli-gocmenlik-programi\/#breadcrumb\",\"itemListElement\":[{\"@type\":\"ListItem\",\"position\":1,\"name\":\"Anasayfa\",\"item\":\"https:\/\/www.myvize.com.tr\/kanada\/\"},{\"@type\":\"ListItem\",\"position\":2,\"name\":\"VATANDA\u015eLIK VE G\u00d6\u00c7MENL\u0130K\",\"item\":\"https:\/\/www.myvize.com.tr\/kanada\/vatandaslik-ve-gocmenlik\/\"},{\"@type\":\"ListItem\",\"position\":3,\"name\":\"Kanada Nitelikli G\u00f6\u00e7menlik Program\u0131\"}]},{\"@type\":\"WebSite\",\"@id\":\"https:\/\/www.myvize.com.tr\/kanada\/#website\",\"url\":\"https:\/\/www.myvize.com.tr\/kanada\/\",\"name\":\"Kanada Vizesi\",\"description\":\"\",\"potentialAction\":[{\"@type\":\"SearchAction\",\"target\":{\"@type\":\"EntryPoint\",\"urlTemplate\":\"https:\/\/www.myvize.com.tr\/kanada\/?s={search_term_string}\"},\"query-input\":{\"@type\":\"PropertyValueSpecification\",\"valueRequired\":true,\"valueName\":\"search_term_string\"}}],\"inLanguage\":\"tr\"}]}<\/script>\n<!-- \/ Yoast SEO plugin. -->","yoast_head_json":{"title":"Kanada Nitelikli G\u00f6\u00e7menlik Program\u0131 - MyVize","description":"Kanada Nitelikli G\u00f6\u00e7menlik Program\u0131 Nas\u0131l Olmal\u0131d\u0131r? Kanada Nitelikli G\u00f6\u00e7menlik Program\u0131n\u0131n \u0130\u00e7eri\u011fi Nedir? Bilgi \u0130\u00e7in Aray\u0131n: 0850 346 84 93","robots":{"index":"index","follow":"follow","max-snippet":"max-snippet:-1","max-image-preview":"max-image-preview:large","max-video-preview":"max-video-preview:-1"},"canonical":"https:\/\/www.myvize.com.tr\/kanada\/vatandaslik-ve-gocmenlik\/nitelikli-gocmenlik-programi\/","og_locale":"tr_TR","og_type":"article","og_title":"Kanada Nitelikli G\u00f6\u00e7menlik Program\u0131 - MyVize","og_description":"Kanada Nitelikli G\u00f6\u00e7menlik Program\u0131 Nas\u0131l Olmal\u0131d\u0131r? Kanada Nitelikli G\u00f6\u00e7menlik Program\u0131n\u0131n \u0130\u00e7eri\u011fi Nedir? Bilgi \u0130\u00e7in Aray\u0131n: 0850 346 84 93","og_url":"https:\/\/www.myvize.com.tr\/kanada\/vatandaslik-ve-gocmenlik\/nitelikli-gocmenlik-programi\/","og_site_name":"Kanada Vizesi","article_modified_time":"2022-03-25T14:12:18+00:00","twitter_card":"summary_large_image","twitter_misc":{"Tahmini okuma s\u00fcresi":"1 dakika"},"schema":{"@context":"https:\/\/schema.org","@graph":[{"@type":"WebPage","@id":"https:\/\/www.myvize.com.tr\/kanada\/vatandaslik-ve-gocmenlik\/nitelikli-gocmenlik-programi\/","url":"https:\/\/www.myvize.com.tr\/kanada\/vatandaslik-ve-gocmenlik\/nitelikli-gocmenlik-programi\/","name":"Kanada Nitelikli G\u00f6\u00e7menlik Program\u0131 - MyVize","isPartOf":{"@id":"https:\/\/www.myvize.com.tr\/kanada\/#website"},"datePublished":"2020-12-22T12:41:18+00:00","dateModified":"2022-03-25T14:12:18+00:00","description":"Kanada Nitelikli G\u00f6\u00e7menlik Program\u0131 Nas\u0131l Olmal\u0131d\u0131r? Kanada Nitelikli G\u00f6\u00e7menlik Program\u0131n\u0131n \u0130\u00e7eri\u011fi Nedir? Bilgi \u0130\u00e7in Aray\u0131n: 0850 346 84 93","breadcrumb":{"@id":"https:\/\/www.myvize.com.tr\/kanada\/vatandaslik-ve-gocmenlik\/nitelikli-gocmenlik-programi\/#breadcrumb"},"inLanguage":"tr","potentialAction":[{"@type":"ReadAction","target":["https:\/\/www.myvize.com.tr\/kanada\/vatandaslik-ve-gocmenlik\/nitelikli-gocmenlik-programi\/"]}]},{"@type":"BreadcrumbList","@id":"https:\/\/www.myvize.com.tr\/kanada\/vatandaslik-ve-gocmenlik\/nitelikli-gocmenlik-programi\/#breadcrumb","itemListElement":[{"@type":"ListItem","position":1,"name":"Anasayfa","item":"https:\/\/www.myvize.com.tr\/kanada\/"},{"@type":"ListItem","position":2,"name":"VATANDA\u015eLIK VE G\u00d6\u00c7MENL\u0130K","item":"https:\/\/www.myvize.com.tr\/kanada\/vatandaslik-ve-gocmenlik\/"},{"@type":"ListItem","position":3,"name":"Kanada Nitelikli G\u00f6\u00e7menlik Program\u0131"}]},{"@type":"WebSite","@id":"https:\/\/www.myvize.com.tr\/kanada\/#website","url":"https:\/\/www.myvize.com.tr\/kanada\/","name":"Kanada Vizesi","description":"","potentialAction":[{"@type":"SearchAction","target":{"@type":"EntryPoint","urlTemplate":"https:\/\/www.myvize.com.tr\/kanada\/?s={search_term_string}"},"query-input":{"@type":"PropertyValueSpecification","valueRequired":true,"valueName":"search_term_string"}}],"inLanguage":"tr"}]}},"_links":{"self":[{"href":"https:\/\/www.myvize.com.tr\/kanada\/wp-json\/wp\/v2\/pages\/202","targetHints":{"allow":["GET"]}}],"collection":[{"href":"https:\/\/www.myvize.com.tr\/kanada\/wp-json\/wp\/v2\/pages"}],"about":[{"href":"https:\/\/www.myvize.com.tr\/kanada\/wp-json\/wp\/v2\/types\/page"}],"author":[{"embeddable":true,"href":"https:\/\/www.myvize.com.tr\/kanada\/wp-json\/wp\/v2\/users\/1"}],"replies":[{"embeddable":true,"href":"https:\/\/www.myvize.com.tr\/kanada\/wp-json\/wp\/v2\/comments?post=202"}],"version-history":[{"count":6,"href":"https:\/\/www.myvize.com.tr\/kanada\/wp-json\/wp\/v2\/pages\/202\/revisions"}],"predecessor-version":[{"id":1079,"href":"https:\/\/www.myvize.com.tr\/kanada\/wp-json\/wp\/v2\/pages\/202\/revisions\/1079"}],"up":[{"embeddable":true,"href":"https:\/\/www.myvize.com.tr\/kanada\/wp-json\/wp\/v2\/pages\/172"}],"wp:attachment":[{"href":"https:\/\/www.myvize.com.tr\/kanada\/wp-json\/wp\/v2\/media?parent=202"}],"curies":[{"name":"wp","href":"https:\/\/api.w.org\/{rel}","templated":true}]}}