{"id":204,"date":"2020-12-22T15:41:47","date_gmt":"2020-12-22T12:41:47","guid":{"rendered":"https:\/\/www.myvize.com.tr\/kanada\/?page_id=204"},"modified":"2022-06-03T13:47:45","modified_gmt":"2022-06-03T10:47:45","slug":"elektronik-seyahat-belgesi","status":"publish","type":"page","link":"https:\/\/www.myvize.com.tr\/kanada\/eta\/elektronik-seyahat-belgesi\/","title":{"rendered":"Kanada Elektronik Seyahat Belgesi"},"content":{"rendered":"","protected":false},"excerpt":{"rendered":"","protected":false},"author":1,"featured_media":0,"parent":175,"menu_order":0,"comment_status":"open","ping_status":"closed","template":"","meta":{"footnotes":""},"class_list":["post-204","page","type-page","status-publish","hentry"],"yoast_head":"<!-- This site is optimized with the Yoast SEO plugin v24.0 - https:\/\/yoast.com\/wordpress\/plugins\/seo\/ -->\n<title>Kanada Elektronik Seyahat Belgesi - MyVize<\/title>\n<meta name=\"description\" content=\"Kanada Elektronik Seyahat Belgesi Nas\u0131l Al\u0131n\u0131r? Kanada Elektronik Seyahat Belgesi Almak \u0130\u00e7in Hemen Bizi Aray\u0131n.\" \/>\n<meta name=\"robots\" content=\"index, follow, max-snippet:-1, max-image-preview:large, max-video-preview:-1\" \/>\n<link rel=\"canonical\" href=\"https:\/\/www.myvize.com.tr\/kanada\/eta\/elektronik-seyahat-belgesi\/\" \/>\n<meta property=\"og:locale\" content=\"tr_TR\" \/>\n<meta property=\"og:type\" content=\"article\" \/>\n<meta property=\"og:title\" content=\"Kanada Elektronik Seyahat Belgesi - MyVize\" \/>\n<meta property=\"og:description\" content=\"Kanada Elektronik Seyahat Belgesi Nas\u0131l Al\u0131n\u0131r? Kanada Elektronik Seyahat Belgesi Almak \u0130\u00e7in Hemen Bizi Aray\u0131n.\" \/>\n<meta property=\"og:url\" content=\"https:\/\/www.myvize.com.tr\/kanada\/eta\/elektronik-seyahat-belgesi\/\" \/>\n<meta property=\"og:site_name\" content=\"Kanada Vizesi\" \/>\n<meta property=\"article:modified_time\" content=\"2022-06-03T10:47:45+00:00\" \/>\n<meta name=\"twitter:card\" content=\"summary_large_image\" \/>\n<script type=\"application\/ld+json\" class=\"yoast-schema-graph\">{\"@context\":\"https:\/\/schema.org\",\"@graph\":[{\"@type\":\"WebPage\",\"@id\":\"https:\/\/www.myvize.com.tr\/kanada\/eta\/elektronik-seyahat-belgesi\/\",\"url\":\"https:\/\/www.myvize.com.tr\/kanada\/eta\/elektronik-seyahat-belgesi\/\",\"name\":\"Kanada Elektronik Seyahat Belgesi - MyVize\",\"isPartOf\":{\"@id\":\"https:\/\/www.myvize.com.tr\/kanada\/#website\"},\"datePublished\":\"2020-12-22T12:41:47+00:00\",\"dateModified\":\"2022-06-03T10:47:45+00:00\",\"description\":\"Kanada Elektronik Seyahat Belgesi Nas\u0131l Al\u0131n\u0131r? Kanada Elektronik Seyahat Belgesi Almak \u0130\u00e7in Hemen Bizi Aray\u0131n.\",\"breadcrumb\":{\"@id\":\"https:\/\/www.myvize.com.tr\/kanada\/eta\/elektronik-seyahat-belgesi\/#breadcrumb\"},\"inLanguage\":\"tr\",\"potentialAction\":[{\"@type\":\"ReadAction\",\"target\":[\"https:\/\/www.myvize.com.tr\/kanada\/eta\/elektronik-seyahat-belgesi\/\"]}]},{\"@type\":\"BreadcrumbList\",\"@id\":\"https:\/\/www.myvize.com.tr\/kanada\/eta\/elektronik-seyahat-belgesi\/#breadcrumb\",\"itemListElement\":[{\"@type\":\"ListItem\",\"position\":1,\"name\":\"Anasayfa\",\"item\":\"https:\/\/www.myvize.com.tr\/kanada\/\"},{\"@type\":\"ListItem\",\"position\":2,\"name\":\"KANADA ETA\",\"item\":\"https:\/\/www.myvize.com.tr\/kanada\/eta\/\"},{\"@type\":\"ListItem\",\"position\":3,\"name\":\"Kanada Elektronik Seyahat Belgesi\"}]},{\"@type\":\"WebSite\",\"@id\":\"https:\/\/www.myvize.com.tr\/kanada\/#website\",\"url\":\"https:\/\/www.myvize.com.tr\/kanada\/\",\"name\":\"Kanada Vizesi\",\"description\":\"\",\"potentialAction\":[{\"@type\":\"SearchAction\",\"target\":{\"@type\":\"EntryPoint\",\"urlTemplate\":\"https:\/\/www.myvize.com.tr\/kanada\/?s={search_term_string}\"},\"query-input\":{\"@type\":\"PropertyValueSpecification\",\"valueRequired\":true,\"valueName\":\"search_term_string\"}}],\"inLanguage\":\"tr\"}]}<\/script>\n<!-- \/ Yoast SEO plugin. -->","yoast_head_json":{"title":"Kanada Elektronik Seyahat Belgesi - MyVize","description":"Kanada Elektronik Seyahat Belgesi Nas\u0131l Al\u0131n\u0131r? Kanada Elektronik Seyahat Belgesi Almak \u0130\u00e7in Hemen Bizi Aray\u0131n.","robots":{"index":"index","follow":"follow","max-snippet":"max-snippet:-1","max-image-preview":"max-image-preview:large","max-video-preview":"max-video-preview:-1"},"canonical":"https:\/\/www.myvize.com.tr\/kanada\/eta\/elektronik-seyahat-belgesi\/","og_locale":"tr_TR","og_type":"article","og_title":"Kanada Elektronik Seyahat Belgesi - MyVize","og_description":"Kanada Elektronik Seyahat Belgesi Nas\u0131l Al\u0131n\u0131r? Kanada Elektronik Seyahat Belgesi Almak \u0130\u00e7in Hemen Bizi Aray\u0131n.","og_url":"https:\/\/www.myvize.com.tr\/kanada\/eta\/elektronik-seyahat-belgesi\/","og_site_name":"Kanada Vizesi","article_modified_time":"2022-06-03T10:47:45+00:00","twitter_card":"summary_large_image","schema":{"@context":"https:\/\/schema.org","@graph":[{"@type":"WebPage","@id":"https:\/\/www.myvize.com.tr\/kanada\/eta\/elektronik-seyahat-belgesi\/","url":"https:\/\/www.myvize.com.tr\/kanada\/eta\/elektronik-seyahat-belgesi\/","name":"Kanada Elektronik Seyahat Belgesi - MyVize","isPartOf":{"@id":"https:\/\/www.myvize.com.tr\/kanada\/#website"},"datePublished":"2020-12-22T12:41:47+00:00","dateModified":"2022-06-03T10:47:45+00:00","description":"Kanada Elektronik Seyahat Belgesi Nas\u0131l Al\u0131n\u0131r? Kanada Elektronik Seyahat Belgesi Almak \u0130\u00e7in Hemen Bizi Aray\u0131n.","breadcrumb":{"@id":"https:\/\/www.myvize.com.tr\/kanada\/eta\/elektronik-seyahat-belgesi\/#breadcrumb"},"inLanguage":"tr","potentialAction":[{"@type":"ReadAction","target":["https:\/\/www.myvize.com.tr\/kanada\/eta\/elektronik-seyahat-belgesi\/"]}]},{"@type":"BreadcrumbList","@id":"https:\/\/www.myvize.com.tr\/kanada\/eta\/elektronik-seyahat-belgesi\/#breadcrumb","itemListElement":[{"@type":"ListItem","position":1,"name":"Anasayfa","item":"https:\/\/www.myvize.com.tr\/kanada\/"},{"@type":"ListItem","position":2,"name":"KANADA ETA","item":"https:\/\/www.myvize.com.tr\/kanada\/eta\/"},{"@type":"ListItem","position":3,"name":"Kanada Elektronik Seyahat Belgesi"}]},{"@type":"WebSite","@id":"https:\/\/www.myvize.com.tr\/kanada\/#website","url":"https:\/\/www.myvize.com.tr\/kanada\/","name":"Kanada Vizesi","description":"","potentialAction":[{"@type":"SearchAction","target":{"@type":"EntryPoint","urlTemplate":"https:\/\/www.myvize.com.tr\/kanada\/?s={search_term_string}"},"query-input":{"@type":"PropertyValueSpecification","valueRequired":true,"valueName":"search_term_string"}}],"inLanguage":"tr"}]}},"_links":{"self":[{"href":"https:\/\/www.myvize.com.tr\/kanada\/wp-json\/wp\/v2\/pages\/204","targetHints":{"allow":["GET"]}}],"collection":[{"href":"https:\/\/www.myvize.com.tr\/kanada\/wp-json\/wp\/v2\/pages"}],"about":[{"href":"https:\/\/www.myvize.com.tr\/kanada\/wp-json\/wp\/v2\/types\/page"}],"author":[{"embeddable":true,"href":"https:\/\/www.myvize.com.tr\/kanada\/wp-json\/wp\/v2\/users\/1"}],"replies":[{"embeddable":true,"href":"https:\/\/www.myvize.com.tr\/kanada\/wp-json\/wp\/v2\/comments?post=204"}],"version-history":[{"count":5,"href":"https:\/\/www.myvize.com.tr\/kanada\/wp-json\/wp\/v2\/pages\/204\/revisions"}],"predecessor-version":[{"id":1183,"href":"https:\/\/www.myvize.com.tr\/kanada\/wp-json\/wp\/v2\/pages\/204\/revisions\/1183"}],"up":[{"embeddable":true,"href":"https:\/\/www.myvize.com.tr\/kanada\/wp-json\/wp\/v2\/pages\/175"}],"wp:attachment":[{"href":"https:\/\/www.myvize.com.tr\/kanada\/wp-json\/wp\/v2\/media?parent=204"}],"curies":[{"name":"wp","href":"https:\/\/api.w.org\/{rel}","templated":true}]}}