{"id":208,"date":"2020-12-22T15:42:30","date_gmt":"2020-12-22T12:42:30","guid":{"rendered":"https:\/\/www.myvize.com.tr\/kanada\/?page_id=208"},"modified":"2022-06-10T12:42:49","modified_gmt":"2022-06-10T09:42:49","slug":"kanada-vizesi-dilekce-ornekleri","status":"publish","type":"page","link":"https:\/\/www.myvize.com.tr\/kanada\/eta\/kanada-vizesi-dilekce-ornekleri\/","title":{"rendered":"Kanada Vizesi Dilek\u00e7e \u00d6rnekleri"},"content":{"rendered":"<h2><span style=\"font-family: Roboto; font-size: 27px;\"><strong>Kanada Vizesi Dilek\u00e7e \u00d6rnekleri Hakk\u0131nda<\/strong><\/span><\/h2>\n<p><span style=\"font-family: Roboto; font-size: 14px;\"><strong>Kanada vize dilek\u00e7esi<\/strong>, vize i\u015fleminin ba\u015flat\u0131labilmesi i\u00e7in <span style=\"color: #2acec2;\"><strong><a style=\"color: #2acec2;\" href=\"https:\/\/www.myvize.com.tr\/kanada\/konsolosluklar\/kanada-istanbul-fahri-konsoloslugu\/\" target=\"_blank\" rel=\"noopener\">Kanada \u0130stanbul Ba\u015fkonsoloslu\u011fu<\/a><\/strong><\/span> hitaben yaz\u0131lan dilek\u00e7edir. Kanada\u2019ya gerek k\u0131sa d\u00f6nem turistik seyahat, i\u015f seyahat ve dil \u00f6\u011frenim i\u00e7in gidecek ki\u015fi gerek uzun d\u00f6nemli e\u011fitimi planlayan ve \u00e7al\u0131\u015fma izni alma isteyen birey bu dilek\u00e7e ile ba\u015fvuru merkezi ba\u015fvurmak zorunda. <strong>Kanada vize dilek\u00e7esi<\/strong> dikkatlice yaz\u0131lmas\u0131 gereken dilek\u00e7edir, vize taleplerinin amac\u0131 bu dilek\u00e7e sayesi yetkilice g\u00f6r\u00fcl\u00fcr ve i\u015fleme konulmaktad\u0131r. Geli\u015fig\u00fczel yaz\u0131lm\u0131\u015f dilek\u00e7enin y\u00fcz\u00fcnde vize ba\u015fvurusu geri \u00e7evrilebilmektedir. Vize dilek\u00e7esi de \u015fu noktaya dikkat edilmeli: Seyahat tarihi net bir bi\u00e7imde ifade edilmeli, Kanada\u2019ya girilecek tarih ve \u00e7\u0131k\u0131lacak tarihler a\u00e7\u0131k\u00e7a belirtilmeli. Bu s\u00fcre i\u00e7inde ba\u015fka bir \u00fclkeye seyahati planlan\u0131yorsa bu tarihin de belirtilmesi gerekir. Seyahatin ama\u00e7 a\u00e7\u0131k\u00e7a yaz\u0131lmal\u0131, seyahat turu, e\u011fitim amac\u0131, oturmak ve \u00e7al\u0131\u015fma izni gibi \u00f6zel durum net bir ifade ile belirtilmeli. <strong>Ticari seyahat<\/strong> de \u015firket bilgisi, yetkili imza, personel bilgisi gibi daha teknik bilgi verilmelidir. Seyahat masraf\u0131n\u0131n kar\u015f\u0131lanma \u015fekli bildirilmeli, konaklama, transfer vb. masraf\u0131n ne \u015fekilde kar\u015f\u0131lanaca\u011f\u0131 dilek\u00e7elere yaz\u0131lmal\u0131d\u0131r. <strong>Vize ba\u015fvurusu<\/strong> s\u0131ras\u0131nda yetkiliye iletilecek belge ile dilek\u00e7edeki bilginin \u00e7eli\u015fmemesi vize ba\u015fvurusu olumlu sonu\u00e7lanmas\u0131 sa\u011flayacakt\u0131r. Ba\u015fvuru t\u00fcr\u00fc g\u00f6re \u00f6zel olarak ve \u0130ngilizce haz\u0131rlanmalar\u0131 gereken Kanada vize dilek\u00e7eleri yazabilmek i\u00e7in ya dilek\u00e7e \u00f6rne\u011fi dikkatlice incelenmesi ya da vize al\u0131m konusunda uzman olan dan\u0131\u015fmana ba\u015fvurulmal\u0131d\u0131r. \u00d6zenle haz\u0131rlanma dilek\u00e7esiyle yap\u0131lan vize ba\u015fvurusunun de\u011ferlendirmeye al\u0131nmayaca\u011f\u0131 bilinmeli.<\/span><\/p>\n<h2><span style=\"font-family: Roboto; font-size: 27px;\"><strong>Kanada Vizesi \u0130\u015flemleri<\/strong><\/span><\/h2>\n<p><span style=\"font-family: Roboto; font-size: 14px;\"><strong>Kanada\u2019 ya seyahat<\/strong> planlayan T\u00fcrkiye Cumhuriyeti vatanda\u015flar\u0131 pasaport fark\u0131 olmaks\u0131z\u0131n vize alarak seyahat etme zorunlulu\u011fu vard\u0131r. Kanada vize i\u015flemlerinde T\u00fcrkiye\u2019 de tek sorumlu kurulu\u015f Kanada Ankara B\u00fcy\u00fckel\u00e7ili\u011fidir. Di\u011fer illerden ve konsolosluklardan yap\u0131lan <strong>Kanada vize ba\u015fvuru formlar\u0131<\/strong> ve evraklar\u0131 Kanada Ankara Konsoloslu\u011funa g\u00f6nderilir ve incelenerek onaylanma i\u015flemi buradan ger\u00e7ekle\u015ftirilir.<\/span><\/p>\n<p><span style=\"font-family: Roboto; font-size: 14px;\"><strong>Kanada\u2019 da seyahat<\/strong> etmek isteyen ki\u015filer seyahatten \u00f6nce yapacaklar\u0131 seyahatin i\u00e7eri\u011fini belirterek vize ba\u015fvurusunda bulunmak zorundad\u0131rlar. Kanada B\u00fcy\u00fckel\u00e7ilikleri vize ba\u015fvurular\u0131n\u0131 direk olarak kabul etmemektedir. Vize ba\u015fvurular\u0131nda bulunulmas\u0131 i\u00e7in Kanada b\u00fcy\u00fckel\u00e7iliklerinin y\u00f6nlendirdi\u011fi ve yetki verdi\u011fi vize dan\u0131\u015fmanl\u0131k firmalar\u0131 ile g\u00f6r\u00fc\u015ferek vize ba\u015fvuru i\u015flemleri ba\u015flat\u0131labilir.<\/span><\/p>\n<p><span style=\"font-family: Roboto; font-size: 14px;\"><strong>Kanada vize<\/strong> ba\u015fvurusunda bulunmak isteyen T\u00fcrkiye Cumhuriyeti vatanda\u015flar\u0131 b\u00fcy\u00fckel\u00e7ilik taraf\u0131ndan istenilen evraklar\u0131 vize dan\u0131\u015fmanl\u0131k merkezlerinin destekleriyle haz\u0131rlayabilirler. Vize ba\u015fvuru a\u015famas\u0131nda en \u00f6nemli evrak vize ba\u015fvuru formudur. Vize ba\u015fvuru formu <strong>Kanada B\u00fcy\u00fckel\u00e7ili\u011fi<\/strong> taraf\u0131ndan uluslararas\u0131 resmi h\u00fckm\u00fc olan bir evrak olarak kabul edilmektedir. Ba\u015fvuru formunu doldururken verilen bilgilerin eksiksiz, hatas\u0131z ve vize dosyas\u0131nda yer alan di\u011fer evraklar ile \u00f6rt\u00fc\u015fmesi gerekmektedir. Vize ba\u015fvuru formunda olabilecek hatalar vize ba\u015fvurusunun olumsuz olarak yan\u0131tlanmas\u0131na neden olabilir. Vize ba\u015fvuru formu doldurulurken ve di\u011fer evraklar haz\u0131rlan\u0131rken \u00e7al\u0131\u015f\u0131lan vize dan\u0131\u015fmanl\u0131k firmas\u0131ndan destek al\u0131narak olas\u0131 aksilikler engellenebilir.<\/span><\/p>\n<h2><span style=\"font-family: Roboto; font-size: 27px;\"><strong>Kanada Vize Dilek\u00e7esi Nas\u0131l Yaz\u0131l\u0131r?<\/strong><\/span><\/h2>\n<p><span style=\"font-family: Roboto; font-size: 14px;\">Vize dilek\u00e7esi, Kanada\u2019 ya yap\u0131lacak olan seyahat \u00f6ncesinde ihtiya\u00e7 duyulan vizenin i\u015flemlerine ba\u015flanmas\u0131 i\u00e7in yap\u0131lacak ilk ad\u0131mlardand\u0131r. Vize dilek\u00e7esi Kanada \u0130stanbul Ba\u015fkonsoloslu\u011funa yaz\u0131lan bir dilek\u00e7edir.<strong> \u0130ngilizce dilinde<\/strong> yaz\u0131labilir. Vize t\u00fcr\u00fcne bak\u0131lmaks\u0131z\u0131n k\u0131sa d\u00f6nem turist vizeleri veya uzun d\u00f6nemli ticari vizeler ve di\u011fer vize t\u00fcrlerinin vize taleplerinde ba\u015flang\u0131\u00e7 a\u015famas\u0131nda bu dilek\u00e7e ile olmas\u0131 gerekmektedir.<\/span><\/p>\n<ul>\n<li><span style=\"font-family: Roboto; font-size: 14px;\">Kanada\u2019 ya yap\u0131lmas\u0131 planlan seyahatin amac\u0131 belirtilmelidir; e\u011fitim, turizm, aile ziyareti, \u00e7al\u0131\u015fma izni veya ticari seyahat hangi ama\u00e7 ile yap\u0131lacaksa dilek\u00e7e \u00fczerine yer almal\u0131d\u0131r.<\/span><\/li>\n<li><span style=\"font-family: Roboto; font-size: 14px;\">Yap\u0131lacak seyahatin planlanan tarihleri dilek\u00e7e \u00fczerinde mutlaka yer almal\u0131d\u0131r; seyahat i\u00e7in planlanan \u00fclkeye giri\u015f ve \u00e7\u0131k\u0131\u015f tarihleri, kal\u0131nacak g\u00fcn say\u0131s\u0131 atlanmamal\u0131 vize dilek\u00e7esine eklenmeli<\/span><\/li>\n<li><span style=\"font-family: Roboto; font-size: 14px;\">Ticari bir vize talebi olacaksa yap\u0131lmas\u0131 planlanan faaliyet belirtilmeli, ticari olarak hangi ama\u00e7 i\u00e7in gidildi\u011fi tarihleri ile birlikte dilek\u00e7e \u00fczerinde belirtilmeli.<\/span><\/li>\n<li><span style=\"font-family: Roboto; font-size: 14px;\">Seyahat s\u0131ras\u0131nda olu\u015fabilecek masraflar\u0131n kar\u015f\u0131lanma \u015fekli konusunda bilgi verilmeli.<\/span><\/li>\n<li><span style=\"font-family: Roboto; font-size: 14px;\">Vize talep dilek\u00e7esi ile vize ba\u015fvuru formunda belirtilen bilgilerin birbirleri ile ayn\u0131 olmalar\u0131 aralar\u0131nda bir tutars\u0131zl\u0131k olmamal\u0131d\u0131r.<\/span><\/li>\n<\/ul>\n<p><span style=\"font-family: Roboto; font-size: 14px;\">Vize talep dilek\u00e7esi haz\u0131rlan\u0131rken \u00e7al\u0131\u015f\u0131lan vize dan\u0131\u015fmanl\u0131k merkezinden destek al\u0131nabilir. Gerekli bilgilerin verilmesi do\u011frultusunda vize dilek\u00e7esini haz\u0131rlayabilirler.<\/span><\/p>\n<h2><span style=\"font-family: Roboto; font-size: 27px;\"><strong>Kanada Vize Dilek\u00e7esi Yaz\u0131lmas\u0131 Gerekirken Dikkat Edilmesi Gerekenler<\/strong><\/span><\/h2>\n<p><span style=\"font-family: Roboto; font-size: 14px;\">Vize dilek\u00e7esi\u00a0\u00fclkelerin konsolosluklar\u0131na vize ba\u015fvurular\u0131nda verilmesi gereken \u00f6nemli evraklardan biridir. Kanada \u0130stanbul Ba\u015fkonsoloslu\u011funa hitaben \u0130ngilizce olarak yaz\u0131lmal\u0131d\u0131r. Vize ba\u015fvuru dilek\u00e7esi i\u015fe vize ba\u015fvuru formunda yar alan bilgiler birbirleriyle ayn\u0131 olmal\u0131d\u0131r.<\/span><\/p>\n<p><span style=\"font-family: Roboto; font-size: 14px;\"><strong>Kanada vize ba\u015fvuru dilek\u00e7esi<\/strong> haz\u0131rlan\u0131rken Kanada\u2019 n\u0131n vize prosed\u00fcrlerine dikkat ederek ve buna uygun olarak dilek\u00e7e haz\u0131rlanmal\u0131d\u0131r. Dilek\u00e7ede Kanada\u2019 ya seyahat amac\u0131n\u0131, kal\u0131\u015f s\u00fcresini ve kal\u0131\u015f s\u00fcresi boyunca olu\u015facak masraflar\u0131n nas\u0131l kar\u015f\u0131lanaca\u011f\u0131 a\u00e7\u0131k\u00e7a belirtilmelidir.<\/span><\/p>\n<p><span style=\"font-family: Roboto; font-size: 14px;\">Vize ba\u015fvuru dilek\u00e7esi haz\u0131rlan\u0131rken vize ba\u015fvuru dan\u0131\u015fmanl\u0131k merkezlerinden Kanada\u2019 n\u0131n vize prosed\u00fcrlerinde uygun bir dilek\u00e7e haz\u0131rlanmas\u0131 konusunda yard\u0131m al\u0131nabilir.<\/span><\/p>\n<p><span style=\"font-family: Roboto; font-size: 14px;\">Kanada Konsoloslu\u011funa hitaben haz\u0131rlanan vize dilek\u00e7esinin \u00f6zellikleri \u015f\u00f6yle olmal\u0131d\u0131r;<\/span><\/p>\n<ul>\n<li><span style=\"font-family: Roboto; font-size: 14px;\">Temiz bir A4 ka\u011f\u0131d\u0131nda olmal\u0131d\u0131r, i\u015f ama\u00e7l\u0131 seyahatse \u015firketin antetli ka\u011f\u0131d\u0131 olmal\u0131<\/span><\/li>\n<li><span style=\"font-family: Roboto; font-size: 14px;\">Bilgisayardan veya el ile haz\u0131rlanabilir ancak \u00fczerinde dilek\u00e7e sahibinin imzas\u0131n\u0131n olmas\u0131 unutulmamal\u0131d\u0131r<\/span><\/li>\n<li><span style=\"font-family: Roboto; font-size: 14px;\">\u0130ngilizce olarak haz\u0131rlanm\u0131\u015f bir dilek\u00e7e olmal\u0131, T\u00fcrk\u00e7e\u2019 den \u00e7eviri yap\u0131ld\u0131ysa T\u00fcrk\u00e7e belge de verilmeli<\/span><\/li>\n<\/ul>\n<p><span style=\"font-family: Roboto; font-size: 14px;\">Vize ba\u015fvuru dilek\u00e7esi haz\u0131rlan\u0131rken vize ba\u015fvuru dan\u0131\u015fmanl\u0131k merkezlerinden Kanada\u2019 n\u0131n vize prosed\u00fcrlerinde uygun bir dilek\u00e7e haz\u0131rlanmas\u0131 konusunda yard\u0131m al\u0131nabilir.<\/span><\/p>\n<p><span style=\"font-family: Roboto; font-size: 14px;\"><strong>Kanada konsolosluklar\u0131<\/strong> vize talep dilek\u00e7elerin ve vize ba\u015fvuru formunun inceler ba\u015fvurular\u0131 buna g\u00f6re sonu\u00e7land\u0131r\u0131rlar.<\/span><\/p>\n","protected":false},"excerpt":{"rendered":"<p>Kanada Vizesi Dilek\u00e7e \u00d6rnekleri Hakk\u0131nda Kanada vize dilek\u00e7esi, vize i\u015fleminin ba\u015flat\u0131labilmesi i\u00e7in Kanada \u0130stanbul Ba\u015fkonsoloslu\u011fu hitaben yaz\u0131lan dilek\u00e7edir. Kanada\u2019ya gerek k\u0131sa d\u00f6nem turistik seyahat, i\u015f seyahat ve dil \u00f6\u011frenim i\u00e7in gidecek ki\u015fi gerek uzun d\u00f6nemli e\u011fitimi planlayan ve \u00e7al\u0131\u015fma izni alma isteyen birey bu dilek\u00e7e ile ba\u015fvuru merkezi ba\u015fvurmak zorunda. Kanada vize dilek\u00e7esi dikkatlice yaz\u0131lmas\u0131<\/p>\n","protected":false},"author":1,"featured_media":0,"parent":175,"menu_order":0,"comment_status":"open","ping_status":"closed","template":"","meta":{"footnotes":""},"class_list":["post-208","page","type-page","status-publish","hentry"],"yoast_head":"<!-- This site is optimized with the Yoast SEO plugin v24.0 - https:\/\/yoast.com\/wordpress\/plugins\/seo\/ -->\n<title>Kanada Vize Dilek\u00e7e \u00d6rnekleri - MyVize<\/title>\n<meta name=\"description\" content=\"Kanada Vizesi Dilek\u00e7e \u00d6rnekleri Nas\u0131l Yaz\u0131l\u0131r? Kanada Vizesi Dilek\u00e7eleri Nas\u0131l Olmal\u0131d\u0131r? Bilgi \u0130\u00e7in Hemen Bizi Aray\u0131n: 0850 346 84 93\" \/>\n<meta name=\"robots\" content=\"index, follow, max-snippet:-1, max-image-preview:large, max-video-preview:-1\" \/>\n<link rel=\"canonical\" href=\"https:\/\/www.myvize.com.tr\/kanada\/eta\/kanada-vizesi-dilekce-ornekleri\/\" \/>\n<meta property=\"og:locale\" content=\"tr_TR\" \/>\n<meta property=\"og:type\" content=\"article\" \/>\n<meta property=\"og:title\" content=\"Kanada Vize Dilek\u00e7e \u00d6rnekleri - MyVize\" \/>\n<meta property=\"og:description\" content=\"Kanada Vizesi Dilek\u00e7e \u00d6rnekleri Nas\u0131l Yaz\u0131l\u0131r? Kanada Vizesi Dilek\u00e7eleri Nas\u0131l Olmal\u0131d\u0131r? Bilgi \u0130\u00e7in Hemen Bizi Aray\u0131n: 0850 346 84 93\" \/>\n<meta property=\"og:url\" content=\"https:\/\/www.myvize.com.tr\/kanada\/eta\/kanada-vizesi-dilekce-ornekleri\/\" \/>\n<meta property=\"og:site_name\" content=\"Kanada Vizesi\" \/>\n<meta property=\"article:modified_time\" content=\"2022-06-10T09:42:49+00:00\" \/>\n<meta name=\"twitter:card\" content=\"summary_large_image\" \/>\n<meta name=\"twitter:label1\" content=\"Tahmini okuma s\u00fcresi\" \/>\n\t<meta name=\"twitter:data1\" content=\"4 dakika\" \/>\n<script type=\"application\/ld+json\" class=\"yoast-schema-graph\">{\"@context\":\"https:\/\/schema.org\",\"@graph\":[{\"@type\":\"WebPage\",\"@id\":\"https:\/\/www.myvize.com.tr\/kanada\/eta\/kanada-vizesi-dilekce-ornekleri\/\",\"url\":\"https:\/\/www.myvize.com.tr\/kanada\/eta\/kanada-vizesi-dilekce-ornekleri\/\",\"name\":\"Kanada Vize Dilek\u00e7e \u00d6rnekleri - MyVize\",\"isPartOf\":{\"@id\":\"https:\/\/www.myvize.com.tr\/kanada\/#website\"},\"datePublished\":\"2020-12-22T12:42:30+00:00\",\"dateModified\":\"2022-06-10T09:42:49+00:00\",\"description\":\"Kanada Vizesi Dilek\u00e7e \u00d6rnekleri Nas\u0131l Yaz\u0131l\u0131r? Kanada Vizesi Dilek\u00e7eleri Nas\u0131l Olmal\u0131d\u0131r? Bilgi \u0130\u00e7in Hemen Bizi Aray\u0131n: 0850 346 84 93\",\"breadcrumb\":{\"@id\":\"https:\/\/www.myvize.com.tr\/kanada\/eta\/kanada-vizesi-dilekce-ornekleri\/#breadcrumb\"},\"inLanguage\":\"tr\",\"potentialAction\":[{\"@type\":\"ReadAction\",\"target\":[\"https:\/\/www.myvize.com.tr\/kanada\/eta\/kanada-vizesi-dilekce-ornekleri\/\"]}]},{\"@type\":\"BreadcrumbList\",\"@id\":\"https:\/\/www.myvize.com.tr\/kanada\/eta\/kanada-vizesi-dilekce-ornekleri\/#breadcrumb\",\"itemListElement\":[{\"@type\":\"ListItem\",\"position\":1,\"name\":\"Anasayfa\",\"item\":\"https:\/\/www.myvize.com.tr\/kanada\/\"},{\"@type\":\"ListItem\",\"position\":2,\"name\":\"KANADA ETA\",\"item\":\"https:\/\/www.myvize.com.tr\/kanada\/eta\/\"},{\"@type\":\"ListItem\",\"position\":3,\"name\":\"Kanada Vizesi Dilek\u00e7e \u00d6rnekleri\"}]},{\"@type\":\"WebSite\",\"@id\":\"https:\/\/www.myvize.com.tr\/kanada\/#website\",\"url\":\"https:\/\/www.myvize.com.tr\/kanada\/\",\"name\":\"Kanada Vizesi\",\"description\":\"\",\"potentialAction\":[{\"@type\":\"SearchAction\",\"target\":{\"@type\":\"EntryPoint\",\"urlTemplate\":\"https:\/\/www.myvize.com.tr\/kanada\/?s={search_term_string}\"},\"query-input\":{\"@type\":\"PropertyValueSpecification\",\"valueRequired\":true,\"valueName\":\"search_term_string\"}}],\"inLanguage\":\"tr\"}]}<\/script>\n<!-- \/ Yoast SEO plugin. -->","yoast_head_json":{"title":"Kanada Vize Dilek\u00e7e \u00d6rnekleri - MyVize","description":"Kanada Vizesi Dilek\u00e7e \u00d6rnekleri Nas\u0131l Yaz\u0131l\u0131r? Kanada Vizesi Dilek\u00e7eleri Nas\u0131l Olmal\u0131d\u0131r? Bilgi \u0130\u00e7in Hemen Bizi Aray\u0131n: 0850 346 84 93","robots":{"index":"index","follow":"follow","max-snippet":"max-snippet:-1","max-image-preview":"max-image-preview:large","max-video-preview":"max-video-preview:-1"},"canonical":"https:\/\/www.myvize.com.tr\/kanada\/eta\/kanada-vizesi-dilekce-ornekleri\/","og_locale":"tr_TR","og_type":"article","og_title":"Kanada Vize Dilek\u00e7e \u00d6rnekleri - MyVize","og_description":"Kanada Vizesi Dilek\u00e7e \u00d6rnekleri Nas\u0131l Yaz\u0131l\u0131r? Kanada Vizesi Dilek\u00e7eleri Nas\u0131l Olmal\u0131d\u0131r? Bilgi \u0130\u00e7in Hemen Bizi Aray\u0131n: 0850 346 84 93","og_url":"https:\/\/www.myvize.com.tr\/kanada\/eta\/kanada-vizesi-dilekce-ornekleri\/","og_site_name":"Kanada Vizesi","article_modified_time":"2022-06-10T09:42:49+00:00","twitter_card":"summary_large_image","twitter_misc":{"Tahmini okuma s\u00fcresi":"4 dakika"},"schema":{"@context":"https:\/\/schema.org","@graph":[{"@type":"WebPage","@id":"https:\/\/www.myvize.com.tr\/kanada\/eta\/kanada-vizesi-dilekce-ornekleri\/","url":"https:\/\/www.myvize.com.tr\/kanada\/eta\/kanada-vizesi-dilekce-ornekleri\/","name":"Kanada Vize Dilek\u00e7e \u00d6rnekleri - MyVize","isPartOf":{"@id":"https:\/\/www.myvize.com.tr\/kanada\/#website"},"datePublished":"2020-12-22T12:42:30+00:00","dateModified":"2022-06-10T09:42:49+00:00","description":"Kanada Vizesi Dilek\u00e7e \u00d6rnekleri Nas\u0131l Yaz\u0131l\u0131r? Kanada Vizesi Dilek\u00e7eleri Nas\u0131l Olmal\u0131d\u0131r? Bilgi \u0130\u00e7in Hemen Bizi Aray\u0131n: 0850 346 84 93","breadcrumb":{"@id":"https:\/\/www.myvize.com.tr\/kanada\/eta\/kanada-vizesi-dilekce-ornekleri\/#breadcrumb"},"inLanguage":"tr","potentialAction":[{"@type":"ReadAction","target":["https:\/\/www.myvize.com.tr\/kanada\/eta\/kanada-vizesi-dilekce-ornekleri\/"]}]},{"@type":"BreadcrumbList","@id":"https:\/\/www.myvize.com.tr\/kanada\/eta\/kanada-vizesi-dilekce-ornekleri\/#breadcrumb","itemListElement":[{"@type":"ListItem","position":1,"name":"Anasayfa","item":"https:\/\/www.myvize.com.tr\/kanada\/"},{"@type":"ListItem","position":2,"name":"KANADA ETA","item":"https:\/\/www.myvize.com.tr\/kanada\/eta\/"},{"@type":"ListItem","position":3,"name":"Kanada Vizesi Dilek\u00e7e \u00d6rnekleri"}]},{"@type":"WebSite","@id":"https:\/\/www.myvize.com.tr\/kanada\/#website","url":"https:\/\/www.myvize.com.tr\/kanada\/","name":"Kanada Vizesi","description":"","potentialAction":[{"@type":"SearchAction","target":{"@type":"EntryPoint","urlTemplate":"https:\/\/www.myvize.com.tr\/kanada\/?s={search_term_string}"},"query-input":{"@type":"PropertyValueSpecification","valueRequired":true,"valueName":"search_term_string"}}],"inLanguage":"tr"}]}},"_links":{"self":[{"href":"https:\/\/www.myvize.com.tr\/kanada\/wp-json\/wp\/v2\/pages\/208","targetHints":{"allow":["GET"]}}],"collection":[{"href":"https:\/\/www.myvize.com.tr\/kanada\/wp-json\/wp\/v2\/pages"}],"about":[{"href":"https:\/\/www.myvize.com.tr\/kanada\/wp-json\/wp\/v2\/types\/page"}],"author":[{"embeddable":true,"href":"https:\/\/www.myvize.com.tr\/kanada\/wp-json\/wp\/v2\/users\/1"}],"replies":[{"embeddable":true,"href":"https:\/\/www.myvize.com.tr\/kanada\/wp-json\/wp\/v2\/comments?post=208"}],"version-history":[{"count":5,"href":"https:\/\/www.myvize.com.tr\/kanada\/wp-json\/wp\/v2\/pages\/208\/revisions"}],"predecessor-version":[{"id":1195,"href":"https:\/\/www.myvize.com.tr\/kanada\/wp-json\/wp\/v2\/pages\/208\/revisions\/1195"}],"up":[{"embeddable":true,"href":"https:\/\/www.myvize.com.tr\/kanada\/wp-json\/wp\/v2\/pages\/175"}],"wp:attachment":[{"href":"https:\/\/www.myvize.com.tr\/kanada\/wp-json\/wp\/v2\/media?parent=208"}],"curies":[{"name":"wp","href":"https:\/\/api.w.org\/{rel}","templated":true}]}}