{"id":264,"date":"2020-12-28T12:51:03","date_gmt":"2020-12-28T09:51:03","guid":{"rendered":"https:\/\/www.myvize.com.tr\/kanada\/?page_id=264"},"modified":"2022-03-26T13:00:01","modified_gmt":"2022-03-26T10:00:01","slug":"konya","status":"publish","type":"page","link":"https:\/\/www.myvize.com.tr\/kanada\/subelerimiz\/konya\/","title":{"rendered":"Konya"},"content":{"rendered":"","protected":false},"excerpt":{"rendered":"","protected":false},"author":1,"featured_media":0,"parent":247,"menu_order":0,"comment_status":"open","ping_status":"closed","template":"","meta":{"footnotes":""},"class_list":["post-264","page","type-page","status-publish","hentry"],"yoast_head":"<!-- This site is optimized with the Yoast SEO plugin v24.0 - https:\/\/yoast.com\/wordpress\/plugins\/seo\/ -->\n<title>Kanada Vizesi Konya Ba\u015fvuru \u015eubesi - MyVize<\/title>\n<meta name=\"description\" content=\"Kanada Vizesi Ba\u015fvurusu Konya \u015eubesi - Kanada Vizesi Konya Vize Ba\u015fvuru Merkezi - Kanada Vizesi Almak \u0130\u00e7in Konya \u015eubemizi Hemen Ara.\" \/>\n<meta name=\"robots\" content=\"index, follow, max-snippet:-1, max-image-preview:large, max-video-preview:-1\" \/>\n<link rel=\"canonical\" href=\"https:\/\/www.myvize.com.tr\/kanada\/subelerimiz\/konya\/\" \/>\n<meta property=\"og:locale\" content=\"tr_TR\" \/>\n<meta property=\"og:type\" content=\"article\" \/>\n<meta property=\"og:title\" content=\"Kanada Vizesi Konya Ba\u015fvuru \u015eubesi - MyVize\" \/>\n<meta property=\"og:description\" content=\"Kanada Vizesi Ba\u015fvurusu Konya \u015eubesi - Kanada Vizesi Konya Vize Ba\u015fvuru Merkezi - Kanada Vizesi Almak \u0130\u00e7in Konya \u015eubemizi Hemen Ara.\" \/>\n<meta property=\"og:url\" content=\"https:\/\/www.myvize.com.tr\/kanada\/subelerimiz\/konya\/\" \/>\n<meta property=\"og:site_name\" content=\"Kanada Vizesi\" \/>\n<meta property=\"article:modified_time\" content=\"2022-03-26T10:00:01+00:00\" \/>\n<meta name=\"twitter:card\" content=\"summary_large_image\" \/>\n<script type=\"application\/ld+json\" class=\"yoast-schema-graph\">{\"@context\":\"https:\/\/schema.org\",\"@graph\":[{\"@type\":\"WebPage\",\"@id\":\"https:\/\/www.myvize.com.tr\/kanada\/subelerimiz\/konya\/\",\"url\":\"https:\/\/www.myvize.com.tr\/kanada\/subelerimiz\/konya\/\",\"name\":\"Kanada Vizesi Konya Ba\u015fvuru \u015eubesi - MyVize\",\"isPartOf\":{\"@id\":\"https:\/\/www.myvize.com.tr\/kanada\/#website\"},\"datePublished\":\"2020-12-28T09:51:03+00:00\",\"dateModified\":\"2022-03-26T10:00:01+00:00\",\"description\":\"Kanada Vizesi Ba\u015fvurusu Konya \u015eubesi - Kanada Vizesi Konya Vize Ba\u015fvuru Merkezi - Kanada Vizesi Almak \u0130\u00e7in Konya \u015eubemizi Hemen Ara.\",\"breadcrumb\":{\"@id\":\"https:\/\/www.myvize.com.tr\/kanada\/subelerimiz\/konya\/#breadcrumb\"},\"inLanguage\":\"tr\",\"potentialAction\":[{\"@type\":\"ReadAction\",\"target\":[\"https:\/\/www.myvize.com.tr\/kanada\/subelerimiz\/konya\/\"]}]},{\"@type\":\"BreadcrumbList\",\"@id\":\"https:\/\/www.myvize.com.tr\/kanada\/subelerimiz\/konya\/#breadcrumb\",\"itemListElement\":[{\"@type\":\"ListItem\",\"position\":1,\"name\":\"Anasayfa\",\"item\":\"https:\/\/www.myvize.com.tr\/kanada\/\"},{\"@type\":\"ListItem\",\"position\":2,\"name\":\"\u015eUBELER\u0130M\u0130Z\",\"item\":\"https:\/\/www.myvize.com.tr\/kanada\/subelerimiz\/\"},{\"@type\":\"ListItem\",\"position\":3,\"name\":\"Konya\"}]},{\"@type\":\"WebSite\",\"@id\":\"https:\/\/www.myvize.com.tr\/kanada\/#website\",\"url\":\"https:\/\/www.myvize.com.tr\/kanada\/\",\"name\":\"Kanada Vizesi\",\"description\":\"\",\"potentialAction\":[{\"@type\":\"SearchAction\",\"target\":{\"@type\":\"EntryPoint\",\"urlTemplate\":\"https:\/\/www.myvize.com.tr\/kanada\/?s={search_term_string}\"},\"query-input\":{\"@type\":\"PropertyValueSpecification\",\"valueRequired\":true,\"valueName\":\"search_term_string\"}}],\"inLanguage\":\"tr\"}]}<\/script>\n<!-- \/ Yoast SEO plugin. -->","yoast_head_json":{"title":"Kanada Vizesi Konya Ba\u015fvuru \u015eubesi - MyVize","description":"Kanada Vizesi Ba\u015fvurusu Konya \u015eubesi - Kanada Vizesi Konya Vize Ba\u015fvuru Merkezi - Kanada Vizesi Almak \u0130\u00e7in Konya \u015eubemizi Hemen Ara.","robots":{"index":"index","follow":"follow","max-snippet":"max-snippet:-1","max-image-preview":"max-image-preview:large","max-video-preview":"max-video-preview:-1"},"canonical":"https:\/\/www.myvize.com.tr\/kanada\/subelerimiz\/konya\/","og_locale":"tr_TR","og_type":"article","og_title":"Kanada Vizesi Konya Ba\u015fvuru \u015eubesi - MyVize","og_description":"Kanada Vizesi Ba\u015fvurusu Konya \u015eubesi - Kanada Vizesi Konya Vize Ba\u015fvuru Merkezi - Kanada Vizesi Almak \u0130\u00e7in Konya \u015eubemizi Hemen Ara.","og_url":"https:\/\/www.myvize.com.tr\/kanada\/subelerimiz\/konya\/","og_site_name":"Kanada Vizesi","article_modified_time":"2022-03-26T10:00:01+00:00","twitter_card":"summary_large_image","schema":{"@context":"https:\/\/schema.org","@graph":[{"@type":"WebPage","@id":"https:\/\/www.myvize.com.tr\/kanada\/subelerimiz\/konya\/","url":"https:\/\/www.myvize.com.tr\/kanada\/subelerimiz\/konya\/","name":"Kanada Vizesi Konya Ba\u015fvuru \u015eubesi - MyVize","isPartOf":{"@id":"https:\/\/www.myvize.com.tr\/kanada\/#website"},"datePublished":"2020-12-28T09:51:03+00:00","dateModified":"2022-03-26T10:00:01+00:00","description":"Kanada Vizesi Ba\u015fvurusu Konya \u015eubesi - Kanada Vizesi Konya Vize Ba\u015fvuru Merkezi - Kanada Vizesi Almak \u0130\u00e7in Konya \u015eubemizi Hemen Ara.","breadcrumb":{"@id":"https:\/\/www.myvize.com.tr\/kanada\/subelerimiz\/konya\/#breadcrumb"},"inLanguage":"tr","potentialAction":[{"@type":"ReadAction","target":["https:\/\/www.myvize.com.tr\/kanada\/subelerimiz\/konya\/"]}]},{"@type":"BreadcrumbList","@id":"https:\/\/www.myvize.com.tr\/kanada\/subelerimiz\/konya\/#breadcrumb","itemListElement":[{"@type":"ListItem","position":1,"name":"Anasayfa","item":"https:\/\/www.myvize.com.tr\/kanada\/"},{"@type":"ListItem","position":2,"name":"\u015eUBELER\u0130M\u0130Z","item":"https:\/\/www.myvize.com.tr\/kanada\/subelerimiz\/"},{"@type":"ListItem","position":3,"name":"Konya"}]},{"@type":"WebSite","@id":"https:\/\/www.myvize.com.tr\/kanada\/#website","url":"https:\/\/www.myvize.com.tr\/kanada\/","name":"Kanada Vizesi","description":"","potentialAction":[{"@type":"SearchAction","target":{"@type":"EntryPoint","urlTemplate":"https:\/\/www.myvize.com.tr\/kanada\/?s={search_term_string}"},"query-input":{"@type":"PropertyValueSpecification","valueRequired":true,"valueName":"search_term_string"}}],"inLanguage":"tr"}]}},"_links":{"self":[{"href":"https:\/\/www.myvize.com.tr\/kanada\/wp-json\/wp\/v2\/pages\/264","targetHints":{"allow":["GET"]}}],"collection":[{"href":"https:\/\/www.myvize.com.tr\/kanada\/wp-json\/wp\/v2\/pages"}],"about":[{"href":"https:\/\/www.myvize.com.tr\/kanada\/wp-json\/wp\/v2\/types\/page"}],"author":[{"embeddable":true,"href":"https:\/\/www.myvize.com.tr\/kanada\/wp-json\/wp\/v2\/users\/1"}],"replies":[{"embeddable":true,"href":"https:\/\/www.myvize.com.tr\/kanada\/wp-json\/wp\/v2\/comments?post=264"}],"version-history":[{"count":5,"href":"https:\/\/www.myvize.com.tr\/kanada\/wp-json\/wp\/v2\/pages\/264\/revisions"}],"predecessor-version":[{"id":1104,"href":"https:\/\/www.myvize.com.tr\/kanada\/wp-json\/wp\/v2\/pages\/264\/revisions\/1104"}],"up":[{"embeddable":true,"href":"https:\/\/www.myvize.com.tr\/kanada\/wp-json\/wp\/v2\/pages\/247"}],"wp:attachment":[{"href":"https:\/\/www.myvize.com.tr\/kanada\/wp-json\/wp\/v2\/media?parent=264"}],"curies":[{"name":"wp","href":"https:\/\/api.w.org\/{rel}","templated":true}]}}