{"id":280,"date":"2020-12-28T12:53:38","date_gmt":"2020-12-28T09:53:38","guid":{"rendered":"https:\/\/www.myvize.com.tr\/kanada\/?page_id=280"},"modified":"2022-06-13T14:51:53","modified_gmt":"2022-06-13T11:51:53","slug":"istanbul","status":"publish","type":"page","link":"https:\/\/www.myvize.com.tr\/kanada\/subelerimiz\/istanbul\/","title":{"rendered":"\u0130stanbul"},"content":{"rendered":"<h2><strong><span style=\"font-family: Roboto; font-size: 27px;\">Kanada Vize Ba\u015fvuru Merkezi,\u00a0<\/span><\/strong><strong><span style=\"font-family: Roboto; font-size: 27px;\">\u0130stanbul <\/span><\/strong><\/h2>\n<p><span style=\"font-family: Roboto; font-size: 14px;\">\u0130stanbul\u2019dan <span style=\"color: #2acec2;\"><strong><a style=\"color: #2acec2;\" href=\"https:\/\/www.myvize.com.tr\/kanada\/vize-islemleri\/kanada-vizesi\/\" target=\"_blank\" rel=\"noopener\">Kanada vizesi<\/a><\/strong><\/span> i\u00e7in ba\u015fvuru yapmak istiyorsan\u0131z \u015fubemize ileti\u015fim numaralar\u0131 \u00fczerinden ula\u015fabilirsiniz ya da \u015fahsen gelip t\u00fcm i\u015flemlerinizi h\u0131zl\u0131, kolay ve eksiksiz bir \u015fekilde tamamlayabilirsiniz. Sayfam\u0131zda \u0130stanbul ofisimize dair t\u00fcm ileti\u015fim ve adres bilgileri belirtilmi\u015ftir. Diledi\u011finiz yol ile bizlere ula\u015fabilirsiniz. <strong>Kanada vize<\/strong> ba\u015fvurular\u0131n\u0131z i\u00e7in\u00a0\u00a0uzmanlar\u0131m\u0131z, belirledi\u011finiz\u00a0\u00a0duruma uygun olarak vize ba\u015fvurunuzu ger\u00e7ekle\u015ftiriyor.\u00a0\u00a0Kanada vizenizi en k\u0131sa s\u00fcrede alman\u0131z i\u00e7in yard\u0131mc\u0131 oluyor.<\/span><\/p>\n<h2><strong><span style=\"font-family: Roboto; font-size: 27px;\">Kanada\u00a0\u00a0\u0130stanbul Ba\u015fkonsoloslu\u011fu&#8217;nun G\u00f6rev B\u00f6lgeleri Nedir?<\/span><\/strong><\/h2>\n<p><span style=\"font-family: Roboto; font-size: 14px;\">Afyon, Artvin, Ayd\u0131n, Bal\u0131kesir, Bilecik, Bolu, \u0130stanbul, Bursa, Kocaeli, \u00c7anakkale, Denizli, Edirne, Eski\u015fehir, Giresun, G\u00fcm\u00fc\u015fhane, \u0130zmir, Kars, Kastamonu, K\u0131rklareli, Tekirda\u011f \u015fehirleri <strong>Kanada vize<\/strong> i\u015flemleriniz ve di\u011fer konsolosluk i\u015flemleriniz i\u00e7in <span style=\"color: #2acec2;\"><strong><a style=\"color: #2acec2;\" href=\"https:\/\/www.myvize.com.tr\/kanada\/konsolosluklar\/kanada-istanbul-fahri-konsoloslugu\/\" target=\"_blank\" rel=\"noopener\">Kanada \u0130stanbul Ba\u015fkonsoloslu\u011fu <\/a><\/strong><\/span>g\u00f6rev alan\u0131 i\u00e7inde yer al\u0131yor.<\/span><\/p>\n<h2><strong><span style=\"font-family: Roboto; font-size: 27px;\">\u0130stanbul Kanada Konsoloslu\u011fu \u00c7al\u0131\u015fma\u00a0\u00a0Saatleri Nedir?<\/span><\/strong><\/h2>\n<p><span style=\"font-family: Roboto; font-size: 14px;\">Ba\u015fkonsoloslu\u011fa girebilmeniz i\u00e7in yan\u0131n\u0131zda\u00a0\u00a0bir kimlik kart\u0131 bulunmas\u0131 gerekiyor.<\/span><\/p>\n<p><span style=\"font-family: Roboto; font-size: 14px;\">Konsolosluk Hizmetleri:<\/span><br \/>\n<span style=\"font-family: Roboto; font-size: 14px;\">Pazartesi &#8211; Cuma: 08:30- 12:30<\/span><\/p>\n<p><span style=\"font-family: Roboto; font-size: 14px;\">Ticari Hizmetler:<\/span><br \/>\n<span style=\"font-family: Roboto; font-size: 14px;\">Pazartesi &#8211; Per\u015fembe: 08:30 &#8211; 12:00 ve 12:30 &#8211; 15:15<\/span><br \/>\n<span style=\"font-family: Roboto; font-size: 14px;\">Cuma: 08:30 &#8211; 13:00<\/span><\/p>\n<h2><strong><span style=\"font-family: Roboto; font-size: 27px;\">Kanada Konsoloslu\u011fu Vize Ba\u015fvurusu Nas\u0131l Yap\u0131l\u0131r?<\/span><\/strong><\/h2>\n<p><span style=\"font-family: Roboto; font-size: 14px;\">Kanada konsoloslu\u011fu \u0130stanbul, k\u0131sa s\u00fcreli Kanada vizeniz i\u00e7in ba\u015fvurular\u0131n\u0131z\u0131 \u015fahsen kabul etmiyor. <span style=\"color: #2acec2;\"><strong><a style=\"color: #2acec2;\" href=\"https:\/\/www.myvize.com.tr\/kanada\/vize-islemleri\/kanada-vize-basvurusu\/\" target=\"_blank\" rel=\"noopener\">Kanada vize ba\u015fvurusu<\/a><\/strong><\/span> merkezleri veya seyahat acentalar\u0131 ile ba\u015fvuru yapman\u0131z gerekiyor. \u0130stanbul ve \u00e7evresindeki \u015fehirlerden birinde ya\u015f\u0131yorsan\u0131z T\u00fcrkiye Cumhuriyeti vatanda\u015f\u0131ysan\u0131z ya da T\u00fcrkiye\u2019de oturum iznine sahip \u00fc\u00e7\u00fcnc\u00fc bir \u00fclkenin vatanda\u015f\u0131ysan\u0131z\u00a0\u00a0<strong>Kanada vizesi<\/strong> ba\u015fvurular\u0131n\u0131z i\u00e7in\u00a0\u00a0<strong>Kanada \u0130stanbul Ba\u015fkonsoloslu\u011fu<\/strong> yetki alan\u0131 dahilinde de\u011ferlendirme yap\u0131l\u0131yor.<\/span><\/p>\n","protected":false},"excerpt":{"rendered":"<p>Kanada Vize Ba\u015fvuru Merkezi,\u00a0\u0130stanbul \u0130stanbul\u2019dan Kanada vizesi i\u00e7in ba\u015fvuru yapmak istiyorsan\u0131z \u015fubemize ileti\u015fim numaralar\u0131 \u00fczerinden ula\u015fabilirsiniz ya da \u015fahsen gelip t\u00fcm i\u015flemlerinizi h\u0131zl\u0131, kolay ve eksiksiz bir \u015fekilde tamamlayabilirsiniz. Sayfam\u0131zda \u0130stanbul ofisimize dair t\u00fcm ileti\u015fim ve adres bilgileri belirtilmi\u015ftir. Diledi\u011finiz yol ile bizlere ula\u015fabilirsiniz. Kanada vize ba\u015fvurular\u0131n\u0131z i\u00e7in\u00a0\u00a0uzmanlar\u0131m\u0131z, belirledi\u011finiz\u00a0\u00a0duruma uygun olarak vize ba\u015fvurunuzu ger\u00e7ekle\u015ftiriyor.\u00a0\u00a0Kanada vizenizi<\/p>\n","protected":false},"author":1,"featured_media":0,"parent":247,"menu_order":0,"comment_status":"open","ping_status":"closed","template":"","meta":{"footnotes":""},"class_list":["post-280","page","type-page","status-publish","hentry"],"yoast_head":"<!-- This site is optimized with the Yoast SEO plugin v24.0 - https:\/\/yoast.com\/wordpress\/plugins\/seo\/ -->\n<title>Kanada Vizesi \u0130stanbul \u015eubesi - MyVize<\/title>\n<meta name=\"description\" content=\"Kanada Vizesi \u0130stanbul Vize Ba\u015fvuru \u015eubesi. Kanada Vizesi Ba\u015fvurusu Yapmak \u0130\u00e7in Hemen \u0130stanbul \u015eubemize Ba\u015fvurabilirsiniz.\" \/>\n<meta name=\"robots\" content=\"index, follow, max-snippet:-1, max-image-preview:large, max-video-preview:-1\" \/>\n<link rel=\"canonical\" href=\"https:\/\/www.myvize.com.tr\/kanada\/subelerimiz\/istanbul\/\" \/>\n<meta property=\"og:locale\" content=\"tr_TR\" \/>\n<meta property=\"og:type\" content=\"article\" \/>\n<meta property=\"og:title\" content=\"Kanada Vizesi \u0130stanbul \u015eubesi - MyVize\" \/>\n<meta property=\"og:description\" content=\"Kanada Vizesi \u0130stanbul Vize Ba\u015fvuru \u015eubesi. Kanada Vizesi Ba\u015fvurusu Yapmak \u0130\u00e7in Hemen \u0130stanbul \u015eubemize Ba\u015fvurabilirsiniz.\" \/>\n<meta property=\"og:url\" content=\"https:\/\/www.myvize.com.tr\/kanada\/subelerimiz\/istanbul\/\" \/>\n<meta property=\"og:site_name\" content=\"Kanada Vizesi\" \/>\n<meta property=\"article:modified_time\" content=\"2022-06-13T11:51:53+00:00\" \/>\n<meta name=\"twitter:card\" content=\"summary_large_image\" \/>\n<meta name=\"twitter:label1\" content=\"Tahmini okuma s\u00fcresi\" \/>\n\t<meta name=\"twitter:data1\" content=\"1 dakika\" \/>\n<script type=\"application\/ld+json\" class=\"yoast-schema-graph\">{\"@context\":\"https:\/\/schema.org\",\"@graph\":[{\"@type\":\"WebPage\",\"@id\":\"https:\/\/www.myvize.com.tr\/kanada\/subelerimiz\/istanbul\/\",\"url\":\"https:\/\/www.myvize.com.tr\/kanada\/subelerimiz\/istanbul\/\",\"name\":\"Kanada Vizesi \u0130stanbul \u015eubesi - MyVize\",\"isPartOf\":{\"@id\":\"https:\/\/www.myvize.com.tr\/kanada\/#website\"},\"datePublished\":\"2020-12-28T09:53:38+00:00\",\"dateModified\":\"2022-06-13T11:51:53+00:00\",\"description\":\"Kanada Vizesi \u0130stanbul Vize Ba\u015fvuru \u015eubesi. Kanada Vizesi Ba\u015fvurusu Yapmak \u0130\u00e7in Hemen \u0130stanbul \u015eubemize Ba\u015fvurabilirsiniz.\",\"breadcrumb\":{\"@id\":\"https:\/\/www.myvize.com.tr\/kanada\/subelerimiz\/istanbul\/#breadcrumb\"},\"inLanguage\":\"tr\",\"potentialAction\":[{\"@type\":\"ReadAction\",\"target\":[\"https:\/\/www.myvize.com.tr\/kanada\/subelerimiz\/istanbul\/\"]}]},{\"@type\":\"BreadcrumbList\",\"@id\":\"https:\/\/www.myvize.com.tr\/kanada\/subelerimiz\/istanbul\/#breadcrumb\",\"itemListElement\":[{\"@type\":\"ListItem\",\"position\":1,\"name\":\"Anasayfa\",\"item\":\"https:\/\/www.myvize.com.tr\/kanada\/\"},{\"@type\":\"ListItem\",\"position\":2,\"name\":\"\u015eUBELER\u0130M\u0130Z\",\"item\":\"https:\/\/www.myvize.com.tr\/kanada\/subelerimiz\/\"},{\"@type\":\"ListItem\",\"position\":3,\"name\":\"\u0130stanbul\"}]},{\"@type\":\"WebSite\",\"@id\":\"https:\/\/www.myvize.com.tr\/kanada\/#website\",\"url\":\"https:\/\/www.myvize.com.tr\/kanada\/\",\"name\":\"Kanada Vizesi\",\"description\":\"\",\"potentialAction\":[{\"@type\":\"SearchAction\",\"target\":{\"@type\":\"EntryPoint\",\"urlTemplate\":\"https:\/\/www.myvize.com.tr\/kanada\/?s={search_term_string}\"},\"query-input\":{\"@type\":\"PropertyValueSpecification\",\"valueRequired\":true,\"valueName\":\"search_term_string\"}}],\"inLanguage\":\"tr\"}]}<\/script>\n<!-- \/ Yoast SEO plugin. -->","yoast_head_json":{"title":"Kanada Vizesi \u0130stanbul \u015eubesi - MyVize","description":"Kanada Vizesi \u0130stanbul Vize Ba\u015fvuru \u015eubesi. Kanada Vizesi Ba\u015fvurusu Yapmak \u0130\u00e7in Hemen \u0130stanbul \u015eubemize Ba\u015fvurabilirsiniz.","robots":{"index":"index","follow":"follow","max-snippet":"max-snippet:-1","max-image-preview":"max-image-preview:large","max-video-preview":"max-video-preview:-1"},"canonical":"https:\/\/www.myvize.com.tr\/kanada\/subelerimiz\/istanbul\/","og_locale":"tr_TR","og_type":"article","og_title":"Kanada Vizesi \u0130stanbul \u015eubesi - MyVize","og_description":"Kanada Vizesi \u0130stanbul Vize Ba\u015fvuru \u015eubesi. Kanada Vizesi Ba\u015fvurusu Yapmak \u0130\u00e7in Hemen \u0130stanbul \u015eubemize Ba\u015fvurabilirsiniz.","og_url":"https:\/\/www.myvize.com.tr\/kanada\/subelerimiz\/istanbul\/","og_site_name":"Kanada Vizesi","article_modified_time":"2022-06-13T11:51:53+00:00","twitter_card":"summary_large_image","twitter_misc":{"Tahmini okuma s\u00fcresi":"1 dakika"},"schema":{"@context":"https:\/\/schema.org","@graph":[{"@type":"WebPage","@id":"https:\/\/www.myvize.com.tr\/kanada\/subelerimiz\/istanbul\/","url":"https:\/\/www.myvize.com.tr\/kanada\/subelerimiz\/istanbul\/","name":"Kanada Vizesi \u0130stanbul \u015eubesi - MyVize","isPartOf":{"@id":"https:\/\/www.myvize.com.tr\/kanada\/#website"},"datePublished":"2020-12-28T09:53:38+00:00","dateModified":"2022-06-13T11:51:53+00:00","description":"Kanada Vizesi \u0130stanbul Vize Ba\u015fvuru \u015eubesi. Kanada Vizesi Ba\u015fvurusu Yapmak \u0130\u00e7in Hemen \u0130stanbul \u015eubemize Ba\u015fvurabilirsiniz.","breadcrumb":{"@id":"https:\/\/www.myvize.com.tr\/kanada\/subelerimiz\/istanbul\/#breadcrumb"},"inLanguage":"tr","potentialAction":[{"@type":"ReadAction","target":["https:\/\/www.myvize.com.tr\/kanada\/subelerimiz\/istanbul\/"]}]},{"@type":"BreadcrumbList","@id":"https:\/\/www.myvize.com.tr\/kanada\/subelerimiz\/istanbul\/#breadcrumb","itemListElement":[{"@type":"ListItem","position":1,"name":"Anasayfa","item":"https:\/\/www.myvize.com.tr\/kanada\/"},{"@type":"ListItem","position":2,"name":"\u015eUBELER\u0130M\u0130Z","item":"https:\/\/www.myvize.com.tr\/kanada\/subelerimiz\/"},{"@type":"ListItem","position":3,"name":"\u0130stanbul"}]},{"@type":"WebSite","@id":"https:\/\/www.myvize.com.tr\/kanada\/#website","url":"https:\/\/www.myvize.com.tr\/kanada\/","name":"Kanada Vizesi","description":"","potentialAction":[{"@type":"SearchAction","target":{"@type":"EntryPoint","urlTemplate":"https:\/\/www.myvize.com.tr\/kanada\/?s={search_term_string}"},"query-input":{"@type":"PropertyValueSpecification","valueRequired":true,"valueName":"search_term_string"}}],"inLanguage":"tr"}]}},"_links":{"self":[{"href":"https:\/\/www.myvize.com.tr\/kanada\/wp-json\/wp\/v2\/pages\/280","targetHints":{"allow":["GET"]}}],"collection":[{"href":"https:\/\/www.myvize.com.tr\/kanada\/wp-json\/wp\/v2\/pages"}],"about":[{"href":"https:\/\/www.myvize.com.tr\/kanada\/wp-json\/wp\/v2\/types\/page"}],"author":[{"embeddable":true,"href":"https:\/\/www.myvize.com.tr\/kanada\/wp-json\/wp\/v2\/users\/1"}],"replies":[{"embeddable":true,"href":"https:\/\/www.myvize.com.tr\/kanada\/wp-json\/wp\/v2\/comments?post=280"}],"version-history":[{"count":5,"href":"https:\/\/www.myvize.com.tr\/kanada\/wp-json\/wp\/v2\/pages\/280\/revisions"}],"predecessor-version":[{"id":1202,"href":"https:\/\/www.myvize.com.tr\/kanada\/wp-json\/wp\/v2\/pages\/280\/revisions\/1202"}],"up":[{"embeddable":true,"href":"https:\/\/www.myvize.com.tr\/kanada\/wp-json\/wp\/v2\/pages\/247"}],"wp:attachment":[{"href":"https:\/\/www.myvize.com.tr\/kanada\/wp-json\/wp\/v2\/media?parent=280"}],"curies":[{"name":"wp","href":"https:\/\/api.w.org\/{rel}","templated":true}]}}