{"id":335,"date":"2021-06-13T12:00:24","date_gmt":"2021-06-13T09:00:24","guid":{"rendered":"https:\/\/www.myvize.com.tr\/kanada\/?page_id=335"},"modified":"2022-06-07T12:40:01","modified_gmt":"2022-06-07T09:40:01","slug":"kanada-vize-ucreti","status":"publish","type":"page","link":"https:\/\/www.myvize.com.tr\/kanada\/kanada-vize-ucreti\/","title":{"rendered":"Kanada Vize \u00dccreti"},"content":{"rendered":"<p><span style=\"font-family: Roboto;\"><\/span><\/p>\r\n<p><span style=\"font-family: Roboto; font-size: 14px;\"><strong>Kanada vize \u00fccretleri<\/strong> konusunda ki\u015filerin hem yat\u0131rmas\u0131 gereken evraklar vard\u0131r hem de haz\u0131rlanacak evrak listesi geni\u015ftir. <strong>Kanada Vize evraklar\u0131<\/strong> i\u00e7erisinde en \u00f6nemli evrak ba\u015fvuru formudur ve bu formun haz\u0131rlanmas\u0131nda \u0130ngilizce kullanmak gereklidir. \u0130\u015flemler s\u0131ras\u0131nda ba\u015fvuru formunun mutlaka seyahat ile ilgili t\u00fcm detaylar\u0131n\u0131n doldurulmas\u0131 gerekmektedir.<\/span><\/p>\r\n<p><span style=\"font-family: Roboto; font-size: 14px;\">\r\n\r\n<\/span><\/p>\r\n<p><span style=\"font-family: Roboto; font-size: 14px;\"><strong>Kanada vize<\/strong> i\u015flemlerinin vize t\u00fcr\u00fcne uygun yap\u0131lmas\u0131 \u00f6nemli bir detayd\u0131r. Ba\u015fvuru formunda mutlaka vize t\u00fcr\u00fcn\u00fc i\u015faretleyin ve ona g\u00f6re di\u011fer belgelerinizi haz\u0131rlay\u0131n. Bazen ba\u015fvuru s\u0131ras\u0131nda ek belgeler de istenebilir. B\u00f6yle durumlarda vizenizin s\u00fcresi de uzayabilir. Bu nedenle vize i\u015flemlerinize her zaman 1 ay \u00f6ncesinden ba\u015flamak i\u015flemlerin tamamlanmas\u0131 a\u00e7\u0131s\u0131ndan son derece \u00f6nemlidir.<\/span><\/p>\r\n<p><span style=\"font-family: Roboto; font-size: 14px;\"> <img decoding=\"async\" src=\"https:\/\/www.myvize.com.tr\/kanada\/wp-content\/uploads\/2021\/10\/11.jpg\" \/> <\/span><\/p>\r\n<h2><span style=\"font-family: Roboto; font-size: 27px;\"><strong>Kanada Vizesi Nas\u0131l Al\u0131n\u0131r?<\/strong><\/span><\/h2>\r\n<p><span style=\"font-family: Roboto; font-size: 14px;\">\r\n\r\n<\/span><\/p>\r\n<p><span style=\"font-family: Roboto; font-size: 14px;\"><span style=\"color: #2acec2;\"><strong><a style=\"color: #2acec2;\" href=\"https:\/\/www.myvize.com.tr\/kanada\/vize-islemleri\/kanada-vizesi\/\" target=\"_blank\" rel=\"noopener\">Kanada vizesi<\/a><\/strong><\/span> alacak ki\u015filer turistik, ticari, \u00e7al\u0131\u015fma, e\u011fitim, oturma, akraba ziyareti gibi vize t\u00fcrlerinden birine ba\u015fvurmak zorundad\u0131r. Bu vize t\u00fcr\u00fcne uygun \u015fekilde haz\u0131rlad\u0131\u011f\u0131n\u0131z evraklar\u0131 da <strong>Kanada B\u00fcy\u00fckel\u00e7ili\u011fi<\/strong>, ba\u015fkonsolosluk ve konsolosluklar ile yetkilendirilen vize merkezlerine teslim etmek gereklidir.<\/span><\/p>\r\n<p><span style=\"font-family: Roboto; font-size: 14px;\">\r\n\r\n<\/span><\/p>\r\n<p><span style=\"font-family: Roboto; font-size: 14px;\">Evraklar\u0131n tamamlanmas\u0131 i\u00e7in \u00f6ncelikle ba\u015fvuru formunu doldurun, pasaportunuzu ekleyin, dilek\u00e7enizi yaz\u0131n. Bu i\u015flemler s\u0131ras\u0131nda pasaportun mutlaka g\u00fcncel olmas\u0131 gereklidir. E\u011fer pasaportunuz yoksa 6 ay ile 10 y\u0131l aras\u0131nda s\u00fcreye sahip bir pasaport almal\u0131s\u0131n\u0131z. En d\u00fc\u015f\u00fck pasaport \u00fccreti 407,20 TL olarak belirlenmi\u015ftir. En y\u00fcksek pasaport \u00fccreti ise 1265,40 TL olarak belirlenmi\u015ftir.<\/span><\/p>\r\n<p><span style=\"font-family: Roboto; font-size: 14px;\">\r\n\r\n<\/span><\/p>\r\n<p><span style=\"font-family: Roboto; font-size: 14px;\">Pasaport al\u0131m\u0131 s\u0131ras\u0131nda da sizlerden evraklar istenebilir. E\u011fer pasaportunuz varsa ve yenilemeniz gerekiyor ise bu i\u015flemi de ba\u015fvuru \u00f6ncesinde ger\u00e7ekle\u015ftirmeniz gereklidir.<\/span><\/p>\r\n<p><span style=\"font-family: Roboto; font-size: 14px;\">\r\n\r\n<\/span><\/p>\r\n<h2><span style=\"font-family: Roboto; font-size: 27px;\"><strong>Kanada Vize \u00dccretleri Ne Kadar?<\/strong><\/span><\/h2>\r\n<p><span style=\"font-family: Roboto; font-size: 14px;\">\r\n\r\n<\/span><\/p>\r\n<p><span style=\"font-family: Roboto; font-size: 14px;\"><strong>Kanada vize \u00fccretleri<\/strong> ki\u015filerin alacaklar\u0131 vizenin t\u00fcr\u00fcne ve s\u00fcresine g\u00f6re de\u011fi\u015fmektedir. Bu \u00fccretleri mutlaka vize merkezleri taraf\u0131ndan yetkilendirilen bankalara yat\u0131rmak zorundas\u0131n\u0131z. <strong>Kanada vize \u00fccreti<\/strong> 100 Kanada Dolar\u0131 olarak belirlenmi\u015ftir. Her sene g\u00fcncellendi\u011fi i\u00e7in de mutlaka g\u00fcncel veriler \u00fczerinden yat\u0131r\u0131lmas\u0131 gereklidir.<\/span><\/p>\r\n<p><span style=\"font-family: Roboto; font-size: 14px;\">\r\n\r\n<\/span><\/p>\r\n<p><span style=\"font-family: Roboto; font-size: 14px;\"><span style=\"color: #2acec2;\"><strong><a style=\"color: #2acec2;\" href=\"https:\/\/www.myvize.com.tr\/kanada\/vize-islemleri\/\" target=\"_blank\" rel=\"noopener\">Kanada Vize i\u015flemleri<\/a><\/strong><\/span> s\u0131ras\u0131nda olas\u0131 bir reddedilme durumu olursa yat\u0131r\u0131lan \u00fccretleri geri alabilme \u015fans\u0131n\u0131z bulunmuyor. Bununla birlikte vize i\u015flemlerini yeniden yapman\u0131z gerekirse mutlaka vize \u00fccretlerini yeniden yat\u0131rman\u0131z gerekmektedir. \u0130\u015flemlerinizi yaparken titizlik g\u00f6stermelisiniz. K\u0131sa s\u00fcrede vizeyi alabilmek i\u00e7in i\u015flemlere erken tarihte ba\u015flamak ek evrak istenildi\u011finde h\u0131zl\u0131 davranabilmek a\u00e7\u0131s\u0131ndan da \u00f6nemlidir. En ge\u00e7 10 i\u015f g\u00fcn\u00fc i\u00e7erisinde Kanada vizenizi alabilirsiniz.<\/span><\/p>\r\n<h2><span style=\"font-family: Roboto; font-size: 27px;\"><strong>Kanada Vize \u00dccreti 2022<\/strong><\/span><\/h2>\r\n<p><span style=\"font-family: Roboto; font-size: 14px;\"><strong>Kanada vize \u00fccretleri<\/strong> vize ba\u015fvurusunda bulundu\u011fu t\u00fcre g\u00f6re de\u011fi\u015fmekte. <strong>Kanada B\u00fcy\u00fckel\u00e7ili\u011fi<\/strong> taraf\u0131ndan belirlenen vize \u00fccretleri gerekli kurumun banka hesaplar\u0131na yat\u0131rmal\u0131 ve \u00f6deme dekontu vize ba\u015fvuru evrak\u0131 ile beraber konsolosluklara sunmal\u0131s\u0131n\u0131z. <strong>Kanada vizesi<\/strong> bedeli konsolosluk har\u00e7lar\u0131n\u0131, biyometrik veri beyan sisteme ge\u00e7irmesi i\u00e7in gerekli olan sistem \u00fccretleri ve vize ba\u015fvurusu arac\u0131l\u0131k yapan vize \u015firketi hizmet bedeli olarak belirlenmekte.<\/span><br \/><span style=\"font-family: Roboto; font-size: 14px;\"><strong>Kanada vizesi \u00fccreti<\/strong> vize reddi gibi olumsuz durumda geri iade edilmemekte. <span style=\"color: #2acec2;\"><strong><a style=\"color: #2acec2;\" href=\"https:\/\/www.myvize.com.tr\/kanada\/vize-islemleri\/kanada-vize-reddi\/\" target=\"_blank\" rel=\"noopener\">Kanada Vize reddi<\/a><\/strong><\/span> almama ve zaman kaybetmeme ad\u0131na t\u00fcm i\u015flemi usul\u00fcne g\u00f6re tamamlaman\u0131z gerekmektedir.<strong> Kanada B\u00fcy\u00fckel\u00e7ili\u011fi<\/strong> evrak\u0131n\u0131zda bir hata g\u00f6rebilir, maddi duruma yeterli olarak de\u011ferlendirmeyebilir veya seyahat amac\u0131n\u0131z\u0131 vize ba\u015fvurusu bulundu\u011fu vize t\u00fcr\u00fc ile ilgili bulmayabilmektedir. Bu durumda vize reddi al\u0131nabilir ve planlad\u0131\u011f\u0131n\u0131z seyahat tarihlerinden geri kalabilirsiniz. <strong>Kanada B\u00fcy\u00fckel\u00e7ilik vize reddi<\/strong> a\u00e7\u0131klayabilir ya da bunu gizli tutmak karar\u0131 da alabilir. Vize reddi nedeniniz a\u00e7\u0131kland\u0131\u011f\u0131nda ikinci defa ba\u015fvuru yap\u0131l\u0131rken bu nedeni ortadan kald\u0131rmal\u0131s\u0131n\u0131z. Vize itiraz dilek\u00e7eleri olu\u015fturabilmek ve karara itiraz etmek hakk\u0131n\u0131z da bulunmakta.<\/span><br \/><span style=\"font-family: Roboto; font-size: 14px;\">Kanada vizesi ba\u015fvurusunda bulunma isteyen ki\u015fi seyahat amac\u0131na g\u00f6re vize t\u00fcr se\u00e7meli ve b\u00fcy\u00fckel\u00e7ili\u011fe m\u00fcracaat etmeli. Ancak b\u00fcy\u00fckel\u00e7ilikler vize ba\u015fvurusu do\u011frudan kabul etmemekte.<strong> Kanada vizesi<\/strong> ba\u015fvurusunda bulunma isteyen ki\u015fi yetkili vize merkezi arac\u0131l\u0131\u011f\u0131 ile vize ba\u015fvurusu yapabilmektedir. Haziran 2013 tarihinde itibaren uygulama giren bu sistem ile T\u00fcrkiye Cumhuriyeti vatanda\u015f\u0131 <strong>Kanada vize<\/strong> i\u015flemini alan\u0131nda uzman ve akredit edilmi\u015f vize hizmet noktas\u0131 ile tamamlamakta.<\/span><\/p>\r\n<p><span style=\"font-family: Roboto;\"><\/span><\/p>","protected":false},"excerpt":{"rendered":"<p>Kanada vize \u00fccretleri konusunda ki\u015filerin hem yat\u0131rmas\u0131 gereken evraklar vard\u0131r hem de haz\u0131rlanacak evrak listesi geni\u015ftir. Kanada Vize evraklar\u0131 i\u00e7erisinde en \u00f6nemli evrak ba\u015fvuru formudur ve bu formun haz\u0131rlanmas\u0131nda \u0130ngilizce kullanmak gereklidir. \u0130\u015flemler s\u0131ras\u0131nda ba\u015fvuru formunun mutlaka seyahat ile ilgili t\u00fcm detaylar\u0131n\u0131n doldurulmas\u0131 gerekmektedir. Kanada vize i\u015flemlerinin vize t\u00fcr\u00fcne uygun yap\u0131lmas\u0131 \u00f6nemli bir detayd\u0131r. Ba\u015fvuru<\/p>\n","protected":false},"author":1,"featured_media":0,"parent":0,"menu_order":0,"comment_status":"open","ping_status":"closed","template":"","meta":{"footnotes":""},"class_list":["post-335","page","type-page","status-publish","hentry"],"yoast_head":"<!-- This site is optimized with the Yoast SEO plugin v24.0 - https:\/\/yoast.com\/wordpress\/plugins\/seo\/ -->\n<title>Kanada Vize \u00dccreti - Kanada Vize Ba\u015fvurusu - MyVize<\/title>\n<meta name=\"description\" content=\"Kanada Vize \u00dccreti Ne kadard\u0131r? Kanada Vizesi \u00dccreti Hakk\u0131nda. Kanada Vize \u00dccreti \u0130le \u0130lgili Bilgi Almak \u0130\u00e7in Hemen T\u0131kla.\" \/>\n<meta name=\"robots\" content=\"index, follow, max-snippet:-1, max-image-preview:large, max-video-preview:-1\" \/>\n<link rel=\"canonical\" href=\"https:\/\/www.myvize.com.tr\/kanada\/kanada-vize-ucreti\/\" \/>\n<meta property=\"og:locale\" content=\"tr_TR\" \/>\n<meta property=\"og:type\" content=\"article\" \/>\n<meta property=\"og:title\" content=\"Kanada Vize \u00dccreti - Kanada Vize Ba\u015fvurusu - MyVize\" \/>\n<meta property=\"og:description\" content=\"Kanada Vize \u00dccreti Ne kadard\u0131r? Kanada Vizesi \u00dccreti Hakk\u0131nda. Kanada Vize \u00dccreti \u0130le \u0130lgili Bilgi Almak \u0130\u00e7in Hemen T\u0131kla.\" \/>\n<meta property=\"og:url\" content=\"https:\/\/www.myvize.com.tr\/kanada\/kanada-vize-ucreti\/\" \/>\n<meta property=\"og:site_name\" content=\"Kanada Vizesi\" \/>\n<meta property=\"article:modified_time\" content=\"2022-06-07T09:40:01+00:00\" \/>\n<meta property=\"og:image\" content=\"https:\/\/www.myvize.com.tr\/kanada\/wp-content\/uploads\/2021\/10\/11.jpg\" \/>\n<meta name=\"twitter:card\" content=\"summary_large_image\" \/>\n<meta name=\"twitter:label1\" content=\"Tahmini okuma s\u00fcresi\" \/>\n\t<meta name=\"twitter:data1\" content=\"3 dakika\" \/>\n<script type=\"application\/ld+json\" class=\"yoast-schema-graph\">{\"@context\":\"https:\/\/schema.org\",\"@graph\":[{\"@type\":\"WebPage\",\"@id\":\"https:\/\/www.myvize.com.tr\/kanada\/kanada-vize-ucreti\/\",\"url\":\"https:\/\/www.myvize.com.tr\/kanada\/kanada-vize-ucreti\/\",\"name\":\"Kanada Vize \u00dccreti - Kanada Vize Ba\u015fvurusu - MyVize\",\"isPartOf\":{\"@id\":\"https:\/\/www.myvize.com.tr\/kanada\/#website\"},\"primaryImageOfPage\":{\"@id\":\"https:\/\/www.myvize.com.tr\/kanada\/kanada-vize-ucreti\/#primaryimage\"},\"image\":{\"@id\":\"https:\/\/www.myvize.com.tr\/kanada\/kanada-vize-ucreti\/#primaryimage\"},\"thumbnailUrl\":\"https:\/\/www.myvize.com.tr\/kanada\/wp-content\/uploads\/2021\/10\/11.jpg\",\"datePublished\":\"2021-06-13T09:00:24+00:00\",\"dateModified\":\"2022-06-07T09:40:01+00:00\",\"description\":\"Kanada Vize \u00dccreti Ne kadard\u0131r? Kanada Vizesi \u00dccreti Hakk\u0131nda. Kanada Vize \u00dccreti \u0130le \u0130lgili Bilgi Almak \u0130\u00e7in Hemen T\u0131kla.\",\"breadcrumb\":{\"@id\":\"https:\/\/www.myvize.com.tr\/kanada\/kanada-vize-ucreti\/#breadcrumb\"},\"inLanguage\":\"tr\",\"potentialAction\":[{\"@type\":\"ReadAction\",\"target\":[\"https:\/\/www.myvize.com.tr\/kanada\/kanada-vize-ucreti\/\"]}]},{\"@type\":\"ImageObject\",\"inLanguage\":\"tr\",\"@id\":\"https:\/\/www.myvize.com.tr\/kanada\/kanada-vize-ucreti\/#primaryimage\",\"url\":\"https:\/\/www.myvize.com.tr\/kanada\/wp-content\/uploads\/2021\/10\/11.jpg\",\"contentUrl\":\"https:\/\/www.myvize.com.tr\/kanada\/wp-content\/uploads\/2021\/10\/11.jpg\",\"width\":800,\"height\":500,\"caption\":\"Kanada Vize \u00dccreti\"},{\"@type\":\"BreadcrumbList\",\"@id\":\"https:\/\/www.myvize.com.tr\/kanada\/kanada-vize-ucreti\/#breadcrumb\",\"itemListElement\":[{\"@type\":\"ListItem\",\"position\":1,\"name\":\"Anasayfa\",\"item\":\"https:\/\/www.myvize.com.tr\/kanada\/\"},{\"@type\":\"ListItem\",\"position\":2,\"name\":\"Kanada Vize \u00dccreti\"}]},{\"@type\":\"WebSite\",\"@id\":\"https:\/\/www.myvize.com.tr\/kanada\/#website\",\"url\":\"https:\/\/www.myvize.com.tr\/kanada\/\",\"name\":\"Kanada Vizesi\",\"description\":\"\",\"potentialAction\":[{\"@type\":\"SearchAction\",\"target\":{\"@type\":\"EntryPoint\",\"urlTemplate\":\"https:\/\/www.myvize.com.tr\/kanada\/?s={search_term_string}\"},\"query-input\":{\"@type\":\"PropertyValueSpecification\",\"valueRequired\":true,\"valueName\":\"search_term_string\"}}],\"inLanguage\":\"tr\"}]}<\/script>\n<!-- \/ Yoast SEO plugin. -->","yoast_head_json":{"title":"Kanada Vize \u00dccreti - Kanada Vize Ba\u015fvurusu - MyVize","description":"Kanada Vize \u00dccreti Ne kadard\u0131r? Kanada Vizesi \u00dccreti Hakk\u0131nda. Kanada Vize \u00dccreti \u0130le \u0130lgili Bilgi Almak \u0130\u00e7in Hemen T\u0131kla.","robots":{"index":"index","follow":"follow","max-snippet":"max-snippet:-1","max-image-preview":"max-image-preview:large","max-video-preview":"max-video-preview:-1"},"canonical":"https:\/\/www.myvize.com.tr\/kanada\/kanada-vize-ucreti\/","og_locale":"tr_TR","og_type":"article","og_title":"Kanada Vize \u00dccreti - Kanada Vize Ba\u015fvurusu - MyVize","og_description":"Kanada Vize \u00dccreti Ne kadard\u0131r? Kanada Vizesi \u00dccreti Hakk\u0131nda. Kanada Vize \u00dccreti \u0130le \u0130lgili Bilgi Almak \u0130\u00e7in Hemen T\u0131kla.","og_url":"https:\/\/www.myvize.com.tr\/kanada\/kanada-vize-ucreti\/","og_site_name":"Kanada Vizesi","article_modified_time":"2022-06-07T09:40:01+00:00","og_image":[{"url":"https:\/\/www.myvize.com.tr\/kanada\/wp-content\/uploads\/2021\/10\/11.jpg","type":"","width":"","height":""}],"twitter_card":"summary_large_image","twitter_misc":{"Tahmini okuma s\u00fcresi":"3 dakika"},"schema":{"@context":"https:\/\/schema.org","@graph":[{"@type":"WebPage","@id":"https:\/\/www.myvize.com.tr\/kanada\/kanada-vize-ucreti\/","url":"https:\/\/www.myvize.com.tr\/kanada\/kanada-vize-ucreti\/","name":"Kanada Vize \u00dccreti - Kanada Vize Ba\u015fvurusu - MyVize","isPartOf":{"@id":"https:\/\/www.myvize.com.tr\/kanada\/#website"},"primaryImageOfPage":{"@id":"https:\/\/www.myvize.com.tr\/kanada\/kanada-vize-ucreti\/#primaryimage"},"image":{"@id":"https:\/\/www.myvize.com.tr\/kanada\/kanada-vize-ucreti\/#primaryimage"},"thumbnailUrl":"https:\/\/www.myvize.com.tr\/kanada\/wp-content\/uploads\/2021\/10\/11.jpg","datePublished":"2021-06-13T09:00:24+00:00","dateModified":"2022-06-07T09:40:01+00:00","description":"Kanada Vize \u00dccreti Ne kadard\u0131r? Kanada Vizesi \u00dccreti Hakk\u0131nda. Kanada Vize \u00dccreti \u0130le \u0130lgili Bilgi Almak \u0130\u00e7in Hemen T\u0131kla.","breadcrumb":{"@id":"https:\/\/www.myvize.com.tr\/kanada\/kanada-vize-ucreti\/#breadcrumb"},"inLanguage":"tr","potentialAction":[{"@type":"ReadAction","target":["https:\/\/www.myvize.com.tr\/kanada\/kanada-vize-ucreti\/"]}]},{"@type":"ImageObject","inLanguage":"tr","@id":"https:\/\/www.myvize.com.tr\/kanada\/kanada-vize-ucreti\/#primaryimage","url":"https:\/\/www.myvize.com.tr\/kanada\/wp-content\/uploads\/2021\/10\/11.jpg","contentUrl":"https:\/\/www.myvize.com.tr\/kanada\/wp-content\/uploads\/2021\/10\/11.jpg","width":800,"height":500,"caption":"Kanada Vize \u00dccreti"},{"@type":"BreadcrumbList","@id":"https:\/\/www.myvize.com.tr\/kanada\/kanada-vize-ucreti\/#breadcrumb","itemListElement":[{"@type":"ListItem","position":1,"name":"Anasayfa","item":"https:\/\/www.myvize.com.tr\/kanada\/"},{"@type":"ListItem","position":2,"name":"Kanada Vize \u00dccreti"}]},{"@type":"WebSite","@id":"https:\/\/www.myvize.com.tr\/kanada\/#website","url":"https:\/\/www.myvize.com.tr\/kanada\/","name":"Kanada Vizesi","description":"","potentialAction":[{"@type":"SearchAction","target":{"@type":"EntryPoint","urlTemplate":"https:\/\/www.myvize.com.tr\/kanada\/?s={search_term_string}"},"query-input":{"@type":"PropertyValueSpecification","valueRequired":true,"valueName":"search_term_string"}}],"inLanguage":"tr"}]}},"_links":{"self":[{"href":"https:\/\/www.myvize.com.tr\/kanada\/wp-json\/wp\/v2\/pages\/335","targetHints":{"allow":["GET"]}}],"collection":[{"href":"https:\/\/www.myvize.com.tr\/kanada\/wp-json\/wp\/v2\/pages"}],"about":[{"href":"https:\/\/www.myvize.com.tr\/kanada\/wp-json\/wp\/v2\/types\/page"}],"author":[{"embeddable":true,"href":"https:\/\/www.myvize.com.tr\/kanada\/wp-json\/wp\/v2\/users\/1"}],"replies":[{"embeddable":true,"href":"https:\/\/www.myvize.com.tr\/kanada\/wp-json\/wp\/v2\/comments?post=335"}],"version-history":[{"count":6,"href":"https:\/\/www.myvize.com.tr\/kanada\/wp-json\/wp\/v2\/pages\/335\/revisions"}],"predecessor-version":[{"id":1190,"href":"https:\/\/www.myvize.com.tr\/kanada\/wp-json\/wp\/v2\/pages\/335\/revisions\/1190"}],"wp:attachment":[{"href":"https:\/\/www.myvize.com.tr\/kanada\/wp-json\/wp\/v2\/media?parent=335"}],"curies":[{"name":"wp","href":"https:\/\/api.w.org\/{rel}","templated":true}]}}