{"id":41,"date":"2020-11-30T12:46:51","date_gmt":"2020-11-30T09:46:51","guid":{"rendered":"https:\/\/www.myvize.com.tr\/kanada\/?page_id=41"},"modified":"2022-06-09T12:16:48","modified_gmt":"2022-06-09T09:16:48","slug":"kanada-dil-okulu-vizesi","status":"publish","type":"page","link":"https:\/\/www.myvize.com.tr\/kanada\/vize-islemleri\/kanada-dil-okulu-vizesi\/","title":{"rendered":"Kanada Dil Okulu Vizesi"},"content":{"rendered":"<p><span style=\"font-family: Roboto;\"><\/span><\/p>\r\n<p style=\"font-size: 14px;\"><span style=\"font-family: Roboto;\">Yurtd\u0131\u015f\u0131nda dil e\u011fitimi almak bir dili en iyi \u00f6\u011frenme metotlar\u0131ndand\u0131r. Yurtd\u0131\u015f\u0131nda <strong>dil e\u011fitimi <\/strong>alacak ayn\u0131 zamanda farkl\u0131 k\u00fclt\u00fcrleri ve \u00fclkeleri tan\u0131m\u0131\u015f olursunuz. Bir\u00e7ok \u00fclkede <strong>dil e\u011fitimi<\/strong> almak m\u00fcmk\u00fcnd\u00fcr. Bu \u00fclkelerden birisi de Kanada\u2019d\u0131r. Kanada\u2019da <strong>dil e\u011fitimi<\/strong> almak i\u00e7in gerekli \u015fartlar\u0131n yerine getirilmesi gerekmektedir.<\/span><\/p>\r\n<p><span style=\"font-family: Roboto;\">\r\n\r\n<\/span><\/p>\r\n<p style=\"font-size: 14px;\"><span style=\"font-family: Roboto;\"><strong><a href=\"https:\/\/www.myvize.com.tr\/kanada\/\" target=\"_blank\" rel=\"noreferrer noopener\"><span class=\"has-inline-color\" style=\"color: #2acec2;\">Kanada<\/span><\/a><\/strong> bir\u00e7ok kaliteli e\u011fitim kurumlar\u0131na sahiptir. \u00dclkenin e\u011fitim kalitesi standartlar\u0131n \u00fcst\u00fcndedir. Kanada her y\u0131l milli gelirinin y\u00fczde 5\u2019inden fazlas\u0131n\u0131 e\u011fitime harcamaktad\u0131r. Kaliteli e\u011fitimleri ve ya\u015fam \u015fartlar\u0131 nedeni ile Kanada dil okullar\u0131 fazlas\u0131yla ilgi g\u00f6rmektedir. Kanada\u2019da dil e\u011fitimi almak isteyen yabanc\u0131 \u00fclke vatanda\u015flar\u0131n\u0131n \u00f6ncelikle \u00f6\u011frenci vizesi almas\u0131 gerekmektedir. Kanada\u2019da dil okuluna gitmek i\u00e7in \u00e7\u0131kar\u0131lacak <strong>\u00f6\u011frenci vizesi<\/strong> yakla\u015f\u0131k olarak 7 i\u015f g\u00fcn\u00fc i\u00e7erisinde \u00e7\u0131kar\u0131lmaktad\u0131r. Ancak vize ba\u015fvurusunun yo\u011fun oldu\u011fu bir d\u00f6neme denk gelirseniz bu s\u00fcre uzayabilmekte ve 3 haftay\u0131 bulabilmektedir.<\/span><\/p>\r\n<p><span style=\"font-family: Roboto;\">\r\n\r\n<\/span><\/p>\r\n<p style=\"font-size: 14px;\"><span style=\"font-family: Roboto;\">Kanada\u2019da <strong>dil e\u011fitimi<\/strong> almak isteyenler ilk \u00f6nce vize i\u015flemlerini yerine getirmelidir. Bunun i\u00e7in de <strong>\u00f6\u011frenci vizesi <\/strong>al\u0131nmal\u0131d\u0131r. Dil okulu i\u00e7in <strong>Kanada e\u011fitim vizesi<\/strong> alan birisi e\u011fitim s\u00fcresine ba\u011fl\u0131 olarak vize alabilmektedir. Yani e\u011fitim 6 ay s\u00fcrecek ise 6 ayl\u0131k vize alabilirsiniz. Bunun i\u00e7in e\u011fitim program\u0131n\u0131n ne kadar s\u00fcrece\u011fi, haftada ka\u00e7 saat e\u011fitim al\u0131naca\u011f\u0131, e\u011fitim i\u00e7in konaklama dahil ne kadar \u00f6denece\u011fini bildiren belge beyan edilmelidir.<\/span><\/p>\r\n<p><span style=\"font-family: Roboto;\">\r\n\r\n<\/span><\/p>\r\n<p style=\"font-size: 14px;\"><span style=\"font-family: Roboto;\"><strong>Kanada dil okulu<\/strong> e\u011fitimleri genellikle 8, 12, 20 hafta olarak verilmektedir. Ancak bu s\u00fcrelerden de daha uzun dil okulu bulunmaktad\u0131r. Unutmay\u0131n vize s\u00fcreniz <strong>dil okulu<\/strong> e\u011fitim s\u00fcresi uzunlu\u011funda verilmektedir. Bunun i\u00e7in gerekli belgeler ibraz edilmelidir.<\/span><\/p>\r\n<p><span style=\"font-family: Roboto;\"> <img decoding=\"async\" src=\"https:\/\/www.myvize.com.tr\/kanada\/wp-content\/uploads\/2021\/10\/18.jpg\" \/> <\/span><\/p>\r\n<p style=\"font-size: 14px;\"><span style=\"font-family: Roboto;\"><strong>Kanada dil okulu vizes<\/strong>i i\u00e7in gerekli belgeler;<\/span><\/p>\r\n<p><span style=\"font-family: Roboto;\">\r\n\r\n<\/span><\/p>\r\n<ul class=\"wp-block-list\" style=\"font-size: 14px;\">\r\n<li><span style=\"font-family: Roboto;\"><strong><a href=\"https:\/\/www.myvize.com.tr\/kanada\/vize-islemleri\/kanada-vize-basvuru-formu\/\" target=\"_blank\" rel=\"noreferrer noopener\"><span class=\"has-inline-color\" style=\"color: #2acec2;\">Kanada Vize ba\u015fvuru formu<\/span><\/a><\/strong><\/span><\/li>\r\n<li><span style=\"font-family: Roboto;\">Pasaport<\/span><\/li>\r\n<li><span style=\"font-family: Roboto;\">\u00a06 ay i\u00e7erisinde \u00e7ekilmi\u015f 4 adet biyometrik foto\u011fraf<\/span><\/li>\r\n<li><span style=\"font-family: Roboto;\">Banka hesap d\u00f6k\u00fcm\u00fc<\/span><\/li>\r\n<li><span style=\"font-family: Roboto;\">Tam vukuatl\u0131 n\u00fcfus kay\u0131t \u00f6rne\u011fi<\/span><\/li>\r\n<li><span style=\"font-family: Roboto;\">Seyahat sa\u011fl\u0131k sigortas\u0131<\/span><\/li>\r\n<li><span style=\"font-family: Roboto;\">Dil okulu ile ilgili belgeler<\/span><\/li>\r\n<li><span style=\"font-family: Roboto;\">E\u011fitim program\u0131n\u0131 a\u00e7\u0131klayan belgeler<\/span><\/li>\r\n<li><span style=\"font-family: Roboto;\">U\u00e7u\u015f bilgileri<\/span><\/li>\r\n<li><span style=\"font-family: Roboto;\">Konaklama bilgileri<\/span><\/li>\r\n<li><span style=\"font-family: Roboto;\">Kimlik fotokopisi<\/span><\/li>\r\n<li><span style=\"font-family: Roboto;\">Vize \u00fccretinin yat\u0131r\u0131ld\u0131\u011f\u0131na dair dekont<\/span><\/li>\r\n<li><span style=\"font-family: Roboto;\">Okulun kabul belgesi<\/span><\/li>\r\n<\/ul>\r\n<h2><span style=\"font-family: Roboto; font-size: 27px;\"><strong>Kanada Dil Okulu Vizesi Nas\u0131l Al\u0131n\u0131r?<\/strong><\/span><\/h2>\r\n<p><span style=\"font-family: Roboto; font-size: 14px;\"><strong>Kanada dil okulu<\/strong> son y\u0131lda T\u00fcrkiye&#8217;de ya\u015fayan ki\u015finin en \u00e7ok tercih etti\u011fi e\u011fitim kurumunun ba\u015f\u0131nda geliyor. <strong>Kanada lise ve \u00fcniversite e\u011fitim<\/strong>i de d\u00fcnyada say\u0131l\u0131 \u00fclke aras\u0131nda yer ald\u0131\u011f\u0131 gibi dil okulu bak\u0131m\u0131ndan da \u00e7ok iyi bir konum da yer al\u0131yor. Yurt d\u0131\u015f\u0131nda dil okula gitmek isteyen ki\u015finin tercihin en ba\u015f\u0131nda yer alan Kanada bir\u00e7ok nedende dolay\u0131 \u00f6\u011frenim g\u00f6rmek ki\u015finin g\u00f6z bebe\u011fi konumunda. Kanada hem geli\u015fmi\u015f hem refah seviyesi hem e\u011fitim kalitesi a\u00e7\u0131s\u0131nda d\u00fcnyada en ya\u015fanabilir \u00fclke aras\u0131nda en \u00fcst de yer almakta. Kanada <strong>hem \u0130ngilizce hem de Frans\u0131zca<\/strong> konu\u015fuldu\u011fu ve e\u011fitim dil olarak kullan\u0131ld\u0131\u011f\u0131 ender \u00fclkedendir. Bu iki dilde e\u011fitim alma isteyen ki\u015fi \u00f6ncelikle Kanada&#8217;y\u0131 se\u00e7mekte. Kanada \u00fclke olarak ya\u015fam standard\u0131n y\u00fcksek olmas\u0131, \u015fehrinin hem son derece geli\u015fmi\u015f ve g\u00fcvenli olmalar\u0131, k\u00fclt\u00fcrel ve co\u011frafi g\u00fczelli\u011fiyle sebebiyle e\u011fitim alma isteyenin ilk tercihi aras\u0131nda yer al\u0131yor. <strong>Kanada \u00fclke<\/strong> olarak \u00e7ok uluslu bir yap\u0131ya sahip oldu\u011fu i\u00e7inse \u00fclkeye gitti\u011finiz zaman kapal\u0131 ortama de\u011fil daha \u00e7ok can yak\u0131n bir ortam da kendinizi bulacaks\u0131n\u0131z. Kanada bu \u00e7ok uluslu yap\u0131s\u0131 k\u00fclt\u00fcr etkile\u015fim olarak da ki\u015finin geli\u015fmesine fayda sa\u011flar. Bir\u00e7ok farkl\u0131 k\u00fclt\u00fcrde insanla tan\u0131\u015fmak size gelecekte b\u00fcy\u00fck art\u0131 sa\u011flayacakt\u0131r. \u0130ngilizce ve <strong>Frans\u0131zca dil okulunun<\/strong> kaliteli olmas\u0131 ve devlet olarak hem kontrol edilmeleri hem de garanti alt\u0131na olmas\u0131 da bir avantaj sa\u011flamakta.<\/span><\/p>\r\n<p><span style=\"font-family: Roboto;\"><\/span><\/p>","protected":false},"excerpt":{"rendered":"<p>Yurtd\u0131\u015f\u0131nda dil e\u011fitimi almak bir dili en iyi \u00f6\u011frenme metotlar\u0131ndand\u0131r. Yurtd\u0131\u015f\u0131nda dil e\u011fitimi alacak ayn\u0131 zamanda farkl\u0131 k\u00fclt\u00fcrleri ve \u00fclkeleri tan\u0131m\u0131\u015f olursunuz. Bir\u00e7ok \u00fclkede dil e\u011fitimi almak m\u00fcmk\u00fcnd\u00fcr. Bu \u00fclkelerden birisi de Kanada\u2019d\u0131r. Kanada\u2019da dil e\u011fitimi almak i\u00e7in gerekli \u015fartlar\u0131n yerine getirilmesi gerekmektedir. Kanada bir\u00e7ok kaliteli e\u011fitim kurumlar\u0131na sahiptir. \u00dclkenin e\u011fitim kalitesi standartlar\u0131n \u00fcst\u00fcndedir. Kanada<\/p>\n","protected":false},"author":1,"featured_media":0,"parent":18,"menu_order":0,"comment_status":"open","ping_status":"closed","template":"","meta":{"footnotes":""},"class_list":["post-41","page","type-page","status-publish","hentry"],"yoast_head":"<!-- This site is optimized with the Yoast SEO plugin v24.0 - https:\/\/yoast.com\/wordpress\/plugins\/seo\/ -->\n<title>Kanada Dil Okulu Vizesi Ba\u015fvuru \u0130\u015flemleri - MyVize Vize<\/title>\n<meta name=\"description\" content=\"Kanada Dil Okulu Vizesi Nas\u0131l Al\u0131n\u0131r? Kanada Vizesi Ba\u015fvurusu 2022 Nas\u0131l Yap\u0131l\u0131r? Bilgi i\u00e7in vize uzmanlar\u0131m\u0131z\u0131 aray\u0131n\u0131z: +90 312 426 88 89\" \/>\n<meta name=\"robots\" content=\"index, follow, max-snippet:-1, max-image-preview:large, max-video-preview:-1\" \/>\n<link rel=\"canonical\" href=\"https:\/\/www.myvize.com.tr\/kanada\/vize-islemleri\/kanada-dil-okulu-vizesi\/\" \/>\n<meta property=\"og:locale\" content=\"tr_TR\" \/>\n<meta property=\"og:type\" content=\"article\" \/>\n<meta property=\"og:title\" content=\"Kanada Dil Okulu Vizesi Ba\u015fvuru \u0130\u015flemleri - MyVize Vize\" \/>\n<meta property=\"og:description\" content=\"Kanada Dil Okulu Vizesi Nas\u0131l Al\u0131n\u0131r? Kanada Vizesi Ba\u015fvurusu 2022 Nas\u0131l Yap\u0131l\u0131r? Bilgi i\u00e7in vize uzmanlar\u0131m\u0131z\u0131 aray\u0131n\u0131z: +90 312 426 88 89\" \/>\n<meta property=\"og:url\" content=\"https:\/\/www.myvize.com.tr\/kanada\/vize-islemleri\/kanada-dil-okulu-vizesi\/\" \/>\n<meta property=\"og:site_name\" content=\"Kanada Vizesi\" \/>\n<meta property=\"article:modified_time\" content=\"2022-06-09T09:16:48+00:00\" \/>\n<meta property=\"og:image\" content=\"https:\/\/www.myvize.com.tr\/kanada\/wp-content\/uploads\/2021\/10\/18.jpg\" \/>\n<meta name=\"twitter:card\" content=\"summary_large_image\" \/>\n<meta name=\"twitter:label1\" content=\"Tahmini okuma s\u00fcresi\" \/>\n\t<meta name=\"twitter:data1\" content=\"3 dakika\" \/>\n<script type=\"application\/ld+json\" class=\"yoast-schema-graph\">{\"@context\":\"https:\/\/schema.org\",\"@graph\":[{\"@type\":\"WebPage\",\"@id\":\"https:\/\/www.myvize.com.tr\/kanada\/vize-islemleri\/kanada-dil-okulu-vizesi\/\",\"url\":\"https:\/\/www.myvize.com.tr\/kanada\/vize-islemleri\/kanada-dil-okulu-vizesi\/\",\"name\":\"Kanada Dil Okulu Vizesi Ba\u015fvuru \u0130\u015flemleri - MyVize Vize\",\"isPartOf\":{\"@id\":\"https:\/\/www.myvize.com.tr\/kanada\/#website\"},\"primaryImageOfPage\":{\"@id\":\"https:\/\/www.myvize.com.tr\/kanada\/vize-islemleri\/kanada-dil-okulu-vizesi\/#primaryimage\"},\"image\":{\"@id\":\"https:\/\/www.myvize.com.tr\/kanada\/vize-islemleri\/kanada-dil-okulu-vizesi\/#primaryimage\"},\"thumbnailUrl\":\"https:\/\/www.myvize.com.tr\/kanada\/wp-content\/uploads\/2021\/10\/18.jpg\",\"datePublished\":\"2020-11-30T09:46:51+00:00\",\"dateModified\":\"2022-06-09T09:16:48+00:00\",\"description\":\"Kanada Dil Okulu Vizesi Nas\u0131l Al\u0131n\u0131r? Kanada Vizesi Ba\u015fvurusu 2022 Nas\u0131l Yap\u0131l\u0131r? Bilgi i\u00e7in vize uzmanlar\u0131m\u0131z\u0131 aray\u0131n\u0131z: +90 312 426 88 89\",\"breadcrumb\":{\"@id\":\"https:\/\/www.myvize.com.tr\/kanada\/vize-islemleri\/kanada-dil-okulu-vizesi\/#breadcrumb\"},\"inLanguage\":\"tr\",\"potentialAction\":[{\"@type\":\"ReadAction\",\"target\":[\"https:\/\/www.myvize.com.tr\/kanada\/vize-islemleri\/kanada-dil-okulu-vizesi\/\"]}]},{\"@type\":\"ImageObject\",\"inLanguage\":\"tr\",\"@id\":\"https:\/\/www.myvize.com.tr\/kanada\/vize-islemleri\/kanada-dil-okulu-vizesi\/#primaryimage\",\"url\":\"https:\/\/www.myvize.com.tr\/kanada\/wp-content\/uploads\/2021\/10\/18.jpg\",\"contentUrl\":\"https:\/\/www.myvize.com.tr\/kanada\/wp-content\/uploads\/2021\/10\/18.jpg\",\"width\":800,\"height\":500,\"caption\":\"Kanada Dil Okulu Vizesi\"},{\"@type\":\"BreadcrumbList\",\"@id\":\"https:\/\/www.myvize.com.tr\/kanada\/vize-islemleri\/kanada-dil-okulu-vizesi\/#breadcrumb\",\"itemListElement\":[{\"@type\":\"ListItem\",\"position\":1,\"name\":\"Anasayfa\",\"item\":\"https:\/\/www.myvize.com.tr\/kanada\/\"},{\"@type\":\"ListItem\",\"position\":2,\"name\":\"V\u0130ZE \u0130\u015eLEMLER\u0130\",\"item\":\"https:\/\/www.myvize.com.tr\/kanada\/vize-islemleri\/\"},{\"@type\":\"ListItem\",\"position\":3,\"name\":\"Kanada Dil Okulu Vizesi\"}]},{\"@type\":\"WebSite\",\"@id\":\"https:\/\/www.myvize.com.tr\/kanada\/#website\",\"url\":\"https:\/\/www.myvize.com.tr\/kanada\/\",\"name\":\"Kanada Vizesi\",\"description\":\"\",\"potentialAction\":[{\"@type\":\"SearchAction\",\"target\":{\"@type\":\"EntryPoint\",\"urlTemplate\":\"https:\/\/www.myvize.com.tr\/kanada\/?s={search_term_string}\"},\"query-input\":{\"@type\":\"PropertyValueSpecification\",\"valueRequired\":true,\"valueName\":\"search_term_string\"}}],\"inLanguage\":\"tr\"}]}<\/script>\n<!-- \/ Yoast SEO plugin. -->","yoast_head_json":{"title":"Kanada Dil Okulu Vizesi Ba\u015fvuru \u0130\u015flemleri - MyVize Vize","description":"Kanada Dil Okulu Vizesi Nas\u0131l Al\u0131n\u0131r? Kanada Vizesi Ba\u015fvurusu 2022 Nas\u0131l Yap\u0131l\u0131r? Bilgi i\u00e7in vize uzmanlar\u0131m\u0131z\u0131 aray\u0131n\u0131z: +90 312 426 88 89","robots":{"index":"index","follow":"follow","max-snippet":"max-snippet:-1","max-image-preview":"max-image-preview:large","max-video-preview":"max-video-preview:-1"},"canonical":"https:\/\/www.myvize.com.tr\/kanada\/vize-islemleri\/kanada-dil-okulu-vizesi\/","og_locale":"tr_TR","og_type":"article","og_title":"Kanada Dil Okulu Vizesi Ba\u015fvuru \u0130\u015flemleri - MyVize Vize","og_description":"Kanada Dil Okulu Vizesi Nas\u0131l Al\u0131n\u0131r? Kanada Vizesi Ba\u015fvurusu 2022 Nas\u0131l Yap\u0131l\u0131r? Bilgi i\u00e7in vize uzmanlar\u0131m\u0131z\u0131 aray\u0131n\u0131z: +90 312 426 88 89","og_url":"https:\/\/www.myvize.com.tr\/kanada\/vize-islemleri\/kanada-dil-okulu-vizesi\/","og_site_name":"Kanada Vizesi","article_modified_time":"2022-06-09T09:16:48+00:00","og_image":[{"url":"https:\/\/www.myvize.com.tr\/kanada\/wp-content\/uploads\/2021\/10\/18.jpg","type":"","width":"","height":""}],"twitter_card":"summary_large_image","twitter_misc":{"Tahmini okuma s\u00fcresi":"3 dakika"},"schema":{"@context":"https:\/\/schema.org","@graph":[{"@type":"WebPage","@id":"https:\/\/www.myvize.com.tr\/kanada\/vize-islemleri\/kanada-dil-okulu-vizesi\/","url":"https:\/\/www.myvize.com.tr\/kanada\/vize-islemleri\/kanada-dil-okulu-vizesi\/","name":"Kanada Dil Okulu Vizesi Ba\u015fvuru \u0130\u015flemleri - MyVize Vize","isPartOf":{"@id":"https:\/\/www.myvize.com.tr\/kanada\/#website"},"primaryImageOfPage":{"@id":"https:\/\/www.myvize.com.tr\/kanada\/vize-islemleri\/kanada-dil-okulu-vizesi\/#primaryimage"},"image":{"@id":"https:\/\/www.myvize.com.tr\/kanada\/vize-islemleri\/kanada-dil-okulu-vizesi\/#primaryimage"},"thumbnailUrl":"https:\/\/www.myvize.com.tr\/kanada\/wp-content\/uploads\/2021\/10\/18.jpg","datePublished":"2020-11-30T09:46:51+00:00","dateModified":"2022-06-09T09:16:48+00:00","description":"Kanada Dil Okulu Vizesi Nas\u0131l Al\u0131n\u0131r? Kanada Vizesi Ba\u015fvurusu 2022 Nas\u0131l Yap\u0131l\u0131r? Bilgi i\u00e7in vize uzmanlar\u0131m\u0131z\u0131 aray\u0131n\u0131z: +90 312 426 88 89","breadcrumb":{"@id":"https:\/\/www.myvize.com.tr\/kanada\/vize-islemleri\/kanada-dil-okulu-vizesi\/#breadcrumb"},"inLanguage":"tr","potentialAction":[{"@type":"ReadAction","target":["https:\/\/www.myvize.com.tr\/kanada\/vize-islemleri\/kanada-dil-okulu-vizesi\/"]}]},{"@type":"ImageObject","inLanguage":"tr","@id":"https:\/\/www.myvize.com.tr\/kanada\/vize-islemleri\/kanada-dil-okulu-vizesi\/#primaryimage","url":"https:\/\/www.myvize.com.tr\/kanada\/wp-content\/uploads\/2021\/10\/18.jpg","contentUrl":"https:\/\/www.myvize.com.tr\/kanada\/wp-content\/uploads\/2021\/10\/18.jpg","width":800,"height":500,"caption":"Kanada Dil Okulu Vizesi"},{"@type":"BreadcrumbList","@id":"https:\/\/www.myvize.com.tr\/kanada\/vize-islemleri\/kanada-dil-okulu-vizesi\/#breadcrumb","itemListElement":[{"@type":"ListItem","position":1,"name":"Anasayfa","item":"https:\/\/www.myvize.com.tr\/kanada\/"},{"@type":"ListItem","position":2,"name":"V\u0130ZE \u0130\u015eLEMLER\u0130","item":"https:\/\/www.myvize.com.tr\/kanada\/vize-islemleri\/"},{"@type":"ListItem","position":3,"name":"Kanada Dil Okulu Vizesi"}]},{"@type":"WebSite","@id":"https:\/\/www.myvize.com.tr\/kanada\/#website","url":"https:\/\/www.myvize.com.tr\/kanada\/","name":"Kanada Vizesi","description":"","potentialAction":[{"@type":"SearchAction","target":{"@type":"EntryPoint","urlTemplate":"https:\/\/www.myvize.com.tr\/kanada\/?s={search_term_string}"},"query-input":{"@type":"PropertyValueSpecification","valueRequired":true,"valueName":"search_term_string"}}],"inLanguage":"tr"}]}},"_links":{"self":[{"href":"https:\/\/www.myvize.com.tr\/kanada\/wp-json\/wp\/v2\/pages\/41","targetHints":{"allow":["GET"]}}],"collection":[{"href":"https:\/\/www.myvize.com.tr\/kanada\/wp-json\/wp\/v2\/pages"}],"about":[{"href":"https:\/\/www.myvize.com.tr\/kanada\/wp-json\/wp\/v2\/types\/page"}],"author":[{"embeddable":true,"href":"https:\/\/www.myvize.com.tr\/kanada\/wp-json\/wp\/v2\/users\/1"}],"replies":[{"embeddable":true,"href":"https:\/\/www.myvize.com.tr\/kanada\/wp-json\/wp\/v2\/comments?post=41"}],"version-history":[{"count":6,"href":"https:\/\/www.myvize.com.tr\/kanada\/wp-json\/wp\/v2\/pages\/41\/revisions"}],"predecessor-version":[{"id":1192,"href":"https:\/\/www.myvize.com.tr\/kanada\/wp-json\/wp\/v2\/pages\/41\/revisions\/1192"}],"up":[{"embeddable":true,"href":"https:\/\/www.myvize.com.tr\/kanada\/wp-json\/wp\/v2\/pages\/18"}],"wp:attachment":[{"href":"https:\/\/www.myvize.com.tr\/kanada\/wp-json\/wp\/v2\/media?parent=41"}],"curies":[{"name":"wp","href":"https:\/\/api.w.org\/{rel}","templated":true}]}}