{"id":45,"date":"2020-11-30T12:47:57","date_gmt":"2020-11-30T09:47:57","guid":{"rendered":"https:\/\/www.myvize.com.tr\/kanada\/?page_id=45"},"modified":"2022-08-08T12:14:56","modified_gmt":"2022-08-08T09:14:56","slug":"kanada-oturum-izni","status":"publish","type":"page","link":"https:\/\/www.myvize.com.tr\/kanada\/vize-islemleri\/kanada-oturum-izni\/","title":{"rendered":"Kanada Oturum \u0130zni"},"content":{"rendered":"<p><span style=\"font-family: Roboto; font-size: 14px;\"><strong>Kanada oturum izni<\/strong> alman\u0131z durumunda bir\u00e7ok \u00f6zg\u00fcrl\u00fc\u011fe ve f\u0131rsata kavu\u015fursunuz. Kanada\u2019da ikamet etmenin getirdi\u011fi avantajlardan yararlanmak isteyenler de bu y\u00fczden oturum izni ba\u015fvurusunda bulunuyor. <strong>Oturum izni<\/strong> alman\u0131z durumunda yaralanamayaca\u011f\u0131n\u0131z\u0131 s\u00f6yleyebilece\u011fimiz iki hak vard\u0131r: \u0130lki Kanada se\u00e7imlerinde oy kullanamazs\u0131n\u0131z, ikincisi ise Kanada h\u00fck\u00fbmetinde herhangi bir makam elde etme \u015fans\u0131n\u0131z yoktur. Bunlar\u0131n d\u0131\u015f\u0131nda Kanada\u2019da ya\u015famak size b\u00fcy\u00fck imk\u00e2nlar elde etmenizi sa\u011flar. <strong>Kanada\u2019da oturum izni<\/strong> alman\u0131z durumunda elde edebilece\u011finiz f\u0131rsatlar a\u015fa\u011f\u0131daki gibidir:<\/span><\/p>\n<ul>\n<li><span style=\"font-family: Roboto; font-size: 14px;\">5 y\u0131ll\u0131k oturumunuz sonras\u0131 Kanada vatanda\u015fl\u0131\u011f\u0131 alabilirsiniz.<\/span><\/li>\n<li><span style=\"font-family: Roboto; font-size: 14px;\">T\u00fcm ila\u00e7lara \u00fccretsiz ula\u015fabilirsiniz.<\/span><\/li>\n<li><span style=\"font-family: Roboto; font-size: 14px;\">Neredeyse t\u00fcm sekt\u00f6rlerde \u00e7ok iyi maa\u015fla i\u015f bulabilirsiniz.<\/span><\/li>\n<li><span style=\"font-family: Roboto; font-size: 14px;\">Kanada e\u011fitim kurumlar\u0131n\u0131n t\u00fcm\u00fcnde \u00f6\u011frenim g\u00f6rme imk\u00e2n\u0131n\u0131 elde edersiniz.<\/span><\/li>\n<li><span style=\"font-family: Roboto; font-size: 14px;\">Kanada\u2019da yat\u0131r\u0131m yapabilir ve i\u015f kurabilirsiniz.<\/span><\/li>\n<li><span style=\"font-family: Roboto; font-size: 14px;\">T\u00fcm sosyal yard\u0131m imk\u00e2nlar\u0131ndan faydalanabilir ve sosyal haklar\u0131n\u0131z\u0131 sonuna kadar kullanabilirsiniz.<\/span><\/li>\n<li><span style=\"font-family: Roboto; font-size: 14px;\">Kanada\u2019da oturum izniniz dolay\u0131s\u0131yla d\u00fcnyan\u0131n bir\u00e7ok farkl\u0131 \u00fclkesini vizesiz ziyaret edebilirsiniz.<\/span><\/li>\n<\/ul>\n<p><span style=\"font-family: Roboto; font-size: 14px;\">Bunlar\u0131n d\u0131\u015f\u0131nda Kanada en fazla g\u00f6\u00e7 alan \u00fclkelerden biri oldu\u011fundan i\u015fg\u00fcc\u00fc piyasas\u0131nda b\u00fcy\u00fck rekabet vard\u0131r. Ayr\u0131ca vergiler olduk\u00e7a y\u00fcksektir ve sosyal haklar\u0131 olmayanlar i\u00e7in ya\u015fam olduk\u00e7a pahal\u0131d\u0131r. Dolay\u0131s\u0131yla bunlar <strong>Kanada\u2019ya g\u00f6\u00e7 etmek<\/strong> isteyen herkesi korkutmaktad\u0131r. Her \u015feye ra\u011fmen yine de Kanada, <strong>T\u00fcrkiye Cumhuriyeti<\/strong> vatanda\u015flar\u0131n\u0131n g\u00f6\u00e7 etmek i\u00e7in en fazla ilgi g\u00f6sterdi\u011fi \u00fclkelerden biridir. <strong>Kanada\u2019ya gitmenin en kolay yolu<\/strong> olarak g\u00f6r\u00fclen turist vizesinin yan\u0131 s\u0131ra, kal\u0131c\u0131 oturum izni elde etmek isteyenlerin de say\u0131s\u0131 olduk\u00e7a fazlad\u0131r. Kanada\u2019da e\u011fitim, sosyal hayat, t\u0131bbi tedavi avantajlar\u0131ndan bahsedecek olursak:<\/span><\/p>\n<ul>\n<li><span style=\"font-family: Roboto; font-size: 14px;\">D\u00fcnyan\u0131n en y\u00fcksek ya\u015fam standartlar\u0131ndan birine sahiptir.<\/span><\/li>\n<li><span style=\"font-family: Roboto; font-size: 14px;\">Kanada vatanda\u015flar\u0131 \u00fclkelerine g\u00f6\u00e7 eden yabanc\u0131lara kar\u015f\u0131 olduk\u00e7a ho\u015fg\u00f6r\u00fcl\u00fcd\u00fcrler.<\/span><\/li>\n<li><span style=\"font-family: Roboto; font-size: 14px;\">H\u00fck\u00fbmetin d\u00fczenli ve sistemli bir g\u00f6\u00e7 politikas\u0131 vard\u0131r.<\/span><\/li>\n<li><span style=\"font-family: Roboto; font-size: 14px;\">Vatanda\u015fl\u0131k alman\u0131z durumunda sahip olaca\u011f\u0131n\u0131z haklar d\u00fcnya \u00fczerinde neredeyse benzersizdir.<\/span><\/li>\n<li><span style=\"font-family: Roboto; font-size: 14px;\">Asgari i\u015fsizlik oran\u0131n\u0131n en d\u00fc\u015f\u00fck oldu\u011fu \u00fclkelerden biridir.<\/span><\/li>\n<li><span style=\"font-family: Roboto; font-size: 14px;\">B\u00fcrokrasi eksikli\u011fi yok denecek kadar azd\u0131r.<\/span><\/li>\n<li><span style=\"font-family: Roboto; font-size: 14px;\">Yoksullu\u011fun seviyesi d\u00fcnya \u00fczerinde en az olan \u00fclkedir.<\/span><\/li>\n<li><span style=\"font-family: Roboto; font-size: 14px;\">T\u0131bbi tedavi imk\u00e2nlar\u0131, sosyal haklar\u0131n\u0131 elde etmi\u015f vatanda\u015flar i\u00e7in \u00fccretsizdir.<\/span><\/li>\n<li><span style=\"font-family: Roboto; font-size: 14px;\">Yukar\u0131da da bahsetti\u011fimiz gibi 172 \u00fclkeyi vizesiz seyahat etme \u015fans\u0131na sahip olursunuz.<\/span><\/li>\n<li><span style=\"font-family: Roboto; font-size: 14px;\">Su\u00e7 oran\u0131n\u0131n en d\u00fc\u015f\u00fck oldu\u011fu \u00fclkelerden biridir.<\/span><\/li>\n<li><span style=\"font-family: Roboto; font-size: 14px;\">\u0130lk, orta, lise, \u00fcniversite ve di\u011fer t\u00fcm seviyelerdeki \u00f6\u011fretim kurumlar\u0131nda \u00e7ok nitelikli bir e\u011fitim alabilme imk\u00e2n\u0131 elde edersiniz.<\/span><\/li>\n<\/ul>\n<h2><strong><span style=\"font-family: Roboto; font-size: 27px;\">Kanada Oturum \u0130zni Nas\u0131l Al\u0131n\u0131r?<\/span><\/strong><\/h2>\n<p><span style=\"font-family: Roboto; font-size: 14px;\"><strong>Kanada&#8217;da oturum izni<\/strong> alabilmek i\u00e7in mesle\u011finize ve maddi durumunuza uygun olarak kendinize bir g\u00f6\u00e7menlik program\u0131 se\u00e7meniz, gerekli belgeleri toplaman\u0131z ve ba\u015fvuru yapmal\u0131s\u0131n\u0131z. B\u00f6ylece oturum izni ba\u015fvuru s\u00fcreci ba\u015flam\u0131\u015f olacakt\u0131r. <strong>Kanada&#8217;da oturum izni<\/strong> i\u00e7in gerekli belgeler konsolosluk \u015fartlar\u0131n\u0131 kar\u015f\u0131l\u0131yorsa konsolosluk \u00fccreti \u00f6demeniz ve bir g\u00f6\u00e7menlik memuru ile m\u00fclakat ger\u00e7ekle\u015ftirmeniz gerekecektir.\u00a0Burada g\u00f6\u00e7menlik i\u00e7in adaylar\u0131n se\u00e7imi bir test yoluyla yap\u0131l\u0131r. Oturum izni ba\u015fvuru sahipleri ya\u015f\u0131na, e\u011fitimine, dil yeterlilik d\u00fczeyine, mesleki deneyimine ba\u011fl\u0131 olarak de\u011ferlendirilir.\u00a0En y\u00fcksek g\u00f6\u00e7menlik puan\u0131n\u0131 alan adaylara \u00f6ncelik verilir. <strong>Oturum izni alma<\/strong> a\u015famalar\u0131n\u0131n ba\u015far\u0131l\u0131 bir \u015fekilde tamamlanmas\u0131 durumunda, ikamet i\u00e7in \u00fclkeye kolayca girebilece\u011finiz bir g\u00f6\u00e7men vizesi verilecektir. Kanada\u2019ya giri\u015f yapt\u0131ktan sonra oturum izni alabilir ve ikamet yerinizin art\u0131k Kanada oldu\u011funu kabul edebilirsiniz. <strong>Kanada oturum izni \u015fartlar\u0131<\/strong>, ba\u015fvuru a\u015famalar\u0131 ve di\u011fer t\u00fcm gereksinimler i\u00e7in bizi arayabilirsiniz. Kanada Vize Ba\u015fvuru Merkezi MyVize\u2019nin uzmanlar\u0131 size yard\u0131mc\u0131 olmaktan mutluluk duyarlar.<\/span><\/p>\n<h2><strong><span style=\"font-family: Roboto; font-size: 27px;\">Kanada Oturum \u0130zni Ka\u00e7 G\u00fcnde \u00c7\u0131kar?<\/span><\/strong><\/h2>\n<p><span style=\"font-family: Roboto; font-size: 14px;\"><strong>Kanada oturum izni almak<\/strong> isteyen ve evraklar\u0131 de\u011ferlendirmeye al\u0131nanlar\u0131n ba\u015fvurular\u0131 180 g\u00fcn i\u00e7inde sonu\u00e7lan\u0131r. Bu, oturum izni t\u00fcr\u00fcne ve ba\u015fvuru d\u00f6nemine g\u00f6re de\u011fi\u015fiklik g\u00f6sterebilir. Oturum izni ba\u015fvurular\u0131n\u0131z\u0131n de\u011ferlendirme s\u00fcresi, konsoloslu\u011fun ek belge talep etmesi durumunda da uzayabilir.<\/span><\/p>\n<h2><strong><span style=\"font-family: Roboto; font-size: 27px;\">Kanada Oturum \u0130zni Ba\u015fvurusu<\/span><\/strong><\/h2>\n<p><span style=\"font-family: Roboto; font-size: 14px;\"><strong>Kanada oturum izni ba\u015fvurusu<\/strong> yapabilece\u011finiz bir\u00e7ok g\u00f6\u00e7 \/ oturma izni program\u0131 bulunmaktad\u0131r. Bunlardan bireysel olarak size en uygun olan\u0131n\u0131 se\u00e7erek <strong>Kanada&#8217;ya oturum izni ba\u015fvurusu<\/strong> yapabilirsiniz. Kanada\u2019da ikamet edebilmenizi sa\u011flayacak oturum izni t\u00fcrleri a\u015fa\u011f\u0131daki gibidir:<\/span><\/p>\n<ol>\n<li><span style=\"font-family: Roboto; font-size: 14px;\">Kanada Express Enrty<\/span><\/li>\n<li><span style=\"font-family: Roboto; font-size: 14px;\">E\u011fitim Yolu ile Oturum \u0130zni<\/span><\/li>\n<li><span style=\"font-family: Roboto; font-size: 14px;\"><span style=\"color: #2acec2;\"><strong><a style=\"color: #2acec2;\" href=\"https:\/\/www.myvize.com.tr\/kanada\/vize-islemleri\/kanada-aile-birlesimi-vizesi\/\" target=\"_blank\" rel=\"noopener\">Kanada Aile Birle\u015fimi<\/a><\/strong><\/span> ile Oturum \u0130zni<\/span><\/li>\n<li><span style=\"font-family: Roboto; font-size: 14px;\">Kanada \u00c7al\u0131\u015fma ve Oturum \u0130zni<\/span><\/li>\n<li><span style=\"font-family: Roboto; font-size: 14px;\">Yat\u0131r\u0131m Yolu ile Kanada Oturum \u0130zni<\/span><\/li>\n<li><span style=\"font-family: Roboto; font-size: 14px;\">S\u0131\u011f\u0131nmac\u0131 Olarak Kanada&#8217;da Oturum \u0130zni<\/span><\/li>\n<\/ol>\n<p><strong><span style=\"font-family: Roboto; font-size: 16px;\">\u00b7\u00a0\u00a0\u00a0\u00a0\u00a0\u00a0\u00a0\u00a0 Kanada Express Entry\u00a0<\/span><\/strong><\/p>\n<p><span style=\"font-family: Roboto; font-size: 14px;\">Kanada 2015 y\u0131l\u0131nda <strong>Express Entry<\/strong> ad\u0131 verilen elektronik bir g\u00f6\u00e7menlik ba\u015fvuru sistemi olu\u015fturulmu\u015ftur. Bu sistem g\u00f6\u00e7menlik ba\u015fvurusu yapmak isteyenlerin Kanada\u2019da oturum izni almas\u0131n\u0131 elektronik bir sistem arac\u0131l\u0131\u011f\u0131yla denetlenmesini sa\u011flamaktad\u0131r. Ama\u00e7, Kanada g\u00f6\u00e7menlik ba\u015fvurusu yapmak isteyenlerin uygunlu\u011funun objektif bir \u015fekilde de\u011ferlendirilmesidir. Bu sistemi kullanarak Kanada Vatanda\u015fl\u0131k ve G\u00f6\u00e7men Bakanl\u0131\u011f\u0131\u2019n\u0131n resm\u00ee web sitesine eri\u015fmeniz gerekir. Burada olu\u015fturaca\u011f\u0131n\u0131z g\u00f6\u00e7men kayd\u0131 ile bir dizi soruya yan\u0131t vermeniz ba\u015fvuru s\u00fcrecinin ba\u015flang\u0131c\u0131n\u0131 olu\u015fturur. Sistem sizin Kanada g\u00f6\u00e7menlik ba\u015fvuru \u015fartlar\u0131n\u0131 sa\u011flay\u0131p sa\u011flamad\u0131\u011f\u0131n\u0131za dair bir de\u011ferlendirme yapar. <strong>Kanada oturum izni puanlama sistemi<\/strong>, g\u00f6\u00e7menlik testi ad\u0131 verilen sorulara verdi\u011finiz yan\u0131tlar ile sizin bir puan elde etmenizi sa\u011flar. E\u011fer <span style=\"color: #2acec2;\"><strong><a style=\"color: #2acec2;\" href=\"https:\/\/www.myvize.com.tr\/kanada\/vatandaslik-ve-gocmenlik\/kanada-gocmenlik-basvurusu\/\" target=\"_blank\" rel=\"noopener\">Kanada g\u00f6\u00e7menlik ba\u015fvurusu<\/a><\/strong><\/span> i\u00e7in yeterli puan\u0131 alabilirseniz <strong>Express Entry<\/strong> ile oturum izni elde etmeniz neredeyse kesindir. G\u00f6\u00e7menlik testi sonras\u0131 oturum izni ba\u015fvurusu yapabilece\u011finize ili\u015fkin bir e-posta al\u0131rs\u0131n\u0131z.<\/span><\/p>\n<p><span style=\"font-family: Roboto; font-size: 14px;\">\u00b7\u00a0\u00a0\u00a0\u00a0\u00a0<strong><span style=\"font-size: 16px;\">\u00a0\u00a0\u00a0 \u00dcniversite E\u011fitimi\u00a0ile Oturum \u0130zni<\/span><\/strong><\/span><\/p>\n<p><span style=\"font-family: Roboto; font-size: 14px;\">Kanada vatanda\u015fl\u0131\u011f\u0131 olmayanlar\u0131n <strong>Kanada\u2019da \u00fcniversite e\u011fitimi almak<\/strong> i\u00e7in oturum izni almalar\u0131na gerek yoktur. Ancak mezuniyet sonras\u0131 \u00fclkede kalmaya devam etmek ve diploma ald\u0131\u011f\u0131n\u0131z alanda 1 y\u0131l \u00e7al\u0131\u015fmak i\u00e7in oturum izni alabilirsiniz. Kanada\u2019da bulunan bir \u015firket ya da i\u015fletmeyle i\u015f s\u00f6zle\u015fmesi yapman\u0131z durumunda Kanada\u2019da 1 y\u0131ll\u0131\u011f\u0131na oturum elde edebilir ve \u00e7al\u0131\u015fma izni de alabilirsiniz. E\u011fer s\u00f6z konusu i\u015finize Kanada\u2019da devam edecekseniz oturum ve \u00e7al\u0131\u015fma izniniz de yenilenebilir.<\/span><\/p>\n<p><strong><span style=\"font-family: Roboto; font-size: 16px;\">\u00b7\u00a0\u00a0\u00a0\u00a0\u00a0\u00a0\u00a0\u00a0 Kanada Aile Birle\u015fimi ile Oturum \u0130zni<\/span><\/strong><\/p>\n<p><span style=\"font-family: Roboto; font-size: 14px;\">Kanada\u2019da oturum izni olan ki\u015filer, bir ba\u015fka \u00fclkedeki akrabalar\u0131n\u0131 Kanada\u2019da ya\u015fayabilmeleri i\u00e7in davet edebilirler. Bu sistem <span style=\"color: #000000;\"><strong>aile birle\u015fim vizesi<\/strong><\/span> ba\u015fvurusunu gerektirir. Davetiye ile Kanada&#8217;ya oturum izni ba\u015fvurusu yapabilecek yak\u0131nlar ikamet eden ki\u015finin e\u015fi, ebeveyni ya da babaannesi\/anneannesi, dedesi\/b\u00fcy\u00fckbabas\u0131 olabilir. Ayr\u0131ca <strong>Kanada ikameti<\/strong> olan ki\u015finin ba\u015fka bir \u00fclkede ya\u015fayan 22 ya\u015f alt\u0131ndaki \u00e7ocu\u011funu da Kanada\u2019ya davet etme hakk\u0131 vard\u0131r. Kanada aile birle\u015fimi davetiyesi g\u00f6nderen taraf, davet etti\u011fi ki\u015filerin t\u00fcm maddi ihtiya\u00e7lar\u0131n\u0131 kar\u015f\u0131layaca\u011f\u0131n\u0131 resm\u00ee olarak taahh\u00fct etmelidir.<\/span><\/p>\n<p><strong><span style=\"font-family: Roboto; font-size: 16px;\">\u00b7\u00a0\u00a0\u00a0\u00a0\u00a0\u00a0\u00a0\u00a0 Kanada \u00c7al\u0131\u015fma \u0130zni<\/span><\/strong><\/p>\n<p><span style=\"font-family: Roboto; font-size: 14px;\">Kanada, y\u00fcksekokul\/y\u00fcksek\u00f6\u011fretim diplomas\u0131 olan, resm\u00ee dili (Frans\u0131zca) iyi bilen ve daha \u00f6nce de 1.560 saatten fazla \u00e7al\u0131\u015fm\u0131\u015f olan y\u00fcksek nitelikli personellere de (vas\u0131fl\u0131 i\u015f\u00e7iler) oturum izni vermektedir.\u00a0Ayr\u0131ca Kanadal\u0131 bir i\u015fveren (y\u00fcksek nitelikli i\u015f\u00e7i istihdam eden) taraf\u0131ndan davet edilen adaylar da oturum izni i\u00e7in ba\u015fvurabilir.<\/span><\/p>\n<p><strong><span style=\"font-family: Roboto; font-size: 16px;\">\u00b7\u00a0\u00a0\u00a0\u00a0\u00a0\u00a0\u00a0\u00a0 Yat\u0131r\u0131m Yolu ile Kanada Oturum \u0130zni<\/span><\/strong><\/p>\n<p><span style=\"font-family: Roboto; font-size: 14px;\">Oturum izni alman\u0131n yollar\u0131ndan biri de Kanada\u2019da yat\u0131r\u0131m yapmakt\u0131r. Ba\u015fvuru sahibi <strong>Kanada\u2019da yat\u0131r\u0131m<\/strong> yapabilecek maddi g\u00fcce sahip oldu\u011funu \u00f6ncelikle kan\u0131tlamal\u0131d\u0131r. Daha sonra yat\u0131r\u0131mc\u0131lar h\u00fck\u00fbmetin belirledi\u011fi programlar vas\u0131tas\u0131yla \u00fclkede en az 1.200.000 Kanada dolar\u0131 ya da daha fazla bir tutarda yat\u0131r\u0131m yapmal\u0131d\u0131r. Yat\u0131r\u0131m\u0131n oturum izni ba\u015fvurusu sonras\u0131 ilk 5 y\u0131l i\u00e7inde ger\u00e7ekle\u015ftirilmesi gerekmektedir.<\/span><\/p>\n<p><strong><span style=\"font-family: Roboto; font-size: 16px;\">\u00b7\u00a0\u00a0\u00a0\u00a0\u00a0\u00a0\u00a0\u00a0 S\u0131\u011f\u0131nmac\u0131 Olarak Kanada&#8217;da Oturum \u0130zni\u00a0<\/span><\/strong><\/p>\n<p><span style=\"font-family: Roboto; font-size: 14px;\">Kendi \u00fclkelerinde zul\u00fcm g\u00f6ren, can ya da mal kayb\u0131 tehlikesi ile kar\u015f\u0131 kar\u015f\u0131ya olan ki\u015filere basitle\u015ftirilmi\u015f bir g\u00f6\u00e7 program\u0131 kapsam\u0131nda oturum izni sa\u011flanmaktad\u0131r.\u00a0Bir s\u0131\u011f\u0131nmac\u0131n\u0131n Kanada&#8217;da dili bilmesi, maddi durumu ve ya\u015fayacak bir yeri olmas\u0131 gerekmez.\u00a0Ayr\u0131ca oturum izni ald\u0131ktan sonra sosyal yard\u0131m, istihdam, e\u011fitim veya i\u015f kurma hakk\u0131 elde eder.<\/span><\/p>\n<h3><strong><span style=\"font-family: Roboto; font-size: 24px;\">Kanada Oturum \u0130zni \u0130\u00e7in Gerekli Evraklar<\/span><\/strong><\/h3>\n<ul>\n<li><span style=\"font-family: Roboto; font-size: 14px;\">\u0130ki pasaport.\u00a0Her iki pasaportun da ge\u00e7erlilik s\u00fcresinin dolmad\u0131\u011f\u0131ndan emin olun.\u00a0\u00c7ocu\u011funuz i\u00e7in standart bir do\u011fum belgesi gereklidir.<\/span><\/li>\n<li><span style=\"font-family: Roboto; font-size: 14px;\">2 adet standart vize foto\u011fraf\u0131<\/span><\/li>\n<li><span style=\"font-family: Roboto; font-size: 14px;\">Seyahat sa\u011fl\u0131k sigortas\u0131: Mevcut sa\u011fl\u0131k sigortas\u0131 bu t\u00fcr hizmetleri vermeye yetkili bir \u015firkettedir.\u00a0Asgari sigorta teminat tutar\u0131 30.000 dolardan ba\u015flamaktad\u0131r.\u00a0(Baz\u0131 durumlarda G\u00f6\u00e7menlik Dairesi&#8217;nin tutarda bir art\u0131\u015f talep etme hakk\u0131na sahip oldu\u011funu unutmay\u0131n.)<\/span><\/li>\n<li><span style=\"font-family: Roboto; font-size: 14px;\">Maddi durumunuzun yeterli oldu\u011funu teyit eden belgeler.\u00a0(Banka ekstresi, resm\u00ee i\u015f yerinden al\u0131nan maa\u015f bordrosu, sponsorluk mektubu.)\u00a0Tutarlar oturum izni t\u00fcr\u00fcne g\u00f6re de\u011fi\u015fir, ancak yaln\u0131zca minimum de\u011ferlere odaklanman\u0131z\u0131 \u00f6nermiyoruz.<\/span><\/li>\n<li><span style=\"font-family: Roboto; font-size: 14px;\">Evlilik \/ bo\u015fanma belgesi<\/span><\/li>\n<li><span style=\"font-family: Roboto; font-size: 14px;\">Herhangi bir sab\u0131ka kayd\u0131n\u0131z\u0131n bulunmad\u0131\u011f\u0131n\u0131 g\u00f6steren adli sicil kayd\u0131<\/span><\/li>\n<li><span style=\"font-family: Roboto; font-size: 14px;\">\u0130\u015f s\u00f6zle\u015fmesi<\/span><\/li>\n<li><span style=\"font-family: Roboto; font-size: 14px;\">Vize \u00fccretinin \u00f6dendi\u011fini g\u00f6steren dekont<\/span><\/li>\n<li><span style=\"font-family: Roboto; font-size: 14px;\">\u0130ngilizce veya Frans\u0131zca d\u0131\u015f\u0131ndaki dillerdeki t\u00fcm belgeler terc\u00fcme edilmelidir.\u00a0Bu durumda noter onay\u0131 da gereklidir.<\/span><\/li>\n<\/ul>\n<h3><strong><span style=\"font-family: Roboto; font-size: 24px;\">Kanada Oturum \u0130zni \u00dccreti<\/span><\/strong><\/h3>\n<p><span style=\"font-family: Roboto; font-size: 14px;\"><strong>Kanada oturum izni i\u00e7in<\/strong> \u00f6demeniz gereken \u00fccreti, ba\u015fvurdu\u011funuz oturum izni t\u00fcr\u00fc belirler. Oturma izni ba\u015fvurunuz s\u0131ras\u0131nda b\u00fcy\u00fckel\u00e7ilik ya da konsoloslu\u011fun belirledi\u011fi g\u00fcncel oturum vizesi \u00fccretini kredi kart\u0131yla \u00f6deyebilirsiniz. \u00dccreti \u00f6dedikten sonra dekontunuzu da mutlaka saklay\u0131n\u0131z. Vize evraklar\u0131 aras\u0131nda bulunmas\u0131 zorunlu olan belgelerden biri de oturum izni ba\u015fvuru \u00fccreti \u00f6dendi dekontudur.<\/span><\/p>\n","protected":false},"excerpt":{"rendered":"<p>Kanada oturum izni alman\u0131z durumunda bir\u00e7ok \u00f6zg\u00fcrl\u00fc\u011fe ve f\u0131rsata kavu\u015fursunuz. Kanada\u2019da ikamet etmenin getirdi\u011fi avantajlardan yararlanmak isteyenler de bu y\u00fczden oturum izni ba\u015fvurusunda bulunuyor. Oturum izni alman\u0131z durumunda yaralanamayaca\u011f\u0131n\u0131z\u0131 s\u00f6yleyebilece\u011fimiz iki hak vard\u0131r: \u0130lki Kanada se\u00e7imlerinde oy kullanamazs\u0131n\u0131z, ikincisi ise Kanada h\u00fck\u00fbmetinde herhangi bir makam elde etme \u015fans\u0131n\u0131z yoktur. Bunlar\u0131n d\u0131\u015f\u0131nda Kanada\u2019da ya\u015famak size b\u00fcy\u00fck<\/p>\n","protected":false},"author":1,"featured_media":0,"parent":18,"menu_order":0,"comment_status":"open","ping_status":"closed","template":"","meta":{"footnotes":""},"class_list":["post-45","page","type-page","status-publish","hentry"],"yoast_head":"<!-- This site is optimized with the Yoast SEO plugin v24.0 - https:\/\/yoast.com\/wordpress\/plugins\/seo\/ -->\n<title>Kanada Oturum \u0130zni \u015eartlar\u0131 Nelerdir? - MyVize<\/title>\n<meta name=\"description\" content=\"Kanada Oturum \u0130zni Nas\u0131l Al\u0131n\u0131r? Kanada Oturum \u0130zni \u015eartlar\u0131 Nelerdir? Kanada&#039;da Oturma \u0130zni Almak \u0130\u00e7in Gereken Evraklar Nelerdir?\" \/>\n<meta name=\"robots\" content=\"index, follow, max-snippet:-1, max-image-preview:large, max-video-preview:-1\" \/>\n<link rel=\"canonical\" href=\"https:\/\/www.myvize.com.tr\/kanada\/vize-islemleri\/kanada-oturum-izni\/\" \/>\n<meta property=\"og:locale\" content=\"tr_TR\" \/>\n<meta property=\"og:type\" content=\"article\" \/>\n<meta property=\"og:title\" content=\"Kanada Oturum \u0130zni \u015eartlar\u0131 Nelerdir? - MyVize\" \/>\n<meta property=\"og:description\" content=\"Kanada Oturum \u0130zni Nas\u0131l Al\u0131n\u0131r? Kanada Oturum \u0130zni \u015eartlar\u0131 Nelerdir? Kanada&#039;da Oturma \u0130zni Almak \u0130\u00e7in Gereken Evraklar Nelerdir?\" \/>\n<meta property=\"og:url\" content=\"https:\/\/www.myvize.com.tr\/kanada\/vize-islemleri\/kanada-oturum-izni\/\" \/>\n<meta property=\"og:site_name\" content=\"Kanada Vizesi\" \/>\n<meta property=\"article:modified_time\" content=\"2022-08-08T09:14:56+00:00\" \/>\n<meta name=\"twitter:card\" content=\"summary_large_image\" \/>\n<meta name=\"twitter:label1\" content=\"Tahmini okuma s\u00fcresi\" \/>\n\t<meta name=\"twitter:data1\" content=\"6 dakika\" \/>\n<script type=\"application\/ld+json\" class=\"yoast-schema-graph\">{\"@context\":\"https:\/\/schema.org\",\"@graph\":[{\"@type\":\"WebPage\",\"@id\":\"https:\/\/www.myvize.com.tr\/kanada\/vize-islemleri\/kanada-oturum-izni\/\",\"url\":\"https:\/\/www.myvize.com.tr\/kanada\/vize-islemleri\/kanada-oturum-izni\/\",\"name\":\"Kanada Oturum \u0130zni \u015eartlar\u0131 Nelerdir? - MyVize\",\"isPartOf\":{\"@id\":\"https:\/\/www.myvize.com.tr\/kanada\/#website\"},\"datePublished\":\"2020-11-30T09:47:57+00:00\",\"dateModified\":\"2022-08-08T09:14:56+00:00\",\"description\":\"Kanada Oturum \u0130zni Nas\u0131l Al\u0131n\u0131r? Kanada Oturum \u0130zni \u015eartlar\u0131 Nelerdir? Kanada'da Oturma \u0130zni Almak \u0130\u00e7in Gereken Evraklar Nelerdir?\",\"breadcrumb\":{\"@id\":\"https:\/\/www.myvize.com.tr\/kanada\/vize-islemleri\/kanada-oturum-izni\/#breadcrumb\"},\"inLanguage\":\"tr\",\"potentialAction\":[{\"@type\":\"ReadAction\",\"target\":[\"https:\/\/www.myvize.com.tr\/kanada\/vize-islemleri\/kanada-oturum-izni\/\"]}]},{\"@type\":\"BreadcrumbList\",\"@id\":\"https:\/\/www.myvize.com.tr\/kanada\/vize-islemleri\/kanada-oturum-izni\/#breadcrumb\",\"itemListElement\":[{\"@type\":\"ListItem\",\"position\":1,\"name\":\"Anasayfa\",\"item\":\"https:\/\/www.myvize.com.tr\/kanada\/\"},{\"@type\":\"ListItem\",\"position\":2,\"name\":\"V\u0130ZE \u0130\u015eLEMLER\u0130\",\"item\":\"https:\/\/www.myvize.com.tr\/kanada\/vize-islemleri\/\"},{\"@type\":\"ListItem\",\"position\":3,\"name\":\"Kanada Oturum \u0130zni\"}]},{\"@type\":\"WebSite\",\"@id\":\"https:\/\/www.myvize.com.tr\/kanada\/#website\",\"url\":\"https:\/\/www.myvize.com.tr\/kanada\/\",\"name\":\"Kanada Vizesi\",\"description\":\"\",\"potentialAction\":[{\"@type\":\"SearchAction\",\"target\":{\"@type\":\"EntryPoint\",\"urlTemplate\":\"https:\/\/www.myvize.com.tr\/kanada\/?s={search_term_string}\"},\"query-input\":{\"@type\":\"PropertyValueSpecification\",\"valueRequired\":true,\"valueName\":\"search_term_string\"}}],\"inLanguage\":\"tr\"}]}<\/script>\n<!-- \/ Yoast SEO plugin. -->","yoast_head_json":{"title":"Kanada Oturum \u0130zni \u015eartlar\u0131 Nelerdir? - MyVize","description":"Kanada Oturum \u0130zni Nas\u0131l Al\u0131n\u0131r? Kanada Oturum \u0130zni \u015eartlar\u0131 Nelerdir? Kanada'da Oturma \u0130zni Almak \u0130\u00e7in Gereken Evraklar Nelerdir?","robots":{"index":"index","follow":"follow","max-snippet":"max-snippet:-1","max-image-preview":"max-image-preview:large","max-video-preview":"max-video-preview:-1"},"canonical":"https:\/\/www.myvize.com.tr\/kanada\/vize-islemleri\/kanada-oturum-izni\/","og_locale":"tr_TR","og_type":"article","og_title":"Kanada Oturum \u0130zni \u015eartlar\u0131 Nelerdir? - MyVize","og_description":"Kanada Oturum \u0130zni Nas\u0131l Al\u0131n\u0131r? Kanada Oturum \u0130zni \u015eartlar\u0131 Nelerdir? Kanada'da Oturma \u0130zni Almak \u0130\u00e7in Gereken Evraklar Nelerdir?","og_url":"https:\/\/www.myvize.com.tr\/kanada\/vize-islemleri\/kanada-oturum-izni\/","og_site_name":"Kanada Vizesi","article_modified_time":"2022-08-08T09:14:56+00:00","twitter_card":"summary_large_image","twitter_misc":{"Tahmini okuma s\u00fcresi":"6 dakika"},"schema":{"@context":"https:\/\/schema.org","@graph":[{"@type":"WebPage","@id":"https:\/\/www.myvize.com.tr\/kanada\/vize-islemleri\/kanada-oturum-izni\/","url":"https:\/\/www.myvize.com.tr\/kanada\/vize-islemleri\/kanada-oturum-izni\/","name":"Kanada Oturum \u0130zni \u015eartlar\u0131 Nelerdir? - MyVize","isPartOf":{"@id":"https:\/\/www.myvize.com.tr\/kanada\/#website"},"datePublished":"2020-11-30T09:47:57+00:00","dateModified":"2022-08-08T09:14:56+00:00","description":"Kanada Oturum \u0130zni Nas\u0131l Al\u0131n\u0131r? Kanada Oturum \u0130zni \u015eartlar\u0131 Nelerdir? Kanada'da Oturma \u0130zni Almak \u0130\u00e7in Gereken Evraklar Nelerdir?","breadcrumb":{"@id":"https:\/\/www.myvize.com.tr\/kanada\/vize-islemleri\/kanada-oturum-izni\/#breadcrumb"},"inLanguage":"tr","potentialAction":[{"@type":"ReadAction","target":["https:\/\/www.myvize.com.tr\/kanada\/vize-islemleri\/kanada-oturum-izni\/"]}]},{"@type":"BreadcrumbList","@id":"https:\/\/www.myvize.com.tr\/kanada\/vize-islemleri\/kanada-oturum-izni\/#breadcrumb","itemListElement":[{"@type":"ListItem","position":1,"name":"Anasayfa","item":"https:\/\/www.myvize.com.tr\/kanada\/"},{"@type":"ListItem","position":2,"name":"V\u0130ZE \u0130\u015eLEMLER\u0130","item":"https:\/\/www.myvize.com.tr\/kanada\/vize-islemleri\/"},{"@type":"ListItem","position":3,"name":"Kanada Oturum \u0130zni"}]},{"@type":"WebSite","@id":"https:\/\/www.myvize.com.tr\/kanada\/#website","url":"https:\/\/www.myvize.com.tr\/kanada\/","name":"Kanada Vizesi","description":"","potentialAction":[{"@type":"SearchAction","target":{"@type":"EntryPoint","urlTemplate":"https:\/\/www.myvize.com.tr\/kanada\/?s={search_term_string}"},"query-input":{"@type":"PropertyValueSpecification","valueRequired":true,"valueName":"search_term_string"}}],"inLanguage":"tr"}]}},"_links":{"self":[{"href":"https:\/\/www.myvize.com.tr\/kanada\/wp-json\/wp\/v2\/pages\/45","targetHints":{"allow":["GET"]}}],"collection":[{"href":"https:\/\/www.myvize.com.tr\/kanada\/wp-json\/wp\/v2\/pages"}],"about":[{"href":"https:\/\/www.myvize.com.tr\/kanada\/wp-json\/wp\/v2\/types\/page"}],"author":[{"embeddable":true,"href":"https:\/\/www.myvize.com.tr\/kanada\/wp-json\/wp\/v2\/users\/1"}],"replies":[{"embeddable":true,"href":"https:\/\/www.myvize.com.tr\/kanada\/wp-json\/wp\/v2\/comments?post=45"}],"version-history":[{"count":5,"href":"https:\/\/www.myvize.com.tr\/kanada\/wp-json\/wp\/v2\/pages\/45\/revisions"}],"predecessor-version":[{"id":1222,"href":"https:\/\/www.myvize.com.tr\/kanada\/wp-json\/wp\/v2\/pages\/45\/revisions\/1222"}],"up":[{"embeddable":true,"href":"https:\/\/www.myvize.com.tr\/kanada\/wp-json\/wp\/v2\/pages\/18"}],"wp:attachment":[{"href":"https:\/\/www.myvize.com.tr\/kanada\/wp-json\/wp\/v2\/media?parent=45"}],"curies":[{"name":"wp","href":"https:\/\/api.w.org\/{rel}","templated":true}]}}