{"id":51,"date":"2020-11-30T12:49:31","date_gmt":"2020-11-30T09:49:31","guid":{"rendered":"https:\/\/www.myvize.com.tr\/kanada\/?page_id=51"},"modified":"2022-07-22T13:51:49","modified_gmt":"2022-07-22T10:51:49","slug":"kanada-vatandaslik-islemleri","status":"publish","type":"page","link":"https:\/\/www.myvize.com.tr\/kanada\/vize-islemleri\/kanada-vatandaslik-islemleri\/","title":{"rendered":"Kanada Vatanda\u015fl\u0131k \u0130\u015flemleri"},"content":{"rendered":"<p><span style=\"font-family: Roboto;\"><\/span><\/p>\r\n<h2 class=\"wp-block-heading\" style=\"font-size: 27px;\"><strong><span style=\"font-family: Roboto; font-size: 27px;\">Kanada Vatanda\u015fl\u0131k \u0130\u015flemleri Hakk\u0131nda<\/span><\/strong><\/h2>\r\n<p><span style=\"font-family: Roboto; font-size: 14px;\">\r\n\r\n<\/span><\/p>\r\n<p style=\"font-size: 14px;\"><span style=\"font-family: Roboto; font-size: 14px;\"><strong>Kanada vatanda\u015f\u0131<\/strong> olmak b\u00fcy\u00fck avantajlar sa\u011flamaktad\u0131r. <strong><span class=\"has-inline-color\">Kanada<\/span><\/strong> pasaportu d\u00fcnyadaki en sayg\u0131n pasaportlardand\u0131r. Bir\u00e7ok \u00fclkeye vizesi olarak girilebilmektedir. <strong>Kanada vatanda\u015f\u0131 <\/strong>olabilmek i\u00e7in baz\u0131 durumlar vard\u0131r. Bunlardan baz\u0131lar\u0131 do\u011fu\u015ftan gelen haklar baz\u0131lar\u0131 da sonradan edilen haklard\u0131r.<\/span><\/p>\r\n<p><span style=\"font-family: Roboto; font-size: 14px;\">\r\n\r\n<\/span><\/p>\r\n<p style=\"font-size: 14px;\"><span style=\"font-family: Roboto; font-size: 14px;\">Do\u011fal yollardan <strong>Kanada vatanda\u015f\u0131 <\/strong>olman\u0131n \u015fartlar\u0131 \u015fu \u015fekildedir; Kanada\u2019da do\u011fmu\u015f birisi <strong>Kanada vatanda\u015f\u0131 <\/strong>olabilmektedir. Ebeveyniniz Kanada vatanda\u015f\u0131 olmu\u015f ise sizde<strong> Kanada vatanda\u015f\u0131<\/strong> olabilirsiniz. Kanada d\u0131\u015f\u0131nda do\u011fmu\u015f iseniz ve ebeveyninizden en az birisi Kanada vatanda\u015f\u0131 ise Kanada vatanda\u015f\u0131 olursunuz.<\/span><\/p>\r\n<p><span style=\"font-family: Roboto; font-size: 14px;\">\r\n\r\n<\/span><\/p>\r\n<p style=\"font-size: 14px;\"><span style=\"font-family: Roboto; font-size: 14px;\">Kanada\u2019da diplomat bir ailenin \u00e7ocu\u011fu olarak do\u011fduysan\u0131z Kanada vatanda\u015f\u0131 olamazs\u0131n\u0131z. Kanada vatanda\u015fl\u0131\u011f\u0131n\u0131z iptal edildiyse bir daha Kanada vatanda\u015f\u0131 olamazs\u0131n\u0131z.<\/span><\/p>\r\n<p><span style=\"font-family: Roboto; font-size: 14px;\">\r\n\r\n<\/span><\/p>\r\n<p style=\"font-size: 14px;\"><span style=\"font-family: Roboto; font-size: 14px;\">Do\u011fal yollar ile Kanada vatanda\u015f\u0131 olmayanlar \u015fu \u015fekilde Kanada vatanda\u015f\u0131 olabilirler; Kanada vatanda\u015f\u0131 ile evlendiyseniz. Kanada vatanda\u015f\u0131 taraf\u0131ndan evlat edinenler Kanada vatanda\u015f\u0131 olabilirler. Kanada\u2019ya m\u00fclteci olarak kabul edilenler Kanada vatanda\u015f\u0131 olabilirler. <strong><a href=\"https:\/\/www.myvize.com.tr\/kanada\/vize-islemleri\/kanada-oturum-izni\/\" target=\"_blank\" rel=\"noreferrer noopener\"><span class=\"has-inline-color\" style=\"color: #2acec2;\">Kanada\u00a0Oturum izni <\/span><\/a><\/strong>sahibi olarak uzun y\u0131llar Kanada\u2019da ya\u015fad\u0131ysan\u0131z. Bu \u015fekilde ba\u015fvurarak Kanada vatanda\u015f\u0131 olabilirsiniz.<\/span><\/p>\r\n<p><span style=\"font-family: Roboto; font-size: 14px;\"> <img decoding=\"async\" src=\"https:\/\/www.myvize.com.tr\/kanada\/wp-content\/uploads\/2021\/10\/25.jpg\" \/> <\/span><\/p>\r\n<p style=\"font-size: 14px;\"><span style=\"font-family: Roboto; font-size: 14px;\"><strong>Kanada vatanda\u015fl\u0131k<\/strong> ba\u015fvurunuzun kabul edilmesi i\u00e7in baz\u0131 kriterler vard\u0131r. Kanada vatanda\u015fl\u0131k ba\u015fvurusunda \u015funlar dikkate al\u0131nmal\u0131d\u0131r. Kanada\u2019da oturdu\u011funuz s\u00fcrece yasaklara ne kadar uydu\u011funuz, Kanada\u2019y\u0131 ne kadar iyi tan\u0131d\u0131\u011f\u0131n\u0131z, Kanada\u2019da ne kadar ya\u015fad\u0131\u011f\u0131n\u0131z, dil seviyeniz dikkate al\u0131nmaktad\u0131r. Ayr\u0131ca gelir beyan\u0131n\u0131zda bu kriterlerden birisidir. <strong>Kanada vatanda\u015fl\u0131\u011f\u0131<\/strong> almak isteyen birisi 5 y\u0131ll\u0131k Kanada oturum izninin en az 3 y\u0131l\u0131n\u0131 Kanada\u2019da ge\u00e7irmi\u015f olmal\u0131d\u0131r. Ayr\u0131ca Kanada\u2019da kal\u0131nan y\u0131llar i\u00e7erisinde vergilerin Kanada Devleti\u2019ne \u00f6denmi\u015f olmas\u0131 gerekmektedir.<\/span><\/p>\r\n<p><span style=\"font-family: Roboto; font-size: 14px;\">\r\n\r\n<\/span><\/p>\r\n<p style=\"font-size: 14px;\"><span style=\"font-family: Roboto; font-size: 14px;\">18 ya\u015f\u0131ndan k\u00fc\u00e7\u00fcklerin ba\u015fvurular\u0131n\u0131 yasal varisleri yani ebeveynleri ger\u00e7ekle\u015ftirir. 18 ya\u015f alt\u0131n\u0131n oturum ko\u015fullar\u0131n\u0131 yerine getirme \u015fartlar\u0131 yoktur. Kanada vatanda\u015fl\u0131\u011f\u0131ndan men edilen ki\u015filer h\u00fck\u00fcmetin belirledi\u011fi \u015fartlar\u0131 yerine getirmesi sonucu vatanda\u015fl\u0131k ba\u015fvurusunda bulunabilmektedir. Ba\u015fvuru sahipleri iki ana dilden birini yeterince bilmelidir. Bu diller \u0130ngilizce ve Frans\u0131zcad\u0131r. Dil bilgisi CLB seviyesine g\u00f6re en az 4 puan olmal\u0131d\u0131r.<\/span><\/p>\r\n<p><span style=\"font-family: Roboto; font-size: 14px;\">\r\n\r\n<\/span><\/p>\r\n<p style=\"font-size: 14px;\"><span style=\"font-family: Roboto; font-size: 14px;\"><span style=\"color: #2acec2;\"><strong><a style=\"color: #2acec2;\" href=\"https:\/\/www.myvize.com.tr\/kanada\/vatandaslik-ve-gocmenlik\/kanada-vatandasligi\/\" target=\"_blank\" rel=\"noopener\">Kanada vatanda\u015fl\u0131k<\/a><\/strong><\/span> ba\u015fvurusu gerekli \u015fartlar yerine getirildikten sonra <strong>Kanada s\u0131n\u0131rlar\u0131<\/strong> i\u00e7erisinde bulunan vatanda\u015fl\u0131k birimlerine ya da kendi \u00fclkesinde bulunan Kanada Konsoloslu\u011fu\u2019na yap\u0131labilmektedir. Vatanda\u015fl\u0131k ba\u015fvurusu s\u0131ras\u0131nda gerekli belgeler ve \u00fccret makbuzu haz\u0131r bulunmal\u0131d\u0131r. \u00a0\u00a0<\/span><\/p>\r\n<p><span style=\"font-family: Roboto; font-size: 14px;\">\r\n\r\n<\/span><\/p>\r\n<p style=\"font-size: 14px;\"><span style=\"font-family: Roboto; font-size: 14px;\">Kanada vatanda\u015fl\u0131k ba\u015fvurusunda bulunacak ki\u015fi son 4 y\u0131l i\u00e7erisinde bir su\u00e7 i\u015flemi\u015fse ve devam eden mahkemesi var ise ba\u015fvurusu b\u00fcy\u00fck ihtimalle reddedilecektir. <strong>Kanada H\u00fck\u00fcmeti<\/strong> vatanda\u015fl\u0131k i\u00e7in en ufak p\u00fcr\u00fcze dikkat etmektedir. En ufak s\u0131k\u0131nt\u0131y\u0131 dikkate almaktad\u0131r. Kanada vatanda\u015fl\u0131k ba\u015fvurusunda bulunacak ki\u015fi 20 soruluk bir teste tabi tutulur ve en az 15 soruyu do\u011fru yapmal\u0131d\u0131r. Bu testte tarih, co\u011frafya, yasalar, h\u00fck\u00fcmet bilgisi ve ekonomi sorular\u0131 sorulur. Bundan dolay\u0131 Kanada\u2019y\u0131 \u00e7ok iyi tan\u0131mal\u0131s\u0131n\u0131z.<\/span><\/p>\r\n<p><span style=\"font-family: Roboto;\"><\/span><\/p>","protected":false},"excerpt":{"rendered":"<p>Kanada Vatanda\u015fl\u0131k \u0130\u015flemleri Hakk\u0131nda Kanada vatanda\u015f\u0131 olmak b\u00fcy\u00fck avantajlar sa\u011flamaktad\u0131r. Kanada pasaportu d\u00fcnyadaki en sayg\u0131n pasaportlardand\u0131r. Bir\u00e7ok \u00fclkeye vizesi olarak girilebilmektedir. Kanada vatanda\u015f\u0131 olabilmek i\u00e7in baz\u0131 durumlar vard\u0131r. Bunlardan baz\u0131lar\u0131 do\u011fu\u015ftan gelen haklar baz\u0131lar\u0131 da sonradan edilen haklard\u0131r. Do\u011fal yollardan Kanada vatanda\u015f\u0131 olman\u0131n \u015fartlar\u0131 \u015fu \u015fekildedir; Kanada\u2019da do\u011fmu\u015f birisi Kanada vatanda\u015f\u0131 olabilmektedir. Ebeveyniniz Kanada vatanda\u015f\u0131<\/p>\n","protected":false},"author":1,"featured_media":0,"parent":18,"menu_order":0,"comment_status":"open","ping_status":"closed","template":"","meta":{"footnotes":""},"class_list":["post-51","page","type-page","status-publish","hentry"],"yoast_head":"<!-- This site is optimized with the Yoast SEO plugin v24.0 - https:\/\/yoast.com\/wordpress\/plugins\/seo\/ -->\n<title>Kanada Vatanda\u015fl\u0131k \u0130\u015flemleri - MyVize<\/title>\n<meta name=\"description\" content=\"Kanada Vatanda\u015fl\u0131k \u0130\u015flemleri Nas\u0131l Olmal\u0131d\u0131r? Kanada Vatanda\u015fl\u0131k \u0130\u015flemleri \u0130\u00e7in Gerekli Evraklar Neler? Hemen Bizi Aray\u0131n: 0850 346 84 93\" \/>\n<meta name=\"robots\" content=\"index, follow, max-snippet:-1, max-image-preview:large, max-video-preview:-1\" \/>\n<link rel=\"canonical\" href=\"https:\/\/www.myvize.com.tr\/kanada\/vize-islemleri\/kanada-vatandaslik-islemleri\/\" \/>\n<meta property=\"og:locale\" content=\"tr_TR\" \/>\n<meta property=\"og:type\" content=\"article\" \/>\n<meta property=\"og:title\" content=\"Kanada Vatanda\u015fl\u0131k \u0130\u015flemleri - MyVize\" \/>\n<meta property=\"og:description\" content=\"Kanada Vatanda\u015fl\u0131k \u0130\u015flemleri Nas\u0131l Olmal\u0131d\u0131r? Kanada Vatanda\u015fl\u0131k \u0130\u015flemleri \u0130\u00e7in Gerekli Evraklar Neler? Hemen Bizi Aray\u0131n: 0850 346 84 93\" \/>\n<meta property=\"og:url\" content=\"https:\/\/www.myvize.com.tr\/kanada\/vize-islemleri\/kanada-vatandaslik-islemleri\/\" \/>\n<meta property=\"og:site_name\" content=\"Kanada Vizesi\" \/>\n<meta property=\"article:modified_time\" content=\"2022-07-22T10:51:49+00:00\" \/>\n<meta property=\"og:image\" content=\"https:\/\/www.myvize.com.tr\/kanada\/wp-content\/uploads\/2021\/10\/25.jpg\" \/>\n<meta name=\"twitter:card\" content=\"summary_large_image\" \/>\n<meta name=\"twitter:label1\" content=\"Tahmini okuma s\u00fcresi\" \/>\n\t<meta name=\"twitter:data1\" content=\"2 dakika\" \/>\n<script type=\"application\/ld+json\" class=\"yoast-schema-graph\">{\"@context\":\"https:\/\/schema.org\",\"@graph\":[{\"@type\":\"WebPage\",\"@id\":\"https:\/\/www.myvize.com.tr\/kanada\/vize-islemleri\/kanada-vatandaslik-islemleri\/\",\"url\":\"https:\/\/www.myvize.com.tr\/kanada\/vize-islemleri\/kanada-vatandaslik-islemleri\/\",\"name\":\"Kanada Vatanda\u015fl\u0131k \u0130\u015flemleri - MyVize\",\"isPartOf\":{\"@id\":\"https:\/\/www.myvize.com.tr\/kanada\/#website\"},\"primaryImageOfPage\":{\"@id\":\"https:\/\/www.myvize.com.tr\/kanada\/vize-islemleri\/kanada-vatandaslik-islemleri\/#primaryimage\"},\"image\":{\"@id\":\"https:\/\/www.myvize.com.tr\/kanada\/vize-islemleri\/kanada-vatandaslik-islemleri\/#primaryimage\"},\"thumbnailUrl\":\"https:\/\/www.myvize.com.tr\/kanada\/wp-content\/uploads\/2021\/10\/25.jpg\",\"datePublished\":\"2020-11-30T09:49:31+00:00\",\"dateModified\":\"2022-07-22T10:51:49+00:00\",\"description\":\"Kanada Vatanda\u015fl\u0131k \u0130\u015flemleri Nas\u0131l Olmal\u0131d\u0131r? Kanada Vatanda\u015fl\u0131k \u0130\u015flemleri \u0130\u00e7in Gerekli Evraklar Neler? Hemen Bizi Aray\u0131n: 0850 346 84 93\",\"breadcrumb\":{\"@id\":\"https:\/\/www.myvize.com.tr\/kanada\/vize-islemleri\/kanada-vatandaslik-islemleri\/#breadcrumb\"},\"inLanguage\":\"tr\",\"potentialAction\":[{\"@type\":\"ReadAction\",\"target\":[\"https:\/\/www.myvize.com.tr\/kanada\/vize-islemleri\/kanada-vatandaslik-islemleri\/\"]}]},{\"@type\":\"ImageObject\",\"inLanguage\":\"tr\",\"@id\":\"https:\/\/www.myvize.com.tr\/kanada\/vize-islemleri\/kanada-vatandaslik-islemleri\/#primaryimage\",\"url\":\"https:\/\/www.myvize.com.tr\/kanada\/wp-content\/uploads\/2021\/10\/25.jpg\",\"contentUrl\":\"https:\/\/www.myvize.com.tr\/kanada\/wp-content\/uploads\/2021\/10\/25.jpg\",\"width\":800,\"height\":500,\"caption\":\"Kanada Vatanda\u015fl\u0131k \u0130\u015flemleri\"},{\"@type\":\"BreadcrumbList\",\"@id\":\"https:\/\/www.myvize.com.tr\/kanada\/vize-islemleri\/kanada-vatandaslik-islemleri\/#breadcrumb\",\"itemListElement\":[{\"@type\":\"ListItem\",\"position\":1,\"name\":\"Anasayfa\",\"item\":\"https:\/\/www.myvize.com.tr\/kanada\/\"},{\"@type\":\"ListItem\",\"position\":2,\"name\":\"V\u0130ZE \u0130\u015eLEMLER\u0130\",\"item\":\"https:\/\/www.myvize.com.tr\/kanada\/vize-islemleri\/\"},{\"@type\":\"ListItem\",\"position\":3,\"name\":\"Kanada Vatanda\u015fl\u0131k \u0130\u015flemleri\"}]},{\"@type\":\"WebSite\",\"@id\":\"https:\/\/www.myvize.com.tr\/kanada\/#website\",\"url\":\"https:\/\/www.myvize.com.tr\/kanada\/\",\"name\":\"Kanada Vizesi\",\"description\":\"\",\"potentialAction\":[{\"@type\":\"SearchAction\",\"target\":{\"@type\":\"EntryPoint\",\"urlTemplate\":\"https:\/\/www.myvize.com.tr\/kanada\/?s={search_term_string}\"},\"query-input\":{\"@type\":\"PropertyValueSpecification\",\"valueRequired\":true,\"valueName\":\"search_term_string\"}}],\"inLanguage\":\"tr\"}]}<\/script>\n<!-- \/ Yoast SEO plugin. -->","yoast_head_json":{"title":"Kanada Vatanda\u015fl\u0131k \u0130\u015flemleri - MyVize","description":"Kanada Vatanda\u015fl\u0131k \u0130\u015flemleri Nas\u0131l Olmal\u0131d\u0131r? Kanada Vatanda\u015fl\u0131k \u0130\u015flemleri \u0130\u00e7in Gerekli Evraklar Neler? Hemen Bizi Aray\u0131n: 0850 346 84 93","robots":{"index":"index","follow":"follow","max-snippet":"max-snippet:-1","max-image-preview":"max-image-preview:large","max-video-preview":"max-video-preview:-1"},"canonical":"https:\/\/www.myvize.com.tr\/kanada\/vize-islemleri\/kanada-vatandaslik-islemleri\/","og_locale":"tr_TR","og_type":"article","og_title":"Kanada Vatanda\u015fl\u0131k \u0130\u015flemleri - MyVize","og_description":"Kanada Vatanda\u015fl\u0131k \u0130\u015flemleri Nas\u0131l Olmal\u0131d\u0131r? Kanada Vatanda\u015fl\u0131k \u0130\u015flemleri \u0130\u00e7in Gerekli Evraklar Neler? Hemen Bizi Aray\u0131n: 0850 346 84 93","og_url":"https:\/\/www.myvize.com.tr\/kanada\/vize-islemleri\/kanada-vatandaslik-islemleri\/","og_site_name":"Kanada Vizesi","article_modified_time":"2022-07-22T10:51:49+00:00","og_image":[{"url":"https:\/\/www.myvize.com.tr\/kanada\/wp-content\/uploads\/2021\/10\/25.jpg","type":"","width":"","height":""}],"twitter_card":"summary_large_image","twitter_misc":{"Tahmini okuma s\u00fcresi":"2 dakika"},"schema":{"@context":"https:\/\/schema.org","@graph":[{"@type":"WebPage","@id":"https:\/\/www.myvize.com.tr\/kanada\/vize-islemleri\/kanada-vatandaslik-islemleri\/","url":"https:\/\/www.myvize.com.tr\/kanada\/vize-islemleri\/kanada-vatandaslik-islemleri\/","name":"Kanada Vatanda\u015fl\u0131k \u0130\u015flemleri - MyVize","isPartOf":{"@id":"https:\/\/www.myvize.com.tr\/kanada\/#website"},"primaryImageOfPage":{"@id":"https:\/\/www.myvize.com.tr\/kanada\/vize-islemleri\/kanada-vatandaslik-islemleri\/#primaryimage"},"image":{"@id":"https:\/\/www.myvize.com.tr\/kanada\/vize-islemleri\/kanada-vatandaslik-islemleri\/#primaryimage"},"thumbnailUrl":"https:\/\/www.myvize.com.tr\/kanada\/wp-content\/uploads\/2021\/10\/25.jpg","datePublished":"2020-11-30T09:49:31+00:00","dateModified":"2022-07-22T10:51:49+00:00","description":"Kanada Vatanda\u015fl\u0131k \u0130\u015flemleri Nas\u0131l Olmal\u0131d\u0131r? Kanada Vatanda\u015fl\u0131k \u0130\u015flemleri \u0130\u00e7in Gerekli Evraklar Neler? Hemen Bizi Aray\u0131n: 0850 346 84 93","breadcrumb":{"@id":"https:\/\/www.myvize.com.tr\/kanada\/vize-islemleri\/kanada-vatandaslik-islemleri\/#breadcrumb"},"inLanguage":"tr","potentialAction":[{"@type":"ReadAction","target":["https:\/\/www.myvize.com.tr\/kanada\/vize-islemleri\/kanada-vatandaslik-islemleri\/"]}]},{"@type":"ImageObject","inLanguage":"tr","@id":"https:\/\/www.myvize.com.tr\/kanada\/vize-islemleri\/kanada-vatandaslik-islemleri\/#primaryimage","url":"https:\/\/www.myvize.com.tr\/kanada\/wp-content\/uploads\/2021\/10\/25.jpg","contentUrl":"https:\/\/www.myvize.com.tr\/kanada\/wp-content\/uploads\/2021\/10\/25.jpg","width":800,"height":500,"caption":"Kanada Vatanda\u015fl\u0131k \u0130\u015flemleri"},{"@type":"BreadcrumbList","@id":"https:\/\/www.myvize.com.tr\/kanada\/vize-islemleri\/kanada-vatandaslik-islemleri\/#breadcrumb","itemListElement":[{"@type":"ListItem","position":1,"name":"Anasayfa","item":"https:\/\/www.myvize.com.tr\/kanada\/"},{"@type":"ListItem","position":2,"name":"V\u0130ZE \u0130\u015eLEMLER\u0130","item":"https:\/\/www.myvize.com.tr\/kanada\/vize-islemleri\/"},{"@type":"ListItem","position":3,"name":"Kanada Vatanda\u015fl\u0131k \u0130\u015flemleri"}]},{"@type":"WebSite","@id":"https:\/\/www.myvize.com.tr\/kanada\/#website","url":"https:\/\/www.myvize.com.tr\/kanada\/","name":"Kanada Vizesi","description":"","potentialAction":[{"@type":"SearchAction","target":{"@type":"EntryPoint","urlTemplate":"https:\/\/www.myvize.com.tr\/kanada\/?s={search_term_string}"},"query-input":{"@type":"PropertyValueSpecification","valueRequired":true,"valueName":"search_term_string"}}],"inLanguage":"tr"}]}},"_links":{"self":[{"href":"https:\/\/www.myvize.com.tr\/kanada\/wp-json\/wp\/v2\/pages\/51","targetHints":{"allow":["GET"]}}],"collection":[{"href":"https:\/\/www.myvize.com.tr\/kanada\/wp-json\/wp\/v2\/pages"}],"about":[{"href":"https:\/\/www.myvize.com.tr\/kanada\/wp-json\/wp\/v2\/types\/page"}],"author":[{"embeddable":true,"href":"https:\/\/www.myvize.com.tr\/kanada\/wp-json\/wp\/v2\/users\/1"}],"replies":[{"embeddable":true,"href":"https:\/\/www.myvize.com.tr\/kanada\/wp-json\/wp\/v2\/comments?post=51"}],"version-history":[{"count":6,"href":"https:\/\/www.myvize.com.tr\/kanada\/wp-json\/wp\/v2\/pages\/51\/revisions"}],"predecessor-version":[{"id":1215,"href":"https:\/\/www.myvize.com.tr\/kanada\/wp-json\/wp\/v2\/pages\/51\/revisions\/1215"}],"up":[{"embeddable":true,"href":"https:\/\/www.myvize.com.tr\/kanada\/wp-json\/wp\/v2\/pages\/18"}],"wp:attachment":[{"href":"https:\/\/www.myvize.com.tr\/kanada\/wp-json\/wp\/v2\/media?parent=51"}],"curies":[{"name":"wp","href":"https:\/\/api.w.org\/{rel}","templated":true}]}}