{"id":55,"date":"2020-11-30T12:50:43","date_gmt":"2020-11-30T09:50:43","guid":{"rendered":"https:\/\/www.myvize.com.tr\/kanada\/?page_id=55"},"modified":"2022-07-23T12:00:36","modified_gmt":"2022-07-23T09:00:36","slug":"turkiyede-oturum-ve-calisma-izni","status":"publish","type":"page","link":"https:\/\/www.myvize.com.tr\/kanada\/vize-islemleri\/turkiyede-oturum-ve-calisma-izni\/","title":{"rendered":"T\u00fcrkiye&#8217;de Oturum ve \u00c7al\u0131\u015fma \u0130zni"},"content":{"rendered":"<p><span style=\"font-family: Roboto;\"><\/span><\/p>\r\n<h2 class=\"wp-block-heading\" style=\"font-size: 27px;\"><span style=\"font-family: Roboto; font-size: 27px;\"><strong>Kanada Vatanda\u015flar\u0131 \u0130\u00e7in T\u00fcrkiye&#8217; de Oturum ve \u00c7al\u0131\u015fma \u0130zni<\/strong><\/span><\/h2>\r\n<p><span style=\"font-family: Roboto; font-size: 14px;\">\r\n\r\n<\/span><\/p>\r\n<p style=\"font-size: 14px;\"><span style=\"font-family: Roboto; font-size: 14px;\"><strong>T\u00fcrkiye\u2019de oturum izni <\/strong>almak isteyen ve \u00e7al\u0131\u015fma izni almak isteyen Kanada vatanda\u015flar\u0131 bunun i\u00e7in Kanada\u2019daki T\u00fcrkiye Cumhuriyeti Konsoloslu\u011fu ile ileti\u015fime ge\u00e7melidir. <strong><a href=\"https:\/\/www.myvize.com.tr\/kanada\/\" target=\"_blank\" rel=\"noreferrer noopener\"><span class=\"has-inline-color\" style=\"color: #2acec2;\">Kanada<\/span><\/a><\/strong> vatanda\u015flar\u0131n\u0131n sahip oldu\u011fu <strong><a href=\"https:\/\/www.myvize.com.tr\/kanada\/vize-islemleri\/kanada-calisma-izni\/\" target=\"_blank\" rel=\"noreferrer noopener\"><span class=\"has-inline-color\" style=\"color: #2acec2;\">Kanada \u00e7al\u0131\u015fma izni<\/span><\/a><\/strong> ya da \u00e7al\u0131\u015fma izni muafiyeti belgesi<strong> oturum izni<\/strong> yerine say\u0131labilir. Kanada vatanda\u015flar\u0131 vize s\u00fcresi sonras\u0131n T\u00fcrkiye\u2019de kalacak ise oturum izni almal\u0131d\u0131r.<\/span><\/p>\r\n<p><span style=\"font-family: Roboto; font-size: 14px;\">\r\n\r\n<\/span><\/p>\r\n<p style=\"font-size: 14px;\"><span style=\"font-family: Roboto; font-size: 14px;\">Kanada vatanda\u015flar\u0131<strong> oturum izni <\/strong>i\u00e7in Kanada\u2019da bulunan T\u00fcrk temsilciliklerine ba\u015fvuruda bulunabilir. T\u00fcrkiye\u2019de bulunan Kanada vatanda\u015flar\u0131 ise <strong><a href=\"https:\/\/www.myvize.com.tr\/kanada\/vize-islemleri\/kanada-oturum-izni\/\" target=\"_blank\" rel=\"noreferrer noopener\"><span class=\"has-inline-color\" style=\"color: #2acec2;\">Kanada oturum izni<\/span><\/a><\/strong> i\u00e7in valiliklere ba\u015fvurabilmektedir. Kanada vatanda\u015flar\u0131n\u0131n pasaportlar\u0131 oturum izni s\u00fcresinden 60 g\u00fcn daha fazla ge\u00e7erli olmal\u0131d\u0131r. <strong>Oturum izni <\/strong>ba\u015fvurular\u0131 en ge\u00e7 90 g\u00fcnde sonu\u00e7lanmaktad\u0131r.<\/span><\/p>\r\n<p><span style=\"font-family: Roboto; font-size: 14px;\">\r\n\r\n<\/span><\/p>\r\n<p style=\"font-size: 14px;\"><span style=\"font-family: Roboto; font-size: 14px;\">T\u00fcrkiye i\u00e7erisinde bulunan <strong>Kanada vatanda\u015flar\u0131<\/strong> oturum izni uzatma i\u015flemlerini e-ikamet \u00fczerinden yapabilmektedir. Bunun i\u00e7in al\u0131nan randevu g\u00fcn ve saatinde \u0130l G\u00f6\u00e7 \u0130daresi\u2019nde bulunulmas\u0131 gerekmektedir.<\/span><\/p>\r\n<p><span style=\"font-family: Roboto; font-size: 14px;\"> <img decoding=\"async\" src=\"https:\/\/www.myvize.com.tr\/kanada\/wp-content\/uploads\/2021\/10\/27.jpg\" \/> <\/span><\/p>\r\n<p style=\"font-size: 14px;\"><span style=\"font-family: Roboto; font-size: 14px;\">T\u00fcrkiye <strong>oturum izni<\/strong> i\u00e7in gerekli belgeler;<\/span><\/p>\r\n<p><span style=\"font-family: Roboto; font-size: 14px;\">\r\n\r\n<\/span><\/p>\r\n<ul class=\"wp-block-list\" style=\"font-size: 14px;\">\r\n<li><span style=\"font-family: Roboto; font-size: 14px;\"><strong>Oturum izni<\/strong> ba\u015fvuru formu<\/span><\/li>\r\n<li><span style=\"font-family: Roboto; font-size: 14px;\">18 ya\u015f alt\u0131 i\u00e7in muvafakatname<\/span><\/li>\r\n<li><span style=\"font-family: Roboto; font-size: 14px;\">Pasaport<\/span><\/li>\r\n<li><span style=\"font-family: Roboto; font-size: 14px;\">4 adet biyometrik foto\u011fraf<\/span><\/li>\r\n<li><span style=\"font-family: Roboto; font-size: 14px;\">Finansal d\u00f6k\u00fcmleri g\u00f6steren belgeler<\/span><\/li>\r\n<li><span style=\"font-family: Roboto; font-size: 14px;\">Talep edilmesi durumunda \u015firketlerden al\u0131nm\u0131\u015f davet mektubu<\/span><\/li>\r\n<li><span style=\"font-family: Roboto; font-size: 14px;\">Yabanc\u0131lar Sa\u011fl\u0131k Sigortas\u0131<\/span><\/li>\r\n<li><span style=\"font-family: Roboto; font-size: 14px;\">SGK\u2019dan al\u0131nm\u0131\u015f Provizyon Belgesi<\/span><\/li>\r\n<li><span style=\"font-family: Roboto; font-size: 14px;\">T\u00fcrkiye\u2019de nerede konaklayaca\u011f\u0131n\u0131 g\u00f6steren belge<\/span><\/li>\r\n<li><span style=\"font-family: Roboto; font-size: 14px;\">Oturum izni \u00fccretinin \u00f6dendi\u011fini g\u00f6steren belge<\/span><\/li>\r\n<\/ul>\r\n<p><span style=\"font-family: Roboto; font-size: 14px;\">\r\n\r\n<\/span><\/p>\r\n<p style=\"font-size: 14px;\"><span style=\"font-family: Roboto; font-size: 14px;\">Kanada vatanda\u015flar\u0131 <strong>\u00e7al\u0131\u015fma izni<\/strong> i\u00e7inde Kanada\u2019da bulunan T\u00fcrk temsilciliklerine gitmek zorundad\u0131r. T\u00fcrkiye\u2019de \u00e7al\u0131\u015facak Kanada vatanda\u015flar\u0131 ayr\u0131ca T\u00fcrkiye \u00c7al\u0131\u015fma ve Sosyal G\u00fcvenlik Bakanl\u0131\u011f\u0131\u2019na ba\u015fvurmal\u0131d\u0131r. \u00c7SGB, \u00e7al\u0131\u015fma ba\u015fvurular\u0131 i\u00e7in karar verme yetkisine sahiptir. <strong>\u00c7al\u0131\u015fma izni<\/strong> alan bir Kanada vatanda\u015f\u0131 ayn\u0131 zamanda <strong>oturum izni<\/strong> de alm\u0131\u015f olur. \u00c7al\u0131\u015fma ba\u015fvurusu kabul edilen<strong> Kanada vatanda\u015f\u0131<\/strong> giri\u015f vizesi harc\u0131, <strong>\u00c7al\u0131\u015fma izni<\/strong> belgesi harc\u0131 ve oturum izni harc\u0131 \u00f6demelidir.<\/span><\/p>\r\n<p><span style=\"font-family: Roboto; font-size: 14px;\">\r\n\r\n<\/span><\/p>\r\n<p style=\"font-size: 14px;\"><span style=\"font-family: Roboto; font-size: 14px;\">\u00c7al\u0131\u015fma iznine sahip olan<strong> Kanada vatanda\u015flar\u0131<\/strong> T\u00fcrkiye\u2019ye giri\u015flerinden sonra 20 g\u00fcn i\u00e7erisinde giri\u015flerini \u0130l G\u00f6\u00e7 \u0130daresine bildirerek kay\u0131t yapt\u0131rmal\u0131d\u0131r. T\u00fcrkiye\u2019de e\u011fitim amac\u0131 ile bulunanlar <strong>\u00e7al\u0131\u015fma izni<\/strong> alma \u015fart\u0131 ile \u00e7al\u0131\u015fabilmektedir. Ancak \u00f6n lisans ve lisans \u00f6\u011frencileri i\u00e7in \u00e7al\u0131\u015fma hakk\u0131 ilk y\u0131ldan sonra ba\u015flamaktad\u0131r. Ba\u015fvurular \u00c7al\u0131\u015fma, Sosyal Hizmetler ve Aile Bakanl\u0131\u011f\u0131\u2019na yap\u0131lmal\u0131d\u0131r.<\/span><\/p>\r\n<p><span style=\"font-family: Roboto; font-size: 14px;\">\r\n\r\n<\/span><\/p>\r\n<p style=\"font-size: 14px;\"><span style=\"font-family: Roboto; font-size: 14px;\">Kanada vatanda\u015flar\u0131 T\u00fcrkiye <strong>\u00e7al\u0131\u015fma izni<\/strong> ald\u0131klar\u0131 taktirde oturum izni hakk\u0131na da sahip olmaktad\u0131r.<\/span><\/p>\r\n<h2><span style=\"font-family: Roboto; font-size: 27px;\"><strong>Kanada Vatanda\u015flar\u0131 \u0130\u00e7in T\u00fcrkiye Vizesi<\/strong><\/span><\/h2>\r\n<p><span style=\"font-family: Roboto; font-size: 14px;\">Resmi ve umuma mahsus pasaporta sahiip ki\u015filer vizeye tabidir. Umuma mahsus pasaporta hamiline 3 ay ikamet s\u00fcresi m\u00fcteaddit giri\u015f vizesi e-Vize olarak ya da d\u0131\u015f temsilcilikimizde resen verilir.<\/span><br \/><span style=\"font-family: Roboto; font-size: 14px;\">T\u00fcrkiye\u2019ye seyahat ger\u00e7ekle\u015ftirme isteyen ve 3 aydan fazla T\u00fcrkiye&#8217;de kalmay\u0131 planlayan umum mahsus pasaport sahibleri Kanada vatanda\u015f\u0131n\u0131n Kanada&#8217;daki T\u00fcrkiye temsilcilikine \u015fahsen ba\u015fvuru yapmas\u0131 gerekmektedir. Vize i\u015fleminde ya\u015fanabilecek gecikmeden dolay\u0131 vize ba\u015fvurusunun planlanan seyahat tarihinde en az 1 ay \u00f6nce yap\u0131lmas\u0131 yararl\u0131 olacakd\u0131r.<\/span><br \/><span style=\"font-family: Roboto; font-size: 14px;\">Ancak bilinmeli ki, <strong>Kanada vatanda\u015f\u0131<\/strong> dahil yabanc\u0131 vatanda\u015fa verilen vize T\u00fcrkiye\u2019ye giri\u015f i\u00e7in mutlak hak sa\u011flamazlar. T\u00fcrkiye&#8217;ye giri\u015fe izin verme nihai karar ve otorite sahibleri makam, s\u0131n\u0131r makam\u0131d\u0131r.<\/span><br \/><span style=\"font-family: Roboto; font-size: 14px;\">Vize ba\u015fvurusunda tahsil edilen vize har\u00e7lar\u0131, vize ba\u015fvurusu menfi sonu\u00e7lanma halinde iade edilmemekte. \u00a0<\/span><br \/><span style=\"font-family: Roboto; font-size: 14px;\">T\u00fcrkiye&#8217;yi ziyaret etme isteyen t\u00fcm vize ba\u015fvurusu sahipinden, T\u00fcrkiye&#8217;de kalaca\u011f\u0131 s\u00fcre kapsayan ge\u00e7erli sa\u011fl\u0131k sigorta yapt\u0131rmas\u0131 \u015fart\u0131 aranmaktad\u0131r.\u00a0<\/span><br \/><span style=\"font-family: Roboto; font-size: 14px;\">Vizenin veya vize muafiyeti imkan verdi\u011fi kal\u0131\u015f s\u00fcre, her 180 g\u00fcnde g\u00fcnde 90 g\u00fcn ge\u00e7emez. T\u00fcrkiye\u2019de son 180 g\u00fcn i\u00e7inde toplam kal\u0131\u015f s\u00fcresinin 90 g\u00fcn ge\u00e7memesi kaidesi ile T\u00fcrkiye\u2019ye seyahat edecek t\u00fcm yabanc\u0131 \u00a0vatanda\u015f\u0131 i\u00e7in ge\u00e7erlidir. S\u00f6z konu kural <strong>Kanada vatanda\u015f\u0131<\/strong> i\u00e7in de ge\u00e7erlidir. Esasen, her t\u00fcrl\u00fc vize ba\u015fvurusunda, T\u00fcrk d\u0131\u015f temsilcilik\u011finde en fazla 3 ay ikametli vize verilmek olup, 3 aydan fazla \u00fclkemizde kalma isteyen yabanc\u0131n\u0131n \u0130l G\u00f6\u00e7 M\u00fcd\u00fcrl\u00fc\u011f\u00fcne \u201cK\u0131sa S\u00fcre \u0130kamet\u201d ba\u015fvurusu bulunarak ikametini uzatabilmesi m\u00fcmk\u00fcnd\u00fcr.\u00a0<\/span><\/p>\r\n<p><span style=\"font-family: Roboto;\"><\/span><\/p>","protected":false},"excerpt":{"rendered":"<p>Kanada Vatanda\u015flar\u0131 \u0130\u00e7in T\u00fcrkiye&#8217; de Oturum ve \u00c7al\u0131\u015fma \u0130zni T\u00fcrkiye\u2019de oturum izni almak isteyen ve \u00e7al\u0131\u015fma izni almak isteyen Kanada vatanda\u015flar\u0131 bunun i\u00e7in Kanada\u2019daki T\u00fcrkiye Cumhuriyeti Konsoloslu\u011fu ile ileti\u015fime ge\u00e7melidir. Kanada vatanda\u015flar\u0131n\u0131n sahip oldu\u011fu Kanada \u00e7al\u0131\u015fma izni ya da \u00e7al\u0131\u015fma izni muafiyeti belgesi oturum izni yerine say\u0131labilir. Kanada vatanda\u015flar\u0131 vize s\u00fcresi sonras\u0131n T\u00fcrkiye\u2019de kalacak ise<\/p>\n","protected":false},"author":1,"featured_media":0,"parent":18,"menu_order":0,"comment_status":"open","ping_status":"closed","template":"","meta":{"footnotes":""},"class_list":["post-55","page","type-page","status-publish","hentry"],"yoast_head":"<!-- This site is optimized with the Yoast SEO plugin v24.0 - https:\/\/yoast.com\/wordpress\/plugins\/seo\/ -->\n<title>Kanada T\u00fcrkiye&#039;de Oturum ve \u00c7al\u0131\u015fma \u0130zni - MyVize<\/title>\n<meta name=\"description\" content=\"Kanada T\u00fcrkiye&#039;de Oturum ve \u00c7al\u0131\u015fma \u0130zni Nas\u0131l Al\u0131n\u0131r? Kanada T\u00fcrkiye&#039;de Oturum ve \u00c7al\u0131\u015fma \u0130zni Hakk\u0131nda Bilgi Almak \u0130\u00e7in Hemen T\u0131kla.\" \/>\n<meta name=\"robots\" content=\"index, follow, max-snippet:-1, max-image-preview:large, max-video-preview:-1\" \/>\n<link rel=\"canonical\" href=\"https:\/\/www.myvize.com.tr\/kanada\/vize-islemleri\/turkiyede-oturum-ve-calisma-izni\/\" \/>\n<meta property=\"og:locale\" content=\"tr_TR\" \/>\n<meta property=\"og:type\" content=\"article\" \/>\n<meta property=\"og:title\" content=\"Kanada T\u00fcrkiye&#039;de Oturum ve \u00c7al\u0131\u015fma \u0130zni - MyVize\" \/>\n<meta property=\"og:description\" content=\"Kanada T\u00fcrkiye&#039;de Oturum ve \u00c7al\u0131\u015fma \u0130zni Nas\u0131l Al\u0131n\u0131r? Kanada T\u00fcrkiye&#039;de Oturum ve \u00c7al\u0131\u015fma \u0130zni Hakk\u0131nda Bilgi Almak \u0130\u00e7in Hemen T\u0131kla.\" \/>\n<meta property=\"og:url\" content=\"https:\/\/www.myvize.com.tr\/kanada\/vize-islemleri\/turkiyede-oturum-ve-calisma-izni\/\" \/>\n<meta property=\"og:site_name\" content=\"Kanada Vizesi\" \/>\n<meta property=\"article:modified_time\" content=\"2022-07-23T09:00:36+00:00\" \/>\n<meta property=\"og:image\" content=\"https:\/\/www.myvize.com.tr\/kanada\/wp-content\/uploads\/2021\/10\/27.jpg\" \/>\n<meta name=\"twitter:card\" content=\"summary_large_image\" \/>\n<meta name=\"twitter:label1\" content=\"Tahmini okuma s\u00fcresi\" \/>\n\t<meta name=\"twitter:data1\" content=\"3 dakika\" \/>\n<script type=\"application\/ld+json\" class=\"yoast-schema-graph\">{\"@context\":\"https:\/\/schema.org\",\"@graph\":[{\"@type\":\"WebPage\",\"@id\":\"https:\/\/www.myvize.com.tr\/kanada\/vize-islemleri\/turkiyede-oturum-ve-calisma-izni\/\",\"url\":\"https:\/\/www.myvize.com.tr\/kanada\/vize-islemleri\/turkiyede-oturum-ve-calisma-izni\/\",\"name\":\"Kanada T\u00fcrkiye'de Oturum ve \u00c7al\u0131\u015fma \u0130zni - MyVize\",\"isPartOf\":{\"@id\":\"https:\/\/www.myvize.com.tr\/kanada\/#website\"},\"primaryImageOfPage\":{\"@id\":\"https:\/\/www.myvize.com.tr\/kanada\/vize-islemleri\/turkiyede-oturum-ve-calisma-izni\/#primaryimage\"},\"image\":{\"@id\":\"https:\/\/www.myvize.com.tr\/kanada\/vize-islemleri\/turkiyede-oturum-ve-calisma-izni\/#primaryimage\"},\"thumbnailUrl\":\"https:\/\/www.myvize.com.tr\/kanada\/wp-content\/uploads\/2021\/10\/27.jpg\",\"datePublished\":\"2020-11-30T09:50:43+00:00\",\"dateModified\":\"2022-07-23T09:00:36+00:00\",\"description\":\"Kanada T\u00fcrkiye'de Oturum ve \u00c7al\u0131\u015fma \u0130zni Nas\u0131l Al\u0131n\u0131r? Kanada T\u00fcrkiye'de Oturum ve \u00c7al\u0131\u015fma \u0130zni Hakk\u0131nda Bilgi Almak \u0130\u00e7in Hemen T\u0131kla.\",\"breadcrumb\":{\"@id\":\"https:\/\/www.myvize.com.tr\/kanada\/vize-islemleri\/turkiyede-oturum-ve-calisma-izni\/#breadcrumb\"},\"inLanguage\":\"tr\",\"potentialAction\":[{\"@type\":\"ReadAction\",\"target\":[\"https:\/\/www.myvize.com.tr\/kanada\/vize-islemleri\/turkiyede-oturum-ve-calisma-izni\/\"]}]},{\"@type\":\"ImageObject\",\"inLanguage\":\"tr\",\"@id\":\"https:\/\/www.myvize.com.tr\/kanada\/vize-islemleri\/turkiyede-oturum-ve-calisma-izni\/#primaryimage\",\"url\":\"https:\/\/www.myvize.com.tr\/kanada\/wp-content\/uploads\/2021\/10\/27.jpg\",\"contentUrl\":\"https:\/\/www.myvize.com.tr\/kanada\/wp-content\/uploads\/2021\/10\/27.jpg\",\"width\":800,\"height\":500,\"caption\":\"Kanada T\u00fcrkiye'de Oturum ve \u00c7al\u0131\u015fma \u0130zni\"},{\"@type\":\"BreadcrumbList\",\"@id\":\"https:\/\/www.myvize.com.tr\/kanada\/vize-islemleri\/turkiyede-oturum-ve-calisma-izni\/#breadcrumb\",\"itemListElement\":[{\"@type\":\"ListItem\",\"position\":1,\"name\":\"Anasayfa\",\"item\":\"https:\/\/www.myvize.com.tr\/kanada\/\"},{\"@type\":\"ListItem\",\"position\":2,\"name\":\"V\u0130ZE \u0130\u015eLEMLER\u0130\",\"item\":\"https:\/\/www.myvize.com.tr\/kanada\/vize-islemleri\/\"},{\"@type\":\"ListItem\",\"position\":3,\"name\":\"T\u00fcrkiye&#8217;de Oturum ve \u00c7al\u0131\u015fma \u0130zni\"}]},{\"@type\":\"WebSite\",\"@id\":\"https:\/\/www.myvize.com.tr\/kanada\/#website\",\"url\":\"https:\/\/www.myvize.com.tr\/kanada\/\",\"name\":\"Kanada Vizesi\",\"description\":\"\",\"potentialAction\":[{\"@type\":\"SearchAction\",\"target\":{\"@type\":\"EntryPoint\",\"urlTemplate\":\"https:\/\/www.myvize.com.tr\/kanada\/?s={search_term_string}\"},\"query-input\":{\"@type\":\"PropertyValueSpecification\",\"valueRequired\":true,\"valueName\":\"search_term_string\"}}],\"inLanguage\":\"tr\"}]}<\/script>\n<!-- \/ Yoast SEO plugin. -->","yoast_head_json":{"title":"Kanada T\u00fcrkiye'de Oturum ve \u00c7al\u0131\u015fma \u0130zni - MyVize","description":"Kanada T\u00fcrkiye'de Oturum ve \u00c7al\u0131\u015fma \u0130zni Nas\u0131l Al\u0131n\u0131r? Kanada T\u00fcrkiye'de Oturum ve \u00c7al\u0131\u015fma \u0130zni Hakk\u0131nda Bilgi Almak \u0130\u00e7in Hemen T\u0131kla.","robots":{"index":"index","follow":"follow","max-snippet":"max-snippet:-1","max-image-preview":"max-image-preview:large","max-video-preview":"max-video-preview:-1"},"canonical":"https:\/\/www.myvize.com.tr\/kanada\/vize-islemleri\/turkiyede-oturum-ve-calisma-izni\/","og_locale":"tr_TR","og_type":"article","og_title":"Kanada T\u00fcrkiye'de Oturum ve \u00c7al\u0131\u015fma \u0130zni - MyVize","og_description":"Kanada T\u00fcrkiye'de Oturum ve \u00c7al\u0131\u015fma \u0130zni Nas\u0131l Al\u0131n\u0131r? Kanada T\u00fcrkiye'de Oturum ve \u00c7al\u0131\u015fma \u0130zni Hakk\u0131nda Bilgi Almak \u0130\u00e7in Hemen T\u0131kla.","og_url":"https:\/\/www.myvize.com.tr\/kanada\/vize-islemleri\/turkiyede-oturum-ve-calisma-izni\/","og_site_name":"Kanada Vizesi","article_modified_time":"2022-07-23T09:00:36+00:00","og_image":[{"url":"https:\/\/www.myvize.com.tr\/kanada\/wp-content\/uploads\/2021\/10\/27.jpg","type":"","width":"","height":""}],"twitter_card":"summary_large_image","twitter_misc":{"Tahmini okuma s\u00fcresi":"3 dakika"},"schema":{"@context":"https:\/\/schema.org","@graph":[{"@type":"WebPage","@id":"https:\/\/www.myvize.com.tr\/kanada\/vize-islemleri\/turkiyede-oturum-ve-calisma-izni\/","url":"https:\/\/www.myvize.com.tr\/kanada\/vize-islemleri\/turkiyede-oturum-ve-calisma-izni\/","name":"Kanada T\u00fcrkiye'de Oturum ve \u00c7al\u0131\u015fma \u0130zni - MyVize","isPartOf":{"@id":"https:\/\/www.myvize.com.tr\/kanada\/#website"},"primaryImageOfPage":{"@id":"https:\/\/www.myvize.com.tr\/kanada\/vize-islemleri\/turkiyede-oturum-ve-calisma-izni\/#primaryimage"},"image":{"@id":"https:\/\/www.myvize.com.tr\/kanada\/vize-islemleri\/turkiyede-oturum-ve-calisma-izni\/#primaryimage"},"thumbnailUrl":"https:\/\/www.myvize.com.tr\/kanada\/wp-content\/uploads\/2021\/10\/27.jpg","datePublished":"2020-11-30T09:50:43+00:00","dateModified":"2022-07-23T09:00:36+00:00","description":"Kanada T\u00fcrkiye'de Oturum ve \u00c7al\u0131\u015fma \u0130zni Nas\u0131l Al\u0131n\u0131r? Kanada T\u00fcrkiye'de Oturum ve \u00c7al\u0131\u015fma \u0130zni Hakk\u0131nda Bilgi Almak \u0130\u00e7in Hemen T\u0131kla.","breadcrumb":{"@id":"https:\/\/www.myvize.com.tr\/kanada\/vize-islemleri\/turkiyede-oturum-ve-calisma-izni\/#breadcrumb"},"inLanguage":"tr","potentialAction":[{"@type":"ReadAction","target":["https:\/\/www.myvize.com.tr\/kanada\/vize-islemleri\/turkiyede-oturum-ve-calisma-izni\/"]}]},{"@type":"ImageObject","inLanguage":"tr","@id":"https:\/\/www.myvize.com.tr\/kanada\/vize-islemleri\/turkiyede-oturum-ve-calisma-izni\/#primaryimage","url":"https:\/\/www.myvize.com.tr\/kanada\/wp-content\/uploads\/2021\/10\/27.jpg","contentUrl":"https:\/\/www.myvize.com.tr\/kanada\/wp-content\/uploads\/2021\/10\/27.jpg","width":800,"height":500,"caption":"Kanada T\u00fcrkiye'de Oturum ve \u00c7al\u0131\u015fma \u0130zni"},{"@type":"BreadcrumbList","@id":"https:\/\/www.myvize.com.tr\/kanada\/vize-islemleri\/turkiyede-oturum-ve-calisma-izni\/#breadcrumb","itemListElement":[{"@type":"ListItem","position":1,"name":"Anasayfa","item":"https:\/\/www.myvize.com.tr\/kanada\/"},{"@type":"ListItem","position":2,"name":"V\u0130ZE \u0130\u015eLEMLER\u0130","item":"https:\/\/www.myvize.com.tr\/kanada\/vize-islemleri\/"},{"@type":"ListItem","position":3,"name":"T\u00fcrkiye&#8217;de Oturum ve \u00c7al\u0131\u015fma \u0130zni"}]},{"@type":"WebSite","@id":"https:\/\/www.myvize.com.tr\/kanada\/#website","url":"https:\/\/www.myvize.com.tr\/kanada\/","name":"Kanada Vizesi","description":"","potentialAction":[{"@type":"SearchAction","target":{"@type":"EntryPoint","urlTemplate":"https:\/\/www.myvize.com.tr\/kanada\/?s={search_term_string}"},"query-input":{"@type":"PropertyValueSpecification","valueRequired":true,"valueName":"search_term_string"}}],"inLanguage":"tr"}]}},"_links":{"self":[{"href":"https:\/\/www.myvize.com.tr\/kanada\/wp-json\/wp\/v2\/pages\/55","targetHints":{"allow":["GET"]}}],"collection":[{"href":"https:\/\/www.myvize.com.tr\/kanada\/wp-json\/wp\/v2\/pages"}],"about":[{"href":"https:\/\/www.myvize.com.tr\/kanada\/wp-json\/wp\/v2\/types\/page"}],"author":[{"embeddable":true,"href":"https:\/\/www.myvize.com.tr\/kanada\/wp-json\/wp\/v2\/users\/1"}],"replies":[{"embeddable":true,"href":"https:\/\/www.myvize.com.tr\/kanada\/wp-json\/wp\/v2\/comments?post=55"}],"version-history":[{"count":6,"href":"https:\/\/www.myvize.com.tr\/kanada\/wp-json\/wp\/v2\/pages\/55\/revisions"}],"predecessor-version":[{"id":1217,"href":"https:\/\/www.myvize.com.tr\/kanada\/wp-json\/wp\/v2\/pages\/55\/revisions\/1217"}],"up":[{"embeddable":true,"href":"https:\/\/www.myvize.com.tr\/kanada\/wp-json\/wp\/v2\/pages\/18"}],"wp:attachment":[{"href":"https:\/\/www.myvize.com.tr\/kanada\/wp-json\/wp\/v2\/media?parent=55"}],"curies":[{"name":"wp","href":"https:\/\/api.w.org\/{rel}","templated":true}]}}