{"id":72,"date":"2020-11-30T12:59:09","date_gmt":"2020-11-30T09:59:09","guid":{"rendered":"https:\/\/www.myvize.com.tr\/kanada\/?page_id=72"},"modified":"2022-04-20T16:25:29","modified_gmt":"2022-04-20T13:25:29","slug":"ankara-buyukelciligi","status":"publish","type":"page","link":"https:\/\/www.myvize.com.tr\/kanada\/konsolosluklar\/ankara-buyukelciligi\/","title":{"rendered":"Kanada Ankara B\u00fcy\u00fckel\u00e7ili\u011fi"},"content":{"rendered":"<p><span style=\"font-family: Roboto;\"><\/span><\/p>\r\n<p><span style=\"font-family: Roboto; font-size: 14px;\"><strong>Kanada Ankara Konsoloslu\u011fu<\/strong>, T\u00fcrkiye\u2019de ya\u015fam\u0131n\u0131 s\u00fcrd\u00fcren Kanada vatanda\u015flar\u0131n\u0131n yasal haklar\u0131n\u0131n korunmas\u0131 sa\u011flayan yetkili kurumdur. Konsolosluk her t\u00fcrl\u00fc imza yetkisine sahip oldu\u011fu i\u00e7in kimlik \u00e7\u0131karma, kimlik yenileme gibi \u00f6nemli belgelerin d\u00fczenlenmesinde<strong> Kanada vatanda\u015flar\u0131na<\/strong> b\u00fcy\u00fck kolayl\u0131k sa\u011flar. Yetki alan\u0131 b\u00fcy\u00fck olan\u00a0<strong>Kanada\u00a0<\/strong><a><strong>konsoloslu\u011fu vize <\/strong><\/a>i\u015flemlerinin en h\u0131zl\u0131 \u015fekilde y\u00fcr\u00fct\u00fclmesini sa\u011flamaktad\u0131r. Kanada vatanda\u015flar\u0131n\u0131n yan\u0131 s\u0131ra Kanada\u2019ya gitme fikri olan her T\u00fcrk vatanda\u015f\u0131n\u0131n vize i\u015flemleri de <strong>Kanada Ankara konsoloslu\u011fu<\/strong> taraf\u0131ndan ger\u00e7ekle\u015ftirilmektedir. Ba\u015fvurular yap\u0131l\u0131r yap\u0131lmaz evraklar\u0131n dosyalanmas\u0131 ile birlikte vize s\u00fcre\u00e7leri ba\u015flamaktad\u0131r. Kanada vatanda\u015flar\u0131n\u0131n yasal belgeleri de konsolosluk taraf\u0131ndan resmile\u015ftirilmektedir. Do\u011fum, evlilik, bo\u015fanma ve \u00f6l\u00fcm halinde Kanada vatanda\u015flar\u0131 mutlaka duruma ili\u015fkin beyanat vermelidir.<\/span><\/p>\r\n<p><span style=\"font-family: Roboto; font-size: 14px;\">\r\n\r\n<\/span><\/p>\r\n<p><span style=\"font-family: Roboto; font-size: 14px;\"><strong>Kanada Ankara Konsoloslu\u011fu<\/strong> bir\u00e7ok konuda her iki \u00fclke vatanda\u015flar\u0131na sorunu \u00e7\u00f6zerek haklar\u0131n korunmas\u0131 da etkilidir. Akl\u0131n\u0131zdaki konulara ili\u015fkin bilgi almak i\u00e7in<strong>\u00a0Kanada\u00a0<\/strong><a><strong>konsoloslu\u011fu telefon\u00a0<\/strong><\/a><strong>numaras\u0131<\/strong>olan (0312) 409 27 00 hatt\u0131ndan ileti\u015fim kurabilirsiniz. Bunun yan\u0131 s\u0131ra\u00a0<strong>Kanada\u00a0<a>konsoloslu\u011fu adresi<\/a>\u00a0<\/strong>g\u00f6r\u00fc\u015fmelerinizi sa\u011flayabilmek ad\u0131na Aziziye Cinnah Sok. No: 58, 06690 \u00c7ankaya\/Ankara olarak a\u00e7\u0131k bir \u015fekilde belirtilmi\u015ftir.<\/span><\/p>\r\n<p><span style=\"font-family: Roboto;\"><\/span><\/p>\r\n<p><img decoding=\"async\" src=\"https:\/\/www.myvize.com.tr\/kanada\/wp-content\/uploads\/2021\/10\/29.jpg\" \/><\/p>\r\n<h2><span style=\"font-family: Roboto; font-size: 27px;\"><strong>Kanada Ankara B\u00fcy\u00fckel\u00e7ili\u011fi Randevu<\/strong><\/span><\/h2>\r\n<p><span style=\"font-family: Roboto; font-size: 14px;\"><strong>Kanada Ankara B\u00fcy\u00fckel\u00e7ili\u011fi<\/strong>, T\u00fcrkiye Cumhuriyet s\u0131n\u0131r\u0131 i\u00e7inde yer alan ve <strong>Kanada Devleti<\/strong> temsil eden resm\u00ee bir kurumtur. Ankara\u2019da yer alan B\u00fcy\u00fckel\u00e7ilik, Kanada-T\u00fcrkiye ili\u015fkisi ile ilgilenmekte. B\u00fcy\u00fckel\u00e7ili\u011fin hedefi aras\u0131nda bu 2 \u00fclke aras\u0131nda var olan dostluk ili\u015fkisi ve ekonomik, k\u00fclt\u00fcr, siyasi ili\u015fkisini ba\u015far\u0131l\u0131 bir seviyede tutma yer al\u0131r. T\u00fcrkiye Cumhuriyeti vatanda\u015f\u0131 Kanada \u00fclkesine yapaca\u011f\u0131 seyahat \u00f6ncesinde<span style=\"color: #2acec2;\"><strong><a style=\"color: #2acec2;\" href=\"https:\/\/www.myvize.com.tr\/kanada\/vize-islemleri\/kanada-vize-basvurusu\/\" target=\"_blank\" rel=\"noopener\"> Kanada vize ba\u015fvurusu<\/a><\/strong><\/span> i\u00e7in Ankara B\u00fcy\u00fckel\u00e7ili\u011fi\u2019ne m\u00fcracaat etme zorundad\u0131r. T\u00fcrkiye s\u0131n\u0131r\u0131 i\u00e7inde ikamet eden Kanada vatanda\u015f\u0131 evlenme, noter, do\u011fum, n\u00fcfus c\u00fczdan\u0131, askerlik ve vize gibi vatanda\u015fl\u0131k i\u015flemini Kanada Ankara B\u00fcy\u00fckel\u00e7ilikleri ile birlikte y\u00fcr\u00fctmekte. Ankara B\u00fcy\u00fckel\u00e7ili\u011fi <strong>Kanada vatanda\u015f\u0131<\/strong> taraf\u0131ndan yap\u0131lacak olan konsolosluk i\u015flemi i\u00e7in randevu \u015fart\u0131 ko\u015fmakta. <strong>Kanada Devleti<\/strong> i\u00e7in vize ba\u015fvurusu yapmak isteyen T\u00fcrkiye Cumhuriyeti vatanda\u015f\u0131n\u0131n ise biyometrik veri kay\u0131tlar\u0131 i\u00e7in <strong>Kanada vizesi<\/strong> ba\u015fvuru merkezinde randevu almas\u0131 gerekmekte. K\u0131sa s\u00fcre Kanada seyahati i\u00e7in vize ba\u015fvurusu do\u011frudan b\u00fcy\u00fckel\u00e7ili\u011fe yap\u0131lmamakta. Ankara B\u00fcy\u00fckel\u00e7ilikleri \u015fahsen yap\u0131lan k\u0131sa s\u00fcre vize ba\u015fvurusunu kabul etmemekte. K\u0131sa s\u00fcre <strong>Kanada vize ba\u015fvurular\u0131<\/strong> i\u00e7in yetkili vize merkezleri noktas\u0131na m\u00fcracaat etmelisiniz. Ayr\u0131ca b\u00fcy\u00fckel\u00e7ilik de bulunma amac\u0131n\u0131z g\u00f6re randevu alma i\u00e7in de yetkili vize merkezine ba\u015fvurabilirsiniz. Kanada B\u00fcy\u00fckel\u00e7ili\u011fi k\u0131sa s\u00fcreli veya uzun s\u00fcre<span style=\"color: #2acec2;\"><strong><a style=\"color: #2acec2;\" href=\"https:\/\/www.myvize.com.tr\/kanada\/vize-islemleri\/kanada-vizesi\/\" target=\"_blank\" rel=\"noopener\"> Kanada vizesi <\/a><\/strong><\/span>ba\u015fvurusunda bulunan ki\u015finin b\u00fcy\u00fckel\u00e7ilik taraf\u0131ndan belirlenen vize harc\u0131 bedelini yat\u0131rmas\u0131 gerekmekte. Vize bedeli yat\u0131rmayan ki\u015finin vize ba\u015fvurusu ge\u00e7ersiz say\u0131lmakd\u0131r. \u0130lgili kurumun bankahesaplar\u0131naa yat\u0131r\u0131lmas\u0131 gereken vize ba\u015fvuru \u00fccretlerinin \u00f6deme dekont vize ba\u015fvuru evrak\u0131 ile beraber b\u00fcy\u00fckel\u00e7ili\u011fe sunulmakta.<\/span><\/p>","protected":false},"excerpt":{"rendered":"<p>Kanada Ankara Konsoloslu\u011fu, T\u00fcrkiye\u2019de ya\u015fam\u0131n\u0131 s\u00fcrd\u00fcren Kanada vatanda\u015flar\u0131n\u0131n yasal haklar\u0131n\u0131n korunmas\u0131 sa\u011flayan yetkili kurumdur. Konsolosluk her t\u00fcrl\u00fc imza yetkisine sahip oldu\u011fu i\u00e7in kimlik \u00e7\u0131karma, kimlik yenileme gibi \u00f6nemli belgelerin d\u00fczenlenmesinde Kanada vatanda\u015flar\u0131na b\u00fcy\u00fck kolayl\u0131k sa\u011flar. Yetki alan\u0131 b\u00fcy\u00fck olan\u00a0Kanada\u00a0konsoloslu\u011fu vize i\u015flemlerinin en h\u0131zl\u0131 \u015fekilde y\u00fcr\u00fct\u00fclmesini sa\u011flamaktad\u0131r. Kanada vatanda\u015flar\u0131n\u0131n yan\u0131 s\u0131ra Kanada\u2019ya gitme fikri olan her<\/p>\n","protected":false},"author":1,"featured_media":0,"parent":69,"menu_order":0,"comment_status":"open","ping_status":"closed","template":"","meta":{"footnotes":""},"class_list":["post-72","page","type-page","status-publish","hentry"],"yoast_head":"<!-- This site is optimized with the Yoast SEO plugin v24.0 - https:\/\/yoast.com\/wordpress\/plugins\/seo\/ -->\n<title>Kanada Ankara B\u00fcy\u00fckel\u00e7ili\u011fi - MyVize<\/title>\n<meta name=\"description\" content=\"Kanada Ankara B\u00fcy\u00fckel\u00e7ili\u011fi Vize \u0130\u015flemleri - Kanada Ankara B\u00fcy\u00fckel\u00e7ili\u011fine Ula\u015fmak \u0130\u00e7in Hemen Bizi Aray\u0131n.\" \/>\n<meta name=\"robots\" content=\"index, follow, max-snippet:-1, max-image-preview:large, max-video-preview:-1\" \/>\n<link rel=\"canonical\" href=\"https:\/\/www.myvize.com.tr\/kanada\/konsolosluklar\/ankara-buyukelciligi\/\" \/>\n<meta property=\"og:locale\" content=\"tr_TR\" \/>\n<meta property=\"og:type\" content=\"article\" \/>\n<meta property=\"og:title\" content=\"Kanada Ankara B\u00fcy\u00fckel\u00e7ili\u011fi - MyVize\" \/>\n<meta property=\"og:description\" content=\"Kanada Ankara B\u00fcy\u00fckel\u00e7ili\u011fi Vize \u0130\u015flemleri - Kanada Ankara B\u00fcy\u00fckel\u00e7ili\u011fine Ula\u015fmak \u0130\u00e7in Hemen Bizi Aray\u0131n.\" \/>\n<meta property=\"og:url\" content=\"https:\/\/www.myvize.com.tr\/kanada\/konsolosluklar\/ankara-buyukelciligi\/\" \/>\n<meta property=\"og:site_name\" content=\"Kanada Vizesi\" \/>\n<meta property=\"article:modified_time\" content=\"2022-04-20T13:25:29+00:00\" \/>\n<meta property=\"og:image\" content=\"https:\/\/www.myvize.com.tr\/kanada\/wp-content\/uploads\/2021\/10\/29.jpg\" \/>\n<meta name=\"twitter:card\" content=\"summary_large_image\" \/>\n<meta name=\"twitter:label1\" content=\"Tahmini okuma s\u00fcresi\" \/>\n\t<meta name=\"twitter:data1\" content=\"2 dakika\" \/>\n<script type=\"application\/ld+json\" class=\"yoast-schema-graph\">{\"@context\":\"https:\/\/schema.org\",\"@graph\":[{\"@type\":\"WebPage\",\"@id\":\"https:\/\/www.myvize.com.tr\/kanada\/konsolosluklar\/ankara-buyukelciligi\/\",\"url\":\"https:\/\/www.myvize.com.tr\/kanada\/konsolosluklar\/ankara-buyukelciligi\/\",\"name\":\"Kanada Ankara B\u00fcy\u00fckel\u00e7ili\u011fi - MyVize\",\"isPartOf\":{\"@id\":\"https:\/\/www.myvize.com.tr\/kanada\/#website\"},\"primaryImageOfPage\":{\"@id\":\"https:\/\/www.myvize.com.tr\/kanada\/konsolosluklar\/ankara-buyukelciligi\/#primaryimage\"},\"image\":{\"@id\":\"https:\/\/www.myvize.com.tr\/kanada\/konsolosluklar\/ankara-buyukelciligi\/#primaryimage\"},\"thumbnailUrl\":\"https:\/\/www.myvize.com.tr\/kanada\/wp-content\/uploads\/2021\/10\/29.jpg\",\"datePublished\":\"2020-11-30T09:59:09+00:00\",\"dateModified\":\"2022-04-20T13:25:29+00:00\",\"description\":\"Kanada Ankara B\u00fcy\u00fckel\u00e7ili\u011fi Vize \u0130\u015flemleri - Kanada Ankara B\u00fcy\u00fckel\u00e7ili\u011fine Ula\u015fmak \u0130\u00e7in Hemen Bizi Aray\u0131n.\",\"breadcrumb\":{\"@id\":\"https:\/\/www.myvize.com.tr\/kanada\/konsolosluklar\/ankara-buyukelciligi\/#breadcrumb\"},\"inLanguage\":\"tr\",\"potentialAction\":[{\"@type\":\"ReadAction\",\"target\":[\"https:\/\/www.myvize.com.tr\/kanada\/konsolosluklar\/ankara-buyukelciligi\/\"]}]},{\"@type\":\"ImageObject\",\"inLanguage\":\"tr\",\"@id\":\"https:\/\/www.myvize.com.tr\/kanada\/konsolosluklar\/ankara-buyukelciligi\/#primaryimage\",\"url\":\"https:\/\/www.myvize.com.tr\/kanada\/wp-content\/uploads\/2021\/10\/29.jpg\",\"contentUrl\":\"https:\/\/www.myvize.com.tr\/kanada\/wp-content\/uploads\/2021\/10\/29.jpg\",\"width\":800,\"height\":500,\"caption\":\"Kanada Ankara B\u00fcy\u00fckel\u00e7ili\u011fi\"},{\"@type\":\"BreadcrumbList\",\"@id\":\"https:\/\/www.myvize.com.tr\/kanada\/konsolosluklar\/ankara-buyukelciligi\/#breadcrumb\",\"itemListElement\":[{\"@type\":\"ListItem\",\"position\":1,\"name\":\"Anasayfa\",\"item\":\"https:\/\/www.myvize.com.tr\/kanada\/\"},{\"@type\":\"ListItem\",\"position\":2,\"name\":\"KONSOLOSLUKLAR\",\"item\":\"https:\/\/www.myvize.com.tr\/kanada\/konsolosluklar\/\"},{\"@type\":\"ListItem\",\"position\":3,\"name\":\"Kanada Ankara B\u00fcy\u00fckel\u00e7ili\u011fi\"}]},{\"@type\":\"WebSite\",\"@id\":\"https:\/\/www.myvize.com.tr\/kanada\/#website\",\"url\":\"https:\/\/www.myvize.com.tr\/kanada\/\",\"name\":\"Kanada Vizesi\",\"description\":\"\",\"potentialAction\":[{\"@type\":\"SearchAction\",\"target\":{\"@type\":\"EntryPoint\",\"urlTemplate\":\"https:\/\/www.myvize.com.tr\/kanada\/?s={search_term_string}\"},\"query-input\":{\"@type\":\"PropertyValueSpecification\",\"valueRequired\":true,\"valueName\":\"search_term_string\"}}],\"inLanguage\":\"tr\"}]}<\/script>\n<!-- \/ Yoast SEO plugin. -->","yoast_head_json":{"title":"Kanada Ankara B\u00fcy\u00fckel\u00e7ili\u011fi - MyVize","description":"Kanada Ankara B\u00fcy\u00fckel\u00e7ili\u011fi Vize \u0130\u015flemleri - Kanada Ankara B\u00fcy\u00fckel\u00e7ili\u011fine Ula\u015fmak \u0130\u00e7in Hemen Bizi Aray\u0131n.","robots":{"index":"index","follow":"follow","max-snippet":"max-snippet:-1","max-image-preview":"max-image-preview:large","max-video-preview":"max-video-preview:-1"},"canonical":"https:\/\/www.myvize.com.tr\/kanada\/konsolosluklar\/ankara-buyukelciligi\/","og_locale":"tr_TR","og_type":"article","og_title":"Kanada Ankara B\u00fcy\u00fckel\u00e7ili\u011fi - MyVize","og_description":"Kanada Ankara B\u00fcy\u00fckel\u00e7ili\u011fi Vize \u0130\u015flemleri - Kanada Ankara B\u00fcy\u00fckel\u00e7ili\u011fine Ula\u015fmak \u0130\u00e7in Hemen Bizi Aray\u0131n.","og_url":"https:\/\/www.myvize.com.tr\/kanada\/konsolosluklar\/ankara-buyukelciligi\/","og_site_name":"Kanada Vizesi","article_modified_time":"2022-04-20T13:25:29+00:00","og_image":[{"url":"https:\/\/www.myvize.com.tr\/kanada\/wp-content\/uploads\/2021\/10\/29.jpg","type":"","width":"","height":""}],"twitter_card":"summary_large_image","twitter_misc":{"Tahmini okuma s\u00fcresi":"2 dakika"},"schema":{"@context":"https:\/\/schema.org","@graph":[{"@type":"WebPage","@id":"https:\/\/www.myvize.com.tr\/kanada\/konsolosluklar\/ankara-buyukelciligi\/","url":"https:\/\/www.myvize.com.tr\/kanada\/konsolosluklar\/ankara-buyukelciligi\/","name":"Kanada Ankara B\u00fcy\u00fckel\u00e7ili\u011fi - MyVize","isPartOf":{"@id":"https:\/\/www.myvize.com.tr\/kanada\/#website"},"primaryImageOfPage":{"@id":"https:\/\/www.myvize.com.tr\/kanada\/konsolosluklar\/ankara-buyukelciligi\/#primaryimage"},"image":{"@id":"https:\/\/www.myvize.com.tr\/kanada\/konsolosluklar\/ankara-buyukelciligi\/#primaryimage"},"thumbnailUrl":"https:\/\/www.myvize.com.tr\/kanada\/wp-content\/uploads\/2021\/10\/29.jpg","datePublished":"2020-11-30T09:59:09+00:00","dateModified":"2022-04-20T13:25:29+00:00","description":"Kanada Ankara B\u00fcy\u00fckel\u00e7ili\u011fi Vize \u0130\u015flemleri - Kanada Ankara B\u00fcy\u00fckel\u00e7ili\u011fine Ula\u015fmak \u0130\u00e7in Hemen Bizi Aray\u0131n.","breadcrumb":{"@id":"https:\/\/www.myvize.com.tr\/kanada\/konsolosluklar\/ankara-buyukelciligi\/#breadcrumb"},"inLanguage":"tr","potentialAction":[{"@type":"ReadAction","target":["https:\/\/www.myvize.com.tr\/kanada\/konsolosluklar\/ankara-buyukelciligi\/"]}]},{"@type":"ImageObject","inLanguage":"tr","@id":"https:\/\/www.myvize.com.tr\/kanada\/konsolosluklar\/ankara-buyukelciligi\/#primaryimage","url":"https:\/\/www.myvize.com.tr\/kanada\/wp-content\/uploads\/2021\/10\/29.jpg","contentUrl":"https:\/\/www.myvize.com.tr\/kanada\/wp-content\/uploads\/2021\/10\/29.jpg","width":800,"height":500,"caption":"Kanada Ankara B\u00fcy\u00fckel\u00e7ili\u011fi"},{"@type":"BreadcrumbList","@id":"https:\/\/www.myvize.com.tr\/kanada\/konsolosluklar\/ankara-buyukelciligi\/#breadcrumb","itemListElement":[{"@type":"ListItem","position":1,"name":"Anasayfa","item":"https:\/\/www.myvize.com.tr\/kanada\/"},{"@type":"ListItem","position":2,"name":"KONSOLOSLUKLAR","item":"https:\/\/www.myvize.com.tr\/kanada\/konsolosluklar\/"},{"@type":"ListItem","position":3,"name":"Kanada Ankara B\u00fcy\u00fckel\u00e7ili\u011fi"}]},{"@type":"WebSite","@id":"https:\/\/www.myvize.com.tr\/kanada\/#website","url":"https:\/\/www.myvize.com.tr\/kanada\/","name":"Kanada Vizesi","description":"","potentialAction":[{"@type":"SearchAction","target":{"@type":"EntryPoint","urlTemplate":"https:\/\/www.myvize.com.tr\/kanada\/?s={search_term_string}"},"query-input":{"@type":"PropertyValueSpecification","valueRequired":true,"valueName":"search_term_string"}}],"inLanguage":"tr"}]}},"_links":{"self":[{"href":"https:\/\/www.myvize.com.tr\/kanada\/wp-json\/wp\/v2\/pages\/72","targetHints":{"allow":["GET"]}}],"collection":[{"href":"https:\/\/www.myvize.com.tr\/kanada\/wp-json\/wp\/v2\/pages"}],"about":[{"href":"https:\/\/www.myvize.com.tr\/kanada\/wp-json\/wp\/v2\/types\/page"}],"author":[{"embeddable":true,"href":"https:\/\/www.myvize.com.tr\/kanada\/wp-json\/wp\/v2\/users\/1"}],"replies":[{"embeddable":true,"href":"https:\/\/www.myvize.com.tr\/kanada\/wp-json\/wp\/v2\/comments?post=72"}],"version-history":[{"count":5,"href":"https:\/\/www.myvize.com.tr\/kanada\/wp-json\/wp\/v2\/pages\/72\/revisions"}],"predecessor-version":[{"id":1172,"href":"https:\/\/www.myvize.com.tr\/kanada\/wp-json\/wp\/v2\/pages\/72\/revisions\/1172"}],"up":[{"embeddable":true,"href":"https:\/\/www.myvize.com.tr\/kanada\/wp-json\/wp\/v2\/pages\/69"}],"wp:attachment":[{"href":"https:\/\/www.myvize.com.tr\/kanada\/wp-json\/wp\/v2\/media?parent=72"}],"curies":[{"name":"wp","href":"https:\/\/api.w.org\/{rel}","templated":true}]}}