{"id":74,"date":"2020-11-30T13:02:26","date_gmt":"2020-11-30T10:02:26","guid":{"rendered":"https:\/\/www.myvize.com.tr\/kanada\/?page_id=74"},"modified":"2022-07-02T12:20:16","modified_gmt":"2022-07-02T09:20:16","slug":"antalya-konsoloslugu","status":"publish","type":"page","link":"https:\/\/www.myvize.com.tr\/kanada\/konsolosluklar\/antalya-konsoloslugu\/","title":{"rendered":"Kanada Antalya Konsoloslu\u011fu"},"content":{"rendered":"<h2><span style=\"font-family: Roboto; font-size: 27px;\"><strong>Kanada Antalya Konsoloslu\u011fu 2022<\/strong><\/span><\/h2>\n<p><span style=\"font-family: Roboto; font-size: 14px;\"><strong>Kanada Antalya Konsolosluklar\u0131<\/strong>, <strong>Antalya <\/strong>ve \u00e7evresi ikamet eden Kanada vatanda\u015f\u0131na hukuk, e\u011fitim, sa\u011fl\u0131k alan\u0131nda destek vermekte. Ayr\u0131ca Kanada vatanda\u015f\u0131na do\u011fum, \u00f6l\u00fcm, evlilik, kimlik, pasaport, ehliyet ve noter i\u015flemleri hizmeti vermekte. Ayr\u0131ca Kanada vatanda\u015f\u0131 vergi i\u015flemini de Kanada Antalya Konsoloslu\u011fu\u2019na yapabilmektedir.<\/span><br \/>\n<span style=\"font-family: Roboto; font-size: 14px;\">Bunun yan\u0131nda T\u00fcrkiye Cumhuriyeti vatanda\u015f\u0131na vize hizmeti vermektedir. Kanada\u2019ya seyahat etme isteyen T\u00fcrkiye Cumhuriyeti vatanda\u015f\u0131n\u0131n seyahati \u00f6ncesi seyahat t\u00fcr\u00fcne ve ama\u00e7lar\u0131na uygun vize ba\u015fvurusuna bulunmas\u0131 gerekmekte. Kanada\u2019y\u0131 ziyaret edecek ki\u015fi Kanada Antalya Konsoloslu\u011fa vize ba\u015fvurusun yapabilirler.<\/span><br \/>\n<span style=\"font-family: Roboto; font-size: 14px;\"><strong>Kanada Antalya Konsolosluk<\/strong> hafta i\u00e7i saat 08.00 ve 19.00 aras\u0131nda \u00e7al\u0131\u015fmakta. T\u00fcrkiye resmi tatilinde ve Kanada resm\u00ee tatilinde hizmet vermemektedir.<\/span><br \/>\n<span style=\"font-family: Roboto; font-size: 14px;\">Kanada Konsoloslu\u011fu vize i\u015fleminde tam yetkili kurumdur. Antalya geneline oturan vatanda\u015f <strong>Kanada Konsoloslu\u011fu<\/strong> Antalya merkeze ba\u015fvuruda bulunarak vizesi ile ilgili b\u00fct\u00fcn i\u015flemini ger\u00e7ekle\u015ftirebilir. Vize \u00f6ncesi vize i\u00e7in gerekli evrak hakk\u0131nda bilgi alabilinir ve vize ba\u015fvuru s\u00fcreci yak\u0131ndan takip edebilir. Vize hizmetlerinin yan\u0131 s\u0131ra Antalya\u2019da bulunan <strong>Kanada Konsolosluk<\/strong> arac\u0131l\u0131\u011f\u0131 ile vatanda\u015f pasaport \u00e7\u0131kartmak ve yenilemek i\u015flemi gibi i\u015flemi de ger\u00e7ekle\u015ftirebilir.<\/span><br \/>\n<span style=\"font-family: Roboto; font-size: 14px;\"><strong>Kanada Konsoloslu\u011fu Antalya<\/strong> hari\u00e7 bir\u00e7ok farkl\u0131 \u015fehirde vatanda\u015f\u0131na hizmet vermekte. Vatanda\u015f Kanada seyahatleri \u00f6ncesinde Konsolosluk ile ileti\u015fime ge\u00e7erek vize ve seyahat evrak\u0131 hakk\u0131nda detayl\u0131 bilgiye sahip olabilir. Kanada\u2019ya yap\u0131lacak seyahat i\u00e7in gerekli olan <span style=\"color: #2acec2;\"><strong><a style=\"color: #2acec2;\" href=\"https:\/\/www.myvize.com.tr\/kanada\/kanada-vize-ucreti\/\" target=\"_blank\" rel=\"noopener\">Kanada vize \u00fccreti <\/a><\/strong><\/span>yap\u0131lacak olan seyahat s\u00fcresi ile do\u011frudan ili\u015fkili.<\/span><\/p>\n<p><span style=\"font-family: Roboto; font-size: 14px;\"><img decoding=\"async\" src=\"https:\/\/www.myvize.com.tr\/kanada\/wp-content\/uploads\/2021\/10\/30.jpg\" \/><\/span><\/p>\n<h2><span style=\"font-family: Roboto; font-size: 27px;\"><strong>Kanada Antalya Konsolosu Kimdir?<\/strong><\/span><\/h2>\n<p><span style=\"font-family: Roboto; font-size: 14px;\"><strong>Kanada Antalya Konsoloslu\u011fu,<\/strong> Kanada\u2019 n\u0131n T\u00fcrkiye\u2019 de bulunan diplomatik olarak yetkilendirmedi\u011fi temsilciliklerinden biridir. Kanada Antalya\u2019 da resmi bir temsilcilik kurulmas\u0131na gerek g\u00f6rmedi\u011fi i\u00e7in gayri resmi olarak kurulmu\u015ftur. Kanada Antalya Konsoloslu\u011fu Antalya ili ve \u00e7evre illerinde yer alan yerel \u015firketlerin Kanada \u00fclkesinde yapacaklar\u0131 ticari faaliyetlerin y\u00f6netilmesinde, yeni ticari g\u00f6r\u00fc\u015fmelerin yap\u0131lmas\u0131nda ve farkl\u0131 i\u015f kollar\u0131nda yeni at\u0131l\u0131mlar\u0131n yap\u0131lmas\u0131na \u00f6nderlik ederek yard\u0131mc\u0131 olur.<\/span><\/p>\n<p><span style=\"font-family: Roboto; font-size: 14px;\">Kanada\u2019 n\u0131n Antalya Konsoloslu\u011funda \u015fu anda g\u00f6revli bir konsolos olmamakla birlikte ilerleyen y\u0131llarda ihtiya\u00e7 duyulursa Antalya\u2019 da i\u015f yapan i\u015f adamlar\u0131ndan birine b\u00f6yle bir teklif yap\u0131labilir ve Kanada Antalya Fahri Konsolosu olarak g\u00f6rev alabilir.<\/span><\/p>\n<p><span style=\"font-family: Roboto; font-size: 14px;\">Antalya konsoloslu\u011fu diplomatik bir yetkiye sahip olmad\u0131\u011f\u0131 i\u00e7in vize ba\u015fvurular\u0131nda veya ba\u015fvurular\u0131n de\u011ferlendirilmesi a\u015famas\u0131nda her hangi bir sorumlulu\u011fu da yoktur. Atanm\u0131\u015f bir fahri konsolos da bulunmad\u0131\u011f\u0131ndan Kanada vatanda\u015flar\u0131na da hizmet verilememektedir. Antalya ve \u00e7evre illerinde ya\u015fayan ve Kanada\u2019 ya seyahat etmek isteyenler vize i\u015flemlerini \u0130stanbul ve Ankara\u2019 da bulunan Kanada resmi temsilciliklerinden yapabilirler.<\/span><\/p>\n<h2><span style=\"font-family: Roboto; font-size: 27px;\"><strong>Kanada Antalya Konsoloslu\u011fu Vize \u0130\u015flemleri<\/strong><\/span><\/h2>\n<p><span style=\"font-family: Roboto; font-size: 14px;\"><strong>Kanada Antalya Konsoloslu\u011fu<\/strong> Kanada taraf\u0131ndan resmi bir kurum olarak g\u00f6r\u00fclmedi\u011fi i\u00e7in bir yetkili atamas\u0131 yap\u0131lmam\u0131\u015ft\u0131r. Bu sebeple vize ba\u015fvurular\u0131 ve vize i\u015flemleri burada yap\u0131lamamaktad\u0131r.<\/span><\/p>\n<p><span style=\"font-family: Roboto; font-size: 14px;\">Edirne ve \u00e7evre illerinde ya\u015fayan T\u00fcrkiye Cumhuriyeti vatanda\u015flar\u0131 ve T\u00fcrkiye\u2019 de oturum hakk\u0131 bulunan farkl\u0131 \u00fclkelerin vatanda\u015flar\u0131 da Kanada\u2019 ya yap\u0131lacak olan bir seyahat \u00f6ncesinde Ankara\u2019 da bulunan Kanada Ankara B\u00fcy\u00fckel\u00e7ili\u011finde veya \u0130stanbul\u2019 da bulunan Kanada \u0130stanbul Ba\u015fkonsoloslu\u011funda\u2019 ndan vize ba\u015fvurular\u0131nda bulunabilirler.<\/span><\/p>\n<p><span style=\"font-family: Roboto; font-size: 14px;\">Antalya gibi T\u00fcrkiye\u2019 de Kanada\u2019 ya ait bir konsoloslu\u011fun bulunmad\u0131\u011f\u0131 illerde vize ba\u015fvurular\u0131nda bulunmak ve di\u011fer vize i\u015flemlerini ger\u00e7ekle\u015ftirmek i\u00e7in Kanada Ba\u015fkonsoloslu\u011fu taraf\u0131ndan yetki verilmi\u015f yetkili ve konusunda uzman vize dan\u0131\u015fmanl\u0131k firmalar\u0131 ile irtibata ge\u00e7ilebilir. Vize ba\u015fvurular\u0131 i\u00e7in ve di\u011fer vize hizmetleri konusunda hizmet veren bu firmalar bulunulan ilden vize ba\u015fvurusu i\u00e7in gerekli i\u015flemeleri ger\u00e7ekle\u015ftirebilir, vize ba\u015fvuru formu ve vize ba\u015fvuru dosyas\u0131n\u0131n haz\u0131rlanmas\u0131nda yard\u0131mc\u0131 olurlar.<\/span><\/p>\n<h2><span style=\"font-family: Roboto; font-size: 27px;\"><strong>Kanada Antalya Konsoloslu\u011fu Vize Ba\u015fvurusu<\/strong><\/span><\/h2>\n<p><span style=\"font-family: Roboto; font-size: 14px;\">T\u00fcrkiye Cumhuriyeti vatanda\u015f\u0131 olup ge\u00e7erli bir pasaporta sahip ve her hangi bir su\u00e7a kar\u0131\u015fmam\u0131\u015f olan isteyen herkes <strong>Kanada\u2019 ya seyahat etmek<\/strong> i\u00e7in vize ba\u015fvurusunda bulunabilir. Vize ba\u015fvurusunda bulunmadan \u00f6nce yap\u0131lmas\u0131 planlanan seyahatin amac\u0131n\u0131n belirlenmesi ve bu amaca uygun olan bir vize i\u00e7in ba\u015fvuruda bulunulmas\u0131 gerekmektedir.\u00a0<\/span><\/p>\n<p><span style=\"font-family: Roboto; font-size: 14px;\">Vize ba\u015fvurular\u0131 iki farkl\u0131 \u015fekilde yap\u0131labilmektedir. Bunlardan biri yetkili bir vize dan\u0131\u015fmanl\u0131k firmas\u0131n\u0131n arac\u0131l\u0131\u011f\u0131 ile yap\u0131lan ba\u015fvurulard\u0131r. <strong>Kanada konsoloslu\u011fu<\/strong> yetkili vize dan\u0131\u015fmanl\u0131k firmalar\u0131 arac\u0131l\u0131\u011f\u0131 ile yap\u0131lan ba\u015fvurular\u0131 kabul edip i\u015fleme almaktad\u0131r. Vize ba\u015fvurusunda bulunmak i\u00e7in di\u011fer bir yol bireysel olarak ba\u015fvuruda bulunmakt\u0131r. Bunun i\u00e7in ilk olarak Kanada Konsoloslu\u011fu\u2019 nun resmi web sitesinde yer alana vize ba\u015fvuru formunun doldurulmas\u0131 gerekir. Sonras\u0131nda gerekli evraklar\u0131 haz\u0131rlayarak ve teslim ederek vize ba\u015fvurusu tamamlanm\u0131\u015f olur. Burada \u00f6nemli olan ba\u015fvuru formunun do\u011fru ve eksiksiz doldurulmas\u0131 ve evrak dosyas\u0131nda bir hata bulunmamas\u0131d\u0131r.<\/span><\/p>\n<h3><span style=\"font-family: Roboto; font-size: 24px;\"><strong>Kanada Antalya Konsoloslu\u011fu Vize Randevusu<\/strong><\/span><\/h3>\n<p><span style=\"font-family: Roboto; font-size: 14px;\">Kanada T\u00fcrkiye Cumhuriyeti vatanda\u015flar\u0131ndan bir pasaport fark\u0131 olmaks\u0131z\u0131n (bordo, gri, ye\u015fil) vize talebinde bulunmaktad\u0131r. 2021 y\u0131l\u0131 A\u011fustos ay\u0131na kadar vize ba\u015fvurular\u0131nda randevu almadan i\u015flemler ger\u00e7ekle\u015ftirilebiliyordu. Ancak 2021 y\u0131l\u0131 A\u011fustos ay\u0131ndan itibaren Kanada parmak izi uygulamas\u0131 istedi\u011fi \u00fclkeler aras\u0131nda T\u00fcrkiye\u2019 yi de eklemi\u015f durumdad\u0131r. Vize ba\u015fvurular\u0131nda haz\u0131rlanan dosya sonras\u0131nda parmak izi verilebilmesi i\u00e7in randevu al\u0131nmas\u0131 gerekmektedir.<\/span><\/p>\n<p><span style=\"font-family: Roboto; font-size: 14px;\"><strong>Kanada \u0130stanbul Ba\u015fkonsoloslu\u011fu<\/strong> vize i\u00e7in gerekli olan parmak izi uygulamas\u0131nda VSF Global adl\u0131 bir firmay\u0131 yetkili olarak k\u0131lm\u0131\u015f ve buradan randevu alarak parmak izinin sisteme kayd\u0131n\u0131n yap\u0131lmas\u0131n\u0131 istemi\u015ftir. Ki\u015fi 30 g\u00fcn \u00f6ncesinde sisteme bir kay\u0131t yapt\u0131r\u0131ld\u0131ysa b\u00f6yle bir kayda ihtiya\u00e7 olmayacakt\u0131r ancak VSF Global sisteminde kay\u0131tlar 30 g\u00fcn sonunda silindi\u011fi i\u00e7in daha \u00f6ncesinde yap\u0131lan kay\u0131tlar\u0131n tarihlerine dikkat edilmesi gerekmektedir.<\/span><\/p>\n<p><span style=\"font-family: Roboto; font-size: 14px;\">Kanada vize randevusundan \u00f6nce talep edilen vize i\u00e7in gerekli evraklar\u0131n haz\u0131rlanmas\u0131 gerekmektedir. Vize ba\u015fvuru randevusunu planlanan seyahatten en az 2 ay \u00f6ncesinde al\u0131nmas\u0131 seyahat tarihinde bir aksakl\u0131k olmamas\u0131 a\u00e7\u0131s\u0131ndan \u00f6nemli bir ayr\u0131nt\u0131d\u0131r.<\/span><\/p>\n","protected":false},"excerpt":{"rendered":"<p>Kanada Antalya Konsoloslu\u011fu 2022 Kanada Antalya Konsolosluklar\u0131, Antalya ve \u00e7evresi ikamet eden Kanada vatanda\u015f\u0131na hukuk, e\u011fitim, sa\u011fl\u0131k alan\u0131nda destek vermekte. Ayr\u0131ca Kanada vatanda\u015f\u0131na do\u011fum, \u00f6l\u00fcm, evlilik, kimlik, pasaport, ehliyet ve noter i\u015flemleri hizmeti vermekte. Ayr\u0131ca Kanada vatanda\u015f\u0131 vergi i\u015flemini de Kanada Antalya Konsoloslu\u011fu\u2019na yapabilmektedir. Bunun yan\u0131nda T\u00fcrkiye Cumhuriyeti vatanda\u015f\u0131na vize hizmeti vermektedir. Kanada\u2019ya seyahat etme<\/p>\n","protected":false},"author":1,"featured_media":0,"parent":69,"menu_order":0,"comment_status":"open","ping_status":"closed","template":"","meta":{"footnotes":""},"class_list":["post-74","page","type-page","status-publish","hentry"],"yoast_head":"<!-- This site is optimized with the Yoast SEO plugin v24.0 - https:\/\/yoast.com\/wordpress\/plugins\/seo\/ -->\n<title>Kanada Antalya Konsoloslu\u011fu - MyVize<\/title>\n<meta name=\"description\" content=\"Kanada Antalya Konsoloslu\u011fu \u0130leti\u015fim Bilgileri Telefon Numaras\u0131 Mail Adresi Bilgileri \u0130\u00e7erir. Kanada Vize Dan\u0131\u015fman\u0131 \u0130\u00e7in Hemen Aray\u0131n.\" \/>\n<meta name=\"robots\" content=\"index, follow, max-snippet:-1, max-image-preview:large, max-video-preview:-1\" \/>\n<link rel=\"canonical\" href=\"https:\/\/www.myvize.com.tr\/kanada\/konsolosluklar\/antalya-konsoloslugu\/\" \/>\n<meta property=\"og:locale\" content=\"tr_TR\" \/>\n<meta property=\"og:type\" content=\"article\" \/>\n<meta property=\"og:title\" content=\"Kanada Antalya Konsoloslu\u011fu - MyVize\" \/>\n<meta property=\"og:description\" content=\"Kanada Antalya Konsoloslu\u011fu \u0130leti\u015fim Bilgileri Telefon Numaras\u0131 Mail Adresi Bilgileri \u0130\u00e7erir. Kanada Vize Dan\u0131\u015fman\u0131 \u0130\u00e7in Hemen Aray\u0131n.\" \/>\n<meta property=\"og:url\" content=\"https:\/\/www.myvize.com.tr\/kanada\/konsolosluklar\/antalya-konsoloslugu\/\" \/>\n<meta property=\"og:site_name\" content=\"Kanada Vizesi\" \/>\n<meta property=\"article:modified_time\" content=\"2022-07-02T09:20:16+00:00\" \/>\n<meta property=\"og:image\" content=\"https:\/\/www.myvize.com.tr\/kanada\/wp-content\/uploads\/2021\/10\/30.jpg\" \/>\n<meta name=\"twitter:card\" content=\"summary_large_image\" \/>\n<meta name=\"twitter:label1\" content=\"Tahmini okuma s\u00fcresi\" \/>\n\t<meta name=\"twitter:data1\" content=\"4 dakika\" \/>\n<script type=\"application\/ld+json\" class=\"yoast-schema-graph\">{\"@context\":\"https:\/\/schema.org\",\"@graph\":[{\"@type\":\"WebPage\",\"@id\":\"https:\/\/www.myvize.com.tr\/kanada\/konsolosluklar\/antalya-konsoloslugu\/\",\"url\":\"https:\/\/www.myvize.com.tr\/kanada\/konsolosluklar\/antalya-konsoloslugu\/\",\"name\":\"Kanada Antalya Konsoloslu\u011fu - MyVize\",\"isPartOf\":{\"@id\":\"https:\/\/www.myvize.com.tr\/kanada\/#website\"},\"primaryImageOfPage\":{\"@id\":\"https:\/\/www.myvize.com.tr\/kanada\/konsolosluklar\/antalya-konsoloslugu\/#primaryimage\"},\"image\":{\"@id\":\"https:\/\/www.myvize.com.tr\/kanada\/konsolosluklar\/antalya-konsoloslugu\/#primaryimage\"},\"thumbnailUrl\":\"https:\/\/www.myvize.com.tr\/kanada\/wp-content\/uploads\/2021\/10\/30.jpg\",\"datePublished\":\"2020-11-30T10:02:26+00:00\",\"dateModified\":\"2022-07-02T09:20:16+00:00\",\"description\":\"Kanada Antalya Konsoloslu\u011fu \u0130leti\u015fim Bilgileri Telefon Numaras\u0131 Mail Adresi Bilgileri \u0130\u00e7erir. Kanada Vize Dan\u0131\u015fman\u0131 \u0130\u00e7in Hemen Aray\u0131n.\",\"breadcrumb\":{\"@id\":\"https:\/\/www.myvize.com.tr\/kanada\/konsolosluklar\/antalya-konsoloslugu\/#breadcrumb\"},\"inLanguage\":\"tr\",\"potentialAction\":[{\"@type\":\"ReadAction\",\"target\":[\"https:\/\/www.myvize.com.tr\/kanada\/konsolosluklar\/antalya-konsoloslugu\/\"]}]},{\"@type\":\"ImageObject\",\"inLanguage\":\"tr\",\"@id\":\"https:\/\/www.myvize.com.tr\/kanada\/konsolosluklar\/antalya-konsoloslugu\/#primaryimage\",\"url\":\"https:\/\/www.myvize.com.tr\/kanada\/wp-content\/uploads\/2021\/10\/30.jpg\",\"contentUrl\":\"https:\/\/www.myvize.com.tr\/kanada\/wp-content\/uploads\/2021\/10\/30.jpg\",\"width\":800,\"height\":500,\"caption\":\"Kanada Antalya Konsoloslu\u011fu\"},{\"@type\":\"BreadcrumbList\",\"@id\":\"https:\/\/www.myvize.com.tr\/kanada\/konsolosluklar\/antalya-konsoloslugu\/#breadcrumb\",\"itemListElement\":[{\"@type\":\"ListItem\",\"position\":1,\"name\":\"Anasayfa\",\"item\":\"https:\/\/www.myvize.com.tr\/kanada\/\"},{\"@type\":\"ListItem\",\"position\":2,\"name\":\"KONSOLOSLUKLAR\",\"item\":\"https:\/\/www.myvize.com.tr\/kanada\/konsolosluklar\/\"},{\"@type\":\"ListItem\",\"position\":3,\"name\":\"Kanada Antalya Konsoloslu\u011fu\"}]},{\"@type\":\"WebSite\",\"@id\":\"https:\/\/www.myvize.com.tr\/kanada\/#website\",\"url\":\"https:\/\/www.myvize.com.tr\/kanada\/\",\"name\":\"Kanada Vizesi\",\"description\":\"\",\"potentialAction\":[{\"@type\":\"SearchAction\",\"target\":{\"@type\":\"EntryPoint\",\"urlTemplate\":\"https:\/\/www.myvize.com.tr\/kanada\/?s={search_term_string}\"},\"query-input\":{\"@type\":\"PropertyValueSpecification\",\"valueRequired\":true,\"valueName\":\"search_term_string\"}}],\"inLanguage\":\"tr\"}]}<\/script>\n<!-- \/ Yoast SEO plugin. -->","yoast_head_json":{"title":"Kanada Antalya Konsoloslu\u011fu - MyVize","description":"Kanada Antalya Konsoloslu\u011fu \u0130leti\u015fim Bilgileri Telefon Numaras\u0131 Mail Adresi Bilgileri \u0130\u00e7erir. Kanada Vize Dan\u0131\u015fman\u0131 \u0130\u00e7in Hemen Aray\u0131n.","robots":{"index":"index","follow":"follow","max-snippet":"max-snippet:-1","max-image-preview":"max-image-preview:large","max-video-preview":"max-video-preview:-1"},"canonical":"https:\/\/www.myvize.com.tr\/kanada\/konsolosluklar\/antalya-konsoloslugu\/","og_locale":"tr_TR","og_type":"article","og_title":"Kanada Antalya Konsoloslu\u011fu - MyVize","og_description":"Kanada Antalya Konsoloslu\u011fu \u0130leti\u015fim Bilgileri Telefon Numaras\u0131 Mail Adresi Bilgileri \u0130\u00e7erir. Kanada Vize Dan\u0131\u015fman\u0131 \u0130\u00e7in Hemen Aray\u0131n.","og_url":"https:\/\/www.myvize.com.tr\/kanada\/konsolosluklar\/antalya-konsoloslugu\/","og_site_name":"Kanada Vizesi","article_modified_time":"2022-07-02T09:20:16+00:00","og_image":[{"url":"https:\/\/www.myvize.com.tr\/kanada\/wp-content\/uploads\/2021\/10\/30.jpg","type":"","width":"","height":""}],"twitter_card":"summary_large_image","twitter_misc":{"Tahmini okuma s\u00fcresi":"4 dakika"},"schema":{"@context":"https:\/\/schema.org","@graph":[{"@type":"WebPage","@id":"https:\/\/www.myvize.com.tr\/kanada\/konsolosluklar\/antalya-konsoloslugu\/","url":"https:\/\/www.myvize.com.tr\/kanada\/konsolosluklar\/antalya-konsoloslugu\/","name":"Kanada Antalya Konsoloslu\u011fu - MyVize","isPartOf":{"@id":"https:\/\/www.myvize.com.tr\/kanada\/#website"},"primaryImageOfPage":{"@id":"https:\/\/www.myvize.com.tr\/kanada\/konsolosluklar\/antalya-konsoloslugu\/#primaryimage"},"image":{"@id":"https:\/\/www.myvize.com.tr\/kanada\/konsolosluklar\/antalya-konsoloslugu\/#primaryimage"},"thumbnailUrl":"https:\/\/www.myvize.com.tr\/kanada\/wp-content\/uploads\/2021\/10\/30.jpg","datePublished":"2020-11-30T10:02:26+00:00","dateModified":"2022-07-02T09:20:16+00:00","description":"Kanada Antalya Konsoloslu\u011fu \u0130leti\u015fim Bilgileri Telefon Numaras\u0131 Mail Adresi Bilgileri \u0130\u00e7erir. Kanada Vize Dan\u0131\u015fman\u0131 \u0130\u00e7in Hemen Aray\u0131n.","breadcrumb":{"@id":"https:\/\/www.myvize.com.tr\/kanada\/konsolosluklar\/antalya-konsoloslugu\/#breadcrumb"},"inLanguage":"tr","potentialAction":[{"@type":"ReadAction","target":["https:\/\/www.myvize.com.tr\/kanada\/konsolosluklar\/antalya-konsoloslugu\/"]}]},{"@type":"ImageObject","inLanguage":"tr","@id":"https:\/\/www.myvize.com.tr\/kanada\/konsolosluklar\/antalya-konsoloslugu\/#primaryimage","url":"https:\/\/www.myvize.com.tr\/kanada\/wp-content\/uploads\/2021\/10\/30.jpg","contentUrl":"https:\/\/www.myvize.com.tr\/kanada\/wp-content\/uploads\/2021\/10\/30.jpg","width":800,"height":500,"caption":"Kanada Antalya Konsoloslu\u011fu"},{"@type":"BreadcrumbList","@id":"https:\/\/www.myvize.com.tr\/kanada\/konsolosluklar\/antalya-konsoloslugu\/#breadcrumb","itemListElement":[{"@type":"ListItem","position":1,"name":"Anasayfa","item":"https:\/\/www.myvize.com.tr\/kanada\/"},{"@type":"ListItem","position":2,"name":"KONSOLOSLUKLAR","item":"https:\/\/www.myvize.com.tr\/kanada\/konsolosluklar\/"},{"@type":"ListItem","position":3,"name":"Kanada Antalya Konsoloslu\u011fu"}]},{"@type":"WebSite","@id":"https:\/\/www.myvize.com.tr\/kanada\/#website","url":"https:\/\/www.myvize.com.tr\/kanada\/","name":"Kanada Vizesi","description":"","potentialAction":[{"@type":"SearchAction","target":{"@type":"EntryPoint","urlTemplate":"https:\/\/www.myvize.com.tr\/kanada\/?s={search_term_string}"},"query-input":{"@type":"PropertyValueSpecification","valueRequired":true,"valueName":"search_term_string"}}],"inLanguage":"tr"}]}},"_links":{"self":[{"href":"https:\/\/www.myvize.com.tr\/kanada\/wp-json\/wp\/v2\/pages\/74","targetHints":{"allow":["GET"]}}],"collection":[{"href":"https:\/\/www.myvize.com.tr\/kanada\/wp-json\/wp\/v2\/pages"}],"about":[{"href":"https:\/\/www.myvize.com.tr\/kanada\/wp-json\/wp\/v2\/types\/page"}],"author":[{"embeddable":true,"href":"https:\/\/www.myvize.com.tr\/kanada\/wp-json\/wp\/v2\/users\/1"}],"replies":[{"embeddable":true,"href":"https:\/\/www.myvize.com.tr\/kanada\/wp-json\/wp\/v2\/comments?post=74"}],"version-history":[{"count":6,"href":"https:\/\/www.myvize.com.tr\/kanada\/wp-json\/wp\/v2\/pages\/74\/revisions"}],"predecessor-version":[{"id":1209,"href":"https:\/\/www.myvize.com.tr\/kanada\/wp-json\/wp\/v2\/pages\/74\/revisions\/1209"}],"up":[{"embeddable":true,"href":"https:\/\/www.myvize.com.tr\/kanada\/wp-json\/wp\/v2\/pages\/69"}],"wp:attachment":[{"href":"https:\/\/www.myvize.com.tr\/kanada\/wp-json\/wp\/v2\/media?parent=74"}],"curies":[{"name":"wp","href":"https:\/\/api.w.org\/{rel}","templated":true}]}}