{"id":82,"date":"2020-11-30T13:04:43","date_gmt":"2020-11-30T10:04:43","guid":{"rendered":"https:\/\/www.myvize.com.tr\/kanada\/?page_id=82"},"modified":"2022-12-27T20:35:23","modified_gmt":"2022-12-27T17:35:23","slug":"bursa-fahri-konsoloslugu","status":"publish","type":"page","link":"https:\/\/www.myvize.com.tr\/kanada\/konsolosluklar\/bursa-fahri-konsoloslugu\/","title":{"rendered":"Kanada Bursa Konsoloslu\u011fu"},"content":{"rendered":"<h2><span style=\"font-family: Roboto; font-size: 27px;\"><strong>Kanada Bursa Konsoloslu\u011fu Hakk\u0131nda<\/strong><\/span><\/h2>\n<p><span style=\"font-family: Roboto; font-size: 14px;\"><strong>Kanada Bursa Fahri Konsoloslu\u011fu<\/strong>, Kanada\u2019n\u0131n T\u00fcrkiye bulunan ve diplomat olmayan temsilcili\u011finden birisidir. Bursa\u2019da Kanada ba\u015fkonsolosluk ve konsoloslu\u011fu kurulmas\u0131 gerek g\u00f6r\u00fclmedi\u011fi i\u00e7in Kanada ad\u0131n Bursa ve \u00e7evresindeki ticari faaliyeti y\u00f6netmesi ve yeni ticari i\u015f birli\u011fi yapmas\u0131 i\u00e7in Kanada Bursa Fahri Konsoloslu\u011fu kurulmu\u015ftur.<\/span><br \/>\n<span style=\"font-family: Roboto; font-size: 14px;\">Kanada Bursa Fahri Konsoloslu\u011fu\u2019nun birin ve en \u00f6nemli amac\u0131, Kanada ve Bursa \u00e7evresinde ki ticari ili\u015fkisi y\u00f6netmektir. T\u00fcrkiye ve Kanada aras\u0131 yeni yat\u0131r\u0131m alan\u0131, ticari ve ekonomik i\u015f birli\u011fi ortaya \u00e7\u0131karmakt\u0131r. Kanada\u2019n\u0131n b\u00f6lgede ki ekonomi \u00e7\u0131kar\u0131n\u0131 g\u00f6zetmekte.<\/span><br \/>\n<span style=\"font-family: Roboto; font-size: 14px;\"><strong>Kanada Bursa Fahri Konsoloslu\u011fa<\/strong> diplomatik bir yetki verilmedi\u011finde dolay\u0131, vize ba\u015fvurusunu kabul etmek ve de\u011ferlendirmek yetkisi yoktur. Sadece acil durumda Kanada vatanda\u015f\u0131na kopya ve belge tasdiki i\u015flemi yapmaktad\u0131r. <span style=\"color: #2acec2;\"><strong><a style=\"color: #2acec2;\" href=\"https:\/\/www.myvize.com.tr\/kanada\/vize-islemleri\/kanada-vize-basvurusu\/\" target=\"_blank\" rel=\"noopener\">Kanada Vize ba\u015fvurusu<\/a><\/strong><\/span> yapacak olan T\u00fcrkiye Cumhuriyeti vatanda\u015f\u0131 ba\u015fvurusunu Kanada Ba\u015fkonsoloslu\u011fu\u2019na ya da B\u00fcy\u00fckel\u00e7ili\u011fe yapmal\u0131d\u0131r. \u00a0 Kanada\u2019ya seyahat edecek olan T\u00fcrk vatanda\u015f\u0131, <strong>Kanada vize<\/strong> ba\u015fvurusunu Kanada\u2019n\u0131n T\u00fcrkiye\u2019de bulunan diplomat temsilcili\u011fine yapabilir.<\/span><br \/>\n<span style=\"font-family: Roboto; font-size: 14px;\">\u00a0Kanada\u2019n\u0131n Bursa\u2019da bulunan Fahri Konsoloslu\u011funu hafta i\u00e7i her g\u00fcn saat 09.00 ve 16.30 aras\u0131 hizmet vermektedir.<\/span><br \/>\n<span style=\"font-family: Roboto; font-size: 14px;\"><strong>Kanada Bursa Fahri Konsoloslu\u011fu<\/strong> vize ba\u015fvurusu kabul etmemektedir. Vize ba\u015fvuru yetkilendirilmi\u015f vize ba\u015fvuru merkezleri, konsolosluk ve ba\u015fkonsolosluk taraf\u0131nda kabul edilmekte. Vize ba\u015fvurusuna karar verme yetkisi b\u00fcy\u00fckel\u00e7ili\u011fe aittir. Kanada Bursa Fahri Konsoloslu\u011fa vize i\u015flemi ve s\u00fcreci hakk\u0131nda bilgi vermektedir. <strong>Kanada Bursa Fahri Konsolosluk<\/strong> vize ba\u015fvurusunu kabul etmemektedir.<\/span><\/p>\n<h2><strong><span style=\"font-family: Roboto; font-size: 27px;\">Kanada Bursa Konsolosu Kimdir?<\/span><\/strong><\/h2>\n<p><span style=\"font-family: Roboto; font-size: 14px;\"><span style=\"color: #2acec2;\"><strong><a style=\"color: #2acec2;\" href=\"https:\/\/www.myvize.com.tr\/kanada\/vize-islemleri\/kanada-vizesi\/\" target=\"_blank\" rel=\"noopener\">Kanada vizesi<\/a><\/strong><\/span> almak isteyenler\u00a0<strong>Kanada Bursa konsolosu kimdir<\/strong>\u00a0diye merak etmektedir. Kanada\u2019n\u0131n \u00fclkemizde yer alan temsilciliklerinden biri de Bursa fahri konsoloslu\u011fu olmaktad\u0131r. Konsoloslu\u011fun y\u00f6neticisi ise Kanada Bursa fahri konsolosudur. Kanada\u2019n\u0131n Bursa fahri konsoloslu\u011funun kim oldu\u011fu hakk\u0131nda net bir bilgi yoktur. Fakat Kanada Bursa konsolosunun <strong>Kanada vatanda\u015f\u0131 olma<\/strong> zorunlulu\u011fu yoktur. Bu y\u00fczden b\u00f6lgedeki sanat\u00e7\u0131, i\u015f adamlar\u0131, bilim adam\u0131 gibi m\u00fchim bireyler aras\u0131ndan se\u00e7ilmektedir. Konsolosun temel amac\u0131 b\u00f6lgedeki T\u00fcrkiye ve Kanada ticari ortakl\u0131\u011f\u0131n\u0131 g\u00fc\u00e7lendirmek ve art\u0131rmakt\u0131r. B\u00f6lgede Kanada ad\u0131na yeni yat\u0131r\u0131m yerleri ve yeni ticari i\u015f birlikleri ortaya koymay\u0131 hedeflemektedir. Buna ek olarak Kanada k\u00fclt\u00fcr\u00fcn\u00fc Bursa ve \u00e7evre illerde tan\u0131tmaktad\u0131r. Kanada Bursa konsolosu, \u00fclkenin Ankara B\u00fcy\u00fckel\u00e7ili\u011fine ba\u011fl\u0131 \u015fekilde \u00e7al\u0131\u015fmalar\u0131n\u0131 y\u00fcr\u00fctmektedir. B\u00fcy\u00fckel\u00e7inin verdi\u011fi g\u00f6revleri yerine getirir. Bursa konsolosunun diplomatik bir yetkisi yoktur. Gerekli hallerde Kanada vatanda\u015flar\u0131na konsolosluk hizmetlerinde destek olunmaktad\u0131r. Vize ba\u015fvurular\u0131 da bu merkez \u00fczerinden y\u00fcr\u00fct\u00fclmektedir.<\/span><\/p>\n<h2><strong><span style=\"font-family: Roboto; font-size: 27px;\">Kanada Bursa Konsoloslu\u011fu Vize \u0130\u015flemleri<\/span><\/strong><\/h2>\n<p><span style=\"font-family: Roboto; font-size: 14px;\">Kanada\u2019n\u0131n \u00fclkemizde yer alan temsilci\u011fi Kanada Bursa konsoloslu\u011funa \u00e7e\u015fitli resmi i\u015flemler yap\u0131labilmektedir. Konsolosluk, hem T\u00fcrk vatanda\u015flar\u0131na hem de Kanada vatanda\u015flar\u0131na hizmet vermektedir.\u00a0<strong>Kanada Bursa konsoloslu\u011fu vize i\u015flemleri\u00a0<\/strong>haricinde \u00e7e\u015fitli vatanda\u015fl\u0131k i\u015flemleri hususunda da hizmet sa\u011flamaktad\u0131r. Kanada Bursa konsoloslu\u011funda vize i\u015flemleri yapacak olan bireyler ara\u015ft\u0131rma yapmaktalar. <strong>Kanada Bursa konsoloslu\u011fu<\/strong> vize uygulamalar\u0131 i\u00e7in ilk olarak seyahat amac\u0131n\u0131za uygun olan vize \u00e7e\u015fidini tespit etmeniz laz\u0131md\u0131r. Vize ba\u015fvurusu i\u00e7in \u00e7evrimi\u00e7i olarak sunulan vize ba\u015fvuru formunu doldurman\u0131z gerekmektedir. Kanada Bursa konsoloslu\u011fu vize ba\u015fvuru formunu dolduran bireyler, konsolosluk ile ileti\u015fim kurarak vize randevusu almal\u0131lar. Randevu zaman\u0131na dek konsoloslu\u011fun istedi\u011fi evraklar\u0131n teslim edilmesi gerekmektedir. Bununla beraber ba\u015fvuru s\u0131ras\u0131nda parmak izi verilmesi gerekmektedir. Ba\u015fvurular\u0131 de\u011ferlendirme ve inceleme yetkisi Ankara b\u00fcy\u00fckel\u00e7ili\u011findedir. Bursa ve \u00e7evre kentlerde ya\u015fayan ve Kanada konsolosluk i\u015flemleri ger\u00e7ekle\u015ftirecek olanlar, ba\u015fvurular\u0131n\u0131 Kanada Bursa konsoloslu\u011funa yapmal\u0131lar. Randevu ald\u0131ktan sonra m\u00fcracaat edilebilecektir.<\/span><\/p>\n<h3><strong><span style=\"font-family: Roboto; font-size: 24px;\">Kanada Bursa Konsoloslu\u011fu Vize Ba\u015fvurusu<\/span><\/strong><\/h3>\n<p><span style=\"font-family: Roboto; font-size: 14px;\"><strong>Kanada vizesi<\/strong> edinmek i\u00e7in ilk olarak\u00a0<strong>Kanada Bursa konsoloslu\u011fu vize ba\u015fvurusu<\/strong>\u00a0yap\u0131lmas\u0131 laz\u0131md\u0131r. Bursa\u2019da ve \u00e7evre kentlerde ya\u015fayan bireyler vize ba\u015fvurular\u0131n\u0131 Bursa konsoloslu\u011funa yapmal\u0131lar. Konsolosluk i\u015flemleri, ger\u00e7ekle\u015ftirilecek i\u015fleme g\u00f6re \u00e7e\u015fitlilik g\u00f6sterir. Kanada Bursa konsoloslu\u011fu ba\u015fvuru i\u015flemleri yap\u0131labilmesi i\u00e7in pek \u00e7ok farkl\u0131 prosed\u00fcr vard\u0131r. Ba\u015fvuru yapacak bireylerin ilk olarak Kanada Bursa konsoloslu\u011fundan randevu almalar\u0131 gerekir. Randevusuz \u015fekilde vatanda\u015fl\u0131k i\u015fleri ve vize i\u015flemleri i\u00e7in m\u00fcracaat kabul edilmemektedir. Bundan dolay\u0131 ihtiya\u00e7 duydu\u011funuz hizmet i\u00e7in ilk etapta randevu olu\u015fturman\u0131z gerekmektedir. <strong>Kanada Bursa konsoloslu\u011fu<\/strong> ba\u015fvuru ger\u00e7ekle\u015ftirecek bireylerin kimlik belgeleri, pasaportlar\u0131 ve di\u011fer \u00f6nemli evraklar\u0131 yanlar\u0131nda getirmeleri gerekmektedir. Ba\u015fvurular i\u00e7in talep edilen belgelerin eksiksiz ve g\u00fcncel olmas\u0131 \u00f6nemli bir detayd\u0131r. Aksi durumda ba\u015fvurular de\u011ferlendirmeye al\u0131nmayacakt\u0131r. Tutars\u0131z belge ve bilgi sunan ki\u015filerin ba\u015fvurular\u0131 da reddedilebilir. Bundan dolay\u0131 belgelerin do\u011frulu\u011fundan ve tutarl\u0131 oldu\u011fundan emin olmal\u0131s\u0131n\u0131z. Ard\u0131ndan randevu kayd\u0131n\u0131 olu\u015fturarak i\u015flemlere ba\u015flayabilirsiniz.<\/span><\/p>\n<p><span style=\"font-family: Roboto; font-size: 14px;\"><img decoding=\"async\" src=\"https:\/\/www.myvize.com.tr\/kanada\/wp-content\/uploads\/2021\/10\/34.jpg\" \/><\/span><\/p>\n","protected":false},"excerpt":{"rendered":"<p>Kanada Bursa Konsoloslu\u011fu Hakk\u0131nda Kanada Bursa Fahri Konsoloslu\u011fu, Kanada\u2019n\u0131n T\u00fcrkiye bulunan ve diplomat olmayan temsilcili\u011finden birisidir. Bursa\u2019da Kanada ba\u015fkonsolosluk ve konsoloslu\u011fu kurulmas\u0131 gerek g\u00f6r\u00fclmedi\u011fi i\u00e7in Kanada ad\u0131n Bursa ve \u00e7evresindeki ticari faaliyeti y\u00f6netmesi ve yeni ticari i\u015f birli\u011fi yapmas\u0131 i\u00e7in Kanada Bursa Fahri Konsoloslu\u011fu kurulmu\u015ftur. Kanada Bursa Fahri Konsoloslu\u011fu\u2019nun birin ve en \u00f6nemli amac\u0131, Kanada<\/p>\n","protected":false},"author":1,"featured_media":0,"parent":69,"menu_order":0,"comment_status":"open","ping_status":"closed","template":"","meta":{"footnotes":""},"class_list":["post-82","page","type-page","status-publish","hentry"],"yoast_head":"<!-- This site is optimized with the Yoast SEO plugin v24.0 - https:\/\/yoast.com\/wordpress\/plugins\/seo\/ -->\n<title>Kanada Bursa Fahri Konsoloslu\u011fu - MyVize<\/title>\n<meta name=\"description\" content=\"Kanada Bursa Fahri Konsoloslu\u011fu Vize \u0130\u015flemleri Nelerdir? Kanada Bursa Fahri Konsoloslu\u011fu Nerededir? Bilgi \u0130\u00e7in Bizi Aray\u0131n: 0850 346 84 93\" \/>\n<meta name=\"robots\" content=\"index, follow, max-snippet:-1, max-image-preview:large, max-video-preview:-1\" \/>\n<link rel=\"canonical\" href=\"https:\/\/www.myvize.com.tr\/kanada\/konsolosluklar\/bursa-fahri-konsoloslugu\/\" \/>\n<meta property=\"og:locale\" content=\"tr_TR\" \/>\n<meta property=\"og:type\" content=\"article\" \/>\n<meta property=\"og:title\" content=\"Kanada Bursa Fahri Konsoloslu\u011fu - MyVize\" \/>\n<meta property=\"og:description\" content=\"Kanada Bursa Fahri Konsoloslu\u011fu Vize \u0130\u015flemleri Nelerdir? Kanada Bursa Fahri Konsoloslu\u011fu Nerededir? Bilgi \u0130\u00e7in Bizi Aray\u0131n: 0850 346 84 93\" \/>\n<meta property=\"og:url\" content=\"https:\/\/www.myvize.com.tr\/kanada\/konsolosluklar\/bursa-fahri-konsoloslugu\/\" \/>\n<meta property=\"og:site_name\" content=\"Kanada Vizesi\" \/>\n<meta property=\"article:modified_time\" content=\"2022-12-27T17:35:23+00:00\" \/>\n<meta property=\"og:image\" content=\"https:\/\/www.myvize.com.tr\/kanada\/wp-content\/uploads\/2021\/10\/34.jpg\" \/>\n<meta name=\"twitter:card\" content=\"summary_large_image\" \/>\n<meta name=\"twitter:label1\" content=\"Tahmini okuma s\u00fcresi\" \/>\n\t<meta name=\"twitter:data1\" content=\"4 dakika\" \/>\n<script type=\"application\/ld+json\" class=\"yoast-schema-graph\">{\"@context\":\"https:\/\/schema.org\",\"@graph\":[{\"@type\":\"WebPage\",\"@id\":\"https:\/\/www.myvize.com.tr\/kanada\/konsolosluklar\/bursa-fahri-konsoloslugu\/\",\"url\":\"https:\/\/www.myvize.com.tr\/kanada\/konsolosluklar\/bursa-fahri-konsoloslugu\/\",\"name\":\"Kanada Bursa Fahri Konsoloslu\u011fu - MyVize\",\"isPartOf\":{\"@id\":\"https:\/\/www.myvize.com.tr\/kanada\/#website\"},\"primaryImageOfPage\":{\"@id\":\"https:\/\/www.myvize.com.tr\/kanada\/konsolosluklar\/bursa-fahri-konsoloslugu\/#primaryimage\"},\"image\":{\"@id\":\"https:\/\/www.myvize.com.tr\/kanada\/konsolosluklar\/bursa-fahri-konsoloslugu\/#primaryimage\"},\"thumbnailUrl\":\"https:\/\/www.myvize.com.tr\/kanada\/wp-content\/uploads\/2021\/10\/34.jpg\",\"datePublished\":\"2020-11-30T10:04:43+00:00\",\"dateModified\":\"2022-12-27T17:35:23+00:00\",\"description\":\"Kanada Bursa Fahri Konsoloslu\u011fu Vize \u0130\u015flemleri Nelerdir? Kanada Bursa Fahri Konsoloslu\u011fu Nerededir? Bilgi \u0130\u00e7in Bizi Aray\u0131n: 0850 346 84 93\",\"breadcrumb\":{\"@id\":\"https:\/\/www.myvize.com.tr\/kanada\/konsolosluklar\/bursa-fahri-konsoloslugu\/#breadcrumb\"},\"inLanguage\":\"tr\",\"potentialAction\":[{\"@type\":\"ReadAction\",\"target\":[\"https:\/\/www.myvize.com.tr\/kanada\/konsolosluklar\/bursa-fahri-konsoloslugu\/\"]}]},{\"@type\":\"ImageObject\",\"inLanguage\":\"tr\",\"@id\":\"https:\/\/www.myvize.com.tr\/kanada\/konsolosluklar\/bursa-fahri-konsoloslugu\/#primaryimage\",\"url\":\"https:\/\/www.myvize.com.tr\/kanada\/wp-content\/uploads\/2021\/10\/34.jpg\",\"contentUrl\":\"https:\/\/www.myvize.com.tr\/kanada\/wp-content\/uploads\/2021\/10\/34.jpg\",\"width\":800,\"height\":500,\"caption\":\"Kanada Bursa Konsoloslu\u011fu\"},{\"@type\":\"BreadcrumbList\",\"@id\":\"https:\/\/www.myvize.com.tr\/kanada\/konsolosluklar\/bursa-fahri-konsoloslugu\/#breadcrumb\",\"itemListElement\":[{\"@type\":\"ListItem\",\"position\":1,\"name\":\"Anasayfa\",\"item\":\"https:\/\/www.myvize.com.tr\/kanada\/\"},{\"@type\":\"ListItem\",\"position\":2,\"name\":\"KONSOLOSLUKLAR\",\"item\":\"https:\/\/www.myvize.com.tr\/kanada\/konsolosluklar\/\"},{\"@type\":\"ListItem\",\"position\":3,\"name\":\"Kanada Bursa Konsoloslu\u011fu\"}]},{\"@type\":\"WebSite\",\"@id\":\"https:\/\/www.myvize.com.tr\/kanada\/#website\",\"url\":\"https:\/\/www.myvize.com.tr\/kanada\/\",\"name\":\"Kanada Vizesi\",\"description\":\"\",\"potentialAction\":[{\"@type\":\"SearchAction\",\"target\":{\"@type\":\"EntryPoint\",\"urlTemplate\":\"https:\/\/www.myvize.com.tr\/kanada\/?s={search_term_string}\"},\"query-input\":{\"@type\":\"PropertyValueSpecification\",\"valueRequired\":true,\"valueName\":\"search_term_string\"}}],\"inLanguage\":\"tr\"}]}<\/script>\n<!-- \/ Yoast SEO plugin. -->","yoast_head_json":{"title":"Kanada Bursa Fahri Konsoloslu\u011fu - MyVize","description":"Kanada Bursa Fahri Konsoloslu\u011fu Vize \u0130\u015flemleri Nelerdir? Kanada Bursa Fahri Konsoloslu\u011fu Nerededir? Bilgi \u0130\u00e7in Bizi Aray\u0131n: 0850 346 84 93","robots":{"index":"index","follow":"follow","max-snippet":"max-snippet:-1","max-image-preview":"max-image-preview:large","max-video-preview":"max-video-preview:-1"},"canonical":"https:\/\/www.myvize.com.tr\/kanada\/konsolosluklar\/bursa-fahri-konsoloslugu\/","og_locale":"tr_TR","og_type":"article","og_title":"Kanada Bursa Fahri Konsoloslu\u011fu - MyVize","og_description":"Kanada Bursa Fahri Konsoloslu\u011fu Vize \u0130\u015flemleri Nelerdir? Kanada Bursa Fahri Konsoloslu\u011fu Nerededir? Bilgi \u0130\u00e7in Bizi Aray\u0131n: 0850 346 84 93","og_url":"https:\/\/www.myvize.com.tr\/kanada\/konsolosluklar\/bursa-fahri-konsoloslugu\/","og_site_name":"Kanada Vizesi","article_modified_time":"2022-12-27T17:35:23+00:00","og_image":[{"url":"https:\/\/www.myvize.com.tr\/kanada\/wp-content\/uploads\/2021\/10\/34.jpg","type":"","width":"","height":""}],"twitter_card":"summary_large_image","twitter_misc":{"Tahmini okuma s\u00fcresi":"4 dakika"},"schema":{"@context":"https:\/\/schema.org","@graph":[{"@type":"WebPage","@id":"https:\/\/www.myvize.com.tr\/kanada\/konsolosluklar\/bursa-fahri-konsoloslugu\/","url":"https:\/\/www.myvize.com.tr\/kanada\/konsolosluklar\/bursa-fahri-konsoloslugu\/","name":"Kanada Bursa Fahri Konsoloslu\u011fu - MyVize","isPartOf":{"@id":"https:\/\/www.myvize.com.tr\/kanada\/#website"},"primaryImageOfPage":{"@id":"https:\/\/www.myvize.com.tr\/kanada\/konsolosluklar\/bursa-fahri-konsoloslugu\/#primaryimage"},"image":{"@id":"https:\/\/www.myvize.com.tr\/kanada\/konsolosluklar\/bursa-fahri-konsoloslugu\/#primaryimage"},"thumbnailUrl":"https:\/\/www.myvize.com.tr\/kanada\/wp-content\/uploads\/2021\/10\/34.jpg","datePublished":"2020-11-30T10:04:43+00:00","dateModified":"2022-12-27T17:35:23+00:00","description":"Kanada Bursa Fahri Konsoloslu\u011fu Vize \u0130\u015flemleri Nelerdir? Kanada Bursa Fahri Konsoloslu\u011fu Nerededir? Bilgi \u0130\u00e7in Bizi Aray\u0131n: 0850 346 84 93","breadcrumb":{"@id":"https:\/\/www.myvize.com.tr\/kanada\/konsolosluklar\/bursa-fahri-konsoloslugu\/#breadcrumb"},"inLanguage":"tr","potentialAction":[{"@type":"ReadAction","target":["https:\/\/www.myvize.com.tr\/kanada\/konsolosluklar\/bursa-fahri-konsoloslugu\/"]}]},{"@type":"ImageObject","inLanguage":"tr","@id":"https:\/\/www.myvize.com.tr\/kanada\/konsolosluklar\/bursa-fahri-konsoloslugu\/#primaryimage","url":"https:\/\/www.myvize.com.tr\/kanada\/wp-content\/uploads\/2021\/10\/34.jpg","contentUrl":"https:\/\/www.myvize.com.tr\/kanada\/wp-content\/uploads\/2021\/10\/34.jpg","width":800,"height":500,"caption":"Kanada Bursa Konsoloslu\u011fu"},{"@type":"BreadcrumbList","@id":"https:\/\/www.myvize.com.tr\/kanada\/konsolosluklar\/bursa-fahri-konsoloslugu\/#breadcrumb","itemListElement":[{"@type":"ListItem","position":1,"name":"Anasayfa","item":"https:\/\/www.myvize.com.tr\/kanada\/"},{"@type":"ListItem","position":2,"name":"KONSOLOSLUKLAR","item":"https:\/\/www.myvize.com.tr\/kanada\/konsolosluklar\/"},{"@type":"ListItem","position":3,"name":"Kanada Bursa Konsoloslu\u011fu"}]},{"@type":"WebSite","@id":"https:\/\/www.myvize.com.tr\/kanada\/#website","url":"https:\/\/www.myvize.com.tr\/kanada\/","name":"Kanada Vizesi","description":"","potentialAction":[{"@type":"SearchAction","target":{"@type":"EntryPoint","urlTemplate":"https:\/\/www.myvize.com.tr\/kanada\/?s={search_term_string}"},"query-input":{"@type":"PropertyValueSpecification","valueRequired":true,"valueName":"search_term_string"}}],"inLanguage":"tr"}]}},"_links":{"self":[{"href":"https:\/\/www.myvize.com.tr\/kanada\/wp-json\/wp\/v2\/pages\/82","targetHints":{"allow":["GET"]}}],"collection":[{"href":"https:\/\/www.myvize.com.tr\/kanada\/wp-json\/wp\/v2\/pages"}],"about":[{"href":"https:\/\/www.myvize.com.tr\/kanada\/wp-json\/wp\/v2\/types\/page"}],"author":[{"embeddable":true,"href":"https:\/\/www.myvize.com.tr\/kanada\/wp-json\/wp\/v2\/users\/1"}],"replies":[{"embeddable":true,"href":"https:\/\/www.myvize.com.tr\/kanada\/wp-json\/wp\/v2\/comments?post=82"}],"version-history":[{"count":7,"href":"https:\/\/www.myvize.com.tr\/kanada\/wp-json\/wp\/v2\/pages\/82\/revisions"}],"predecessor-version":[{"id":1243,"href":"https:\/\/www.myvize.com.tr\/kanada\/wp-json\/wp\/v2\/pages\/82\/revisions\/1243"}],"up":[{"embeddable":true,"href":"https:\/\/www.myvize.com.tr\/kanada\/wp-json\/wp\/v2\/pages\/69"}],"wp:attachment":[{"href":"https:\/\/www.myvize.com.tr\/kanada\/wp-json\/wp\/v2\/media?parent=82"}],"curies":[{"name":"wp","href":"https:\/\/api.w.org\/{rel}","templated":true}]}}