{"id":84,"date":"2020-11-30T13:05:08","date_gmt":"2020-11-30T10:05:08","guid":{"rendered":"https:\/\/www.myvize.com.tr\/kanada\/?page_id=84"},"modified":"2022-04-20T16:56:13","modified_gmt":"2022-04-20T13:56:13","slug":"trabzon-fahri-konsoloslugu","status":"publish","type":"page","link":"https:\/\/www.myvize.com.tr\/kanada\/konsolosluklar\/trabzon-fahri-konsoloslugu\/","title":{"rendered":"Kanada Trabzon Fahri Konsoloslu\u011fu"},"content":{"rendered":"<h2><span style=\"font-family: Roboto; font-size: 27px;\"><strong>Kanada Trabzon Fahri Konsoloslu\u011fu Hakk\u0131nda<\/strong><\/span><\/h2>\n<p><span style=\"font-family: Roboto; font-size: 14px;\"><strong>Kanada Trabzon Fahri Konsoloslu\u011fu<\/strong>, Kanada \u00fclkesinin T\u00fcrkiye\u2019de bulunan ve diplomatik olmayan temsilcili\u011findendir. Trabzon&#8217;da Kanada ba\u015fkonsolosluk ve konsolosluku kurulmas\u0131 gerek g\u00f6r\u00fclmedi\u011fi i\u00e7in Kanada ad\u0131 Trabzon ve \u00e7evresinde ticari faaliyeti y\u00f6netmesi ve yeni ticari i\u015f birli\u011fi yapmas\u0131 i\u00e7in Kanada Trabzon Fahri Konsoloslu\u011fu kurulmu\u015f.<\/span><br \/>\n<span style=\"font-family: Roboto; font-size: 14px;\"><strong>Kanada Trabzon Fahri Konsoloslu\u011fu<\/strong> birincil ve en \u00f6nemli ama\u00e7lar\u0131, Kanada ile <span style=\"color: #2acec2;\"><strong><a style=\"color: #2acec2;\" href=\"https:\/\/www.myvize.com.tr\/kanada\/subelerimiz\/trabzon\/\" target=\"_blank\" rel=\"noopener\">Trabzon<\/a><\/strong><\/span> \u00e7evresinde ki ticari ili\u015fkiyi y\u00f6netmektir. T\u00fcrkiye ile Kanada aras\u0131nda yeni yat\u0131r\u0131m alan\u0131, ticari ve ekonomi i\u015f birli\u011fi ortaya \u00e7\u0131karmakd\u0131r. Kanada\u2019n\u0131n b\u00f6lgesindeki ekonomi \u00e7\u0131kar\u0131n\u0131 g\u00f6zetmektedir.<\/span><br \/>\n<span style=\"font-family: Roboto; font-size: 14px;\"><strong>Kanada Trabzon Fahri Konsoloslu\u011fu<\/strong> diplomat bir yetki verilmedi\u011finde dolay\u0131, vize ba\u015fvurusunu kabul etmek ve de\u011ferlendirmek yetkisi yoktur. Sadece acil durumda Kanada vatanda\u015f\u0131na kopya ve belge tasdiki i\u015flemi yapmaktad\u0131r. <span style=\"color: #2acec2;\"><strong><a style=\"color: #2acec2;\" href=\"https:\/\/www.myvize.com.tr\/kanada\/vize-islemleri\/kanada-vize-basvurusu\/\" target=\"_blank\" rel=\"noopener\">Kanada Vize ba\u015fvurusu<\/a><\/strong><\/span> yapacak olan T\u00fcrkiye Cumhuriyet vatanda\u015f\u0131 ba\u015fvurusunu Kanada Ba\u015fkonsoloslu\u011fu\u2019na veya B\u00fcy\u00fckel\u00e7ili\u011fine yapmal\u0131d\u0131r.<\/span><br \/>\n<span style=\"font-family: Roboto; font-size: 14px;\"><strong>Kanada Trabzon Fahri Konsolosluk,<\/strong> 09.00 ve 16.30 aras\u0131 \u00e7al\u0131\u015fmaktad\u0131r. <strong>Kanada Trabzon Fahri Konsolosluk<\/strong> vize ba\u015fvurusunu kabul etmemektedir. Vize ba\u015fvurusu yetkilendirilmi\u015f vize ba\u015fvuru merkezi, konsolosluk ve ba\u015fkonsolosluk taraf\u0131ndan kabul edilmekte. Vize ba\u015fvurusunda karar verme yetkileri b\u00fcy\u00fckel\u00e7ili\u011fe aittir. <strong>Kanada Trabzon Fahri Konsoloslu\u011fu<\/strong> vize i\u015flemi ve s\u00fcreci hakk\u0131nda bilgiler vermektedir. <strong>Kanada Trabzon Fahri Konsoloslu\u011fu<\/strong> T\u00fcrkiye ile Kanada aras\u0131nda ticari ili\u015fkiyi geli\u015ftirmektedir. B\u00f6lgede ki Kanada vatanda\u015f\u0131na do\u011fum, \u00f6l\u00fcm, pasaport, kimlik i\u015fleminde destek olmakta. Ayr\u0131ca fotokopi tasdikleri, resm\u00ee belge tasdikleri gibi noter i\u015flemi yapmaktad\u0131r.<\/span><\/p>\n<p><span style=\"font-family: Roboto; font-size: 14px;\"><img decoding=\"async\" src=\"https:\/\/www.myvize.com.tr\/kanada\/wp-content\/uploads\/2021\/10\/35.jpg\" \/><\/span><\/p>\n","protected":false},"excerpt":{"rendered":"<p>Kanada Trabzon Fahri Konsoloslu\u011fu Hakk\u0131nda Kanada Trabzon Fahri Konsoloslu\u011fu, Kanada \u00fclkesinin T\u00fcrkiye\u2019de bulunan ve diplomatik olmayan temsilcili\u011findendir. Trabzon&#8217;da Kanada ba\u015fkonsolosluk ve konsolosluku kurulmas\u0131 gerek g\u00f6r\u00fclmedi\u011fi i\u00e7in Kanada ad\u0131 Trabzon ve \u00e7evresinde ticari faaliyeti y\u00f6netmesi ve yeni ticari i\u015f birli\u011fi yapmas\u0131 i\u00e7in Kanada Trabzon Fahri Konsoloslu\u011fu kurulmu\u015f. Kanada Trabzon Fahri Konsoloslu\u011fu birincil ve en \u00f6nemli ama\u00e7lar\u0131,<\/p>\n","protected":false},"author":1,"featured_media":0,"parent":69,"menu_order":0,"comment_status":"open","ping_status":"closed","template":"","meta":{"footnotes":""},"class_list":["post-84","page","type-page","status-publish","hentry"],"yoast_head":"<!-- This site is optimized with the Yoast SEO plugin v24.0 - https:\/\/yoast.com\/wordpress\/plugins\/seo\/ -->\n<title>Kanada Trabzon Fahri Konsoloslu\u011fu - MyVize<\/title>\n<meta name=\"description\" content=\"Kanada Trabzon Fahri Konsoloslu\u011fu Vize \u0130\u015flemleri Nelerdir? Kanada Trabzon Fahri Konsoloslu\u011fu Nerededir? Bilgi \u0130\u00e7in Aray\u0131n: 0850 346 84 93\" \/>\n<meta name=\"robots\" content=\"index, follow, max-snippet:-1, max-image-preview:large, max-video-preview:-1\" \/>\n<link rel=\"canonical\" href=\"https:\/\/www.myvize.com.tr\/kanada\/konsolosluklar\/trabzon-fahri-konsoloslugu\/\" \/>\n<meta property=\"og:locale\" content=\"tr_TR\" \/>\n<meta property=\"og:type\" content=\"article\" \/>\n<meta property=\"og:title\" content=\"Kanada Trabzon Fahri Konsoloslu\u011fu - MyVize\" \/>\n<meta property=\"og:description\" content=\"Kanada Trabzon Fahri Konsoloslu\u011fu Vize \u0130\u015flemleri Nelerdir? Kanada Trabzon Fahri Konsoloslu\u011fu Nerededir? Bilgi \u0130\u00e7in Aray\u0131n: 0850 346 84 93\" \/>\n<meta property=\"og:url\" content=\"https:\/\/www.myvize.com.tr\/kanada\/konsolosluklar\/trabzon-fahri-konsoloslugu\/\" \/>\n<meta property=\"og:site_name\" content=\"Kanada Vizesi\" \/>\n<meta property=\"article:modified_time\" content=\"2022-04-20T13:56:13+00:00\" \/>\n<meta property=\"og:image\" content=\"https:\/\/www.myvize.com.tr\/kanada\/wp-content\/uploads\/2021\/10\/35.jpg\" \/>\n<meta name=\"twitter:card\" content=\"summary_large_image\" \/>\n<meta name=\"twitter:label1\" content=\"Tahmini okuma s\u00fcresi\" \/>\n\t<meta name=\"twitter:data1\" content=\"2 dakika\" \/>\n<script type=\"application\/ld+json\" class=\"yoast-schema-graph\">{\"@context\":\"https:\/\/schema.org\",\"@graph\":[{\"@type\":\"WebPage\",\"@id\":\"https:\/\/www.myvize.com.tr\/kanada\/konsolosluklar\/trabzon-fahri-konsoloslugu\/\",\"url\":\"https:\/\/www.myvize.com.tr\/kanada\/konsolosluklar\/trabzon-fahri-konsoloslugu\/\",\"name\":\"Kanada Trabzon Fahri Konsoloslu\u011fu - MyVize\",\"isPartOf\":{\"@id\":\"https:\/\/www.myvize.com.tr\/kanada\/#website\"},\"primaryImageOfPage\":{\"@id\":\"https:\/\/www.myvize.com.tr\/kanada\/konsolosluklar\/trabzon-fahri-konsoloslugu\/#primaryimage\"},\"image\":{\"@id\":\"https:\/\/www.myvize.com.tr\/kanada\/konsolosluklar\/trabzon-fahri-konsoloslugu\/#primaryimage\"},\"thumbnailUrl\":\"https:\/\/www.myvize.com.tr\/kanada\/wp-content\/uploads\/2021\/10\/35.jpg\",\"datePublished\":\"2020-11-30T10:05:08+00:00\",\"dateModified\":\"2022-04-20T13:56:13+00:00\",\"description\":\"Kanada Trabzon Fahri Konsoloslu\u011fu Vize \u0130\u015flemleri Nelerdir? Kanada Trabzon Fahri Konsoloslu\u011fu Nerededir? Bilgi \u0130\u00e7in Aray\u0131n: 0850 346 84 93\",\"breadcrumb\":{\"@id\":\"https:\/\/www.myvize.com.tr\/kanada\/konsolosluklar\/trabzon-fahri-konsoloslugu\/#breadcrumb\"},\"inLanguage\":\"tr\",\"potentialAction\":[{\"@type\":\"ReadAction\",\"target\":[\"https:\/\/www.myvize.com.tr\/kanada\/konsolosluklar\/trabzon-fahri-konsoloslugu\/\"]}]},{\"@type\":\"ImageObject\",\"inLanguage\":\"tr\",\"@id\":\"https:\/\/www.myvize.com.tr\/kanada\/konsolosluklar\/trabzon-fahri-konsoloslugu\/#primaryimage\",\"url\":\"https:\/\/www.myvize.com.tr\/kanada\/wp-content\/uploads\/2021\/10\/35.jpg\",\"contentUrl\":\"https:\/\/www.myvize.com.tr\/kanada\/wp-content\/uploads\/2021\/10\/35.jpg\",\"width\":800,\"height\":500,\"caption\":\"Kanada Trabzon Konsoloslu\u011fu\"},{\"@type\":\"BreadcrumbList\",\"@id\":\"https:\/\/www.myvize.com.tr\/kanada\/konsolosluklar\/trabzon-fahri-konsoloslugu\/#breadcrumb\",\"itemListElement\":[{\"@type\":\"ListItem\",\"position\":1,\"name\":\"Anasayfa\",\"item\":\"https:\/\/www.myvize.com.tr\/kanada\/\"},{\"@type\":\"ListItem\",\"position\":2,\"name\":\"KONSOLOSLUKLAR\",\"item\":\"https:\/\/www.myvize.com.tr\/kanada\/konsolosluklar\/\"},{\"@type\":\"ListItem\",\"position\":3,\"name\":\"Kanada Trabzon Fahri Konsoloslu\u011fu\"}]},{\"@type\":\"WebSite\",\"@id\":\"https:\/\/www.myvize.com.tr\/kanada\/#website\",\"url\":\"https:\/\/www.myvize.com.tr\/kanada\/\",\"name\":\"Kanada Vizesi\",\"description\":\"\",\"potentialAction\":[{\"@type\":\"SearchAction\",\"target\":{\"@type\":\"EntryPoint\",\"urlTemplate\":\"https:\/\/www.myvize.com.tr\/kanada\/?s={search_term_string}\"},\"query-input\":{\"@type\":\"PropertyValueSpecification\",\"valueRequired\":true,\"valueName\":\"search_term_string\"}}],\"inLanguage\":\"tr\"}]}<\/script>\n<!-- \/ Yoast SEO plugin. -->","yoast_head_json":{"title":"Kanada Trabzon Fahri Konsoloslu\u011fu - MyVize","description":"Kanada Trabzon Fahri Konsoloslu\u011fu Vize \u0130\u015flemleri Nelerdir? Kanada Trabzon Fahri Konsoloslu\u011fu Nerededir? Bilgi \u0130\u00e7in Aray\u0131n: 0850 346 84 93","robots":{"index":"index","follow":"follow","max-snippet":"max-snippet:-1","max-image-preview":"max-image-preview:large","max-video-preview":"max-video-preview:-1"},"canonical":"https:\/\/www.myvize.com.tr\/kanada\/konsolosluklar\/trabzon-fahri-konsoloslugu\/","og_locale":"tr_TR","og_type":"article","og_title":"Kanada Trabzon Fahri Konsoloslu\u011fu - MyVize","og_description":"Kanada Trabzon Fahri Konsoloslu\u011fu Vize \u0130\u015flemleri Nelerdir? Kanada Trabzon Fahri Konsoloslu\u011fu Nerededir? Bilgi \u0130\u00e7in Aray\u0131n: 0850 346 84 93","og_url":"https:\/\/www.myvize.com.tr\/kanada\/konsolosluklar\/trabzon-fahri-konsoloslugu\/","og_site_name":"Kanada Vizesi","article_modified_time":"2022-04-20T13:56:13+00:00","og_image":[{"url":"https:\/\/www.myvize.com.tr\/kanada\/wp-content\/uploads\/2021\/10\/35.jpg","type":"","width":"","height":""}],"twitter_card":"summary_large_image","twitter_misc":{"Tahmini okuma s\u00fcresi":"2 dakika"},"schema":{"@context":"https:\/\/schema.org","@graph":[{"@type":"WebPage","@id":"https:\/\/www.myvize.com.tr\/kanada\/konsolosluklar\/trabzon-fahri-konsoloslugu\/","url":"https:\/\/www.myvize.com.tr\/kanada\/konsolosluklar\/trabzon-fahri-konsoloslugu\/","name":"Kanada Trabzon Fahri Konsoloslu\u011fu - MyVize","isPartOf":{"@id":"https:\/\/www.myvize.com.tr\/kanada\/#website"},"primaryImageOfPage":{"@id":"https:\/\/www.myvize.com.tr\/kanada\/konsolosluklar\/trabzon-fahri-konsoloslugu\/#primaryimage"},"image":{"@id":"https:\/\/www.myvize.com.tr\/kanada\/konsolosluklar\/trabzon-fahri-konsoloslugu\/#primaryimage"},"thumbnailUrl":"https:\/\/www.myvize.com.tr\/kanada\/wp-content\/uploads\/2021\/10\/35.jpg","datePublished":"2020-11-30T10:05:08+00:00","dateModified":"2022-04-20T13:56:13+00:00","description":"Kanada Trabzon Fahri Konsoloslu\u011fu Vize \u0130\u015flemleri Nelerdir? Kanada Trabzon Fahri Konsoloslu\u011fu Nerededir? Bilgi \u0130\u00e7in Aray\u0131n: 0850 346 84 93","breadcrumb":{"@id":"https:\/\/www.myvize.com.tr\/kanada\/konsolosluklar\/trabzon-fahri-konsoloslugu\/#breadcrumb"},"inLanguage":"tr","potentialAction":[{"@type":"ReadAction","target":["https:\/\/www.myvize.com.tr\/kanada\/konsolosluklar\/trabzon-fahri-konsoloslugu\/"]}]},{"@type":"ImageObject","inLanguage":"tr","@id":"https:\/\/www.myvize.com.tr\/kanada\/konsolosluklar\/trabzon-fahri-konsoloslugu\/#primaryimage","url":"https:\/\/www.myvize.com.tr\/kanada\/wp-content\/uploads\/2021\/10\/35.jpg","contentUrl":"https:\/\/www.myvize.com.tr\/kanada\/wp-content\/uploads\/2021\/10\/35.jpg","width":800,"height":500,"caption":"Kanada Trabzon Konsoloslu\u011fu"},{"@type":"BreadcrumbList","@id":"https:\/\/www.myvize.com.tr\/kanada\/konsolosluklar\/trabzon-fahri-konsoloslugu\/#breadcrumb","itemListElement":[{"@type":"ListItem","position":1,"name":"Anasayfa","item":"https:\/\/www.myvize.com.tr\/kanada\/"},{"@type":"ListItem","position":2,"name":"KONSOLOSLUKLAR","item":"https:\/\/www.myvize.com.tr\/kanada\/konsolosluklar\/"},{"@type":"ListItem","position":3,"name":"Kanada Trabzon Fahri Konsoloslu\u011fu"}]},{"@type":"WebSite","@id":"https:\/\/www.myvize.com.tr\/kanada\/#website","url":"https:\/\/www.myvize.com.tr\/kanada\/","name":"Kanada Vizesi","description":"","potentialAction":[{"@type":"SearchAction","target":{"@type":"EntryPoint","urlTemplate":"https:\/\/www.myvize.com.tr\/kanada\/?s={search_term_string}"},"query-input":{"@type":"PropertyValueSpecification","valueRequired":true,"valueName":"search_term_string"}}],"inLanguage":"tr"}]}},"_links":{"self":[{"href":"https:\/\/www.myvize.com.tr\/kanada\/wp-json\/wp\/v2\/pages\/84","targetHints":{"allow":["GET"]}}],"collection":[{"href":"https:\/\/www.myvize.com.tr\/kanada\/wp-json\/wp\/v2\/pages"}],"about":[{"href":"https:\/\/www.myvize.com.tr\/kanada\/wp-json\/wp\/v2\/types\/page"}],"author":[{"embeddable":true,"href":"https:\/\/www.myvize.com.tr\/kanada\/wp-json\/wp\/v2\/users\/1"}],"replies":[{"embeddable":true,"href":"https:\/\/www.myvize.com.tr\/kanada\/wp-json\/wp\/v2\/comments?post=84"}],"version-history":[{"count":6,"href":"https:\/\/www.myvize.com.tr\/kanada\/wp-json\/wp\/v2\/pages\/84\/revisions"}],"predecessor-version":[{"id":1177,"href":"https:\/\/www.myvize.com.tr\/kanada\/wp-json\/wp\/v2\/pages\/84\/revisions\/1177"}],"up":[{"embeddable":true,"href":"https:\/\/www.myvize.com.tr\/kanada\/wp-json\/wp\/v2\/pages\/69"}],"wp:attachment":[{"href":"https:\/\/www.myvize.com.tr\/kanada\/wp-json\/wp\/v2\/media?parent=84"}],"curies":[{"name":"wp","href":"https:\/\/api.w.org\/{rel}","templated":true}]}}