{"id":92,"date":"2020-11-30T13:07:02","date_gmt":"2020-11-30T10:07:02","guid":{"rendered":"https:\/\/www.myvize.com.tr\/kanada\/?page_id=92"},"modified":"2022-06-06T14:05:32","modified_gmt":"2022-06-06T11:05:32","slug":"kanada-konsolosluk-islemleri","status":"publish","type":"page","link":"https:\/\/www.myvize.com.tr\/kanada\/konsolosluklar\/kanada-konsolosluk-islemleri\/","title":{"rendered":"Kanada Konsolosluk \u0130\u015flemleri"},"content":{"rendered":"<h2><span style=\"font-family: Roboto; font-size: 27px;\"><strong>Kanada Konsolosluk \u0130\u015flemleri 2022<\/strong><\/span><\/h2>\n<p><span style=\"font-family: Roboto; font-size: 14px;\">Kanada\u2019ya seyahat etme isteyen ki\u015fi, ba\u015fvurusunu <strong>Kanada Konsolosluklar\u0131na<\/strong> ve <strong>Kanada B\u00fcy\u00fckel\u00e7ili\u011fe<\/strong> hafta i\u00e7i her g\u00fcn sabah 09:00- 12:00 aras\u0131 yapabilir.<\/span><br \/>\n<span style=\"font-family: Roboto; font-size: 14px;\"><strong>Kanada Konsoloslu\u011fu<\/strong> vize ba\u015fvurusunu 10-12 i\u015f g\u00fcn\u00fc i\u00e7erisinde sonu\u00e7land\u0131rmakta. Kanada\u2019ya seyahat etme isteyen ki\u015fi, \u00a0vize i\u015fleminin konsolosluk resmi tatil vb. baz\u0131 sebepten dolay\u0131 uzayabilece\u011fi g\u00f6z \u00f6n\u00fcnde bulundurarak ba\u015fvurusunu seyahat tarihinde en az 30 g\u00fcn \u00f6nce yapmal\u0131d\u0131r.<\/span><br \/>\n<span style=\"font-family: Roboto; font-size: 14px;\">Kanada Konsolosluk vize ba\u015fvurusu bulunan ki\u015fi ki\u015fisel bilgisini ve vize evrak\u0131n\u0131 eksiksiz olarak ibraz etmeli. Kanada Konsoloslu\u011fu, vize de\u011ferlendirilme ve karar verme a\u015famas\u0131na, gerekli g\u00f6rd\u00fc\u011f\u00fc takdirlerde ek evraklar talebinde bulunabilmekte.<\/span><br \/>\n<span style=\"font-family: Roboto; font-size: 14px;\"><strong>Kanada Konsoloslu\u011fu<\/strong>, vize ba\u015fvurusu sahte belge sunuldu\u011funu ya da yalan beyan da bulunuldu\u011funu tespit etme halinde ki\u015fiyi Kanada\u2019dan s\u0131n\u0131r d\u0131\u015f\u0131 etmesi yan\u0131 s\u0131ra 14 y\u0131l kadar hapis cezas\u0131na mahkum edilebilmekte.<\/span><br \/>\n<span style=\"font-family: Roboto; font-size: 14px;\">\u00a0Ayr\u0131ca ba\u015fvuru s\u0131ras\u0131 bir bilginin sakland\u0131\u011f\u0131 veya yalan beyanda bulunuldu\u011fu anla\u015f\u0131lmas\u0131 durumuna; Kanada Konsoloslu\u011fu 2 y\u0131l s\u00fcre ile yeni ba\u015fvuru yap\u0131lmas\u0131 izin vermemekte. T\u00fcrkiye\u2019de ya\u015fayan Kanada vatanda\u015f\u0131n\u0131n evlenme, do\u011fum, \u00f6l\u00fcm, n\u00fcfus c\u00fczdan, noter, askerlik, vize, pasaport gibi i\u015fleminin y\u00fcr\u00fct\u00fclmesi <strong>Kanada Konsoloslu\u011fu<\/strong> g\u00f6revidir.\u00a0<\/span><br \/>\n<span style=\"font-family: Roboto; font-size: 14px;\">Kanada Konsoloslu\u011fu T\u00fcrkiye-Kanada ticari ba\u011f\u0131n\u0131 geli\u015ftirmek bu \u00fclkede \u00e7al\u0131\u015fan Kanada vatanda\u015f\u0131na rehberlik etmek ile sorumludur. Kanada\u2019ya seyahat etme isteyen ki\u015finin vize i\u015flemi Kanada Konsoloslu\u011fu taraf\u0131ndan y\u00fcr\u00fct\u00fcl\u00fcr.<\/span><br \/>\n<span style=\"font-family: Roboto; font-size: 14px;\">Kanada Konsoloslu\u011fu, Kanada Devlet kanunu uyar\u0131nca <strong>Kanada Devleti<\/strong>\u2019ne kar\u015f\u0131 bor\u00e7lu olunan vergiyi toplamakla g\u00f6revlidir. \u00a0 \u00a0<\/span><\/p>\n<p><span style=\"font-family: Roboto; font-size: 14px;\"><span style=\"color: #2acec2;\"><strong><a style=\"color: #2acec2;\" href=\"https:\/\/www.myvize.com.tr\/kanada\/vatandaslik-ve-gocmenlik\/kanada-gocmenlik-basvurusu-2021\/\" target=\"_blank\" rel=\"noopener\">Kanada G\u00f6\u00e7menlik Ba\u015fvurusu<\/a><\/strong><\/span> ile ilgili bilgi almak i\u00e7in bizi aray\u0131n\u0131z.<\/span><\/p>\n<p><img decoding=\"async\" src=\"https:\/\/www.myvize.com.tr\/kanada\/wp-content\/uploads\/2021\/10\/39.jpg\" \/><\/p>\n<h2><span style=\"font-family: Roboto; font-size: 27px;\"><strong>Kanada Konsolosluk Departmanlar\u0131<\/strong><\/span><\/h2>\n<p><span style=\"font-family: Roboto; font-size: 14px;\">D\u00fcnyan\u0131n de\u011fi\u015fik yerlerinde mutlaka gezilip g\u00f6r\u00fclmesi gereken\u00a0 \u00fclkeler bulunuyor. \u0130\u015fte o \u00fclkelerden bir tanesi de Amerika k\u0131tas\u0131n\u0131n kuzeyinde bulunan Kanada isimli \u00fclkedir. Amerika Birle\u015fik Devletlerinin tam \u00fcst\u00fcnde olan Kanada ayn\u0131 zamanda d\u00fcnyan\u0131n refah d\u00fczeyi en y\u00fcksek olan kentlerinden de bir tanesidir. Nitekim \u00fclkemiz ile Kanada aras\u0131nda da \u00e7ok iyi ili\u015fkiler vard\u0131r ve Kanada H\u00fck\u00fcmeti \u00fclkemizde b\u00fcy\u00fckel\u00e7ilik ve konsolosluk d\u00fczeyinde temsil edilir durumdad\u0131r. \u00dclkemizde olan\u00a0<strong>Kanada Konsolosluk Departmanlar\u0131<\/strong><strong>\u00a0<\/strong>ise fahri olmayan konsolosluklar i\u00e7in \u015funlard\u0131r:Bas\u0131n b\u00f6l\u00fcm\u00fc. \u00dclkemizden Kanadaya gitmek isteyenler i\u00e7in vize b\u00f6l\u00fcm\u00fc. \u0130ki \u00fclke aras\u0131nda ticari ili\u015fkileri sa\u011flayan ticaret b\u00f6l\u00fcm\u00fc, \u00fclkemizde ya\u015fayan Kanada vatanda\u015flar\u0131n\u0131n e\u011fitimi ile ilgilenen e\u011fitim b\u00f6l\u00fcm\u00fc, yine Kanada vatanda\u015flar\u0131 i\u00e7in pasaport b\u00f6l\u00fcm\u00fc ve konsolosluk i\u015fleri b\u00f6l\u00fcm\u00fcd\u00fcr. Her bir b\u00f6l\u00fcm\u00fcn kendi i\u00e7inde olan a\u015fa\u011f\u0131da detaylar\u0131 verilen i\u015flemleri vard\u0131r. T\u00fcm birimler birbiri ile entegreli olarak \u00e7al\u0131\u015f\u0131r.<\/span><\/p>\n<h2><span style=\"font-family: Roboto; font-size: 27px;\"><strong>Kanada Konsoloslu\u011fu&#8217;nda Hangi \u0130\u015flemler Yap\u0131l\u0131r?<\/strong><\/span><\/h2>\n<p><span style=\"font-family: Roboto; font-size: 14px;\">\u015eimdi de\u00a0<strong>Kanada Konsoloslu\u011fu&#8217;nda hangi i\u015flemler yap\u0131l\u0131r\u00a0<\/strong>sorusunun yan\u0131t\u0131 genel olarak vermek gerekir ise \u015fu bilgiler verilebilir. \u00d6ncelikli olarak t\u00fcm di\u011fer konsolosluklarda oldu\u011fu gibi Kanada Konsoloslu\u011funun en temel i\u015flevi iki \u00fclke aras\u0131nda iyi ili\u015fkilerin korunmas\u0131n\u0131 sa\u011flamakt\u0131r. Yine iki \u00fclke aras\u0131nda ticaretin geli\u015fmesini sa\u011flamak da konsolosluklar\u0131n bir di\u011fer g\u00f6revidir.\u00a0 Kanada H\u00fck\u00fcmetini T\u00fcrkiye Cumhuriyeti hakk\u0131nda bilgilendirme ve de T\u00fcrk H\u00fck\u00fcmetini <strong>Kanada H\u00fck\u00fcmeti<\/strong> hakk\u0131nda gerekli durumlarda bilgilendirmek, bas\u0131na ve kamuoyuna kendi \u00fclkeleri ile gerekli duyuru ve payla\u015f\u0131mlar\u0131 yapmak da Kanada Konsoloslu\u011funun g\u00f6revleri aras\u0131nda gelir.\u00a0 T\u00fcrkiye\u2019de ya\u015fayan Kanada vatanda\u015flar\u0131n\u0131 pasaport, d\u00fc\u011f\u00fcn, gayrimenkul al\u0131m\u0131 gibi t\u00fcm i\u015flerinin yap\u0131lmas\u0131 da kendi g\u00f6revleri aras\u0131nda yer al\u0131r. Ayr\u0131ca \u00fclkemiz vatanda\u015far\u0131n\u0131n vize almas\u0131n\u0131 da sa\u011flamak g\u00f6revleri aras\u0131nda yer al\u0131r. Bas\u0131n a\u00e7\u0131klamalar\u0131, oturum izinleri gerekli durumlarda davetlere kat\u0131lma, davet verme de etkinliklerinin kapsam\u0131ndad\u0131r.<\/span><\/p>\n<h2><span style=\"font-family: Roboto; font-size: 27px;\"><strong>Kanada Konsoloslu\u011fu Vize \u0130\u015flemleri<\/strong><\/span><\/h2>\n<p><span style=\"font-family: Roboto; font-size: 14px;\"><strong>Kanada Konsoloslu\u011fu vize i\u015flemleri\u00a0<\/strong>T\u00fcrkiye Cumhuriyeti vatanda\u015flar\u0131na verilen bir hizmet t\u00fcr\u00fcd\u00fcr.Bu noktada <strong>Kanada Konsoloslu\u011fu<\/strong> kendi h\u00fck\u00fcmetlerinin \u00f6ng\u00f6rd\u00fc\u011f\u00fc bir bi\u00e7imde vize i\u015flemlerini yaparlar. Kanada Konsoloslu\u011fu vize i\u015flemleri \u00f6nceden randevu al\u0131narak hizmet veren bir b\u00f6l\u00fcmd\u00fcr. Vize b\u00f6l\u00fcm\u00fc hi\u00e7bir bi\u00e7imde randevusuz olarak yap\u0131lan ba\u015fvurular\u0131 kabul etmez. \u0130ster k\u0131sa s\u00fcreli ister uzun s\u00fcreli olsun t\u00fcm vize t\u00fcrleri ve oturum izni i\u00e7in de vize b\u00f6l\u00fcm\u00fc hizmet verir.\u00a0 Burada vize b\u00f6l\u00fcm\u00fcne vize ba\u015fvurusu yap\u0131lan vize t\u00fcr\u00fc i\u00e7in istenen evraklar\u0131n haz\u0131rlanarak eksiksiz ve tam bir bi\u00e7imde g\u00fcn\u00fcnde teslim edilmesi gerekir. Ayr\u0131ca vize ba\u015fvurusu yapar iken vizenin t\u00fcr\u00fcne g\u00f6re istenen vize ba\u015fvuru \u00fccretinin de \u00f6denmesi gerekir. T\u00fcm bu evraklar ile yap\u0131lan vize ba\u015fvurular\u0131 vize b\u00f6l\u00fcm\u00fc taraf\u0131ndan incelenir. Uygun g\u00f6r\u00fclmesi durumunda vize ba\u015fvurusu kabul edilir. Eksik ya da hatal\u0131 olmas\u0131 durumunda ise b\u00f6l\u00fcm taraf\u0131ndan s\u00fcre verilerek d\u00fczenleme istenir. Yine olmaz ise vize ba\u015fvurusu reddedilir.<\/span><\/p>\n<h3><span style=\"font-family: Roboto; font-size: 24px;\"><strong>Kanada Konsolosluk Pasaport \u0130\u015flemleri<\/strong><\/span><\/h3>\n<p><span style=\"font-family: Roboto; font-size: 14px;\">Son olarak<strong>\u00a0Kanada Konsolosluk pasaport i\u015flemleri\u00a0<\/strong>hakk\u0131da bilgi vermek gerekir ise o noktada verilebilecek olan basic bilgiler \u015funlard\u0131r. Kanada Konsoloslu\u011funun pasaport i\u015flemleri sadece \u00fclkemizde ya\u015fayan \u00fcstte de ifade edildi\u011fi gibi Kanada vatanda\u015flar\u0131na hizmet veren bir b\u00f6l\u00fcmd\u00fcr. Kanada vatanda\u015flar\u0131na pasaport \u00e7\u0131kartma, pasaport yenileme, ilk do\u011fan \u00e7ocuklara pasaport d\u00fczenleme gibi i\u015flemler yap\u0131l\u0131r. Kanada Konsoloslu\u011fu pasaport b\u00f6l\u00fcm\u00fc t\u0131pk\u0131 vize b\u00f6l\u00fcm\u00fc gibi randevulu olarak \u00e7al\u0131\u015fmaktad\u0131r. Kurumun pasaport i\u015fleri mesai saatleri i\u00e7inde ger\u00e7ekle\u015fir. Bu b\u00f6l\u00fcmde umumi, hususi ve diplomatik ve ya hizmet pasaportlar\u0131 haz\u0131rlan\u0131r. Burada yine t\u0131pk\u0131 vize i\u015flemlerinde oldu\u011fu gibi pasaport e\u011fer ilk defa \u00e7\u0131kar\u0131lacak ise istenen evraklar bulunur. Bu evraklar\u0131n tam ve eksiksiz olarak kuruma sunulmas\u0131 gerekir.Yine bu b\u00f6l\u00fcmde bo\u015fanma, evlilik do\u011fum ve \u00f6l\u00fcm ile ilgili Kanada vatanda\u015flar\u0131 i\u00e7in hizmetler de verilir durumdad\u0131r. Ayr\u0131ca Kanada vatanda\u015flar\u0131n\u0131n istedi\u011fi bir tak\u0131m evraklar da bu b\u00f6l\u00fcm\u00fcn hizmet kapsam\u0131ndad\u0131r.<\/span><\/p>\n","protected":false},"excerpt":{"rendered":"<p>Kanada Konsolosluk \u0130\u015flemleri 2022 Kanada\u2019ya seyahat etme isteyen ki\u015fi, ba\u015fvurusunu Kanada Konsolosluklar\u0131na ve Kanada B\u00fcy\u00fckel\u00e7ili\u011fe hafta i\u00e7i her g\u00fcn sabah 09:00- 12:00 aras\u0131 yapabilir. Kanada Konsoloslu\u011fu vize ba\u015fvurusunu 10-12 i\u015f g\u00fcn\u00fc i\u00e7erisinde sonu\u00e7land\u0131rmakta. Kanada\u2019ya seyahat etme isteyen ki\u015fi, \u00a0vize i\u015fleminin konsolosluk resmi tatil vb. baz\u0131 sebepten dolay\u0131 uzayabilece\u011fi g\u00f6z \u00f6n\u00fcnde bulundurarak ba\u015fvurusunu seyahat tarihinde en<\/p>\n","protected":false},"author":1,"featured_media":0,"parent":69,"menu_order":0,"comment_status":"open","ping_status":"closed","template":"","meta":{"footnotes":""},"class_list":["post-92","page","type-page","status-publish","hentry"],"yoast_head":"<!-- This site is optimized with the Yoast SEO plugin v24.0 - https:\/\/yoast.com\/wordpress\/plugins\/seo\/ -->\n<title>Kanada Konsolosluk \u0130\u015flemleri Nelerdir? - MyVize<\/title>\n<meta name=\"description\" content=\"Kanada Konsolosluk \u0130\u015flemleri Nas\u0131l Yap\u0131l\u0131r? Kanada Konsolosluk \u0130\u015flemleri \u0130\u00e7in Hangi Evraklar Gerekir? Bilgi \u0130\u00e7in Bizi Aray\u0131n: 0850 346 84 93\" \/>\n<meta name=\"robots\" content=\"index, follow, max-snippet:-1, max-image-preview:large, max-video-preview:-1\" \/>\n<link rel=\"canonical\" href=\"https:\/\/www.myvize.com.tr\/kanada\/konsolosluklar\/kanada-konsolosluk-islemleri\/\" \/>\n<meta property=\"og:locale\" content=\"tr_TR\" \/>\n<meta property=\"og:type\" content=\"article\" \/>\n<meta property=\"og:title\" content=\"Kanada Konsolosluk \u0130\u015flemleri Nelerdir? - MyVize\" \/>\n<meta property=\"og:description\" content=\"Kanada Konsolosluk \u0130\u015flemleri Nas\u0131l Yap\u0131l\u0131r? Kanada Konsolosluk \u0130\u015flemleri \u0130\u00e7in Hangi Evraklar Gerekir? Bilgi \u0130\u00e7in Bizi Aray\u0131n: 0850 346 84 93\" \/>\n<meta property=\"og:url\" content=\"https:\/\/www.myvize.com.tr\/kanada\/konsolosluklar\/kanada-konsolosluk-islemleri\/\" \/>\n<meta property=\"og:site_name\" content=\"Kanada Vizesi\" \/>\n<meta property=\"article:modified_time\" content=\"2022-06-06T11:05:32+00:00\" \/>\n<meta property=\"og:image\" content=\"https:\/\/www.myvize.com.tr\/kanada\/wp-content\/uploads\/2021\/10\/39.jpg\" \/>\n<meta name=\"twitter:card\" content=\"summary_large_image\" \/>\n<meta name=\"twitter:label1\" content=\"Tahmini okuma s\u00fcresi\" \/>\n\t<meta name=\"twitter:data1\" content=\"4 dakika\" \/>\n<script type=\"application\/ld+json\" class=\"yoast-schema-graph\">{\"@context\":\"https:\/\/schema.org\",\"@graph\":[{\"@type\":\"WebPage\",\"@id\":\"https:\/\/www.myvize.com.tr\/kanada\/konsolosluklar\/kanada-konsolosluk-islemleri\/\",\"url\":\"https:\/\/www.myvize.com.tr\/kanada\/konsolosluklar\/kanada-konsolosluk-islemleri\/\",\"name\":\"Kanada Konsolosluk \u0130\u015flemleri Nelerdir? - MyVize\",\"isPartOf\":{\"@id\":\"https:\/\/www.myvize.com.tr\/kanada\/#website\"},\"primaryImageOfPage\":{\"@id\":\"https:\/\/www.myvize.com.tr\/kanada\/konsolosluklar\/kanada-konsolosluk-islemleri\/#primaryimage\"},\"image\":{\"@id\":\"https:\/\/www.myvize.com.tr\/kanada\/konsolosluklar\/kanada-konsolosluk-islemleri\/#primaryimage\"},\"thumbnailUrl\":\"https:\/\/www.myvize.com.tr\/kanada\/wp-content\/uploads\/2021\/10\/39.jpg\",\"datePublished\":\"2020-11-30T10:07:02+00:00\",\"dateModified\":\"2022-06-06T11:05:32+00:00\",\"description\":\"Kanada Konsolosluk \u0130\u015flemleri Nas\u0131l Yap\u0131l\u0131r? Kanada Konsolosluk \u0130\u015flemleri \u0130\u00e7in Hangi Evraklar Gerekir? Bilgi \u0130\u00e7in Bizi Aray\u0131n: 0850 346 84 93\",\"breadcrumb\":{\"@id\":\"https:\/\/www.myvize.com.tr\/kanada\/konsolosluklar\/kanada-konsolosluk-islemleri\/#breadcrumb\"},\"inLanguage\":\"tr\",\"potentialAction\":[{\"@type\":\"ReadAction\",\"target\":[\"https:\/\/www.myvize.com.tr\/kanada\/konsolosluklar\/kanada-konsolosluk-islemleri\/\"]}]},{\"@type\":\"ImageObject\",\"inLanguage\":\"tr\",\"@id\":\"https:\/\/www.myvize.com.tr\/kanada\/konsolosluklar\/kanada-konsolosluk-islemleri\/#primaryimage\",\"url\":\"https:\/\/www.myvize.com.tr\/kanada\/wp-content\/uploads\/2021\/10\/39.jpg\",\"contentUrl\":\"https:\/\/www.myvize.com.tr\/kanada\/wp-content\/uploads\/2021\/10\/39.jpg\",\"width\":800,\"height\":500,\"caption\":\"Kanada Konsolosluk \u0130\u015flemleri\"},{\"@type\":\"BreadcrumbList\",\"@id\":\"https:\/\/www.myvize.com.tr\/kanada\/konsolosluklar\/kanada-konsolosluk-islemleri\/#breadcrumb\",\"itemListElement\":[{\"@type\":\"ListItem\",\"position\":1,\"name\":\"Anasayfa\",\"item\":\"https:\/\/www.myvize.com.tr\/kanada\/\"},{\"@type\":\"ListItem\",\"position\":2,\"name\":\"KONSOLOSLUKLAR\",\"item\":\"https:\/\/www.myvize.com.tr\/kanada\/konsolosluklar\/\"},{\"@type\":\"ListItem\",\"position\":3,\"name\":\"Kanada Konsolosluk \u0130\u015flemleri\"}]},{\"@type\":\"WebSite\",\"@id\":\"https:\/\/www.myvize.com.tr\/kanada\/#website\",\"url\":\"https:\/\/www.myvize.com.tr\/kanada\/\",\"name\":\"Kanada Vizesi\",\"description\":\"\",\"potentialAction\":[{\"@type\":\"SearchAction\",\"target\":{\"@type\":\"EntryPoint\",\"urlTemplate\":\"https:\/\/www.myvize.com.tr\/kanada\/?s={search_term_string}\"},\"query-input\":{\"@type\":\"PropertyValueSpecification\",\"valueRequired\":true,\"valueName\":\"search_term_string\"}}],\"inLanguage\":\"tr\"}]}<\/script>\n<!-- \/ Yoast SEO plugin. -->","yoast_head_json":{"title":"Kanada Konsolosluk \u0130\u015flemleri Nelerdir? - MyVize","description":"Kanada Konsolosluk \u0130\u015flemleri Nas\u0131l Yap\u0131l\u0131r? Kanada Konsolosluk \u0130\u015flemleri \u0130\u00e7in Hangi Evraklar Gerekir? Bilgi \u0130\u00e7in Bizi Aray\u0131n: 0850 346 84 93","robots":{"index":"index","follow":"follow","max-snippet":"max-snippet:-1","max-image-preview":"max-image-preview:large","max-video-preview":"max-video-preview:-1"},"canonical":"https:\/\/www.myvize.com.tr\/kanada\/konsolosluklar\/kanada-konsolosluk-islemleri\/","og_locale":"tr_TR","og_type":"article","og_title":"Kanada Konsolosluk \u0130\u015flemleri Nelerdir? - MyVize","og_description":"Kanada Konsolosluk \u0130\u015flemleri Nas\u0131l Yap\u0131l\u0131r? Kanada Konsolosluk \u0130\u015flemleri \u0130\u00e7in Hangi Evraklar Gerekir? Bilgi \u0130\u00e7in Bizi Aray\u0131n: 0850 346 84 93","og_url":"https:\/\/www.myvize.com.tr\/kanada\/konsolosluklar\/kanada-konsolosluk-islemleri\/","og_site_name":"Kanada Vizesi","article_modified_time":"2022-06-06T11:05:32+00:00","og_image":[{"url":"https:\/\/www.myvize.com.tr\/kanada\/wp-content\/uploads\/2021\/10\/39.jpg","type":"","width":"","height":""}],"twitter_card":"summary_large_image","twitter_misc":{"Tahmini okuma s\u00fcresi":"4 dakika"},"schema":{"@context":"https:\/\/schema.org","@graph":[{"@type":"WebPage","@id":"https:\/\/www.myvize.com.tr\/kanada\/konsolosluklar\/kanada-konsolosluk-islemleri\/","url":"https:\/\/www.myvize.com.tr\/kanada\/konsolosluklar\/kanada-konsolosluk-islemleri\/","name":"Kanada Konsolosluk \u0130\u015flemleri Nelerdir? - MyVize","isPartOf":{"@id":"https:\/\/www.myvize.com.tr\/kanada\/#website"},"primaryImageOfPage":{"@id":"https:\/\/www.myvize.com.tr\/kanada\/konsolosluklar\/kanada-konsolosluk-islemleri\/#primaryimage"},"image":{"@id":"https:\/\/www.myvize.com.tr\/kanada\/konsolosluklar\/kanada-konsolosluk-islemleri\/#primaryimage"},"thumbnailUrl":"https:\/\/www.myvize.com.tr\/kanada\/wp-content\/uploads\/2021\/10\/39.jpg","datePublished":"2020-11-30T10:07:02+00:00","dateModified":"2022-06-06T11:05:32+00:00","description":"Kanada Konsolosluk \u0130\u015flemleri Nas\u0131l Yap\u0131l\u0131r? Kanada Konsolosluk \u0130\u015flemleri \u0130\u00e7in Hangi Evraklar Gerekir? Bilgi \u0130\u00e7in Bizi Aray\u0131n: 0850 346 84 93","breadcrumb":{"@id":"https:\/\/www.myvize.com.tr\/kanada\/konsolosluklar\/kanada-konsolosluk-islemleri\/#breadcrumb"},"inLanguage":"tr","potentialAction":[{"@type":"ReadAction","target":["https:\/\/www.myvize.com.tr\/kanada\/konsolosluklar\/kanada-konsolosluk-islemleri\/"]}]},{"@type":"ImageObject","inLanguage":"tr","@id":"https:\/\/www.myvize.com.tr\/kanada\/konsolosluklar\/kanada-konsolosluk-islemleri\/#primaryimage","url":"https:\/\/www.myvize.com.tr\/kanada\/wp-content\/uploads\/2021\/10\/39.jpg","contentUrl":"https:\/\/www.myvize.com.tr\/kanada\/wp-content\/uploads\/2021\/10\/39.jpg","width":800,"height":500,"caption":"Kanada Konsolosluk \u0130\u015flemleri"},{"@type":"BreadcrumbList","@id":"https:\/\/www.myvize.com.tr\/kanada\/konsolosluklar\/kanada-konsolosluk-islemleri\/#breadcrumb","itemListElement":[{"@type":"ListItem","position":1,"name":"Anasayfa","item":"https:\/\/www.myvize.com.tr\/kanada\/"},{"@type":"ListItem","position":2,"name":"KONSOLOSLUKLAR","item":"https:\/\/www.myvize.com.tr\/kanada\/konsolosluklar\/"},{"@type":"ListItem","position":3,"name":"Kanada Konsolosluk \u0130\u015flemleri"}]},{"@type":"WebSite","@id":"https:\/\/www.myvize.com.tr\/kanada\/#website","url":"https:\/\/www.myvize.com.tr\/kanada\/","name":"Kanada Vizesi","description":"","potentialAction":[{"@type":"SearchAction","target":{"@type":"EntryPoint","urlTemplate":"https:\/\/www.myvize.com.tr\/kanada\/?s={search_term_string}"},"query-input":{"@type":"PropertyValueSpecification","valueRequired":true,"valueName":"search_term_string"}}],"inLanguage":"tr"}]}},"_links":{"self":[{"href":"https:\/\/www.myvize.com.tr\/kanada\/wp-json\/wp\/v2\/pages\/92","targetHints":{"allow":["GET"]}}],"collection":[{"href":"https:\/\/www.myvize.com.tr\/kanada\/wp-json\/wp\/v2\/pages"}],"about":[{"href":"https:\/\/www.myvize.com.tr\/kanada\/wp-json\/wp\/v2\/types\/page"}],"author":[{"embeddable":true,"href":"https:\/\/www.myvize.com.tr\/kanada\/wp-json\/wp\/v2\/users\/1"}],"replies":[{"embeddable":true,"href":"https:\/\/www.myvize.com.tr\/kanada\/wp-json\/wp\/v2\/comments?post=92"}],"version-history":[{"count":7,"href":"https:\/\/www.myvize.com.tr\/kanada\/wp-json\/wp\/v2\/pages\/92\/revisions"}],"predecessor-version":[{"id":1187,"href":"https:\/\/www.myvize.com.tr\/kanada\/wp-json\/wp\/v2\/pages\/92\/revisions\/1187"}],"up":[{"embeddable":true,"href":"https:\/\/www.myvize.com.tr\/kanada\/wp-json\/wp\/v2\/pages\/69"}],"wp:attachment":[{"href":"https:\/\/www.myvize.com.tr\/kanada\/wp-json\/wp\/v2\/media?parent=92"}],"curies":[{"name":"wp","href":"https:\/\/api.w.org\/{rel}","templated":true}]}}