{"id":165,"date":"2020-12-25T10:28:14","date_gmt":"2020-12-25T07:28:14","guid":{"rendered":"https:\/\/www.myvize.com.tr\/letonya\/?page_id=165"},"modified":"2022-08-17T12:30:09","modified_gmt":"2022-08-17T09:30:09","slug":"oturum-2","status":"publish","type":"page","link":"https:\/\/www.myvize.com.tr\/letonya\/oturum-2\/","title":{"rendered":"LETONYA OTURUM KARTI"},"content":{"rendered":"<p><span style=\"font-family: Roboto;\"><\/span><\/p>\r\n<p><span style=\"font-family: Roboto; font-size: 14px;\">Avrupa devleti olan Letonya Balt\u0131k Denizi k\u0131y\u0131s\u0131nda yer al\u0131r. \u00dclkenin ba\u015fkenti Riga resmi dili ise Letoncad\u0131r. Il\u0131man bir iklime sahip olan Letonya T\u00fcrk vatanda\u015flar\u0131ndan vize isteyen \u00fclkeler i\u00e7erisinde yer al\u0131r. <span style=\"color: #2acec2;\"><strong><a style=\"color: #2acec2;\" href=\"https:\/\/www.myvize.com.tr\/letonya\/vize-islemleri\/letonya-oturum-izni\/\" target=\"_blank\" rel=\"noopener\">Letonya oturum izni<\/a><\/strong><\/span> elde eden ki\u015filer ayn\u0131 zamanda t\u00fcm Schengen \u00fclkeleri i\u00e7erisinde serbest bir \u015fekilde seyahat edebilir. Ayn\u0131 \u015fekilde bu bize sayesinde Avrupa Birli\u011fi\u2019nin sundu\u011fu t\u00fcm f\u0131rsatlardan yararlanabilir.<strong> Letonya oturum vizesi<\/strong> bulunanlar \u00fclke halk\u0131 gibi Letonya\u2019ya kay\u0131tl\u0131 g\u00fcmr\u00fck vergilerinden muaf olurlar. Bir\u00e7ok f\u0131rsat e\u015fitli\u011fi sunan Letonya oturum vizesi T\u00fcrk vatanda\u015flar\u0131n\u0131n d\u00fc\u015f\u00fck maliyetli ya\u015fam \u015fans\u0131 elde etmesine yard\u0131mc\u0131 olur. Letonya oturum vizesi alabilmenin bir\u00e7ok yolu bulunur. Bunlar yabanc\u0131 vatanda\u015f, AB mavi kart ve yat\u0131r\u0131m ama\u00e7l\u0131 oturum vizesidir.<\/span><\/p>\r\n<p><span style=\"font-family: Roboto; font-size: 14px;\">\r\n\r\n<\/span><\/p>\r\n<h2><span style=\"font-family: Roboto; font-size: 27px;\"><strong>Yat\u0131r\u0131m Ama\u00e7l\u0131 Oturum Vizesi Almak<\/strong><\/span><\/h2>\r\n<p><span style=\"font-family: Roboto; font-size: 14px;\">\r\n\r\n<\/span><\/p>\r\n<p><span style=\"font-family: Roboto; font-size: 14px;\">Letonya d\u0131\u015far\u0131dan yat\u0131r\u0131m ama\u00e7l\u0131 gelen T\u00fcrk vatanda\u015flar\u0131na bize imk\u00e2n\u0131 sunuyor. B\u00f6yle bir politika g\u00fctmesinin en \u00f6nemli nedeni ise yabanc\u0131 sermayecileri destekleyerek \u00fclke ekonomisine katk\u0131 sunmalar\u0131 hedeflenir. Bu nedenle \u00f6ncelikle gelecek olan yat\u0131r\u0131mc\u0131lara ge\u00e7ici ikamet izni verilir. Bu ikamet iznini elde edebilmek i\u00e7in \u015fu ko\u015fullar\u0131 sa\u011flamak gerekir:<\/span><\/p>\r\n<p><span style=\"font-family: Roboto; font-size: 14px;\">\r\n\r\n<\/span><\/p>\r\n<p><span style=\"font-family: Roboto; font-size: 14px;\">l Bir \u015firkete en az 36 bin Euro katk\u0131da bulunarak ana sermayeye sahip \u015firket kurmaya m\u00fcracaat edilebilir.<\/span><\/p>\r\n<p><span style=\"font-family: Roboto; font-size: 14px;\">\r\n\r\n<\/span><\/p>\r\n<p><span style=\"font-family: Roboto; font-size: 14px;\">l Herhangi bir Letonya bankas\u0131na En az 300 bin Euro yat\u0131r\u0131m yap\u0131larak da oturum vizesi al\u0131nabilir<\/span><\/p>\r\n<p><span style=\"font-family: Roboto; font-size: 14px;\">\r\n\r\n<\/span><\/p>\r\n<p><span style=\"font-family: Roboto; font-size: 14px;\">l Letonya\u2019da oturun iznine ba\u015fvurmak isteyenlerin izlemesi gereken bir di\u011fer \u00f6nemli yolda Letonya s\u0131n\u0131rlar\u0131 i\u00e7erisinde bir gayrimenkul sat\u0131n almakt\u0131r.<\/span><\/p>\r\n<p><span style=\"font-family: Roboto; font-size: 14px;\">\r\n\r\n<\/span><\/p>\r\n<p><span style=\"font-family: Roboto; font-size: 14px;\">Gayrimenkul sat\u0131n alacak ki\u015filerin en az 250 bin Euro de\u011ferinde ev almalar\u0131 gerekir.<\/span><\/p>\r\n<p><span style=\"font-family: Roboto; font-size: 14px;\">\r\n\r\n<\/span><\/p>\r\n<h2><span style=\"font-family: Roboto; font-size: 27px;\"><strong>Letonya Vatanda\u015fl\u0131\u011f\u0131<\/strong><\/span><\/h2>\r\n<p><span style=\"font-family: Roboto; font-size: 14px;\">\r\n\r\n<\/span><\/p>\r\n<p><span style=\"font-family: Roboto; font-size: 14px;\">T\u00fcrkiye Cumhuriyeti vatanda\u015flar\u0131 T\u00fcrkiye&#8217;deki vatanda\u015fl\u0131k haklar\u0131n\u0131 kaybetmeden <strong>Letonya vatanda\u015fl\u0131k hakk\u0131<\/strong> da kazanabilirler. Bu nedenle Letonya\u2019da ge\u00e7ici bir s\u00fcre ya\u015fayan ki\u015filer vatanda\u015fl\u0131k ba\u015fvurusunda bulunabilirler. Letonya vatanda\u015fl\u0131\u011f\u0131 i\u00e7in 15 ya\u015f\u0131n\u0131 doldurmu\u015f olmak Letonca ak\u0131c\u0131 bir \u015fekilde konu\u015fmak gerekir.<\/span><\/p>\r\n<h2><span style=\"font-family: Roboto; font-size: 27px;\"><strong>Letonya Oturum Kart\u0131 Nedir?<\/strong><\/span><\/h2>\r\n<p><span style=\"font-family: Roboto; font-size: 14px;\"><strong>Letonya oturum kart\u0131<\/strong> Letonya Cumhuriyetinden oturum izni al\u0131nmas\u0131 sonucunda g\u00f6\u00e7men b\u00fcrosu taraf\u0131ndan d\u00fczenlenen resmi bir belgedir.<\/span><\/p>\r\n<p><span style=\"font-family: Roboto; font-size: 14px;\">Letonya oturum kartlar\u0131 al\u0131nm\u0131\u015f olan oturum iznine ba\u011fl\u0131 olarak verilmektedir. 2012 y\u0131l\u0131nda al\u0131nan bir karar ile oturum izinleri kimlik belgesi gibi oturum kart\u0131 \u015feklinde verilmeye ba\u015flanm\u0131\u015ft\u0131r.<\/span><\/p>\r\n<p><span style=\"font-family: Roboto; font-size: 14px;\"><strong>Letonya oturum izinleri<\/strong> iki \u015fekilde verilmektedir. Ge\u00e7ici oturum izinlerine 90 g\u00fcnden fazla konaklama gerektiren durumlarda ba\u015fvuruda bulunmas\u0131 gerekir. Letonya G\u00f6\u00e7menlik B\u00fcrosundan ba\u015fvuru sonucu olumlu olarak yan\u0131tlan\u0131rsa ge\u00e7ici oturum iznine sahip olunur.<\/span><\/p>\r\n<p><span style=\"font-family: Roboto; font-size: 14px;\">Ge\u00e7ici oturum izni ile al\u0131nan oturum kartlar\u0131n\u0131n her y\u0131l yenilenmesi gerekmektedir. Oturum kartlar\u0131n\u0131n yenilenmesi ve ge\u00e7ici oturum izninin al\u0131nmas\u0131 i\u00e7in istenilen gerekli prosed\u00fcrlerin yerine getirilmesiyle m\u00fcmk\u00fcn olur. Be\u015f sene arada bir bo\u015fluk vermeden oturum kart\u0131 al\u0131nmas\u0131yla kal\u0131c\u0131 olarak oturum kart\u0131 al\u0131nabilir. Kal\u0131c\u0131 oturum kart\u0131 bir defa al\u0131nd\u0131ktan sonra tekrar yenilenmesine gerek yoktur.<\/span><\/p>\r\n<h2><span style=\"font-family: Roboto; font-size: 27px;\"><strong>Letonya Oturum Kart\u0131 \u0130\u015flemleri<\/strong><\/span><\/h2>\r\n<p><span style=\"font-family: Roboto; font-size: 14px;\"><strong>Letonya oturum kart\u0131<\/strong> Letonya\u2019 dan al\u0131nan oturum izinlerine istinaden verilmektedir. Letonya oturum kartlar\u0131na, ge\u00e7ici oturum izni ve kal\u0131c\u0131 oturum iznine sahip olunmas\u0131yla hak kazan\u0131lmaktad\u0131r.<\/span><\/p>\r\n<p><span style=\"font-family: Roboto; font-size: 14px;\">Letonya\u2019 da 90 g\u00fcn\u00fcn \u00fczerinde konaklamalar i\u00e7in oturum izni ile oturum kart\u0131 alma zorunlulu\u011fu vard\u0131r. \u0130lk etapta al\u0131nabilecek oturum kart\u0131 ge\u00e7ici oturum kart\u0131 olarak adland\u0131r\u0131lmaktad\u0131r ve bu oturum kartlar\u0131n\u0131n Letonya\u2019 da ikamet edildi\u011fi s\u00fcre i\u00e7erisinde her y\u0131l yenilenmesi gerekmektedir. Ge\u00e7ici oturum kartlar\u0131n\u0131n da al\u0131nabilmesi i\u00e7in Letonya G\u00f6\u00e7men B\u00fcrosu\u2019 na ba\u015fvuruda bulunulmas\u0131 gerekmektedir. Letonya G\u00f6\u00e7men B\u00fcrosu\u2019 da ba\u015fvuru yap\u0131lacakken oturum izninin hangi sebeple al\u0131naca\u011f\u0131 belirlenerek ba\u015fvuruda bulunulmal\u0131d\u0131r.<\/span><\/p>\r\n<p><span style=\"font-family: Roboto; font-size: 14px;\">Kal\u0131c\u0131 olarak al\u0131nabilen oturum kartlar\u0131 Letonya\u2019 da be\u015f y\u0131l \u00fcst \u00fcste ge\u00e7ici oturum izninin al\u0131nmas\u0131na ve bu oturum izinlerinin aras\u0131nda bir bo\u015fluk olmamas\u0131 gerekmektedir. Ba\u015fta bu \u015fart\u0131n sa\u011flanmas\u0131 ve nedenine ba\u011fl\u0131 olarak di\u011fer \u015fartlar\u0131n sa\u011flanmas\u0131yla kal\u0131c\u0131 oturum kart\u0131n\u0131n al\u0131nmas\u0131 da m\u00fcmk\u00fcnd\u00fcr. Kal\u0131c\u0131 bir oturum kart\u0131na sahip olduktan sonra tekrar oturum kart\u0131 i\u00e7in bir ba\u015fvuruda bulunulmas\u0131na gerek yoktur.<\/span><\/p>\r\n<h3><span style=\"font-family: Roboto; font-size: 24px;\"><strong>Letonya Oturum Kart\u0131 Nas\u0131l Al\u0131n\u0131r?<\/strong><\/span><\/h3>\r\n<p><span style=\"font-family: Roboto; font-size: 14px;\">Letonya oturum kartlar\u0131na oturum izni al\u0131nmas\u0131yla sahip olunabilmektedir. Letonya G\u00f6\u00e7men B\u00fcrolar\u0131ndan al\u0131nan oturum izinleri 2012 y\u0131l\u0131ndan itibaren kimlik kart\u0131 format\u0131nda oturum kart\u0131 ad\u0131yla verilmektedir. G\u00f6\u00e7menlik ofisinden al\u0131nan oturum izinleri ge\u00e7ici oturum izni ve kal\u0131c\u0131 oturum izni olarak iki \u015fekilde verilmektedir. Oturum izinlerine ba\u015fvuruda bulunabilmek i\u00e7in a\u015fa\u011f\u0131da belirtilen sebeplerden biriyle G\u00f6\u00e7menlik b\u00fcrolar\u0131na ba\u015fvuruda bulunmak gerekmektedir.<\/span><\/p>\r\n<p><span style=\"font-family: Roboto; font-size: 14px;\">Letonya oturum iznine ba\u015fvuruda bulunabilmek i\u00e7in olmas\u0131 gereken \u015fartlar;<\/span><\/p>\r\n<ul>\r\n<li><span style=\"font-family: Roboto; font-size: 14px;\"><strong>Letonya\u2019 da oturum izni<\/strong> olan biriyle evlenmek<\/span><\/li>\r\n<li><span style=\"font-family: Roboto; font-size: 14px;\">Letonya\u2019 da bir i\u015f bulmak ya da ticari aktivitelerde bulunmak<\/span><\/li>\r\n<li><span style=\"font-family: Roboto; font-size: 14px;\">Letonya\u2019 da bulunan bir e\u011fitim kurumundan e\u011fitim almak ya da bilimsel \u00e7al\u0131\u015fmalarda bulunmak<\/span><\/li>\r\n<\/ul>\r\n<p><span style=\"font-family: Roboto; font-size: 14px;\">Letonya oturum iznine ba\u015fvuruda bulunabilmek i\u00e7in ge\u00e7erli bir neden sunduktan sonra her oturum izni ba\u015fvurusunda kullan\u0131lan evrak listesi \u015f\u00f6yledir;<\/span><\/p>\r\n<ul>\r\n<li><span style=\"font-family: Roboto; font-size: 14px;\">Oturum iznine ihtiya\u00e7 konusuna g\u00f6re ba\u015fvuru formunu doldurmak ve imzalamak<\/span><\/li>\r\n<li><span style=\"font-family: Roboto; font-size: 14px;\">\u0130htiya\u00e7 duyulan oturum iznin i\u00e7eri\u011fine g\u00f6re gerekli belgeleri haz\u0131rlamak<\/span><\/li>\r\n<li><span style=\"font-family: Roboto; font-size: 14px;\">Haz\u0131rlanan belgelerin \u0130ngilizce ve Letonca terc\u00fcmelerini yapt\u0131rmak<\/span><\/li>\r\n<li><span style=\"font-family: Roboto; font-size: 14px;\">G\u00f6\u00e7menlik B\u00fcrosundan ba\u015fvuru i\u00e7in randevu almak<\/span><\/li>\r\n<\/ul>\r\n<p><span style=\"font-family: Roboto; font-size: 14px;\">Bu ad\u0131mlara g\u00f6re yap\u0131lan ba\u015fvurularda evraklarda bir eksiklik ya da hata yok ise olumlu olarak yan\u0131tlanmaktad\u0131r.<\/span><\/p>\r\n<h3><span style=\"font-family: Roboto; font-size: 24px;\"><strong>Letonya Oturum Kart\u0131 Ka\u00e7 G\u00fcnde \u00c7\u0131kar?<\/strong><\/span><\/h3>\r\n<p><span style=\"font-family: Roboto; font-size: 14px;\"><strong>Letonya oturum kartlar\u0131<\/strong> Letonya\u2019 da 90 g\u00fcnden daha uzun s\u00fcreli yap\u0131lacak konaklamalar i\u00e7in al\u0131nmas\u0131 gereken oturum izni olarak tan\u0131mlanmaktad\u0131r. 2012 y\u0131l\u0131ndan itibaren al\u0131nan bir kararla al\u0131nan oturum izinleri kimlik kart\u0131 boyutlar\u0131na getirilmi\u015f ve kart olarak \u00fcstte ta\u015f\u0131nma imkan\u0131 verilmi\u015ftir.<\/span><\/p>\r\n<p><span style=\"font-family: Roboto; font-size: 14px;\">Letonya oturum izinlerinin standart bir ba\u015fvuru \u015fekli bulunmamaktad\u0131r. Oturum izinleri genel olarak ge\u00e7ici oturum izni ve kal\u0131c\u0131 oturum izni ad\u0131 alt\u0131nda iki k\u0131sma ayr\u0131lm\u0131\u015ft\u0131r. Ge\u00e7ici oturum izinleri Letonya G\u00f6\u00e7menlik B\u00fcrosu\u2019 na yap\u0131lan ilk ba\u015fvuruda verilen izinlerdir. Be\u015f y\u0131l \u00fcst \u00fcste arada hi\u00e7 bo\u015fluk b\u0131rakmadan ge\u00e7ici oturum izninin al\u0131nmas\u0131yla kal\u0131c\u0131 oturum iznine de ba\u015fvuruda bulunulabilir.<\/span><\/p>\r\n<p><span style=\"font-family: Roboto; font-size: 14px;\">Letonya oturum izinlerinin standart bir sonu\u00e7lanma s\u00fcresi de yoktur. Ba\u015fvuruda bulunulacak olan oturum izni t\u00fcr\u00fcne g\u00f6re sonu\u00e7lanma s\u00fcresi de de\u011fi\u015fiklik g\u00f6stermektedir. Ancak ortalama olarak 1 ayl\u0131k bir s\u00fcrede sonu\u00e7land\u0131\u011f\u0131 s\u00f6ylenebilir. Ge\u00e7ici oturum izinleri y\u0131ll\u0131k olarak yenilendi\u011fi i\u00e7in al\u0131nm\u0131\u015f olan oturum izni bitmesine 1 ay kadar bir s\u00fcre kald\u0131\u011f\u0131nda yeni oturum izni i\u00e7in ba\u015fvuruda bulunarak orada bo\u015fluk olmamas\u0131 engellenebilir.<\/span><\/p>\r\n<p><span style=\"font-family: Roboto;\"><\/span><\/p>","protected":false},"excerpt":{"rendered":"<p>Avrupa devleti olan Letonya Balt\u0131k Denizi k\u0131y\u0131s\u0131nda yer al\u0131r. \u00dclkenin ba\u015fkenti Riga resmi dili ise Letoncad\u0131r. Il\u0131man bir iklime sahip olan Letonya T\u00fcrk vatanda\u015flar\u0131ndan vize isteyen \u00fclkeler i\u00e7erisinde yer al\u0131r. Letonya oturum izni elde eden ki\u015filer ayn\u0131 zamanda t\u00fcm Schengen \u00fclkeleri i\u00e7erisinde serbest bir \u015fekilde seyahat edebilir. Ayn\u0131 \u015fekilde bu bize sayesinde Avrupa Birli\u011fi\u2019nin sundu\u011fu<\/p>\n","protected":false},"author":1,"featured_media":0,"parent":0,"menu_order":0,"comment_status":"open","ping_status":"closed","template":"","meta":{"footnotes":""},"class_list":["post-165","page","type-page","status-publish","hentry"],"yoast_head":"<!-- This site is optimized with the Yoast SEO plugin v24.0 - https:\/\/yoast.com\/wordpress\/plugins\/seo\/ -->\n<title>Letonya Oturum Kart\u0131 - Letonya Vizesi - MyVize<\/title>\n<meta name=\"description\" content=\"Letonya Oturum Kart\u0131 nas\u0131l al\u0131n\u0131r? Letonya Oturum Kart\u0131 i\u015flemleri nelerdir? Bilgi \u0130\u00e7in Vize Uzmanlar\u0131m\u0131z\u0131 Aray\u0131n: 0850 346 84 93\" \/>\n<meta name=\"robots\" content=\"index, follow, max-snippet:-1, max-image-preview:large, max-video-preview:-1\" \/>\n<link rel=\"canonical\" href=\"https:\/\/www.myvize.com.tr\/letonya\/oturum-2\/\" \/>\n<meta property=\"og:locale\" content=\"tr_TR\" \/>\n<meta property=\"og:type\" content=\"article\" \/>\n<meta property=\"og:title\" content=\"Letonya Oturum Kart\u0131 - Letonya Vizesi - MyVize\" \/>\n<meta property=\"og:description\" content=\"Letonya Oturum Kart\u0131 nas\u0131l al\u0131n\u0131r? Letonya Oturum Kart\u0131 i\u015flemleri nelerdir? Bilgi \u0130\u00e7in Vize Uzmanlar\u0131m\u0131z\u0131 Aray\u0131n: 0850 346 84 93\" \/>\n<meta property=\"og:url\" content=\"https:\/\/www.myvize.com.tr\/letonya\/oturum-2\/\" \/>\n<meta property=\"og:site_name\" content=\"Letonya Vizesi\" \/>\n<meta property=\"article:modified_time\" content=\"2022-08-17T09:30:09+00:00\" \/>\n<meta name=\"twitter:card\" content=\"summary_large_image\" \/>\n<meta name=\"twitter:label1\" content=\"Tahmini okuma s\u00fcresi\" \/>\n\t<meta name=\"twitter:data1\" content=\"6 dakika\" \/>\n<script type=\"application\/ld+json\" class=\"yoast-schema-graph\">{\"@context\":\"https:\/\/schema.org\",\"@graph\":[{\"@type\":\"WebPage\",\"@id\":\"https:\/\/www.myvize.com.tr\/letonya\/oturum-2\/\",\"url\":\"https:\/\/www.myvize.com.tr\/letonya\/oturum-2\/\",\"name\":\"Letonya Oturum Kart\u0131 - Letonya Vizesi - MyVize\",\"isPartOf\":{\"@id\":\"https:\/\/www.myvize.com.tr\/letonya\/#website\"},\"datePublished\":\"2020-12-25T07:28:14+00:00\",\"dateModified\":\"2022-08-17T09:30:09+00:00\",\"description\":\"Letonya Oturum Kart\u0131 nas\u0131l al\u0131n\u0131r? Letonya Oturum Kart\u0131 i\u015flemleri nelerdir? Bilgi \u0130\u00e7in Vize Uzmanlar\u0131m\u0131z\u0131 Aray\u0131n: 0850 346 84 93\",\"breadcrumb\":{\"@id\":\"https:\/\/www.myvize.com.tr\/letonya\/oturum-2\/#breadcrumb\"},\"inLanguage\":\"tr\",\"potentialAction\":[{\"@type\":\"ReadAction\",\"target\":[\"https:\/\/www.myvize.com.tr\/letonya\/oturum-2\/\"]}]},{\"@type\":\"BreadcrumbList\",\"@id\":\"https:\/\/www.myvize.com.tr\/letonya\/oturum-2\/#breadcrumb\",\"itemListElement\":[{\"@type\":\"ListItem\",\"position\":1,\"name\":\"Anasayfa\",\"item\":\"https:\/\/www.myvize.com.tr\/letonya\/\"},{\"@type\":\"ListItem\",\"position\":2,\"name\":\"LETONYA OTURUM KARTI\"}]},{\"@type\":\"WebSite\",\"@id\":\"https:\/\/www.myvize.com.tr\/letonya\/#website\",\"url\":\"https:\/\/www.myvize.com.tr\/letonya\/\",\"name\":\"Letonya Vizesi\",\"description\":\"\",\"potentialAction\":[{\"@type\":\"SearchAction\",\"target\":{\"@type\":\"EntryPoint\",\"urlTemplate\":\"https:\/\/www.myvize.com.tr\/letonya\/?s={search_term_string}\"},\"query-input\":{\"@type\":\"PropertyValueSpecification\",\"valueRequired\":true,\"valueName\":\"search_term_string\"}}],\"inLanguage\":\"tr\"}]}<\/script>\n<!-- \/ Yoast SEO plugin. -->","yoast_head_json":{"title":"Letonya Oturum Kart\u0131 - Letonya Vizesi - MyVize","description":"Letonya Oturum Kart\u0131 nas\u0131l al\u0131n\u0131r? Letonya Oturum Kart\u0131 i\u015flemleri nelerdir? Bilgi \u0130\u00e7in Vize Uzmanlar\u0131m\u0131z\u0131 Aray\u0131n: 0850 346 84 93","robots":{"index":"index","follow":"follow","max-snippet":"max-snippet:-1","max-image-preview":"max-image-preview:large","max-video-preview":"max-video-preview:-1"},"canonical":"https:\/\/www.myvize.com.tr\/letonya\/oturum-2\/","og_locale":"tr_TR","og_type":"article","og_title":"Letonya Oturum Kart\u0131 - Letonya Vizesi - MyVize","og_description":"Letonya Oturum Kart\u0131 nas\u0131l al\u0131n\u0131r? Letonya Oturum Kart\u0131 i\u015flemleri nelerdir? Bilgi \u0130\u00e7in Vize Uzmanlar\u0131m\u0131z\u0131 Aray\u0131n: 0850 346 84 93","og_url":"https:\/\/www.myvize.com.tr\/letonya\/oturum-2\/","og_site_name":"Letonya Vizesi","article_modified_time":"2022-08-17T09:30:09+00:00","twitter_card":"summary_large_image","twitter_misc":{"Tahmini okuma s\u00fcresi":"6 dakika"},"schema":{"@context":"https:\/\/schema.org","@graph":[{"@type":"WebPage","@id":"https:\/\/www.myvize.com.tr\/letonya\/oturum-2\/","url":"https:\/\/www.myvize.com.tr\/letonya\/oturum-2\/","name":"Letonya Oturum Kart\u0131 - Letonya Vizesi - MyVize","isPartOf":{"@id":"https:\/\/www.myvize.com.tr\/letonya\/#website"},"datePublished":"2020-12-25T07:28:14+00:00","dateModified":"2022-08-17T09:30:09+00:00","description":"Letonya Oturum Kart\u0131 nas\u0131l al\u0131n\u0131r? Letonya Oturum Kart\u0131 i\u015flemleri nelerdir? Bilgi \u0130\u00e7in Vize Uzmanlar\u0131m\u0131z\u0131 Aray\u0131n: 0850 346 84 93","breadcrumb":{"@id":"https:\/\/www.myvize.com.tr\/letonya\/oturum-2\/#breadcrumb"},"inLanguage":"tr","potentialAction":[{"@type":"ReadAction","target":["https:\/\/www.myvize.com.tr\/letonya\/oturum-2\/"]}]},{"@type":"BreadcrumbList","@id":"https:\/\/www.myvize.com.tr\/letonya\/oturum-2\/#breadcrumb","itemListElement":[{"@type":"ListItem","position":1,"name":"Anasayfa","item":"https:\/\/www.myvize.com.tr\/letonya\/"},{"@type":"ListItem","position":2,"name":"LETONYA OTURUM KARTI"}]},{"@type":"WebSite","@id":"https:\/\/www.myvize.com.tr\/letonya\/#website","url":"https:\/\/www.myvize.com.tr\/letonya\/","name":"Letonya Vizesi","description":"","potentialAction":[{"@type":"SearchAction","target":{"@type":"EntryPoint","urlTemplate":"https:\/\/www.myvize.com.tr\/letonya\/?s={search_term_string}"},"query-input":{"@type":"PropertyValueSpecification","valueRequired":true,"valueName":"search_term_string"}}],"inLanguage":"tr"}]}},"_links":{"self":[{"href":"https:\/\/www.myvize.com.tr\/letonya\/wp-json\/wp\/v2\/pages\/165","targetHints":{"allow":["GET"]}}],"collection":[{"href":"https:\/\/www.myvize.com.tr\/letonya\/wp-json\/wp\/v2\/pages"}],"about":[{"href":"https:\/\/www.myvize.com.tr\/letonya\/wp-json\/wp\/v2\/types\/page"}],"author":[{"embeddable":true,"href":"https:\/\/www.myvize.com.tr\/letonya\/wp-json\/wp\/v2\/users\/1"}],"replies":[{"embeddable":true,"href":"https:\/\/www.myvize.com.tr\/letonya\/wp-json\/wp\/v2\/comments?post=165"}],"version-history":[{"count":7,"href":"https:\/\/www.myvize.com.tr\/letonya\/wp-json\/wp\/v2\/pages\/165\/revisions"}],"predecessor-version":[{"id":826,"href":"https:\/\/www.myvize.com.tr\/letonya\/wp-json\/wp\/v2\/pages\/165\/revisions\/826"}],"wp:attachment":[{"href":"https:\/\/www.myvize.com.tr\/letonya\/wp-json\/wp\/v2\/media?parent=165"}],"curies":[{"name":"wp","href":"https:\/\/api.w.org\/{rel}","templated":true}]}}