{"id":171,"date":"2020-12-25T10:29:41","date_gmt":"2020-12-25T07:29:41","guid":{"rendered":"https:\/\/www.myvize.com.tr\/letonya\/?page_id=171"},"modified":"2022-09-05T12:58:47","modified_gmt":"2022-09-05T09:58:47","slug":"form-ve-dilekce","status":"publish","type":"page","link":"https:\/\/www.myvize.com.tr\/letonya\/form-ve-dilekce\/","title":{"rendered":"FORM VE D\u0130LEK\u00c7E"},"content":{"rendered":"<p><span style=\"font-family: Roboto;\"><\/span><\/p>\r\n<p><span style=\"font-family: Roboto; font-size: 14px;\">Letonya&#8217;ya\u00a0 seyahat edecek ki\u015filer\u00a0 hususi,\u00a0 hizmet veya diplomatik pasaporta sahip ise 90 g\u00fcn\u00fc\u00a0 a\u015fmayacak \u015fekilde vizeden muaft\u0131r.\u00a0 Sadece umuma pasaport sahipleri k\u0131sa s\u00fcreli seyahatleri i\u00e7in vize zorunlulu\u011funa\u00a0 sahiptir.\u00a0 90 g\u00fcnden az konaklayacak ki\u015filer vize ba\u015fvurular\u0131n\u0131 <strong>Schengen\u00a0 vizesi\u00a0<\/strong> arac\u0131l\u0131\u011f\u0131 ile yapacakt\u0131r. <strong>Schengen\u00a0 vizesi<\/strong> ba\u015fvurusu ile alakal\u0131\u00a0 bilgiler;<\/span><\/p>\r\n<p><span style=\"font-family: Roboto; font-size: 14px;\">\r\n\r\n<\/span><\/p>\r\n<ol class=\"wp-block-list\">\r\n<li><span style=\"font-family: Roboto; font-size: 14px;\">\u00a0Ba\u015fvuru yapan ki\u015finin, biyometrik verileri ve parmak izinin ba\u015fvuraca\u011f\u0131 \u00fclkenin Konsoloslu\u011funa\u00a0 g\u00f6ndermi\u015f olmas\u0131 gerekir.<\/span><\/li>\r\n<li><span style=\"font-family: Roboto; font-size: 14px;\">\u00a0Konsolosluk ba\u015fvuru yapan Parmak izine kay\u0131t alt\u0131na al\u0131nm\u0131\u015f olmas\u0131 gerekir.<\/span><\/li>\r\n<li><span style=\"font-family: Roboto; font-size: 14px;\">\u00a0Kay\u0131t alt\u0131na parmak izi 5 y\u0131la kadar konsolosluk gizli kalmaktad\u0131r ve 5 y\u0131l i\u00e7inde vize ba\u015fvurular\u0131 kapsam\u0131nda ge\u00e7erli g\u00f6r\u00fclmektedir.<\/span><\/li>\r\n<\/ol>\r\n<p><span style=\"font-family: Roboto; font-size: 14px;\">\r\n\r\n<\/span><\/p>\r\n<h2><span style=\"font-family: Roboto; font-size: 27px;\"><strong>Letonya Vize \u0130\u00e7in Gerekli Belgeler<\/strong><\/span><\/h2>\r\n<p><span style=\"font-family: Roboto; font-size: 14px;\">1.<\/span> <span style=\"font-family: Roboto; font-size: 14px;\"><span style=\"color: #2acec2;\"><strong><a style=\"color: #2acec2;\" href=\"https:\/\/www.myvize.com.tr\/letonya\/vize-islemleri\/letonya-vize-basvuru-formu\/\" target=\"_blank\" rel=\"noopener\">\u00a0Letonya vize ba\u015fvuru formu<\/a><\/strong><\/span>:\u00a0 <strong>Letonya Konsoloslu\u011fu<\/strong> taraf\u0131ndan haz\u0131rlanm\u0131\u015f olan ba\u015fvuru formunu eksiksiz ve d\u00fczg\u00fcn bir \u015fekilde doldurmak gerekmektedir.<\/span><\/p>\r\n<p><span style=\"font-family: Roboto; font-size: 14px;\">\r\n\r\n<\/span><\/p>\r\n<p><span style=\"font-family: Roboto; font-size: 14px;\">2. Pasaport:\u00a0 istenilen Pasaportta olmas\u0131 gerekenler;<\/span><\/p>\r\n<p><span style=\"font-family: Roboto; font-size: 14px;\">\r\n\r\n<\/span><\/p>\r\n<ul class=\"wp-block-list\">\r\n<li style=\"text-align: left;\"><span style=\"font-family: Roboto; font-size: 14px;\"><span style=\"color: #2acec2;\"><strong><a style=\"color: #2acec2;\" href=\"https:\/\/www.myvize.com.tr\/letonya\/vize-islemleri\/letonya-turistik-vize\/\" target=\"_blank\" rel=\"noopener\">\u00a0Letonya turistik vize<\/a><\/strong><\/span> i\u00e7in ba\u015fvuran ki\u015filer pasaportlar\u0131nda en az 2 sayfay\u0131 bo\u015f b\u0131rakmalar\u0131 gerekir.<\/span><\/li>\r\n<li><span style=\"font-family: Roboto; font-size: 14px;\">\u00a0Pasaportlar 10 y\u0131l i\u00e7inde\u00a0 haz\u0131rlanm\u0131\u015f herhangi bir y\u0131pranmaya maruz kalmam\u0131\u015f olmas\u0131 gerekir.\u00a0 Eski pasaportlar,\u00a0 ba\u015fvuru\u00a0 esnas\u0131nda sorun yaratabilir.<\/span><\/li>\r\n<\/ul>\r\n<p><span style=\"font-family: Roboto; font-size: 14px;\">\r\n\r\n<\/span><\/p>\r\n<p><span style=\"font-family: Roboto; font-size: 14px;\">3.\u00a0 2 adet biyometrik \u015fekilde \u00e7ekilmi\u015f 35 x 45 mm foto\u011fraf<\/span><\/p>\r\n<p><span style=\"font-family: Roboto; font-size: 14px;\">\r\n\r\n<\/span><\/p>\r\n<p><span style=\"font-family: Roboto; font-size: 14px;\">4.\u00a0 Foto\u011fraf\u00a0 eski olmamal\u0131 3 ay i\u00e7erisinde \u00e7ekilmi\u015f foto\u011fraf olmal\u0131d\u0131r.<\/span><\/p>\r\n<p><span style=\"font-family: Roboto; font-size: 14px;\">\r\n\r\n<\/span><\/p>\r\n<p><span style=\"font-family: Roboto; font-size: 14px;\">5.\u00a0 N\u00fcfus kay\u0131t \u00f6rne\u011fi ve kimlik kart\u0131 fotokopisi<\/span><\/p>\r\n<p><span style=\"font-family: Roboto; font-size: 14px;\">\r\n\r\n<\/span><\/p>\r\n<p><span style=\"font-family: Roboto; font-size: 14px;\">6.\u00a0 Vizeyi alan ki\u015fi maddi durumu ile alakal\u0131 belgeleri dosyaya koymal\u0131d\u0131r.\u00a0 En az 3 ayl\u0131k Banka hesab\u0131 \u00f6zeti ve gezi s\u0131ras\u0131nda kendisine yetecek miktarda paran\u0131n hesab\u0131nda bulunmas\u0131\u00a0 gerekmektedir.<\/span><\/p>\r\n<p><span style=\"font-family: Roboto; font-size: 14px;\">\r\n\r\n<\/span><\/p>\r\n<p><span style=\"font-family: Roboto; font-size: 14px;\">7.\u00a0 Ba\u015fvuruda bulunan ki\u015finin \u00fczerine kay\u0131tl\u0131 tapu\u00a0 bilgileri,\u00a0 \u00fczerine ara\u00e7 varsa ruhsat\u0131,\u00a0 kredi kart\u0131 ekstralar\u0131\u00a0 ba\u015fvuru s\u0131ras\u0131nda istenmektedir.<\/span><\/p>\r\n<p><span style=\"font-family: Roboto; font-size: 14px;\">\r\n\r\n<\/span><\/p>\r\n<p><span style=\"font-family: Roboto; font-size: 14px;\">8.\u00a0 <a href=\"https:\/\/www.myvize.com.tr\/letonya\/vize-islemleri\/letonya-schengen-vizesi\/\" target=\"_blank\" rel=\"noopener\"><span style=\"color: #2acec2;\"><strong>\u00a0Letonya Schengen vizesi<\/strong><\/span><\/a> ba\u015fvurusunda olunacak ki\u015fi\u00a0 ba\u011fl\u0131 oldu\u011fu\u00a0 kurumun\u00a0 veya \u015firketin\u00a0 vermi\u015f oldu\u011fu antetli formunu\u00a0 \u015firketteki en yetkili ki\u015fi taraf\u0131ndan konsoloslu\u011fa hitaben doldurulmu\u015f olmas\u0131 gerekir.\u00a0 <strong>Vize ba\u015fvurusu\u00a0<\/strong> yapan ki\u015finin\u00a0 mesle\u011fi g\u00f6revi ve maa\u015f bilgileri,\u00a0 seyahati hangi tarihte yapaca\u011f\u0131 ve kimin finansa\u00a0 edip y\u00f6nlendirece\u011fi gibi bilgileri de\u00a0 ba\u015fvuru formunun i\u00e7ine eklemelidir.<\/span><\/p>\r\n<p><span style=\"font-family: Roboto; font-size: 14px;\">\r\n\r\n<\/span><\/p>\r\n<p><span style=\"font-family: Roboto; font-size: 14px;\">9.\u00a0 Vize ba\u015fvurusunu\u00a0 yapan ki\u015fi i\u015fveren, emekli\u00a0 veya herhangi bir devlet \u00e7al\u0131\u015fan\u0131 ise bunu konsoloslu\u011fa beyan etmelidir.<\/span><\/p>\r\n<p><span style=\"font-family: Roboto; font-size: 14px;\">\r\n\r\n<\/span><\/p>\r\n<p><span style=\"font-family: Roboto; font-size: 14px;\">10.\u00a0 Ba\u015fvuru yapan ki\u015fi daha \u00f6nce <strong>Schengen vizesi<\/strong>\u00a0 alan ba\u015fka \u00fclkelere seyahat ettiyse bunu da bildirmelidir.<\/span><\/p>\r\n<p><span style=\"font-family: Roboto; font-size: 14px;\">\r\n\r\n<\/span><\/p>\r\n<p><span style=\"font-family: Roboto; font-size: 14px;\">11.\u00a0 \u00c7al\u0131\u015ft\u0131\u011f\u0131 kurum\u00a0 varsa\u00a0 Kurumu do\u011frulay\u0131c\u0131 belgeler\u00a0 dosyaya eklenmelidir.<\/span><\/p>\r\n<p><span style=\"font-family: Roboto; font-size: 14px;\">\r\n\r\n<\/span><\/p>\r\n<p><span style=\"font-family: Roboto; font-size: 14px;\">12.\u00a0 SGK i\u015fe giri\u015f belgesi ve SGK hizmet d\u00f6k\u00fcm belgeleri\u00a0 eklenmelidir.<\/span><\/p>\r\n<p><span style=\"font-family: Roboto; font-size: 14px;\">\r\n\r\n<\/span><\/p>\r\n<p><span style=\"font-family: Roboto; font-size: 14px;\">13.\u00a0 \u00a0Letonya&#8217;ya ne ama\u00e7la gidildi\u011fi belirtilmelidir.\u00a0 \u00d6rne\u011fin kal\u0131nacak oteller ile alakal\u0131 rezervasyonlar, u\u00e7ak biletleri ile alakal\u0131 bilgiler ticari veya herhangi bir neden i\u00e7in gidiyor ise davetiye belgesi, okul i\u00e7in gidiyor ise Okul kay\u0131t belgeleri tedavi i\u00e7in gidiyor ise heyet raporu ba\u015fvuru formuna koyulmal\u0131d\u0131r.<\/span><\/p>\r\n<p><span style=\"font-family: Roboto; font-size: 14px;\">\r\n\r\n<\/span><\/p>\r\n<p><span style=\"font-family: Roboto; font-size: 14px;\">14.\u00a0 Letonya&#8217;ya giden ki\u015fi\u00a0 seyahat sa\u011fl\u0131k sigortas\u0131na yapt\u0131rmal\u0131d\u0131r.<\/span><\/p>\r\n<p><span style=\"font-family: Roboto; font-size: 14px;\">\r\n\r\n<\/span><\/p>\r\n<p><span style=\"font-family: Roboto; font-size: 14px;\">15.\u00a0 Vize ba\u015fvurusunu yapan \u00f6zel\u00a0 durumlu ki\u015filer,\u00a0 18 ya\u015f alt\u0131 bireyler anne-babas\u0131 taraf\u0131ndan onaylanm\u0131\u015f,\u00a0 imzalanm\u0131\u015f Noter tasdikli belge imzalamas\u0131 gerekmektedir. <strong>\u0130kamet\u00a0 izni<\/strong> olan yabanc\u0131 uyruklu ki\u015filer en az 6 ay s\u00fcreli oturma izin belgesinin fotokopisini de dosya\u00a0 eklemelidir.<\/span><\/p>\r\n<p><span style=\"font-family: Roboto; font-size: 14px;\">\r\n\r\n<\/span><\/p>\r\n<h2><span style=\"font-family: Roboto; font-size: 27px;\"><strong>Letonya Vize Ba\u015fvurusu Ka\u00e7 G\u00fcnde Sonu\u00e7lan\u0131r?<\/strong><\/span><\/h2>\r\n<p><span style=\"font-family: Roboto; font-size: 14px;\">\r\n\r\n<\/span><\/p>\r\n<p><span style=\"font-family: Roboto; font-size: 14px;\">Vize ba\u015fvurusunda bulunacak ki\u015finin Letonya Konsoloslu\u011funa ba\u015fvuru yapmas\u0131 gerekir. Vize ba\u015fvurusu ortalama 5 ile 7 g\u00fcn aras\u0131 sonu\u00e7lanmaktad\u0131r.<\/span><\/p>\r\n<p><span style=\"font-family: Roboto; font-size: 14px;\">\r\n\r\n<\/span><\/p>\r\n<h2><strong><span style=\"font-family: Roboto; font-size: 27px;\">Vize \u00dccreti<\/span><\/strong><\/h2>\r\n<p><span style=\"font-family: Roboto; font-size: 14px;\">\r\n\r\n<\/span><\/p>\r\n<p><span style=\"font-family: Roboto; font-size: 14px;\">\u00a0Ba\u015fvuruda\u00a0 bulunan ki\u015finin ya\u015f\u0131 ve ba\u015fvuru ek hizmetleri gibi kriterler \u00fccreti belirleyen etkenlerdir. Bunlara ba\u011fl\u0131 olarak \u00fccretler de\u011fi\u015fmektedir.<\/span><\/p>\r\n<h2><span style=\"font-family: Roboto; font-size: 27px;\"><strong>Letonya Konsoloslu\u011fu Form ve Dilek\u00e7e<\/strong><\/span><\/h2>\r\n<p><span style=\"font-family: Roboto; font-size: 14px;\">Letonya\u2019ya seyahat edecek ki\u015fi hususi, hizmet ya da diplomatik pasaport sahip ise 3 ay\u0131 a\u015fmayacak \u015fekilde vizeden muaft\u0131rlar. 3 aydan az konaklayacak ki\u015fi vize ba\u015fvurusunu Schengen vizesi arac\u0131l\u0131\u011f\u0131yla yapacakt\u0131r.<\/span><br \/><span style=\"font-family: Roboto; font-size: 14px;\">Letonya vizesi i\u00e7in gerekli form ve dilek\u00e7eler:<\/span><br \/><span style=\"font-family: Roboto; font-size: 14px;\"><strong>Letonya vize ba\u015fvuru formu<\/strong>.<\/span><br \/><span style=\"font-family: Roboto; font-size: 14px;\">Pasaport belgesi.<\/span><br \/><span style=\"font-family: Roboto; font-size: 14px;\">2 adet biyometrik \u015fekildeki 35 x 45 mm foto\u011fraf. Foto\u011fraf eski olmamal\u0131. 90 g\u00fcn i\u00e7inde \u00e7ekilmi\u015f foto\u011fraf olmal\u0131d\u0131r.<\/span><br \/><span style=\"font-family: Roboto; font-size: 14px;\">N\u00fcfus kay\u0131t \u00f6rne\u011fi ile kimlik kart fotokopi belgesi.<\/span><br \/><span style=\"font-family: Roboto; font-size: 14px;\">Vizeyi alan ki\u015finin maddi durumuyla alakal\u0131 belgeyi dosyaya koymal\u0131d\u0131r.<\/span><br \/><span style=\"font-family: Roboto; font-size: 14px;\">Ba\u015fvuruda bulunan ki\u015fi \u00fczerine kay\u0131tl\u0131 tapu bilgi, \u00fczerine ara\u00e7 ruhsat\u0131, kredi kart ekstras\u0131 ba\u015fvuru s\u0131ras\u0131ndaki belgelerde bulunmal\u0131d\u0131r.<\/span><br \/><span style=\"font-family: Roboto; font-size: 14px;\"><strong>Vize ba\u015fvurusu<\/strong> yapan ki\u015fi i\u015fveren, emekli ya da herhangi devlet \u00e7al\u0131\u015fan\u0131ysa bunu konsoloslu\u011fa beyan eden belge.<\/span><br \/><span style=\"font-family: Roboto; font-size: 14px;\">Ba\u015fvuru yapan ki\u015filer daha \u00f6nce<strong> Schengen vize<\/strong> alan ba\u015fka \u00fclkeye seyahat ettiyse bunu bildiren belge.<\/span><br \/><span style=\"font-family: Roboto; font-size: 14px;\">\u00c7al\u0131\u015ft\u0131\u011f\u0131 kurum var ise Kurumu do\u011frulay\u0131c\u0131 belgesi.<\/span><br \/><span style=\"font-family: Roboto; font-size: 14px;\">SGK i\u015f giri\u015f belgesi ile SGK hizmet d\u00f6k\u00fcm\u00fc belgesi.<\/span><br \/><span style=\"font-family: Roboto; font-size: 14px;\">Letonya\u2019ya giden ki\u015fi seyahat sa\u011fl\u0131k sigortas\u0131 belgesi.<\/span><\/p>\r\n<p><span style=\"font-family: Roboto;\"><\/span><\/p>","protected":false},"excerpt":{"rendered":"<p>Letonya&#8217;ya\u00a0 seyahat edecek ki\u015filer\u00a0 hususi,\u00a0 hizmet veya diplomatik pasaporta sahip ise 90 g\u00fcn\u00fc\u00a0 a\u015fmayacak \u015fekilde vizeden muaft\u0131r.\u00a0 Sadece umuma pasaport sahipleri k\u0131sa s\u00fcreli seyahatleri i\u00e7in vize zorunlulu\u011funa\u00a0 sahiptir.\u00a0 90 g\u00fcnden az konaklayacak ki\u015filer vize ba\u015fvurular\u0131n\u0131 Schengen\u00a0 vizesi\u00a0 arac\u0131l\u0131\u011f\u0131 ile yapacakt\u0131r. Schengen\u00a0 vizesi ba\u015fvurusu ile alakal\u0131\u00a0 bilgiler; \u00a0Ba\u015fvuru yapan ki\u015finin, biyometrik verileri ve parmak izinin ba\u015fvuraca\u011f\u0131<\/p>\n","protected":false},"author":1,"featured_media":0,"parent":0,"menu_order":0,"comment_status":"open","ping_status":"closed","template":"","meta":{"footnotes":""},"class_list":["post-171","page","type-page","status-publish","hentry"],"yoast_head":"<!-- This site is optimized with the Yoast SEO plugin v24.0 - https:\/\/yoast.com\/wordpress\/plugins\/seo\/ -->\n<title>Letonya Konsoloslu\u011fu Form ve Dilek\u00e7e - MyVize<\/title>\n<meta name=\"description\" content=\"Letonya Konsoloslu\u011fu Form ve Dilek\u00e7eleri Nas\u0131l Yaz\u0131l\u0131r? Letonya Konsoloslu\u011fu Formu Nas\u0131l Doldurulur? Bilgi \u0130\u00e7in Hemen Aray\u0131n: 0850 346 84 93\" \/>\n<meta name=\"robots\" content=\"index, follow, max-snippet:-1, max-image-preview:large, max-video-preview:-1\" \/>\n<link rel=\"canonical\" href=\"https:\/\/www.myvize.com.tr\/letonya\/form-ve-dilekce\/\" \/>\n<meta property=\"og:locale\" content=\"tr_TR\" \/>\n<meta property=\"og:type\" content=\"article\" \/>\n<meta property=\"og:title\" content=\"Letonya Konsoloslu\u011fu Form ve Dilek\u00e7e - MyVize\" \/>\n<meta property=\"og:description\" content=\"Letonya Konsoloslu\u011fu Form ve Dilek\u00e7eleri Nas\u0131l Yaz\u0131l\u0131r? Letonya Konsoloslu\u011fu Formu Nas\u0131l Doldurulur? Bilgi \u0130\u00e7in Hemen Aray\u0131n: 0850 346 84 93\" \/>\n<meta property=\"og:url\" content=\"https:\/\/www.myvize.com.tr\/letonya\/form-ve-dilekce\/\" \/>\n<meta property=\"og:site_name\" content=\"Letonya Vizesi\" \/>\n<meta property=\"article:modified_time\" content=\"2022-09-05T09:58:47+00:00\" \/>\n<meta name=\"twitter:card\" content=\"summary_large_image\" \/>\n<meta name=\"twitter:label1\" content=\"Tahmini okuma s\u00fcresi\" \/>\n\t<meta name=\"twitter:data1\" content=\"3 dakika\" \/>\n<script type=\"application\/ld+json\" class=\"yoast-schema-graph\">{\"@context\":\"https:\/\/schema.org\",\"@graph\":[{\"@type\":\"WebPage\",\"@id\":\"https:\/\/www.myvize.com.tr\/letonya\/form-ve-dilekce\/\",\"url\":\"https:\/\/www.myvize.com.tr\/letonya\/form-ve-dilekce\/\",\"name\":\"Letonya Konsoloslu\u011fu Form ve Dilek\u00e7e - MyVize\",\"isPartOf\":{\"@id\":\"https:\/\/www.myvize.com.tr\/letonya\/#website\"},\"datePublished\":\"2020-12-25T07:29:41+00:00\",\"dateModified\":\"2022-09-05T09:58:47+00:00\",\"description\":\"Letonya Konsoloslu\u011fu Form ve Dilek\u00e7eleri Nas\u0131l Yaz\u0131l\u0131r? Letonya Konsoloslu\u011fu Formu Nas\u0131l Doldurulur? Bilgi \u0130\u00e7in Hemen Aray\u0131n: 0850 346 84 93\",\"breadcrumb\":{\"@id\":\"https:\/\/www.myvize.com.tr\/letonya\/form-ve-dilekce\/#breadcrumb\"},\"inLanguage\":\"tr\",\"potentialAction\":[{\"@type\":\"ReadAction\",\"target\":[\"https:\/\/www.myvize.com.tr\/letonya\/form-ve-dilekce\/\"]}]},{\"@type\":\"BreadcrumbList\",\"@id\":\"https:\/\/www.myvize.com.tr\/letonya\/form-ve-dilekce\/#breadcrumb\",\"itemListElement\":[{\"@type\":\"ListItem\",\"position\":1,\"name\":\"Anasayfa\",\"item\":\"https:\/\/www.myvize.com.tr\/letonya\/\"},{\"@type\":\"ListItem\",\"position\":2,\"name\":\"FORM VE D\u0130LEK\u00c7E\"}]},{\"@type\":\"WebSite\",\"@id\":\"https:\/\/www.myvize.com.tr\/letonya\/#website\",\"url\":\"https:\/\/www.myvize.com.tr\/letonya\/\",\"name\":\"Letonya Vizesi\",\"description\":\"\",\"potentialAction\":[{\"@type\":\"SearchAction\",\"target\":{\"@type\":\"EntryPoint\",\"urlTemplate\":\"https:\/\/www.myvize.com.tr\/letonya\/?s={search_term_string}\"},\"query-input\":{\"@type\":\"PropertyValueSpecification\",\"valueRequired\":true,\"valueName\":\"search_term_string\"}}],\"inLanguage\":\"tr\"}]}<\/script>\n<!-- \/ Yoast SEO plugin. -->","yoast_head_json":{"title":"Letonya Konsoloslu\u011fu Form ve Dilek\u00e7e - MyVize","description":"Letonya Konsoloslu\u011fu Form ve Dilek\u00e7eleri Nas\u0131l Yaz\u0131l\u0131r? Letonya Konsoloslu\u011fu Formu Nas\u0131l Doldurulur? Bilgi \u0130\u00e7in Hemen Aray\u0131n: 0850 346 84 93","robots":{"index":"index","follow":"follow","max-snippet":"max-snippet:-1","max-image-preview":"max-image-preview:large","max-video-preview":"max-video-preview:-1"},"canonical":"https:\/\/www.myvize.com.tr\/letonya\/form-ve-dilekce\/","og_locale":"tr_TR","og_type":"article","og_title":"Letonya Konsoloslu\u011fu Form ve Dilek\u00e7e - MyVize","og_description":"Letonya Konsoloslu\u011fu Form ve Dilek\u00e7eleri Nas\u0131l Yaz\u0131l\u0131r? Letonya Konsoloslu\u011fu Formu Nas\u0131l Doldurulur? Bilgi \u0130\u00e7in Hemen Aray\u0131n: 0850 346 84 93","og_url":"https:\/\/www.myvize.com.tr\/letonya\/form-ve-dilekce\/","og_site_name":"Letonya Vizesi","article_modified_time":"2022-09-05T09:58:47+00:00","twitter_card":"summary_large_image","twitter_misc":{"Tahmini okuma s\u00fcresi":"3 dakika"},"schema":{"@context":"https:\/\/schema.org","@graph":[{"@type":"WebPage","@id":"https:\/\/www.myvize.com.tr\/letonya\/form-ve-dilekce\/","url":"https:\/\/www.myvize.com.tr\/letonya\/form-ve-dilekce\/","name":"Letonya Konsoloslu\u011fu Form ve Dilek\u00e7e - MyVize","isPartOf":{"@id":"https:\/\/www.myvize.com.tr\/letonya\/#website"},"datePublished":"2020-12-25T07:29:41+00:00","dateModified":"2022-09-05T09:58:47+00:00","description":"Letonya Konsoloslu\u011fu Form ve Dilek\u00e7eleri Nas\u0131l Yaz\u0131l\u0131r? Letonya Konsoloslu\u011fu Formu Nas\u0131l Doldurulur? Bilgi \u0130\u00e7in Hemen Aray\u0131n: 0850 346 84 93","breadcrumb":{"@id":"https:\/\/www.myvize.com.tr\/letonya\/form-ve-dilekce\/#breadcrumb"},"inLanguage":"tr","potentialAction":[{"@type":"ReadAction","target":["https:\/\/www.myvize.com.tr\/letonya\/form-ve-dilekce\/"]}]},{"@type":"BreadcrumbList","@id":"https:\/\/www.myvize.com.tr\/letonya\/form-ve-dilekce\/#breadcrumb","itemListElement":[{"@type":"ListItem","position":1,"name":"Anasayfa","item":"https:\/\/www.myvize.com.tr\/letonya\/"},{"@type":"ListItem","position":2,"name":"FORM VE D\u0130LEK\u00c7E"}]},{"@type":"WebSite","@id":"https:\/\/www.myvize.com.tr\/letonya\/#website","url":"https:\/\/www.myvize.com.tr\/letonya\/","name":"Letonya Vizesi","description":"","potentialAction":[{"@type":"SearchAction","target":{"@type":"EntryPoint","urlTemplate":"https:\/\/www.myvize.com.tr\/letonya\/?s={search_term_string}"},"query-input":{"@type":"PropertyValueSpecification","valueRequired":true,"valueName":"search_term_string"}}],"inLanguage":"tr"}]}},"_links":{"self":[{"href":"https:\/\/www.myvize.com.tr\/letonya\/wp-json\/wp\/v2\/pages\/171","targetHints":{"allow":["GET"]}}],"collection":[{"href":"https:\/\/www.myvize.com.tr\/letonya\/wp-json\/wp\/v2\/pages"}],"about":[{"href":"https:\/\/www.myvize.com.tr\/letonya\/wp-json\/wp\/v2\/types\/page"}],"author":[{"embeddable":true,"href":"https:\/\/www.myvize.com.tr\/letonya\/wp-json\/wp\/v2\/users\/1"}],"replies":[{"embeddable":true,"href":"https:\/\/www.myvize.com.tr\/letonya\/wp-json\/wp\/v2\/comments?post=171"}],"version-history":[{"count":6,"href":"https:\/\/www.myvize.com.tr\/letonya\/wp-json\/wp\/v2\/pages\/171\/revisions"}],"predecessor-version":[{"id":830,"href":"https:\/\/www.myvize.com.tr\/letonya\/wp-json\/wp\/v2\/pages\/171\/revisions\/830"}],"wp:attachment":[{"href":"https:\/\/www.myvize.com.tr\/letonya\/wp-json\/wp\/v2\/media?parent=171"}],"curies":[{"name":"wp","href":"https:\/\/api.w.org\/{rel}","templated":true}]}}