{"id":174,"date":"2020-12-25T10:30:00","date_gmt":"2020-12-25T07:30:00","guid":{"rendered":"https:\/\/www.myvize.com.tr\/letonya\/?page_id=174"},"modified":"2022-08-12T11:35:51","modified_gmt":"2022-08-12T08:35:51","slug":"duyurular","status":"publish","type":"page","link":"https:\/\/www.myvize.com.tr\/letonya\/duyurular\/","title":{"rendered":"DUYURULAR"},"content":{"rendered":"<p><span style=\"font-family: Roboto;\"><\/span><\/p>\r\n<p><span style=\"font-family: Roboto; font-size: 14px;\">T\u00fcm d\u00fcnya Covit19 sonras\u0131nda vize i\u015flemlerinde daha titiz davranmaya ba\u015flad\u0131. Bu \u00fclkelerden biri de\u00a0<strong>Letonya\u00a0<\/strong>olarak kar\u015f\u0131m\u0131za \u00e7\u0131kmaktad\u0131r. Bilindi\u011fi \u00fczere T\u00fcrkiye\u2019nin karantina s\u00fcreci ile birlikte t\u00fcm vize ba\u015fvurular\u0131 iptal edilmi\u015fti. Hayat\u0131n normale d\u00f6nmesi ile birlikte\u00a0<strong>Covid19 sonras\u0131 vize s\u00fcreci<\/strong> ba\u015flam\u0131\u015f bulunmaktad\u0131r. <span style=\"color: #2acec2;\"><strong><a style=\"color: #2acec2;\" href=\"https:\/\/www.myvize.com.tr\/letonya\/vize-islemleri\/letonya-vizesi\/\" target=\"_blank\" rel=\"noopener\">Letonya vizesi <\/a><\/strong><\/span>ba\u015fvurusu kabul etse de turistlik ama\u00e7larla bir gezi kabul etmemektedir. Al\u0131nmas\u0131 gereken vize tamamen \u00f6zel sebeplere ba\u011fl\u0131 olmal\u0131d\u0131r. Letonya\u2019ya vize s\u00fcreci ayn\u0131 on be\u015f g\u00fcn i\u00e7erisinde tamamlanmaktad\u0131r. Burada dikkat edilmesi gereken \u015fey t\u0131bbi onay belgenizdir. \u00dclkesine giri\u015f yapacak ki\u015finin negatif olarak PCR testini zorunlu k\u0131lmaktad\u0131r. Bu testi 72 saat \u00f6ncesinden verip, sonucunu u\u00e7u\u015ftan hemen \u00f6nce yetkililere kan\u0131t olarak sunman\u0131z gerekmektedir. E\u011fer Covid19 ge\u00e7irilmi\u015fse mutlak suretle tam iyile\u015fmenin doktor taraf\u0131ndan beyan edilmesi gerekir.<\/span><\/p>\r\n<p><span style=\"font-family: Roboto; font-size: 14px;\">\r\n\r\n<\/span><\/p>\r\n<p><span style=\"font-family: Roboto; font-size: 14px;\">Bununla birlikte var\u0131\u015f esnas\u0131nda da PCR testi uygulanmaktad\u0131r. Vize sahipleri 48 saat \u00f6ncesinden COVID pass ile QR Kodu al\u0131p <strong>Letonya\u00a0<\/strong>yetkililerine g\u00f6stermekte h\u00fck\u00fcml\u00fcd\u00fcr. Letonya\u2019ya ini\u015f yapt\u0131\u011f\u0131n\u0131z andan itibaren karantinada bulunman\u0131z hem sizin hem de \u00fclke vatanda\u015flar\u0131n\u0131n sa\u011fl\u0131\u011f\u0131 a\u00e7\u0131s\u0131ndan \u00e7ok \u00f6nemlidir.<\/span><\/p>\r\n<h2><span style=\"font-family: Roboto; font-size: 27px;\"><strong>Letonya Konsoloslu\u011fu Duyurular\u0131<\/strong><\/span><\/h2>\r\n<p><span style=\"font-family: Roboto; font-size: 14px;\">Letonya T\u00fcrkiye\u2019de hizmet veren temsilcili\u011fi T\u00fcrkiye ve Letonya resm\u00ee tatil g\u00fcn\u00fcnde kapal\u0131 olmas\u0131nda \u00f6t\u00fcr\u00fc hizmetine devam edemeyecektir. <strong>Letonya Konsoloslu\u011fu<\/strong> T\u00fcrkiye\u2019de ve Letonya\u2019da resm\u00ee tatil olarak da kabul edilen Noel\u2019den ve yeni y\u0131lda hizmetine ara verecektir.<\/span><br \/><span style=\"font-family: Roboto; font-size: 14px;\"><strong>Letonya Konsoloslu\u011fu<\/strong> a\u015fa\u011f\u0131daki tarih de kapal\u0131 olacakt\u0131r.<\/span><br \/><span style=\"font-family: Roboto; font-size: 14px;\">25 Aral\u0131k tarihinde Noel g\u00fcn\u00fc nedeni ile Letonya Konsoloslu\u011fu hizmetine ara verecektir.<\/span><br \/><span style=\"font-family: Roboto; font-size: 14px;\">31 Aral\u0131k g\u00fcn\u00fc Yeni Y\u0131l arefe sebebiyle <strong>Letonya Konsoloslu\u011fu<\/strong> kapal\u0131 olacakt\u0131r.<\/span><br \/><span style=\"font-family: Roboto; font-size: 14px;\">1 Ocak g\u00fcn\u00fc Letonya Konsoloslu\u011fu hizmet vermeyecektir.<\/span><\/p>\r\n<p><span style=\"font-family: Roboto; font-size: 14px;\"><strong>Letonya Konsoloslu\u011fu<\/strong> vize ba\u015fvurusu i\u00e7in seyahat sa\u011fl\u0131k sigortas\u0131 <strong>Letonya vize<\/strong> evrak\u0131 i\u00e7in zorunlu bulmaktad\u0131r. Letonya vize i\u00e7in seyahat sa\u011fl\u0131k sigortas\u0131 zorunlu olur iken,<span style=\"color: #2acec2;\"><strong><a style=\"color: #2acec2;\" href=\"https:\/\/www.myvize.com.tr\/letonya\/vize-islemleri\/\" target=\"_blank\" rel=\"noopener\"> vize i\u015flemlerinde<\/a><\/strong><\/span> kullan\u0131lacak olan seyahat sa\u011fl\u0131k sigortas\u0131ndaki olmas\u0131 gereken \u00f6zellikler;<\/span><br \/><span style=\"font-family: Roboto; font-size: 14px;\">1 &#8211; 30.000 euro teminat olmal\u0131.<\/span><br \/><span style=\"font-family: Roboto; font-size: 14px;\">2 &#8211; Uluslaras\u0131 ge\u00e7erlilik olmal\u0131.<\/span><br \/><span style=\"font-family: Roboto; font-size: 14px;\">3 &#8211; Seyahat tarihi bir g\u00fcn \u00f6nce ba\u015flamal\u0131d\u0131r ve seyahat bitim tarihinden itibaren sona ermelidir.<\/span><\/p>\r\n<p><span style=\"font-family: Roboto; font-size: 14px;\"><strong>Letonya Konsolosluk<\/strong> ve Letonya B\u00fcy\u00fckel\u00e7ilik T\u00fcrkiye resm\u00ee tatil g\u00fcn\u00fc olan 29 Ekim Cumhuriyet Bayram sebebiyle 29 Ekim 2021 g\u00fcn\u00fc hizmet vermeyecektir.<\/span><\/p>\r\n<p><span style=\"font-family: Roboto; font-size: 14px;\">Letonya Konsolosluk ve<strong> Letonya B\u00fcy\u00fckel\u00e7ili\u011fi<\/strong> i\u015flem yapt\u0131racak ki\u015fi seyahat planlamas\u0131n\u0131 konsoloslu\u011fu resm\u00ee tatil g\u00fcn\u00fcn\u00fc dikkate alarak ger\u00e7ekle\u015ftirmelidir.<\/span><\/p>\r\n<p><span style=\"font-family: Roboto;\"><\/span><\/p>","protected":false},"excerpt":{"rendered":"<p>T\u00fcm d\u00fcnya Covit19 sonras\u0131nda vize i\u015flemlerinde daha titiz davranmaya ba\u015flad\u0131. Bu \u00fclkelerden biri de\u00a0Letonya\u00a0olarak kar\u015f\u0131m\u0131za \u00e7\u0131kmaktad\u0131r. Bilindi\u011fi \u00fczere T\u00fcrkiye\u2019nin karantina s\u00fcreci ile birlikte t\u00fcm vize ba\u015fvurular\u0131 iptal edilmi\u015fti. Hayat\u0131n normale d\u00f6nmesi ile birlikte\u00a0Covid19 sonras\u0131 vize s\u00fcreci ba\u015flam\u0131\u015f bulunmaktad\u0131r. Letonya vizesi ba\u015fvurusu kabul etse de turistlik ama\u00e7larla bir gezi kabul etmemektedir. Al\u0131nmas\u0131 gereken vize tamamen \u00f6zel<\/p>\n","protected":false},"author":1,"featured_media":0,"parent":0,"menu_order":0,"comment_status":"closed","ping_status":"closed","template":"","meta":{"footnotes":""},"class_list":["post-174","page","type-page","status-publish","hentry"],"yoast_head":"<!-- This site is optimized with the Yoast SEO plugin v24.0 - https:\/\/yoast.com\/wordpress\/plugins\/seo\/ -->\n<title>Letonya Konsoloslu\u011fu Duyurular\u0131 - MyVize<\/title>\n<meta name=\"description\" content=\"Letonya Konsoloslu\u011fu Duyurular\u0131 Nelerdir? Letonya Konsoloslu\u011fu COVID-19 Duyurular\u0131. Bilgi \u0130\u00e7in Vize Uzmanlar\u0131m\u0131z\u0131 Aray\u0131n: 0850 346 84 93\" \/>\n<meta name=\"robots\" content=\"index, follow, max-snippet:-1, max-image-preview:large, max-video-preview:-1\" \/>\n<link rel=\"canonical\" href=\"https:\/\/www.myvize.com.tr\/letonya\/duyurular\/\" \/>\n<meta property=\"og:locale\" content=\"tr_TR\" \/>\n<meta property=\"og:type\" content=\"article\" \/>\n<meta property=\"og:title\" content=\"Letonya Konsoloslu\u011fu Duyurular\u0131 - MyVize\" \/>\n<meta property=\"og:description\" content=\"Letonya Konsoloslu\u011fu Duyurular\u0131 Nelerdir? Letonya Konsoloslu\u011fu COVID-19 Duyurular\u0131. Bilgi \u0130\u00e7in Vize Uzmanlar\u0131m\u0131z\u0131 Aray\u0131n: 0850 346 84 93\" \/>\n<meta property=\"og:url\" content=\"https:\/\/www.myvize.com.tr\/letonya\/duyurular\/\" \/>\n<meta property=\"og:site_name\" content=\"Letonya Vizesi\" \/>\n<meta property=\"article:modified_time\" content=\"2022-08-12T08:35:51+00:00\" \/>\n<meta name=\"twitter:card\" content=\"summary_large_image\" \/>\n<meta name=\"twitter:label1\" content=\"Tahmini okuma s\u00fcresi\" \/>\n\t<meta name=\"twitter:data1\" content=\"2 dakika\" \/>\n<script type=\"application\/ld+json\" class=\"yoast-schema-graph\">{\"@context\":\"https:\/\/schema.org\",\"@graph\":[{\"@type\":\"WebPage\",\"@id\":\"https:\/\/www.myvize.com.tr\/letonya\/duyurular\/\",\"url\":\"https:\/\/www.myvize.com.tr\/letonya\/duyurular\/\",\"name\":\"Letonya Konsoloslu\u011fu Duyurular\u0131 - MyVize\",\"isPartOf\":{\"@id\":\"https:\/\/www.myvize.com.tr\/letonya\/#website\"},\"datePublished\":\"2020-12-25T07:30:00+00:00\",\"dateModified\":\"2022-08-12T08:35:51+00:00\",\"description\":\"Letonya Konsoloslu\u011fu Duyurular\u0131 Nelerdir? Letonya Konsoloslu\u011fu COVID-19 Duyurular\u0131. Bilgi \u0130\u00e7in Vize Uzmanlar\u0131m\u0131z\u0131 Aray\u0131n: 0850 346 84 93\",\"breadcrumb\":{\"@id\":\"https:\/\/www.myvize.com.tr\/letonya\/duyurular\/#breadcrumb\"},\"inLanguage\":\"tr\",\"potentialAction\":[{\"@type\":\"ReadAction\",\"target\":[\"https:\/\/www.myvize.com.tr\/letonya\/duyurular\/\"]}]},{\"@type\":\"BreadcrumbList\",\"@id\":\"https:\/\/www.myvize.com.tr\/letonya\/duyurular\/#breadcrumb\",\"itemListElement\":[{\"@type\":\"ListItem\",\"position\":1,\"name\":\"Anasayfa\",\"item\":\"https:\/\/www.myvize.com.tr\/letonya\/\"},{\"@type\":\"ListItem\",\"position\":2,\"name\":\"DUYURULAR\"}]},{\"@type\":\"WebSite\",\"@id\":\"https:\/\/www.myvize.com.tr\/letonya\/#website\",\"url\":\"https:\/\/www.myvize.com.tr\/letonya\/\",\"name\":\"Letonya Vizesi\",\"description\":\"\",\"potentialAction\":[{\"@type\":\"SearchAction\",\"target\":{\"@type\":\"EntryPoint\",\"urlTemplate\":\"https:\/\/www.myvize.com.tr\/letonya\/?s={search_term_string}\"},\"query-input\":{\"@type\":\"PropertyValueSpecification\",\"valueRequired\":true,\"valueName\":\"search_term_string\"}}],\"inLanguage\":\"tr\"}]}<\/script>\n<!-- \/ Yoast SEO plugin. -->","yoast_head_json":{"title":"Letonya Konsoloslu\u011fu Duyurular\u0131 - MyVize","description":"Letonya Konsoloslu\u011fu Duyurular\u0131 Nelerdir? Letonya Konsoloslu\u011fu COVID-19 Duyurular\u0131. Bilgi \u0130\u00e7in Vize Uzmanlar\u0131m\u0131z\u0131 Aray\u0131n: 0850 346 84 93","robots":{"index":"index","follow":"follow","max-snippet":"max-snippet:-1","max-image-preview":"max-image-preview:large","max-video-preview":"max-video-preview:-1"},"canonical":"https:\/\/www.myvize.com.tr\/letonya\/duyurular\/","og_locale":"tr_TR","og_type":"article","og_title":"Letonya Konsoloslu\u011fu Duyurular\u0131 - MyVize","og_description":"Letonya Konsoloslu\u011fu Duyurular\u0131 Nelerdir? Letonya Konsoloslu\u011fu COVID-19 Duyurular\u0131. Bilgi \u0130\u00e7in Vize Uzmanlar\u0131m\u0131z\u0131 Aray\u0131n: 0850 346 84 93","og_url":"https:\/\/www.myvize.com.tr\/letonya\/duyurular\/","og_site_name":"Letonya Vizesi","article_modified_time":"2022-08-12T08:35:51+00:00","twitter_card":"summary_large_image","twitter_misc":{"Tahmini okuma s\u00fcresi":"2 dakika"},"schema":{"@context":"https:\/\/schema.org","@graph":[{"@type":"WebPage","@id":"https:\/\/www.myvize.com.tr\/letonya\/duyurular\/","url":"https:\/\/www.myvize.com.tr\/letonya\/duyurular\/","name":"Letonya Konsoloslu\u011fu Duyurular\u0131 - MyVize","isPartOf":{"@id":"https:\/\/www.myvize.com.tr\/letonya\/#website"},"datePublished":"2020-12-25T07:30:00+00:00","dateModified":"2022-08-12T08:35:51+00:00","description":"Letonya Konsoloslu\u011fu Duyurular\u0131 Nelerdir? Letonya Konsoloslu\u011fu COVID-19 Duyurular\u0131. Bilgi \u0130\u00e7in Vize Uzmanlar\u0131m\u0131z\u0131 Aray\u0131n: 0850 346 84 93","breadcrumb":{"@id":"https:\/\/www.myvize.com.tr\/letonya\/duyurular\/#breadcrumb"},"inLanguage":"tr","potentialAction":[{"@type":"ReadAction","target":["https:\/\/www.myvize.com.tr\/letonya\/duyurular\/"]}]},{"@type":"BreadcrumbList","@id":"https:\/\/www.myvize.com.tr\/letonya\/duyurular\/#breadcrumb","itemListElement":[{"@type":"ListItem","position":1,"name":"Anasayfa","item":"https:\/\/www.myvize.com.tr\/letonya\/"},{"@type":"ListItem","position":2,"name":"DUYURULAR"}]},{"@type":"WebSite","@id":"https:\/\/www.myvize.com.tr\/letonya\/#website","url":"https:\/\/www.myvize.com.tr\/letonya\/","name":"Letonya Vizesi","description":"","potentialAction":[{"@type":"SearchAction","target":{"@type":"EntryPoint","urlTemplate":"https:\/\/www.myvize.com.tr\/letonya\/?s={search_term_string}"},"query-input":{"@type":"PropertyValueSpecification","valueRequired":true,"valueName":"search_term_string"}}],"inLanguage":"tr"}]}},"_links":{"self":[{"href":"https:\/\/www.myvize.com.tr\/letonya\/wp-json\/wp\/v2\/pages\/174","targetHints":{"allow":["GET"]}}],"collection":[{"href":"https:\/\/www.myvize.com.tr\/letonya\/wp-json\/wp\/v2\/pages"}],"about":[{"href":"https:\/\/www.myvize.com.tr\/letonya\/wp-json\/wp\/v2\/types\/page"}],"author":[{"embeddable":true,"href":"https:\/\/www.myvize.com.tr\/letonya\/wp-json\/wp\/v2\/users\/1"}],"replies":[{"embeddable":true,"href":"https:\/\/www.myvize.com.tr\/letonya\/wp-json\/wp\/v2\/comments?post=174"}],"version-history":[{"count":5,"href":"https:\/\/www.myvize.com.tr\/letonya\/wp-json\/wp\/v2\/pages\/174\/revisions"}],"predecessor-version":[{"id":812,"href":"https:\/\/www.myvize.com.tr\/letonya\/wp-json\/wp\/v2\/pages\/174\/revisions\/812"}],"wp:attachment":[{"href":"https:\/\/www.myvize.com.tr\/letonya\/wp-json\/wp\/v2\/media?parent=174"}],"curies":[{"name":"wp","href":"https:\/\/api.w.org\/{rel}","templated":true}]}}