{"id":180,"date":"2020-12-25T10:30:50","date_gmt":"2020-12-25T07:30:50","guid":{"rendered":"https:\/\/www.myvize.com.tr\/letonya\/?page_id=180"},"modified":"2022-01-14T13:18:51","modified_gmt":"2022-01-14T10:18:51","slug":"yatirimcilar-icin-oturma-izni","status":"publish","type":"page","link":"https:\/\/www.myvize.com.tr\/letonya\/oturum-2\/yatirimcilar-icin-oturma-izni\/","title":{"rendered":"Letonya Yat\u0131r\u0131mc\u0131lar \u0130\u00e7in Oturma \u0130zni"},"content":{"rendered":"<h2><strong><span style=\"font-size: 27px; font-family: Roboto;\">Letonya Yat\u0131r\u0131mc\u0131lar \u0130\u00e7in Oturma \u0130zni Hakk\u0131nda<\/span><\/strong><\/h2>\n","protected":false},"excerpt":{"rendered":"<p>Letonya Yat\u0131r\u0131mc\u0131lar \u0130\u00e7in Oturma \u0130zni Hakk\u0131nda<\/p>\n","protected":false},"author":1,"featured_media":0,"parent":165,"menu_order":0,"comment_status":"open","ping_status":"closed","template":"","meta":{"footnotes":""},"class_list":["post-180","page","type-page","status-publish","hentry"],"yoast_head":"<!-- This site is optimized with the Yoast SEO plugin v24.0 - https:\/\/yoast.com\/wordpress\/plugins\/seo\/ -->\n<title>Letonya Yat\u0131r\u0131mc\u0131lar \u0130\u00e7in Oturma \u0130zni - MyVize<\/title>\n<meta name=\"description\" content=\"Letonya Yat\u0131r\u0131mc\u0131lar \u0130\u00e7in Oturma \u0130zni nas\u0131l al\u0131n\u0131r? Letonya Yat\u0131r\u0131mc\u0131lar \u0130\u00e7in Oturma \u0130zni ba\u015fvurusu nas\u0131l yap\u0131l\u0131r 2022?\" \/>\n<meta name=\"robots\" content=\"index, follow, max-snippet:-1, max-image-preview:large, max-video-preview:-1\" \/>\n<link rel=\"canonical\" href=\"https:\/\/www.myvize.com.tr\/letonya\/oturum-2\/yatirimcilar-icin-oturma-izni\/\" \/>\n<meta property=\"og:locale\" content=\"tr_TR\" \/>\n<meta property=\"og:type\" content=\"article\" \/>\n<meta property=\"og:title\" content=\"Letonya Yat\u0131r\u0131mc\u0131lar \u0130\u00e7in Oturma \u0130zni - MyVize\" \/>\n<meta property=\"og:description\" content=\"Letonya Yat\u0131r\u0131mc\u0131lar \u0130\u00e7in Oturma \u0130zni nas\u0131l al\u0131n\u0131r? Letonya Yat\u0131r\u0131mc\u0131lar \u0130\u00e7in Oturma \u0130zni ba\u015fvurusu nas\u0131l yap\u0131l\u0131r 2022?\" \/>\n<meta property=\"og:url\" content=\"https:\/\/www.myvize.com.tr\/letonya\/oturum-2\/yatirimcilar-icin-oturma-izni\/\" \/>\n<meta property=\"og:site_name\" content=\"Letonya Vizesi\" \/>\n<meta property=\"article:modified_time\" content=\"2022-01-14T10:18:51+00:00\" \/>\n<meta name=\"twitter:card\" content=\"summary_large_image\" \/>\n<meta name=\"twitter:label1\" content=\"Tahmini okuma s\u00fcresi\" \/>\n\t<meta name=\"twitter:data1\" content=\"1 dakika\" \/>\n<script type=\"application\/ld+json\" class=\"yoast-schema-graph\">{\"@context\":\"https:\/\/schema.org\",\"@graph\":[{\"@type\":\"WebPage\",\"@id\":\"https:\/\/www.myvize.com.tr\/letonya\/oturum-2\/yatirimcilar-icin-oturma-izni\/\",\"url\":\"https:\/\/www.myvize.com.tr\/letonya\/oturum-2\/yatirimcilar-icin-oturma-izni\/\",\"name\":\"Letonya Yat\u0131r\u0131mc\u0131lar \u0130\u00e7in Oturma \u0130zni - MyVize\",\"isPartOf\":{\"@id\":\"https:\/\/www.myvize.com.tr\/letonya\/#website\"},\"datePublished\":\"2020-12-25T07:30:50+00:00\",\"dateModified\":\"2022-01-14T10:18:51+00:00\",\"description\":\"Letonya Yat\u0131r\u0131mc\u0131lar \u0130\u00e7in Oturma \u0130zni nas\u0131l al\u0131n\u0131r? Letonya Yat\u0131r\u0131mc\u0131lar \u0130\u00e7in Oturma \u0130zni ba\u015fvurusu nas\u0131l yap\u0131l\u0131r 2022?\",\"breadcrumb\":{\"@id\":\"https:\/\/www.myvize.com.tr\/letonya\/oturum-2\/yatirimcilar-icin-oturma-izni\/#breadcrumb\"},\"inLanguage\":\"tr\",\"potentialAction\":[{\"@type\":\"ReadAction\",\"target\":[\"https:\/\/www.myvize.com.tr\/letonya\/oturum-2\/yatirimcilar-icin-oturma-izni\/\"]}]},{\"@type\":\"BreadcrumbList\",\"@id\":\"https:\/\/www.myvize.com.tr\/letonya\/oturum-2\/yatirimcilar-icin-oturma-izni\/#breadcrumb\",\"itemListElement\":[{\"@type\":\"ListItem\",\"position\":1,\"name\":\"Anasayfa\",\"item\":\"https:\/\/www.myvize.com.tr\/letonya\/\"},{\"@type\":\"ListItem\",\"position\":2,\"name\":\"LETONYA OTURUM KARTI\",\"item\":\"https:\/\/www.myvize.com.tr\/letonya\/oturum-2\/\"},{\"@type\":\"ListItem\",\"position\":3,\"name\":\"Letonya Yat\u0131r\u0131mc\u0131lar \u0130\u00e7in Oturma \u0130zni\"}]},{\"@type\":\"WebSite\",\"@id\":\"https:\/\/www.myvize.com.tr\/letonya\/#website\",\"url\":\"https:\/\/www.myvize.com.tr\/letonya\/\",\"name\":\"Letonya Vizesi\",\"description\":\"\",\"potentialAction\":[{\"@type\":\"SearchAction\",\"target\":{\"@type\":\"EntryPoint\",\"urlTemplate\":\"https:\/\/www.myvize.com.tr\/letonya\/?s={search_term_string}\"},\"query-input\":{\"@type\":\"PropertyValueSpecification\",\"valueRequired\":true,\"valueName\":\"search_term_string\"}}],\"inLanguage\":\"tr\"}]}<\/script>\n<!-- \/ Yoast SEO plugin. -->","yoast_head_json":{"title":"Letonya Yat\u0131r\u0131mc\u0131lar \u0130\u00e7in Oturma \u0130zni - MyVize","description":"Letonya Yat\u0131r\u0131mc\u0131lar \u0130\u00e7in Oturma \u0130zni nas\u0131l al\u0131n\u0131r? Letonya Yat\u0131r\u0131mc\u0131lar \u0130\u00e7in Oturma \u0130zni ba\u015fvurusu nas\u0131l yap\u0131l\u0131r 2022?","robots":{"index":"index","follow":"follow","max-snippet":"max-snippet:-1","max-image-preview":"max-image-preview:large","max-video-preview":"max-video-preview:-1"},"canonical":"https:\/\/www.myvize.com.tr\/letonya\/oturum-2\/yatirimcilar-icin-oturma-izni\/","og_locale":"tr_TR","og_type":"article","og_title":"Letonya Yat\u0131r\u0131mc\u0131lar \u0130\u00e7in Oturma \u0130zni - MyVize","og_description":"Letonya Yat\u0131r\u0131mc\u0131lar \u0130\u00e7in Oturma \u0130zni nas\u0131l al\u0131n\u0131r? Letonya Yat\u0131r\u0131mc\u0131lar \u0130\u00e7in Oturma \u0130zni ba\u015fvurusu nas\u0131l yap\u0131l\u0131r 2022?","og_url":"https:\/\/www.myvize.com.tr\/letonya\/oturum-2\/yatirimcilar-icin-oturma-izni\/","og_site_name":"Letonya Vizesi","article_modified_time":"2022-01-14T10:18:51+00:00","twitter_card":"summary_large_image","twitter_misc":{"Tahmini okuma s\u00fcresi":"1 dakika"},"schema":{"@context":"https:\/\/schema.org","@graph":[{"@type":"WebPage","@id":"https:\/\/www.myvize.com.tr\/letonya\/oturum-2\/yatirimcilar-icin-oturma-izni\/","url":"https:\/\/www.myvize.com.tr\/letonya\/oturum-2\/yatirimcilar-icin-oturma-izni\/","name":"Letonya Yat\u0131r\u0131mc\u0131lar \u0130\u00e7in Oturma \u0130zni - MyVize","isPartOf":{"@id":"https:\/\/www.myvize.com.tr\/letonya\/#website"},"datePublished":"2020-12-25T07:30:50+00:00","dateModified":"2022-01-14T10:18:51+00:00","description":"Letonya Yat\u0131r\u0131mc\u0131lar \u0130\u00e7in Oturma \u0130zni nas\u0131l al\u0131n\u0131r? Letonya Yat\u0131r\u0131mc\u0131lar \u0130\u00e7in Oturma \u0130zni ba\u015fvurusu nas\u0131l yap\u0131l\u0131r 2022?","breadcrumb":{"@id":"https:\/\/www.myvize.com.tr\/letonya\/oturum-2\/yatirimcilar-icin-oturma-izni\/#breadcrumb"},"inLanguage":"tr","potentialAction":[{"@type":"ReadAction","target":["https:\/\/www.myvize.com.tr\/letonya\/oturum-2\/yatirimcilar-icin-oturma-izni\/"]}]},{"@type":"BreadcrumbList","@id":"https:\/\/www.myvize.com.tr\/letonya\/oturum-2\/yatirimcilar-icin-oturma-izni\/#breadcrumb","itemListElement":[{"@type":"ListItem","position":1,"name":"Anasayfa","item":"https:\/\/www.myvize.com.tr\/letonya\/"},{"@type":"ListItem","position":2,"name":"LETONYA OTURUM KARTI","item":"https:\/\/www.myvize.com.tr\/letonya\/oturum-2\/"},{"@type":"ListItem","position":3,"name":"Letonya Yat\u0131r\u0131mc\u0131lar \u0130\u00e7in Oturma \u0130zni"}]},{"@type":"WebSite","@id":"https:\/\/www.myvize.com.tr\/letonya\/#website","url":"https:\/\/www.myvize.com.tr\/letonya\/","name":"Letonya Vizesi","description":"","potentialAction":[{"@type":"SearchAction","target":{"@type":"EntryPoint","urlTemplate":"https:\/\/www.myvize.com.tr\/letonya\/?s={search_term_string}"},"query-input":{"@type":"PropertyValueSpecification","valueRequired":true,"valueName":"search_term_string"}}],"inLanguage":"tr"}]}},"_links":{"self":[{"href":"https:\/\/www.myvize.com.tr\/letonya\/wp-json\/wp\/v2\/pages\/180","targetHints":{"allow":["GET"]}}],"collection":[{"href":"https:\/\/www.myvize.com.tr\/letonya\/wp-json\/wp\/v2\/pages"}],"about":[{"href":"https:\/\/www.myvize.com.tr\/letonya\/wp-json\/wp\/v2\/types\/page"}],"author":[{"embeddable":true,"href":"https:\/\/www.myvize.com.tr\/letonya\/wp-json\/wp\/v2\/users\/1"}],"replies":[{"embeddable":true,"href":"https:\/\/www.myvize.com.tr\/letonya\/wp-json\/wp\/v2\/comments?post=180"}],"version-history":[{"count":2,"href":"https:\/\/www.myvize.com.tr\/letonya\/wp-json\/wp\/v2\/pages\/180\/revisions"}],"predecessor-version":[{"id":718,"href":"https:\/\/www.myvize.com.tr\/letonya\/wp-json\/wp\/v2\/pages\/180\/revisions\/718"}],"up":[{"embeddable":true,"href":"https:\/\/www.myvize.com.tr\/letonya\/wp-json\/wp\/v2\/pages\/165"}],"wp:attachment":[{"href":"https:\/\/www.myvize.com.tr\/letonya\/wp-json\/wp\/v2\/media?parent=180"}],"curies":[{"name":"wp","href":"https:\/\/api.w.org\/{rel}","templated":true}]}}