{"id":192,"date":"2020-12-25T10:32:40","date_gmt":"2020-12-25T07:32:40","guid":{"rendered":"https:\/\/www.myvize.com.tr\/letonya\/?page_id=192"},"modified":"2021-12-08T15:29:11","modified_gmt":"2021-12-08T12:29:11","slug":"letonya-vatandaslik-sartlari","status":"publish","type":"page","link":"https:\/\/www.myvize.com.tr\/letonya\/vatandaslik\/letonya-vatandaslik-sartlari\/","title":{"rendered":"Letonya Vatanda\u015fl\u0131k \u015eartlar\u0131"},"content":{"rendered":"<h2><span style=\"font-family: Roboto; font-size: 27px;\"><b>Letonya Vatanda\u015fl\u0131k \u015eartlar\u0131 Hakk\u0131nda<\/b><\/span><\/h2>\n<p><span style=\"font-family: Roboto; font-size: 14px;\">Letonya \u00fclkesine <strong>Letonya vatanda\u015f\u0131<\/strong> olarak kal\u0131c\u0131 ve ge\u00e7ici suretle gitmek m\u00fcmk\u00fcnd\u00fcr. Ancak bu i\u015flemler biraz detayl\u0131 ve uzun prosed\u00fcrleri gerektirmektedir. <strong>Letonya vatanda\u015f\u0131<\/strong> olabilmeniz i\u00e7in ge\u00e7ici veya kal\u0131c\u0131 oturum iznini alm\u0131\u015f olman\u0131z ve belirlenen s\u00fcre zarf\u0131 i\u00e7erisinde baz\u0131 ko\u015fullar\u0131 yerine getirmeniz gerekmektedir. Bu s\u00fcre sonunda ise Letonya \u00fclkesinde \u00fclke vatanda\u015f\u0131 olabilmek i\u00e7in ba\u015fvuru s\u00fcre\u00e7lerini ba\u015flatabilirsiniz.<\/span><\/p>\n<p><span style=\"font-family: Roboto; font-size: 14px;\">Oturum izni ald\u0131ktan sonra ge\u00e7ici izinle 5 y\u0131l sonra s\u00fcresiz oturum izni hakk\u0131 elde edebilirsiniz ve bunun i\u00e7in de ba\u015fvuru yapman\u0131z gerekir.\u00a0<strong> S\u00fcresiz oturum izni<\/strong> alabilmek i\u00e7in 5 y\u0131ll\u0131k ge\u00e7ici oturum s\u00fcresi boyunca en \u00e7ok 1 senelik yurt d\u0131\u015f\u0131nda ya\u015fama hakk\u0131n\u0131z vard\u0131r. Ayn\u0131 zamanda A2 seviyesi uyar\u0131nca Letonca dil bilgisine sahip olunmas\u0131 gerekmektedir. Dil d\u00fczey bilgisi kamu s\u0131nav\u0131 ile tespit edilerek belgelenmektedir. S\u00fcresiz oturum izninin yenilenmesi 5 y\u0131lda bir defa ger\u00e7ekle\u015firken, ge\u00e7ici oturum izni her sene yenilenmelidir.<\/span><\/p>\n<p><span style=\"font-family: Roboto; font-size: 14px;\"><strong>Letonya vatanda\u015fl\u0131k<\/strong> \u015fartlar\u0131;<\/span><\/p>\n<ul>\n<li><span style=\"font-family: Roboto; font-size: 14px;\">15 ya\u015f\u0131 doldurmak<\/span><\/li>\n<li><span style=\"font-family: Roboto; font-size: 14px;\">Letonya s\u00fcresiz oturum iznine 5 y\u0131l boyunca sahip olmak.<\/span><\/li>\n<li><span style=\"font-family: Roboto; font-size: 14px;\"><strong>Letonya oturum iznine<\/strong> sahip olunan zaman boyunca Letonya s\u0131n\u0131rlar\u0131 i\u00e7erisinde kesintisiz ikamet etmek.\u00a0<\/span><\/li>\n<li><span style=\"font-family: Roboto; font-size: 14px;\">Letonca dilini ak\u0131c\u0131 olarak konu\u015fabilmek. Ayr\u0131ca Letonya milli mar\u015f\u0131, anayasa, tarih ve k\u00fclt\u00fcr ilkelerini iyi d\u00fczeyde bilmek. Yeterlilik s\u0131nav\u0131 ile bu bilgiler tespit edilebilmektedir.<\/span><\/li>\n<\/ul>\n<p><span style=\"font-family: Roboto; font-size: 14px;\"><span style=\"color: #2acec2;\"><strong><a style=\"color: #2acec2;\" href=\"https:\/\/www.myvize.com.tr\/letonya\/vize-islemleri\/letonya-vize-reddi\/\" target=\"_blank\" rel=\"noopener\">Letonya Vize Reddi <\/a><\/strong><\/span>ile ilgili bilgi almak i\u00e7in bizi aray\u0131n.<\/span><\/p>\n<h2><strong><span style=\"font-family: Roboto; font-size: 27px;\">Letonya Vatanda\u015fl\u0131k \u015eartlar\u0131 \u0130le \u0130lgili\u00a0<\/span><\/strong><\/h2>\n<p><span style=\"font-family: Roboto; font-size: 14px;\">Ge\u00e7ici olarak <strong>oturum izni<\/strong> alan ki\u015filerin 5 y\u0131l\u0131 doldurduktan sonra\u00a0<strong>Letonya Vatanda\u015fl\u0131k<\/strong>\u00a0ba\u015fvurular\u0131n\u0131 yapmalar\u0131 m\u00fcmk\u00fcn olacakt\u0131r.\u00a0<strong>Letonya Vatanda\u015fl\u0131k \u015eartlar\u0131<\/strong>\u00a0ile ilgili ara\u015ft\u0131rmalar\u0131 yapabilir ve hangi durumlarda ba\u015fvurular\u0131n\u0131z\u0131n kabul g\u00f6rece\u011fini \u00f6\u011frenmek isteyebilirsiniz. Oturum izni alarak 5 y\u0131l\u0131 dolduran ve 15 ya\u015f\u0131n\u0131n \u00fcst\u00fcnde olan ki\u015filerin bu ba\u015fvurular\u0131 yapabileceklerine de\u011finmekteyiz. Ayr\u0131ca 5 y\u0131l i\u00e7erisinde ba\u015fka \u00fclkelerde en fazla 1 y\u0131l ge\u00e7irebilecek olan ki\u015finin Letonya&#8217;ya dair geni\u015f bilgilere sahip olmas\u0131 gerekmektedir. Hem ak\u0131c\u0131 bir dille Letonca konu\u015fmak, hem de ya\u015fam bi\u00e7imi ve yasas\u0131 gibi \u00e7e\u015fitli detaylar\u0131 bilmek gerekmektedir. Tarihi, k\u00fclt\u00fcrel ve anayasal s\u00fcre\u00e7ler hakk\u0131nda bilgi sahibi olan ve girece\u011fi yeterlilik s\u0131nav\u0131nda ispat eden ki\u015filerin ba\u015fvurular\u0131n\u0131n olumlu sonu\u00e7lanaca\u011f\u0131n\u0131 belirtebiliriz. E\u011fer vatanda\u015f\u0131 oldu\u011funuz \u00fclke \u00e7ifte vatanda\u015fl\u0131\u011fa izin vermiyor ise bu durumda \u00f6ncelikle vatanda\u015f\u0131 oldu\u011funuz \u00fclkeden feragat etmeniz gerekecektir. S\u00fcresiz olarak alaca\u011f\u0131n\u0131z oturum iznini 5 y\u0131l i\u00e7erisinde yenilemeniz gerekecektir. <strong>Ge\u00e7ici oturum<\/strong> izinlerinin yenilenme s\u00fcreleri ise 1 y\u0131l olarak belirlenmi\u015ftir. Ba\u015fvurular\u0131n\u0131z\u0131 en do\u011fru s\u00fcre\u00e7lerde ve profesyonel bi\u00e7imde ger\u00e7ekle\u015ftirebilmek i\u00e7in ofislerimizi arayabilirsiniz.<\/span><\/p>\n<p><span style=\"font-family: Roboto; font-size: 14px;\"><span style=\"color: #2acec2;\"><strong><a style=\"color: #2acec2;\" href=\"https:\/\/www.myvize.com.tr\/letonya\/vize-islemleri\/letonya-vatandaslik-islemleri\/\" target=\"_blank\" rel=\"noopener\">Letonya Vatanda\u015fl\u0131k \u0130\u015flemleri<\/a><\/strong><\/span> ile ilgili bilgi almak i\u00e7in bizi aray\u0131n\u0131z.<\/span><\/p>\n","protected":false},"excerpt":{"rendered":"<p>Letonya Vatanda\u015fl\u0131k \u015eartlar\u0131 Hakk\u0131nda Letonya \u00fclkesine Letonya vatanda\u015f\u0131 olarak kal\u0131c\u0131 ve ge\u00e7ici suretle gitmek m\u00fcmk\u00fcnd\u00fcr. Ancak bu i\u015flemler biraz detayl\u0131 ve uzun prosed\u00fcrleri gerektirmektedir. Letonya vatanda\u015f\u0131 olabilmeniz i\u00e7in ge\u00e7ici veya kal\u0131c\u0131 oturum iznini alm\u0131\u015f olman\u0131z ve belirlenen s\u00fcre zarf\u0131 i\u00e7erisinde baz\u0131 ko\u015fullar\u0131 yerine getirmeniz gerekmektedir. Bu s\u00fcre sonunda ise Letonya \u00fclkesinde \u00fclke vatanda\u015f\u0131 olabilmek i\u00e7in<\/p>\n","protected":false},"author":1,"featured_media":0,"parent":168,"menu_order":0,"comment_status":"open","ping_status":"closed","template":"","meta":{"footnotes":""},"class_list":["post-192","page","type-page","status-publish","hentry"],"yoast_head":"<!-- This site is optimized with the Yoast SEO plugin v24.0 - https:\/\/yoast.com\/wordpress\/plugins\/seo\/ -->\n<title>Letonya Vatanda\u015fl\u0131k \u015eartlar\u0131 - MyVize Vize Ba\u015fvuru Merkezi<\/title>\n<meta name=\"description\" content=\"Letonya Vatanda\u015fl\u0131k \u015fartlar\u0131 nelerdir? Letonya Vatanda\u015fl\u0131k \u0130\u015flemleri nas\u0131l yap\u0131l\u0131r? Letonya Vatanda\u015fl\u0131k Ba\u015fvurusu \u0130\u00e7in Ara: 0850 346 84 93\" \/>\n<meta name=\"robots\" content=\"index, follow, max-snippet:-1, max-image-preview:large, max-video-preview:-1\" \/>\n<link rel=\"canonical\" href=\"https:\/\/www.myvize.com.tr\/letonya\/vatandaslik\/letonya-vatandaslik-sartlari\/\" \/>\n<meta property=\"og:locale\" content=\"tr_TR\" \/>\n<meta property=\"og:type\" content=\"article\" \/>\n<meta property=\"og:title\" content=\"Letonya Vatanda\u015fl\u0131k \u015eartlar\u0131 - MyVize Vize Ba\u015fvuru Merkezi\" \/>\n<meta property=\"og:description\" content=\"Letonya Vatanda\u015fl\u0131k \u015fartlar\u0131 nelerdir? Letonya Vatanda\u015fl\u0131k \u0130\u015flemleri nas\u0131l yap\u0131l\u0131r? Letonya Vatanda\u015fl\u0131k Ba\u015fvurusu \u0130\u00e7in Ara: 0850 346 84 93\" \/>\n<meta property=\"og:url\" content=\"https:\/\/www.myvize.com.tr\/letonya\/vatandaslik\/letonya-vatandaslik-sartlari\/\" \/>\n<meta property=\"og:site_name\" content=\"Letonya Vizesi\" \/>\n<meta property=\"article:modified_time\" content=\"2021-12-08T12:29:11+00:00\" \/>\n<meta name=\"twitter:card\" content=\"summary_large_image\" \/>\n<meta name=\"twitter:label1\" content=\"Tahmini okuma s\u00fcresi\" \/>\n\t<meta name=\"twitter:data1\" content=\"2 dakika\" \/>\n<script type=\"application\/ld+json\" class=\"yoast-schema-graph\">{\"@context\":\"https:\/\/schema.org\",\"@graph\":[{\"@type\":\"WebPage\",\"@id\":\"https:\/\/www.myvize.com.tr\/letonya\/vatandaslik\/letonya-vatandaslik-sartlari\/\",\"url\":\"https:\/\/www.myvize.com.tr\/letonya\/vatandaslik\/letonya-vatandaslik-sartlari\/\",\"name\":\"Letonya Vatanda\u015fl\u0131k \u015eartlar\u0131 - MyVize Vize Ba\u015fvuru Merkezi\",\"isPartOf\":{\"@id\":\"https:\/\/www.myvize.com.tr\/letonya\/#website\"},\"datePublished\":\"2020-12-25T07:32:40+00:00\",\"dateModified\":\"2021-12-08T12:29:11+00:00\",\"description\":\"Letonya Vatanda\u015fl\u0131k \u015fartlar\u0131 nelerdir? Letonya Vatanda\u015fl\u0131k \u0130\u015flemleri nas\u0131l yap\u0131l\u0131r? Letonya Vatanda\u015fl\u0131k Ba\u015fvurusu \u0130\u00e7in Ara: 0850 346 84 93\",\"breadcrumb\":{\"@id\":\"https:\/\/www.myvize.com.tr\/letonya\/vatandaslik\/letonya-vatandaslik-sartlari\/#breadcrumb\"},\"inLanguage\":\"tr\",\"potentialAction\":[{\"@type\":\"ReadAction\",\"target\":[\"https:\/\/www.myvize.com.tr\/letonya\/vatandaslik\/letonya-vatandaslik-sartlari\/\"]}]},{\"@type\":\"BreadcrumbList\",\"@id\":\"https:\/\/www.myvize.com.tr\/letonya\/vatandaslik\/letonya-vatandaslik-sartlari\/#breadcrumb\",\"itemListElement\":[{\"@type\":\"ListItem\",\"position\":1,\"name\":\"Anasayfa\",\"item\":\"https:\/\/www.myvize.com.tr\/letonya\/\"},{\"@type\":\"ListItem\",\"position\":2,\"name\":\"VATANDA\u015eLIK\",\"item\":\"https:\/\/www.myvize.com.tr\/letonya\/vatandaslik\/\"},{\"@type\":\"ListItem\",\"position\":3,\"name\":\"Letonya Vatanda\u015fl\u0131k \u015eartlar\u0131\"}]},{\"@type\":\"WebSite\",\"@id\":\"https:\/\/www.myvize.com.tr\/letonya\/#website\",\"url\":\"https:\/\/www.myvize.com.tr\/letonya\/\",\"name\":\"Letonya Vizesi\",\"description\":\"\",\"potentialAction\":[{\"@type\":\"SearchAction\",\"target\":{\"@type\":\"EntryPoint\",\"urlTemplate\":\"https:\/\/www.myvize.com.tr\/letonya\/?s={search_term_string}\"},\"query-input\":{\"@type\":\"PropertyValueSpecification\",\"valueRequired\":true,\"valueName\":\"search_term_string\"}}],\"inLanguage\":\"tr\"}]}<\/script>\n<!-- \/ Yoast SEO plugin. -->","yoast_head_json":{"title":"Letonya Vatanda\u015fl\u0131k \u015eartlar\u0131 - MyVize Vize Ba\u015fvuru Merkezi","description":"Letonya Vatanda\u015fl\u0131k \u015fartlar\u0131 nelerdir? Letonya Vatanda\u015fl\u0131k \u0130\u015flemleri nas\u0131l yap\u0131l\u0131r? Letonya Vatanda\u015fl\u0131k Ba\u015fvurusu \u0130\u00e7in Ara: 0850 346 84 93","robots":{"index":"index","follow":"follow","max-snippet":"max-snippet:-1","max-image-preview":"max-image-preview:large","max-video-preview":"max-video-preview:-1"},"canonical":"https:\/\/www.myvize.com.tr\/letonya\/vatandaslik\/letonya-vatandaslik-sartlari\/","og_locale":"tr_TR","og_type":"article","og_title":"Letonya Vatanda\u015fl\u0131k \u015eartlar\u0131 - MyVize Vize Ba\u015fvuru Merkezi","og_description":"Letonya Vatanda\u015fl\u0131k \u015fartlar\u0131 nelerdir? Letonya Vatanda\u015fl\u0131k \u0130\u015flemleri nas\u0131l yap\u0131l\u0131r? Letonya Vatanda\u015fl\u0131k Ba\u015fvurusu \u0130\u00e7in Ara: 0850 346 84 93","og_url":"https:\/\/www.myvize.com.tr\/letonya\/vatandaslik\/letonya-vatandaslik-sartlari\/","og_site_name":"Letonya Vizesi","article_modified_time":"2021-12-08T12:29:11+00:00","twitter_card":"summary_large_image","twitter_misc":{"Tahmini okuma s\u00fcresi":"2 dakika"},"schema":{"@context":"https:\/\/schema.org","@graph":[{"@type":"WebPage","@id":"https:\/\/www.myvize.com.tr\/letonya\/vatandaslik\/letonya-vatandaslik-sartlari\/","url":"https:\/\/www.myvize.com.tr\/letonya\/vatandaslik\/letonya-vatandaslik-sartlari\/","name":"Letonya Vatanda\u015fl\u0131k \u015eartlar\u0131 - MyVize Vize Ba\u015fvuru Merkezi","isPartOf":{"@id":"https:\/\/www.myvize.com.tr\/letonya\/#website"},"datePublished":"2020-12-25T07:32:40+00:00","dateModified":"2021-12-08T12:29:11+00:00","description":"Letonya Vatanda\u015fl\u0131k \u015fartlar\u0131 nelerdir? Letonya Vatanda\u015fl\u0131k \u0130\u015flemleri nas\u0131l yap\u0131l\u0131r? Letonya Vatanda\u015fl\u0131k Ba\u015fvurusu \u0130\u00e7in Ara: 0850 346 84 93","breadcrumb":{"@id":"https:\/\/www.myvize.com.tr\/letonya\/vatandaslik\/letonya-vatandaslik-sartlari\/#breadcrumb"},"inLanguage":"tr","potentialAction":[{"@type":"ReadAction","target":["https:\/\/www.myvize.com.tr\/letonya\/vatandaslik\/letonya-vatandaslik-sartlari\/"]}]},{"@type":"BreadcrumbList","@id":"https:\/\/www.myvize.com.tr\/letonya\/vatandaslik\/letonya-vatandaslik-sartlari\/#breadcrumb","itemListElement":[{"@type":"ListItem","position":1,"name":"Anasayfa","item":"https:\/\/www.myvize.com.tr\/letonya\/"},{"@type":"ListItem","position":2,"name":"VATANDA\u015eLIK","item":"https:\/\/www.myvize.com.tr\/letonya\/vatandaslik\/"},{"@type":"ListItem","position":3,"name":"Letonya Vatanda\u015fl\u0131k \u015eartlar\u0131"}]},{"@type":"WebSite","@id":"https:\/\/www.myvize.com.tr\/letonya\/#website","url":"https:\/\/www.myvize.com.tr\/letonya\/","name":"Letonya Vizesi","description":"","potentialAction":[{"@type":"SearchAction","target":{"@type":"EntryPoint","urlTemplate":"https:\/\/www.myvize.com.tr\/letonya\/?s={search_term_string}"},"query-input":{"@type":"PropertyValueSpecification","valueRequired":true,"valueName":"search_term_string"}}],"inLanguage":"tr"}]}},"_links":{"self":[{"href":"https:\/\/www.myvize.com.tr\/letonya\/wp-json\/wp\/v2\/pages\/192","targetHints":{"allow":["GET"]}}],"collection":[{"href":"https:\/\/www.myvize.com.tr\/letonya\/wp-json\/wp\/v2\/pages"}],"about":[{"href":"https:\/\/www.myvize.com.tr\/letonya\/wp-json\/wp\/v2\/types\/page"}],"author":[{"embeddable":true,"href":"https:\/\/www.myvize.com.tr\/letonya\/wp-json\/wp\/v2\/users\/1"}],"replies":[{"embeddable":true,"href":"https:\/\/www.myvize.com.tr\/letonya\/wp-json\/wp\/v2\/comments?post=192"}],"version-history":[{"count":4,"href":"https:\/\/www.myvize.com.tr\/letonya\/wp-json\/wp\/v2\/pages\/192\/revisions"}],"predecessor-version":[{"id":616,"href":"https:\/\/www.myvize.com.tr\/letonya\/wp-json\/wp\/v2\/pages\/192\/revisions\/616"}],"up":[{"embeddable":true,"href":"https:\/\/www.myvize.com.tr\/letonya\/wp-json\/wp\/v2\/pages\/168"}],"wp:attachment":[{"href":"https:\/\/www.myvize.com.tr\/letonya\/wp-json\/wp\/v2\/media?parent=192"}],"curies":[{"name":"wp","href":"https:\/\/api.w.org\/{rel}","templated":true}]}}