{"id":194,"date":"2020-12-25T10:33:07","date_gmt":"2020-12-25T07:33:07","guid":{"rendered":"https:\/\/www.myvize.com.tr\/letonya\/?page_id=194"},"modified":"2022-08-02T13:45:27","modified_gmt":"2022-08-02T10:45:27","slug":"vize-islem-takip-belgesi","status":"publish","type":"page","link":"https:\/\/www.myvize.com.tr\/letonya\/form-ve-dilekce\/vize-islem-takip-belgesi\/","title":{"rendered":"Letonya Vize \u0130\u015flem Takip Belgesi"},"content":{"rendered":"<h2><span style=\"font-family: Roboto; font-size: 27px;\"><b>Letonya Vize \u0130\u015flem Takip Belgesi Hakk\u0131nda<\/b><\/span><\/h2>\n<p><span style=\"font-family: Roboto; font-size: 14px;\">T\u00fcrkiye\u2019den Letonya\u2019ya \u00a0yap\u0131lacak bir seyahat, vize uygulamas\u0131n\u0131 gerektirmektedir. Bu nedenle<strong> Letonya i\u00e7in vize ba\u015fvuru<\/strong> i\u015flemlerinin ve prosed\u00fcrlerinin yap\u0131lmas\u0131 gereklidir. Bordo pasaport yani umumi pasaport sahibi ki\u015filer i\u00e7in zorunlu olan vize, di\u011fer pasaportlar i\u00e7in farkl\u0131 prosed\u00fcrlere sahiptir. \u00a0<\/span><\/p>\n<p><span style=\"font-family: Roboto; font-size: 14px;\">Vize ba\u015fvuru s\u00fcreci belirli belgelerin ilgili kurumlara yani konsolosluk ya da b\u00fcy\u00fckel\u00e7ili\u011fe tebli\u011f edilmesi ile ba\u015flayan s\u00fcre\u00e7tir. Bu i\u015flemler s\u0131ras\u0131nda ba\u015fvuru s\u00fcrecinin ve belgelerin do\u011fru, tam ve d\u00fczg\u00fcn olma durumunun takip edilmesi gerekmektedir. Vize ba\u015fvurular\u0131 i\u00e7in elzem olan evrak sunumu vize ba\u015fvurusunun olumlu olarak sonu\u00e7lanmas\u0131n\u0131 sa\u011flamaktad\u0131r. Bu nedenle evrak takibi \u00f6nemlidir. \u00a0<strong>Letonya<\/strong>\u00a0<strong>vize i\u015flem takip belgesi\u00a0<\/strong>elde edilerek doldurulmal\u0131 ve ba\u015fvuru yap\u0131lan kuruma posta yolu ile ya da elden teslim edilmelidir.<\/span><\/p>\n<p><span style=\"font-family: Roboto; font-size: 14px;\">Vize ba\u015fvurusu a\u015famalar\u0131n\u0131n takip edilmesi amac\u0131 ile kullan\u0131lan vize i\u015flem takip belgesi, vize i\u00e7in gerekli olan bilgilerin girilmesi ile olu\u015fmaktad\u0131r. <span style=\"color: #2acec2;\"><strong><a style=\"color: #2acec2;\" href=\"https:\/\/www.myvize.com.tr\/letonya\/vize-islemleri\/letonya-vizesi\/\" target=\"_blank\" rel=\"noopener\">Letonya vizesi<\/a><\/strong><\/span> ba\u015fvuru s\u00fcrecinin eksiksiz, yolunda ve zaman\u0131nda ilerleyebilmesi i\u00e7in talep edilen belgeler, gerekli olan bilgiler tutarl\u0131 ve eksiksiz bir \u015fekilde i\u015flenmeli, bu bilgiler de ilgili makamlara zaman\u0131nda iletilmelidir.<\/span><\/p>\n<h2><strong><span style=\"font-family: Roboto; font-size: 27px;\">Letonya Vize \u0130\u015flem Takip Belgesi \u0130le \u0130lgili<\/span><\/strong><\/h2>\n<p><span style=\"font-family: Roboto; font-size: 14px;\">Seyahat edebilece\u011finiz Letonya i\u00e7in vize alman\u0131z\u0131n gerekti\u011fi durumlarda ba\u015fvurular\u0131 ger\u00e7ekle\u015ftirmelisiniz. <strong>Letonya Vize \u0130\u015flem Takip Belgesi<\/strong> Nedir ve ne i\u015fe yarar? Gibi sorular\u0131n yan\u0131tlar\u0131n\u0131 sizler i\u00e7in payla\u015f\u0131yoruz. Bordo pasaporta sahip olan ki\u015filerin 90 g\u00fcn\u00fc a\u015fmayacak \u015fekilde k\u0131sa s\u00fcreli vize ba\u015fvurular\u0131n\u0131 ger\u00e7ekle\u015ftirebileceklerini aktar\u0131yoruz. Daha uzun s\u00fcreli vizeler i\u00e7in D tipi <strong>ulusal vize<\/strong> tipi i\u00e7in ba\u015fvurular\u0131n\u0131z\u0131 yapman\u0131z gerekmektedir. Pasaport t\u00fcr\u00fcne g\u00f6re de\u011fi\u015fen \u015fartlara g\u00f6z atmak ve hizmetleri alabilmek i\u00e7in ofislerimizle ileti\u015fime ge\u00e7ebilirsiniz. Konsolosluk ve B\u00fcy\u00fckel\u00e7ilik taraf\u0131ndan talep edilmekte olan belgelerin eksiksiz ve do\u011fru bir \u015fekilde haz\u0131rlanmas\u0131 gerekmektedir. Tam olarak haz\u0131rlanan ve d\u00fczg\u00fcn bir \u015fekilde sunulan dosyalar\u0131n takibinin de profesyonel bir \u015fekilde ger\u00e7ekle\u015ftirilmesine dikkat edilecektir. Evrak sunumunun do\u011fru sonu\u00e7lanabilmesi i\u00e7in evrak takip s\u00fcre\u00e7lerinin de \u00f6nemli oldu\u011funu aktar\u0131yoruz. <strong>Letonya vize<\/strong>leriniz i\u00e7in ba\u015fvurular\u0131 takip edecek olan ekiplerimizin sonu\u00e7lar\u0131 ve pasaportlar\u0131 sizlere aktaraca\u011f\u0131n\u0131 belirtmekteyiz. Posta yoluyla veya elden olarak almak isteyece\u011finiz belgelerinizle ilgili ba\u015fvurular\u0131 g\u00fcvenilir bir \u015fekilde ger\u00e7ekle\u015ftirebilirsiniz. Bu sayede makamlara zaman\u0131nda verilecek olan t\u00fcm evraklar\u0131n sorunsuz bir \u015fekilde incelenmesine olanak verilecektir.<\/span><\/p>\n<p><span style=\"font-family: Roboto; font-size: 14px;\"><span style=\"color: #2acec2;\"><strong><a style=\"color: #2acec2;\" href=\"https:\/\/www.myvize.com.tr\/letonya\/vize-islemleri\/\" target=\"_blank\" rel=\"noopener\">Letonya Vize \u0130\u015flemleri<\/a><\/strong><\/span> ile ilgili bilgi almak i\u00e7in bizi aray\u0131n\u0131z.<\/span><\/p>\n<h2><span style=\"font-family: Roboto; font-size: 27px;\"><strong>Letonya Vize \u0130\u015flemleri<\/strong><\/span><\/h2>\n<p><span style=\"font-family: Roboto; font-size: 14px;\">Bu yaz\u0131m\u0131z i\u00e7erisinde <strong>Letonya vize i\u015flemleri<\/strong> hakk\u0131nda bilgi veriyor olaca\u011f\u0131z. E\u011fer siz de d\u00fc\u015f\u00fcn\u00fcp ta\u015f\u0131n\u0131p bu \u00f6nemli karar\u0131 verdiyseniz yani <strong>Letonya\u2019ya gitmek<\/strong> istiyorsan\u0131z bilmeniz gerekenler vard\u0131r. \u00d6ncelikle hangi vize t\u00fcr\u00fcn\u00fc almak istedi\u011finize bir bakmal\u0131s\u0131n\u0131z. Letonya \u00fclkesi konusunda yer alan vize t\u00fcrleri aile ziyareti vizesi, Erasmus vizesi, turistik vize, transit vize, oturum izni vizesi, \u00e7al\u0131\u015fma izni vizesi gibi se\u00e7eneklerden meydana gelmektedir. Se\u00e7iminizi yapt\u0131ysan\u0131z da s\u0131ra bundan b\u00f6yle sizden istenen belgeleri haz\u0131rlamaya geldi demektir. Vize ba\u015fvuru formu, en az iki sayfas\u0131 bo\u015f durumda olan ve on seneden daha eski olmayan ge\u00e7erlili\u011fini koruyan bir pasaport, n\u00fcfus c\u00fczdan\u0131 fotokopisi, seyahat sa\u011fl\u0131k sigortas\u0131, Letonya\u2019da kal\u0131nacak olan yeri g\u00f6steren belge, u\u00e7ak bileti ibraz\u0131 gibi belgeler sizden ivedilikle talep edilecektir. Her bir belgeyi i\u00e7erisinde eksik ya da hatal\u0131 bir b\u00f6l\u00fcm olmadan teslim etmeye itina ile dikkat ediniz.<\/span><\/p>\n<h2><span style=\"font-family: Roboto; font-size: 27px;\"><strong>Letonya Vize Takibi Nas\u0131l Yap\u0131l\u0131r?<\/strong><\/span><\/h2>\n<p><span style=\"font-family: Roboto; font-size: 14px;\"><strong>Letonya vize takibi<\/strong> nas\u0131l yap\u0131l\u0131r konusu ile kar\u015f\u0131n\u0131zday\u0131z. E\u011fer siz de<strong> Letonya\u2019ya gitmek<\/strong> istiyorsan\u0131z mutlaka vize almal\u0131s\u0131n\u0131z. Tabii bu s\u00fcrecin takibini konforlu bir \u015fekilde sa\u011flamak en iyisidir. Bunun i\u00e7in ne yapman\u0131z gerekti\u011fi de asl\u0131nda bellidir. Bir vize ba\u015fvuru merkezinden yard\u0131m almak sizi Letonya vizesi alma konusunda rahat ettirecek olan y\u00f6ntemdir diyebiliriz. B\u00f6ylece sizin yerinize tamamen sizin ad\u0131n\u0131za olacak \u015fekilde vize takibi yapan bir vize merkezi ile \u00e7al\u0131\u015fm\u0131\u015f olursunuz. Vize alma ad\u0131mlar\u0131n\u0131 birer birer takip etmek her zaman i\u00e7in en do\u011fru hareket olacakt\u0131r. \u015eayet siz de g\u00fcnl\u00fck ya\u015fam\u0131n\u0131zda yo\u011fun \u00e7al\u0131\u015f\u0131yor ve Letonya vize takibinizi yapmaya herhangi bir anlamda vakit bulam\u0131yorsan\u0131z mutlaka bir vize ba\u015fvuru merkezinden yard\u0131m almay\u0131 denemelisiniz. Aksi halde s\u00fcreci takip etmemeniz bir\u00e7ok ba\u015fvuru tarihini ve detay\u0131n\u0131 ka\u00e7\u0131rman\u0131za sebep olacakt\u0131r. Titiz davranmak her daim h\u0131z kazanman\u0131z\u0131 sa\u011flayacak.<\/span><\/p>\n<h2><span style=\"font-family: Roboto; font-size: 27px;\"><strong>Letonya Vize Takip Belgesi Nas\u0131l Doldurulur?<\/strong><\/span><\/h2>\n<p><span style=\"font-family: Roboto; font-size: 14px;\">Letonya vize takip belgesi nas\u0131l doldurulur sorusunu yan\u0131tlayal\u0131m. Vize takip belgesi, vize ba\u015fvuru durumunuzu takip edebilmeniz ad\u0131na doldurman\u0131z gereken \u00e7ok \u00f6nemli bir belge olmaktad\u0131r. Siz de Letonya\u2019ya gitmek istiyorsan\u0131z bu belgeyi doldurup vize ba\u015fvuru evraklar\u0131n\u0131z aras\u0131na aktif olarak eklemelisiniz. Bu belgede sizden istenen her bilgiyi eksiksiz olarak doldurman\u0131z laz\u0131md\u0131r. \u0130sim, soy isim, uyruk, vatanda\u015fl\u0131k numaras\u0131, do\u011fum tarihi, do\u011fum yeri, cinsiyet, adres, e-mail adresi, telefon, vize tipi, m\u00fc\u015fteri temsilcisi, pasaport numaras\u0131, pasaport t\u00fcr\u00fc, seyahat tarihi, vize \u00fccreti ve daha say\u0131s\u0131z bilgi bu evrakta sizin taraf\u0131n\u0131zdan istenecektir. \u00d6nemli olan\u0131n her daim do\u011fru bilgiyi sa\u011flamak ve o \u015fekilde sunmak oldu\u011funu bilmelisiniz. E\u011fer siz de vize takip belgesi doldurmak i\u00e7in yard\u0131ma gereksinim duyuyorsan\u0131z muhakkak bir vize ba\u015fvuru merkezinden destek almal\u0131s\u0131n\u0131z. Bu bi\u00e7imde herhangi bir problem \u00e7\u0131kmam\u0131\u015f olur ve rahat edersiniz.<\/span><\/p>\n<h3><span style=\"font-family: Roboto; font-size: 24px;\"><strong>Letonya Vize \u0130\u015flem Takip Belgesi Doldurulurken Dikkat Edilmesi Gerekenler<\/strong><\/span><\/h3>\n<p><span style=\"font-family: Roboto; font-size: 14px;\"><strong>Letonya vize i\u015flem takip belgesi<\/strong> doldurulurken dikkat edilmesi gerekenler konusunda bilgi sahibi olman\u0131z gerekece\u011fini d\u00fc\u015f\u00fcnd\u00fck. Letonya vize i\u015flem takip belgesini doldururken muhakkak bilgilerinizin g\u00fcncelli\u011finden ve tabii ki de do\u011frulu\u011fundan emin halde bu formu doldurmal\u0131s\u0131n\u0131z. B\u00f6ylece vize ba\u015fvuru s\u00fcreciniz boyunca herhangi bir s\u0131k\u0131nt\u0131 ile de kar\u015f\u0131la\u015fmam\u0131\u015f olursunuz. Size verilecek olan Letonya vize i\u015flem takip belgesi i\u00e7erisinde bir\u00e7ok farkl\u0131 bilgi yer al\u0131r. Sizden bu bilgilerin kar\u015f\u0131s\u0131nda yer alan bo\u015f alan\u0131 doldurman\u0131z istenir. Dikkatli bir bi\u00e7imde doldurman\u0131z bu konunun en m\u00fchim yan\u0131d\u0131r. Olas\u0131 bir durumda do\u011frulu\u011fu kan\u0131tlanamayan yani yanl\u0131\u015f olan bir bilgiyi Letonya vize i\u015flem takip belgeniz i\u00e7erisine eklerseniz yasal yapt\u0131r\u0131mlar da uygulanabilecektir. Bu t\u00fcr yapt\u0131r\u0131mlara gerek olmamas\u0131 a\u00e7\u0131s\u0131ndan her bilginizi eksiksiz olarak takip belgesine girmelisiniz. <strong>Letonya\u2019ya gitmek<\/strong> i\u00e7in bu vize i\u015flem takip belgesini doldurmakla y\u00fck\u00fcml\u00fc oldu\u011funuzu da hi\u00e7bir zaman unutmamal\u0131s\u0131n\u0131z.<\/span><\/p>\n","protected":false},"excerpt":{"rendered":"<p>Letonya Vize \u0130\u015flem Takip Belgesi Hakk\u0131nda T\u00fcrkiye\u2019den Letonya\u2019ya \u00a0yap\u0131lacak bir seyahat, vize uygulamas\u0131n\u0131 gerektirmektedir. Bu nedenle Letonya i\u00e7in vize ba\u015fvuru i\u015flemlerinin ve prosed\u00fcrlerinin yap\u0131lmas\u0131 gereklidir. Bordo pasaport yani umumi pasaport sahibi ki\u015filer i\u00e7in zorunlu olan vize, di\u011fer pasaportlar i\u00e7in farkl\u0131 prosed\u00fcrlere sahiptir. \u00a0 Vize ba\u015fvuru s\u00fcreci belirli belgelerin ilgili kurumlara yani konsolosluk ya da b\u00fcy\u00fckel\u00e7ili\u011fe<\/p>\n","protected":false},"author":1,"featured_media":0,"parent":171,"menu_order":0,"comment_status":"open","ping_status":"closed","template":"","meta":{"footnotes":""},"class_list":["post-194","page","type-page","status-publish","hentry"],"yoast_head":"<!-- This site is optimized with the Yoast SEO plugin v24.0 - https:\/\/yoast.com\/wordpress\/plugins\/seo\/ -->\n<title>Letonya Vize \u0130\u015flem Takip Belgesi Nedir? - MyVize<\/title>\n<meta name=\"description\" content=\"Vize Ba\u015fvuru Takibi \u0130\u00e7in T\u0131kla! Letonya Vizesi \u0130\u015flemlerinizi Takip Etmemizi \u0130stiyorsan\u0131z Vize Dan\u0131\u015fman\u0131m\u0131za Ula\u015fmak \u0130\u00e7in Hemen Aray\u0131n!\" \/>\n<meta name=\"robots\" content=\"index, follow, max-snippet:-1, max-image-preview:large, max-video-preview:-1\" \/>\n<link rel=\"canonical\" href=\"https:\/\/www.myvize.com.tr\/letonya\/form-ve-dilekce\/vize-islem-takip-belgesi\/\" \/>\n<meta property=\"og:locale\" content=\"tr_TR\" \/>\n<meta property=\"og:type\" content=\"article\" \/>\n<meta property=\"og:title\" content=\"Letonya Vize \u0130\u015flem Takip Belgesi Nedir? - MyVize\" \/>\n<meta property=\"og:description\" content=\"Vize Ba\u015fvuru Takibi \u0130\u00e7in T\u0131kla! Letonya Vizesi \u0130\u015flemlerinizi Takip Etmemizi \u0130stiyorsan\u0131z Vize Dan\u0131\u015fman\u0131m\u0131za Ula\u015fmak \u0130\u00e7in Hemen Aray\u0131n!\" \/>\n<meta property=\"og:url\" content=\"https:\/\/www.myvize.com.tr\/letonya\/form-ve-dilekce\/vize-islem-takip-belgesi\/\" \/>\n<meta property=\"og:site_name\" content=\"Letonya Vizesi\" \/>\n<meta property=\"article:modified_time\" content=\"2022-08-02T10:45:27+00:00\" \/>\n<meta name=\"twitter:card\" content=\"summary_large_image\" \/>\n<meta name=\"twitter:label1\" content=\"Tahmini okuma s\u00fcresi\" \/>\n\t<meta name=\"twitter:data1\" content=\"4 dakika\" \/>\n<script type=\"application\/ld+json\" class=\"yoast-schema-graph\">{\"@context\":\"https:\/\/schema.org\",\"@graph\":[{\"@type\":\"WebPage\",\"@id\":\"https:\/\/www.myvize.com.tr\/letonya\/form-ve-dilekce\/vize-islem-takip-belgesi\/\",\"url\":\"https:\/\/www.myvize.com.tr\/letonya\/form-ve-dilekce\/vize-islem-takip-belgesi\/\",\"name\":\"Letonya Vize \u0130\u015flem Takip Belgesi Nedir? - MyVize\",\"isPartOf\":{\"@id\":\"https:\/\/www.myvize.com.tr\/letonya\/#website\"},\"datePublished\":\"2020-12-25T07:33:07+00:00\",\"dateModified\":\"2022-08-02T10:45:27+00:00\",\"description\":\"Vize Ba\u015fvuru Takibi \u0130\u00e7in T\u0131kla! Letonya Vizesi \u0130\u015flemlerinizi Takip Etmemizi \u0130stiyorsan\u0131z Vize Dan\u0131\u015fman\u0131m\u0131za Ula\u015fmak \u0130\u00e7in Hemen Aray\u0131n!\",\"breadcrumb\":{\"@id\":\"https:\/\/www.myvize.com.tr\/letonya\/form-ve-dilekce\/vize-islem-takip-belgesi\/#breadcrumb\"},\"inLanguage\":\"tr\",\"potentialAction\":[{\"@type\":\"ReadAction\",\"target\":[\"https:\/\/www.myvize.com.tr\/letonya\/form-ve-dilekce\/vize-islem-takip-belgesi\/\"]}]},{\"@type\":\"BreadcrumbList\",\"@id\":\"https:\/\/www.myvize.com.tr\/letonya\/form-ve-dilekce\/vize-islem-takip-belgesi\/#breadcrumb\",\"itemListElement\":[{\"@type\":\"ListItem\",\"position\":1,\"name\":\"Anasayfa\",\"item\":\"https:\/\/www.myvize.com.tr\/letonya\/\"},{\"@type\":\"ListItem\",\"position\":2,\"name\":\"FORM VE D\u0130LEK\u00c7E\",\"item\":\"https:\/\/www.myvize.com.tr\/letonya\/form-ve-dilekce\/\"},{\"@type\":\"ListItem\",\"position\":3,\"name\":\"Letonya Vize \u0130\u015flem Takip Belgesi\"}]},{\"@type\":\"WebSite\",\"@id\":\"https:\/\/www.myvize.com.tr\/letonya\/#website\",\"url\":\"https:\/\/www.myvize.com.tr\/letonya\/\",\"name\":\"Letonya Vizesi\",\"description\":\"\",\"potentialAction\":[{\"@type\":\"SearchAction\",\"target\":{\"@type\":\"EntryPoint\",\"urlTemplate\":\"https:\/\/www.myvize.com.tr\/letonya\/?s={search_term_string}\"},\"query-input\":{\"@type\":\"PropertyValueSpecification\",\"valueRequired\":true,\"valueName\":\"search_term_string\"}}],\"inLanguage\":\"tr\"}]}<\/script>\n<!-- \/ Yoast SEO plugin. -->","yoast_head_json":{"title":"Letonya Vize \u0130\u015flem Takip Belgesi Nedir? - MyVize","description":"Vize Ba\u015fvuru Takibi \u0130\u00e7in T\u0131kla! Letonya Vizesi \u0130\u015flemlerinizi Takip Etmemizi \u0130stiyorsan\u0131z Vize Dan\u0131\u015fman\u0131m\u0131za Ula\u015fmak \u0130\u00e7in Hemen Aray\u0131n!","robots":{"index":"index","follow":"follow","max-snippet":"max-snippet:-1","max-image-preview":"max-image-preview:large","max-video-preview":"max-video-preview:-1"},"canonical":"https:\/\/www.myvize.com.tr\/letonya\/form-ve-dilekce\/vize-islem-takip-belgesi\/","og_locale":"tr_TR","og_type":"article","og_title":"Letonya Vize \u0130\u015flem Takip Belgesi Nedir? - MyVize","og_description":"Vize Ba\u015fvuru Takibi \u0130\u00e7in T\u0131kla! Letonya Vizesi \u0130\u015flemlerinizi Takip Etmemizi \u0130stiyorsan\u0131z Vize Dan\u0131\u015fman\u0131m\u0131za Ula\u015fmak \u0130\u00e7in Hemen Aray\u0131n!","og_url":"https:\/\/www.myvize.com.tr\/letonya\/form-ve-dilekce\/vize-islem-takip-belgesi\/","og_site_name":"Letonya Vizesi","article_modified_time":"2022-08-02T10:45:27+00:00","twitter_card":"summary_large_image","twitter_misc":{"Tahmini okuma s\u00fcresi":"4 dakika"},"schema":{"@context":"https:\/\/schema.org","@graph":[{"@type":"WebPage","@id":"https:\/\/www.myvize.com.tr\/letonya\/form-ve-dilekce\/vize-islem-takip-belgesi\/","url":"https:\/\/www.myvize.com.tr\/letonya\/form-ve-dilekce\/vize-islem-takip-belgesi\/","name":"Letonya Vize \u0130\u015flem Takip Belgesi Nedir? - MyVize","isPartOf":{"@id":"https:\/\/www.myvize.com.tr\/letonya\/#website"},"datePublished":"2020-12-25T07:33:07+00:00","dateModified":"2022-08-02T10:45:27+00:00","description":"Vize Ba\u015fvuru Takibi \u0130\u00e7in T\u0131kla! Letonya Vizesi \u0130\u015flemlerinizi Takip Etmemizi \u0130stiyorsan\u0131z Vize Dan\u0131\u015fman\u0131m\u0131za Ula\u015fmak \u0130\u00e7in Hemen Aray\u0131n!","breadcrumb":{"@id":"https:\/\/www.myvize.com.tr\/letonya\/form-ve-dilekce\/vize-islem-takip-belgesi\/#breadcrumb"},"inLanguage":"tr","potentialAction":[{"@type":"ReadAction","target":["https:\/\/www.myvize.com.tr\/letonya\/form-ve-dilekce\/vize-islem-takip-belgesi\/"]}]},{"@type":"BreadcrumbList","@id":"https:\/\/www.myvize.com.tr\/letonya\/form-ve-dilekce\/vize-islem-takip-belgesi\/#breadcrumb","itemListElement":[{"@type":"ListItem","position":1,"name":"Anasayfa","item":"https:\/\/www.myvize.com.tr\/letonya\/"},{"@type":"ListItem","position":2,"name":"FORM VE D\u0130LEK\u00c7E","item":"https:\/\/www.myvize.com.tr\/letonya\/form-ve-dilekce\/"},{"@type":"ListItem","position":3,"name":"Letonya Vize \u0130\u015flem Takip Belgesi"}]},{"@type":"WebSite","@id":"https:\/\/www.myvize.com.tr\/letonya\/#website","url":"https:\/\/www.myvize.com.tr\/letonya\/","name":"Letonya Vizesi","description":"","potentialAction":[{"@type":"SearchAction","target":{"@type":"EntryPoint","urlTemplate":"https:\/\/www.myvize.com.tr\/letonya\/?s={search_term_string}"},"query-input":{"@type":"PropertyValueSpecification","valueRequired":true,"valueName":"search_term_string"}}],"inLanguage":"tr"}]}},"_links":{"self":[{"href":"https:\/\/www.myvize.com.tr\/letonya\/wp-json\/wp\/v2\/pages\/194","targetHints":{"allow":["GET"]}}],"collection":[{"href":"https:\/\/www.myvize.com.tr\/letonya\/wp-json\/wp\/v2\/pages"}],"about":[{"href":"https:\/\/www.myvize.com.tr\/letonya\/wp-json\/wp\/v2\/types\/page"}],"author":[{"embeddable":true,"href":"https:\/\/www.myvize.com.tr\/letonya\/wp-json\/wp\/v2\/users\/1"}],"replies":[{"embeddable":true,"href":"https:\/\/www.myvize.com.tr\/letonya\/wp-json\/wp\/v2\/comments?post=194"}],"version-history":[{"count":5,"href":"https:\/\/www.myvize.com.tr\/letonya\/wp-json\/wp\/v2\/pages\/194\/revisions"}],"predecessor-version":[{"id":802,"href":"https:\/\/www.myvize.com.tr\/letonya\/wp-json\/wp\/v2\/pages\/194\/revisions\/802"}],"up":[{"embeddable":true,"href":"https:\/\/www.myvize.com.tr\/letonya\/wp-json\/wp\/v2\/pages\/171"}],"wp:attachment":[{"href":"https:\/\/www.myvize.com.tr\/letonya\/wp-json\/wp\/v2\/media?parent=194"}],"curies":[{"name":"wp","href":"https:\/\/api.w.org\/{rel}","templated":true}]}}