{"id":198,"date":"2020-12-25T10:34:17","date_gmt":"2020-12-25T07:34:17","guid":{"rendered":"https:\/\/www.myvize.com.tr\/letonya\/?page_id=198"},"modified":"2022-08-16T12:53:22","modified_gmt":"2022-08-16T09:53:22","slug":"ticari-vize-dilekce-ornegi","status":"publish","type":"page","link":"https:\/\/www.myvize.com.tr\/letonya\/form-ve-dilekce\/ticari-vize-dilekce-ornegi\/","title":{"rendered":"Letonya Ticari Vize Dilek\u00e7e \u00d6rne\u011fi"},"content":{"rendered":"<h2><span style=\"font-family: Roboto; font-size: 27px;\"><b>Letonya Ticari Vize Dilek\u00e7e \u00d6rne\u011fi Hakk\u0131nda<\/b><\/span><\/h2>\n<p><span style=\"font-family: Roboto; font-size: 14px;\">T\u00fcrkiye\u2019den Letonya\u2019ya ticari (i\u015f, toplant\u0131s\u0131, fuar konferans, alan ara\u015ft\u0131rmas\u0131 gibi) nedenlerle seyahat eden ki\u015filerin yapacaklar\u0131 ziyaret ile ilgili konsolosluklara ya da b\u00fcy\u00fckel\u00e7ili\u011fe hitaben\u00a0<strong>Ticari Vize dilek\u00e7e \u00f6rne\u011fi\u00a0<\/strong>doldurup sunmalar\u0131 gereklidir.<\/span><\/p>\n<p><span style=\"font-family: Roboto; font-size: 14px;\"><strong>Ticari vize talep dilek\u00e7esi<\/strong> doldurulurken ise dikkat edilmesi gereken hususlar vard\u0131r.<\/span><\/p>\n<ul>\n<li><span style=\"font-family: Roboto; font-size: 14px;\"><strong>Ticari vize talep dilek\u00e7esi<\/strong>, e\u011fer bir \u015firket taraf\u0131ndan dolduruluyor ise \u015firketin antetli ka\u011f\u0131d\u0131na yaz\u0131lmal\u0131d\u0131r. \u015eirket yetkilisinin ka\u015fe ve \u0131slak imzas\u0131 bulunmal\u0131d\u0131r.<\/span><\/li>\n<li><span style=\"font-family: Roboto; font-size: 14px;\">Ticari vize talep dilek\u00e7esi seyahat amac\u0131n\u0131\/ama\u00e7lar\u0131n\u0131 a\u00e7\u0131k\u00e7a ve detayl\u0131 bir \u015fekilde i\u00e7ermelidir. Toplant\u0131, alan ara\u015ft\u0131rmas\u0131 ya da fuar gibi faaliyetlerin amac\u0131, kapsam\u0131, s\u00fcresi gibi bilgiler mutlaka yer almal\u0131d\u0131r.<\/span><\/li>\n<li><span style=\"font-family: Roboto; font-size: 14px;\"><strong>Ticari vize talep dilek\u00e7esi<\/strong>, ad\u0131na ba\u015fvurulan ki\u015finin ilgili kurumdaki g\u00f6revini net bir \u015fekilde ortaya koymal\u0131d\u0131r.<\/span><\/li>\n<li><span style=\"font-family: Roboto; font-size: 14px;\">Seyahatte bulunacak ki\u015finin seyahat ba\u015flang\u0131\u00e7 ve biti\u015f aras\u0131nda ba\u015fka bir seyahat plan\u0131 var ise \u00a0bu ek seyahat hakk\u0131nda\u00a0dilek\u00e7ede bilgisi bulunmal\u0131d\u0131r.<\/span><\/li>\n<li><span style=\"font-family: Roboto; font-size: 14px;\">Seyahat s\u00fcresinde konaklama hastal\u0131k, kaza, transfer gibi harcamalar\u0131n nas\u0131l kar\u015f\u0131lanaca\u011f\u0131 da a\u00e7\u0131klanmal\u0131d\u0131r.<\/span><\/li>\n<li><span style=\"font-family: Roboto; font-size: 14px;\">Ayn\u0131 zamanda b\u00fct\u00fcn bu bilgiler vize dilek\u00e7esinde verilmekle beraber ek belgelerle de desteklenmelidir.<\/span><\/li>\n<\/ul>\n<p><span style=\"font-family: Roboto; font-size: 14px;\"><span style=\"color: #2acec2;\"><strong><a style=\"color: #2acec2;\" href=\"https:\/\/www.myvize.com.tr\/letonya\/vize-islemleri\/letonya-vize-randevusu\/\" target=\"_blank\" rel=\"noopener\">Letonya Vize Randevusu <\/a><\/strong><\/span>ile ilgili bilgi almak i\u00e7in bizi aray\u0131n.<\/span><\/p>\n<h2><strong><span style=\"font-family: Roboto; font-size: 27px;\">Letonya Ticari Vize Dilek\u00e7e \u00d6rne\u011fi \u0130le \u0130lgili<\/span><\/strong><\/h2>\n<p><span style=\"font-family: Roboto; font-size: 14px;\">Hangi ama\u00e7la olursa olsun <strong>Letonya<\/strong> seyahatleriniz i\u00e7in vize alman\u0131z gerekti\u011finde mutlaka dilek\u00e7e yazman\u0131z gerekmektedir. Ba\u015fvuru dosyan\u0131zda bulunmas\u0131 gereken vize dilek\u00e7e \u00f6rne\u011fi ile ilgili beklentilerinize yan\u0131t veriyoruz. Sizler de ticari ama\u00e7larla \u00fclkeye giri\u015f yapmak istedi\u011finizde baz\u0131 noktalara dikkat etmeniz gerekmektedir. Pasaport bilgilerinizi eksiksiz ve do\u011fru bir \u015fekilde belirtmelisiniz. Ayr\u0131ca seyahat etmek istedi\u011finiz tarihlerde herhangi bir hatal\u0131 bilgiyi aktarmamal\u0131s\u0131n\u0131z. Seyahat planlaman\u0131z\u0131 \u00f6nceden yapman\u0131z ve dilek\u00e7enizde a\u00e7\u0131k bir \u015fekilde belirtmeniz gerekecektir. Tekli veya \u00e7iftli vize t\u00fcrlerine g\u00f6re de\u011fi\u015fen vize \u00fccretlerini \u00f6demeniz istenecektir. Bu nedenle giri\u015f \u015fartlar\u0131n\u0131 belirtebilece\u011finiz vize dilek\u00e7enizi <strong>Rus\u00e7a<\/strong>, <strong>\u0130ngilizce<\/strong> veya <strong>Letonca<\/strong> dillerinde yazman\u0131z istenecektir. Mesle\u011finizi, ki\u015fisel bilgilerinizi ve ileti\u015fim bilgilerinizi talep edecek olan mercilerin tutars\u0131z bilgilere yer verilmemesi konusunda uyard\u0131\u011f\u0131n\u0131 belirtebiliriz. Aksi halde ba\u015fvurular\u0131n\u0131z\u0131n vize retti yan\u0131t\u0131n\u0131 alabilece\u011fini g\u00f6z ard\u0131 etmemelisiniz. Ticari konseptte ger\u00e7ekle\u015ftirece\u011finiz seyahatlerde amac\u0131n\u0131z\u0131n d\u0131\u015f\u0131na \u00e7\u0131kmamal\u0131s\u0131n\u0131z. Di\u011fer yandan ise elinizde mutlaka \u00fclkeden gelen bir davetiyenin olmas\u0131 gerekmektedir. Sizi kar\u015f\u0131layacak olan ki\u015fi veya \u015firket bilgileri ile masraflar\u0131n\u0131z\u0131n kar\u015f\u0131lanaca\u011f\u0131na dair teminatlar\u0131n istenece\u011fini unutmamal\u0131s\u0131n\u0131z.<\/span><\/p>\n<p><span style=\"font-size: 20px;\"><img loading=\"lazy\" decoding=\"async\" src=\"https:\/\/www.myvize.com.tr\/romanya\/wp-content\/uploads\/2021\/07\/aDOBE-LOGO-1.png\" width=\"75\" height=\"75\" \/><strong><span style=\"font-family: Roboto; font-size: 18px;\">\u00a0 \u00a0Letonya Ticari Vize Dilek\u00e7e \u00d6rne\u011fi\u00a0 <a href=\"https:\/\/www.myvize.com.tr\/letonya\/wp-content\/uploads\/2021\/12\/Letonya-ticari-Dilekce-Ornek-Ankara.pdf\" target=\"_blank\" rel=\"noreferrer noopener\">(<span style=\"color: #2acec2;\">\u0130ndirmek \u0130\u00e7in T\u0131klay\u0131n\u0131z!!<\/span>)<\/a><\/span><\/strong><\/span><\/p>\n<h2><span style=\"font-family: Roboto; font-size: 27px;\"><strong>Letonya Ticari Vize \u0130\u015flemleri<\/strong><\/span><\/h2>\n<p><span style=\"font-family: Roboto; font-size: 14px;\"><strong>Letonya ticari vize<\/strong>, T\u00fcrk i\u015f adamlar\u0131n\u0131n Letonya\u2019 da yeni anla\u015fmalar yapmalar\u0131n\u0131 sa\u011flayabilecek g\u00f6r\u00fc\u015fmeleri ya da devam eden \u00e7al\u0131\u015fmalar i\u00e7in yap\u0131lacak olan seyahatlerin \u00f6ncesinde almalar\u0131 gereken bir vize t\u00fcr\u00fcd\u00fcr. Letonya ticari vizeleri maksimum 90 g\u00fcn s\u00fcreli konaklamalar izin veren k\u0131sa s\u00fcreli bir vizedir. Ticari vizelere sadece i\u015f adamlar\u0131 de\u011fil T\u00fcrkiye\u2019 de bir firman\u0131n b\u00fcnyesinde \u00e7al\u0131\u015fanlar i\u015fleri gere\u011fi yapacaklar\u0131 seyahatlerin \u00f6ncesinde de ba\u015fvurabilirler. Ticari vize T\u00fcrkiye Cumhuriyeti vatanda\u015flar\u0131ndan sadece bordo renkli pasaport kullananlara zorunlu tutulmu\u015ftur. Di\u011fer pasaport t\u00fcrlerine sahip olanlar vize muafiyetini kullanarak Letonya\u2019 da 90 g\u00fcn kalarak \u00e7al\u0131\u015fmalar\u0131n\u0131 y\u00fcr\u00fctebilirler.<\/span><\/p>\n<p><span style=\"font-family: Roboto; font-size: 14px;\">Letonya Ticari vizeye ba\u015fvuruda bulunurken ilk olarak Letonya\u2019 da ileti\u015fim halinde bulunan kurumdan bir davet mektubu al\u0131nmas\u0131 gerekir. Davet mektubu al\u0131nd\u0131ktan sonra gelen davet mektubuna istinaden Letonya Konsoloslu\u011funa hitaben ticari vize talep dilek\u00e7esi yaz\u0131l\u0131r. Davet mektubu ve vize talep dilek\u00e7esi vize ba\u015fvurusu i\u00e7in istenilen en \u00f6nemli evraklardand\u0131r.<\/span><\/p>\n<h2><span style=\"font-family: Roboto; font-size: 27px;\"><strong>Letonya Ticari Vize Dilek\u00e7e \u00d6rne\u011fi Nas\u0131l Yaz\u0131l\u0131r?<\/strong><\/span><\/h2>\n<p><span style=\"font-family: Roboto; font-size: 14px;\">Letonya ticari vize, T\u00fcrk i\u015f adamlar\u0131n\u0131n Letonya\u2019 da yeni anla\u015fmalar yapmalar\u0131n\u0131 sa\u011flayabilecek g\u00f6r\u00fc\u015fmeleri ya da devam eden \u00e7al\u0131\u015fmalar i\u00e7in yap\u0131lacak olan seyahatlerin \u00f6ncesinde almalar\u0131 gereken bir vize t\u00fcr\u00fcd\u00fcr. Letonya ticari vize ile Letonya\u2019da maksimum 90 g\u00fcn konaklamaya izin verilir ve bordo pasaporta sahip olan T\u00fcrkiye Cumhuriyeti vatanda\u015flar\u0131n\u0131n seyahat \u00f6ncesinde bu vizeye ba\u015fvuruda bulunmalar\u0131 zorunlu tutulmu\u015ftur.<\/span><\/p>\n<p><span style=\"font-family: Roboto; font-size: 14px;\"><strong>Letonya ticari vize dilek\u00e7esi<\/strong> yaz\u0131l\u0131rken dilek\u00e7ede ziyaretin ni\u00e7in yap\u0131laca\u011f\u0131, ziyarette hangi kurum ile g\u00f6r\u00fc\u015fmelerin yap\u0131laca\u011f\u0131, ziyareti kimin ger\u00e7ekle\u015ftirece\u011fine dair bilgilerin eksiksiz ve net olarak bildirilmesi gerekmektedir. Ticari vize dilek\u00e7esine ek evraklar olarak \u015firketin ticari ve mali durumunu belirten evraklar, \u015firkete ait banka d\u00f6k\u00fcmleri ve gidecek olan personelin daha \u00f6nce ald\u0131\u011f\u0131 vizelerin kopyalar\u0131n\u0131n da eklenmesi gerekmektedir. Ayr\u0131ca vize dilek\u00e7esi ile Letonya\u2019 dan gelen davet mektubunda yer alan seyahat bilgilerinin birbirini tutmas\u0131 gerekmektedir.<\/span><\/p>\n<h3><span style=\"font-family: Roboto; font-size: 24px;\"><strong>Letonya Ticari Vize Dilek\u00e7e \u00d6rne\u011fi Yaz\u0131l\u0131rken Dikkat Edilmesi Gerekenler<\/strong><\/span><\/h3>\n<p><span style=\"font-family: Roboto; font-size: 14px;\">Letonya ticari vize, T\u00fcrkiye\u2019 den Letonya\u2019 ya ticari ama\u00e7larla yap\u0131lmas\u0131 planlanan seyahatlerin \u00f6ncesinde al\u0131nmas\u0131 gereken bir vizedir. Bu vize Shengen vize kategorisinde yer al\u0131p Letonya\u2019 dan ba\u015flayarak di\u011fer Shengen \u00fclkeleri de dahil edilerek maksimum 90 g\u00fcn konaklamaya izin vermektedir. Letonya ticari vizeye bordo pasaporta sahip olan T\u00fcrkiye Cumhuriyeti vatanda\u015flar\u0131n\u0131n seyahat \u00f6ncesinde ba\u015fvuruda bulunmalar\u0131 zorunlu tutulmu\u015ftur.<\/span><\/p>\n<p><span style=\"font-family: Roboto; font-size: 14px;\"><strong>Letonya ticari vize dilek\u00e7esi<\/strong> doldurulurken dilek\u00e7e \u00fczerinde belirtilen bilgiler ile Letonya\u2019 dan g\u00f6nderilen ticari vize davet mektubunun ve di\u011fer vize evraklar\u0131n\u0131n birebir ayn\u0131 olmas\u0131 gerekmektedir. Dilek\u00e7enin \u00fczerinde, ziyaretin ni\u00e7in yap\u0131laca\u011f\u0131, ziyarette hangi kurum ile g\u00f6r\u00fc\u015fmelerin yap\u0131laca\u011f\u0131, ziyareti kimin ger\u00e7ekle\u015ftirece\u011fine dair bilgilerin eksiksiz ve net olarak bildirilmesi gerekmektedir. Ticari vize dilek\u00e7esine ek olarak T\u00fcrkiye\u2019 deki vize talep eden \u015firketin ticari ve mali durumunu belirten evraklar, \u015firkete ait banka d\u00f6k\u00fcmleri ve gidecek olan personelin daha \u00f6nce ald\u0131\u011f\u0131 vizelerin kopyalar\u0131n\u0131n da eklenmesi gerekmektedir.<\/span><\/p>\n<h3><span style=\"font-family: Roboto; font-size: 24px;\"><strong>Letonya Ticari Vize Dilek\u00e7e \u00d6rne\u011fi 2022<\/strong><\/span><\/h3>\n<p><span style=\"font-family: Roboto; font-size: 14px;\">Ticari Vize Dilek\u00e7e \u00d6rne\u011fi<\/span><\/p>\n<p><span style=\"font-family: Roboto; font-size: 14px;\">\u00a0..\/..\/..\/\u2026<\/span><\/p>\n<p><span style=\"font-family: Roboto; font-size: 14px;\">\u00a0\u2026\u2026\u2026 Ba\u015fkonsoloslu\u011fu \u0130stanbul<\/span><\/p>\n<p><span style=\"font-family: Roboto; font-size: 14px;\">Vize B\u00f6l\u00fcm\u00fc Yetkilisi Sn:<\/span><\/p>\n<p>&nbsp;<\/p>\n<p><span style=\"font-family: Roboto; font-size: 14px;\">\u2026\u2026\u2026\u2026\u2026.. (firma ad\u0131 yer alacak) olarak Kocaeli\u2019 nin \u0130zmit il\u00e7esinde haz\u0131r g\u0131da sekt\u00f6r\u00fc \u00fczerine 10 y\u0131ll\u0131 a\u015fk\u0131nd\u0131r hizmet vermekteyiz. \u00dclkenizde bulunan \u201c\u2026\u2026\u2026\u2026\u2026\u2026\u2026.\u201d(ziyaret edilecek firma ad\u0131) firmas\u0131 ile daha \u00f6nce kurdu\u011fumuz i\u015f ortakl\u0131\u011f\u0131m\u0131z\u0131 geli\u015ftirmek ve yeni alanlarda da at\u0131l\u0131mlar yapmak ad\u0131na \u00e7al\u0131\u015fmalar i\u00e7erisindeyiz. \u2026\u2026\u2026\u2026\u2026.. firmas\u0131 bilindi\u011fi \u00fczere \u00fclkeniz i\u00e7erisinde haz\u0131r g\u0131da alan\u0131nda bilinen en iyi firmalar aras\u0131nda yer almaktad\u0131r ve bizimde bu ba\u015far\u0131da pay\u0131m\u0131z b\u00fcy\u00fckt\u00fcr. Bu sebepledir ki izimizi geli\u015ftirmek, yeni at\u0131l\u0131mlarda bulunmak i\u00e7in g\u00f6r\u00fc\u015fmeler ve toplant\u0131lar organize etmeyi planl\u0131yoruz.<\/span><\/p>\n<p><span style=\"font-family: Roboto; font-size: 14px;\">A\u015fa\u011f\u0131da kimlik bilgilerinin de yer ald\u0131\u011f\u0131 \u2026\u2026\u2026\u2026\u2026\u2026\u2026\u2026\u2026. (Personel Ad\u0131) personelimiz i\u00e7in \u00f6ng\u00f6r\u00fclen tarihler i\u00e7in gerekli olan ticari vizenin verilmesini \u00f6nemle arz ederiz.<\/span><\/p>\n<p><span style=\"font-family: Roboto; font-size: 14px;\">\u0130sim \/ Soyad\u0131 \u00a0\u00a0\u00a0\u00a0\u00a0\u00a0\u00a0\u00a0\u00a0\u00a0\u00a0\u00a0\u00a0\u00a0\u00a0\u00a0\u00a0\u00a0\u00a0\u00a0\u00a0\u00a0\u00a0\u00a0\u00a0\u00a0\u00a0\u00a0\u00a0\u00a0\u00a0\u00a0\u00a0\u00a0\u00a0\u00a0\u00a0Pas No\u00a0\u00a0\u00a0\u00a0\u00a0\u00a0\u00a0\u00a0\u00a0\u00a0\u00a0\u00a0\u00a0\u00a0\u00a0\u00a0\u00a0\u00a0\u00a0\u00a0\u00a0\u00a0\u00a0\u00a0\u00a0\u00a0\u00a0\u00a0\u00a0\u00a0\u00a0\u00a0\u00a0\u00a0\u00a0\u00a0\u00a0\u00a0<\/span><\/p>\n<p><span style=\"font-family: Roboto; font-size: 14px;\">\u00a0G\u00f6revi<\/span><\/p>\n<p><span style=\"font-family: Roboto; font-size: 14px;\">Personelimiz Sn \u2026.. \u2026\u2026\u2026\u2026\u2026\u2026\u2026\u00a0\u00a0 maa\u015f bordrosunda da g\u00f6rd\u00fc\u011f\u00fcn\u00fcz gibi hak etti\u011fi primleriile birlikte \u2026. EURO kar\u015f\u0131l\u0131\u011f\u0131 \u2026. TL almakta olup kadromuzda 5 y\u0131l\u0131 a\u015fk\u0131n s\u00fcredir \u00e7al\u0131\u015fmaktad\u0131r. Personelimiz daha \u00f6nceki y\u0131llarda da firmam\u0131z b\u00fcnyesinde \u00e7al\u0131\u015f\u0131rken Shengen vizesi ile \u00fclkenize seyahat ger\u00e7ekle\u015ftirmi\u015ftir. Sizin de uygun g\u00f6rd\u00fc\u011f\u00fcn\u00fcz taktirde tekrar Shengen vizesi vermenizi arz ederiz. Kaza ve hastal\u0131k gibi durumlarda t\u00fcm sorumluluk \u015firketimize aittir.<\/span><\/p>\n<p><span style=\"font-family: Roboto; font-size: 14px;\">\u0130\u00e7indekiler<\/span><\/p>\n<p><span style=\"font-family: Roboto; font-size: 14px;\">\u2022 \u015eirkete ait belgeler<\/span><\/p>\n<p><span style=\"font-family: Roboto; font-size: 14px;\">\u2022 3 ayl\u0131k banka hareketlerine ait dok\u00fcmanlar<\/span><\/p>\n<p><span style=\"font-family: Roboto; font-size: 14px;\">\u2022Eski Schengen vizesi fotokopileri<\/span><\/p>\n<p><span style=\"font-family: Roboto; font-size: 14px;\">\u00a0\u2022 Terc\u00fcmesi yap\u0131lm\u0131\u015f dilek\u00e7e<\/span><\/p>\n<p><span style=\"font-family: Roboto; font-size: 14px;\">\u2022 Seyahat sigortas\u0131 dok\u00fcmanlar\u0131<\/span><\/p>\n<p>&nbsp;<\/p>\n<p><span style=\"font-family: Roboto; font-size: 14px;\">\u2026\u2026\u2026\u2026..\u015eirket Yetkilisi<\/span><\/p>\n<p>&nbsp;<\/p>\n<p><span style=\"font-family: Roboto; font-size: 14px;\">\u00a0\u00a0 \u00a0\u0130mza<\/span><\/p>\n","protected":false},"excerpt":{"rendered":"<p>Letonya Ticari Vize Dilek\u00e7e \u00d6rne\u011fi Hakk\u0131nda T\u00fcrkiye\u2019den Letonya\u2019ya ticari (i\u015f, toplant\u0131s\u0131, fuar konferans, alan ara\u015ft\u0131rmas\u0131 gibi) nedenlerle seyahat eden ki\u015filerin yapacaklar\u0131 ziyaret ile ilgili konsolosluklara ya da b\u00fcy\u00fckel\u00e7ili\u011fe hitaben\u00a0Ticari Vize dilek\u00e7e \u00f6rne\u011fi\u00a0doldurup sunmalar\u0131 gereklidir. Ticari vize talep dilek\u00e7esi doldurulurken ise dikkat edilmesi gereken hususlar vard\u0131r. Ticari vize talep dilek\u00e7esi, e\u011fer bir \u015firket taraf\u0131ndan dolduruluyor ise<\/p>\n","protected":false},"author":1,"featured_media":0,"parent":171,"menu_order":0,"comment_status":"open","ping_status":"closed","template":"","meta":{"footnotes":""},"class_list":["post-198","page","type-page","status-publish","hentry"],"yoast_head":"<!-- This site is optimized with the Yoast SEO plugin v24.0 - https:\/\/yoast.com\/wordpress\/plugins\/seo\/ -->\n<title>Letonya Ticari Vize \u0130\u00e7in Dilek\u00e7e \u00d6rne\u011fi - MyVize<\/title>\n<meta name=\"description\" content=\"Letonya Ticari Vize \u0130\u00e7in Dilek\u00e7e \u00d6rne\u011fi Nas\u0131l Yaz\u0131l\u0131r? Letonya Ticari Vize \u0130\u00e7in Dilek\u00e7e \u00d6rne\u011fi 2022 G\u00fcncel Bilgileri Neler?\" \/>\n<meta name=\"robots\" content=\"index, follow, max-snippet:-1, max-image-preview:large, max-video-preview:-1\" \/>\n<link rel=\"canonical\" href=\"https:\/\/www.myvize.com.tr\/letonya\/form-ve-dilekce\/ticari-vize-dilekce-ornegi\/\" \/>\n<meta property=\"og:locale\" content=\"tr_TR\" \/>\n<meta property=\"og:type\" content=\"article\" \/>\n<meta property=\"og:title\" content=\"Letonya Ticari Vize \u0130\u00e7in Dilek\u00e7e \u00d6rne\u011fi - MyVize\" \/>\n<meta property=\"og:description\" content=\"Letonya Ticari Vize \u0130\u00e7in Dilek\u00e7e \u00d6rne\u011fi Nas\u0131l Yaz\u0131l\u0131r? Letonya Ticari Vize \u0130\u00e7in Dilek\u00e7e \u00d6rne\u011fi 2022 G\u00fcncel Bilgileri Neler?\" \/>\n<meta property=\"og:url\" content=\"https:\/\/www.myvize.com.tr\/letonya\/form-ve-dilekce\/ticari-vize-dilekce-ornegi\/\" \/>\n<meta property=\"og:site_name\" content=\"Letonya Vizesi\" \/>\n<meta property=\"article:modified_time\" content=\"2022-08-16T09:53:22+00:00\" \/>\n<meta property=\"og:image\" content=\"https:\/\/www.myvize.com.tr\/romanya\/wp-content\/uploads\/2021\/07\/aDOBE-LOGO-1.png\" \/>\n<meta name=\"twitter:card\" content=\"summary_large_image\" \/>\n<meta name=\"twitter:label1\" content=\"Tahmini okuma s\u00fcresi\" \/>\n\t<meta name=\"twitter:data1\" content=\"6 dakika\" \/>\n<script type=\"application\/ld+json\" class=\"yoast-schema-graph\">{\"@context\":\"https:\/\/schema.org\",\"@graph\":[{\"@type\":\"WebPage\",\"@id\":\"https:\/\/www.myvize.com.tr\/letonya\/form-ve-dilekce\/ticari-vize-dilekce-ornegi\/\",\"url\":\"https:\/\/www.myvize.com.tr\/letonya\/form-ve-dilekce\/ticari-vize-dilekce-ornegi\/\",\"name\":\"Letonya Ticari Vize \u0130\u00e7in Dilek\u00e7e \u00d6rne\u011fi - MyVize\",\"isPartOf\":{\"@id\":\"https:\/\/www.myvize.com.tr\/letonya\/#website\"},\"primaryImageOfPage\":{\"@id\":\"https:\/\/www.myvize.com.tr\/letonya\/form-ve-dilekce\/ticari-vize-dilekce-ornegi\/#primaryimage\"},\"image\":{\"@id\":\"https:\/\/www.myvize.com.tr\/letonya\/form-ve-dilekce\/ticari-vize-dilekce-ornegi\/#primaryimage\"},\"thumbnailUrl\":\"https:\/\/www.myvize.com.tr\/romanya\/wp-content\/uploads\/2021\/07\/aDOBE-LOGO-1.png\",\"datePublished\":\"2020-12-25T07:34:17+00:00\",\"dateModified\":\"2022-08-16T09:53:22+00:00\",\"description\":\"Letonya Ticari Vize \u0130\u00e7in Dilek\u00e7e \u00d6rne\u011fi Nas\u0131l Yaz\u0131l\u0131r? Letonya Ticari Vize \u0130\u00e7in Dilek\u00e7e \u00d6rne\u011fi 2022 G\u00fcncel Bilgileri Neler?\",\"breadcrumb\":{\"@id\":\"https:\/\/www.myvize.com.tr\/letonya\/form-ve-dilekce\/ticari-vize-dilekce-ornegi\/#breadcrumb\"},\"inLanguage\":\"tr\",\"potentialAction\":[{\"@type\":\"ReadAction\",\"target\":[\"https:\/\/www.myvize.com.tr\/letonya\/form-ve-dilekce\/ticari-vize-dilekce-ornegi\/\"]}]},{\"@type\":\"ImageObject\",\"inLanguage\":\"tr\",\"@id\":\"https:\/\/www.myvize.com.tr\/letonya\/form-ve-dilekce\/ticari-vize-dilekce-ornegi\/#primaryimage\",\"url\":\"https:\/\/www.myvize.com.tr\/romanya\/wp-content\/uploads\/2021\/07\/aDOBE-LOGO-1.png\",\"contentUrl\":\"https:\/\/www.myvize.com.tr\/romanya\/wp-content\/uploads\/2021\/07\/aDOBE-LOGO-1.png\"},{\"@type\":\"BreadcrumbList\",\"@id\":\"https:\/\/www.myvize.com.tr\/letonya\/form-ve-dilekce\/ticari-vize-dilekce-ornegi\/#breadcrumb\",\"itemListElement\":[{\"@type\":\"ListItem\",\"position\":1,\"name\":\"Anasayfa\",\"item\":\"https:\/\/www.myvize.com.tr\/letonya\/\"},{\"@type\":\"ListItem\",\"position\":2,\"name\":\"FORM VE D\u0130LEK\u00c7E\",\"item\":\"https:\/\/www.myvize.com.tr\/letonya\/form-ve-dilekce\/\"},{\"@type\":\"ListItem\",\"position\":3,\"name\":\"Letonya Ticari Vize Dilek\u00e7e \u00d6rne\u011fi\"}]},{\"@type\":\"WebSite\",\"@id\":\"https:\/\/www.myvize.com.tr\/letonya\/#website\",\"url\":\"https:\/\/www.myvize.com.tr\/letonya\/\",\"name\":\"Letonya Vizesi\",\"description\":\"\",\"potentialAction\":[{\"@type\":\"SearchAction\",\"target\":{\"@type\":\"EntryPoint\",\"urlTemplate\":\"https:\/\/www.myvize.com.tr\/letonya\/?s={search_term_string}\"},\"query-input\":{\"@type\":\"PropertyValueSpecification\",\"valueRequired\":true,\"valueName\":\"search_term_string\"}}],\"inLanguage\":\"tr\"}]}<\/script>\n<!-- \/ Yoast SEO plugin. -->","yoast_head_json":{"title":"Letonya Ticari Vize \u0130\u00e7in Dilek\u00e7e \u00d6rne\u011fi - MyVize","description":"Letonya Ticari Vize \u0130\u00e7in Dilek\u00e7e \u00d6rne\u011fi Nas\u0131l Yaz\u0131l\u0131r? Letonya Ticari Vize \u0130\u00e7in Dilek\u00e7e \u00d6rne\u011fi 2022 G\u00fcncel Bilgileri Neler?","robots":{"index":"index","follow":"follow","max-snippet":"max-snippet:-1","max-image-preview":"max-image-preview:large","max-video-preview":"max-video-preview:-1"},"canonical":"https:\/\/www.myvize.com.tr\/letonya\/form-ve-dilekce\/ticari-vize-dilekce-ornegi\/","og_locale":"tr_TR","og_type":"article","og_title":"Letonya Ticari Vize \u0130\u00e7in Dilek\u00e7e \u00d6rne\u011fi - MyVize","og_description":"Letonya Ticari Vize \u0130\u00e7in Dilek\u00e7e \u00d6rne\u011fi Nas\u0131l Yaz\u0131l\u0131r? Letonya Ticari Vize \u0130\u00e7in Dilek\u00e7e \u00d6rne\u011fi 2022 G\u00fcncel Bilgileri Neler?","og_url":"https:\/\/www.myvize.com.tr\/letonya\/form-ve-dilekce\/ticari-vize-dilekce-ornegi\/","og_site_name":"Letonya Vizesi","article_modified_time":"2022-08-16T09:53:22+00:00","og_image":[{"url":"https:\/\/www.myvize.com.tr\/romanya\/wp-content\/uploads\/2021\/07\/aDOBE-LOGO-1.png","type":"","width":"","height":""}],"twitter_card":"summary_large_image","twitter_misc":{"Tahmini okuma s\u00fcresi":"6 dakika"},"schema":{"@context":"https:\/\/schema.org","@graph":[{"@type":"WebPage","@id":"https:\/\/www.myvize.com.tr\/letonya\/form-ve-dilekce\/ticari-vize-dilekce-ornegi\/","url":"https:\/\/www.myvize.com.tr\/letonya\/form-ve-dilekce\/ticari-vize-dilekce-ornegi\/","name":"Letonya Ticari Vize \u0130\u00e7in Dilek\u00e7e \u00d6rne\u011fi - MyVize","isPartOf":{"@id":"https:\/\/www.myvize.com.tr\/letonya\/#website"},"primaryImageOfPage":{"@id":"https:\/\/www.myvize.com.tr\/letonya\/form-ve-dilekce\/ticari-vize-dilekce-ornegi\/#primaryimage"},"image":{"@id":"https:\/\/www.myvize.com.tr\/letonya\/form-ve-dilekce\/ticari-vize-dilekce-ornegi\/#primaryimage"},"thumbnailUrl":"https:\/\/www.myvize.com.tr\/romanya\/wp-content\/uploads\/2021\/07\/aDOBE-LOGO-1.png","datePublished":"2020-12-25T07:34:17+00:00","dateModified":"2022-08-16T09:53:22+00:00","description":"Letonya Ticari Vize \u0130\u00e7in Dilek\u00e7e \u00d6rne\u011fi Nas\u0131l Yaz\u0131l\u0131r? Letonya Ticari Vize \u0130\u00e7in Dilek\u00e7e \u00d6rne\u011fi 2022 G\u00fcncel Bilgileri Neler?","breadcrumb":{"@id":"https:\/\/www.myvize.com.tr\/letonya\/form-ve-dilekce\/ticari-vize-dilekce-ornegi\/#breadcrumb"},"inLanguage":"tr","potentialAction":[{"@type":"ReadAction","target":["https:\/\/www.myvize.com.tr\/letonya\/form-ve-dilekce\/ticari-vize-dilekce-ornegi\/"]}]},{"@type":"ImageObject","inLanguage":"tr","@id":"https:\/\/www.myvize.com.tr\/letonya\/form-ve-dilekce\/ticari-vize-dilekce-ornegi\/#primaryimage","url":"https:\/\/www.myvize.com.tr\/romanya\/wp-content\/uploads\/2021\/07\/aDOBE-LOGO-1.png","contentUrl":"https:\/\/www.myvize.com.tr\/romanya\/wp-content\/uploads\/2021\/07\/aDOBE-LOGO-1.png"},{"@type":"BreadcrumbList","@id":"https:\/\/www.myvize.com.tr\/letonya\/form-ve-dilekce\/ticari-vize-dilekce-ornegi\/#breadcrumb","itemListElement":[{"@type":"ListItem","position":1,"name":"Anasayfa","item":"https:\/\/www.myvize.com.tr\/letonya\/"},{"@type":"ListItem","position":2,"name":"FORM VE D\u0130LEK\u00c7E","item":"https:\/\/www.myvize.com.tr\/letonya\/form-ve-dilekce\/"},{"@type":"ListItem","position":3,"name":"Letonya Ticari Vize Dilek\u00e7e \u00d6rne\u011fi"}]},{"@type":"WebSite","@id":"https:\/\/www.myvize.com.tr\/letonya\/#website","url":"https:\/\/www.myvize.com.tr\/letonya\/","name":"Letonya Vizesi","description":"","potentialAction":[{"@type":"SearchAction","target":{"@type":"EntryPoint","urlTemplate":"https:\/\/www.myvize.com.tr\/letonya\/?s={search_term_string}"},"query-input":{"@type":"PropertyValueSpecification","valueRequired":true,"valueName":"search_term_string"}}],"inLanguage":"tr"}]}},"_links":{"self":[{"href":"https:\/\/www.myvize.com.tr\/letonya\/wp-json\/wp\/v2\/pages\/198","targetHints":{"allow":["GET"]}}],"collection":[{"href":"https:\/\/www.myvize.com.tr\/letonya\/wp-json\/wp\/v2\/pages"}],"about":[{"href":"https:\/\/www.myvize.com.tr\/letonya\/wp-json\/wp\/v2\/types\/page"}],"author":[{"embeddable":true,"href":"https:\/\/www.myvize.com.tr\/letonya\/wp-json\/wp\/v2\/users\/1"}],"replies":[{"embeddable":true,"href":"https:\/\/www.myvize.com.tr\/letonya\/wp-json\/wp\/v2\/comments?post=198"}],"version-history":[{"count":6,"href":"https:\/\/www.myvize.com.tr\/letonya\/wp-json\/wp\/v2\/pages\/198\/revisions"}],"predecessor-version":[{"id":819,"href":"https:\/\/www.myvize.com.tr\/letonya\/wp-json\/wp\/v2\/pages\/198\/revisions\/819"}],"up":[{"embeddable":true,"href":"https:\/\/www.myvize.com.tr\/letonya\/wp-json\/wp\/v2\/pages\/171"}],"wp:attachment":[{"href":"https:\/\/www.myvize.com.tr\/letonya\/wp-json\/wp\/v2\/media?parent=198"}],"curies":[{"name":"wp","href":"https:\/\/api.w.org\/{rel}","templated":true}]}}