{"id":200,"date":"2020-12-25T10:34:37","date_gmt":"2020-12-25T07:34:37","guid":{"rendered":"https:\/\/www.myvize.com.tr\/letonya\/?page_id=200"},"modified":"2022-08-02T13:38:08","modified_gmt":"2022-08-02T10:38:08","slug":"turistik-vize-dilekce-ornegi","status":"publish","type":"page","link":"https:\/\/www.myvize.com.tr\/letonya\/form-ve-dilekce\/turistik-vize-dilekce-ornegi\/","title":{"rendered":"Letonya Turistik Vize Dilek\u00e7e \u00d6rne\u011fi"},"content":{"rendered":"<h2><span style=\"font-family: Roboto; font-size: 27px;\"><b>Letonya Turistik Vize Dilek\u00e7e \u00d6rne\u011fi Hakk\u0131nda<\/b><\/span><\/h2>\n<p><span style=\"font-family: Roboto; font-size: 14px;\"><strong>Letonya vize<\/strong> ba\u015fvurular\u0131nda <strong>vize talep dilek\u00e7esi<\/strong> de vermek zorunludur. Bu dilek\u00e7e formunda yer almas\u0131 gereken belli ba\u015fl\u0131 bilgiler bulunmaktad\u0131r. Dilek\u00e7ede konsolosluk veya b\u00fcy\u00fckel\u00e7ilik makam\u0131na y\u00f6nelik olarak neden seyahat yapmak istedi\u011finizi, ne kadar s\u00fcre Letonya\u2019da kalaca\u011f\u0131n\u0131z\u0131, masraflar\u0131n\u0131z\u0131 nas\u0131l kar\u015f\u0131layaca\u011f\u0131n\u0131z\u0131, sa\u011fl\u0131k sorunlar\u0131 ile ilgili nas\u0131l \u00e7\u00f6z\u00fcmler \u00fcretebilece\u011finizi, u\u00e7ak konaklama veya transfer gibi masraf kalemlerini nas\u0131l \u00f6deyece\u011finizi ve de bu transfer bilgilerin rezervasyonlar\u0131n\u0131 bildirmeniz gerekmektedir.<\/span><\/p>\n<p><span style=\"font-family: Roboto; font-size: 14px;\">Dilek\u00e7e talep formunda yer alan bilgiler ile ibraz edilecek belgelerin birbirine uyumlu olmas\u0131 \u00f6nemlidir. Aksi ve \u015f\u00fcphe uyand\u0131ran bilgiler var ise vize ba\u015fvurusu reddedilebilir.<\/span><\/p>\n<ul>\n<li><span style=\"font-family: Roboto; font-size: 14px;\"><strong>Letonya vize dilek\u00e7e \u00f6rne\u011fi\u00a0<\/strong>\u0130ngilizce, Rus\u00e7a veya Letonca dillerinde yaz\u0131labilmektedir.<\/span><\/li>\n<li><span style=\"font-family: Roboto; font-size: 14px;\">Dilek\u00e7e tarih bilgisi olmal\u0131d\u0131r.<\/span><\/li>\n<li><span style=\"font-family: Roboto; font-size: 14px;\">Letonya devletinin hangi temsilcili\u011fine ve departman\u0131na hitap edildi\u011fi mutlaka yer almal\u0131d\u0131r.<\/span><\/li>\n<li><span style=\"font-family: Roboto; font-size: 14px;\">Dilek\u00e7ede isim, soy isim ve pasaport numaras\u0131 bulunmal\u0131d\u0131r.<\/span><\/li>\n<li><span style=\"font-family: Roboto; font-size: 14px;\">Seyahat tarihleri net olmal\u0131d\u0131r.<\/span><\/li>\n<li><span style=\"font-family: Roboto; font-size: 14px;\">Dilek\u00e7ede yer alan seyahat tarihleri ile otel, u\u00e7ak\u00a0ve transfer, seyahat sa\u011fl\u0131k sigorta poli\u00e7esi gibi belgelerde yaz\u0131l\u0131 seyahat tarihleri uyu\u015fmal\u0131d\u0131r.<\/span><\/li>\n<li><span style=\"font-family: Roboto; font-size: 14px;\">Seyahat planlamas\u0131 hakk\u0131nda detayl\u0131 bilgiler verilmelidir.<\/span><\/li>\n<li><span style=\"font-family: Roboto; font-size: 14px;\">Daha \u00f6nceki vize ba\u015fvurular\u0131ndan reddedilen olduysa e\u011fer bahsedilmesi iyi olacakt\u0131r.\u00a0<\/span><\/li>\n<\/ul>\n<p><span style=\"font-family: Roboto; font-size: 14px;\"><span style=\"color: #2acec2;\"><strong><a style=\"color: #2acec2;\" href=\"https:\/\/www.myvize.com.tr\/letonya\/vize-islemleri\/letonya-turistik-vize\/\" target=\"_blank\" rel=\"noopener\">Letonya Turistik Vize <\/a><\/strong><\/span>ile ilgili bilgi almak i\u00e7in bizi aray\u0131n.<\/span><\/p>\n<p><span style=\"font-family: Roboto; font-size: 14px;\"><img loading=\"lazy\" decoding=\"async\" src=\"..\/..\/..\/romanya\/wp-content\/uploads\/2021\/07\/aDOBE-LOGO-1.png\" width=\"75\" height=\"75\" \/><span style=\"font-size: 18px;\"> <strong>\u00a0<\/strong><\/span><\/span><span style=\"font-size: 18px;\"><strong><span style=\"font-family: Roboto;\"> Letonya Turistik Vize Dilek\u00e7e \u00d6rne\u011fi\u00a0 <span style=\"color: #2acec2;\"><a style=\"color: #2acec2;\" href=\"https:\/\/www.myvize.com.tr\/letonya\/wp-content\/uploads\/2021\/12\/Letonya-turistik-Dilekce-Ornek-Ankara.pdf\" target=\"_blank\" rel=\"noreferrer noopener\">(\u0130ndirmek \u0130\u00e7in T\u0131klay\u0131n\u0131z!!)<\/a><\/span><\/span><\/strong><\/span><\/p>\n<h2><strong><span style=\"font-family: Roboto; font-size: 27px;\">Letonya Turistik Vize Dilek\u00e7e \u00d6rne\u011fi ile \u0130lgili\u00a0<\/span><\/strong><\/h2>\n<p><span style=\"font-family: Roboto; font-size: 14px;\"><strong>Turistik vize<\/strong> ba\u015fvurusunda bulunacak olan ki\u015filerin vize dilek\u00e7e \u00f6rne\u011fi ile ilgili ara\u015ft\u0131rmalara girdikleri g\u00f6r\u00fclmektedir. Sizler de t\u00fcm <strong>Schengen<\/strong> \u00fclkelerinde ge\u00e7erli olabilecek vizenizi alman\u0131z\u0131n ard\u0131ndan 90 g\u00fcn\u00fc a\u015fmayacak \u015fekilde konaklama hakk\u0131n\u0131 elde edebilirsiniz. Ayr\u0131ca di\u011fer Schengen \u00fclkelerine de sorunsuz bir \u015fekilde giri\u015f yapabilmek i\u00e7in \u00f6ncelikle Letonya&#8217;ya giri\u015f yapman\u0131z gerekecektir. Maddi g\u00fcc\u00fcn\u00fcz\u00fcn yeterli oldu\u011funu belgelerle ispat etmeniz ve sa\u011fl\u0131k sigortas\u0131n\u0131 yapt\u0131rman\u0131z durumunda ba\u015far\u0131l\u0131 sonu\u00e7lara ula\u015fabilirsiniz. Maa\u015f bordrolar\u0131n\u0131 ve gelir belgelerini dosyan\u0131za eklemeniz konusunda y\u00f6nlendirecek olan ekibimiz ile talep dilek\u00e7esini nas\u0131l doldurman\u0131z gerekti\u011fini de \u00f6\u011frenebileceksiniz. Ger\u00e7ek bilgilerle haz\u0131rlanmas\u0131 gereken <strong>vize ba\u015fvuru formu<\/strong>nda eksiklerin bulunmamas\u0131 gerekmektedir. Ba\u015fvurular\u0131n\u0131z\u0131 yaparken ba\u011fl\u0131 oldu\u011funuz \u015firketin antetli ka\u011f\u0131d\u0131n\u0131 tercih etmelisiniz. Konsolosluk veya B\u00fcy\u00fckel\u00e7ili\u011fe hitaben yaz\u0131lmas\u0131 gereken dilek\u00e7e \u00f6rne\u011finde ki\u015filerin mesleklerini a\u00e7\u0131k\u00e7a belirlemelerine dikkat edilmelidir. Maa\u015f bilgilerinizi, mesle\u011finizi, g\u00f6revlerinizi ve hangi tarihlerde seyahat etmek istedi\u011finiz net bir \u015fekilde ifade edebilirsiniz. Seyahatlerinizin detaylar\u0131n\u0131 talep edecek olan mercilere sunaca\u011f\u0131n\u0131z evraklar\u0131n istenen dilde ve online ortamlarda doldurulmas\u0131 gerekmektedir. Bir ba\u015fka \u00fclkeye ge\u00e7i\u015f yapacak olman\u0131z durumunda seyahat bilgilerinizde belirtmeniz istenecektir.<\/span><\/p>\n<p><span style=\"font-family: Roboto; font-size: 14px;\"><span style=\"color: #2acec2;\"><strong><a style=\"color: #2acec2;\" href=\"https:\/\/www.myvize.com.tr\/letonya\/vize-islemleri\/letonya-schengen-vizesi\/\" target=\"_blank\" rel=\"noopener\">Letonya Schengen Vizesi<\/a><\/strong><\/span> ile ilgili bilgi almak i\u00e7in bizi aray\u0131n\u0131z.<\/span><\/p>\n<h2><strong><span style=\"font-family: Roboto; font-size: 27px;\">Letonya Turistik Vize i\u015flemleri<\/span><\/strong><\/h2>\n<p><span style=\"font-family: Roboto; font-size: 14px;\">Letonya\u2019ya ba\u015fka \u00fclkenin vatanda\u015f\u0131 olan ki\u015filer gelmeleri i\u00e7in vize almalar\u0131 gerekmektedir. Al\u0131nan bu vizelerin konusuna g\u00f6re farkl\u0131l\u0131klar\u0131 vard\u0131r.\u00a0<strong>Letonya turistik vize i\u015flemleri\u00a0<\/strong>ba\u015fka bir \u00fclkenin vatanda\u015f\u0131 olup sehhay olarak k\u0131sa s\u00fcreli olarak Letonya\u2019ya gelebilmesi i\u00e7in yapmas\u0131 gereken i\u015flemlerdir. Bu t\u00fcr vize ba\u015fvurusunun kabul edilmesi i\u00e7in ba\u015fvuru sahibinin geli\u015f gidi\u015f s\u00fcrelerini vize ba\u015fvurusunda belirtmesi zaruridir. Yani vize isteyen ki\u015fi seyahat edece\u011fi s\u00fcrece kalaca\u011f\u0131 otelin rezervasyonunu bildirmelidir. Bunun yan\u0131 s\u0131ra gezi s\u00fcresinin bitti\u011fi tarihin geri d\u00f6n\u00fc\u015f u\u00e7a\u011f\u0131n\u0131n biletiyle uyumlu olmal\u0131d\u0131r. Bunlardan \u00f6te daha \u00f6nemli bir etken daha var. Seyahat s\u00fcrecini bir tur \u015firketi arac\u0131l\u0131\u011f\u0131yla ya da seyahat acentesi yoluyla s\u00fcrd\u00fcrmesi gerekmektedir. Kendi ba\u015f\u0131na buyruk bir \u015fekilde seyahat etmesine izin verilmemektedir. Bunun nedeni al\u0131nan vizenin normal bir vizeden farkl\u0131 olmas\u0131n\u0131 sa\u011flamakt\u0131r. Farklar\u0131 ise turistik vize al\u0131m\u0131n\u0131n normal vizeye oranla daha kolay olmas\u0131d\u0131r.<\/span><\/p>\n<h2><strong><span style=\"font-family: Roboto; font-size: 27px;\">Letonya Turistik Vize Dilek\u00e7esi Nas\u0131l Yaz\u0131l\u0131r?<\/span><\/strong><\/h2>\n<p><span style=\"font-family: Roboto; font-size: 14px;\"><strong>Letonya turistik vize dilek\u00e7esi nas\u0131l yaz\u0131l\u0131r?\u00a0<\/strong>Letonya turistik vize dilek\u00e7esi yaz\u0131l\u0131rken seyahat amac\u0131n\u0131n ne oldu\u011fu hakk\u0131nda konsolosluk ya da b\u00fcy\u00fck el\u00e7ilik makam\u0131na bilgi verilmelidir. Letonya\u2019da ne kadar s\u00fcre seyahat ama\u00e7l\u0131 kal\u0131naca\u011f\u0131 bildirilmelidir. Masraflar ve \u00f6demeleri nas\u0131l \u00f6deyece\u011finizi paran\u0131n miktar\u0131 gibi bilgiler verilmelidir. Sa\u011fl\u0131\u011f\u0131n\u0131zla alakal\u0131 bir sorun olu\u015ftu\u011funda nas\u0131l ba\u015f edece\u011finizi, nas\u0131l \u00e7\u00f6z\u00fcmler \u00fcretece\u011finiz yaz\u0131lmal\u0131d\u0131r. Ula\u015f\u0131m, bar\u0131nma gibi ihtiya\u00e7lar\u0131n nas\u0131l harcanaca\u011f\u0131n\u0131 bununla birlikte orada kalmak i\u00e7in rezervasyon bilgilerini, d\u00f6n\u00fc\u015f i\u00e7in u\u00e7ak rezervasyon bilgilerini yaz\u0131n\u0131zda bildirmeniz gerekmektedir. Dilek\u00e7enin dilini Letonca, Rus\u00e7a ve \u0130ngilizce olacak \u015fekilde birini se\u00e7ebilirsiniz. Dilek\u00e7ede isim, soy isim, pasaport numaras\u0131 ve tarih belirtilmelidir. Dilek\u00e7enin hangi Letonya temsilcili\u011fi ve departman\u0131na yaz\u0131ld\u0131\u011f\u0131 belirtilmeli. Dilek\u00e7enizi haz\u0131rlad\u0131ktan sonra dilek\u00e7eyle birlikte verece\u011finiz belgelerin dilek\u00e7ede yer alan bilgilerle, belgelerde yer alan bilgilerin uyu\u015fmas\u0131 gerekiyor. Aksi takdirde vize ba\u015fvurusunun reddi ve Letonya seyahatinizin iptaliyle kar\u015f\u0131la\u015fabilirsiniz.<\/span><br \/>\n<span style=\"font-family: Roboto; font-size: 14px;\">\u00a0<\/span><strong><span style=\"font-family: Roboto; font-size: 24px;\">Letonya Turistik Vize Dilek\u00e7esi Yaz\u0131l\u0131rken Dikkat Edilmesi Gerekenler<\/span><\/strong><\/p>\n<p><span style=\"font-family: Roboto; font-size: 14px;\"><strong>Letonya turistik vize dilek\u00e7esi yaz\u0131l\u0131rken dikkat edilmesi gerekenler\u00a0<\/strong>dilek\u00e7enin kalitesini ve vize onay\u0131 i\u00e7in \u00f6nem ta\u015f\u0131maktad\u0131r. Pasaportta en az 2 sayfan\u0131n bo\u015f olmas\u0131, son 10 y\u0131l i\u00e7erisinde d\u00fczenlenmi\u015f ve deforme olmamas\u0131 ve seyahatin bitiminden sonra en az 3 ay daha ge\u00e7erlili\u011fini y\u00fcr\u00fctmelidir. Ki\u015finin maddi gelirleri hakk\u0131nda geni\u015f kapsaml\u0131 belgeler ve gayrimenkulleri hakk\u0131nda bilgi verilmelidir. Vize alacak ki\u015finin \u00e7al\u0131\u015ft\u0131\u011f\u0131n\u0131 kan\u0131tlayacak nitelikte belgelerin sunulmas\u0131 gerekmektedir. Bu belgeleri \u00e7al\u0131\u015ft\u0131\u011f\u0131 yerden faaliyetlerinin oldu\u011fu belgeyi vize i\u00e7in ibraz etmelidir. Seyahatin amac\u0131 hakk\u0131nda bilgilerin verilmesi gerektir. Bu bilgiler seyahat s\u00fcresince kal\u0131nacak yer rezervasyonlar ve buna benzer belgelerin belirtilmesi \u00f6nemlidir. <strong>Letonya\u2019y\u0131 ziyaret edecek<\/strong> ki\u015finin ya\u015f\u0131 18 ya\u015f\u0131ndan k\u00fc\u00e7\u00fckse e\u011fer ya ebeveynlerden biriyle beraber bu seyahati s\u00fcrd\u00fcrmesi ya da noterden ebeveynlerin seyahat i\u00e7in gerekli evraklar\u0131 doldurmalar\u0131 gerekmektedir. 18 ya\u015f\u0131ndaysa e\u011fer bunlara gerek duymayacakt\u0131r.<\/span><\/p>\n<h3><strong><span style=\"font-family: Roboto; font-size: 24px;\">Letonya Turistik Vize Dilek\u00e7e \u00d6rne\u011fi 2022<\/span><\/strong><\/h3>\n<p><span style=\"font-family: Roboto; font-size: 14px;\"><strong>Letonya turistik vize dilek\u00e7e \u00f6rne\u011fi 2022\u00a0<\/strong>i\u00e7in T\u00fcrk\u00e7e \u00f6rne\u011fini \u015fu \u015fekildedir:<\/span><\/p>\n<p><span style=\"font-family: Roboto; font-size: 14px;\">LETONYA BA\u015eKONSOLOSLU\u011eU\u2019NA<\/span><\/p>\n<p><span style=\"font-family: Roboto; font-size: 14px;\">\u0130STANBUL<\/span><\/p>\n<p><span style=\"font-family: Roboto; font-size: 14px;\">Ben Abdulkadir \u00d6zcan 5-25 Haziran 2022 tarihlerinde Letonya\u2019ya turistik ama\u00e7l\u0131 seyahat etmek istiyorum. Seyahat plan\u0131m\u0131 a\u015fa\u011f\u0131da a\u00e7\u0131kl\u0131yorum.<\/span><\/p>\n<p><span style=\"font-family: Roboto; font-size: 14px;\">2006 y\u0131l\u0131nda Erciyes \u00dcniversitesi \u0130leti\u015fim Fak\u00fcltesi\u2019nden mezun oldum, bu tarihten itibaren \u0130stanbul\u2019da \u00f6zel sekt\u00f6rde \u00e7al\u0131\u015f\u0131yordum, Polonya, Fransa, Almanya, ve Hollanda\u2019ya seyahat ettim. Birka\u00e7 zaman i\u00e7inde. \u00d6nceki vizelerimi belgelerime ekledim. \u015eimdi Letonya\u2019ya seyahat etmek istiyorum. Letonya benim i\u00e7in b\u00fcy\u00fcl\u00fc \u00fclke \u00f6zellikle tarihi yerleri merak ediyorum konsoloslu\u011funuzun vize ba\u015fvurumu onaylarsa Riga\u2019dan tatile ba\u015flayaca\u011f\u0131m. Bu ziyaret plan\u0131 beni heyecanland\u0131r\u0131yor \u00e7\u00fcnk\u00fc Avrupa tarihi mimar\u0131na ilgi duyuyorum. Daha sonra Kaleleri, Saraylar\u0131 ve di\u011fer tarihi yerleri ziyaret etmeyi planl\u0131yorum. Otel rezervasyonu yapt\u0131rd\u0131m ve belgelerimi ekledim. Seyahat s\u00fcresince t\u00fcm masraflar\u0131m taraf\u0131mdan kar\u015f\u0131lanacakt\u0131r. Banka ekstremi ekledim. Nisan ay\u0131nda ani nakit giri\u015flerini g\u00f6rebilirsiniz. Bunun sebebi Nisan ay\u0131nda arabam\u0131 satt\u0131m. Arabam 2012 modeldi ve yeni araba sat\u0131n almak istiyordum. Ancak planland\u0131\u011f\u0131 seyahat ettikten sonra ayl\u0131k 8.250 TL maa\u015f\u0131m var ve t\u00fcm yol masraflar\u0131m\u0131 kar\u015f\u0131layabilirim.<\/span><\/p>\n<p><span style=\"font-family: Roboto; font-size: 14px;\">Sayg\u0131lar\u0131mla,<\/span><\/p>\n<p><span style=\"font-family: Roboto; font-size: 14px;\">Abdulkadir \u00d6zcan<\/span><\/p>\n","protected":false},"excerpt":{"rendered":"<p>Letonya Turistik Vize Dilek\u00e7e \u00d6rne\u011fi Hakk\u0131nda Letonya vize ba\u015fvurular\u0131nda vize talep dilek\u00e7esi de vermek zorunludur. Bu dilek\u00e7e formunda yer almas\u0131 gereken belli ba\u015fl\u0131 bilgiler bulunmaktad\u0131r. Dilek\u00e7ede konsolosluk veya b\u00fcy\u00fckel\u00e7ilik makam\u0131na y\u00f6nelik olarak neden seyahat yapmak istedi\u011finizi, ne kadar s\u00fcre Letonya\u2019da kalaca\u011f\u0131n\u0131z\u0131, masraflar\u0131n\u0131z\u0131 nas\u0131l kar\u015f\u0131layaca\u011f\u0131n\u0131z\u0131, sa\u011fl\u0131k sorunlar\u0131 ile ilgili nas\u0131l \u00e7\u00f6z\u00fcmler \u00fcretebilece\u011finizi, u\u00e7ak konaklama veya transfer<\/p>\n","protected":false},"author":1,"featured_media":0,"parent":171,"menu_order":0,"comment_status":"open","ping_status":"closed","template":"","meta":{"footnotes":""},"class_list":["post-200","page","type-page","status-publish","hentry"],"yoast_head":"<!-- This site is optimized with the Yoast SEO plugin v24.0 - https:\/\/yoast.com\/wordpress\/plugins\/seo\/ -->\n<title>Letonya Turistik Vizesi \u0130\u00e7in Dilek\u00e7e \u00d6rne\u011fi - MyVize<\/title>\n<meta name=\"description\" content=\"Letonya Turistik Vizesi \u0130\u00e7in Dilek\u00e7e \u00d6rne\u011fi Nas\u0131l Yaz\u0131l\u0131r? Letonya Turistik Vize Dilek\u00e7esi 2022 \u0130\u00e7in Hemen T\u0131klay\u0131n!\" \/>\n<meta name=\"robots\" content=\"index, follow, max-snippet:-1, max-image-preview:large, max-video-preview:-1\" \/>\n<link rel=\"canonical\" href=\"https:\/\/www.myvize.com.tr\/letonya\/form-ve-dilekce\/turistik-vize-dilekce-ornegi\/\" \/>\n<meta property=\"og:locale\" content=\"tr_TR\" \/>\n<meta property=\"og:type\" content=\"article\" \/>\n<meta property=\"og:title\" content=\"Letonya Turistik Vizesi \u0130\u00e7in Dilek\u00e7e \u00d6rne\u011fi - MyVize\" \/>\n<meta property=\"og:description\" content=\"Letonya Turistik Vizesi \u0130\u00e7in Dilek\u00e7e \u00d6rne\u011fi Nas\u0131l Yaz\u0131l\u0131r? Letonya Turistik Vize Dilek\u00e7esi 2022 \u0130\u00e7in Hemen T\u0131klay\u0131n!\" \/>\n<meta property=\"og:url\" content=\"https:\/\/www.myvize.com.tr\/letonya\/form-ve-dilekce\/turistik-vize-dilekce-ornegi\/\" \/>\n<meta property=\"og:site_name\" content=\"Letonya Vizesi\" \/>\n<meta property=\"article:modified_time\" content=\"2022-08-02T10:38:08+00:00\" \/>\n<meta name=\"twitter:card\" content=\"summary_large_image\" \/>\n<meta name=\"twitter:label1\" content=\"Tahmini okuma s\u00fcresi\" \/>\n\t<meta name=\"twitter:data1\" content=\"5 dakika\" \/>\n<script type=\"application\/ld+json\" class=\"yoast-schema-graph\">{\"@context\":\"https:\/\/schema.org\",\"@graph\":[{\"@type\":\"WebPage\",\"@id\":\"https:\/\/www.myvize.com.tr\/letonya\/form-ve-dilekce\/turistik-vize-dilekce-ornegi\/\",\"url\":\"https:\/\/www.myvize.com.tr\/letonya\/form-ve-dilekce\/turistik-vize-dilekce-ornegi\/\",\"name\":\"Letonya Turistik Vizesi \u0130\u00e7in Dilek\u00e7e \u00d6rne\u011fi - MyVize\",\"isPartOf\":{\"@id\":\"https:\/\/www.myvize.com.tr\/letonya\/#website\"},\"datePublished\":\"2020-12-25T07:34:37+00:00\",\"dateModified\":\"2022-08-02T10:38:08+00:00\",\"description\":\"Letonya Turistik Vizesi \u0130\u00e7in Dilek\u00e7e \u00d6rne\u011fi Nas\u0131l Yaz\u0131l\u0131r? Letonya Turistik Vize Dilek\u00e7esi 2022 \u0130\u00e7in Hemen T\u0131klay\u0131n!\",\"breadcrumb\":{\"@id\":\"https:\/\/www.myvize.com.tr\/letonya\/form-ve-dilekce\/turistik-vize-dilekce-ornegi\/#breadcrumb\"},\"inLanguage\":\"tr\",\"potentialAction\":[{\"@type\":\"ReadAction\",\"target\":[\"https:\/\/www.myvize.com.tr\/letonya\/form-ve-dilekce\/turistik-vize-dilekce-ornegi\/\"]}]},{\"@type\":\"BreadcrumbList\",\"@id\":\"https:\/\/www.myvize.com.tr\/letonya\/form-ve-dilekce\/turistik-vize-dilekce-ornegi\/#breadcrumb\",\"itemListElement\":[{\"@type\":\"ListItem\",\"position\":1,\"name\":\"Anasayfa\",\"item\":\"https:\/\/www.myvize.com.tr\/letonya\/\"},{\"@type\":\"ListItem\",\"position\":2,\"name\":\"FORM VE D\u0130LEK\u00c7E\",\"item\":\"https:\/\/www.myvize.com.tr\/letonya\/form-ve-dilekce\/\"},{\"@type\":\"ListItem\",\"position\":3,\"name\":\"Letonya Turistik Vize Dilek\u00e7e \u00d6rne\u011fi\"}]},{\"@type\":\"WebSite\",\"@id\":\"https:\/\/www.myvize.com.tr\/letonya\/#website\",\"url\":\"https:\/\/www.myvize.com.tr\/letonya\/\",\"name\":\"Letonya Vizesi\",\"description\":\"\",\"potentialAction\":[{\"@type\":\"SearchAction\",\"target\":{\"@type\":\"EntryPoint\",\"urlTemplate\":\"https:\/\/www.myvize.com.tr\/letonya\/?s={search_term_string}\"},\"query-input\":{\"@type\":\"PropertyValueSpecification\",\"valueRequired\":true,\"valueName\":\"search_term_string\"}}],\"inLanguage\":\"tr\"}]}<\/script>\n<!-- \/ Yoast SEO plugin. -->","yoast_head_json":{"title":"Letonya Turistik Vizesi \u0130\u00e7in Dilek\u00e7e \u00d6rne\u011fi - MyVize","description":"Letonya Turistik Vizesi \u0130\u00e7in Dilek\u00e7e \u00d6rne\u011fi Nas\u0131l Yaz\u0131l\u0131r? Letonya Turistik Vize Dilek\u00e7esi 2022 \u0130\u00e7in Hemen T\u0131klay\u0131n!","robots":{"index":"index","follow":"follow","max-snippet":"max-snippet:-1","max-image-preview":"max-image-preview:large","max-video-preview":"max-video-preview:-1"},"canonical":"https:\/\/www.myvize.com.tr\/letonya\/form-ve-dilekce\/turistik-vize-dilekce-ornegi\/","og_locale":"tr_TR","og_type":"article","og_title":"Letonya Turistik Vizesi \u0130\u00e7in Dilek\u00e7e \u00d6rne\u011fi - MyVize","og_description":"Letonya Turistik Vizesi \u0130\u00e7in Dilek\u00e7e \u00d6rne\u011fi Nas\u0131l Yaz\u0131l\u0131r? Letonya Turistik Vize Dilek\u00e7esi 2022 \u0130\u00e7in Hemen T\u0131klay\u0131n!","og_url":"https:\/\/www.myvize.com.tr\/letonya\/form-ve-dilekce\/turistik-vize-dilekce-ornegi\/","og_site_name":"Letonya Vizesi","article_modified_time":"2022-08-02T10:38:08+00:00","twitter_card":"summary_large_image","twitter_misc":{"Tahmini okuma s\u00fcresi":"5 dakika"},"schema":{"@context":"https:\/\/schema.org","@graph":[{"@type":"WebPage","@id":"https:\/\/www.myvize.com.tr\/letonya\/form-ve-dilekce\/turistik-vize-dilekce-ornegi\/","url":"https:\/\/www.myvize.com.tr\/letonya\/form-ve-dilekce\/turistik-vize-dilekce-ornegi\/","name":"Letonya Turistik Vizesi \u0130\u00e7in Dilek\u00e7e \u00d6rne\u011fi - MyVize","isPartOf":{"@id":"https:\/\/www.myvize.com.tr\/letonya\/#website"},"datePublished":"2020-12-25T07:34:37+00:00","dateModified":"2022-08-02T10:38:08+00:00","description":"Letonya Turistik Vizesi \u0130\u00e7in Dilek\u00e7e \u00d6rne\u011fi Nas\u0131l Yaz\u0131l\u0131r? Letonya Turistik Vize Dilek\u00e7esi 2022 \u0130\u00e7in Hemen T\u0131klay\u0131n!","breadcrumb":{"@id":"https:\/\/www.myvize.com.tr\/letonya\/form-ve-dilekce\/turistik-vize-dilekce-ornegi\/#breadcrumb"},"inLanguage":"tr","potentialAction":[{"@type":"ReadAction","target":["https:\/\/www.myvize.com.tr\/letonya\/form-ve-dilekce\/turistik-vize-dilekce-ornegi\/"]}]},{"@type":"BreadcrumbList","@id":"https:\/\/www.myvize.com.tr\/letonya\/form-ve-dilekce\/turistik-vize-dilekce-ornegi\/#breadcrumb","itemListElement":[{"@type":"ListItem","position":1,"name":"Anasayfa","item":"https:\/\/www.myvize.com.tr\/letonya\/"},{"@type":"ListItem","position":2,"name":"FORM VE D\u0130LEK\u00c7E","item":"https:\/\/www.myvize.com.tr\/letonya\/form-ve-dilekce\/"},{"@type":"ListItem","position":3,"name":"Letonya Turistik Vize Dilek\u00e7e \u00d6rne\u011fi"}]},{"@type":"WebSite","@id":"https:\/\/www.myvize.com.tr\/letonya\/#website","url":"https:\/\/www.myvize.com.tr\/letonya\/","name":"Letonya Vizesi","description":"","potentialAction":[{"@type":"SearchAction","target":{"@type":"EntryPoint","urlTemplate":"https:\/\/www.myvize.com.tr\/letonya\/?s={search_term_string}"},"query-input":{"@type":"PropertyValueSpecification","valueRequired":true,"valueName":"search_term_string"}}],"inLanguage":"tr"}]}},"_links":{"self":[{"href":"https:\/\/www.myvize.com.tr\/letonya\/wp-json\/wp\/v2\/pages\/200","targetHints":{"allow":["GET"]}}],"collection":[{"href":"https:\/\/www.myvize.com.tr\/letonya\/wp-json\/wp\/v2\/pages"}],"about":[{"href":"https:\/\/www.myvize.com.tr\/letonya\/wp-json\/wp\/v2\/types\/page"}],"author":[{"embeddable":true,"href":"https:\/\/www.myvize.com.tr\/letonya\/wp-json\/wp\/v2\/users\/1"}],"replies":[{"embeddable":true,"href":"https:\/\/www.myvize.com.tr\/letonya\/wp-json\/wp\/v2\/comments?post=200"}],"version-history":[{"count":7,"href":"https:\/\/www.myvize.com.tr\/letonya\/wp-json\/wp\/v2\/pages\/200\/revisions"}],"predecessor-version":[{"id":800,"href":"https:\/\/www.myvize.com.tr\/letonya\/wp-json\/wp\/v2\/pages\/200\/revisions\/800"}],"up":[{"embeddable":true,"href":"https:\/\/www.myvize.com.tr\/letonya\/wp-json\/wp\/v2\/pages\/171"}],"wp:attachment":[{"href":"https:\/\/www.myvize.com.tr\/letonya\/wp-json\/wp\/v2\/media?parent=200"}],"curies":[{"name":"wp","href":"https:\/\/api.w.org\/{rel}","templated":true}]}}