{"id":21,"date":"2020-11-30T08:52:07","date_gmt":"2020-11-30T05:52:07","guid":{"rendered":"https:\/\/www.myvize.com.tr\/letonya\/?page_id=21"},"modified":"2022-04-21T12:53:02","modified_gmt":"2022-04-21T09:53:02","slug":"letonya-turistik-vize","status":"publish","type":"page","link":"https:\/\/www.myvize.com.tr\/letonya\/vize-islemleri\/letonya-turistik-vize\/","title":{"rendered":"Letonya Turistik Vize"},"content":{"rendered":"<p><span style=\"font-family: Roboto;\"><\/span><\/p>\r\n<h2 class=\"wp-block-heading\"><span style=\"font-family: Roboto; font-size: 27px;\"><b>Letonya Turistik Vize Hakk\u0131nda<\/b><\/span><\/h2>\r\n<p><span style=\"font-family: Roboto; font-size: 14px;\"><strong>Letonya vize<\/strong> t\u00fcrleri aras\u0131nda olan\u00a0<strong>Letonya turistik vize\u00a0<\/strong>i\u00e7in sunulmas\u0131 gereken baz\u0131 belgeler bulunmaktad\u0131r. Bu belgeleri vize talep formu ile beraber sunmak gereklidir.<\/span><\/p>\r\n<ul>\r\n<li><span style=\"font-family: Roboto; font-size: 14px;\">Pasaportunuz seyahatinizin d\u00f6n\u00fc\u015f tarihi bitiminde en az \u00fc\u00e7 ay olmak \u00fczere ge\u00e7erlili\u011fe sahip olmal\u0131, 10 y\u0131ldan eski olmamal\u0131 ve yeterli sayfas\u0131 bulunmal\u0131d\u0131r.<\/span><\/li>\r\n<li><span style=\"font-family: Roboto; font-size: 14px;\">T\u00fcm Schengen b\u00f6lgesi \u00fclkeleri i\u00e7in zorunlu olan, 30.000 Euro tutar\u0131nda seyahat sa\u011fl\u0131k sigortas\u0131 da uygun \u015fekilde yap\u0131larak Konsoloslu\u011fa\u00a0sunulmal\u0131d\u0131r.<\/span><\/li>\r\n<li><span style=\"font-family: Roboto; font-size: 14px;\"><strong>Letonya Schengen turistik vize<\/strong> i\u00e7in foto\u011fraf verilmelidir. Bu foto\u011fraf beyaz fon \u00f6zellikte olmal\u0131d\u0131r. Foto\u011fraf\u0131n \u00f6l\u00e7\u00fcs\u00fc ise 4&#215;5 boyutunda olmal\u0131d\u0131r.<\/span><\/li>\r\n<li><span style=\"font-family: Roboto; font-size: 14px;\">Ba\u015fvuru sahibi, seyahatini Letonya&#8217;dan ba\u015flatacaksa vize s\u00fcresi kapsam\u0131nda di\u011fer Schengen \u00fclkelerine de ge\u00e7i\u015f hakk\u0131na sahiptir. Otel ile u\u00e7u\u015f rezervasyonlar\u0131, seyahat tarihlerini kan\u0131tlamas\u0131 ve seyahat plan\u0131n\u0131n <strong>Letonya Konsoloslu\u011fu<\/strong> taraf\u0131ndan netle\u015fmesi ad\u0131na ba\u015fvuru belgeleri aras\u0131nda sunulmal\u0131d\u0131r.<\/span><\/li>\r\n<li><span style=\"font-family: Roboto; font-size: 14px;\">Ki\u015finin kendi masraflar\u0131n\u0131 kar\u015f\u0131layabilece\u011fine dair destekleyici\u00a0banka hesap bilgileri ile son \u00fc\u00e7 ayl\u0131k maa\u015f d\u00f6k\u00fcm\u00fc de ba\u015fvuru dosyas\u0131nda olmal\u0131d\u0131r.<\/span><\/li>\r\n<\/ul>\r\n<p><span style=\"font-family: Roboto; font-size: 14px;\"><span style=\"color: #2acec2;\"><strong><a style=\"color: #2acec2;\" href=\"https:\/\/www.myvize.com.tr\/letonya\/vize-islemleri\/letonya-vizesi\/\" target=\"_blank\" rel=\"noopener\">\u00a0Letonya vizesi<\/a><\/strong><\/span> i\u00e7in kendi ba\u015f\u0131na ba\u015fvuracak ki\u015filer 18 ya\u015f\u0131n\u0131 doldurmal\u0131, e\u011fer 18 ya\u015f\u0131n\u0131 doldurmam\u0131\u015fsa, tek ba\u015f\u0131na veya bir ebeveyni ile seyahat edecekse her iki aile \u00fcyesinden de (anne veya baba) noter onayl\u0131 muvafakatname sunulmal\u0131d\u0131r.<\/span><\/p>\r\n<h2><strong><span style=\"font-family: Roboto; font-size: 27px;\">Letonya Turistik Vize \u0130le \u0130lgili\u00a0<\/span><\/strong><\/h2>\r\n<p><span style=\"font-family: Roboto; font-size: 14px;\"><strong>K\u0131sa s\u00fcreli vize<\/strong> t\u00fcrlerinden olan\u00a0<strong>Letonya Turistik Vize<\/strong>\u00a0ba\u015fvurular\u0131 i\u00e7in itinal\u0131 bir \u015fekilde ad\u0131m atman\u0131z gerekmektedir. Geli\u015fig\u00fczel ve deneyimsiz bir bi\u00e7imde ilerlemeniz, vize retti alman\u0131za neden olabilir. Bu nedenle 90 g\u00fcnden daha az s\u00fcreyle <strong>Schengen vizesi<\/strong>\u00a0almak ve Letonya\u2019da turistik ama\u00e7larla konaklayabilmek i\u00e7in \u00f6ncelikle profesyonel ofisleri bulman\u0131z gerekmektedir. K\u00fclt\u00fcrel ama\u00e7larla d\u00fczenlenen festival veya konser gibi etkinliklere kat\u0131lmak istedi\u011finizde<strong> turistik vize<\/strong> ba\u015fvurular\u0131 ile etkili sonu\u00e7lara ula\u015fabilirsiniz. <strong>Ba\u015fvuru formu<\/strong>nun doldurulmas\u0131, pasaport ve foto\u011fraf eklenmesi, sa\u011fl\u0131k sigortas\u0131 ile <strong>vize \u00fccret<\/strong> dekontunun ilave edilmesi, konaklama ve ula\u015f\u0131m ile giderlerin kar\u015f\u0131lanmas\u0131 gibi hususlara dikkat edilecektir. Hizmet d\u00f6k\u00fcmlerinin de ilave edilerek dosyalar\u0131n haz\u0131rlanmas\u0131 gerekmektedir. Emeklilerin, \u015firket \u00e7al\u0131\u015fanlar\u0131n\u0131n ve \u00f6\u011frencilerin haz\u0131rlayacaklar\u0131 evraklarda farkl\u0131l\u0131k olmas\u0131 durumunda ofislerimiz taraf\u0131ndan bilgi sahibi olaca\u011f\u0131n\u0131z\u0131n alt\u0131n\u0131 \u00e7iziyoruz. Sizler de parmak izi uygulanmas\u0131n\u0131n verilecek olmas\u0131ndan dolay\u0131 randevu tarihinde ve saatinde temsilcilerin e\u015flik etmesini sa\u011flayabilirsiniz. H\u0131zl\u0131 ve do\u011fru y\u00f6ntemlerle harekete ge\u00e7ebilir ve dan\u0131\u015fmanl\u0131k \u015fubelerimiz ile etkili sonu\u00e7lara hemen ula\u015fabilirsiniz. Parmak izi beyan\u0131nda bulunacak olan ki\u015filerin ba\u015fvurular\u0131n\u0131 \u015fahsen yapmalar\u0131 gerekmektedir.<\/span><\/p>\r\n<h2><span style=\"font-family: Roboto; font-size: 27px;\"><strong>Letonya Turistik Schengen Vizesi Nas\u0131l Al\u0131n\u0131r?<\/strong><\/span><\/h2>\r\n<p><span style=\"font-family: Roboto; font-size: 14px;\">\r\n\r\n<\/span><\/p>\r\n<p><span style=\"font-family: Roboto; font-size: 14px;\">K\u0131sa s\u00fcresi bir vize olan <strong>Letonya turist schengen vizesi<\/strong>, ba\u015fvuru yap\u0131l\u0131rken arac\u0131 kurum bulunmas\u0131 gereken bir vize t\u00fcr\u00fc. Her ba\u015fvuru sahibi ya\u015f\u0131 ile mesleki durum g\u00f6re de\u011fi\u015fen evrak haz\u0131rland\u0131ktan da sonra yetkili bir kurulu\u015fa m\u00fcracaat edilerek <strong>vize ba\u015fvuru<\/strong> i\u015flemleri ba\u015flar. Ba\u015fvuru evraklar kurum yetkileri taraf\u0131ndan incelenip ve gerekli g\u00f6r\u00fcl\u00fcrse ba\u015fvuru sahibi bilgilendirilir yanl\u0131\u015f ve hata olan belgeler d\u00fczeltilir, eksik evrak varsa tamamlan\u0131r. T\u00fcm i\u015flemler tamamland\u0131ktan daha sonra, ba\u015fvuran ki\u015fi ad\u0131na<strong> Letonya Konsoloslu\u011fu<\/strong> randevusu organize edilir. Ba\u015fvuru yapan ki\u015fi randevu g\u00fcn\u00fcne konsolosluktan parmak izi prosed\u00fcr\u00fc ge\u00e7er. E\u011fer ki daha \u00f6nce 5 y\u0131l i\u00e7erisinde<strong> Letonya Schengen vizesi <\/strong>alarak bu prosed\u00fcrden ge\u00e7mi\u015f, ki\u015fi randevuda \u015fahsen bulunmas\u0131 gerek yoktur. T\u00fcm i\u015flemler tamamland\u0131ktan \u00a0sonra, vize ba\u015fvurusu karar a\u015famas\u0131na ge\u00e7ilir.<\/span><\/p>\r\n<p><span style=\"font-family: Roboto; font-size: 14px;\">\r\n\r\n<\/span><\/p>\r\n<p><img decoding=\"async\" src=\"https:\/\/www.myvize.com.tr\/letonya\/wp-content\/uploads\/2021\/10\/46.jpg\" \/><\/p>\r\n<h2 class=\"wp-block-heading\"><span style=\"font-family: Roboto; font-size: 27px;\"><strong>Letonya Turistik Vize Ba\u015fvurusu<\/strong><\/span><\/h2>\r\n<p><span style=\"font-family: Roboto; font-size: 14px;\">\r\n\r\n<\/span><\/p>\r\n<p><span style=\"font-family: Roboto; font-size: 14px;\"><strong>Letonya turistik vize ba\u015fvurusu<\/strong>\u00a0yapacak olan ki\u015filer \u00f6ncelikle uygun ko\u015fullarda haz\u0131rlanm\u0131\u015f bir pasaporta sahip olmal\u0131d\u0131rlar. Pasaportun i\u00e7erisinde hem i\u015flenmemi\u015f yaprak olmal\u0131 hem de g\u00fcncel olmal\u0131d\u0131r.\u00a0<strong>Letonya turistik vize ba\u015fvurusu<\/strong>\u00a0s\u0131ras\u0131nda<span style=\"color: #2acec2;\"><a style=\"color: #2acec2;\" href=\"https:\/\/www.myvize.com.tr\/letonya\/vize-islemleri\/letonya-vize-basvuru-formu\/\" target=\"_blank\" rel=\"noreferrer noopener\"> <strong><span class=\"has-inline-color\">Letonya vize ba\u015fvuru formu<\/span><\/strong><\/a><\/span> ve dilek\u00e7e de \u00f6nemli evraklard\u0131r.<\/span><\/p>\r\n<p><span style=\"font-family: Roboto; font-size: 14px;\">\r\n\r\n<\/span><\/p>\r\n<h3 class=\"wp-block-heading\"><span style=\"font-family: Roboto; font-size: 24px;\"><strong>Letonya Turistik Vize Talep Dilek\u00e7esi Nas\u0131l Yaz\u0131l\u0131r?<\/strong><\/span><\/h3>\r\n<p><span style=\"font-family: Roboto; font-size: 14px;\">\r\n\r\n<\/span><\/p>\r\n<p><span style=\"font-family: Roboto; font-size: 14px;\"><strong>Letonya turistik vize ba\u015fvurusu<\/strong>\u00a0s\u0131ras\u0131nda herhangi bir sorun olmamas\u0131 i\u00e7in dilek\u00e7enizin elde ya da bilgisayarda yaz\u0131lmas\u0131 gereklidir. Ayn\u0131 zamanda mutlaka A4 k\u00e2\u011f\u0131d\u0131nda yaz\u0131lm\u0131\u015f olmas\u0131na \u00f6nem vermeniz gerekiyor. Islak imzal\u0131 ve tarihli olmal\u0131d\u0131r. Bunlar\u0131n yan\u0131nda seyahatin t\u00fcm detaylar\u0131 mutlaka dilek\u00e7ede yaz\u0131lmal\u0131d\u0131r.\u00a0<strong>Letonya turistik vize ba\u015fvurusu<\/strong>\u00a0yapan ki\u015filer eskiden <span style=\"color: #2acec2;\"><a style=\"color: #2acec2;\" href=\"https:\/\/www.myvize.com.tr\/letonya\/vize-islemleri\/letonya-vize-reddi\/\" target=\"_blank\" rel=\"noreferrer noopener\"><strong><span class=\"has-inline-color\">Letonya vize reddi <\/span><\/strong><\/a><\/span>alm\u0131\u015flar ise bu vize reddine de dilek\u00e7elerinde mutlaka yer vermelidirler.<\/span><\/p>\r\n<p><span style=\"font-family: Roboto;\"><\/span><\/p>","protected":false},"excerpt":{"rendered":"<p>Letonya Turistik Vize Hakk\u0131nda Letonya vize t\u00fcrleri aras\u0131nda olan\u00a0Letonya turistik vize\u00a0i\u00e7in sunulmas\u0131 gereken baz\u0131 belgeler bulunmaktad\u0131r. Bu belgeleri vize talep formu ile beraber sunmak gereklidir. Pasaportunuz seyahatinizin d\u00f6n\u00fc\u015f tarihi bitiminde en az \u00fc\u00e7 ay olmak \u00fczere ge\u00e7erlili\u011fe sahip olmal\u0131, 10 y\u0131ldan eski olmamal\u0131 ve yeterli sayfas\u0131 bulunmal\u0131d\u0131r. T\u00fcm Schengen b\u00f6lgesi \u00fclkeleri i\u00e7in zorunlu olan, 30.000<\/p>\n","protected":false},"author":1,"featured_media":0,"parent":18,"menu_order":0,"comment_status":"open","ping_status":"closed","template":"","meta":{"footnotes":""},"class_list":["post-21","page","type-page","status-publish","hentry"],"yoast_head":"<!-- This site is optimized with the Yoast SEO plugin v24.0 - https:\/\/yoast.com\/wordpress\/plugins\/seo\/ -->\n<title>Letonya Turistik Vize - Letonya Vize \u0130\u015flemleri \u2013 MyVize<\/title>\n<meta name=\"description\" content=\"Letonya Turistik Vize \u0130\u015flemleri Gerekli Olan Evraklar\u0131 nelerdir? 2022 Evrak Listesi \u0130\u00e7in T\u0131klay\u0131n! Bilgi Almak i\u00e7in Aray\u0131n: 0850 346 84 93\" \/>\n<meta name=\"robots\" content=\"index, follow, max-snippet:-1, max-image-preview:large, max-video-preview:-1\" \/>\n<link rel=\"canonical\" href=\"https:\/\/www.myvize.com.tr\/letonya\/vize-islemleri\/letonya-turistik-vize\/\" \/>\n<meta property=\"og:locale\" content=\"tr_TR\" \/>\n<meta property=\"og:type\" content=\"article\" \/>\n<meta property=\"og:title\" content=\"Letonya Turistik Vize - Letonya Vize \u0130\u015flemleri \u2013 MyVize\" \/>\n<meta property=\"og:description\" content=\"Letonya Turistik Vize \u0130\u015flemleri Gerekli Olan Evraklar\u0131 nelerdir? 2022 Evrak Listesi \u0130\u00e7in T\u0131klay\u0131n! Bilgi Almak i\u00e7in Aray\u0131n: 0850 346 84 93\" \/>\n<meta property=\"og:url\" content=\"https:\/\/www.myvize.com.tr\/letonya\/vize-islemleri\/letonya-turistik-vize\/\" \/>\n<meta property=\"og:site_name\" content=\"Letonya Vizesi\" \/>\n<meta property=\"article:modified_time\" content=\"2022-04-21T09:53:02+00:00\" \/>\n<meta property=\"og:image\" content=\"https:\/\/www.myvize.com.tr\/letonya\/wp-content\/uploads\/2021\/10\/46.jpg\" \/>\n<meta name=\"twitter:card\" content=\"summary_large_image\" \/>\n<meta name=\"twitter:label1\" content=\"Tahmini okuma s\u00fcresi\" \/>\n\t<meta name=\"twitter:data1\" content=\"3 dakika\" \/>\n<script type=\"application\/ld+json\" class=\"yoast-schema-graph\">{\"@context\":\"https:\/\/schema.org\",\"@graph\":[{\"@type\":\"WebPage\",\"@id\":\"https:\/\/www.myvize.com.tr\/letonya\/vize-islemleri\/letonya-turistik-vize\/\",\"url\":\"https:\/\/www.myvize.com.tr\/letonya\/vize-islemleri\/letonya-turistik-vize\/\",\"name\":\"Letonya Turistik Vize - Letonya Vize \u0130\u015flemleri \u2013 MyVize\",\"isPartOf\":{\"@id\":\"https:\/\/www.myvize.com.tr\/letonya\/#website\"},\"primaryImageOfPage\":{\"@id\":\"https:\/\/www.myvize.com.tr\/letonya\/vize-islemleri\/letonya-turistik-vize\/#primaryimage\"},\"image\":{\"@id\":\"https:\/\/www.myvize.com.tr\/letonya\/vize-islemleri\/letonya-turistik-vize\/#primaryimage\"},\"thumbnailUrl\":\"https:\/\/www.myvize.com.tr\/letonya\/wp-content\/uploads\/2021\/10\/46.jpg\",\"datePublished\":\"2020-11-30T05:52:07+00:00\",\"dateModified\":\"2022-04-21T09:53:02+00:00\",\"description\":\"Letonya Turistik Vize \u0130\u015flemleri Gerekli Olan Evraklar\u0131 nelerdir? 2022 Evrak Listesi \u0130\u00e7in T\u0131klay\u0131n! Bilgi Almak i\u00e7in Aray\u0131n: 0850 346 84 93\",\"breadcrumb\":{\"@id\":\"https:\/\/www.myvize.com.tr\/letonya\/vize-islemleri\/letonya-turistik-vize\/#breadcrumb\"},\"inLanguage\":\"tr\",\"potentialAction\":[{\"@type\":\"ReadAction\",\"target\":[\"https:\/\/www.myvize.com.tr\/letonya\/vize-islemleri\/letonya-turistik-vize\/\"]}]},{\"@type\":\"ImageObject\",\"inLanguage\":\"tr\",\"@id\":\"https:\/\/www.myvize.com.tr\/letonya\/vize-islemleri\/letonya-turistik-vize\/#primaryimage\",\"url\":\"https:\/\/www.myvize.com.tr\/letonya\/wp-content\/uploads\/2021\/10\/46.jpg\",\"contentUrl\":\"https:\/\/www.myvize.com.tr\/letonya\/wp-content\/uploads\/2021\/10\/46.jpg\",\"width\":800,\"height\":500,\"caption\":\"Letonya Turistik Vize\"},{\"@type\":\"BreadcrumbList\",\"@id\":\"https:\/\/www.myvize.com.tr\/letonya\/vize-islemleri\/letonya-turistik-vize\/#breadcrumb\",\"itemListElement\":[{\"@type\":\"ListItem\",\"position\":1,\"name\":\"Anasayfa\",\"item\":\"https:\/\/www.myvize.com.tr\/letonya\/\"},{\"@type\":\"ListItem\",\"position\":2,\"name\":\"V\u0130ZE \u0130\u015eLEMLER\u0130\",\"item\":\"https:\/\/www.myvize.com.tr\/letonya\/vize-islemleri\/\"},{\"@type\":\"ListItem\",\"position\":3,\"name\":\"Letonya Turistik Vize\"}]},{\"@type\":\"WebSite\",\"@id\":\"https:\/\/www.myvize.com.tr\/letonya\/#website\",\"url\":\"https:\/\/www.myvize.com.tr\/letonya\/\",\"name\":\"Letonya Vizesi\",\"description\":\"\",\"potentialAction\":[{\"@type\":\"SearchAction\",\"target\":{\"@type\":\"EntryPoint\",\"urlTemplate\":\"https:\/\/www.myvize.com.tr\/letonya\/?s={search_term_string}\"},\"query-input\":{\"@type\":\"PropertyValueSpecification\",\"valueRequired\":true,\"valueName\":\"search_term_string\"}}],\"inLanguage\":\"tr\"}]}<\/script>\n<!-- \/ Yoast SEO plugin. -->","yoast_head_json":{"title":"Letonya Turistik Vize - Letonya Vize \u0130\u015flemleri \u2013 MyVize","description":"Letonya Turistik Vize \u0130\u015flemleri Gerekli Olan Evraklar\u0131 nelerdir? 2022 Evrak Listesi \u0130\u00e7in T\u0131klay\u0131n! Bilgi Almak i\u00e7in Aray\u0131n: 0850 346 84 93","robots":{"index":"index","follow":"follow","max-snippet":"max-snippet:-1","max-image-preview":"max-image-preview:large","max-video-preview":"max-video-preview:-1"},"canonical":"https:\/\/www.myvize.com.tr\/letonya\/vize-islemleri\/letonya-turistik-vize\/","og_locale":"tr_TR","og_type":"article","og_title":"Letonya Turistik Vize - Letonya Vize \u0130\u015flemleri \u2013 MyVize","og_description":"Letonya Turistik Vize \u0130\u015flemleri Gerekli Olan Evraklar\u0131 nelerdir? 2022 Evrak Listesi \u0130\u00e7in T\u0131klay\u0131n! Bilgi Almak i\u00e7in Aray\u0131n: 0850 346 84 93","og_url":"https:\/\/www.myvize.com.tr\/letonya\/vize-islemleri\/letonya-turistik-vize\/","og_site_name":"Letonya Vizesi","article_modified_time":"2022-04-21T09:53:02+00:00","og_image":[{"url":"https:\/\/www.myvize.com.tr\/letonya\/wp-content\/uploads\/2021\/10\/46.jpg","type":"","width":"","height":""}],"twitter_card":"summary_large_image","twitter_misc":{"Tahmini okuma s\u00fcresi":"3 dakika"},"schema":{"@context":"https:\/\/schema.org","@graph":[{"@type":"WebPage","@id":"https:\/\/www.myvize.com.tr\/letonya\/vize-islemleri\/letonya-turistik-vize\/","url":"https:\/\/www.myvize.com.tr\/letonya\/vize-islemleri\/letonya-turistik-vize\/","name":"Letonya Turistik Vize - Letonya Vize \u0130\u015flemleri \u2013 MyVize","isPartOf":{"@id":"https:\/\/www.myvize.com.tr\/letonya\/#website"},"primaryImageOfPage":{"@id":"https:\/\/www.myvize.com.tr\/letonya\/vize-islemleri\/letonya-turistik-vize\/#primaryimage"},"image":{"@id":"https:\/\/www.myvize.com.tr\/letonya\/vize-islemleri\/letonya-turistik-vize\/#primaryimage"},"thumbnailUrl":"https:\/\/www.myvize.com.tr\/letonya\/wp-content\/uploads\/2021\/10\/46.jpg","datePublished":"2020-11-30T05:52:07+00:00","dateModified":"2022-04-21T09:53:02+00:00","description":"Letonya Turistik Vize \u0130\u015flemleri Gerekli Olan Evraklar\u0131 nelerdir? 2022 Evrak Listesi \u0130\u00e7in T\u0131klay\u0131n! Bilgi Almak i\u00e7in Aray\u0131n: 0850 346 84 93","breadcrumb":{"@id":"https:\/\/www.myvize.com.tr\/letonya\/vize-islemleri\/letonya-turistik-vize\/#breadcrumb"},"inLanguage":"tr","potentialAction":[{"@type":"ReadAction","target":["https:\/\/www.myvize.com.tr\/letonya\/vize-islemleri\/letonya-turistik-vize\/"]}]},{"@type":"ImageObject","inLanguage":"tr","@id":"https:\/\/www.myvize.com.tr\/letonya\/vize-islemleri\/letonya-turistik-vize\/#primaryimage","url":"https:\/\/www.myvize.com.tr\/letonya\/wp-content\/uploads\/2021\/10\/46.jpg","contentUrl":"https:\/\/www.myvize.com.tr\/letonya\/wp-content\/uploads\/2021\/10\/46.jpg","width":800,"height":500,"caption":"Letonya Turistik Vize"},{"@type":"BreadcrumbList","@id":"https:\/\/www.myvize.com.tr\/letonya\/vize-islemleri\/letonya-turistik-vize\/#breadcrumb","itemListElement":[{"@type":"ListItem","position":1,"name":"Anasayfa","item":"https:\/\/www.myvize.com.tr\/letonya\/"},{"@type":"ListItem","position":2,"name":"V\u0130ZE \u0130\u015eLEMLER\u0130","item":"https:\/\/www.myvize.com.tr\/letonya\/vize-islemleri\/"},{"@type":"ListItem","position":3,"name":"Letonya Turistik Vize"}]},{"@type":"WebSite","@id":"https:\/\/www.myvize.com.tr\/letonya\/#website","url":"https:\/\/www.myvize.com.tr\/letonya\/","name":"Letonya Vizesi","description":"","potentialAction":[{"@type":"SearchAction","target":{"@type":"EntryPoint","urlTemplate":"https:\/\/www.myvize.com.tr\/letonya\/?s={search_term_string}"},"query-input":{"@type":"PropertyValueSpecification","valueRequired":true,"valueName":"search_term_string"}}],"inLanguage":"tr"}]}},"_links":{"self":[{"href":"https:\/\/www.myvize.com.tr\/letonya\/wp-json\/wp\/v2\/pages\/21","targetHints":{"allow":["GET"]}}],"collection":[{"href":"https:\/\/www.myvize.com.tr\/letonya\/wp-json\/wp\/v2\/pages"}],"about":[{"href":"https:\/\/www.myvize.com.tr\/letonya\/wp-json\/wp\/v2\/types\/page"}],"author":[{"embeddable":true,"href":"https:\/\/www.myvize.com.tr\/letonya\/wp-json\/wp\/v2\/users\/1"}],"replies":[{"embeddable":true,"href":"https:\/\/www.myvize.com.tr\/letonya\/wp-json\/wp\/v2\/comments?post=21"}],"version-history":[{"count":9,"href":"https:\/\/www.myvize.com.tr\/letonya\/wp-json\/wp\/v2\/pages\/21\/revisions"}],"predecessor-version":[{"id":766,"href":"https:\/\/www.myvize.com.tr\/letonya\/wp-json\/wp\/v2\/pages\/21\/revisions\/766"}],"up":[{"embeddable":true,"href":"https:\/\/www.myvize.com.tr\/letonya\/wp-json\/wp\/v2\/pages\/18"}],"wp:attachment":[{"href":"https:\/\/www.myvize.com.tr\/letonya\/wp-json\/wp\/v2\/media?parent=21"}],"curies":[{"name":"wp","href":"https:\/\/api.w.org\/{rel}","templated":true}]}}