{"id":214,"date":"2020-12-25T10:36:50","date_gmt":"2020-12-25T07:36:50","guid":{"rendered":"https:\/\/www.myvize.com.tr\/letonya\/?page_id=214"},"modified":"2022-01-11T14:00:09","modified_gmt":"2022-01-11T11:00:09","slug":"gaziantep","status":"publish","type":"page","link":"https:\/\/www.myvize.com.tr\/letonya\/subelerimiz\/gaziantep\/","title":{"rendered":"Gaziantep"},"content":{"rendered":"<h2><span style=\"font-family: Roboto; font-size: 27px;\">Letonya Vize Ba\u015fvuru Merkezi, Gaziantep<\/span><\/h2>\n<p><span style=\"font-family: Roboto; font-size: 14px;\">Gaziantep ve \u00e7evresinde bulunan T\u00fcrk vatanda\u015flar\u0131, k\u0131sa s\u00fcreli<strong> Letonya vize ba\u015fvurular\u0131<\/strong>n\u0131 Letonya vize ba\u015fvuru merkezlerine yapmal\u0131d\u0131r. Uzun s\u00fcreli Letonya vize ba\u015fvurular\u0131 yani Letonya ulusal vize ba\u015fvurular\u0131 ise Letonya\u2019n\u0131n diplomatik temsilciliklerine yap\u0131lmal\u0131d\u0131r.<\/span><\/p>\n<p><span style=\"font-family: Roboto; font-size: 14px;\">Letonya bir <strong>Schengen<\/strong> \u00fclkesidir. Bundan dolay\u0131 Gaziantep ve \u00e7evresinde<span style=\"color: #2acec2;\"><strong> <a style=\"color: #2acec2;\" href=\"https:\/\/www.myvize.com.tr\/letonya\/vize-islemleri\/letonya-vizesi\/\">Letonya vize<\/a> <\/strong><\/span>ba\u015fvurusu yapacak olan T\u00fcrk vatanda\u015flar\u0131 vize ba\u015fvurular\u0131n\u0131 Gaziantep vize ba\u015fvuru merkezine yapmal\u0131d\u0131r. Yani Gaziantep ve \u00e7evresinde ikamet eden ki\u015filer k\u0131sa s\u00fcreli vize ba\u015fvurular\u0131n\u0131 Letonya\u2019n\u0131n Gaziantep\u2019 de yetkilendirmi\u015f oldu\u011fu vize ba\u015fvuru merkezine yapmal\u0131d\u0131r. Gaziantep\u2019 de yetkilendirilmi\u015f olan Letonya vize ba\u015fvuru merkezi <strong>VFS Global<\/strong> isimli \u015firkettir.<\/span><\/p>\n<p><span style=\"font-family: Roboto; font-size: 14px;\">Gaziantep ve \u00e7evresinde Letonya vize ba\u015fvurusu yapacak olan ki\u015filer k\u0131sa s\u00fcreli vize ba\u015fvurular\u0131 i\u00e7in Gaziantep Letonya vize ba\u015fvuru merkezinden randevu almal\u0131 ve randevu tarihinde gerekli belgeler ile Letonya vize ba\u015fvuru merkezinde bulunmal\u0131d\u0131r.<\/span><\/p>\n<p><span style=\"font-family: Roboto; font-size: 14px;\">Gaziantep ve \u00e7evresinde ikamet eden ve ulusal Letonya vizesi almak isteyen T\u00fcrk vatanda\u015flar\u0131, vize ba\u015fvurular\u0131n\u0131 <span style=\"color: #2acec2;\"><strong><a style=\"color: #2acec2;\" href=\"https:\/\/www.myvize.com.tr\/letonya\/konsolosluklar\/ankara-buyukelciligi\/\">Letonya Ankara B\u00fcy\u00fckel\u00e7ili\u011fi<\/a><\/strong><\/span>\u2019ne yapmal\u0131d\u0131r.<\/span><\/p>\n<p><span style=\"font-family: Roboto; font-size: 14px;\">K\u0131sacas\u0131 Gaziantep ve \u00e7evresinde bulunan T\u00fcrk vatanda\u015flar\u0131 k\u0131sa s\u00fcreli vize ba\u015fvurular\u0131n\u0131; Gaziantep Letonya vize ba\u015fvuru merkezine yapmal\u0131d\u0131r. Gaziantep ve \u00e7evresinde yer alan\u00a0 ve Letonya vizesi alacak olan ki\u015filer vize ba\u015fvurular\u0131, <strong>Letonya Ankara B\u00fcy\u00fckel\u00e7ili\u011fi<\/strong>\u2019ne yapmal\u0131d\u0131r.<\/span><\/p>\n","protected":false},"excerpt":{"rendered":"<p>Letonya Vize Ba\u015fvuru Merkezi, Gaziantep Gaziantep ve \u00e7evresinde bulunan T\u00fcrk vatanda\u015flar\u0131, k\u0131sa s\u00fcreli Letonya vize ba\u015fvurular\u0131n\u0131 Letonya vize ba\u015fvuru merkezlerine yapmal\u0131d\u0131r. Uzun s\u00fcreli Letonya vize ba\u015fvurular\u0131 yani Letonya ulusal vize ba\u015fvurular\u0131 ise Letonya\u2019n\u0131n diplomatik temsilciliklerine yap\u0131lmal\u0131d\u0131r. Letonya bir Schengen \u00fclkesidir. Bundan dolay\u0131 Gaziantep ve \u00e7evresinde Letonya vize ba\u015fvurusu yapacak olan T\u00fcrk vatanda\u015flar\u0131 vize ba\u015fvurular\u0131n\u0131 Gaziantep<\/p>\n","protected":false},"author":1,"featured_media":0,"parent":177,"menu_order":0,"comment_status":"open","ping_status":"closed","template":"","meta":{"footnotes":""},"class_list":["post-214","page","type-page","status-publish","hentry"],"yoast_head":"<!-- This site is optimized with the Yoast SEO plugin v24.0 - https:\/\/yoast.com\/wordpress\/plugins\/seo\/ -->\n<title>Letonya Vizesi Gaziantep Ba\u015fvuru Merkezimiz - MyVize<\/title>\n<meta name=\"description\" content=\"Letonya Vizesi Gaziantep Vize Ba\u015fvuru Merkezi. Letonya Vizesi Nas\u0131l Al\u0131n\u0131r? Ba\u015fvuru Yapmak \u0130\u00e7in Gaziantep \u015eubemizi Ara: 0850 346 84 93\" \/>\n<meta name=\"robots\" content=\"index, follow, max-snippet:-1, max-image-preview:large, max-video-preview:-1\" \/>\n<link rel=\"canonical\" href=\"https:\/\/www.myvize.com.tr\/letonya\/subelerimiz\/gaziantep\/\" \/>\n<meta property=\"og:locale\" content=\"tr_TR\" \/>\n<meta property=\"og:type\" content=\"article\" \/>\n<meta property=\"og:title\" content=\"Letonya Vizesi Gaziantep Ba\u015fvuru Merkezimiz - MyVize\" \/>\n<meta property=\"og:description\" content=\"Letonya Vizesi Gaziantep Vize Ba\u015fvuru Merkezi. Letonya Vizesi Nas\u0131l Al\u0131n\u0131r? Ba\u015fvuru Yapmak \u0130\u00e7in Gaziantep \u015eubemizi Ara: 0850 346 84 93\" \/>\n<meta property=\"og:url\" content=\"https:\/\/www.myvize.com.tr\/letonya\/subelerimiz\/gaziantep\/\" \/>\n<meta property=\"og:site_name\" content=\"Letonya Vizesi\" \/>\n<meta property=\"article:modified_time\" content=\"2022-01-11T11:00:09+00:00\" \/>\n<meta name=\"twitter:card\" content=\"summary_large_image\" \/>\n<meta name=\"twitter:label1\" content=\"Tahmini okuma s\u00fcresi\" \/>\n\t<meta name=\"twitter:data1\" content=\"1 dakika\" \/>\n<script type=\"application\/ld+json\" class=\"yoast-schema-graph\">{\"@context\":\"https:\/\/schema.org\",\"@graph\":[{\"@type\":\"WebPage\",\"@id\":\"https:\/\/www.myvize.com.tr\/letonya\/subelerimiz\/gaziantep\/\",\"url\":\"https:\/\/www.myvize.com.tr\/letonya\/subelerimiz\/gaziantep\/\",\"name\":\"Letonya Vizesi Gaziantep Ba\u015fvuru Merkezimiz - MyVize\",\"isPartOf\":{\"@id\":\"https:\/\/www.myvize.com.tr\/letonya\/#website\"},\"datePublished\":\"2020-12-25T07:36:50+00:00\",\"dateModified\":\"2022-01-11T11:00:09+00:00\",\"description\":\"Letonya Vizesi Gaziantep Vize Ba\u015fvuru Merkezi. Letonya Vizesi Nas\u0131l Al\u0131n\u0131r? Ba\u015fvuru Yapmak \u0130\u00e7in Gaziantep \u015eubemizi Ara: 0850 346 84 93\",\"breadcrumb\":{\"@id\":\"https:\/\/www.myvize.com.tr\/letonya\/subelerimiz\/gaziantep\/#breadcrumb\"},\"inLanguage\":\"tr\",\"potentialAction\":[{\"@type\":\"ReadAction\",\"target\":[\"https:\/\/www.myvize.com.tr\/letonya\/subelerimiz\/gaziantep\/\"]}]},{\"@type\":\"BreadcrumbList\",\"@id\":\"https:\/\/www.myvize.com.tr\/letonya\/subelerimiz\/gaziantep\/#breadcrumb\",\"itemListElement\":[{\"@type\":\"ListItem\",\"position\":1,\"name\":\"Anasayfa\",\"item\":\"https:\/\/www.myvize.com.tr\/letonya\/\"},{\"@type\":\"ListItem\",\"position\":2,\"name\":\"\u015eUBELER\u0130M\u0130Z\",\"item\":\"https:\/\/www.myvize.com.tr\/letonya\/subelerimiz\/\"},{\"@type\":\"ListItem\",\"position\":3,\"name\":\"Gaziantep\"}]},{\"@type\":\"WebSite\",\"@id\":\"https:\/\/www.myvize.com.tr\/letonya\/#website\",\"url\":\"https:\/\/www.myvize.com.tr\/letonya\/\",\"name\":\"Letonya Vizesi\",\"description\":\"\",\"potentialAction\":[{\"@type\":\"SearchAction\",\"target\":{\"@type\":\"EntryPoint\",\"urlTemplate\":\"https:\/\/www.myvize.com.tr\/letonya\/?s={search_term_string}\"},\"query-input\":{\"@type\":\"PropertyValueSpecification\",\"valueRequired\":true,\"valueName\":\"search_term_string\"}}],\"inLanguage\":\"tr\"}]}<\/script>\n<!-- \/ Yoast SEO plugin. -->","yoast_head_json":{"title":"Letonya Vizesi Gaziantep Ba\u015fvuru Merkezimiz - MyVize","description":"Letonya Vizesi Gaziantep Vize Ba\u015fvuru Merkezi. Letonya Vizesi Nas\u0131l Al\u0131n\u0131r? Ba\u015fvuru Yapmak \u0130\u00e7in Gaziantep \u015eubemizi Ara: 0850 346 84 93","robots":{"index":"index","follow":"follow","max-snippet":"max-snippet:-1","max-image-preview":"max-image-preview:large","max-video-preview":"max-video-preview:-1"},"canonical":"https:\/\/www.myvize.com.tr\/letonya\/subelerimiz\/gaziantep\/","og_locale":"tr_TR","og_type":"article","og_title":"Letonya Vizesi Gaziantep Ba\u015fvuru Merkezimiz - MyVize","og_description":"Letonya Vizesi Gaziantep Vize Ba\u015fvuru Merkezi. Letonya Vizesi Nas\u0131l Al\u0131n\u0131r? Ba\u015fvuru Yapmak \u0130\u00e7in Gaziantep \u015eubemizi Ara: 0850 346 84 93","og_url":"https:\/\/www.myvize.com.tr\/letonya\/subelerimiz\/gaziantep\/","og_site_name":"Letonya Vizesi","article_modified_time":"2022-01-11T11:00:09+00:00","twitter_card":"summary_large_image","twitter_misc":{"Tahmini okuma s\u00fcresi":"1 dakika"},"schema":{"@context":"https:\/\/schema.org","@graph":[{"@type":"WebPage","@id":"https:\/\/www.myvize.com.tr\/letonya\/subelerimiz\/gaziantep\/","url":"https:\/\/www.myvize.com.tr\/letonya\/subelerimiz\/gaziantep\/","name":"Letonya Vizesi Gaziantep Ba\u015fvuru Merkezimiz - MyVize","isPartOf":{"@id":"https:\/\/www.myvize.com.tr\/letonya\/#website"},"datePublished":"2020-12-25T07:36:50+00:00","dateModified":"2022-01-11T11:00:09+00:00","description":"Letonya Vizesi Gaziantep Vize Ba\u015fvuru Merkezi. Letonya Vizesi Nas\u0131l Al\u0131n\u0131r? Ba\u015fvuru Yapmak \u0130\u00e7in Gaziantep \u015eubemizi Ara: 0850 346 84 93","breadcrumb":{"@id":"https:\/\/www.myvize.com.tr\/letonya\/subelerimiz\/gaziantep\/#breadcrumb"},"inLanguage":"tr","potentialAction":[{"@type":"ReadAction","target":["https:\/\/www.myvize.com.tr\/letonya\/subelerimiz\/gaziantep\/"]}]},{"@type":"BreadcrumbList","@id":"https:\/\/www.myvize.com.tr\/letonya\/subelerimiz\/gaziantep\/#breadcrumb","itemListElement":[{"@type":"ListItem","position":1,"name":"Anasayfa","item":"https:\/\/www.myvize.com.tr\/letonya\/"},{"@type":"ListItem","position":2,"name":"\u015eUBELER\u0130M\u0130Z","item":"https:\/\/www.myvize.com.tr\/letonya\/subelerimiz\/"},{"@type":"ListItem","position":3,"name":"Gaziantep"}]},{"@type":"WebSite","@id":"https:\/\/www.myvize.com.tr\/letonya\/#website","url":"https:\/\/www.myvize.com.tr\/letonya\/","name":"Letonya Vizesi","description":"","potentialAction":[{"@type":"SearchAction","target":{"@type":"EntryPoint","urlTemplate":"https:\/\/www.myvize.com.tr\/letonya\/?s={search_term_string}"},"query-input":{"@type":"PropertyValueSpecification","valueRequired":true,"valueName":"search_term_string"}}],"inLanguage":"tr"}]}},"_links":{"self":[{"href":"https:\/\/www.myvize.com.tr\/letonya\/wp-json\/wp\/v2\/pages\/214","targetHints":{"allow":["GET"]}}],"collection":[{"href":"https:\/\/www.myvize.com.tr\/letonya\/wp-json\/wp\/v2\/pages"}],"about":[{"href":"https:\/\/www.myvize.com.tr\/letonya\/wp-json\/wp\/v2\/types\/page"}],"author":[{"embeddable":true,"href":"https:\/\/www.myvize.com.tr\/letonya\/wp-json\/wp\/v2\/users\/1"}],"replies":[{"embeddable":true,"href":"https:\/\/www.myvize.com.tr\/letonya\/wp-json\/wp\/v2\/comments?post=214"}],"version-history":[{"count":5,"href":"https:\/\/www.myvize.com.tr\/letonya\/wp-json\/wp\/v2\/pages\/214\/revisions"}],"predecessor-version":[{"id":696,"href":"https:\/\/www.myvize.com.tr\/letonya\/wp-json\/wp\/v2\/pages\/214\/revisions\/696"}],"up":[{"embeddable":true,"href":"https:\/\/www.myvize.com.tr\/letonya\/wp-json\/wp\/v2\/pages\/177"}],"wp:attachment":[{"href":"https:\/\/www.myvize.com.tr\/letonya\/wp-json\/wp\/v2\/media?parent=214"}],"curies":[{"name":"wp","href":"https:\/\/api.w.org\/{rel}","templated":true}]}}