{"id":216,"date":"2020-12-25T10:37:09","date_gmt":"2020-12-25T07:37:09","guid":{"rendered":"https:\/\/www.myvize.com.tr\/letonya\/?page_id=216"},"modified":"2022-04-21T13:18:42","modified_gmt":"2022-04-21T10:18:42","slug":"antalya","status":"publish","type":"page","link":"https:\/\/www.myvize.com.tr\/letonya\/subelerimiz\/antalya\/","title":{"rendered":"Antalya"},"content":{"rendered":"<h2><span style=\"font-family: Roboto; font-size: 27px;\">Letonya Vize Ba\u015fvuru Merkezi, Antalya<\/span><\/h2>\n<p><span style=\"font-family: Roboto; font-size: 14px;\">Antalya ve \u00e7evresinde bulunan ve Letonya\u2019ya seyahat etmek isteyen T\u00fcrk vatanda\u015flar\u0131 <strong>Letonya vize ba\u015fvurusu<\/strong> yapmal\u0131d\u0131r. Antalya ve \u00e7evresinde ikamet eden T\u00fcrk vatanda\u015flar\u0131 Letonya vize ba\u015fvurular\u0131n\u0131 <span style=\"color: #2acec2;\"><strong><a style=\"color: #2acec2;\" href=\"https:\/\/www.myvize.com.tr\/letonya\/konsolosluklar\/ankara-buyukelciligi\/\" target=\"_blank\" rel=\"noopener\">Letonya Ankara B\u00fcy\u00fckel\u00e7ili\u011fi<\/a><\/strong><\/span> ya da Letonya Antalya vize ba\u015fvuru merkezine yapmal\u0131d\u0131r.<\/span><\/p>\n<p><span style=\"font-family: Roboto; font-size: 14px;\">Letonya\u2019ya k\u0131sa s\u00fcreli olarak seyahat edecek olan ki\u015filer <span style=\"color: #2acec2;\"><strong><a style=\"color: #2acec2;\" href=\"https:\/\/www.myvize.com.tr\/letonya\/vize-islemleri\/letonya-schengen-vizesi\/\" target=\"_blank\" rel=\"noopener\">Letonya Schengen vizesi<\/a><\/strong><\/span> almal\u0131d\u0131r. K\u0131sa s\u00fcreli Letonya vizesi alacak olan ki\u015filer ise ba\u015fvurular\u0131n\u0131 Letonya vize ba\u015fvuru merkezine yapmal\u0131d\u0131r. Letonya Konsoloslu\u011fu\u2019nun Antalya ve \u00e7evresinde g\u00f6revlendirdi\u011fi vize ba\u015fvuru merkezi <strong>VFS Global <\/strong>isimli \u015firkettir. Antalya Letonya vize ba\u015fvurusu yapacak olan i\u015filer vize ba\u015fvurular\u0131n\u0131 bu \u015firket ile yapmal\u0131d\u0131r. Ba\u015fvuru esnas\u0131nda bizzat Antalya vize ba\u015fvuru merkezinde bulunarak biyometrik veri verilmelidir.<\/span><\/p>\n<p><span style=\"font-family: Roboto; font-size: 14px;\">Antalya ve \u00e7evresinde bulunan ve <strong>Letonya ulusal vizesi<\/strong> alacak olan T\u00fcrk vatanda\u015flar\u0131 vize ba\u015fvurular\u0131n\u0131 <strong>Letonya Ankara B\u00fcy\u00fckel\u00e7ili\u011fi<\/strong>\u2019ne yapmal\u0131d\u0131r.<\/span><\/p>\n<p><span style=\"font-family: Roboto; font-size: 14px;\">Antalya<strong> Letonya vize ba\u015fvurusu<\/strong> yapacak olan ki\u015filerin; Antalya vize ba\u015fvuru merkezinden randevu almas\u0131 gerekmektedir. Antalya vize ba\u015fvuru merkezine randevu tarihinde gerekli olan gerekli belgeleri teslim etmesi gerekmektedir. Antalya Letonya vize ba\u015fvurusu yapacak ki\u015filerin randevu tarihinde gerekli belgeleri teslim etmesi gerekmektedir.<\/span><\/p>\n","protected":false},"excerpt":{"rendered":"<p>Letonya Vize Ba\u015fvuru Merkezi, Antalya Antalya ve \u00e7evresinde bulunan ve Letonya\u2019ya seyahat etmek isteyen T\u00fcrk vatanda\u015flar\u0131 Letonya vize ba\u015fvurusu yapmal\u0131d\u0131r. Antalya ve \u00e7evresinde ikamet eden T\u00fcrk vatanda\u015flar\u0131 Letonya vize ba\u015fvurular\u0131n\u0131 Letonya Ankara B\u00fcy\u00fckel\u00e7ili\u011fi ya da Letonya Antalya vize ba\u015fvuru merkezine yapmal\u0131d\u0131r. Letonya\u2019ya k\u0131sa s\u00fcreli olarak seyahat edecek olan ki\u015filer Letonya Schengen vizesi almal\u0131d\u0131r. K\u0131sa s\u00fcreli<\/p>\n","protected":false},"author":1,"featured_media":0,"parent":177,"menu_order":0,"comment_status":"open","ping_status":"closed","template":"","meta":{"footnotes":""},"class_list":["post-216","page","type-page","status-publish","hentry"],"yoast_head":"<!-- This site is optimized with the Yoast SEO plugin v24.0 - https:\/\/yoast.com\/wordpress\/plugins\/seo\/ -->\n<title>Letonya Vize Ba\u015fvuru \u015eubesi Antalya - MyVize<\/title>\n<meta name=\"description\" content=\"Letonya Vizesi Antalya Vize Ba\u015fvuru Merkezi. Letonya Vizesi Nas\u0131l Al\u0131n\u0131r? Ba\u015fvuru \u0130\u00e7in Antalya \u015eubemizi Aray\u0131n: 0850 346 84 93\" \/>\n<meta name=\"robots\" content=\"index, follow, max-snippet:-1, max-image-preview:large, max-video-preview:-1\" \/>\n<link rel=\"canonical\" href=\"https:\/\/www.myvize.com.tr\/letonya\/subelerimiz\/antalya\/\" \/>\n<meta property=\"og:locale\" content=\"tr_TR\" \/>\n<meta property=\"og:type\" content=\"article\" \/>\n<meta property=\"og:title\" content=\"Letonya Vize Ba\u015fvuru \u015eubesi Antalya - MyVize\" \/>\n<meta property=\"og:description\" content=\"Letonya Vizesi Antalya Vize Ba\u015fvuru Merkezi. Letonya Vizesi Nas\u0131l Al\u0131n\u0131r? Ba\u015fvuru \u0130\u00e7in Antalya \u015eubemizi Aray\u0131n: 0850 346 84 93\" \/>\n<meta property=\"og:url\" content=\"https:\/\/www.myvize.com.tr\/letonya\/subelerimiz\/antalya\/\" \/>\n<meta property=\"og:site_name\" content=\"Letonya Vizesi\" \/>\n<meta property=\"article:modified_time\" content=\"2022-04-21T10:18:42+00:00\" \/>\n<meta name=\"twitter:card\" content=\"summary_large_image\" \/>\n<meta name=\"twitter:label1\" content=\"Tahmini okuma s\u00fcresi\" \/>\n\t<meta name=\"twitter:data1\" content=\"1 dakika\" \/>\n<script type=\"application\/ld+json\" class=\"yoast-schema-graph\">{\"@context\":\"https:\/\/schema.org\",\"@graph\":[{\"@type\":\"WebPage\",\"@id\":\"https:\/\/www.myvize.com.tr\/letonya\/subelerimiz\/antalya\/\",\"url\":\"https:\/\/www.myvize.com.tr\/letonya\/subelerimiz\/antalya\/\",\"name\":\"Letonya Vize Ba\u015fvuru \u015eubesi Antalya - MyVize\",\"isPartOf\":{\"@id\":\"https:\/\/www.myvize.com.tr\/letonya\/#website\"},\"datePublished\":\"2020-12-25T07:37:09+00:00\",\"dateModified\":\"2022-04-21T10:18:42+00:00\",\"description\":\"Letonya Vizesi Antalya Vize Ba\u015fvuru Merkezi. Letonya Vizesi Nas\u0131l Al\u0131n\u0131r? Ba\u015fvuru \u0130\u00e7in Antalya \u015eubemizi Aray\u0131n: 0850 346 84 93\",\"breadcrumb\":{\"@id\":\"https:\/\/www.myvize.com.tr\/letonya\/subelerimiz\/antalya\/#breadcrumb\"},\"inLanguage\":\"tr\",\"potentialAction\":[{\"@type\":\"ReadAction\",\"target\":[\"https:\/\/www.myvize.com.tr\/letonya\/subelerimiz\/antalya\/\"]}]},{\"@type\":\"BreadcrumbList\",\"@id\":\"https:\/\/www.myvize.com.tr\/letonya\/subelerimiz\/antalya\/#breadcrumb\",\"itemListElement\":[{\"@type\":\"ListItem\",\"position\":1,\"name\":\"Anasayfa\",\"item\":\"https:\/\/www.myvize.com.tr\/letonya\/\"},{\"@type\":\"ListItem\",\"position\":2,\"name\":\"\u015eUBELER\u0130M\u0130Z\",\"item\":\"https:\/\/www.myvize.com.tr\/letonya\/subelerimiz\/\"},{\"@type\":\"ListItem\",\"position\":3,\"name\":\"Antalya\"}]},{\"@type\":\"WebSite\",\"@id\":\"https:\/\/www.myvize.com.tr\/letonya\/#website\",\"url\":\"https:\/\/www.myvize.com.tr\/letonya\/\",\"name\":\"Letonya Vizesi\",\"description\":\"\",\"potentialAction\":[{\"@type\":\"SearchAction\",\"target\":{\"@type\":\"EntryPoint\",\"urlTemplate\":\"https:\/\/www.myvize.com.tr\/letonya\/?s={search_term_string}\"},\"query-input\":{\"@type\":\"PropertyValueSpecification\",\"valueRequired\":true,\"valueName\":\"search_term_string\"}}],\"inLanguage\":\"tr\"}]}<\/script>\n<!-- \/ Yoast SEO plugin. -->","yoast_head_json":{"title":"Letonya Vize Ba\u015fvuru \u015eubesi Antalya - MyVize","description":"Letonya Vizesi Antalya Vize Ba\u015fvuru Merkezi. Letonya Vizesi Nas\u0131l Al\u0131n\u0131r? Ba\u015fvuru \u0130\u00e7in Antalya \u015eubemizi Aray\u0131n: 0850 346 84 93","robots":{"index":"index","follow":"follow","max-snippet":"max-snippet:-1","max-image-preview":"max-image-preview:large","max-video-preview":"max-video-preview:-1"},"canonical":"https:\/\/www.myvize.com.tr\/letonya\/subelerimiz\/antalya\/","og_locale":"tr_TR","og_type":"article","og_title":"Letonya Vize Ba\u015fvuru \u015eubesi Antalya - MyVize","og_description":"Letonya Vizesi Antalya Vize Ba\u015fvuru Merkezi. Letonya Vizesi Nas\u0131l Al\u0131n\u0131r? Ba\u015fvuru \u0130\u00e7in Antalya \u015eubemizi Aray\u0131n: 0850 346 84 93","og_url":"https:\/\/www.myvize.com.tr\/letonya\/subelerimiz\/antalya\/","og_site_name":"Letonya Vizesi","article_modified_time":"2022-04-21T10:18:42+00:00","twitter_card":"summary_large_image","twitter_misc":{"Tahmini okuma s\u00fcresi":"1 dakika"},"schema":{"@context":"https:\/\/schema.org","@graph":[{"@type":"WebPage","@id":"https:\/\/www.myvize.com.tr\/letonya\/subelerimiz\/antalya\/","url":"https:\/\/www.myvize.com.tr\/letonya\/subelerimiz\/antalya\/","name":"Letonya Vize Ba\u015fvuru \u015eubesi Antalya - MyVize","isPartOf":{"@id":"https:\/\/www.myvize.com.tr\/letonya\/#website"},"datePublished":"2020-12-25T07:37:09+00:00","dateModified":"2022-04-21T10:18:42+00:00","description":"Letonya Vizesi Antalya Vize Ba\u015fvuru Merkezi. Letonya Vizesi Nas\u0131l Al\u0131n\u0131r? Ba\u015fvuru \u0130\u00e7in Antalya \u015eubemizi Aray\u0131n: 0850 346 84 93","breadcrumb":{"@id":"https:\/\/www.myvize.com.tr\/letonya\/subelerimiz\/antalya\/#breadcrumb"},"inLanguage":"tr","potentialAction":[{"@type":"ReadAction","target":["https:\/\/www.myvize.com.tr\/letonya\/subelerimiz\/antalya\/"]}]},{"@type":"BreadcrumbList","@id":"https:\/\/www.myvize.com.tr\/letonya\/subelerimiz\/antalya\/#breadcrumb","itemListElement":[{"@type":"ListItem","position":1,"name":"Anasayfa","item":"https:\/\/www.myvize.com.tr\/letonya\/"},{"@type":"ListItem","position":2,"name":"\u015eUBELER\u0130M\u0130Z","item":"https:\/\/www.myvize.com.tr\/letonya\/subelerimiz\/"},{"@type":"ListItem","position":3,"name":"Antalya"}]},{"@type":"WebSite","@id":"https:\/\/www.myvize.com.tr\/letonya\/#website","url":"https:\/\/www.myvize.com.tr\/letonya\/","name":"Letonya Vizesi","description":"","potentialAction":[{"@type":"SearchAction","target":{"@type":"EntryPoint","urlTemplate":"https:\/\/www.myvize.com.tr\/letonya\/?s={search_term_string}"},"query-input":{"@type":"PropertyValueSpecification","valueRequired":true,"valueName":"search_term_string"}}],"inLanguage":"tr"}]}},"_links":{"self":[{"href":"https:\/\/www.myvize.com.tr\/letonya\/wp-json\/wp\/v2\/pages\/216","targetHints":{"allow":["GET"]}}],"collection":[{"href":"https:\/\/www.myvize.com.tr\/letonya\/wp-json\/wp\/v2\/pages"}],"about":[{"href":"https:\/\/www.myvize.com.tr\/letonya\/wp-json\/wp\/v2\/types\/page"}],"author":[{"embeddable":true,"href":"https:\/\/www.myvize.com.tr\/letonya\/wp-json\/wp\/v2\/users\/1"}],"replies":[{"embeddable":true,"href":"https:\/\/www.myvize.com.tr\/letonya\/wp-json\/wp\/v2\/comments?post=216"}],"version-history":[{"count":5,"href":"https:\/\/www.myvize.com.tr\/letonya\/wp-json\/wp\/v2\/pages\/216\/revisions"}],"predecessor-version":[{"id":785,"href":"https:\/\/www.myvize.com.tr\/letonya\/wp-json\/wp\/v2\/pages\/216\/revisions\/785"}],"up":[{"embeddable":true,"href":"https:\/\/www.myvize.com.tr\/letonya\/wp-json\/wp\/v2\/pages\/177"}],"wp:attachment":[{"href":"https:\/\/www.myvize.com.tr\/letonya\/wp-json\/wp\/v2\/media?parent=216"}],"curies":[{"name":"wp","href":"https:\/\/api.w.org\/{rel}","templated":true}]}}