{"id":224,"date":"2020-12-25T10:38:27","date_gmt":"2020-12-25T07:38:27","guid":{"rendered":"https:\/\/www.myvize.com.tr\/letonya\/?page_id=224"},"modified":"2022-01-11T14:01:21","modified_gmt":"2022-01-11T11:01:21","slug":"adana","status":"publish","type":"page","link":"https:\/\/www.myvize.com.tr\/letonya\/subelerimiz\/adana\/","title":{"rendered":"Adana"},"content":{"rendered":"<h2><span style=\"font-family: Roboto; font-size: 27px;\">Letonya Vize Ba\u015fvuru Merkezi, Adana<\/span><\/h2>\n<p><span style=\"font-family: Roboto; font-size: 14px;\">Letonya\u2019ya seyahat edecek olan ve Adana \u00e7evresinde ikamet eden ki\u015filerin <span style=\"color: #2acec2;\"><strong><a style=\"color: #2acec2;\" href=\"https:\/\/www.myvize.com.tr\/letonya\/vize-islemleri\/letonya-vizesi\/\" target=\"_blank\" rel=\"noopener\">Letonya vizesi<\/a><\/strong><\/span> almas\u0131 gerekmektedir. Letonya vize ba\u015fvurular\u0131 alaca\u011f\u0131n\u0131z vize t\u00fcr\u00fcne g\u00f6re farkl\u0131 yerlere yap\u0131lmal\u0131d\u0131r. Adana ve \u00e7evresinde ikamet eden ki\u015filer k\u0131sa s\u00fcreli vize alacak olan ki\u015filer <span style=\"color: #2acec2;\"><strong><a style=\"color: #2acec2;\" href=\"https:\/\/www.myvize.com.tr\/letonya\/vize-islemleri\/letonya-schengen-vizesi\/\" target=\"_blank\" rel=\"noopener\">Letonya Schengen vizesi<\/a><\/strong><\/span> ba\u015fvurusu yapmal\u0131d\u0131r. Uzun s\u00fcreli <strong>Letonya vizesi<\/strong> alacak olan ki\u015filer ise ba\u015fvurular\u0131n\u0131 <strong>Letonya ulusal vizesi<\/strong> ba\u015fvurusu yapmal\u0131d\u0131r.<\/span><\/p>\n<p><span style=\"font-family: Roboto; font-size: 14px;\">K\u0131sa s\u00fcreli <strong>Letonya vizesi<\/strong> alacak olan ve Adana \u00e7evresinde ikamet eden ki\u015filer, Letonya vize ba\u015fvurular\u0131n\u0131 Adana Letonya vize ba\u015fvuru merkezine yapabilir. Adana\u2019da <strong>Letonya Konsoloslu\u011fu<\/strong> taraf\u0131ndan yetkilendirilmi\u015f vize ba\u015fvuru merkezi; <strong>VFS Global<\/strong> isimli \u015firkettir. Adana Letonya vize ba\u015fvurusu yapacak olan T\u00fcrk vatanda\u015flar\u0131 k\u0131sa s\u00fcreli vize ba\u015fvurular\u0131n\u0131 Adana Letonya vize ba\u015fvuru merkezine randevu alarak yapabilir.<\/span><\/p>\n<p><span style=\"font-family: Roboto; font-size: 14px;\">Letonya\u2019ya seyahat edecek olan ve uzun s\u00fcreli vize alacak olan, Adana ve \u00e7evresinde ikamet eden ki\u015filer Letonya ulusal vizesi almal\u0131d\u0131r. <strong>Letonya ulusal vizesi<\/strong> alacak olan T\u00fcrk vatanda\u015flar\u0131 Adana Letonya vize ba\u015fvurusu i\u015flemlerini Adana B\u00fcy\u00fckel\u00e7ili\u011fi\u2019nin Konsolosluk B\u00f6l\u00fcm\u00fc\u2019ne yapabilir.<\/span><\/p>\n<p><span style=\"font-family: Roboto; font-size: 14px;\">Adana <strong>Letonya vizesi<\/strong> ba\u015fvurusu yapacak olan ki\u015filer, gerekli belgeler ile vize ba\u015fvurusu yapabilirler.<\/span><\/p>\n","protected":false},"excerpt":{"rendered":"<p>Letonya Vize Ba\u015fvuru Merkezi, Adana Letonya\u2019ya seyahat edecek olan ve Adana \u00e7evresinde ikamet eden ki\u015filerin Letonya vizesi almas\u0131 gerekmektedir. Letonya vize ba\u015fvurular\u0131 alaca\u011f\u0131n\u0131z vize t\u00fcr\u00fcne g\u00f6re farkl\u0131 yerlere yap\u0131lmal\u0131d\u0131r. Adana ve \u00e7evresinde ikamet eden ki\u015filer k\u0131sa s\u00fcreli vize alacak olan ki\u015filer Letonya Schengen vizesi ba\u015fvurusu yapmal\u0131d\u0131r. Uzun s\u00fcreli Letonya vizesi alacak olan ki\u015filer ise ba\u015fvurular\u0131n\u0131<\/p>\n","protected":false},"author":1,"featured_media":0,"parent":177,"menu_order":0,"comment_status":"open","ping_status":"closed","template":"","meta":{"footnotes":""},"class_list":["post-224","page","type-page","status-publish","hentry"],"yoast_head":"<!-- This site is optimized with the Yoast SEO plugin v24.0 - https:\/\/yoast.com\/wordpress\/plugins\/seo\/ -->\n<title>Letonya Vize Ba\u015fvuru Merkezimiz Adana - MyVize<\/title>\n<meta name=\"description\" content=\"Letonya Vizesi Adana Vize Ba\u015fvuru Merkezi. Letonya Vizesi Nas\u0131l Al\u0131n\u0131r? Ba\u015fvuru Yapmak \u0130\u00e7in Adana \u015eubemizi Ara: 0850 346 84 93\" \/>\n<meta name=\"robots\" content=\"index, follow, max-snippet:-1, max-image-preview:large, max-video-preview:-1\" \/>\n<link rel=\"canonical\" href=\"https:\/\/www.myvize.com.tr\/letonya\/subelerimiz\/adana\/\" \/>\n<meta property=\"og:locale\" content=\"tr_TR\" \/>\n<meta property=\"og:type\" content=\"article\" \/>\n<meta property=\"og:title\" content=\"Letonya Vize Ba\u015fvuru Merkezimiz Adana - MyVize\" \/>\n<meta property=\"og:description\" content=\"Letonya Vizesi Adana Vize Ba\u015fvuru Merkezi. Letonya Vizesi Nas\u0131l Al\u0131n\u0131r? Ba\u015fvuru Yapmak \u0130\u00e7in Adana \u015eubemizi Ara: 0850 346 84 93\" \/>\n<meta property=\"og:url\" content=\"https:\/\/www.myvize.com.tr\/letonya\/subelerimiz\/adana\/\" \/>\n<meta property=\"og:site_name\" content=\"Letonya Vizesi\" \/>\n<meta property=\"article:modified_time\" content=\"2022-01-11T11:01:21+00:00\" \/>\n<meta name=\"twitter:card\" content=\"summary_large_image\" \/>\n<meta name=\"twitter:label1\" content=\"Tahmini okuma s\u00fcresi\" \/>\n\t<meta name=\"twitter:data1\" content=\"1 dakika\" \/>\n<script type=\"application\/ld+json\" class=\"yoast-schema-graph\">{\"@context\":\"https:\/\/schema.org\",\"@graph\":[{\"@type\":\"WebPage\",\"@id\":\"https:\/\/www.myvize.com.tr\/letonya\/subelerimiz\/adana\/\",\"url\":\"https:\/\/www.myvize.com.tr\/letonya\/subelerimiz\/adana\/\",\"name\":\"Letonya Vize Ba\u015fvuru Merkezimiz Adana - MyVize\",\"isPartOf\":{\"@id\":\"https:\/\/www.myvize.com.tr\/letonya\/#website\"},\"datePublished\":\"2020-12-25T07:38:27+00:00\",\"dateModified\":\"2022-01-11T11:01:21+00:00\",\"description\":\"Letonya Vizesi Adana Vize Ba\u015fvuru Merkezi. Letonya Vizesi Nas\u0131l Al\u0131n\u0131r? Ba\u015fvuru Yapmak \u0130\u00e7in Adana \u015eubemizi Ara: 0850 346 84 93\",\"breadcrumb\":{\"@id\":\"https:\/\/www.myvize.com.tr\/letonya\/subelerimiz\/adana\/#breadcrumb\"},\"inLanguage\":\"tr\",\"potentialAction\":[{\"@type\":\"ReadAction\",\"target\":[\"https:\/\/www.myvize.com.tr\/letonya\/subelerimiz\/adana\/\"]}]},{\"@type\":\"BreadcrumbList\",\"@id\":\"https:\/\/www.myvize.com.tr\/letonya\/subelerimiz\/adana\/#breadcrumb\",\"itemListElement\":[{\"@type\":\"ListItem\",\"position\":1,\"name\":\"Anasayfa\",\"item\":\"https:\/\/www.myvize.com.tr\/letonya\/\"},{\"@type\":\"ListItem\",\"position\":2,\"name\":\"\u015eUBELER\u0130M\u0130Z\",\"item\":\"https:\/\/www.myvize.com.tr\/letonya\/subelerimiz\/\"},{\"@type\":\"ListItem\",\"position\":3,\"name\":\"Adana\"}]},{\"@type\":\"WebSite\",\"@id\":\"https:\/\/www.myvize.com.tr\/letonya\/#website\",\"url\":\"https:\/\/www.myvize.com.tr\/letonya\/\",\"name\":\"Letonya Vizesi\",\"description\":\"\",\"potentialAction\":[{\"@type\":\"SearchAction\",\"target\":{\"@type\":\"EntryPoint\",\"urlTemplate\":\"https:\/\/www.myvize.com.tr\/letonya\/?s={search_term_string}\"},\"query-input\":{\"@type\":\"PropertyValueSpecification\",\"valueRequired\":true,\"valueName\":\"search_term_string\"}}],\"inLanguage\":\"tr\"}]}<\/script>\n<!-- \/ Yoast SEO plugin. -->","yoast_head_json":{"title":"Letonya Vize Ba\u015fvuru Merkezimiz Adana - MyVize","description":"Letonya Vizesi Adana Vize Ba\u015fvuru Merkezi. Letonya Vizesi Nas\u0131l Al\u0131n\u0131r? Ba\u015fvuru Yapmak \u0130\u00e7in Adana \u015eubemizi Ara: 0850 346 84 93","robots":{"index":"index","follow":"follow","max-snippet":"max-snippet:-1","max-image-preview":"max-image-preview:large","max-video-preview":"max-video-preview:-1"},"canonical":"https:\/\/www.myvize.com.tr\/letonya\/subelerimiz\/adana\/","og_locale":"tr_TR","og_type":"article","og_title":"Letonya Vize Ba\u015fvuru Merkezimiz Adana - MyVize","og_description":"Letonya Vizesi Adana Vize Ba\u015fvuru Merkezi. Letonya Vizesi Nas\u0131l Al\u0131n\u0131r? Ba\u015fvuru Yapmak \u0130\u00e7in Adana \u015eubemizi Ara: 0850 346 84 93","og_url":"https:\/\/www.myvize.com.tr\/letonya\/subelerimiz\/adana\/","og_site_name":"Letonya Vizesi","article_modified_time":"2022-01-11T11:01:21+00:00","twitter_card":"summary_large_image","twitter_misc":{"Tahmini okuma s\u00fcresi":"1 dakika"},"schema":{"@context":"https:\/\/schema.org","@graph":[{"@type":"WebPage","@id":"https:\/\/www.myvize.com.tr\/letonya\/subelerimiz\/adana\/","url":"https:\/\/www.myvize.com.tr\/letonya\/subelerimiz\/adana\/","name":"Letonya Vize Ba\u015fvuru Merkezimiz Adana - MyVize","isPartOf":{"@id":"https:\/\/www.myvize.com.tr\/letonya\/#website"},"datePublished":"2020-12-25T07:38:27+00:00","dateModified":"2022-01-11T11:01:21+00:00","description":"Letonya Vizesi Adana Vize Ba\u015fvuru Merkezi. Letonya Vizesi Nas\u0131l Al\u0131n\u0131r? Ba\u015fvuru Yapmak \u0130\u00e7in Adana \u015eubemizi Ara: 0850 346 84 93","breadcrumb":{"@id":"https:\/\/www.myvize.com.tr\/letonya\/subelerimiz\/adana\/#breadcrumb"},"inLanguage":"tr","potentialAction":[{"@type":"ReadAction","target":["https:\/\/www.myvize.com.tr\/letonya\/subelerimiz\/adana\/"]}]},{"@type":"BreadcrumbList","@id":"https:\/\/www.myvize.com.tr\/letonya\/subelerimiz\/adana\/#breadcrumb","itemListElement":[{"@type":"ListItem","position":1,"name":"Anasayfa","item":"https:\/\/www.myvize.com.tr\/letonya\/"},{"@type":"ListItem","position":2,"name":"\u015eUBELER\u0130M\u0130Z","item":"https:\/\/www.myvize.com.tr\/letonya\/subelerimiz\/"},{"@type":"ListItem","position":3,"name":"Adana"}]},{"@type":"WebSite","@id":"https:\/\/www.myvize.com.tr\/letonya\/#website","url":"https:\/\/www.myvize.com.tr\/letonya\/","name":"Letonya Vizesi","description":"","potentialAction":[{"@type":"SearchAction","target":{"@type":"EntryPoint","urlTemplate":"https:\/\/www.myvize.com.tr\/letonya\/?s={search_term_string}"},"query-input":{"@type":"PropertyValueSpecification","valueRequired":true,"valueName":"search_term_string"}}],"inLanguage":"tr"}]}},"_links":{"self":[{"href":"https:\/\/www.myvize.com.tr\/letonya\/wp-json\/wp\/v2\/pages\/224","targetHints":{"allow":["GET"]}}],"collection":[{"href":"https:\/\/www.myvize.com.tr\/letonya\/wp-json\/wp\/v2\/pages"}],"about":[{"href":"https:\/\/www.myvize.com.tr\/letonya\/wp-json\/wp\/v2\/types\/page"}],"author":[{"embeddable":true,"href":"https:\/\/www.myvize.com.tr\/letonya\/wp-json\/wp\/v2\/users\/1"}],"replies":[{"embeddable":true,"href":"https:\/\/www.myvize.com.tr\/letonya\/wp-json\/wp\/v2\/comments?post=224"}],"version-history":[{"count":5,"href":"https:\/\/www.myvize.com.tr\/letonya\/wp-json\/wp\/v2\/pages\/224\/revisions"}],"predecessor-version":[{"id":674,"href":"https:\/\/www.myvize.com.tr\/letonya\/wp-json\/wp\/v2\/pages\/224\/revisions\/674"}],"up":[{"embeddable":true,"href":"https:\/\/www.myvize.com.tr\/letonya\/wp-json\/wp\/v2\/pages\/177"}],"wp:attachment":[{"href":"https:\/\/www.myvize.com.tr\/letonya\/wp-json\/wp\/v2\/media?parent=224"}],"curies":[{"name":"wp","href":"https:\/\/api.w.org\/{rel}","templated":true}]}}