{"id":228,"date":"2020-12-25T10:39:09","date_gmt":"2020-12-25T07:39:09","guid":{"rendered":"https:\/\/www.myvize.com.tr\/letonya\/?page_id=228"},"modified":"2022-06-03T13:14:20","modified_gmt":"2022-06-03T10:14:20","slug":"ankara","status":"publish","type":"page","link":"https:\/\/www.myvize.com.tr\/letonya\/subelerimiz\/ankara\/","title":{"rendered":"Ankara"},"content":{"rendered":"<p><span style=\"font-family: Roboto;\"><\/span><\/p>\r\n<h2><span style=\"font-family: Roboto; font-size: 27px;\">Letonya Vize Ba\u015fvuru Merkezi, Ankara<\/span><\/h2>\r\n<p><span style=\"font-family: Roboto; font-size: 14px;\"><strong>Letonya Ankara vize merkezi\u00a0<\/strong>internet sitemize ho\u015f geldiniz.<\/span><\/p>\r\n<p><span style=\"font-family: Roboto; font-size: 14px;\">\r\n\r\n<\/span><\/p>\r\n<p><span style=\"font-family: Roboto; font-size: 14px;\">De\u011ferli misafirimiz,\u00a0<strong>Letonya Ankara vize merkezi\u00a0<\/strong>ile yapaca\u011f\u0131n\u0131z vize i\u015flemleri hakk\u0131nda ayr\u0131nt\u0131l\u0131 bilgi sunulmu\u015ftur. L\u00fctfen dikkatlice okuyunuz ve dan\u0131\u015fmak istedi\u011finiz bir konu olursa uzman ekip arkada\u015flar\u0131m\u0131z\u0131 arayabilirsiniz ya da e posta g\u00f6nderebilirsiniz.<\/span><\/p>\r\n<p><span style=\"font-family: Roboto; font-size: 14px;\">\r\n\r\n<\/span><\/p>\r\n<p><span style=\"font-family: Roboto; font-size: 14px;\"><strong>Letonya Ankara vize merkezi\u00a0<\/strong>ile Schengen vize ba\u015fvurunuzu vize uzman ekibimiz ile ger\u00e7ekle\u015ftirebilirsiniz. <span style=\"color: #2acec2;\"><strong><a style=\"color: #2acec2;\" href=\"https:\/\/www.myvize.com.tr\/letonya\/vize-islemleri\/letonya-vizesi\/\" target=\"_blank\" rel=\"noopener\">Letonya vizesi<\/a><\/strong><\/span> ba\u015fvurunuzda parmak izi uygulamas\u0131 zorunlu bir kurald\u0131r. Parmak izi verileriniz sistemde 5 y\u0131l kalmaktad\u0131r. Bundan dolay\u0131 ad\u0131n\u0131za yap\u0131lacak olan vize randevusu g\u00fcn\u00fcnde <strong>Letonya Ankara vize merkezi\u00a0<\/strong>ofisimizde haz\u0131r bulundurarak parmak izi verileriniz beyan etmeniz gerekir.<\/span><\/p>\r\n<p><span style=\"font-family: Roboto; font-size: 14px;\">\r\n\r\n<\/span><\/p>\r\n<h2 class=\"wp-block-heading\"><span style=\"font-family: Roboto; font-size: 27px;\">Letonya Vizesi Ba\u015fvuru Ad\u0131mlar\u0131<\/span><\/h2>\r\n<p><span style=\"font-family: Roboto; font-size: 14px;\">\r\n\r\n<\/span><\/p>\r\n<p><span style=\"font-family: Roboto; font-size: 14px;\"><strong>Letonya Ankara vize merkezi\u00a0<\/strong>ofisimizdeki uzman ekip arkada\u015flar\u0131m\u0131zdan ba\u015fvuru i\u00e7in laz\u0131m olan evraklar\u0131 e posta yolu ile talep etmelisiniz. Evraklar\u0131 eksiksiz ve do\u011fru bir \u015fekilde tamamlamal\u0131s\u0131n\u0131z. Tamamlanan evraklar\u0131 kurye yolu ile ya da direkt elden telim etmelisiniz. Evraklar\u0131n\u0131z onaylan\u0131rsa randevu ile parmak izi beyan\u0131na \u00e7a\u011fr\u0131lacaks\u0131n\u0131z. T\u00fcm bu i\u015flemler tamamland\u0131ktan sonra vizenizi ofisimize gelerek elden teslim al\u0131rs\u0131n\u0131z.<\/span><\/p>\r\n<h2><span style=\"font-family: Roboto; font-size: 27px;\">Ankara Letonya Vizesi Ba\u015fvuru<\/span><\/h2>\r\n<p><span style=\"font-family: Roboto; font-size: 14px;\">Ankara ve \u00e7evresinde bulunan ve Letonya\u2019ya seyahat etmek isteyen T\u00fcrk vatanda\u015flar\u0131 Letonya vize ba\u015fvurusu yapmal\u0131d\u0131r. Ankara ve \u00e7evresinde ikamet eden T\u00fcrk vatanda\u015flar\u0131 Letonya vize ba\u015fvurular\u0131n\u0131 Letonya Ankara B\u00fcy\u00fckel\u00e7ili\u011fi ya da Letonya Ankara vize ba\u015fvuru merkezine yapmal\u0131d\u0131r.<\/span><\/p>\r\n<p><span style=\"font-family: Roboto; font-size: 14px;\">Letonya\u2019ya k\u0131sa s\u00fcreli olarak seyahat edecek olan ki\u015filer <span style=\"color: #2acec2;\"><strong><a style=\"color: #2acec2;\" href=\"https:\/\/www.myvize.com.tr\/letonya\/vize-islemleri\/letonya-schengen-vizesi\/\" target=\"_blank\" rel=\"noopener\">Letonya Schengen vizesi<\/a><\/strong><\/span> almal\u0131d\u0131r. K\u0131sa s\u00fcreli Letonya vizesi alacak olan ki\u015filer ise ba\u015fvurular\u0131n\u0131 Letonya vize ba\u015fvuru merkezine yapmal\u0131d\u0131r. Letonya Konsoloslu\u011fu\u2019nun Ankara ve \u00e7evresinde g\u00f6revlendirdi\u011fi vize ba\u015fvuru merkezi <strong>VFS Global<\/strong> isimli \u015firkettir. <strong>Ankara Letonya vize ba\u015fvurusu<\/strong> yapacak olan i\u015filer vize ba\u015fvurular\u0131n\u0131 bu \u015firket ile yapmal\u0131d\u0131r. Ba\u015fvuru esnas\u0131nda bizzat Ankara vize ba\u015fvuru merkezinde bulunarak biyometrik veri verilmelidir.<\/span><\/p>\r\n<p><span style=\"font-family: Roboto; font-size: 14px;\">Ankara ve \u00e7evresinde bulunan ve <strong>Letonya ulusal vizesi <\/strong>alacak olan T\u00fcrk vatanda\u015flar\u0131 vize ba\u015fvurular\u0131n\u0131 Letonya Ankara B\u00fcy\u00fckel\u00e7ili\u011fi\u2019ne yapmal\u0131d\u0131r.<\/span><\/p>\r\n<p><span style=\"font-family: Roboto; font-size: 14px;\">K\u0131sa s\u00fcreli Ankara Letonya vize ba\u015fvurusu yapacak olan ki\u015filerin; Ankara Letonya vize ba\u015fvuru merkezinden, ulusal Letonya vize ba\u015fvurusu yapacak ki\u015filerin<span style=\"color: #2acec2;\"><strong><a style=\"color: #2acec2;\" href=\"https:\/\/www.myvize.com.tr\/letonya\/konsolosluklar\/ankara-buyukelciligi\/\" target=\"_blank\" rel=\"noopener\"> Letonya Ankara B\u00fcy\u00fckel\u00e7ili\u011fi<\/a><\/strong><\/span>\u2019nin Vize B\u00f6l\u00fcm\u00fc\u2019nden randevu almas\u0131 gerekmektedir. Randevu tarihine kadar gerekli olan belgeleri haz\u0131rlamas\u0131 gerekmektedir.<\/span><\/p>\r\n<p><span style=\"font-family: Roboto;\"><\/span><\/p>","protected":false},"excerpt":{"rendered":"<p>Letonya Vize Ba\u015fvuru Merkezi, Ankara Letonya Ankara vize merkezi\u00a0internet sitemize ho\u015f geldiniz. De\u011ferli misafirimiz,\u00a0Letonya Ankara vize merkezi\u00a0ile yapaca\u011f\u0131n\u0131z vize i\u015flemleri hakk\u0131nda ayr\u0131nt\u0131l\u0131 bilgi sunulmu\u015ftur. L\u00fctfen dikkatlice okuyunuz ve dan\u0131\u015fmak istedi\u011finiz bir konu olursa uzman ekip arkada\u015flar\u0131m\u0131z\u0131 arayabilirsiniz ya da e posta g\u00f6nderebilirsiniz. Letonya Ankara vize merkezi\u00a0ile Schengen vize ba\u015fvurunuzu vize uzman ekibimiz ile ger\u00e7ekle\u015ftirebilirsiniz. Letonya<\/p>\n","protected":false},"author":1,"featured_media":0,"parent":177,"menu_order":0,"comment_status":"open","ping_status":"closed","template":"","meta":{"footnotes":""},"class_list":["post-228","page","type-page","status-publish","hentry"],"yoast_head":"<!-- This site is optimized with the Yoast SEO plugin v24.0 - https:\/\/yoast.com\/wordpress\/plugins\/seo\/ -->\n<title>Letonya Vize Ba\u015fvuru Merkezimiz Ankara - MyVize<\/title>\n<meta name=\"description\" content=\"Letonya Vizesi Ankara Vize Ba\u015fvuru Merkezi. Letonya Vizesi Nas\u0131l Al\u0131n\u0131r? Ba\u015fvuru \u0130\u00e7in Ankara \u015eubemizi Ara: 0850 346 84 93\" \/>\n<meta name=\"robots\" content=\"index, follow, max-snippet:-1, max-image-preview:large, max-video-preview:-1\" \/>\n<link rel=\"canonical\" href=\"https:\/\/www.myvize.com.tr\/letonya\/subelerimiz\/ankara\/\" \/>\n<meta property=\"og:locale\" content=\"tr_TR\" \/>\n<meta property=\"og:type\" content=\"article\" \/>\n<meta property=\"og:title\" content=\"Letonya Vize Ba\u015fvuru Merkezimiz Ankara - MyVize\" \/>\n<meta property=\"og:description\" content=\"Letonya Vizesi Ankara Vize Ba\u015fvuru Merkezi. Letonya Vizesi Nas\u0131l Al\u0131n\u0131r? Ba\u015fvuru \u0130\u00e7in Ankara \u015eubemizi Ara: 0850 346 84 93\" \/>\n<meta property=\"og:url\" content=\"https:\/\/www.myvize.com.tr\/letonya\/subelerimiz\/ankara\/\" \/>\n<meta property=\"og:site_name\" content=\"Letonya Vizesi\" \/>\n<meta property=\"article:modified_time\" content=\"2022-06-03T10:14:20+00:00\" \/>\n<meta name=\"twitter:card\" content=\"summary_large_image\" \/>\n<meta name=\"twitter:label1\" content=\"Tahmini okuma s\u00fcresi\" \/>\n\t<meta name=\"twitter:data1\" content=\"2 dakika\" \/>\n<script type=\"application\/ld+json\" class=\"yoast-schema-graph\">{\"@context\":\"https:\/\/schema.org\",\"@graph\":[{\"@type\":\"WebPage\",\"@id\":\"https:\/\/www.myvize.com.tr\/letonya\/subelerimiz\/ankara\/\",\"url\":\"https:\/\/www.myvize.com.tr\/letonya\/subelerimiz\/ankara\/\",\"name\":\"Letonya Vize Ba\u015fvuru Merkezimiz Ankara - MyVize\",\"isPartOf\":{\"@id\":\"https:\/\/www.myvize.com.tr\/letonya\/#website\"},\"datePublished\":\"2020-12-25T07:39:09+00:00\",\"dateModified\":\"2022-06-03T10:14:20+00:00\",\"description\":\"Letonya Vizesi Ankara Vize Ba\u015fvuru Merkezi. Letonya Vizesi Nas\u0131l Al\u0131n\u0131r? Ba\u015fvuru \u0130\u00e7in Ankara \u015eubemizi Ara: 0850 346 84 93\",\"breadcrumb\":{\"@id\":\"https:\/\/www.myvize.com.tr\/letonya\/subelerimiz\/ankara\/#breadcrumb\"},\"inLanguage\":\"tr\",\"potentialAction\":[{\"@type\":\"ReadAction\",\"target\":[\"https:\/\/www.myvize.com.tr\/letonya\/subelerimiz\/ankara\/\"]}]},{\"@type\":\"BreadcrumbList\",\"@id\":\"https:\/\/www.myvize.com.tr\/letonya\/subelerimiz\/ankara\/#breadcrumb\",\"itemListElement\":[{\"@type\":\"ListItem\",\"position\":1,\"name\":\"Anasayfa\",\"item\":\"https:\/\/www.myvize.com.tr\/letonya\/\"},{\"@type\":\"ListItem\",\"position\":2,\"name\":\"\u015eUBELER\u0130M\u0130Z\",\"item\":\"https:\/\/www.myvize.com.tr\/letonya\/subelerimiz\/\"},{\"@type\":\"ListItem\",\"position\":3,\"name\":\"Ankara\"}]},{\"@type\":\"WebSite\",\"@id\":\"https:\/\/www.myvize.com.tr\/letonya\/#website\",\"url\":\"https:\/\/www.myvize.com.tr\/letonya\/\",\"name\":\"Letonya Vizesi\",\"description\":\"\",\"potentialAction\":[{\"@type\":\"SearchAction\",\"target\":{\"@type\":\"EntryPoint\",\"urlTemplate\":\"https:\/\/www.myvize.com.tr\/letonya\/?s={search_term_string}\"},\"query-input\":{\"@type\":\"PropertyValueSpecification\",\"valueRequired\":true,\"valueName\":\"search_term_string\"}}],\"inLanguage\":\"tr\"}]}<\/script>\n<!-- \/ Yoast SEO plugin. -->","yoast_head_json":{"title":"Letonya Vize Ba\u015fvuru Merkezimiz Ankara - MyVize","description":"Letonya Vizesi Ankara Vize Ba\u015fvuru Merkezi. Letonya Vizesi Nas\u0131l Al\u0131n\u0131r? Ba\u015fvuru \u0130\u00e7in Ankara \u015eubemizi Ara: 0850 346 84 93","robots":{"index":"index","follow":"follow","max-snippet":"max-snippet:-1","max-image-preview":"max-image-preview:large","max-video-preview":"max-video-preview:-1"},"canonical":"https:\/\/www.myvize.com.tr\/letonya\/subelerimiz\/ankara\/","og_locale":"tr_TR","og_type":"article","og_title":"Letonya Vize Ba\u015fvuru Merkezimiz Ankara - MyVize","og_description":"Letonya Vizesi Ankara Vize Ba\u015fvuru Merkezi. Letonya Vizesi Nas\u0131l Al\u0131n\u0131r? Ba\u015fvuru \u0130\u00e7in Ankara \u015eubemizi Ara: 0850 346 84 93","og_url":"https:\/\/www.myvize.com.tr\/letonya\/subelerimiz\/ankara\/","og_site_name":"Letonya Vizesi","article_modified_time":"2022-06-03T10:14:20+00:00","twitter_card":"summary_large_image","twitter_misc":{"Tahmini okuma s\u00fcresi":"2 dakika"},"schema":{"@context":"https:\/\/schema.org","@graph":[{"@type":"WebPage","@id":"https:\/\/www.myvize.com.tr\/letonya\/subelerimiz\/ankara\/","url":"https:\/\/www.myvize.com.tr\/letonya\/subelerimiz\/ankara\/","name":"Letonya Vize Ba\u015fvuru Merkezimiz Ankara - MyVize","isPartOf":{"@id":"https:\/\/www.myvize.com.tr\/letonya\/#website"},"datePublished":"2020-12-25T07:39:09+00:00","dateModified":"2022-06-03T10:14:20+00:00","description":"Letonya Vizesi Ankara Vize Ba\u015fvuru Merkezi. Letonya Vizesi Nas\u0131l Al\u0131n\u0131r? Ba\u015fvuru \u0130\u00e7in Ankara \u015eubemizi Ara: 0850 346 84 93","breadcrumb":{"@id":"https:\/\/www.myvize.com.tr\/letonya\/subelerimiz\/ankara\/#breadcrumb"},"inLanguage":"tr","potentialAction":[{"@type":"ReadAction","target":["https:\/\/www.myvize.com.tr\/letonya\/subelerimiz\/ankara\/"]}]},{"@type":"BreadcrumbList","@id":"https:\/\/www.myvize.com.tr\/letonya\/subelerimiz\/ankara\/#breadcrumb","itemListElement":[{"@type":"ListItem","position":1,"name":"Anasayfa","item":"https:\/\/www.myvize.com.tr\/letonya\/"},{"@type":"ListItem","position":2,"name":"\u015eUBELER\u0130M\u0130Z","item":"https:\/\/www.myvize.com.tr\/letonya\/subelerimiz\/"},{"@type":"ListItem","position":3,"name":"Ankara"}]},{"@type":"WebSite","@id":"https:\/\/www.myvize.com.tr\/letonya\/#website","url":"https:\/\/www.myvize.com.tr\/letonya\/","name":"Letonya Vizesi","description":"","potentialAction":[{"@type":"SearchAction","target":{"@type":"EntryPoint","urlTemplate":"https:\/\/www.myvize.com.tr\/letonya\/?s={search_term_string}"},"query-input":{"@type":"PropertyValueSpecification","valueRequired":true,"valueName":"search_term_string"}}],"inLanguage":"tr"}]}},"_links":{"self":[{"href":"https:\/\/www.myvize.com.tr\/letonya\/wp-json\/wp\/v2\/pages\/228","targetHints":{"allow":["GET"]}}],"collection":[{"href":"https:\/\/www.myvize.com.tr\/letonya\/wp-json\/wp\/v2\/pages"}],"about":[{"href":"https:\/\/www.myvize.com.tr\/letonya\/wp-json\/wp\/v2\/types\/page"}],"author":[{"embeddable":true,"href":"https:\/\/www.myvize.com.tr\/letonya\/wp-json\/wp\/v2\/users\/1"}],"replies":[{"embeddable":true,"href":"https:\/\/www.myvize.com.tr\/letonya\/wp-json\/wp\/v2\/comments?post=228"}],"version-history":[{"count":6,"href":"https:\/\/www.myvize.com.tr\/letonya\/wp-json\/wp\/v2\/pages\/228\/revisions"}],"predecessor-version":[{"id":787,"href":"https:\/\/www.myvize.com.tr\/letonya\/wp-json\/wp\/v2\/pages\/228\/revisions\/787"}],"up":[{"embeddable":true,"href":"https:\/\/www.myvize.com.tr\/letonya\/wp-json\/wp\/v2\/pages\/177"}],"wp:attachment":[{"href":"https:\/\/www.myvize.com.tr\/letonya\/wp-json\/wp\/v2\/media?parent=228"}],"curies":[{"name":"wp","href":"https:\/\/api.w.org\/{rel}","templated":true}]}}