{"id":230,"date":"2020-12-25T10:39:28","date_gmt":"2020-12-25T07:39:28","guid":{"rendered":"https:\/\/www.myvize.com.tr\/letonya\/?page_id=230"},"modified":"2022-01-11T14:00:50","modified_gmt":"2022-01-11T11:00:50","slug":"bursa","status":"publish","type":"page","link":"https:\/\/www.myvize.com.tr\/letonya\/subelerimiz\/bursa\/","title":{"rendered":"Bursa"},"content":{"rendered":"<h2><span style=\"font-family: Roboto; font-size: 27px;\">Letonya Vize Ba\u015fvuru Merkezi, Bursa<\/span><\/h2>\n<p><span style=\"font-family: Roboto; font-size: 14px;\">Letonya\u2019ya seyahatte bulunacak olan Umuma Mahsus Pasaport sahibi olan T\u00fcrk vatanda\u015flar\u0131n\u0131n <strong>Letonya vizesi<\/strong> almas\u0131 gerekmektedir. <strong>Letonya vize muafiyeti<\/strong> anla\u015fmas\u0131 olan \u00fclke vatanda\u015flar\u0131, Diplomatik, Hususi ve Hizmet Pasaportu sahipleri Letonya vizesinden muaft\u0131r.<\/span><\/p>\n<p><span style=\"font-family: Roboto; font-size: 14px;\"><span style=\"color: #2acec2;\"><strong><a style=\"color: #2acec2;\" href=\"https:\/\/www.myvize.com.tr\/letonya\/vize-islemleri\/letonya-vizesi\/\" target=\"_blank\" rel=\"noopener\">Letonya vizesi<\/a><\/strong><\/span> ba\u015fvurular\u0131 \u015fahsen yap\u0131lmal\u0131d\u0131r. K\u0131sa s\u00fcreli ve uzun s\u00fcreli vize ba\u015fvurular\u0131nda biyometrik veri verilmesi zorunludur. Bundan dolay\u0131 ba\u015fvuru sahibinin ba\u015fvuru s\u0131ras\u0131nda vize ba\u015fvurusu yap\u0131lacak olan yerde bizzat olmas\u0131 gerekmektedir. K\u0131sa s\u00fcreli Letonya vize ba\u015fvurular\u0131 Letonya vize ba\u015fvuru merkezlerine, uzun S\u00fcreli <strong>Letonya vize ba\u015fvurular\u0131<\/strong> ise Letonya\u2019n\u0131n T\u00fcrkiye\u2019de bulunan diplomatik temsilciliklerine ba\u015fvuruda bulunmal\u0131d\u0131r.<\/span><\/p>\n<p><span style=\"font-family: Roboto; font-size: 14px;\">Bursa ve \u00e7evresinde bulunan T\u00fcrk vatanda\u015flar\u0131, k\u0131sa s\u00fcreli vize ba\u015fvurular\u0131n\u0131 Letonya\u2019n\u0131n Bursa\u2019da bulunan vize ba\u015fvuru merkezlerine yapabilirler. Bursa\u2019da bulunan ve <strong>Letonya Konsoloslu\u011fu<\/strong> taraf\u0131ndan yetkilendirilmi\u015f olan vize ba\u015fvuru merkezi <strong>VFS Global<\/strong> isimli \u015firkettir. Bursa ve \u00e7evre illerde ikamet eden ki\u015filer Letonya vize ba\u015fvurular\u0131n\u0131 buradan yapabilmektedir.<\/span><\/p>\n<p><span style=\"font-family: Roboto; font-size: 14px;\">Bursa ve \u00e7evresinde bulunan ki\u015filer<strong> Letonya ulusal vize<\/strong> ba\u015fvurular\u0131 ise Letonya\u2019n\u0131n diplomatik temsilciliklerine yapmal\u0131d\u0131r. Letonya ulusal vizesi alacak olan ve Bursa \u00e7evresinde bulunan ki\u015filer ba\u015fvurular\u0131n <span style=\"color: #2acec2;\"><strong><a style=\"color: #2acec2;\" href=\"https:\/\/www.myvize.com.tr\/letonya\/konsolosluklar\/ankara-buyukelciligi\/\" target=\"_blank\" rel=\"noopener\">Letonya Ankara B\u00fcy\u00fckel\u00e7ili\u011fi<\/a><\/strong><\/span>\u2019ne yapmal\u0131d\u0131r<\/span><\/p>\n<p>&nbsp;<\/p>\n","protected":false},"excerpt":{"rendered":"<p>Letonya Vize Ba\u015fvuru Merkezi, Bursa Letonya\u2019ya seyahatte bulunacak olan Umuma Mahsus Pasaport sahibi olan T\u00fcrk vatanda\u015flar\u0131n\u0131n Letonya vizesi almas\u0131 gerekmektedir. Letonya vize muafiyeti anla\u015fmas\u0131 olan \u00fclke vatanda\u015flar\u0131, Diplomatik, Hususi ve Hizmet Pasaportu sahipleri Letonya vizesinden muaft\u0131r. Letonya vizesi ba\u015fvurular\u0131 \u015fahsen yap\u0131lmal\u0131d\u0131r. K\u0131sa s\u00fcreli ve uzun s\u00fcreli vize ba\u015fvurular\u0131nda biyometrik veri verilmesi zorunludur. Bundan dolay\u0131 ba\u015fvuru<\/p>\n","protected":false},"author":1,"featured_media":0,"parent":177,"menu_order":0,"comment_status":"open","ping_status":"closed","template":"","meta":{"footnotes":""},"class_list":["post-230","page","type-page","status-publish","hentry"],"yoast_head":"<!-- This site is optimized with the Yoast SEO plugin v24.0 - https:\/\/yoast.com\/wordpress\/plugins\/seo\/ -->\n<title>Letonya Vizesi Bursa Ba\u015fvuru Merkezimiz - MyVize<\/title>\n<meta name=\"description\" content=\"Letonya Vizesi Bursa Vize Ba\u015fvuru Merkezi. Letonya Vizesi Nas\u0131l Al\u0131n\u0131r? Letonya Vize Ba\u015fvurusu. Bilgi \u0130\u00e7in Aray\u0131n: 0850 346 84 93\" \/>\n<meta name=\"robots\" content=\"index, follow, max-snippet:-1, max-image-preview:large, max-video-preview:-1\" \/>\n<link rel=\"canonical\" href=\"https:\/\/www.myvize.com.tr\/letonya\/subelerimiz\/bursa\/\" \/>\n<meta property=\"og:locale\" content=\"tr_TR\" \/>\n<meta property=\"og:type\" content=\"article\" \/>\n<meta property=\"og:title\" content=\"Letonya Vizesi Bursa Ba\u015fvuru Merkezimiz - MyVize\" \/>\n<meta property=\"og:description\" content=\"Letonya Vizesi Bursa Vize Ba\u015fvuru Merkezi. Letonya Vizesi Nas\u0131l Al\u0131n\u0131r? Letonya Vize Ba\u015fvurusu. Bilgi \u0130\u00e7in Aray\u0131n: 0850 346 84 93\" \/>\n<meta property=\"og:url\" content=\"https:\/\/www.myvize.com.tr\/letonya\/subelerimiz\/bursa\/\" \/>\n<meta property=\"og:site_name\" content=\"Letonya Vizesi\" \/>\n<meta property=\"article:modified_time\" content=\"2022-01-11T11:00:50+00:00\" \/>\n<meta name=\"twitter:card\" content=\"summary_large_image\" \/>\n<meta name=\"twitter:label1\" content=\"Tahmini okuma s\u00fcresi\" \/>\n\t<meta name=\"twitter:data1\" content=\"1 dakika\" \/>\n<script type=\"application\/ld+json\" class=\"yoast-schema-graph\">{\"@context\":\"https:\/\/schema.org\",\"@graph\":[{\"@type\":\"WebPage\",\"@id\":\"https:\/\/www.myvize.com.tr\/letonya\/subelerimiz\/bursa\/\",\"url\":\"https:\/\/www.myvize.com.tr\/letonya\/subelerimiz\/bursa\/\",\"name\":\"Letonya Vizesi Bursa Ba\u015fvuru Merkezimiz - MyVize\",\"isPartOf\":{\"@id\":\"https:\/\/www.myvize.com.tr\/letonya\/#website\"},\"datePublished\":\"2020-12-25T07:39:28+00:00\",\"dateModified\":\"2022-01-11T11:00:50+00:00\",\"description\":\"Letonya Vizesi Bursa Vize Ba\u015fvuru Merkezi. Letonya Vizesi Nas\u0131l Al\u0131n\u0131r? Letonya Vize Ba\u015fvurusu. Bilgi \u0130\u00e7in Aray\u0131n: 0850 346 84 93\",\"breadcrumb\":{\"@id\":\"https:\/\/www.myvize.com.tr\/letonya\/subelerimiz\/bursa\/#breadcrumb\"},\"inLanguage\":\"tr\",\"potentialAction\":[{\"@type\":\"ReadAction\",\"target\":[\"https:\/\/www.myvize.com.tr\/letonya\/subelerimiz\/bursa\/\"]}]},{\"@type\":\"BreadcrumbList\",\"@id\":\"https:\/\/www.myvize.com.tr\/letonya\/subelerimiz\/bursa\/#breadcrumb\",\"itemListElement\":[{\"@type\":\"ListItem\",\"position\":1,\"name\":\"Anasayfa\",\"item\":\"https:\/\/www.myvize.com.tr\/letonya\/\"},{\"@type\":\"ListItem\",\"position\":2,\"name\":\"\u015eUBELER\u0130M\u0130Z\",\"item\":\"https:\/\/www.myvize.com.tr\/letonya\/subelerimiz\/\"},{\"@type\":\"ListItem\",\"position\":3,\"name\":\"Bursa\"}]},{\"@type\":\"WebSite\",\"@id\":\"https:\/\/www.myvize.com.tr\/letonya\/#website\",\"url\":\"https:\/\/www.myvize.com.tr\/letonya\/\",\"name\":\"Letonya Vizesi\",\"description\":\"\",\"potentialAction\":[{\"@type\":\"SearchAction\",\"target\":{\"@type\":\"EntryPoint\",\"urlTemplate\":\"https:\/\/www.myvize.com.tr\/letonya\/?s={search_term_string}\"},\"query-input\":{\"@type\":\"PropertyValueSpecification\",\"valueRequired\":true,\"valueName\":\"search_term_string\"}}],\"inLanguage\":\"tr\"}]}<\/script>\n<!-- \/ Yoast SEO plugin. -->","yoast_head_json":{"title":"Letonya Vizesi Bursa Ba\u015fvuru Merkezimiz - MyVize","description":"Letonya Vizesi Bursa Vize Ba\u015fvuru Merkezi. Letonya Vizesi Nas\u0131l Al\u0131n\u0131r? Letonya Vize Ba\u015fvurusu. Bilgi \u0130\u00e7in Aray\u0131n: 0850 346 84 93","robots":{"index":"index","follow":"follow","max-snippet":"max-snippet:-1","max-image-preview":"max-image-preview:large","max-video-preview":"max-video-preview:-1"},"canonical":"https:\/\/www.myvize.com.tr\/letonya\/subelerimiz\/bursa\/","og_locale":"tr_TR","og_type":"article","og_title":"Letonya Vizesi Bursa Ba\u015fvuru Merkezimiz - MyVize","og_description":"Letonya Vizesi Bursa Vize Ba\u015fvuru Merkezi. Letonya Vizesi Nas\u0131l Al\u0131n\u0131r? Letonya Vize Ba\u015fvurusu. Bilgi \u0130\u00e7in Aray\u0131n: 0850 346 84 93","og_url":"https:\/\/www.myvize.com.tr\/letonya\/subelerimiz\/bursa\/","og_site_name":"Letonya Vizesi","article_modified_time":"2022-01-11T11:00:50+00:00","twitter_card":"summary_large_image","twitter_misc":{"Tahmini okuma s\u00fcresi":"1 dakika"},"schema":{"@context":"https:\/\/schema.org","@graph":[{"@type":"WebPage","@id":"https:\/\/www.myvize.com.tr\/letonya\/subelerimiz\/bursa\/","url":"https:\/\/www.myvize.com.tr\/letonya\/subelerimiz\/bursa\/","name":"Letonya Vizesi Bursa Ba\u015fvuru Merkezimiz - MyVize","isPartOf":{"@id":"https:\/\/www.myvize.com.tr\/letonya\/#website"},"datePublished":"2020-12-25T07:39:28+00:00","dateModified":"2022-01-11T11:00:50+00:00","description":"Letonya Vizesi Bursa Vize Ba\u015fvuru Merkezi. Letonya Vizesi Nas\u0131l Al\u0131n\u0131r? Letonya Vize Ba\u015fvurusu. Bilgi \u0130\u00e7in Aray\u0131n: 0850 346 84 93","breadcrumb":{"@id":"https:\/\/www.myvize.com.tr\/letonya\/subelerimiz\/bursa\/#breadcrumb"},"inLanguage":"tr","potentialAction":[{"@type":"ReadAction","target":["https:\/\/www.myvize.com.tr\/letonya\/subelerimiz\/bursa\/"]}]},{"@type":"BreadcrumbList","@id":"https:\/\/www.myvize.com.tr\/letonya\/subelerimiz\/bursa\/#breadcrumb","itemListElement":[{"@type":"ListItem","position":1,"name":"Anasayfa","item":"https:\/\/www.myvize.com.tr\/letonya\/"},{"@type":"ListItem","position":2,"name":"\u015eUBELER\u0130M\u0130Z","item":"https:\/\/www.myvize.com.tr\/letonya\/subelerimiz\/"},{"@type":"ListItem","position":3,"name":"Bursa"}]},{"@type":"WebSite","@id":"https:\/\/www.myvize.com.tr\/letonya\/#website","url":"https:\/\/www.myvize.com.tr\/letonya\/","name":"Letonya Vizesi","description":"","potentialAction":[{"@type":"SearchAction","target":{"@type":"EntryPoint","urlTemplate":"https:\/\/www.myvize.com.tr\/letonya\/?s={search_term_string}"},"query-input":{"@type":"PropertyValueSpecification","valueRequired":true,"valueName":"search_term_string"}}],"inLanguage":"tr"}]}},"_links":{"self":[{"href":"https:\/\/www.myvize.com.tr\/letonya\/wp-json\/wp\/v2\/pages\/230","targetHints":{"allow":["GET"]}}],"collection":[{"href":"https:\/\/www.myvize.com.tr\/letonya\/wp-json\/wp\/v2\/pages"}],"about":[{"href":"https:\/\/www.myvize.com.tr\/letonya\/wp-json\/wp\/v2\/types\/page"}],"author":[{"embeddable":true,"href":"https:\/\/www.myvize.com.tr\/letonya\/wp-json\/wp\/v2\/users\/1"}],"replies":[{"embeddable":true,"href":"https:\/\/www.myvize.com.tr\/letonya\/wp-json\/wp\/v2\/comments?post=230"}],"version-history":[{"count":5,"href":"https:\/\/www.myvize.com.tr\/letonya\/wp-json\/wp\/v2\/pages\/230\/revisions"}],"predecessor-version":[{"id":684,"href":"https:\/\/www.myvize.com.tr\/letonya\/wp-json\/wp\/v2\/pages\/230\/revisions\/684"}],"up":[{"embeddable":true,"href":"https:\/\/www.myvize.com.tr\/letonya\/wp-json\/wp\/v2\/pages\/177"}],"wp:attachment":[{"href":"https:\/\/www.myvize.com.tr\/letonya\/wp-json\/wp\/v2\/media?parent=230"}],"curies":[{"name":"wp","href":"https:\/\/api.w.org\/{rel}","templated":true}]}}