{"id":236,"date":"2020-12-25T10:40:26","date_gmt":"2020-12-25T07:40:26","guid":{"rendered":"https:\/\/www.myvize.com.tr\/letonya\/?page_id=236"},"modified":"2022-01-14T13:17:35","modified_gmt":"2022-01-14T10:17:35","slug":"canakkale","status":"publish","type":"page","link":"https:\/\/www.myvize.com.tr\/letonya\/subelerimiz\/canakkale\/","title":{"rendered":"\u00c7anakkale"},"content":{"rendered":"<h2><span style=\"font-family: Roboto; font-size: 27px;\">Letonya Vize Ba\u015fvuru Merkezi, \u00c7anakkale<\/span><\/h2>\n<p><span style=\"font-family: Roboto; font-size: 14px;\">Letonya bir <strong>Schengen<\/strong> \u00fclkesidir. Bundan dolay\u0131 Letonya\u2019ya 90 g\u00fcnden k\u0131sa s\u00fcreli seyahatte bulunacak olan T\u00fcrk vatanda\u015flar\u0131n\u0131n <span style=\"color: #2acec2;\"><strong><a style=\"color: #2acec2;\" href=\"https:\/\/www.myvize.com.tr\/letonya\/vize-islemleri\/letonya-schengen-vizesi\/\">Letonya Schengen vizesi<\/a><\/strong><\/span> almas\u0131 gerekmektedir. 90 g\u00fcnden fazla s\u00fcre Letonya vizesi alacak olan ki\u015filerin, Letonya ulusal vizesi almas\u0131 gerekmektedir.<\/span><\/p>\n<p><span style=\"font-family: Roboto; font-size: 14px;\">\u00c7anakkale ve \u00e7evresinde ikamet eden ve Letonya vizesi alacak olan ki\u015filer vize ba\u015fvurular\u0131n\u0131 \u00c7anakkale Letonya vize ba\u015fvuru merkezine yapmal\u0131d\u0131r. \u00c7anakkale\u2019de bulunan ve k\u0131sa s\u00fcreli Letonya vize ba\u015fvurusu yapmak isteyen ki\u015filerin, \u00c7anakkale vize ba\u015fvuru merkezini ziyaret etmesi gerekmektedir. \u00c7anakkale Letonya vize ba\u015fvuru merkezi, randevusuz \u00c7anakkale Letonya vize ba\u015fvurusu kabul etmemektedir. <strong>Letonya Konsoloslu\u011fu<\/strong>\u2019nun \u00c7anakkale\u2019de yetkilendirmi\u015f oldu\u011fu vize ba\u015fvuru merkezi <strong>VFS Global<\/strong>\u2019dir.<\/span><\/p>\n<p><span style=\"font-family: Roboto; font-size: 14px;\">Uzun s\u00fcreli \u00c7anakkale Letonya vize ba\u015fvurusu ise Letonya\u2019n\u0131n <span style=\"color: #2acec2;\"><strong><a style=\"color: #2acec2;\" href=\"https:\/\/www.myvize.com.tr\/letonya\/konsolosluklar\/ankara-buyukelciligi\/\">Ankara B\u00fcy\u00fckel\u00e7ili\u011fi<\/a><\/strong><\/span>\u2019ne yap\u0131lmal\u0131d\u0131r. <strong>Letonya Ankara B\u00fcy\u00fckel\u00e7ili\u011fi<\/strong>, \u00c7anakkale Letonya vize ba\u015fvurusu i\u00e7in randevu talep etmektedir. Randevusuz ba\u015fvuru kabul edilmemektedir.<\/span><\/p>\n<p><span style=\"font-family: Roboto; font-size: 14px;\">\u00c7anakkale ve \u00e7evre illerde bulunan T\u00fcrk vatanda\u015flar\u0131, randevu ald\u0131ktan sonra Letonya vize ba\u015fvurusu yapaca\u011f\u0131 yere gerekli belgeleri teslim etmelidir. \u00c7anakkale ve \u00e7evresinde bulunan T\u00fcrk vatanda\u015flar\u0131 \u00c7anakkale vize ba\u015fvurusu s\u0131ras\u0131nda, biyometrik verilerini vermelidir.<\/span><\/p>\n","protected":false},"excerpt":{"rendered":"<p>Letonya Vize Ba\u015fvuru Merkezi, \u00c7anakkale Letonya bir Schengen \u00fclkesidir. Bundan dolay\u0131 Letonya\u2019ya 90 g\u00fcnden k\u0131sa s\u00fcreli seyahatte bulunacak olan T\u00fcrk vatanda\u015flar\u0131n\u0131n Letonya Schengen vizesi almas\u0131 gerekmektedir. 90 g\u00fcnden fazla s\u00fcre Letonya vizesi alacak olan ki\u015filerin, Letonya ulusal vizesi almas\u0131 gerekmektedir. \u00c7anakkale ve \u00e7evresinde ikamet eden ve Letonya vizesi alacak olan ki\u015filer vize ba\u015fvurular\u0131n\u0131 \u00c7anakkale Letonya<\/p>\n","protected":false},"author":1,"featured_media":0,"parent":177,"menu_order":0,"comment_status":"open","ping_status":"closed","template":"","meta":{"footnotes":""},"class_list":["post-236","page","type-page","status-publish","hentry"],"yoast_head":"<!-- This site is optimized with the Yoast SEO plugin v24.0 - https:\/\/yoast.com\/wordpress\/plugins\/seo\/ -->\n<title>Letonya Vizesi \u00c7anakkale Ba\u015fvuru \u015eubesi - MyVize<\/title>\n<meta name=\"description\" content=\"Letonya Vizesi \u00c7anakkale Vize Ba\u015fvuru Merkezi. Letonya Vizesi Nas\u0131l Al\u0131n\u0131r? Letonya Vize Ba\u015fvurusu. Bilgi \u0130\u00e7in Aray\u0131n: 0850 346 84 93\" \/>\n<meta name=\"robots\" content=\"index, follow, max-snippet:-1, max-image-preview:large, max-video-preview:-1\" \/>\n<link rel=\"canonical\" href=\"https:\/\/www.myvize.com.tr\/letonya\/subelerimiz\/canakkale\/\" \/>\n<meta property=\"og:locale\" content=\"tr_TR\" \/>\n<meta property=\"og:type\" content=\"article\" \/>\n<meta property=\"og:title\" content=\"Letonya Vizesi \u00c7anakkale Ba\u015fvuru \u015eubesi - MyVize\" \/>\n<meta property=\"og:description\" content=\"Letonya Vizesi \u00c7anakkale Vize Ba\u015fvuru Merkezi. Letonya Vizesi Nas\u0131l Al\u0131n\u0131r? Letonya Vize Ba\u015fvurusu. Bilgi \u0130\u00e7in Aray\u0131n: 0850 346 84 93\" \/>\n<meta property=\"og:url\" content=\"https:\/\/www.myvize.com.tr\/letonya\/subelerimiz\/canakkale\/\" \/>\n<meta property=\"og:site_name\" content=\"Letonya Vizesi\" \/>\n<meta property=\"article:modified_time\" content=\"2022-01-14T10:17:35+00:00\" \/>\n<meta name=\"twitter:card\" content=\"summary_large_image\" \/>\n<meta name=\"twitter:label1\" content=\"Tahmini okuma s\u00fcresi\" \/>\n\t<meta name=\"twitter:data1\" content=\"1 dakika\" \/>\n<script type=\"application\/ld+json\" class=\"yoast-schema-graph\">{\"@context\":\"https:\/\/schema.org\",\"@graph\":[{\"@type\":\"WebPage\",\"@id\":\"https:\/\/www.myvize.com.tr\/letonya\/subelerimiz\/canakkale\/\",\"url\":\"https:\/\/www.myvize.com.tr\/letonya\/subelerimiz\/canakkale\/\",\"name\":\"Letonya Vizesi \u00c7anakkale Ba\u015fvuru \u015eubesi - MyVize\",\"isPartOf\":{\"@id\":\"https:\/\/www.myvize.com.tr\/letonya\/#website\"},\"datePublished\":\"2020-12-25T07:40:26+00:00\",\"dateModified\":\"2022-01-14T10:17:35+00:00\",\"description\":\"Letonya Vizesi \u00c7anakkale Vize Ba\u015fvuru Merkezi. Letonya Vizesi Nas\u0131l Al\u0131n\u0131r? Letonya Vize Ba\u015fvurusu. Bilgi \u0130\u00e7in Aray\u0131n: 0850 346 84 93\",\"breadcrumb\":{\"@id\":\"https:\/\/www.myvize.com.tr\/letonya\/subelerimiz\/canakkale\/#breadcrumb\"},\"inLanguage\":\"tr\",\"potentialAction\":[{\"@type\":\"ReadAction\",\"target\":[\"https:\/\/www.myvize.com.tr\/letonya\/subelerimiz\/canakkale\/\"]}]},{\"@type\":\"BreadcrumbList\",\"@id\":\"https:\/\/www.myvize.com.tr\/letonya\/subelerimiz\/canakkale\/#breadcrumb\",\"itemListElement\":[{\"@type\":\"ListItem\",\"position\":1,\"name\":\"Anasayfa\",\"item\":\"https:\/\/www.myvize.com.tr\/letonya\/\"},{\"@type\":\"ListItem\",\"position\":2,\"name\":\"\u015eUBELER\u0130M\u0130Z\",\"item\":\"https:\/\/www.myvize.com.tr\/letonya\/subelerimiz\/\"},{\"@type\":\"ListItem\",\"position\":3,\"name\":\"\u00c7anakkale\"}]},{\"@type\":\"WebSite\",\"@id\":\"https:\/\/www.myvize.com.tr\/letonya\/#website\",\"url\":\"https:\/\/www.myvize.com.tr\/letonya\/\",\"name\":\"Letonya Vizesi\",\"description\":\"\",\"potentialAction\":[{\"@type\":\"SearchAction\",\"target\":{\"@type\":\"EntryPoint\",\"urlTemplate\":\"https:\/\/www.myvize.com.tr\/letonya\/?s={search_term_string}\"},\"query-input\":{\"@type\":\"PropertyValueSpecification\",\"valueRequired\":true,\"valueName\":\"search_term_string\"}}],\"inLanguage\":\"tr\"}]}<\/script>\n<!-- \/ Yoast SEO plugin. -->","yoast_head_json":{"title":"Letonya Vizesi \u00c7anakkale Ba\u015fvuru \u015eubesi - MyVize","description":"Letonya Vizesi \u00c7anakkale Vize Ba\u015fvuru Merkezi. Letonya Vizesi Nas\u0131l Al\u0131n\u0131r? Letonya Vize Ba\u015fvurusu. Bilgi \u0130\u00e7in Aray\u0131n: 0850 346 84 93","robots":{"index":"index","follow":"follow","max-snippet":"max-snippet:-1","max-image-preview":"max-image-preview:large","max-video-preview":"max-video-preview:-1"},"canonical":"https:\/\/www.myvize.com.tr\/letonya\/subelerimiz\/canakkale\/","og_locale":"tr_TR","og_type":"article","og_title":"Letonya Vizesi \u00c7anakkale Ba\u015fvuru \u015eubesi - MyVize","og_description":"Letonya Vizesi \u00c7anakkale Vize Ba\u015fvuru Merkezi. Letonya Vizesi Nas\u0131l Al\u0131n\u0131r? Letonya Vize Ba\u015fvurusu. Bilgi \u0130\u00e7in Aray\u0131n: 0850 346 84 93","og_url":"https:\/\/www.myvize.com.tr\/letonya\/subelerimiz\/canakkale\/","og_site_name":"Letonya Vizesi","article_modified_time":"2022-01-14T10:17:35+00:00","twitter_card":"summary_large_image","twitter_misc":{"Tahmini okuma s\u00fcresi":"1 dakika"},"schema":{"@context":"https:\/\/schema.org","@graph":[{"@type":"WebPage","@id":"https:\/\/www.myvize.com.tr\/letonya\/subelerimiz\/canakkale\/","url":"https:\/\/www.myvize.com.tr\/letonya\/subelerimiz\/canakkale\/","name":"Letonya Vizesi \u00c7anakkale Ba\u015fvuru \u015eubesi - MyVize","isPartOf":{"@id":"https:\/\/www.myvize.com.tr\/letonya\/#website"},"datePublished":"2020-12-25T07:40:26+00:00","dateModified":"2022-01-14T10:17:35+00:00","description":"Letonya Vizesi \u00c7anakkale Vize Ba\u015fvuru Merkezi. Letonya Vizesi Nas\u0131l Al\u0131n\u0131r? Letonya Vize Ba\u015fvurusu. Bilgi \u0130\u00e7in Aray\u0131n: 0850 346 84 93","breadcrumb":{"@id":"https:\/\/www.myvize.com.tr\/letonya\/subelerimiz\/canakkale\/#breadcrumb"},"inLanguage":"tr","potentialAction":[{"@type":"ReadAction","target":["https:\/\/www.myvize.com.tr\/letonya\/subelerimiz\/canakkale\/"]}]},{"@type":"BreadcrumbList","@id":"https:\/\/www.myvize.com.tr\/letonya\/subelerimiz\/canakkale\/#breadcrumb","itemListElement":[{"@type":"ListItem","position":1,"name":"Anasayfa","item":"https:\/\/www.myvize.com.tr\/letonya\/"},{"@type":"ListItem","position":2,"name":"\u015eUBELER\u0130M\u0130Z","item":"https:\/\/www.myvize.com.tr\/letonya\/subelerimiz\/"},{"@type":"ListItem","position":3,"name":"\u00c7anakkale"}]},{"@type":"WebSite","@id":"https:\/\/www.myvize.com.tr\/letonya\/#website","url":"https:\/\/www.myvize.com.tr\/letonya\/","name":"Letonya Vizesi","description":"","potentialAction":[{"@type":"SearchAction","target":{"@type":"EntryPoint","urlTemplate":"https:\/\/www.myvize.com.tr\/letonya\/?s={search_term_string}"},"query-input":{"@type":"PropertyValueSpecification","valueRequired":true,"valueName":"search_term_string"}}],"inLanguage":"tr"}]}},"_links":{"self":[{"href":"https:\/\/www.myvize.com.tr\/letonya\/wp-json\/wp\/v2\/pages\/236","targetHints":{"allow":["GET"]}}],"collection":[{"href":"https:\/\/www.myvize.com.tr\/letonya\/wp-json\/wp\/v2\/pages"}],"about":[{"href":"https:\/\/www.myvize.com.tr\/letonya\/wp-json\/wp\/v2\/types\/page"}],"author":[{"embeddable":true,"href":"https:\/\/www.myvize.com.tr\/letonya\/wp-json\/wp\/v2\/users\/1"}],"replies":[{"embeddable":true,"href":"https:\/\/www.myvize.com.tr\/letonya\/wp-json\/wp\/v2\/comments?post=236"}],"version-history":[{"count":5,"href":"https:\/\/www.myvize.com.tr\/letonya\/wp-json\/wp\/v2\/pages\/236\/revisions"}],"predecessor-version":[{"id":686,"href":"https:\/\/www.myvize.com.tr\/letonya\/wp-json\/wp\/v2\/pages\/236\/revisions\/686"}],"up":[{"embeddable":true,"href":"https:\/\/www.myvize.com.tr\/letonya\/wp-json\/wp\/v2\/pages\/177"}],"wp:attachment":[{"href":"https:\/\/www.myvize.com.tr\/letonya\/wp-json\/wp\/v2\/media?parent=236"}],"curies":[{"name":"wp","href":"https:\/\/api.w.org\/{rel}","templated":true}]}}