{"id":30,"date":"2020-11-30T12:39:12","date_gmt":"2020-11-30T09:39:12","guid":{"rendered":"https:\/\/www.myvize.com.tr\/letonya\/?page_id=30"},"modified":"2022-06-04T12:39:59","modified_gmt":"2022-06-04T09:39:59","slug":"letonya-vizesi","status":"publish","type":"page","link":"https:\/\/www.myvize.com.tr\/letonya\/vize-islemleri\/letonya-vizesi\/","title":{"rendered":"Letonya Vizesi"},"content":{"rendered":"<h2><span style=\"font-family: Roboto; font-size: 27px;\"><b>Letonya Vizesi Hakk\u0131nda<\/b><\/span><\/h2>\n<p><span style=\"font-family: Roboto; font-size: 14px;\"><strong>Letonya vizesi,<\/strong> Letonya fahri konsolosluklar\u0131ndan ya da \u00f6zel olarak yetkilendirilmi\u015f akredite dan\u0131\u015fmanl\u0131k kurulu\u015flar\u0131ndan al\u0131nabilmektedir.<\/span><\/p>\n<p><span style=\"font-family: Roboto; font-size: 14px;\"><strong>Letonya vizesi<\/strong>\u00a0ba\u015fvurular\u0131nda dikkat edilmesi gereken baz\u0131 hususlar vard\u0131r. Bu hususlar;<\/span><\/p>\n<ul>\n<li><span style=\"font-family: Roboto; font-size: 14px;\">Pasaportun y\u0131pranmam\u0131\u015f olmas\u0131 gereklidir. E\u011fer pasaportunuz y\u0131pranm\u0131\u015f ise yenilemek size avantaj sa\u011flayacakt\u0131r.<\/span><\/li>\n<li><span style=\"font-family: Roboto; font-size: 14px;\">Pasaport ge\u00e7erlilik s\u00fcresinin, <strong>vize ba\u015fvuru tarihini<\/strong> baz alacak \u015fekilde en az bir y\u0131l daha kullan\u0131labilecek olmas\u0131na dikkat edilmelidir.<\/span><\/li>\n<li><span style=\"font-family: Roboto; font-size: 14px;\"><strong>Vize ba\u015fvurular\u0131<\/strong> i\u00e7in gerekli belgelerin ve sunulan bilgilerin do\u011fru, tutarl\u0131 ve eksiksiz olmas\u0131 gerekir.<\/span><\/li>\n<li><span style=\"font-family: Roboto; font-size: 14px;\">Sahte belge ve beyanlar ile ba\u015fvuru yapmak kabul edilmeyece\u011fi gibi su\u00e7 say\u0131lmaktad\u0131r.<\/span><\/li>\n<\/ul>\n<p><span style=\"font-family: Roboto; font-size: 14px;\"><strong>Letonya vizesi<\/strong> alma konusunda sorun ya\u015famas\u0131 muhtemel olanlar ise;<\/span><\/p>\n<ul>\n<li><span style=\"font-family: Roboto; font-size: 14px;\">\u0130\u015fsiz olma durumunda olanlar<\/span><\/li>\n<li><span style=\"font-family: Roboto; font-size: 14px;\">\u0130\u015fsiz olup ailesine ve y\u00fck\u00fcml\u00fc olduklar\u0131 ki\u015filere bakamayanlar,<\/span><\/li>\n<li><span style=\"font-family: Roboto; font-size: 14px;\">Teminat olarak g\u00f6sterilecek banka hesab\u0131 gibi varl\u0131klar\u0131 olmayanlar,<\/span><\/li>\n<li><span style=\"font-family: Roboto; font-size: 14px;\">G\u00f6\u00e7men olarak de\u011ferlendirilenlerin <strong>vize alma ihtimali<\/strong> olduk\u00e7a d\u00fc\u015f\u00fckt\u00fcr.<\/span><\/li>\n<\/ul>\n<p><span style=\"font-family: Roboto; font-size: 14px;\">Yukar\u0131daki gibi durumda olanlar\u0131n vize ba\u015fvurular\u0131n\u0131n onaylanmama ihtimali vard\u0131r. Bu durumlar dikkate al\u0131narak vize ba\u015fvurusu d\u00fc\u015f\u00fcn\u00fclmelidir.\u00a0Baz\u0131 \u00fclkelerin <strong>vize onay<\/strong> anla\u015fmalar\u0131nda reddedilecek vize oran\u0131n\u0131 belirli bir d\u00fczeyde tutmaktad\u0131r. G\u00f6\u00e7 a\u00e7\u0131s\u0131ndan riskli olan \u00fclkelerde <strong>vize ko\u015fullar\u0131 gere\u011finden<\/strong> s\u0131k\u0131 tutulabilmektedir.<\/span><\/p>\n<h2><strong><span style=\"font-family: Roboto; font-size: 27px;\">Letonya Vizesi ile \u0130lgili<\/span><\/strong><\/h2>\n<p><span style=\"font-family: Roboto; font-size: 14px;\">Letonya\u2019ya seyahat edecek olan T\u00fcrk vatanda\u015flar\u0131n\u0131n vize muafiyeti bulunmuyor ise seyahat amac\u0131na g\u00f6re vize almal\u0131d\u0131r. Letonya\u2019ya seyahat edecek olan ki\u015filerin vize ba\u015fvurular\u0131n\u0131 do\u011fru kategoriden yapmas\u0131 gerekmektedir. <strong>Letonya vize ba\u015fvurular\u0131<\/strong> Letonya\u2019n\u0131n T\u00fcrkiye\u2019deki temsilciliklerine ve yetkilendirilmi\u015f vize ba\u015fvuru merkezine yap\u0131lmal\u0131d\u0131r.<\/span><\/p>\n<p><span style=\"font-family: Roboto; font-size: 14px;\">Letonya\u2019ya seyahat edecek olan ve 90 g\u00fcnden fazla kalmayacak olan Hizmet, Hususi ve Diplomatik Pasaport sahiplerinin vize almas\u0131na gerek bulunmamaktad\u0131r. Umuma Mahsus Pasaport sahiplerinin ise 90 g\u00fcnden k\u0131sa s\u00fcren seyahatleri i\u00e7in <strong>Schengen vizesi<\/strong> almas\u0131 gerekmektedir. Letonya bir Schengen \u00fclkesi oldu\u011fundan k\u0131sa s\u00fcreli seyahatler i\u00e7in <span style=\"color: #2acec2;\"><strong><a style=\"color: #2acec2;\" href=\"https:\/\/www.myvize.com.tr\/letonya\/vize-islemleri\/letonya-schengen-vizesi\/\" target=\"_blank\" rel=\"noopener\">Letonya Schengen vizesi<\/a><\/strong><\/span> al\u0131n\u0131p di\u011fer Schengen \u00fclkelerinden serbest\u00e7e dola\u015fabilmektedir. Ba\u015fvurular Letonya\u2019n\u0131n vize ba\u015fvuru merkezlerine yap\u0131lmal\u0131d\u0131r. Ba\u015fvurular 3-7 i\u015f g\u00fcn\u00fc i\u00e7erisinde sonu\u00e7lanmaktad\u0131r.<\/span><\/p>\n<p><span style=\"font-family: Roboto; font-size: 14px;\">Letonya\u2019da 90 g\u00fcnden fazla kalacak ve vize muafiyeti olan \u00fclke vatanda\u015fl\u0131\u011f\u0131 yok ise herkesin Letonya ulusal vizesi almas\u0131 gerekmektedir. <strong>Letonya ulusal vizesi<\/strong> uzun s\u00fcreli bir vize t\u00fcr\u00fcd\u00fcr. Bundan dolay\u0131 Letonya vize ba\u015fvurusu i\u00e7in \u00f6ncelikle<span style=\"color: #2acec2;\"><strong><a style=\"color: #2acec2;\" href=\"https:\/\/www.myvize.com.tr\/letonya\/vize-islemleri\/letonya-vize-basvuru-formu\/\" target=\"_blank\" rel=\"noopener\"> Letonya vize ba\u015fvuru formu<\/a><\/strong><\/span> doldurulmal\u0131d\u0131r. Ba\u015fvurular Letonya\u2019n\u0131n T\u00fcrkiye\u2019de bulunan temsilciliklerine yap\u0131lmal\u0131d\u0131r.<\/span><\/p>\n<p><span style=\"font-family: Roboto; font-size: 14px;\"><strong>Letonya vize ba\u015fvurular\u0131<\/strong> i\u00e7in gerekli olan evraklar\u0131n eksiksiz ve g\u00fcncel olarak haz\u0131rlanmal\u0131d\u0131r.<\/span><\/p>\n<h2><span style=\"font-size: 27px;\"><strong><span style=\"font-family: Roboto;\">Letonya Vize<\/span><\/strong><\/span><\/h2>\n<p><span style=\"font-family: Roboto; font-size: 14px;\"><strong>Letonya vizesi<\/strong> al\u0131rken dikkat edilmesi gereken hususlarla ilgili bilgi sahibi olmak isteyebilirsiniz. Fahri konsolosluklar veya b\u00fcy\u00fckel\u00e7ilik\/konsolosluk adresleri taraf\u0131ndan en iyi \u015fekilde y\u00f6nlendirilece\u011finizi aktar\u0131yoruz. Sizler de hangi evraklar\u0131 nas\u0131l teslim etmeniz gerekti\u011finin yan\u0131t\u0131n\u0131 almak ve sizleri en iyi \u015fekilde y\u00f6nlendirecek ekibimizden destek almak i\u00e7in hemen aramaya ba\u015flayabilirsiniz. Pasaportlar\u0131n\u0131z\u0131n eski olmamas\u0131, g\u00fcncelli\u011fini korumas\u0131 ve ge\u00e7erlili\u011finin en az 12 ay daha devam etmesi \u015fart\u0131 aranmaktad\u0131r. Ayr\u0131ca <strong>vize ba\u015fvurular\u0131<\/strong> i\u00e7in mutlaka talep dilek\u00e7esinin doldurulmas\u0131na olanak verilmektedir. Seyahat edecek olan ki\u015filer ad\u0131na haz\u0131rlanmas\u0131 gereken belgelerde maddi durumun yeterli olmas\u0131 \u015fart\u0131 istenmektedir. \u0130\u015fsiz olanlar\u0131n, i\u015f yeri sahibi olanlar\u0131n, \u00f6\u011frencilerin veya meslek sahibi olarak ba\u015fvuru yapacaklar\u0131n farkl\u0131 prosed\u00fcrleri takip etmeleri gerekmektedir. Bu nedenle gerekli bilgileri almak ve i\u015flemlerinizi online olarak ba\u015flatabilmek i\u00e7in hemen randevular\u0131n\u0131z\u0131 olu\u015fturabilirsiniz. <strong>T\u00fcrkiye Cumhuriyeti<\/strong> vatanda\u015flar\u0131n\u0131n sorunsuz bir \u015fekilde almak isteyecekleri <strong>Letonya vizeleri<\/strong> i\u00e7in t\u00fcm s\u00fcre\u00e7lerin takip edilece\u011fini aktarmaktay\u0131z. Bulundu\u011funuz b\u00f6lgeye g\u00f6re ba\u015fvuru yapabilece\u011finiz noktalara dair bilgi sahibi olabilirsiniz. Ofislerimiz sayesinde ger\u00e7ekle\u015ftirece\u011finiz ba\u015fvurularda g\u00fcncel <strong>vize evrak listeleri<\/strong> taraf\u0131n\u0131za e-mail ile ula\u015ft\u0131r\u0131lacakt\u0131r.<\/span><\/p>\n<h2><strong><span style=\"font-family: Roboto; font-size: 27px;\">Letonya Vizesi Nedir?<\/span><\/strong><\/h2>\n<p><span style=\"font-family: Roboto; font-size: 14px;\">Herhangi bir nedenle Letonya\u2019ya gidecekseniz, Letonya vizesi alman\u0131z gerekir. Peki,\u00a0<strong>Letonya vizesi nedir<\/strong>? Bu vize \u00e7e\u015fidi, \u00fclkeye seyahat etmek isteyenlere verilen vizenin genel ismidir. Diplomatik, hizmet ve ye\u015fil pasaport sahibi vatanda\u015flar alt\u0131 ay i\u00e7inde 90 g\u00fcne kadar vizeden muaf olurken, bordo pasaport sahiplerinin bu \u00fclkeye giri\u015f i\u00e7in vize almalar\u0131 \u015fartt\u0131r. Letonya \u00fclkesi seyahat sebeplerine ve vize zamanlar\u0131na g\u00f6re \u00e7e\u015fitli vize t\u00fcrleri sunmaktad\u0131r. Bu vize t\u00fcrlerine g\u00f6re de talep edilen evraklar de\u011fi\u015fiklik g\u00f6stermektedir. G\u00f6n\u00fcll\u00fc \u00e7al\u0131\u015fma, \u00f6\u011frenci vizesi, aile ziyareti vizesi, k\u00fclt\u00fcrel sebeplerle vize, turistik vize, ticari vize ve k\u0131sa s\u00fcreli vize gibi se\u00e7enekler bulunmaktad\u0131r. \u00dclkeye hangi ama\u00e7larla giri\u015f yapacaksan\u0131z; buna uygun olan vize t\u00fcr\u00fcne g\u00f6re ba\u015fvurunuzu ger\u00e7ekle\u015ftirmeniz gerekmektedir. <strong>Letonya\u2019ya giri\u015f yapmak<\/strong> i\u00e7in alman\u0131z gereken vize t\u00fcr\u00fcn\u00fc belirledikten sonra konsolosluklar arac\u0131l\u0131\u011f\u0131 ile ba\u015fvurunuzu ger\u00e7ekle\u015ftirebilirsiniz. Bu noktada evraklar\u0131n\u0131z\u0131n eksiksiz olmas\u0131na dikkat etmeniz laz\u0131m.<\/span><\/p>\n<h2><strong><span style=\"font-family: Roboto; font-size: 27px;\">Letonya Vizesi Nas\u0131l Al\u0131n\u0131r?<\/span><\/strong><\/h2>\n<p><span style=\"font-family: Roboto; font-size: 14px;\">Letonya Cumhuriyeti\u2019ne giri\u015f yapmak isteyen vatanda\u015flar\u0131n ilk olarak seyahat ama\u00e7lar\u0131na uygun olan vize t\u00fcr\u00fcne ba\u015fvuru yapmalar\u0131 gerekir. Bu a\u015famada size uygun olan vize t\u00fcr\u00fcn\u00fc do\u011fru \u015fekilde belirlemeniz \u00f6nemlidir.\u00a0<strong>Letonya vizesi nas\u0131l al\u0131n\u0131r<\/strong>? Vize t\u00fcr\u00fcn\u00fc belirledikten sonra evraklar\u0131n\u0131z\u0131 tamamlaman\u0131z laz\u0131m. Talep edilen evraklar\u0131 eksiksiz \u015fekilde tamamlaman\u0131z\u0131n ard\u0131ndan vize har\u00e7 \u00fccretini yat\u0131rmal\u0131s\u0131n\u0131z. Vize harc\u0131n\u0131 yat\u0131rd\u0131\u011f\u0131n\u0131za dair belgeyi de evraklar\u0131n\u0131z aras\u0131na eklemelisiniz. Ard\u0131ndan t\u00fcm evraklar\u0131n\u0131z\u0131 konsoloslu\u011fa teslim ederek ba\u015fvurunuzu tamamlayabilirsiniz. Letonya vizesi ba\u015fvurusu yapmak i\u00e7in gereken evraklar \u015fu \u015fekilde s\u0131ralanabilir:<\/span><\/p>\n<ul>\n<li><span style=\"font-family: Roboto; font-size: 14px;\">Pasaport. Elinizdeki pasaportun on seneden eski olmamas\u0131 ve seyahat biti\u015f zaman\u0131ndan sonra en az alt\u0131 ayl\u0131k ge\u00e7erlili\u011finin olmas\u0131 \u015fartt\u0131r.<\/span><\/li>\n<li><span style=\"font-family: Roboto; font-size: 14px;\">Online vize ba\u015fvuru formu. Bu ba\u015fvuru formunu eksiksiz \u015fekilde doldurman\u0131z gerekir.<\/span><\/li>\n<li><span style=\"font-family: Roboto; font-size: 14px;\">2 tane son alt\u0131 ay i\u00e7inde \u00e7ekilmi\u015f olan foto\u011fraf.<\/span><\/li>\n<li><span style=\"font-family: Roboto; font-size: 14px;\">Banka hesap d\u00f6k\u00fcm\u00fc.<\/span><\/li>\n<li><span style=\"font-family: Roboto; font-size: 14px;\">Maa\u015f bordrosu.<\/span><\/li>\n<li><span style=\"font-family: Roboto; font-size: 14px;\">\u00c7al\u0131\u015fan bireyin i\u015fveren mektubu.<\/span><\/li>\n<li><span style=\"font-family: Roboto; font-size: 14px;\">Emekliler i\u00e7in emekli oldu\u011funu kan\u0131tlayan \u00e7e\u015fitli belgeler.<\/span><\/li>\n<\/ul>\n<h3><strong><span style=\"font-family: Roboto; font-size: 24px;\">Letonya Vizesi Randevusu<\/span><\/strong><\/h3>\n<p><span style=\"font-family: Roboto; font-size: 14px;\">Letonya Cumhuriyeti\u2019ne giri\u015f yapacak olan bireylerden vize almalar\u0131 istenmektedir. Bunun i\u00e7in\u00a0<strong>Letonya vizesi randevusu<\/strong>\u00a0almak gerekmektedir. Letonya vize randevusu, vizenin \u00e7e\u015fidine g\u00f6re al\u0131nabilir. Vize alacak olan bireyler k\u0131sa s\u00fcreli vize m\u00fcracaatlar\u0131n\u0131 vize merkezlerine yapabilirler. E\u011fer ki uzun s\u00fcreli vize i\u00e7in ba\u015fvuru yapacaksan\u0131z; m\u00fcracaat\u0131n\u0131z\u0131 Letonya temsilcili\u011fine yapabilirsiniz. Temsilcilikten randevu alacak olan bireyler bu merkeze e-mail g\u00f6ndererek randevu i\u015flemlerini ger\u00e7ekle\u015ftirebilirler. Sayfam\u0131z \u00fczerinden de randevu i\u015flemlerinizi tamamlayabilirsiniz. Vize ba\u015fvurusu yapacak olan ki\u015filer i\u00e7in hizmet veren firmam\u0131z \u00fczerinden de randevu alarak, <strong>Letonya vize ba\u015fvurusu<\/strong> randevusu ger\u00e7ekle\u015ftirilebilmektedir. Letonya\u2019ya gidecek olan bireylerin seyahat amac\u0131na hitap eden do\u011fru vizeyi almalar\u0131 gerekir. Seyahat ger\u00e7ekle\u015ftirecek vatanda\u015flar\u0131n vize ba\u015fvurular\u0131n\u0131 tamamlayabilmeleri ad\u0131na randevu almalar\u0131 \u00f6nemlidir. Vize randevular\u0131n\u0131z\u0131 sistemimiz \u00fczerinden sorgulayabilirsiniz. Uzun s\u00fcreli vize m\u00fcracaatlar\u0131 i\u00e7inse temsilciliklere ba\u015fvuru yap\u0131lmaktad\u0131r. Vize randevunuzu sorgulamak i\u00e7in hesab\u0131n\u0131za giri\u015f yaparak bu i\u015flemi ger\u00e7ekle\u015ftirebilirsiniz.<\/span><\/p>\n<h3><strong><span style=\"font-family: Roboto; font-size: 24px;\">Letonya Vizesi Ba\u015fvurusu<\/span><\/strong><\/h3>\n<p><span style=\"font-family: Roboto; font-size: 14px;\">AB \u00fclkelerinden olan Letonya\u2019ya gidecekler Schengen vizesine sahip olmal\u0131lar. Vizesi olmayan ki\u015filerin bu \u00fclkeye giri\u015fi s\u00f6z konusu olmamaktad\u0131r. E\u011fer vizeniz yok ise\u00a0<strong>Letonya vizesi ba\u015fvurusu<\/strong>\u00a0yapman\u0131z gerekmektedir. Ayr\u0131ca bilmelisiniz ki hususi, diplomatik ya da hizmet pasaportunuz bulunuyor ise 6 ay i\u00e7inde 90 g\u00fcne dek vizeden muaf olursunuz. Fakat bordo pasaportunuz var ise Letonya vizesi i\u00e7in ba\u015fvuru ger\u00e7ekle\u015ftirmeniz laz\u0131m. Vize i\u015flemleri ad\u0131na konsolosluktan hizmet alman\u0131z gerekmektedir. Bu i\u015flemler yap\u0131l\u0131rken konsoloslu\u011fun sizden talep etti\u011fi belgeleri eksiksiz ve tam \u015fekilde iletmeniz, ba\u015fvurunuzun i\u015fleme al\u0131nabilmesi bak\u0131m\u0131ndan \u00f6nem arz eder. Genel belgeler d\u0131\u015f\u0131nda konsolosluk yetkilileri sizden farkl\u0131 belgeler de talep edebilirler. Bununla beraber, vize t\u00fcr\u00fcn\u00fcze uygun olan evraklar\u0131 edinmeniz de \u00f6nemlidir. Bu sayede vize ba\u015fvuru s\u00fcresini problemsiz bir \u015fekilde atlatman\u0131z s\u00f6z konusu olabilecektir. Gaziantep, Bodrum, Edirne, Trabzon, Bursa, Kayseri, \u0130stanbul ve Ankara gibi temsilciliklere ba\u015fvurunuzu ger\u00e7ekle\u015ftirebilirsiniz.<\/span><\/p>\n<p><img decoding=\"async\" src=\"https:\/\/www.myvize.com.tr\/letonya\/wp-content\/uploads\/2021\/10\/53.jpg\" \/><\/p>\n","protected":false},"excerpt":{"rendered":"<p>Letonya Vizesi Hakk\u0131nda Letonya vizesi, Letonya fahri konsolosluklar\u0131ndan ya da \u00f6zel olarak yetkilendirilmi\u015f akredite dan\u0131\u015fmanl\u0131k kurulu\u015flar\u0131ndan al\u0131nabilmektedir. Letonya vizesi\u00a0ba\u015fvurular\u0131nda dikkat edilmesi gereken baz\u0131 hususlar vard\u0131r. Bu hususlar; Pasaportun y\u0131pranmam\u0131\u015f olmas\u0131 gereklidir. E\u011fer pasaportunuz y\u0131pranm\u0131\u015f ise yenilemek size avantaj sa\u011flayacakt\u0131r. Pasaport ge\u00e7erlilik s\u00fcresinin, vize ba\u015fvuru tarihini baz alacak \u015fekilde en az bir y\u0131l daha kullan\u0131labilecek olmas\u0131na<\/p>\n","protected":false},"author":1,"featured_media":0,"parent":18,"menu_order":0,"comment_status":"open","ping_status":"closed","template":"","meta":{"footnotes":""},"class_list":["post-30","page","type-page","status-publish","hentry"],"yoast_head":"<!-- This site is optimized with the Yoast SEO plugin v24.0 - https:\/\/yoast.com\/wordpress\/plugins\/seo\/ -->\n<title>Letonya Vizesi - Letonya Vize \u0130\u015flemi - MyVize<\/title>\n<meta name=\"description\" content=\"Letonya Vizesi almak i\u00e7in gerekli t\u00fcm evraklar listesi 2022 hemen t\u0131kla! Letonya Vize Randevusu i\u00e7in hemen ara: 0850 346 84 93\" \/>\n<meta name=\"robots\" content=\"index, follow, max-snippet:-1, max-image-preview:large, max-video-preview:-1\" \/>\n<link rel=\"canonical\" href=\"https:\/\/www.myvize.com.tr\/letonya\/vize-islemleri\/letonya-vizesi\/\" \/>\n<meta property=\"og:locale\" content=\"tr_TR\" \/>\n<meta property=\"og:type\" content=\"article\" \/>\n<meta property=\"og:title\" content=\"Letonya Vizesi - Letonya Vize \u0130\u015flemi - MyVize\" \/>\n<meta property=\"og:description\" content=\"Letonya Vizesi almak i\u00e7in gerekli t\u00fcm evraklar listesi 2022 hemen t\u0131kla! Letonya Vize Randevusu i\u00e7in hemen ara: 0850 346 84 93\" \/>\n<meta property=\"og:url\" content=\"https:\/\/www.myvize.com.tr\/letonya\/vize-islemleri\/letonya-vizesi\/\" \/>\n<meta property=\"og:site_name\" content=\"Letonya Vizesi\" \/>\n<meta property=\"article:modified_time\" content=\"2022-06-04T09:39:59+00:00\" \/>\n<meta property=\"og:image\" content=\"https:\/\/www.myvize.com.tr\/letonya\/wp-content\/uploads\/2021\/10\/53.jpg\" \/>\n<meta name=\"twitter:card\" content=\"summary_large_image\" \/>\n<meta name=\"twitter:label1\" content=\"Tahmini okuma s\u00fcresi\" \/>\n\t<meta name=\"twitter:data1\" content=\"5 dakika\" \/>\n<script type=\"application\/ld+json\" class=\"yoast-schema-graph\">{\"@context\":\"https:\/\/schema.org\",\"@graph\":[{\"@type\":\"WebPage\",\"@id\":\"https:\/\/www.myvize.com.tr\/letonya\/vize-islemleri\/letonya-vizesi\/\",\"url\":\"https:\/\/www.myvize.com.tr\/letonya\/vize-islemleri\/letonya-vizesi\/\",\"name\":\"Letonya Vizesi - Letonya Vize \u0130\u015flemi - MyVize\",\"isPartOf\":{\"@id\":\"https:\/\/www.myvize.com.tr\/letonya\/#website\"},\"primaryImageOfPage\":{\"@id\":\"https:\/\/www.myvize.com.tr\/letonya\/vize-islemleri\/letonya-vizesi\/#primaryimage\"},\"image\":{\"@id\":\"https:\/\/www.myvize.com.tr\/letonya\/vize-islemleri\/letonya-vizesi\/#primaryimage\"},\"thumbnailUrl\":\"https:\/\/www.myvize.com.tr\/letonya\/wp-content\/uploads\/2021\/10\/53.jpg\",\"datePublished\":\"2020-11-30T09:39:12+00:00\",\"dateModified\":\"2022-06-04T09:39:59+00:00\",\"description\":\"Letonya Vizesi almak i\u00e7in gerekli t\u00fcm evraklar listesi 2022 hemen t\u0131kla! Letonya Vize Randevusu i\u00e7in hemen ara: 0850 346 84 93\",\"breadcrumb\":{\"@id\":\"https:\/\/www.myvize.com.tr\/letonya\/vize-islemleri\/letonya-vizesi\/#breadcrumb\"},\"inLanguage\":\"tr\",\"potentialAction\":[{\"@type\":\"ReadAction\",\"target\":[\"https:\/\/www.myvize.com.tr\/letonya\/vize-islemleri\/letonya-vizesi\/\"]}]},{\"@type\":\"ImageObject\",\"inLanguage\":\"tr\",\"@id\":\"https:\/\/www.myvize.com.tr\/letonya\/vize-islemleri\/letonya-vizesi\/#primaryimage\",\"url\":\"https:\/\/www.myvize.com.tr\/letonya\/wp-content\/uploads\/2021\/10\/53.jpg\",\"contentUrl\":\"https:\/\/www.myvize.com.tr\/letonya\/wp-content\/uploads\/2021\/10\/53.jpg\",\"width\":800,\"height\":500,\"caption\":\"Letonya Vizesi\"},{\"@type\":\"BreadcrumbList\",\"@id\":\"https:\/\/www.myvize.com.tr\/letonya\/vize-islemleri\/letonya-vizesi\/#breadcrumb\",\"itemListElement\":[{\"@type\":\"ListItem\",\"position\":1,\"name\":\"Anasayfa\",\"item\":\"https:\/\/www.myvize.com.tr\/letonya\/\"},{\"@type\":\"ListItem\",\"position\":2,\"name\":\"V\u0130ZE \u0130\u015eLEMLER\u0130\",\"item\":\"https:\/\/www.myvize.com.tr\/letonya\/vize-islemleri\/\"},{\"@type\":\"ListItem\",\"position\":3,\"name\":\"Letonya Vizesi\"}]},{\"@type\":\"WebSite\",\"@id\":\"https:\/\/www.myvize.com.tr\/letonya\/#website\",\"url\":\"https:\/\/www.myvize.com.tr\/letonya\/\",\"name\":\"Letonya Vizesi\",\"description\":\"\",\"potentialAction\":[{\"@type\":\"SearchAction\",\"target\":{\"@type\":\"EntryPoint\",\"urlTemplate\":\"https:\/\/www.myvize.com.tr\/letonya\/?s={search_term_string}\"},\"query-input\":{\"@type\":\"PropertyValueSpecification\",\"valueRequired\":true,\"valueName\":\"search_term_string\"}}],\"inLanguage\":\"tr\"}]}<\/script>\n<!-- \/ Yoast SEO plugin. -->","yoast_head_json":{"title":"Letonya Vizesi - Letonya Vize \u0130\u015flemi - MyVize","description":"Letonya Vizesi almak i\u00e7in gerekli t\u00fcm evraklar listesi 2022 hemen t\u0131kla! Letonya Vize Randevusu i\u00e7in hemen ara: 0850 346 84 93","robots":{"index":"index","follow":"follow","max-snippet":"max-snippet:-1","max-image-preview":"max-image-preview:large","max-video-preview":"max-video-preview:-1"},"canonical":"https:\/\/www.myvize.com.tr\/letonya\/vize-islemleri\/letonya-vizesi\/","og_locale":"tr_TR","og_type":"article","og_title":"Letonya Vizesi - Letonya Vize \u0130\u015flemi - MyVize","og_description":"Letonya Vizesi almak i\u00e7in gerekli t\u00fcm evraklar listesi 2022 hemen t\u0131kla! Letonya Vize Randevusu i\u00e7in hemen ara: 0850 346 84 93","og_url":"https:\/\/www.myvize.com.tr\/letonya\/vize-islemleri\/letonya-vizesi\/","og_site_name":"Letonya Vizesi","article_modified_time":"2022-06-04T09:39:59+00:00","og_image":[{"url":"https:\/\/www.myvize.com.tr\/letonya\/wp-content\/uploads\/2021\/10\/53.jpg","type":"","width":"","height":""}],"twitter_card":"summary_large_image","twitter_misc":{"Tahmini okuma s\u00fcresi":"5 dakika"},"schema":{"@context":"https:\/\/schema.org","@graph":[{"@type":"WebPage","@id":"https:\/\/www.myvize.com.tr\/letonya\/vize-islemleri\/letonya-vizesi\/","url":"https:\/\/www.myvize.com.tr\/letonya\/vize-islemleri\/letonya-vizesi\/","name":"Letonya Vizesi - Letonya Vize \u0130\u015flemi - MyVize","isPartOf":{"@id":"https:\/\/www.myvize.com.tr\/letonya\/#website"},"primaryImageOfPage":{"@id":"https:\/\/www.myvize.com.tr\/letonya\/vize-islemleri\/letonya-vizesi\/#primaryimage"},"image":{"@id":"https:\/\/www.myvize.com.tr\/letonya\/vize-islemleri\/letonya-vizesi\/#primaryimage"},"thumbnailUrl":"https:\/\/www.myvize.com.tr\/letonya\/wp-content\/uploads\/2021\/10\/53.jpg","datePublished":"2020-11-30T09:39:12+00:00","dateModified":"2022-06-04T09:39:59+00:00","description":"Letonya Vizesi almak i\u00e7in gerekli t\u00fcm evraklar listesi 2022 hemen t\u0131kla! Letonya Vize Randevusu i\u00e7in hemen ara: 0850 346 84 93","breadcrumb":{"@id":"https:\/\/www.myvize.com.tr\/letonya\/vize-islemleri\/letonya-vizesi\/#breadcrumb"},"inLanguage":"tr","potentialAction":[{"@type":"ReadAction","target":["https:\/\/www.myvize.com.tr\/letonya\/vize-islemleri\/letonya-vizesi\/"]}]},{"@type":"ImageObject","inLanguage":"tr","@id":"https:\/\/www.myvize.com.tr\/letonya\/vize-islemleri\/letonya-vizesi\/#primaryimage","url":"https:\/\/www.myvize.com.tr\/letonya\/wp-content\/uploads\/2021\/10\/53.jpg","contentUrl":"https:\/\/www.myvize.com.tr\/letonya\/wp-content\/uploads\/2021\/10\/53.jpg","width":800,"height":500,"caption":"Letonya Vizesi"},{"@type":"BreadcrumbList","@id":"https:\/\/www.myvize.com.tr\/letonya\/vize-islemleri\/letonya-vizesi\/#breadcrumb","itemListElement":[{"@type":"ListItem","position":1,"name":"Anasayfa","item":"https:\/\/www.myvize.com.tr\/letonya\/"},{"@type":"ListItem","position":2,"name":"V\u0130ZE \u0130\u015eLEMLER\u0130","item":"https:\/\/www.myvize.com.tr\/letonya\/vize-islemleri\/"},{"@type":"ListItem","position":3,"name":"Letonya Vizesi"}]},{"@type":"WebSite","@id":"https:\/\/www.myvize.com.tr\/letonya\/#website","url":"https:\/\/www.myvize.com.tr\/letonya\/","name":"Letonya Vizesi","description":"","potentialAction":[{"@type":"SearchAction","target":{"@type":"EntryPoint","urlTemplate":"https:\/\/www.myvize.com.tr\/letonya\/?s={search_term_string}"},"query-input":{"@type":"PropertyValueSpecification","valueRequired":true,"valueName":"search_term_string"}}],"inLanguage":"tr"}]}},"_links":{"self":[{"href":"https:\/\/www.myvize.com.tr\/letonya\/wp-json\/wp\/v2\/pages\/30","targetHints":{"allow":["GET"]}}],"collection":[{"href":"https:\/\/www.myvize.com.tr\/letonya\/wp-json\/wp\/v2\/pages"}],"about":[{"href":"https:\/\/www.myvize.com.tr\/letonya\/wp-json\/wp\/v2\/types\/page"}],"author":[{"embeddable":true,"href":"https:\/\/www.myvize.com.tr\/letonya\/wp-json\/wp\/v2\/users\/1"}],"replies":[{"embeddable":true,"href":"https:\/\/www.myvize.com.tr\/letonya\/wp-json\/wp\/v2\/comments?post=30"}],"version-history":[{"count":12,"href":"https:\/\/www.myvize.com.tr\/letonya\/wp-json\/wp\/v2\/pages\/30\/revisions"}],"predecessor-version":[{"id":788,"href":"https:\/\/www.myvize.com.tr\/letonya\/wp-json\/wp\/v2\/pages\/30\/revisions\/788"}],"up":[{"embeddable":true,"href":"https:\/\/www.myvize.com.tr\/letonya\/wp-json\/wp\/v2\/pages\/18"}],"wp:attachment":[{"href":"https:\/\/www.myvize.com.tr\/letonya\/wp-json\/wp\/v2\/media?parent=30"}],"curies":[{"name":"wp","href":"https:\/\/api.w.org\/{rel}","templated":true}]}}