{"id":302,"date":"2021-06-29T12:00:00","date_gmt":"2021-06-29T09:00:00","guid":{"rendered":"https:\/\/www.myvize.com.tr\/letonya\/?page_id=302"},"modified":"2022-08-16T12:46:04","modified_gmt":"2022-08-16T09:46:04","slug":"letonya-transit-vize","status":"publish","type":"page","link":"https:\/\/www.myvize.com.tr\/letonya\/vize-islemleri\/letonya-transit-vize\/","title":{"rendered":"Letonya Transit Vize"},"content":{"rendered":"<p><span style=\"font-family: Roboto;\"><\/span><\/p>\r\n<p><span style=\"font-family: Roboto; font-size: 14px;\">\u00dclkeden \u00fclkeye k\u0131sa s\u00fcreli ge\u00e7i\u015flerde gerekli olan transit vize, aktar\u0131m yap\u0131laca\u011f\u0131 zaman mutlaka al\u0131nmal\u0131d\u0131r.\u00a0<strong>Letonya transit\u00a0vize<\/strong> sayesinde, \u00fclkeye sorunsuz olarak girilebilir. <strong>Transit vize<\/strong>ler aktar\u0131m yap\u0131lacak olan u\u00e7u\u015flarda dikkat edilmesi gereken durumlardand\u0131r. U\u00e7u\u015flar\u0131 aktar\u0131m i\u00e7eren yolcular, \u00fclkeye transit vize olup olmad\u0131\u011f\u0131n\u0131 kontrol ederek hareket etmelidir. \u00dclkeden \u00fclkeye g\u00f6re, aktar\u0131m s\u00fcrelerinde de\u011fi\u015fiklikler ya\u015fanabilir.<\/span><\/p>\r\n<p><span style=\"font-family: Roboto; font-size: 14px;\">\r\n\r\n<\/span><\/p>\r\n<p><span style=\"font-family: Roboto; font-size: 14px;\">Dolay\u0131s\u0131yla bu s\u00fcrelere de haz\u0131rl\u0131kl\u0131 olunmas\u0131 gerekir. <strong>Transit vize<\/strong> alacak olanlar baz\u0131 evraklar\u0131 haz\u0131rlamal\u0131d\u0131r. Bu evraklar arac\u0131l\u0131\u011f\u0131yla, transit vizeler al\u0131nabilir. Vize ba\u015fvuru formu, ge\u00e7erli pasaport, biometrik foto\u011fraf, sa\u011fl\u0131k sigortas\u0131 gibi evraklar, <strong>transit vize<\/strong> alacak olanlardan al\u0131n\u0131r. 12 ya da 24 saatten fazla olan u\u00e7u\u015flarda, transit vizelerin al\u0131nmas\u0131 gerekebilir. Vizeyi almak isteyenler, bunun i\u00e7in arac\u0131 kurumlardan da faydalanabilir.<\/span><\/p>\r\n<p><span style=\"font-family: Roboto; font-size: 14px;\"> <img decoding=\"async\" src=\"https:\/\/www.myvize.com.tr\/letonya\/wp-content\/uploads\/2021\/10\/34.jpg\" \/><\/span><\/p>\r\n<h2><span style=\"font-family: Roboto; font-size: 27px;\"><strong>Letonya Transit Vize Nedir?<\/strong><\/span><\/h2>\r\n<p><span style=\"font-family: Roboto; font-size: 14px;\"><strong>Letonya transit vize,<\/strong> Shengen b\u00f6lgesinde yer alan \u00fclkelerin d\u0131\u015f\u0131nda bir \u00fclkeye seyahat a\u015famas\u0131nda Letonya \u00fczerinden hava yolu ile bir aktarma yap\u0131lacaksa ya da ara\u00e7 ile Letonya i\u00e7inden ge\u00e7ilmesi gerekiyorsa al\u0131nmas\u0131 gereken k\u0131sa s\u00fcreli bir vizedir. Hava yolu ile yap\u0131lan yolculuklarda Letonya\u2019 da bulunan hava alanlar\u0131ndan \u00e7\u0131k\u0131lmayacaksa transit vize al\u0131m\u0131na gerek yoktur.\u00a0 Letonya transit vize T\u00fcrkiye Cumhuriyeti vatanda\u015flar\u0131ndan bordo pasaporta sahip olanlar i\u00e7in zorunlu tutulmu\u015ftur ancak gri, ye\u015fil, ve siyah renkli pasaporta sahip olan T\u00fcrkiye Cumhuriyeti vatanda\u015flar\u0131n\u0131n ba\u015fvuru zorunluluklar\u0131 yoktur bu vizeden muaf tutulmu\u015flard\u0131r.<strong> Letonya transit vizesi<\/strong> al\u0131nd\u0131\u011f\u0131nda Letonya\u2019 da zaman s\u0131n\u0131r\u0131 olmadan dola\u015f\u0131m hakk\u0131 tan\u0131nmamaktad\u0131r. Sadece Letonya \u00fczerinden 3. bir \u00fclkeye seyahat hakk\u0131 verilmi\u015ftir.<\/span><\/p>\r\n<p><span style=\"font-family: Roboto; font-size: 14px;\">Letonya transit vizesine ba\u015fvuruda bulunmadan \u00f6nce as\u0131l gidilmek istenen \u00fclkeye ait vizenin al\u0131nmas\u0131 ve transit vize ba\u015fvurusuna bu vizenin de evraklar\u0131n\u0131n eklenmesi gereklidir.<\/span><\/p>\r\n<h2><span style=\"font-family: Roboto; font-size: 27px;\"><strong>Letonya Transit Vize \u0130stiyor Mu?<\/strong><\/span><\/h2>\r\n<p><span style=\"font-family: Roboto; font-size: 14px;\">Letonya transit vize, T\u00fcrkiye\u2019 den 3. bir \u00fclkeye seyahat ederken Letonya \u00fczerinden aktarma yap\u0131lmas\u0131 gereken durumlarda ba\u015fvurulmas\u0131 gereken k\u0131sa s\u00fcreli bir vize t\u00fcr\u00fcd\u00fcr. Letonya transit vize T\u00fcrkiye Cumhuriyeti vatanda\u015flar\u0131ndan sadece bordo renkli pasaporta sahip olanlar i\u00e7in zorunlu olarak tutulmu\u015ftur. Gri, ye\u015fil ve siyah pasaporta sahip olanlar\u0131n transit vize alma zorunluluklar\u0131 yoktur ve di\u011fer k\u0131sa s\u00fcreli vizelerde oldu\u011fu gibi bu vizeden de muaf tutulmu\u015flard\u0131r. Letonya transit vizesine ba\u015fvuruda bulunmadan \u00f6nce ilk olarak as\u0131l seyahat edilmesi planlanan \u00fclkenin vizelerinin al\u0131nmas\u0131 gerekmektedir. <strong>Letonya Konsolosluklar\u0131<\/strong> transit vize ba\u015fvurular\u0131nda bu evraklar\u0131 da g\u00f6rmek istemektedir. Ancak Shengen b\u00f6lgesi \u00fclkeleri aras\u0131nda yap\u0131lan seyahatlerde <span style=\"color: #2acec2;\"><strong><a style=\"color: #2acec2;\" href=\"https:\/\/www.myvize.com.tr\/letonya\/vize-islemleri\/letonya-schengen-vizesi\/\" target=\"_blank\" rel=\"noopener\">Letonya Shengen vizesi <\/a><\/strong><\/span>al\u0131nd\u0131ysa transit vizenin al\u0131nmas\u0131na gerek yoktur. Transit vize olmadan da \u00fclkeler aras\u0131nda ge\u00e7i\u015f yap\u0131labilir.<\/span><\/p>\r\n<p><span style=\"font-family: Roboto; font-size: 14px;\">Letonya \u00fczerinden hava yolu ile bir aktarma yap\u0131lacaksa havaalan\u0131ndan ayr\u0131l\u0131nmamas\u0131 durumunda transit vize al\u0131nmas\u0131na gerek yoktur.<\/span><\/p>\r\n<h2><span style=\"font-family: Roboto; font-size: 27px;\"><strong>Letonya Transit Vize Veriyor Mu?<\/strong><\/span><\/h2>\r\n<p><span style=\"font-family: Roboto; font-size: 14px;\">Letonya do\u011fu Avrupa\u2019 da ve Shengen b\u00f6lgesinde yer ald\u0131\u011f\u0131 i\u00e7in b\u00f6lge d\u0131\u015f\u0131nda di\u011fer \u00fclkelere Letonya \u00fczerinden ge\u00e7i\u015flerde transit vize istemektedir. T\u00fcrkiye\u2019 den Shengen b\u00f6lgesinde olmayan farkl\u0131 bir \u00fclkeye seyahat etmek istendi\u011finde e\u011fer Letonya\u2019 dan bir aktarma yap\u0131lacaksa ya da karayolu ile Letonya \u00fczerinden ge\u00e7ilecekse transit vize al\u0131nmas\u0131 sorunlu tutulmu\u015ftur. Hava yolu ile yap\u0131lan seyahatlerde aktarma s\u0131ras\u0131nda havaalan\u0131ndan ayr\u0131l\u0131nmayacaksa transit vize de al\u0131nmas\u0131na gerek yoktur. T\u00fcrkiye Cumhuriyeti vatanda\u015flar\u0131ndan bordo renkli pasaporta sahip olanlar\u0131n transit vizeye ba\u015fvurmalar\u0131 gerekir di\u011fer pasaport t\u00fcrlerinin vize ba\u015fvurusunda bulunmadan ge\u00e7i\u015flerine imkan verilmektedir. Letonya transit vize ba\u015fvurular\u0131 <strong>Letonya konsolosluklar\u0131<\/strong> taraf\u0131ndan yetki verilen vize dan\u0131\u015fman\u0131 firmalar arac\u0131l\u0131\u011f\u0131yla yap\u0131labilir. Ba\u015fvuruda bulunmadan \u00f6nce al\u0131\u015f gidilmesi gereken \u00fclke i\u00e7in bize i\u015flemleri tamamlanm\u0131\u015f olmal\u0131d\u0131r.<\/span><\/p>\r\n<p><span style=\"font-family: Roboto; font-size: 14px;\">Letonya vizesine ba\u015fvuru esnas\u0131ndan istenilen vize evraklar\u0131 ile birlikte as\u0131l gidilmesi gereken \u00fclkenin vize evraklar\u0131 ve t\u00fcm seyahat bilgileri de vize dosyas\u0131 i\u00e7erisinde vize dan\u0131\u015fman\u0131 firmaya teslim edilmeli konsolosluklardan bilgi gelmesi beklenmelidir.<\/span><\/p>\r\n<h2><span style=\"font-family: Roboto; font-size: 27px;\"><strong>Letonya Transit Vize Nas\u0131l Al\u0131n\u0131r?<\/strong><\/span><\/h2>\r\n<p><span style=\"font-family: Roboto; font-size: 14px;\">Letonya\u2019 dan yap\u0131lmas\u0131 d\u00fc\u015f\u00fcn\u00fclen transit bir ge\u00e7i\u015f i\u00e7in yolculu\u011fun planlanmas\u0131 a\u015famas\u0131nda transit vize i\u00e7in gerekli evraklar\u0131n eksiksiz olarak <strong>Letonya Konsolosluklar\u0131<\/strong> taraf\u0131ndan yetkilendirilen vize dan\u0131\u015fman\u0131 firmalara teslim edilmesi gerekir. Transit vize ba\u015fvurusu s\u0131ras\u0131nda evraklar\u0131n tam olmas\u0131n dikkat edilmeli ve a\u015fa\u011f\u0131da belirtilen listeye g\u00f6re bir evrak haz\u0131rl\u0131\u011f\u0131 yap\u0131lmal\u0131d\u0131r.<\/span><\/p>\r\n<ul>\r\n<li><span style=\"font-family: Roboto; font-size: 14px;\">10 y\u0131ldan eski olmayan ve seyahat sonras\u0131nda da 3 ay daha ge\u00e7erlili\u011fi bulunan pasaport<\/span><\/li>\r\n<li><span style=\"font-family: Roboto; font-size: 14px;\">Biyometrik olarak \u00e7ektirilmi\u015f 2 adet foto\u011fraf<\/span><\/li>\r\n<li><span style=\"font-family: Roboto; font-size: 14px;\">N\u00fcfus c\u00fczdan\u0131 fotokopisi<\/span><\/li>\r\n<li><span style=\"font-family: Roboto; font-size: 14px;\">Gelir durumunu ispatlayan banka hesap d\u00f6k\u00fcmleri<\/span><\/li>\r\n<li><span style=\"font-family: Roboto; font-size: 14px;\">As\u0131l gidilmesi hedeflenen \u00fclkeye ait al\u0131nm\u0131\u015f vize<\/span><\/li>\r\n<li><span style=\"font-family: Roboto; font-size: 14px;\">As\u0131l gidilmesi hedeflenen \u00fclkeye ait seyahat bilgileri ve orada yap\u0131lacak konaklama bilgileri<\/span><\/li>\r\n<li><span style=\"font-family: Roboto; font-size: 14px;\">T\u00fcm seyahati kapsayacak bir seyahat sa\u011fl\u0131k sigortas\u0131<\/span><\/li>\r\n<li><span style=\"font-family: Roboto; font-size: 14px;\">N\u00fcfus kay\u0131t belgesi, aile bireylerinin kimlik bilgilerini ve ikametgah adreslerini i\u00e7ermeli.<\/span><\/li>\r\n<\/ul>\r\n<p><span style=\"font-family: Roboto; font-size: 14px;\">Bu evraklar\u0131n teslim edilmesiyle bir aksakl\u0131k olmadan Letonya transit vizesi de al\u0131nabilir.<\/span><\/p>\r\n<p><span style=\"font-family: Roboto; font-size: 14px;\"><\/span><\/p>\r\n<h3><span style=\"font-family: Roboto; font-size: 24px;\"><strong>Letonya Transit Vize Neden Al\u0131nmal\u0131d\u0131r?<\/strong><\/span><\/h3>\r\n<p><span style=\"font-family: Roboto; font-size: 14px;\">\r\n\r\n<\/span><\/p>\r\n<p><span style=\"font-family: Roboto; font-size: 14px;\"><strong>Transit vize<\/strong>ler yurt d\u0131\u015f\u0131 seyahati ger\u00e7ekle\u015ftirecek olanlar\u0131n mutlaka kar\u015f\u0131s\u0131na \u00e7\u0131kar. Bunun sonucunda farkl\u0131 vizeler gerekli olabilir. Transit vizeler al\u0131nmad\u0131\u011f\u0131 takdirde, insanlar\u0131n ba\u015f\u0131na \u00e7ok fazla sorunlar \u00e7\u0131karabilir. <strong>Letonya transit vizesi<\/strong> olmayanlar, \u00fclkeye gitmekten al\u0131koyulabilir. Havayolu personelleri, <strong>transit vizesi<\/strong> olmayanlar\u0131 u\u00e7u\u015fa almama hakk\u0131na sahiptirler.<\/span><\/p>\r\n<p><span style=\"font-family: Roboto; font-size: 14px;\">\r\n\r\n<\/span><\/p>\r\n<p><span style=\"font-family: Roboto; font-size: 14px;\">Bunun yan\u0131 s\u0131ra <strong>transit vizesi<\/strong> olmayanlar, g\u00fcmr\u00fck polisleri ve ilgili makamlar taraf\u0131ndan cezaland\u0131r\u0131labilir. Buna maruz kalmamak ad\u0131na transit vize konusuna dikkat edilmesi gerekir. Sadece Avrupa \u00fclkelerinde de\u011fil, di\u011fer \u00fclkeler i\u00e7inde transit vize al\u0131nmas\u0131 gerekebilir. <strong>Transit<\/strong> <strong>vize<\/strong> alacak olanlar, gerekli \u015fartlar\u0131 incelemeli ve ona g\u00f6re bir yol izlemelidir.<\/span><\/p>\r\n<p><span style=\"font-family: Roboto; font-size: 14px;\"><strong><span style=\"color: #2acec2;\"><a style=\"color: #2acec2;\" href=\"https:\/\/www.myvize.com.tr\/letonya\/vize-islemleri\/letonya-vize-reddi\/\" target=\"_blank\" rel=\"noopener\">Letonya Vize Reddi<\/a><\/span><\/strong> ile ilgili bilgi almak i\u00e7in bizi aray\u0131n\u0131z.<\/span><\/p>\r\n<h3><span style=\"font-size: 24px;\"><strong><span style=\"font-family: Roboto;\">Letonya Transit Vize \u0130\u00e7in Gerekli Evraklar<\/span><\/strong><\/span><\/h3>\r\n<p><span style=\"font-family: Roboto; font-size: 14px;\">Farkl\u0131 bir \u00fclkeye seyahat etmek isteyenlerin <strong>Letonya<\/strong> \u00fczerinden ge\u00e7i\u015f yapacak olmalar\u0131 halinde transit vize ba\u015fvurusunda bulunmalar\u0131 gerekmektedir. Hava alan\u0131ndan \u00e7\u0131kmayacak olan ki\u015filerin ya da en fazla 48 saat s\u00fcreyle \u00e7\u0131kmak isteyenlerin hemen ba\u015fvuru yaparak bu hakka sahip olabileceklerini aktar\u0131yoruz. Sizler de ba\u015fvurularda konsoloslu\u011fun yetkilendirdi\u011fi kurumlar arac\u0131l\u0131\u011f\u0131yla hedeflerinize ula\u015fabilirsiniz. Randevular\u0131n\u0131z\u0131n al\u0131nmas\u0131, evraklar\u0131n\u0131z\u0131n haz\u0131rlanmas\u0131 ve s\u00fcrecin takip edilmesi i\u00e7in etkili \u00e7\u00f6z\u00fcmlere ula\u015fabileceksiniz.\u00a0<strong>Letonya Transit Vize \u0130\u00e7in Gerekli Evraklar\u00a0<\/strong>hakk\u0131nda bilgi sahibi olabilece\u011finizi vurgulamaktay\u0131z. Pasaportunuzun ge\u00e7erli olmas\u0131, foto\u011fraf\u0131n\u0131z\u0131n g\u00fcncel olmas\u0131, kimli\u011finizin bulunmas\u0131, talep dilek\u00e7enizin haz\u0131rlanmas\u0131 ve seyahat sa\u011fl\u0131k sigortas\u0131n\u0131n yat\u0131r\u0131lmas\u0131 gibi \u015fartlar\u0131 yerine getirdi\u011finizde do\u011fru ad\u0131mlar\u0131 atm\u0131\u015f olacaks\u0131n\u0131z. Sizler de yakla\u015f\u0131k 10 g\u00fcn gibi bir s\u00fcre i\u00e7erisinde a\u00e7\u0131klanacak olan ba\u015fvurular\u0131n\u0131z\u0131 yaparken eksiklerin yer almamas\u0131 i\u00e7in bizlere g\u00fcvenebilirsiniz. \u00dcstelik en az 30 g\u00fcn \u00f6ncesinden ba\u015fvurular\u0131n\u0131z\u0131 ger\u00e7ekle\u015ftirebilir ve <strong>Schengen<\/strong> ba\u015fvurular\u0131 \u00e7er\u00e7evesinde ad\u0131m atabilirsiniz. \u00dc\u00e7\u00fcnc\u00fc bir \u00fclkeye ge\u00e7i\u015f yapabilmek i\u00e7in bu \u00fclkeye ait belgeleri ve bilgileri de bulundurman\u0131z gerekmektedir. Kendi arac\u0131n\u0131zla ge\u00e7i\u015f yapaca\u011f\u0131n\u0131zda <strong>vize muafiyeti<\/strong>niz bulunurken, u\u00e7u\u00e7 yapaca\u011f\u0131n\u0131zda ise pasaportunuzun uygun olmas\u0131 gerekmektedir.<\/span><\/p>\r\n<p><span style=\"font-family: Roboto; font-size: 14px;\"><span style=\"color: #2acec2;\"><strong><a style=\"color: #2acec2;\" href=\"https:\/\/www.myvize.com.tr\/letonya\/vize-islemleri\/letonya-turistik-vize\/\" target=\"_blank\" rel=\"noopener\">Letonya Turistik Vize<\/a><\/strong><\/span> ile ilgili bilgi almak i\u00e7in bizi aray\u0131n\u0131z.<\/span><\/p>\r\n<p><span style=\"font-family: Roboto;\"><\/span><\/p>","protected":false},"excerpt":{"rendered":"<p>\u00dclkeden \u00fclkeye k\u0131sa s\u00fcreli ge\u00e7i\u015flerde gerekli olan transit vize, aktar\u0131m yap\u0131laca\u011f\u0131 zaman mutlaka al\u0131nmal\u0131d\u0131r.\u00a0Letonya transit\u00a0vize sayesinde, \u00fclkeye sorunsuz olarak girilebilir. Transit vizeler aktar\u0131m yap\u0131lacak olan u\u00e7u\u015flarda dikkat edilmesi gereken durumlardand\u0131r. U\u00e7u\u015flar\u0131 aktar\u0131m i\u00e7eren yolcular, \u00fclkeye transit vize olup olmad\u0131\u011f\u0131n\u0131 kontrol ederek hareket etmelidir. \u00dclkeden \u00fclkeye g\u00f6re, aktar\u0131m s\u00fcrelerinde de\u011fi\u015fiklikler ya\u015fanabilir. Dolay\u0131s\u0131yla bu s\u00fcrelere de haz\u0131rl\u0131kl\u0131<\/p>\n","protected":false},"author":1,"featured_media":0,"parent":18,"menu_order":0,"comment_status":"open","ping_status":"closed","template":"","meta":{"footnotes":""},"class_list":["post-302","page","type-page","status-publish","hentry"],"yoast_head":"<!-- This site is optimized with the Yoast SEO plugin v24.0 - https:\/\/yoast.com\/wordpress\/plugins\/seo\/ -->\n<title>Letonya Transit Vize - Letonya Vize Ba\u015fvurusu - MyVize<\/title>\n<meta name=\"description\" content=\"Letonya Transit Vizesi almak i\u00e7in gerekli t\u00fcm evraklar listesi 2022 hemen t\u0131kla! Letonya Vize Randevusu i\u00e7in hemen ara: 0850 346 84 93\" \/>\n<meta name=\"robots\" content=\"index, follow, max-snippet:-1, max-image-preview:large, max-video-preview:-1\" \/>\n<link rel=\"canonical\" href=\"https:\/\/www.myvize.com.tr\/letonya\/vize-islemleri\/letonya-transit-vize\/\" \/>\n<meta property=\"og:locale\" content=\"tr_TR\" \/>\n<meta property=\"og:type\" content=\"article\" \/>\n<meta property=\"og:title\" content=\"Letonya Transit Vize - Letonya Vize Ba\u015fvurusu - MyVize\" \/>\n<meta property=\"og:description\" content=\"Letonya Transit Vizesi almak i\u00e7in gerekli t\u00fcm evraklar listesi 2022 hemen t\u0131kla! Letonya Vize Randevusu i\u00e7in hemen ara: 0850 346 84 93\" \/>\n<meta property=\"og:url\" content=\"https:\/\/www.myvize.com.tr\/letonya\/vize-islemleri\/letonya-transit-vize\/\" \/>\n<meta property=\"og:site_name\" content=\"Letonya Vizesi\" \/>\n<meta property=\"article:modified_time\" content=\"2022-08-16T09:46:04+00:00\" \/>\n<meta property=\"og:image\" content=\"https:\/\/www.myvize.com.tr\/letonya\/wp-content\/uploads\/2021\/10\/34.jpg\" \/>\n<meta name=\"twitter:card\" content=\"summary_large_image\" \/>\n<meta name=\"twitter:label1\" content=\"Tahmini okuma s\u00fcresi\" \/>\n\t<meta name=\"twitter:data1\" content=\"6 dakika\" \/>\n<script type=\"application\/ld+json\" class=\"yoast-schema-graph\">{\"@context\":\"https:\/\/schema.org\",\"@graph\":[{\"@type\":\"WebPage\",\"@id\":\"https:\/\/www.myvize.com.tr\/letonya\/vize-islemleri\/letonya-transit-vize\/\",\"url\":\"https:\/\/www.myvize.com.tr\/letonya\/vize-islemleri\/letonya-transit-vize\/\",\"name\":\"Letonya Transit Vize - Letonya Vize Ba\u015fvurusu - MyVize\",\"isPartOf\":{\"@id\":\"https:\/\/www.myvize.com.tr\/letonya\/#website\"},\"primaryImageOfPage\":{\"@id\":\"https:\/\/www.myvize.com.tr\/letonya\/vize-islemleri\/letonya-transit-vize\/#primaryimage\"},\"image\":{\"@id\":\"https:\/\/www.myvize.com.tr\/letonya\/vize-islemleri\/letonya-transit-vize\/#primaryimage\"},\"thumbnailUrl\":\"https:\/\/www.myvize.com.tr\/letonya\/wp-content\/uploads\/2021\/10\/34.jpg\",\"datePublished\":\"2021-06-29T09:00:00+00:00\",\"dateModified\":\"2022-08-16T09:46:04+00:00\",\"description\":\"Letonya Transit Vizesi almak i\u00e7in gerekli t\u00fcm evraklar listesi 2022 hemen t\u0131kla! Letonya Vize Randevusu i\u00e7in hemen ara: 0850 346 84 93\",\"breadcrumb\":{\"@id\":\"https:\/\/www.myvize.com.tr\/letonya\/vize-islemleri\/letonya-transit-vize\/#breadcrumb\"},\"inLanguage\":\"tr\",\"potentialAction\":[{\"@type\":\"ReadAction\",\"target\":[\"https:\/\/www.myvize.com.tr\/letonya\/vize-islemleri\/letonya-transit-vize\/\"]}]},{\"@type\":\"ImageObject\",\"inLanguage\":\"tr\",\"@id\":\"https:\/\/www.myvize.com.tr\/letonya\/vize-islemleri\/letonya-transit-vize\/#primaryimage\",\"url\":\"https:\/\/www.myvize.com.tr\/letonya\/wp-content\/uploads\/2021\/10\/34.jpg\",\"contentUrl\":\"https:\/\/www.myvize.com.tr\/letonya\/wp-content\/uploads\/2021\/10\/34.jpg\",\"width\":800,\"height\":500,\"caption\":\"Letonya Transit Vize\"},{\"@type\":\"BreadcrumbList\",\"@id\":\"https:\/\/www.myvize.com.tr\/letonya\/vize-islemleri\/letonya-transit-vize\/#breadcrumb\",\"itemListElement\":[{\"@type\":\"ListItem\",\"position\":1,\"name\":\"Anasayfa\",\"item\":\"https:\/\/www.myvize.com.tr\/letonya\/\"},{\"@type\":\"ListItem\",\"position\":2,\"name\":\"V\u0130ZE \u0130\u015eLEMLER\u0130\",\"item\":\"https:\/\/www.myvize.com.tr\/letonya\/vize-islemleri\/\"},{\"@type\":\"ListItem\",\"position\":3,\"name\":\"Letonya Transit Vize\"}]},{\"@type\":\"WebSite\",\"@id\":\"https:\/\/www.myvize.com.tr\/letonya\/#website\",\"url\":\"https:\/\/www.myvize.com.tr\/letonya\/\",\"name\":\"Letonya Vizesi\",\"description\":\"\",\"potentialAction\":[{\"@type\":\"SearchAction\",\"target\":{\"@type\":\"EntryPoint\",\"urlTemplate\":\"https:\/\/www.myvize.com.tr\/letonya\/?s={search_term_string}\"},\"query-input\":{\"@type\":\"PropertyValueSpecification\",\"valueRequired\":true,\"valueName\":\"search_term_string\"}}],\"inLanguage\":\"tr\"}]}<\/script>\n<!-- \/ Yoast SEO plugin. -->","yoast_head_json":{"title":"Letonya Transit Vize - Letonya Vize Ba\u015fvurusu - MyVize","description":"Letonya Transit Vizesi almak i\u00e7in gerekli t\u00fcm evraklar listesi 2022 hemen t\u0131kla! Letonya Vize Randevusu i\u00e7in hemen ara: 0850 346 84 93","robots":{"index":"index","follow":"follow","max-snippet":"max-snippet:-1","max-image-preview":"max-image-preview:large","max-video-preview":"max-video-preview:-1"},"canonical":"https:\/\/www.myvize.com.tr\/letonya\/vize-islemleri\/letonya-transit-vize\/","og_locale":"tr_TR","og_type":"article","og_title":"Letonya Transit Vize - Letonya Vize Ba\u015fvurusu - MyVize","og_description":"Letonya Transit Vizesi almak i\u00e7in gerekli t\u00fcm evraklar listesi 2022 hemen t\u0131kla! Letonya Vize Randevusu i\u00e7in hemen ara: 0850 346 84 93","og_url":"https:\/\/www.myvize.com.tr\/letonya\/vize-islemleri\/letonya-transit-vize\/","og_site_name":"Letonya Vizesi","article_modified_time":"2022-08-16T09:46:04+00:00","og_image":[{"url":"https:\/\/www.myvize.com.tr\/letonya\/wp-content\/uploads\/2021\/10\/34.jpg","type":"","width":"","height":""}],"twitter_card":"summary_large_image","twitter_misc":{"Tahmini okuma s\u00fcresi":"6 dakika"},"schema":{"@context":"https:\/\/schema.org","@graph":[{"@type":"WebPage","@id":"https:\/\/www.myvize.com.tr\/letonya\/vize-islemleri\/letonya-transit-vize\/","url":"https:\/\/www.myvize.com.tr\/letonya\/vize-islemleri\/letonya-transit-vize\/","name":"Letonya Transit Vize - Letonya Vize Ba\u015fvurusu - MyVize","isPartOf":{"@id":"https:\/\/www.myvize.com.tr\/letonya\/#website"},"primaryImageOfPage":{"@id":"https:\/\/www.myvize.com.tr\/letonya\/vize-islemleri\/letonya-transit-vize\/#primaryimage"},"image":{"@id":"https:\/\/www.myvize.com.tr\/letonya\/vize-islemleri\/letonya-transit-vize\/#primaryimage"},"thumbnailUrl":"https:\/\/www.myvize.com.tr\/letonya\/wp-content\/uploads\/2021\/10\/34.jpg","datePublished":"2021-06-29T09:00:00+00:00","dateModified":"2022-08-16T09:46:04+00:00","description":"Letonya Transit Vizesi almak i\u00e7in gerekli t\u00fcm evraklar listesi 2022 hemen t\u0131kla! Letonya Vize Randevusu i\u00e7in hemen ara: 0850 346 84 93","breadcrumb":{"@id":"https:\/\/www.myvize.com.tr\/letonya\/vize-islemleri\/letonya-transit-vize\/#breadcrumb"},"inLanguage":"tr","potentialAction":[{"@type":"ReadAction","target":["https:\/\/www.myvize.com.tr\/letonya\/vize-islemleri\/letonya-transit-vize\/"]}]},{"@type":"ImageObject","inLanguage":"tr","@id":"https:\/\/www.myvize.com.tr\/letonya\/vize-islemleri\/letonya-transit-vize\/#primaryimage","url":"https:\/\/www.myvize.com.tr\/letonya\/wp-content\/uploads\/2021\/10\/34.jpg","contentUrl":"https:\/\/www.myvize.com.tr\/letonya\/wp-content\/uploads\/2021\/10\/34.jpg","width":800,"height":500,"caption":"Letonya Transit Vize"},{"@type":"BreadcrumbList","@id":"https:\/\/www.myvize.com.tr\/letonya\/vize-islemleri\/letonya-transit-vize\/#breadcrumb","itemListElement":[{"@type":"ListItem","position":1,"name":"Anasayfa","item":"https:\/\/www.myvize.com.tr\/letonya\/"},{"@type":"ListItem","position":2,"name":"V\u0130ZE \u0130\u015eLEMLER\u0130","item":"https:\/\/www.myvize.com.tr\/letonya\/vize-islemleri\/"},{"@type":"ListItem","position":3,"name":"Letonya Transit Vize"}]},{"@type":"WebSite","@id":"https:\/\/www.myvize.com.tr\/letonya\/#website","url":"https:\/\/www.myvize.com.tr\/letonya\/","name":"Letonya Vizesi","description":"","potentialAction":[{"@type":"SearchAction","target":{"@type":"EntryPoint","urlTemplate":"https:\/\/www.myvize.com.tr\/letonya\/?s={search_term_string}"},"query-input":{"@type":"PropertyValueSpecification","valueRequired":true,"valueName":"search_term_string"}}],"inLanguage":"tr"}]}},"_links":{"self":[{"href":"https:\/\/www.myvize.com.tr\/letonya\/wp-json\/wp\/v2\/pages\/302","targetHints":{"allow":["GET"]}}],"collection":[{"href":"https:\/\/www.myvize.com.tr\/letonya\/wp-json\/wp\/v2\/pages"}],"about":[{"href":"https:\/\/www.myvize.com.tr\/letonya\/wp-json\/wp\/v2\/types\/page"}],"author":[{"embeddable":true,"href":"https:\/\/www.myvize.com.tr\/letonya\/wp-json\/wp\/v2\/users\/1"}],"replies":[{"embeddable":true,"href":"https:\/\/www.myvize.com.tr\/letonya\/wp-json\/wp\/v2\/comments?post=302"}],"version-history":[{"count":7,"href":"https:\/\/www.myvize.com.tr\/letonya\/wp-json\/wp\/v2\/pages\/302\/revisions"}],"predecessor-version":[{"id":817,"href":"https:\/\/www.myvize.com.tr\/letonya\/wp-json\/wp\/v2\/pages\/302\/revisions\/817"}],"up":[{"embeddable":true,"href":"https:\/\/www.myvize.com.tr\/letonya\/wp-json\/wp\/v2\/pages\/18"}],"wp:attachment":[{"href":"https:\/\/www.myvize.com.tr\/letonya\/wp-json\/wp\/v2\/media?parent=302"}],"curies":[{"name":"wp","href":"https:\/\/api.w.org\/{rel}","templated":true}]}}