{"id":35,"date":"2020-11-30T12:44:42","date_gmt":"2020-11-30T09:44:42","guid":{"rendered":"https:\/\/www.myvize.com.tr\/letonya\/?page_id=35"},"modified":"2022-07-25T16:31:21","modified_gmt":"2022-07-25T13:31:21","slug":"letonya-ticari-vize","status":"publish","type":"page","link":"https:\/\/www.myvize.com.tr\/letonya\/vize-islemleri\/letonya-ticari-vize\/","title":{"rendered":"Letonya Ticari Vize"},"content":{"rendered":"<h2><span style=\"font-family: Roboto; font-size: 27px;\"><b>Letonya Ticari Vize Hakk\u0131nda<\/b><\/span><\/h2>\n<p><span style=\"font-family: Roboto; font-size: 14px;\">Letonya vize t\u00fcrlerinden olan\u00a0<strong>Letonya ticari vize<\/strong>\u00a0i\u00e7in ibraz edilmesi gereken baz\u0131 belgeler vard\u0131r.<\/span><\/p>\n<ul>\n<li><span style=\"font-family: Roboto; font-size: 14px;\">Pasaport, seyahat d\u00f6n\u00fc\u015f tarihi bitiminde en az \u00fc\u00e7 ay ge\u00e7erlili\u011fe sahip olmal\u0131, ayr\u0131ca 10 y\u0131ldan eski bir pasaport olmamal\u0131d\u0131r.<\/span><\/li>\n<li><span style=\"font-family: Roboto; font-size: 14px;\">T\u00fcm Schengen b\u00f6lge \u00fcyesi \u00fclkeler i\u00e7in zorunlu olan, 30.000 Euro de\u011ferinde seyahat sa\u011fl\u0131k sigortas\u0131 poli\u00e7esi de Konsoloslu\u011fa\u00a0sunulmal\u0131d\u0131r.<\/span><\/li>\n<li><span style=\"font-family: Roboto; font-size: 14px;\"><strong>Letonya Schengen \u0130\u015f Vizesi<\/strong> i\u00e7in foto\u011fraf sunulmal\u0131, foto\u011fraf beyaz fon \u00fczerinde olmal\u0131d\u0131r. Ayr\u0131ca foto\u011fraf 4&#215;5 boyutunda olmal\u0131d\u0131r.<\/span><\/li>\n<li><span style=\"font-family: Roboto; font-size: 14px;\"><strong>Letonya ticari vize<\/strong> ba\u015fvurular\u0131 esnas\u0131nda dikkat edilmesi gereken ba\u015fl\u0131ca belgelerden biri Letonya&#8217;da ger\u00e7ekle\u015ftirilecek i\u015f faaliyetini anlatacak ve kapsam\u0131n\u0131 detayl\u0131 bir \u015fekilde i\u00e7eren davet mektubudur. \u00a0Bu davet mektubunda davet eden kurum ile ilgili olan ki\u015fi\/ki\u015filerin ad\u0131 ve soyad\u0131, pasaport numaralar\u0131, kurumun\/\u015firketin ad\u0131, kurumun\/\u015firketin ticari sicil numaras\u0131; davete konu olan ve edilen T\u00fcrk vatanda\u015f\u0131n\u0131n seyahat amac\u0131, masraflar\u0131 kar\u015f\u0131layacak sponsor bilgisi (varsa), e\u011fer sponsor yok ise finansal durumu g\u00f6sterir belge, ticari faaliyetin ger\u00e7ekle\u015fece\u011fi tarih aral\u0131klar\u0131 net bir \u015fekilde sunulmal\u0131d\u0131r.\u00a0<\/span><\/li>\n<\/ul>\n<p><span style=\"font-family: Roboto; font-size: 14px;\">Bu bilgiler <strong>ticari vize<\/strong> ba\u015fvuru evraklar\u0131 aras\u0131nda yer almal\u0131, tutarl\u0131 \u015fekilde sunulmal\u0131d\u0131r.<\/span><\/p>\n<p><span style=\"font-family: Roboto; font-size: 14px;\"><span style=\"color: #2acec2;\"><strong><a style=\"color: #2acec2;\" href=\"https:\/\/www.myvize.com.tr\/letonya\/vize-islemleri\/letonya-vize-reddi\/\" target=\"_blank\" rel=\"noopener\">Letonya Vize Reddi<\/a><\/strong><\/span> ile ilgili bilgi almak i\u00e7in bizi aray\u0131n.<\/span><\/p>\n<p><img decoding=\"async\" src=\"https:\/\/www.myvize.com.tr\/letonya\/wp-content\/uploads\/2021\/10\/45.jpg\" \/><\/p>\n<h2><strong><span style=\"font-family: Roboto; font-size: 27px;\">Letonya Ticari Vize ile \u0130lgili\u00a0<\/span><\/strong><\/h2>\n<p><span style=\"font-family: Roboto; font-size: 14px;\">Ticari faaliyetlerde bulunmak ve \u00e7e\u015fitli etkinliklere kat\u0131lmak isteyen ki\u015filerin\u00a0<strong>Letonya Ticari Vize<\/strong>\u00a0ba\u015fvurusunda bulunmas\u0131 gerekmektedir. Bu sayede t\u00fcm organizasyonlarda yer alabilmek i\u00e7in izniniz olacakt\u0131r. Pasaport t\u00fcr\u00fcne g\u00f6re <strong>Schengen vizesi<\/strong> kapsam\u0131nda k\u0131sa s\u00fcreli vize ba\u015fvurular\u0131n\u0131z\u0131 ger\u00e7ekle\u015ftirebilirsiniz. Pasaportunuzun d\u00f6n\u00fc\u015f tarihinden itibaren en az 3 ay daha ge\u00e7erlili\u011fe sahip olmas\u0131na dikkat edilmelidir. Ayr\u0131ca t\u00fcm seyahatlerinizi kapsayacak bi\u00e7imde yapt\u0131rman\u0131z gereken seyahat sa\u011fl\u0131k sigortas\u0131 poli\u00e7enizin dosyan\u0131zda olmas\u0131 zorunludur. Di\u011fer yandan <strong>vize \u00fccretleri<\/strong>nin vize t\u00fcr\u00fcne ve seyahat s\u00fcresine g\u00f6re farkl\u0131 tutarlarda yat\u0131rman\u0131z konusunda destek alabilirsiniz. <strong>Ticari vize<\/strong> almak isteyen ki\u015filerin vize ba\u015fvuru formunda hedeflerini a\u00e7\u0131k\u00e7a yazmalar\u0131na yard\u0131mc\u0131 olunacakt\u0131r. \u0130\u015f faaliyetlerine dair t\u00fcm detaylar\u0131n yer almas\u0131 gereken ba\u015fvuru formunun do\u011fru i\u00e7erikte olmas\u0131 i\u00e7in \u00e7al\u0131\u015fan ofislerimizi arayabilirsiniz. \u015eirkete ait bilgilerin yer almas\u0131 ve davetiyelerin ki\u015fiye ula\u015fmas\u0131 gerekmektedir. Ayr\u0131ca masraflar\u0131n\u0131z\u0131 kar\u015f\u0131layacak g\u00fcc\u00fcn\u00fcz\u00fcn olmas\u0131 ve t\u00fcm belgelerdeki bilgilerin tutarl\u0131 bir \u015fekilde sunulmas\u0131 gerekecektir. Hangi tarih aral\u0131klar\u0131nda \u00fclkeye giri\u015f yapaca\u011f\u0131n\u0131z\u0131 belirtece\u011finiz evraklar\u0131 sunmadan \u00f6nce bizleri arayabilirsiniz. Hangi evrak ne i\u00e7erikte olmas\u0131 gerekti\u011fini daha net ve do\u011fru bi\u00e7imde \u00f6\u011frenmi\u015f olacaks\u0131n\u0131z.<\/span><\/p>\n<p><span style=\"font-family: Roboto; font-size: 14px;\"><span style=\"color: #2acec2;\"><strong><a style=\"color: #2acec2;\" href=\"https:\/\/www.myvize.com.tr\/letonya\/vize-islemleri\/letonya-calisma-izni\/\">Letonya \u00c7al\u0131\u015fma \u0130zni<\/a><\/strong><\/span> ile ilgili bilgi almak i\u00e7in bizi aray\u0131n\u0131z.<\/span><\/p>\n<h2><span style=\"font-family: Roboto; font-size: 27px;\"><strong>Letonya Ticari Vize Nedir?<\/strong><\/span><\/h2>\n<p><span style=\"font-family: Roboto; font-size: 14px;\"><strong>Letonya ticari vize<\/strong>, T\u00fcrk i\u015f adamlar\u0131n\u0131n Letonya\u2019 daki \u00e7al\u0131\u015fmalar\u0131n\u0131 y\u00fcr\u00fctebilmeleri, yeni olu\u015fabilecek yat\u0131r\u0131mlar i\u00e7in g\u00f6r\u00fc\u015fmeler yapmalar\u0131 durumunda seyahat etmeden \u00f6nce almalar\u0131 gereken k\u0131sa s\u00fcreli bir vizedir. Letonya ticari vizesine sadece i\u015f adamlar\u0131 de\u011fil T\u00fcrkiye\u2019 de bir \u015firkette \u00e7al\u0131\u015fan personeller de ba\u015fvuruda bulunabilirler. Letonya Devleti bordo (hususi) pasaporta sahip t\u00fcm T\u00fcrk vatanda\u015flar\u0131ndan seyahatlerinde \u00f6nce ticari vizeye almalar\u0131n\u0131 \u015fart ko\u00e7mu\u015ftur. Ancak gri, ye\u015fil ve siyah pasaport sahibi T\u00fcrk vatanda\u015flar\u0131n\u0131n Letonya ticari vizesi olmadan Letonya\u2019 da 90 g\u00fcn kalarak \u00e7al\u0131\u015fmalar\u0131n\u0131 s\u00fcrd\u00fcrebilirler.<\/span><\/p>\n<p><span style=\"font-family: Roboto; font-size: 14px;\">Letonya\u2019 ya ticari vize ile gitmek istendi\u011finde ziyaret edilecek veya g\u00f6r\u00fc\u015fme yap\u0131lacak kurumlar\u0131n T\u00fcrkiye\u2019 ye kendi kurumlar\u0131n\u0131n antetli ka\u011f\u0131d\u0131na haz\u0131rlanm\u0131\u015f davet metni g\u00f6ndermesi gerekmektedir. Davet metnin i\u00e7eri\u011finde Letonya\u2019 da bulunan kurumun adres bilgileri, metnin kimin taraf\u0131ndan g\u00f6nderildi\u011fi, firma i\u00e7erisinde g\u00f6revinin ne oldu\u011fu hakk\u0131nda a\u00e7\u0131klay\u0131c\u0131 bilgiler de yer almal\u0131d\u0131r. Davet mektubu olmadan yap\u0131lan ba\u015fvurular\u0131 <strong>Letonya Konsolosluklar\u0131<\/strong> taraf\u0131ndan kabul edilmemektedir.<\/span><\/p>\n<h2><span style=\"font-family: Roboto; font-size: 27px;\"><strong>Letonya Ticari Vize Nas\u0131l Al\u0131n\u0131r?<\/strong><\/span><\/h2>\n<p><span style=\"font-family: Roboto; font-size: 14px;\">Letonya ticari vizesi alarak <strong>Letonya\u2019 ya seyahat<\/strong> edebilmek i\u00e7in \u00f6ncelikle orada ileti\u015fim halinde bulunulan kurumdan bir davet mektubunun al\u0131nmas\u0131 gerekmektedir.<\/span><\/p>\n<p><span style=\"font-family: Roboto; font-size: 14px;\"><strong>Letonya ticari vize ba\u015fvurusu<\/strong> yapmadan \u00f6nce a\u015fa\u011f\u0131da belirtilen \u015fartlar\u0131n yerine getirilmesi gerekmektedir;<\/span><\/p>\n<ul>\n<li><span style=\"font-family: Roboto; font-size: 14px;\">Letonya\u2019 da bulunan bir kurum ya da \u015firketten \u0130ngilizce olarak haz\u0131rlanm\u0131\u015f davet mektubu almak<\/span><\/li>\n<li><span style=\"font-family: Roboto; font-size: 14px;\">On y\u0131l i\u00e7erisinde \u00e7\u0131kar\u0131lm\u0131\u015f ve en az 2 sayfas\u0131n\u0131n bo\u015f oldu\u011fu bir pasaporta sahip olmak<\/span><\/li>\n<li><span style=\"font-family: Roboto; font-size: 14px;\">Letonya\u2019da olunacak s\u00fcre boyunca olu\u015facak seyahat masraflar\u0131n\u0131n nas\u0131l kar\u015f\u0131layaca\u011f\u0131n\u0131 belirten evraklar, Bunlar firma sahipleri i\u00e7in \u015firketin son 3 aya ait banka hesap d\u00f6k\u00fcmleri, \u00e7al\u0131\u015fanlar i\u00e7in ise maa\u015f bordrosu ve sigorta d\u00f6k\u00fcmleridir.<\/span><\/li>\n<li><span style=\"font-family: Roboto; font-size: 14px;\">Uluslararas\u0131 bir su\u00e7a dahil olunmamal\u0131.<\/span><\/li>\n<\/ul>\n<p><span style=\"font-family: Roboto; font-size: 14px;\">Letonya ticari ba\u015fvurular\u0131ndan \u00f6nce belirtilen \u015fartlar\u0131n sa\u011flanmas\u0131 \u00f6nemli bir detayd\u0131r ve ba\u015fvurular\u0131n onaylanma a\u015famas\u0131nda etkileri b\u00fcy\u00fckt\u00fcr. Ticari vize ba\u015fvuru i\u015flemleri Letonya Konsolosluklar\u0131ndan direk olarak yap\u0131lamay\u0131p konsolosluklar taraf\u0131ndan g\u00f6revlendirilen vize firmalar\u0131 ile ger\u00e7ekle\u015ftirilebilir.<\/span><\/p>\n<h3><span style=\"font-family: Roboto; font-size: 24px;\"><strong>Letonya Ticari Vize Nereden Al\u0131n\u0131r?<\/strong><\/span><\/h3>\n<p><span style=\"font-family: Roboto; font-size: 14px;\">Letonya ticari vize, Letonya\u2019 da k\u0131sa s\u00fcreli olarak kalmak isteyen i\u015f adamlar\u0131n\u0131n \u00e7al\u0131\u015fmalar\u0131n\u0131 y\u00f6netebilmeleri, yeni ortakl\u0131klar \u00f6ncesinde yap\u0131lacak olan g\u00f6r\u00fc\u015fmelere kat\u0131labilmeleri, sekt\u00f6rleri konusunda e\u011fitim ve seminerlere kat\u0131l\u0131m sa\u011flayabilmeleri i\u00e7in almalar\u0131 gereken bir vize t\u00fcr\u00fcd\u00fcr.<\/span><\/p>\n<p><span style=\"font-family: Roboto; font-size: 14px;\">Vize ba\u015fvurusundan \u00f6nce<strong> Letonya\u2019 da ileti\u015fim<\/strong> halinde olunan bir kurumdan davet metni al\u0131nmas\u0131 gerekir. Letonya\u2019 dan beklenen bu davet metni gelmeden yap\u0131lan vize ba\u015fvurular\u0131na Letonya yetkili makamlar\u0131ndan olumlu olarak d\u00f6n\u00fc\u015f yap\u0131lamamaktad\u0131r.<\/span><\/p>\n<p><span style=\"font-family: Roboto; font-size: 14px;\"><strong>Letonya ticari vize ba\u015fvurular\u0131<\/strong> direk olarak Letonya Konsolosluklar\u0131ndan yap\u0131lamamaktad\u0131r. Vize ba\u015fvuru i\u015flemleri konsolosluklar\u0131n yetki verdi\u011fi vize dan\u0131\u015fmanl\u0131k firmalar\u0131 ile ileti\u015fime ge\u00e7erek ba\u015fvuru i\u015flemleri ger\u00e7ekle\u015ftirilebilir.<\/span><\/p>\n<p><span style=\"font-family: Roboto; font-size: 14px;\">Letonya ticari vize ba\u015fvurusunda bulunurken ilk olarak Letonya\u2019 dan gelen davet mektubunun ve Letonya ticari vize ba\u015fvuru formunun haz\u0131r olmas\u0131 gerekir. Sonras\u0131nda di\u011fer evraklar da haz\u0131rlanarak vize dan\u0131\u015fmanl\u0131k firmalar\u0131 arac\u0131l\u0131\u011f\u0131yla Letonya resmi makamlar\u0131na ba\u015fvuruda bulunulabilir. Ticari vizenin sonu\u00e7lanma s\u00fcresi ortalama 10 i\u015f g\u00fcn\u00fc olarak belirtilmi\u015ftir. Konsolosluk yetkilileri baz\u0131 durumlarda ek evrak talebinde bulunabilir. Bu da vizenin \u00e7\u0131kma s\u00fcresinin olumsuz olarak etkilemektedir.<\/span><\/p>\n<h3><span style=\"font-family: Roboto; font-size: 24px;\"><strong>Letonya Ticari Vize Ka\u00e7 G\u00fcnde \u00c7\u0131kar?<\/strong><\/span><\/h3>\n<p><span style=\"font-family: Roboto; font-size: 14px;\">Letonya ticari vize, Letonya\u2019 da yap\u0131lacak ticari \u00e7al\u0131\u015fmalar\u0131n y\u00fcr\u00fct\u00fclmesinde planlanan i\u015f seyahatleri \u00f6ncesinde al\u0131nmas\u0131 gereken bir vize t\u00fcr\u00fc olup ortalama 10 i\u015f g\u00fcn\u00fcnde sonu\u00e7lanmaktad\u0131r. Letonya konsolosluklar\u0131n\u0131n yo\u011funlu\u011funa ve resmi tatillerin olmas\u0131yla ticari vizenin \u00e7\u0131k\u0131\u015f s\u00fcresinde de\u011fi\u015fmeler olabilir. Vizenin \u00e7\u0131k\u0131\u015f s\u00fcresi ile seyahat tarihleri aras\u0131nda bir aksakl\u0131k olmamas\u0131 a\u00e7\u0131s\u0131ndan bize ba\u015fvurusunun 1 ay \u00f6ncesinden yap\u0131lmas\u0131 gecikmelere kar\u015f\u0131 bir \u00f6nlem olu\u015fturacakt\u0131r.<\/span><\/p>\n<p><span style=\"font-family: Roboto; font-size: 14px;\">Letonya\u2019 ya ticari vizelerini alan T\u00fcrk i\u015f adamlar\u0131 ald\u0131klar\u0131 vizeler ile Letonya\u2019 da maksimum 90 g\u00fcn konaklama yapabilirler. Ticari vize ile yap\u0131lan seyahatte Letonya Devleti \u00e7al\u0131\u015fma izni vermemektedir. Al\u0131nm\u0131\u015f olan bu vize ile sadece toplant\u0131lara, seminerlere, ticari fuarlara ve i\u015f e\u011fitimlerine kat\u0131l\u0131m sa\u011flanabilir. Letonya\u2019 da \u00e7al\u0131\u015fmak isteniyorsa \u00e7al\u0131\u015fma vizesine ba\u015fvuruda bulunulmas\u0131 gerekiyor.<\/span><\/p>\n<p><span style=\"font-family: Roboto; font-size: 14px;\">Letonya ticari vizelerine ba\u015fvuruda bulunmadan \u00f6nce Letonya\u2019 dan bir davet mektubunun al\u0131nmas\u0131 gerekir ve gelen davet plan\u0131na g\u00f6re seyahat planlan\u0131p vize ba\u015fvurusunda bulunulmas\u0131 gerekir. Davet mektubu bulunmayan vize ba\u015fvurular\u0131 Konsolosluk taraf\u0131ndan kabul edilmemektedir.<\/span><\/p>\n","protected":false},"excerpt":{"rendered":"<p>Letonya Ticari Vize Hakk\u0131nda Letonya vize t\u00fcrlerinden olan\u00a0Letonya ticari vize\u00a0i\u00e7in ibraz edilmesi gereken baz\u0131 belgeler vard\u0131r. Pasaport, seyahat d\u00f6n\u00fc\u015f tarihi bitiminde en az \u00fc\u00e7 ay ge\u00e7erlili\u011fe sahip olmal\u0131, ayr\u0131ca 10 y\u0131ldan eski bir pasaport olmamal\u0131d\u0131r. T\u00fcm Schengen b\u00f6lge \u00fcyesi \u00fclkeler i\u00e7in zorunlu olan, 30.000 Euro de\u011ferinde seyahat sa\u011fl\u0131k sigortas\u0131 poli\u00e7esi de Konsoloslu\u011fa\u00a0sunulmal\u0131d\u0131r. Letonya Schengen \u0130\u015f<\/p>\n","protected":false},"author":1,"featured_media":0,"parent":18,"menu_order":0,"comment_status":"open","ping_status":"closed","template":"","meta":{"footnotes":""},"class_list":["post-35","page","type-page","status-publish","hentry"],"yoast_head":"<!-- This site is optimized with the Yoast SEO plugin v24.0 - https:\/\/yoast.com\/wordpress\/plugins\/seo\/ -->\n<title>Letonya Ticari Vize - Letonya Vize Randevusu - MyVize<\/title>\n<meta name=\"description\" content=\"Letonya Ticari Vize almak i\u00e7in gerekli t\u00fcm evraklar listesi 2022 hemen t\u0131kla! \u00dccretsiz Letonya Vize Randevusu i\u00e7in hemen ara!\" \/>\n<meta name=\"robots\" content=\"index, follow, max-snippet:-1, max-image-preview:large, max-video-preview:-1\" \/>\n<link rel=\"canonical\" href=\"https:\/\/www.myvize.com.tr\/letonya\/vize-islemleri\/letonya-ticari-vize\/\" \/>\n<meta property=\"og:locale\" content=\"tr_TR\" \/>\n<meta property=\"og:type\" content=\"article\" \/>\n<meta property=\"og:title\" content=\"Letonya Ticari Vize - Letonya Vize Randevusu - MyVize\" \/>\n<meta property=\"og:description\" content=\"Letonya Ticari Vize almak i\u00e7in gerekli t\u00fcm evraklar listesi 2022 hemen t\u0131kla! \u00dccretsiz Letonya Vize Randevusu i\u00e7in hemen ara!\" \/>\n<meta property=\"og:url\" content=\"https:\/\/www.myvize.com.tr\/letonya\/vize-islemleri\/letonya-ticari-vize\/\" \/>\n<meta property=\"og:site_name\" content=\"Letonya Vizesi\" \/>\n<meta property=\"article:modified_time\" content=\"2022-07-25T13:31:21+00:00\" \/>\n<meta property=\"og:image\" content=\"https:\/\/www.myvize.com.tr\/letonya\/wp-content\/uploads\/2021\/10\/45.jpg\" \/>\n<meta name=\"twitter:card\" content=\"summary_large_image\" \/>\n<meta name=\"twitter:label1\" content=\"Tahmini okuma s\u00fcresi\" \/>\n\t<meta name=\"twitter:data1\" content=\"5 dakika\" \/>\n<script type=\"application\/ld+json\" class=\"yoast-schema-graph\">{\"@context\":\"https:\/\/schema.org\",\"@graph\":[{\"@type\":\"WebPage\",\"@id\":\"https:\/\/www.myvize.com.tr\/letonya\/vize-islemleri\/letonya-ticari-vize\/\",\"url\":\"https:\/\/www.myvize.com.tr\/letonya\/vize-islemleri\/letonya-ticari-vize\/\",\"name\":\"Letonya Ticari Vize - Letonya Vize Randevusu - MyVize\",\"isPartOf\":{\"@id\":\"https:\/\/www.myvize.com.tr\/letonya\/#website\"},\"primaryImageOfPage\":{\"@id\":\"https:\/\/www.myvize.com.tr\/letonya\/vize-islemleri\/letonya-ticari-vize\/#primaryimage\"},\"image\":{\"@id\":\"https:\/\/www.myvize.com.tr\/letonya\/vize-islemleri\/letonya-ticari-vize\/#primaryimage\"},\"thumbnailUrl\":\"https:\/\/www.myvize.com.tr\/letonya\/wp-content\/uploads\/2021\/10\/45.jpg\",\"datePublished\":\"2020-11-30T09:44:42+00:00\",\"dateModified\":\"2022-07-25T13:31:21+00:00\",\"description\":\"Letonya Ticari Vize almak i\u00e7in gerekli t\u00fcm evraklar listesi 2022 hemen t\u0131kla! \u00dccretsiz Letonya Vize Randevusu i\u00e7in hemen ara!\",\"breadcrumb\":{\"@id\":\"https:\/\/www.myvize.com.tr\/letonya\/vize-islemleri\/letonya-ticari-vize\/#breadcrumb\"},\"inLanguage\":\"tr\",\"potentialAction\":[{\"@type\":\"ReadAction\",\"target\":[\"https:\/\/www.myvize.com.tr\/letonya\/vize-islemleri\/letonya-ticari-vize\/\"]}]},{\"@type\":\"ImageObject\",\"inLanguage\":\"tr\",\"@id\":\"https:\/\/www.myvize.com.tr\/letonya\/vize-islemleri\/letonya-ticari-vize\/#primaryimage\",\"url\":\"https:\/\/www.myvize.com.tr\/letonya\/wp-content\/uploads\/2021\/10\/45.jpg\",\"contentUrl\":\"https:\/\/www.myvize.com.tr\/letonya\/wp-content\/uploads\/2021\/10\/45.jpg\",\"width\":800,\"height\":500,\"caption\":\"Letonya Ticari Vize\"},{\"@type\":\"BreadcrumbList\",\"@id\":\"https:\/\/www.myvize.com.tr\/letonya\/vize-islemleri\/letonya-ticari-vize\/#breadcrumb\",\"itemListElement\":[{\"@type\":\"ListItem\",\"position\":1,\"name\":\"Anasayfa\",\"item\":\"https:\/\/www.myvize.com.tr\/letonya\/\"},{\"@type\":\"ListItem\",\"position\":2,\"name\":\"V\u0130ZE \u0130\u015eLEMLER\u0130\",\"item\":\"https:\/\/www.myvize.com.tr\/letonya\/vize-islemleri\/\"},{\"@type\":\"ListItem\",\"position\":3,\"name\":\"Letonya Ticari Vize\"}]},{\"@type\":\"WebSite\",\"@id\":\"https:\/\/www.myvize.com.tr\/letonya\/#website\",\"url\":\"https:\/\/www.myvize.com.tr\/letonya\/\",\"name\":\"Letonya Vizesi\",\"description\":\"\",\"potentialAction\":[{\"@type\":\"SearchAction\",\"target\":{\"@type\":\"EntryPoint\",\"urlTemplate\":\"https:\/\/www.myvize.com.tr\/letonya\/?s={search_term_string}\"},\"query-input\":{\"@type\":\"PropertyValueSpecification\",\"valueRequired\":true,\"valueName\":\"search_term_string\"}}],\"inLanguage\":\"tr\"}]}<\/script>\n<!-- \/ Yoast SEO plugin. -->","yoast_head_json":{"title":"Letonya Ticari Vize - Letonya Vize Randevusu - MyVize","description":"Letonya Ticari Vize almak i\u00e7in gerekli t\u00fcm evraklar listesi 2022 hemen t\u0131kla! \u00dccretsiz Letonya Vize Randevusu i\u00e7in hemen ara!","robots":{"index":"index","follow":"follow","max-snippet":"max-snippet:-1","max-image-preview":"max-image-preview:large","max-video-preview":"max-video-preview:-1"},"canonical":"https:\/\/www.myvize.com.tr\/letonya\/vize-islemleri\/letonya-ticari-vize\/","og_locale":"tr_TR","og_type":"article","og_title":"Letonya Ticari Vize - Letonya Vize Randevusu - MyVize","og_description":"Letonya Ticari Vize almak i\u00e7in gerekli t\u00fcm evraklar listesi 2022 hemen t\u0131kla! \u00dccretsiz Letonya Vize Randevusu i\u00e7in hemen ara!","og_url":"https:\/\/www.myvize.com.tr\/letonya\/vize-islemleri\/letonya-ticari-vize\/","og_site_name":"Letonya Vizesi","article_modified_time":"2022-07-25T13:31:21+00:00","og_image":[{"url":"https:\/\/www.myvize.com.tr\/letonya\/wp-content\/uploads\/2021\/10\/45.jpg","type":"","width":"","height":""}],"twitter_card":"summary_large_image","twitter_misc":{"Tahmini okuma s\u00fcresi":"5 dakika"},"schema":{"@context":"https:\/\/schema.org","@graph":[{"@type":"WebPage","@id":"https:\/\/www.myvize.com.tr\/letonya\/vize-islemleri\/letonya-ticari-vize\/","url":"https:\/\/www.myvize.com.tr\/letonya\/vize-islemleri\/letonya-ticari-vize\/","name":"Letonya Ticari Vize - Letonya Vize Randevusu - MyVize","isPartOf":{"@id":"https:\/\/www.myvize.com.tr\/letonya\/#website"},"primaryImageOfPage":{"@id":"https:\/\/www.myvize.com.tr\/letonya\/vize-islemleri\/letonya-ticari-vize\/#primaryimage"},"image":{"@id":"https:\/\/www.myvize.com.tr\/letonya\/vize-islemleri\/letonya-ticari-vize\/#primaryimage"},"thumbnailUrl":"https:\/\/www.myvize.com.tr\/letonya\/wp-content\/uploads\/2021\/10\/45.jpg","datePublished":"2020-11-30T09:44:42+00:00","dateModified":"2022-07-25T13:31:21+00:00","description":"Letonya Ticari Vize almak i\u00e7in gerekli t\u00fcm evraklar listesi 2022 hemen t\u0131kla! \u00dccretsiz Letonya Vize Randevusu i\u00e7in hemen ara!","breadcrumb":{"@id":"https:\/\/www.myvize.com.tr\/letonya\/vize-islemleri\/letonya-ticari-vize\/#breadcrumb"},"inLanguage":"tr","potentialAction":[{"@type":"ReadAction","target":["https:\/\/www.myvize.com.tr\/letonya\/vize-islemleri\/letonya-ticari-vize\/"]}]},{"@type":"ImageObject","inLanguage":"tr","@id":"https:\/\/www.myvize.com.tr\/letonya\/vize-islemleri\/letonya-ticari-vize\/#primaryimage","url":"https:\/\/www.myvize.com.tr\/letonya\/wp-content\/uploads\/2021\/10\/45.jpg","contentUrl":"https:\/\/www.myvize.com.tr\/letonya\/wp-content\/uploads\/2021\/10\/45.jpg","width":800,"height":500,"caption":"Letonya Ticari Vize"},{"@type":"BreadcrumbList","@id":"https:\/\/www.myvize.com.tr\/letonya\/vize-islemleri\/letonya-ticari-vize\/#breadcrumb","itemListElement":[{"@type":"ListItem","position":1,"name":"Anasayfa","item":"https:\/\/www.myvize.com.tr\/letonya\/"},{"@type":"ListItem","position":2,"name":"V\u0130ZE \u0130\u015eLEMLER\u0130","item":"https:\/\/www.myvize.com.tr\/letonya\/vize-islemleri\/"},{"@type":"ListItem","position":3,"name":"Letonya Ticari Vize"}]},{"@type":"WebSite","@id":"https:\/\/www.myvize.com.tr\/letonya\/#website","url":"https:\/\/www.myvize.com.tr\/letonya\/","name":"Letonya Vizesi","description":"","potentialAction":[{"@type":"SearchAction","target":{"@type":"EntryPoint","urlTemplate":"https:\/\/www.myvize.com.tr\/letonya\/?s={search_term_string}"},"query-input":{"@type":"PropertyValueSpecification","valueRequired":true,"valueName":"search_term_string"}}],"inLanguage":"tr"}]}},"_links":{"self":[{"href":"https:\/\/www.myvize.com.tr\/letonya\/wp-json\/wp\/v2\/pages\/35","targetHints":{"allow":["GET"]}}],"collection":[{"href":"https:\/\/www.myvize.com.tr\/letonya\/wp-json\/wp\/v2\/pages"}],"about":[{"href":"https:\/\/www.myvize.com.tr\/letonya\/wp-json\/wp\/v2\/types\/page"}],"author":[{"embeddable":true,"href":"https:\/\/www.myvize.com.tr\/letonya\/wp-json\/wp\/v2\/users\/1"}],"replies":[{"embeddable":true,"href":"https:\/\/www.myvize.com.tr\/letonya\/wp-json\/wp\/v2\/comments?post=35"}],"version-history":[{"count":8,"href":"https:\/\/www.myvize.com.tr\/letonya\/wp-json\/wp\/v2\/pages\/35\/revisions"}],"predecessor-version":[{"id":793,"href":"https:\/\/www.myvize.com.tr\/letonya\/wp-json\/wp\/v2\/pages\/35\/revisions\/793"}],"up":[{"embeddable":true,"href":"https:\/\/www.myvize.com.tr\/letonya\/wp-json\/wp\/v2\/pages\/18"}],"wp:attachment":[{"href":"https:\/\/www.myvize.com.tr\/letonya\/wp-json\/wp\/v2\/media?parent=35"}],"curies":[{"name":"wp","href":"https:\/\/api.w.org\/{rel}","templated":true}]}}