{"id":387,"date":"2021-08-12T13:29:32","date_gmt":"2021-08-12T10:29:32","guid":{"rendered":"https:\/\/www.myvize.com.tr\/letonya\/?page_id=387"},"modified":"2022-04-21T12:55:40","modified_gmt":"2022-04-21T09:55:40","slug":"letonya-erasmus-vizesi","status":"publish","type":"page","link":"https:\/\/www.myvize.com.tr\/letonya\/letonya-erasmus-vizesi\/","title":{"rendered":"Letonya Erasmus Vizesi"},"content":{"rendered":"<h2><strong><span style=\"font-family: Roboto; font-size: 27px;\">Letonya Erasmus Vizesi\u00a0<\/span><\/strong><\/h2>\n<p><span style=\"font-family: Roboto; font-size: 14px;\">\u00d6\u011frenci de\u011fi\u015fim program\u0131na kat\u0131lan \u00f6\u011frencilerin tercih edebilecekleri bir di\u011fer \u00fclke ise Letonya\u2019d\u0131r. <strong>Letonya<\/strong> \u00fclkesinde \u00fcniversitelere ba\u015fvurularak onay \u00e7\u0131karsa oradaki \u00fcniversitelerde Erasmus program\u0131na dahil olunabilir. Ancak se\u00e7ilen \u00fcniversitenin Erasmus program\u0131na dahil olmas\u0131 gerekir. Sizleri se\u00e7erken Avrupa Birli\u011fi \u00f6\u011frenci stat\u00fcs\u00fcne g\u00f6re kriterlerini belirlemekteler. Letonya \u00fclkesinde Erasmus program\u0131na kat\u0131lmak isteyen ki\u015filerin <strong>Letonya Erasmus Vizesi<\/strong> almas\u0131 gerekir.<\/span><\/p>\n<h2><span style=\"font-size: 27px;\"><strong><span style=\"font-family: Roboto;\">Letonya Erasmus Vizesi Hakk\u0131nda<\/span><\/strong><\/span><\/h2>\n<p><span style=\"font-family: Roboto; font-size: 14px;\">\u00d6\u011frenci de\u011fi\u015fim programlar\u0131 i\u00e7in en uygun ba\u015fvuru ko\u015fullar\u0131na sahip \u00fclkelerden birisi de Letonya olacakt\u0131r. Bu nedenle ki\u015filerin\u00a0<strong>Letonya Erasmus Vizesi<\/strong>\u00a0ile ilgili ba\u015fvurular\u0131 ger\u00e7ekle\u015ftirebileceklerine de\u011finmekteyiz. Sizler de en iyi seviyelerde e\u011fitim hakk\u0131ndan faydalanabilmek i\u00e7in gerekli \u015fartlara sahip olan Letonya&#8217;ya y\u00f6nelik ba\u015fvurular\u0131 ger\u00e7ekle\u015ftirebilirsiniz. Y\u00fcksek standartlarda e\u011fitim \u015fartlar\u0131na sahip olan bu \u00fclkenin sundu\u011fu f\u0131rsatlardan faydalanman\u0131z\u0131n bu sayede m\u00fcmk\u00fcn olaca\u011f\u0131n\u0131 g\u00f6rebileceksiniz. Konsoloslu\u011fun belirledi\u011fi \u015fartlar \u00e7er\u00e7evesinde ba\u015fvurular\u0131n\u0131z\u0131 yapabilirsiniz. 90 g\u00fcnden uzun s\u00fcren programlar i\u00e7in uzun s\u00fcreli vize ba\u015fvurular\u0131n\u0131 ger\u00e7ekle\u015ftirmeniz gerekecektir. <strong>Erasmus vize<\/strong> ba\u015fvurular\u0131n\u0131 online olarak yapabilir ve talep dilek\u00e7esini hemen doldurabilirsiniz. Kimlik fotokopisi, pasaport, biyometrik foto\u011fraf, \u00f6\u011frenci belgesi, kabul yaz\u0131s\u0131, konaklama belgeleri, sa\u011fl\u0131k sigortas\u0131 ve vize \u00fccreti \u00f6demeleri gibi dekontlar\u0131n da eklenmesi gerekecektir. Maddi g\u00fcc\u00fcn yeterli olmas\u0131 veya sponsorluk belgesinin eklenmesi halinde herhangi bir problem ya\u015fanmayacakt\u0131r. Davetiyenizi elinizde bulundurman\u0131z ve e\u011fitim program\u0131 sertifikalar\u0131na ula\u015fman\u0131z durumunda ba\u015far\u0131l\u0131 sonu\u00e7lara ula\u015fabilirsiniz. Konsoloslu\u011fun ek belge veya m\u00fclakat talebinde bulunmamas\u0131 i\u00e7in profesyonel destekleri alman\u0131z gerekecektir. T\u00fcm soru i\u015faretlerinizi yok edecek dan\u0131\u015fmanl\u0131k hizmetleriyle tan\u0131\u015fabilir ve <strong>Erasmus vizesi<\/strong> almak i\u00e7in harekete ge\u00e7ebilirsiniz.<\/span><\/p>\n<p><span style=\"font-family: Roboto; font-size: 14px;\"><span style=\"color: #2acec2;\"><strong><a style=\"color: #2acec2;\" href=\"https:\/\/www.myvize.com.tr\/letonya\/vize-islemleri\/letonya-turistik-vize\/\" target=\"_blank\" rel=\"noopener\">Letonya Turistik Vize<\/a><\/strong><\/span> ile ilgili bilgi almak i\u00e7in bizi aray\u0131n\u0131z.<\/span><\/p>\n<h2><span style=\"font-family: Roboto; font-size: 27px;\"><b>Letonya Erasmus Vizesi Hakk\u0131nda 2022<\/b><\/span><\/h2>\n<p><span style=\"font-family: Roboto; font-size: 14px;\">E\u011fer \u00f6\u011frenci iseniz ve Letonya\u2019da Erasmus programlar\u0131ndan birine kat\u0131lmak istiyorsan\u0131z <strong>Erasmus vizesi<\/strong> alman\u0131z gerekmektedir. Yurtd\u0131\u015f\u0131ndaki \u00f6zellikle de AB \u00fcniversitelerinde e\u011fitime devam etmek ya da ders vermek amac\u0131yla 3 aydan 12 aya kadar s\u00fcrebilen bu program, vize ba\u015fvurusu gerektirmekte ve bunu takiben baz\u0131 belgelerin sunulmas\u0131 gerekmektedir.<\/span><\/p>\n<p><span style=\"font-family: Roboto; font-size: 14px;\">\u0130lgili yasa ve mevzuatlara g\u00f6re T\u00fcrk vatanda\u015f\u0131 olan veya<strong> T\u00fcrkiye\u2019de oturum izni<\/strong> olan, \u00fcniversiteye kay\u0131tl\u0131 olan yabanc\u0131 ki\u015filerin de\u00a0<strong>Letonya Erasmus vizesi\u00a0<\/strong>i\u00e7in ba\u015fvuru yapma haklar\u0131 vard\u0131r. T\u00fcrkiye\u2019de kay\u0131tl\u0131 oldu\u011fu \u00fcniversite ile Erasmus program\u0131n\u0131 kullanarak yurt d\u0131\u015f\u0131nda gitmek istedi\u011fi \u00fcniversitenin ders programlar\u0131n\u0131n uyu\u015fmas\u0131 ile bu program dahilinde yurt d\u0131\u015f\u0131na \u00e7\u0131k\u0131\u015f ger\u00e7ekle\u015febilir. Ders program\u0131 ve ders i\u00e7eri\u011finin uyu\u015fmas\u0131 ile \u00f6\u011frencinin istedi\u011fi \u00fcniversiteyi se\u00e7me hakk\u0131 bulunmaktad\u0131r.<\/span><\/p>\n<p><span style=\"font-family: Roboto; font-size: 14px;\">Bununla beraber Erasmus programlar\u0131na kat\u0131l\u0131m sa\u011flayaca\u011f\u0131n\u0131z\u0131n ve ne kadar hibe kullanabilece\u011finizi ve hak etti\u011finizi de resmi belgeler ile sunman\u0131z gerekmektedir. Ayr\u0131ca Letonya\u2019da bulunan okulun kabul belgesi de sunulacak belgeler aras\u0131nda olmal\u0131d\u0131r.<\/span><\/p>\n<p><span style=\"font-family: Roboto; font-size: 14px;\"><strong>Erasmus b\u00fct\u00e7e hibesi<\/strong> \u00f6nemlidir, \u00e7\u00fcnk\u00fc program s\u00fcresince sizlerin ge\u00e7im kayna\u011f\u0131n\u0131n temeli o hibe olacakt\u0131r. Bunun haricinde de var ise ge\u00e7im kayna\u011f\u0131n\u0131z\u0131 belgelemeniz gereklidir.<\/span><\/p>\n<p><span style=\"font-family: Roboto; font-size: 14px;\">Erasmus belgelerinin kabul\u00fcnden sonra ise Letonya Erasmus vize\u00a0ba\u015fvurusunda bulunman\u0131z gereklidir.<\/span><\/p>\n<p><span style=\"font-family: Roboto; font-size: 14px;\"><span style=\"color: #2acec2;\"><strong><a style=\"color: #2acec2;\" href=\"https:\/\/www.myvize.com.tr\/letonya\/konsolosluklar\/baskonsolosluk-bolumleri\/\" target=\"_blank\" rel=\"noopener\">Letonya Ba\u015fkonsolosluk B\u00f6l\u00fcmleri<\/a><\/strong><\/span> ile ilgili bilgi almak i\u00e7in bizi aray\u0131n.<\/span><\/p>\n<h2><span style=\"font-size: 27px;\"><strong><span style=\"font-family: Roboto;\">Letonya Erasmus Vize \u0130le \u0130lgili<\/span><\/strong><\/span><\/h2>\n<div><span style=\"font-family: Roboto; font-size: 14px;\">Letonya&#8217;ya <strong>Erasmus \u00f6\u011frenci de\u011fi\u015fimi<\/strong> ile Letonya&#8217;ya gidecek olan T\u00fcrk vatanda\u015flar\u0131 i\u00e7in <span style=\"color: #2acec2;\"><strong><a style=\"color: #2acec2;\" href=\"https:\/\/www.myvize.com.tr\/letonya\/oturum-2\/ogrenci-vizesi\/\" target=\"_blank\" rel=\"noopener\">Letonya \u00f6\u011frenci vizesi<\/a><\/strong><\/span> bulunmamaktad\u0131r. Bunun yerine Avrupa De\u011fi\u015fim Program\u0131&#8217;ndan yararlanabilirsiniz.<\/span><\/div>\n<div><span style=\"font-family: Roboto; font-size: 14px;\"><strong>Avrupa De\u011fi\u015fim Program\u0131<\/strong> ile Letonya<strong> Erasmus vizesi<\/strong> alacak olan ki\u015filer Letonya&#8217;n\u0131n T\u00fcrkiye&#8217;deki temsilciliklerine yap\u0131lmal\u0131d\u0131r.<\/span><\/div>\n<div><span style=\"font-family: Roboto; font-size: 14px;\">Ba\u015fvuru i\u00e7in Letonya vize ba\u015fvuru formu doldurulmal\u0131d\u0131r. Form doldurulduktan sonra <strong>Letonya vize ba\u015fvurusu<\/strong> yap\u0131lacak yerden randevu al\u0131nmal\u0131d\u0131r. Randevu tarihine kadar gerekli olan belgeler haz\u0131rlanmal\u0131 ve randevu tarihinde teslim edilmelidir.\u00a0<\/span><\/div>\n<div><span style=\"font-family: Roboto; font-size: 14px;\"><strong>Letonya Erasmus vizesi<\/strong> i\u00e7in gerekli olan belgeler eksiksiz ve g\u00fcncel olmal\u0131d\u0131r. Eksik ve g\u00fcncel olmayan ba\u015fvurulardan dolay\u0131 Letonya vize ba\u015fvurunuz reddedilmektedir.<\/span><\/div>\n<div><strong><span style=\"font-family: Roboto; font-size: 14px;\">Letonya Erasmus vizesi i\u00e7in gerekli olan belgeler;\u00a0<\/span><\/strong><\/div>\n<ul>\n<li><span style=\"font-family: Roboto; font-size: 14px;\">Eksiksiz ve do\u011fru doldurulmu\u015f vize ba\u015fvuru formu<\/span><\/li>\n<li><span style=\"font-family: Roboto; font-size: 14px;\">6 ay i\u00e7erisinde \u00e7\u0131kar\u0131lm\u0131\u015f ve en az iki sayfas\u0131 vize bas\u0131m\u0131 i\u00e7in bo\u015f olmal\u0131d\u0131r.<\/span><\/li>\n<li><span style=\"font-family: Roboto; font-size: 14px;\">Seyahat sa\u011fl\u0131k sigortas\u0131; en az 30 bin Euro teminatl\u0131 ve seyahat tarihlerini kapsamal\u0131d\u0131r.<\/span><\/li>\n<li><span style=\"font-family: Roboto; font-size: 14px;\">Tam vukuatl\u0131 n\u00fcfus kay\u0131t \u00f6rne\u011fi<\/span><\/li>\n<li><span style=\"font-family: Roboto; font-size: 14px;\">Adli sicil kayd\u0131<\/span><\/li>\n<li><span style=\"font-family: Roboto; font-size: 14px;\">Banka hesap d\u00f6k\u00fcm\u00fc<\/span><\/li>\n<li><span style=\"font-family: Roboto; font-size: 14px;\">Transkript; en az 2.2 puan olmal\u0131d\u0131r.<\/span><\/li>\n<\/ul>\n<p><span style=\"font-family: Roboto; font-size: 14px;\">Ba\u015fvurular 7 ile 10 g\u00fcn aras\u0131nda sonu\u00e7lanmaktad\u0131r. Pasaporta bas\u0131lan vize kargo ile \u00fccretinizi \u00f6demeniz durumunda adresinize g\u00f6nderilir.<\/span><\/p>\n<p><span style=\"font-family: Roboto; font-size: 14px;\"><span style=\"color: #2acec2;\"><strong><a style=\"color: #2acec2;\" href=\"https:\/\/www.myvize.com.tr\/letonya\/vize-islemleri\/letonya-dil-okulu-vizesi\/\" target=\"_blank\" rel=\"noopener\">Letonya Dil Okulu Vizesi<\/a><\/strong><\/span> ile ilgili bilgi almak i\u00e7in bizi aray\u0131n\u0131z.<\/span><\/p>\n<h3><strong><span style=\"font-family: Roboto; font-size: 24px;\">Erasmus Letonya Vize \u0130\u015flemleri<\/span><\/strong><\/h3>\n<p><span style=\"font-family: Roboto; font-size: 14px;\"><strong>Erasmus de\u011fi\u015fim program\u0131<\/strong> kapsam\u0131nda Letonya\u2019ya seyahat edecek olan T\u00fcrk vatanda\u015flar\u0131n\u0131n <strong>Letonya Erasmus vizesi<\/strong> almas\u0131 gerekmektedir. Erasmus Letonya vizesi alacak olan ki\u015filer, vize ba\u015fvurular\u0131n\u0131 <strong>Letonya Ankara B\u00fcy\u00fckel\u00e7ili\u011fi<\/strong>\u2019ne yap\u0131labilmektedir.<\/span><\/p>\n<p><span style=\"font-family: Roboto; font-size: 14px;\">Letonya Erasmus vizesi alacak olan ki\u015filer vize ba\u015fvurular\u0131n\u0131 yapmak i\u00e7in \u00f6ncelikle Letonya\u2019da bulunan bir \u00fcniversite ile anla\u015fmal\u0131 olmas\u0131 gerekmektedir. Ayr\u0131ca Letonya\u2019n\u0131n resmi dili olan <strong>Letoncay\u0131<\/strong> iyi derecede bilmesi gerekmektedir. Ayr\u0131ca Letonya\u2019da bulunaca\u011f\u0131n\u0131z s\u00fcre boyunca masraflar\u0131n\u0131z\u0131 kar\u015f\u0131layabilecek ekonomik durumunuz olmal\u0131d\u0131r.<\/span><\/p>\n<p><strong><span style=\"font-family: Roboto; font-size: 15px;\">Erasmus Letonya vizesi ba\u015fvurular\u0131 a\u015fa\u011f\u0131daki \u015fekilde yap\u0131lmal\u0131d\u0131r;<\/span><\/strong><\/p>\n<ul>\n<li><span style=\"font-family: Roboto; font-size: 14px;\">Letonya Ankara B\u00fcy\u00fckel\u00e7ili\u011fi resmi web sitesi \u00fczerinden Letonya vize ba\u015fvuru formu doldurulmal\u0131d\u0131r.<\/span><\/li>\n<li><span style=\"font-family: Roboto; font-size: 14px;\">Ard\u0131ndan Letonya vize ba\u015fvurusu i\u00e7in <strong>Erasmus Letonya vize randevusu<\/strong> al\u0131nmal\u0131d\u0131r.<\/span><\/li>\n<li><span style=\"font-family: Roboto; font-size: 14px;\">Randevu tarihine kadar gerekli olan Erasmus vize ba\u015fvuru belgelerini haz\u0131rlaman\u0131z gerekmektedir.<\/span><\/li>\n<li><span style=\"font-family: Roboto; font-size: 14px;\">Randevu tarihinde gerekli olan belgeler Letonya Ankara B\u00fcy\u00fckel\u00e7ili\u011fi\u2019ndeki yetkililere teslim edilmelidir.<\/span><\/li>\n<li><span style=\"font-family: Roboto; font-size: 14px;\">Letonya randevu tarihinde gerekli olan vize har\u00e7 \u00fccreti gi\u015felere yat\u0131r\u0131lmal\u0131d\u0131r.<\/span><\/li>\n<li><span style=\"font-family: Roboto; font-size: 14px;\">Ba\u015fvurunuz kabul edildikten sonra yakla\u015f\u0131k olarak 10-15 g\u00fcn i\u00e7erisinde sonu\u00e7lanmaktad\u0131r.<\/span><\/li>\n<\/ul>\n<p><span style=\"font-family: Roboto; font-size: 14px;\">Letonya vize ba\u015fvurusu i\u00e7in gerekli olan belgeler eksiksiz ve g\u00fcncel olmal\u0131d\u0131r.<strong> Letonya Erasmus vize ba\u015fvurular\u0131<\/strong> b\u00fcy\u00fck titizlik ile incelenmekte ve ya\u015fanan herhangi bir olumsuzlukta vize ba\u015fvurular\u0131 reddedilmektedir.<\/span><\/p>\n<h3><span style=\"font-size: 24px;\"><strong><span style=\"font-family: Roboto;\">Letonya Erasmus Vizesi Nas\u0131l Al\u0131n\u0131r?<\/span><\/strong><\/span><\/h3>\n<p><span style=\"font-family: Roboto; font-size: 14px;\">Erasmus, \u00fclkelerin kar\u015f\u0131l\u0131kl\u0131 olarak \u00f6\u011frenci de\u011fi\u015ftirme program\u0131d\u0131r. \u00d6\u011frenciler farkl\u0131 \u00fclkelere giderek orada e\u011fitim g\u00f6rmeye devam ederler. Bu \u00f6\u011frenci de\u011fi\u015fim Erasmus program\u0131na dahil olan \u00fcniversiteler aras\u0131nda ger\u00e7ekle\u015fir. Erasmus program\u0131 ile \u00f6\u011frenciler farkl\u0131 k\u00fclt\u00fcrler ile tan\u0131\u015fabilir, daha farkl\u0131 deneyimler elde edebilir, kariyer hayat\u0131nda farkl\u0131 noktalara ula\u015fabilirler. Bu nedenle \u00f6\u011frenciler Erasmus ile \u00fcniversite de\u011fi\u015fimi programlar\u0131n\u0131 tercih etmektedirler. Ancak bu \u00fclke de\u011fi\u015fimi i\u00e7in <strong>Letonya Erasmus Vizesi<\/strong>, bu vize i\u00e7in belli ba\u015fl\u0131 evraklar gerekmektedir.<\/span><\/p>\n<p><img decoding=\"async\" src=\"https:\/\/www.myvize.com.tr\/letonya\/wp-content\/uploads\/2021\/10\/48.jpg\" \/><\/p>\n<h3><span style=\"font-size: 24px;\"><strong><span style=\"font-family: Roboto;\">Letonya Erasmus Vizesi \u0130\u00e7in Gerekli Evraklar<\/span><\/strong><\/span><\/h3>\n<p><span style=\"font-family: Roboto; font-size: 14px;\">10 y\u0131ldan eski olmayan g\u00fcncelli\u011fi bulunan pasaport<\/span><br \/>\n<span style=\"font-family: Roboto; font-size: 14px;\">Beyaz arka fonlu biyometrik foto\u011fraf<\/span><br \/>\n<span style=\"font-family: Roboto; font-size: 14px;\">Kimlik belgesi fotokopisi<\/span><br \/>\n<span style=\"font-family: Roboto; font-size: 14px;\">Tam vukuatl\u0131 n\u00fcfus kay\u0131t belgesi<\/span><br \/>\n<span style=\"font-family: Roboto; font-size: 14px;\">\u00d6\u011frencinin davet ald\u0131\u011f\u0131 \u00fcniversiteden davet mektubunun asl\u0131<\/span><br \/>\n<span style=\"font-family: Roboto; font-size: 14px;\">\u00d6\u011frencinin g\u00fcncel olarak okudu\u011fu \u00fcniversitenin onay ve muafl\u0131k belgesi<\/span><br \/>\n<span style=\"font-family: Roboto; font-size: 14px;\">Sa\u011fl\u0131k sigortas\u0131<\/span><br \/>\n<span style=\"font-family: Roboto; font-size: 14px;\">Letonya \u00fclkesinde bulunulaca\u011f\u0131 s\u00fcre dahilinde ekonomik problem ya\u015fanmayaca\u011f\u0131na dair mali dayanaklar<\/span><br \/>\n<span style=\"font-family: Roboto; font-size: 14px;\">U\u00e7ak Bileti rezervasyonu<\/span><br \/>\n<span style=\"font-family: Roboto; font-size: 14px;\">Orada kal\u0131nacak evin kira kontrat\u0131, otel ise otel rezervasyonuna dair belgeler<\/span><br \/>\n<span style=\"font-family: Roboto; font-size: 14px;\">Yukar\u0131daki belgeleri tamamlayan ki\u015filerin <strong>Letonya Konsoloslu\u011funa<\/strong> ba\u015fvurmas\u0131 gerekir. Bu ba\u015fvurunun ard\u0131ndan incelemeye al\u0131n\u0131r. Erasmus ba\u015fvurular\u0131 genel olarak reddedilmemektedir. Ancak reddedilmesi gibi bir durumda s\u00f6z konusu olabilir. E\u011fer olursa reddedilme sebebinin ara\u015ft\u0131r\u0131lmas\u0131 ve <strong>Letonya Erasmus Vizesi<\/strong> almak i\u00e7in ba\u015fvurunun yinelenmesi, itiraz edilmesi gerekir. \u0130tiraz ederken eksik belgelerin tamamlanmas\u0131, ge\u00e7erlili\u011fi dolmu\u015f belgelerin yenilenmesi gibi durumlar s\u00f6z konusu olabilir.<\/span><\/p>\n<p><img decoding=\"async\" src=\"https:\/\/www.myvize.com.tr\/letonya\/wp-content\/uploads\/2021\/10\/48.jpg\" \/><\/p>\n","protected":false},"excerpt":{"rendered":"<p>Letonya Erasmus Vizesi\u00a0 \u00d6\u011frenci de\u011fi\u015fim program\u0131na kat\u0131lan \u00f6\u011frencilerin tercih edebilecekleri bir di\u011fer \u00fclke ise Letonya\u2019d\u0131r. Letonya \u00fclkesinde \u00fcniversitelere ba\u015fvurularak onay \u00e7\u0131karsa oradaki \u00fcniversitelerde Erasmus program\u0131na dahil olunabilir. Ancak se\u00e7ilen \u00fcniversitenin Erasmus program\u0131na dahil olmas\u0131 gerekir. Sizleri se\u00e7erken Avrupa Birli\u011fi \u00f6\u011frenci stat\u00fcs\u00fcne g\u00f6re kriterlerini belirlemekteler. Letonya \u00fclkesinde Erasmus program\u0131na kat\u0131lmak isteyen ki\u015filerin Letonya Erasmus Vizesi almas\u0131<\/p>\n","protected":false},"author":1,"featured_media":0,"parent":0,"menu_order":0,"comment_status":"open","ping_status":"closed","template":"","meta":{"footnotes":""},"class_list":["post-387","page","type-page","status-publish","hentry"],"yoast_head":"<!-- This site is optimized with the Yoast SEO plugin v24.0 - https:\/\/yoast.com\/wordpress\/plugins\/seo\/ -->\n<title>Letonya Erasmus Vizesi - Letonya Vize \u0130\u015flemleri - MyVize<\/title>\n<meta name=\"description\" content=\"Letonya Erasmus Vizesi Nas\u0131l Al\u0131n\u0131r? Letonya Erasmus Vize Ba\u015fvurusu Nas\u0131l Yap\u0131l\u0131r? Letonya Erasmus Vize \u00dccreti Ne Kadar?\" \/>\n<meta name=\"robots\" content=\"index, follow, max-snippet:-1, max-image-preview:large, max-video-preview:-1\" \/>\n<link rel=\"canonical\" href=\"https:\/\/www.myvize.com.tr\/letonya\/letonya-erasmus-vizesi\/\" \/>\n<meta property=\"og:locale\" content=\"tr_TR\" \/>\n<meta property=\"og:type\" content=\"article\" \/>\n<meta property=\"og:title\" content=\"Letonya Erasmus Vizesi - Letonya Vize \u0130\u015flemleri - MyVize\" \/>\n<meta property=\"og:description\" content=\"Letonya Erasmus Vizesi Nas\u0131l Al\u0131n\u0131r? Letonya Erasmus Vize Ba\u015fvurusu Nas\u0131l Yap\u0131l\u0131r? Letonya Erasmus Vize \u00dccreti Ne Kadar?\" \/>\n<meta property=\"og:url\" content=\"https:\/\/www.myvize.com.tr\/letonya\/letonya-erasmus-vizesi\/\" \/>\n<meta property=\"og:site_name\" content=\"Letonya Vizesi\" \/>\n<meta property=\"article:modified_time\" content=\"2022-04-21T09:55:40+00:00\" \/>\n<meta property=\"og:image\" content=\"https:\/\/www.myvize.com.tr\/letonya\/wp-content\/uploads\/2021\/10\/48.jpg\" \/>\n<meta name=\"twitter:card\" content=\"summary_large_image\" \/>\n<meta name=\"twitter:label1\" content=\"Tahmini okuma s\u00fcresi\" \/>\n\t<meta name=\"twitter:data1\" content=\"5 dakika\" \/>\n<script type=\"application\/ld+json\" class=\"yoast-schema-graph\">{\"@context\":\"https:\/\/schema.org\",\"@graph\":[{\"@type\":\"WebPage\",\"@id\":\"https:\/\/www.myvize.com.tr\/letonya\/letonya-erasmus-vizesi\/\",\"url\":\"https:\/\/www.myvize.com.tr\/letonya\/letonya-erasmus-vizesi\/\",\"name\":\"Letonya Erasmus Vizesi - Letonya Vize \u0130\u015flemleri - MyVize\",\"isPartOf\":{\"@id\":\"https:\/\/www.myvize.com.tr\/letonya\/#website\"},\"primaryImageOfPage\":{\"@id\":\"https:\/\/www.myvize.com.tr\/letonya\/letonya-erasmus-vizesi\/#primaryimage\"},\"image\":{\"@id\":\"https:\/\/www.myvize.com.tr\/letonya\/letonya-erasmus-vizesi\/#primaryimage\"},\"thumbnailUrl\":\"https:\/\/www.myvize.com.tr\/letonya\/wp-content\/uploads\/2021\/10\/48.jpg\",\"datePublished\":\"2021-08-12T10:29:32+00:00\",\"dateModified\":\"2022-04-21T09:55:40+00:00\",\"description\":\"Letonya Erasmus Vizesi Nas\u0131l Al\u0131n\u0131r? Letonya Erasmus Vize Ba\u015fvurusu Nas\u0131l Yap\u0131l\u0131r? Letonya Erasmus Vize \u00dccreti Ne Kadar?\",\"breadcrumb\":{\"@id\":\"https:\/\/www.myvize.com.tr\/letonya\/letonya-erasmus-vizesi\/#breadcrumb\"},\"inLanguage\":\"tr\",\"potentialAction\":[{\"@type\":\"ReadAction\",\"target\":[\"https:\/\/www.myvize.com.tr\/letonya\/letonya-erasmus-vizesi\/\"]}]},{\"@type\":\"ImageObject\",\"inLanguage\":\"tr\",\"@id\":\"https:\/\/www.myvize.com.tr\/letonya\/letonya-erasmus-vizesi\/#primaryimage\",\"url\":\"https:\/\/www.myvize.com.tr\/letonya\/wp-content\/uploads\/2021\/10\/48.jpg\",\"contentUrl\":\"https:\/\/www.myvize.com.tr\/letonya\/wp-content\/uploads\/2021\/10\/48.jpg\",\"width\":800,\"height\":500,\"caption\":\"Letonya Erasmus Vizesi\"},{\"@type\":\"BreadcrumbList\",\"@id\":\"https:\/\/www.myvize.com.tr\/letonya\/letonya-erasmus-vizesi\/#breadcrumb\",\"itemListElement\":[{\"@type\":\"ListItem\",\"position\":1,\"name\":\"Anasayfa\",\"item\":\"https:\/\/www.myvize.com.tr\/letonya\/\"},{\"@type\":\"ListItem\",\"position\":2,\"name\":\"Letonya Erasmus Vizesi\"}]},{\"@type\":\"WebSite\",\"@id\":\"https:\/\/www.myvize.com.tr\/letonya\/#website\",\"url\":\"https:\/\/www.myvize.com.tr\/letonya\/\",\"name\":\"Letonya Vizesi\",\"description\":\"\",\"potentialAction\":[{\"@type\":\"SearchAction\",\"target\":{\"@type\":\"EntryPoint\",\"urlTemplate\":\"https:\/\/www.myvize.com.tr\/letonya\/?s={search_term_string}\"},\"query-input\":{\"@type\":\"PropertyValueSpecification\",\"valueRequired\":true,\"valueName\":\"search_term_string\"}}],\"inLanguage\":\"tr\"}]}<\/script>\n<!-- \/ Yoast SEO plugin. -->","yoast_head_json":{"title":"Letonya Erasmus Vizesi - Letonya Vize \u0130\u015flemleri - MyVize","description":"Letonya Erasmus Vizesi Nas\u0131l Al\u0131n\u0131r? Letonya Erasmus Vize Ba\u015fvurusu Nas\u0131l Yap\u0131l\u0131r? Letonya Erasmus Vize \u00dccreti Ne Kadar?","robots":{"index":"index","follow":"follow","max-snippet":"max-snippet:-1","max-image-preview":"max-image-preview:large","max-video-preview":"max-video-preview:-1"},"canonical":"https:\/\/www.myvize.com.tr\/letonya\/letonya-erasmus-vizesi\/","og_locale":"tr_TR","og_type":"article","og_title":"Letonya Erasmus Vizesi - Letonya Vize \u0130\u015flemleri - MyVize","og_description":"Letonya Erasmus Vizesi Nas\u0131l Al\u0131n\u0131r? Letonya Erasmus Vize Ba\u015fvurusu Nas\u0131l Yap\u0131l\u0131r? Letonya Erasmus Vize \u00dccreti Ne Kadar?","og_url":"https:\/\/www.myvize.com.tr\/letonya\/letonya-erasmus-vizesi\/","og_site_name":"Letonya Vizesi","article_modified_time":"2022-04-21T09:55:40+00:00","og_image":[{"url":"https:\/\/www.myvize.com.tr\/letonya\/wp-content\/uploads\/2021\/10\/48.jpg","type":"","width":"","height":""}],"twitter_card":"summary_large_image","twitter_misc":{"Tahmini okuma s\u00fcresi":"5 dakika"},"schema":{"@context":"https:\/\/schema.org","@graph":[{"@type":"WebPage","@id":"https:\/\/www.myvize.com.tr\/letonya\/letonya-erasmus-vizesi\/","url":"https:\/\/www.myvize.com.tr\/letonya\/letonya-erasmus-vizesi\/","name":"Letonya Erasmus Vizesi - Letonya Vize \u0130\u015flemleri - MyVize","isPartOf":{"@id":"https:\/\/www.myvize.com.tr\/letonya\/#website"},"primaryImageOfPage":{"@id":"https:\/\/www.myvize.com.tr\/letonya\/letonya-erasmus-vizesi\/#primaryimage"},"image":{"@id":"https:\/\/www.myvize.com.tr\/letonya\/letonya-erasmus-vizesi\/#primaryimage"},"thumbnailUrl":"https:\/\/www.myvize.com.tr\/letonya\/wp-content\/uploads\/2021\/10\/48.jpg","datePublished":"2021-08-12T10:29:32+00:00","dateModified":"2022-04-21T09:55:40+00:00","description":"Letonya Erasmus Vizesi Nas\u0131l Al\u0131n\u0131r? Letonya Erasmus Vize Ba\u015fvurusu Nas\u0131l Yap\u0131l\u0131r? Letonya Erasmus Vize \u00dccreti Ne Kadar?","breadcrumb":{"@id":"https:\/\/www.myvize.com.tr\/letonya\/letonya-erasmus-vizesi\/#breadcrumb"},"inLanguage":"tr","potentialAction":[{"@type":"ReadAction","target":["https:\/\/www.myvize.com.tr\/letonya\/letonya-erasmus-vizesi\/"]}]},{"@type":"ImageObject","inLanguage":"tr","@id":"https:\/\/www.myvize.com.tr\/letonya\/letonya-erasmus-vizesi\/#primaryimage","url":"https:\/\/www.myvize.com.tr\/letonya\/wp-content\/uploads\/2021\/10\/48.jpg","contentUrl":"https:\/\/www.myvize.com.tr\/letonya\/wp-content\/uploads\/2021\/10\/48.jpg","width":800,"height":500,"caption":"Letonya Erasmus Vizesi"},{"@type":"BreadcrumbList","@id":"https:\/\/www.myvize.com.tr\/letonya\/letonya-erasmus-vizesi\/#breadcrumb","itemListElement":[{"@type":"ListItem","position":1,"name":"Anasayfa","item":"https:\/\/www.myvize.com.tr\/letonya\/"},{"@type":"ListItem","position":2,"name":"Letonya Erasmus Vizesi"}]},{"@type":"WebSite","@id":"https:\/\/www.myvize.com.tr\/letonya\/#website","url":"https:\/\/www.myvize.com.tr\/letonya\/","name":"Letonya Vizesi","description":"","potentialAction":[{"@type":"SearchAction","target":{"@type":"EntryPoint","urlTemplate":"https:\/\/www.myvize.com.tr\/letonya\/?s={search_term_string}"},"query-input":{"@type":"PropertyValueSpecification","valueRequired":true,"valueName":"search_term_string"}}],"inLanguage":"tr"}]}},"_links":{"self":[{"href":"https:\/\/www.myvize.com.tr\/letonya\/wp-json\/wp\/v2\/pages\/387","targetHints":{"allow":["GET"]}}],"collection":[{"href":"https:\/\/www.myvize.com.tr\/letonya\/wp-json\/wp\/v2\/pages"}],"about":[{"href":"https:\/\/www.myvize.com.tr\/letonya\/wp-json\/wp\/v2\/types\/page"}],"author":[{"embeddable":true,"href":"https:\/\/www.myvize.com.tr\/letonya\/wp-json\/wp\/v2\/users\/1"}],"replies":[{"embeddable":true,"href":"https:\/\/www.myvize.com.tr\/letonya\/wp-json\/wp\/v2\/comments?post=387"}],"version-history":[{"count":9,"href":"https:\/\/www.myvize.com.tr\/letonya\/wp-json\/wp\/v2\/pages\/387\/revisions"}],"predecessor-version":[{"id":767,"href":"https:\/\/www.myvize.com.tr\/letonya\/wp-json\/wp\/v2\/pages\/387\/revisions\/767"}],"wp:attachment":[{"href":"https:\/\/www.myvize.com.tr\/letonya\/wp-json\/wp\/v2\/media?parent=387"}],"curies":[{"name":"wp","href":"https:\/\/api.w.org\/{rel}","templated":true}]}}