{"id":39,"date":"2020-11-30T12:46:14","date_gmt":"2020-11-30T09:46:14","guid":{"rendered":"https:\/\/www.myvize.com.tr\/letonya\/?page_id=39"},"modified":"2022-08-02T13:20:48","modified_gmt":"2022-08-02T10:20:48","slug":"letonya-vize-randevusu","status":"publish","type":"page","link":"https:\/\/www.myvize.com.tr\/letonya\/vize-islemleri\/letonya-vize-randevusu\/","title":{"rendered":"Letonya Vize Randevusu"},"content":{"rendered":"<p><span style=\"font-family: Roboto; font-size: 14px;\"><strong>Letonya Konsolosluklar\u0131 vizesi<\/strong> ba\u015fvuru merkezlerine, Letonya Schengen Vizesi i\u015flemi ba\u015fvurusu randevu al\u0131narak yap\u0131lmakta. <strong>Letonya Konsoloslu\u011fu<\/strong> vize ba\u015fvuru merkezleri al\u0131nacak randevunun interneti \u00fczerinden online randevu sistemi ya da \u00e7a\u011fr\u0131 merkezi arac\u0131l\u0131\u011f\u0131yla vize m\u00fcracaat \u00f6ncesi al\u0131nmas\u0131 gerekmektedir.<\/span><br \/>\n<span style=\"font-family: Roboto; font-size: 14px;\">Ki\u015fi e\u011fer \u015fahsen ba\u015fvuru yapacak ise ba\u015fvuru yapacak oldu\u011fu kurumdan randevu alarak parmak izini vermeli ve belgelerini teslim etmelidir.<\/span><br \/>\n<span style=\"font-family: Roboto; font-size: 14px;\">Letonya, bir Avrupa Birli\u011fi \u00fclkesidir ve Schengen grup \u00fclkesidir. Bu \u00fclkeye seyahat edecek ki\u015filer, olan vatanda\u015f\u0131m\u0131z muhtemel Letonya seyahati \u00f6ncesi bu \u00fclkenin vizesini almas\u0131 gerekecektir.<\/span><br \/>\n<span style=\"font-family: Roboto; font-size: 14px;\">Ye\u015fil pasaport bulunan vatanda\u015f\u0131m\u0131z\u0131n ise;<strong> Letonya vizesi<\/strong> almas\u0131na gerek yoktur. Yine ayn\u0131 \u015fekilde T\u00fcrkiye Cumhuriyet diplomatik ve hizmet pasaportu sahibi vatanda\u015f\u0131m\u0131z da<span style=\"color: #2acec2;\"><strong><a style=\"color: #2acec2;\" href=\"https:\/\/www.myvize.com.tr\/letonya\/vize-islemleri\/letonya-vizesi\/\" target=\"_blank\" rel=\"noopener\"> Letonya vizesi<\/a><\/strong><\/span> i\u015fleminden muaft\u0131r.<\/span><br \/>\n<span style=\"font-family: Roboto; font-size: 14px;\">T\u00fcrkiye Cumhuriyet resmi pasaport sahibi vatanda\u015f\u0131m\u0131z 180 g\u00fcn i\u00e7inde 90 g\u00fcn\u00fc ge\u00e7memek \u00f6n ko\u015fuluyla Letonya&#8217;ya vizesiz giri\u015f yapabilir.<\/span><br \/>\n<span style=\"font-family: Roboto; font-size: 14px;\">ABD, Schengen \u00fclkesi, \u0130ngiltere, \u0130svi\u00e7re ve Kanada ikametg\u00e2h izni olan vatanda\u015f\u0131m\u0131z ise; seyahat kart\u0131 ya da pasaportu ile <strong>Letonya vizesi<\/strong> almas\u0131na gerek kalmadan bu \u00fclkeye giri\u015f yapabilir.<\/span><\/p>\n<p><img decoding=\"async\" src=\"https:\/\/www.myvize.com.tr\/letonya\/wp-content\/uploads\/2021\/10\/51.jpg\" \/><\/p>\n<h2><span style=\"font-family: Roboto; font-size: 27px;\"><b>Letonya Vize Randevusu Hakk\u0131nda<\/b><\/span><\/h2>\n<p><span style=\"font-family: Roboto; font-size: 14px;\">Letonya ile T\u00fcrkiye aras\u0131ndaki ili\u015fkiler <span style=\"color: #2acec2;\"><strong><a style=\"color: #2acec2;\" href=\"https:\/\/www.myvize.com.tr\/letonya\/konsolosluklar\/ankara-buyukelciligi\/\" target=\"_blank\" rel=\"noopener\">Ankara Letonya B\u00fcy\u00fckel\u00e7ili\u011fi <\/a><\/strong><\/span>ve fahri konsolosluklar arac\u0131l\u0131\u011f\u0131 ile devam etmektedir. Bu temsilcilikler ile Letonya vatanda\u015flar\u0131n\u0131n baz\u0131 i\u015flemleri ile iki \u00fclke aras\u0131nda diplomatik, be\u015feri, k\u00fclt\u00fcrel ve ticari baz\u0131 ili\u015fkileri devam edebilmektedir.<\/span><\/p>\n<p><span style=\"font-family: Roboto; font-size: 14px;\">Letonya, T\u00fcrkiye\u2019deki temsilcilikleri olan fahri konsolosluklar\u0131 ile yaln\u0131zca diplomatik i\u015flemler ger\u00e7ekle\u015ftirilememektedir. <strong>Vize i\u015flemleri<\/strong> i\u00e7in ise her fahri konsolosluk yetkili de\u011fildir, baz\u0131 konsolosluklar yaln\u0131zca<strong> Letonya vatanda\u015flar\u0131na<\/strong> destek olmak ad\u0131na faaliyet g\u00f6stermektedir. Bu nedenle <span style=\"color: #2acec2;\"><strong><a style=\"color: #2acec2;\" href=\"https:\/\/www.myvize.com.tr\/letonya\/vize-islemleri\/\" target=\"_blank\" rel=\"noopener\">vize i\u015flemleri <\/a><\/strong><\/span>i\u00e7in mutlaka hangi il ve b\u00f6lgede bulunuyorsan\u0131z o b\u00f6lgedeki <strong>Letonya fahri konsoloslu\u011fu<\/strong> ile ileti\u015fime ge\u00e7erek vize i\u015flemleri ile ilgili bilgi almal\u0131s\u0131n\u0131z.<\/span><\/p>\n<p><span style=\"font-family: Roboto; font-size: 14px;\"><strong>Letonya vize i\u015flemleri\u00a0<\/strong>i\u00e7in mutlaka \u00f6nden bilgi al\u0131p uygun konsolosluk veya Ankara Letonya B\u00fcy\u00fckel\u00e7ili\u011fi\u2019nden randevu al\u0131nmas\u0131 gerekmektedir.\u00a0<strong>Letonya vize randevusu<\/strong>\u00a0i\u00e7in b\u00fcy\u00fckel\u00e7ilik ve konsolosluklar\u0131n irtibat numaralar\u0131ndan ileti\u015fime ge\u00e7ilebilmektedir.<\/span><\/p>\n<p><span style=\"font-family: Roboto; font-size: 14px;\">Randevu olu\u015fturmadan kurumlara gitmeniz durumunda i\u015flemleriniz yap\u0131lmayabilir ve bu durumda zaman kayb\u0131 ya\u015fayabilirsiniz.<\/span><\/p>\n<p><span style=\"font-family: Roboto; font-size: 14px;\"><strong>Letonya konsolosluk i\u015flemleri\u00a0<\/strong>Letonya vatanda\u015flar\u0131 i\u00e7in n\u00fcfus, belge onay ve tasdiki, evlilik, do\u011fum, \u00f6l\u00fcm, pasaport, vergi, vatanda\u015fl\u0131k, hukuk<strong>\u00a0<\/strong>ve noter gibi i\u015flemlerini kapsamaktad\u0131r.<\/span><\/p>\n<h2><strong><span style=\"font-family: Roboto; font-size: 27px;\">Letonya Vize Randevusu \u0130le \u0130lgili<\/span><\/strong><\/h2>\n<p><span style=\"font-family: Roboto; font-size: 14px;\"><strong>Schengen<\/strong> vizesine ba\u015fvurmak istedi\u011finizde veya uzun s\u00fcreli vize almak i\u00e7in harekete ge\u00e7ece\u011finizde vize randevular\u0131n\u0131z\u0131n olu\u015fturulmas\u0131 gerekmektedir. \u0130nternet arac\u0131l\u0131\u011f\u0131yla online i\u015flemleri tamamlayarak veya \u00e7a\u011fr\u0131 hatt\u0131na ula\u015farak m\u00fcracaatlar\u0131n\u0131z\u0131 ger\u00e7ekle\u015ftirebilirsiniz. T\u00fcm bu s\u00fcre\u00e7lerde zorlanmamak ve zahmet ya\u015famamak i\u00e7in sizin yerinize randevu olu\u015fturacak ve takip edecek olan ofislerimizin deste\u011fini alabilirsiniz. <strong>Schengen vizesi<\/strong> kapsam\u0131nda ba\u015fvuru yapacak ki\u015filerin son 5 y\u0131l i\u00e7erisinde farkl\u0131 bir \u00fclke i\u00e7in biyometrik veri vermeleri durumunda yeniden bulunmalar\u0131 gerekmeyecektir. Bu nedenle ba\u015fvurular\u0131n \u015fahsen olu\u015fturulmas\u0131na ve ki\u015filerin ba\u015fvuru esnas\u0131nda bulunmalar\u0131na gerek duyulmayacakt\u0131r. <strong>Schengen<\/strong> \u00fclkeleri aras\u0131nda yer alan <strong>Letonya<\/strong> seyahatlerinizi ger\u00e7ekle\u015ftirmek istedi\u011finizde vizelerinizle ilgili detaylar\u0131 payla\u015fabilirsiniz. Vize alman\u0131z\u0131n zorunlu oldu\u011fu durumlarda mutlaka randevular\u0131n\u0131z\u0131n olu\u015fturulmas\u0131 gerekecektir. 180 g\u00fcnl\u00fck s\u00fcrede 90 g\u00fcn\u00fc a\u015fmayacak \u015fekilde Letonya&#8217;ya giri\u015f yapmak isteyen resmi pasaport sahiplerinin vize almalar\u0131 zorunlu de\u011fildir. Ancak bu \u015fartlar d\u0131\u015f\u0131nda kalan ki\u015filerin randevular\u0131 olu\u015fturmalar\u0131 ve belgeleri eksiksiz bir \u015fekilde sunmalar\u0131 gerekmektedir. Konsolosluk veya b\u00fcy\u00fckel\u00e7ilik mercilerine ba\u015fvuru yap\u0131larak randevular\u0131n olu\u015fturulmas\u0131 m\u00fcmk\u00fcn olacakt\u0131r. Bu sayede kurumlara gitmeden de i\u015flemlerinizin s\u00fcrd\u00fcr\u00fclmesini sa\u011flayabilirsiniz.<\/span><\/p>\n<p><span style=\"font-family: Roboto; font-size: 14px;\"><span style=\"color: #2acec2;\"><strong><a style=\"color: #2acec2;\" href=\"https:\/\/www.myvize.com.tr\/letonya\/letonya-vize-ucreti\/\" target=\"_blank\" rel=\"noopener\">Letonya Vize \u00dccreti<\/a><\/strong><\/span> ile ilgili bilgi almak i\u00e7in bizi aray\u0131n\u0131z.<\/span><\/p>\n<h2><strong><span style=\"font-family: Roboto; font-size: 27px;\">Letonya Vize Randevusu Nas\u0131l Al\u0131n\u0131r?<\/span><\/strong><\/h2>\n<p><span style=\"font-family: Roboto; font-size: 14px;\"><strong>Letonya\u2019ya seyahat edecek<\/strong> ki\u015filerin seyahatlerinin ger\u00e7ekle\u015ftirebilmeleri i\u00e7in Letonya vizesi almalar\u0131 gerekmektedir.<strong>\u00a0Letonya vize randevusu nas\u0131l al\u0131n\u0131r?\u00a0<\/strong>Letonya vizesi alabilmek i\u00e7in \u00f6ncelikle vize i\u00e7in randevu al\u0131nmas\u0131 gerekmektedir. Randevu almadan \u00f6nce \u015funlar\u0131 bilmeniz gerek. Letonya\u2019ya gidecek bir T\u00fcrk vatanda\u015f\u0131 90 g\u00fcn s\u00fcre ile <strong>Letonya vizesi<\/strong> alabilir. Vize ba\u015fvurusunu ise Letonya Ankara Konsoloslu\u011fu\u2019nda yapabilir. Ba\u015fvuruda bulunan bireyler Letonya Konsoloslu\u011fu i\u015flemlerini ger\u00e7ekle\u015ftirmeleri beklenir. Randevusuz olan vizeler kabul edilmemektedir. Letonya vize randevular\u0131 iki t\u00fcrl\u00fc al\u0131nmaktad\u0131r. K\u0131sa s\u00fcreli vize randevusu ve uzun s\u00fcreli vize olmak \u00fczeredir. K\u0131sa s\u00fcreli vize randevusu almak isteyen ki\u015filer vize ba\u015fvuru merkezlerinden alabilmektedir. Uzun s\u00fcreli vize ba\u015fvurusu ise Letonya temsilciliklerinden al\u0131nmaktad\u0131r. K\u0131sa s\u00fcreli vize randevusu VFS GLOBAL \u015firketinin web sitesi \u00fczerinden al\u0131nabilirken, uzun s\u00fcreli vize randevusu Letonya temsilcili\u011fine e mail atarak randevular\u0131n\u0131 alabilirler. Her iki i\u015flemi de internet \u00fczerinden kolayl\u0131kla halledebiliyoruz.<\/span><\/p>\n<h2><strong><span style=\"font-family: Roboto; font-size: 27px;\">Letonya Vize Randevusu Nereden Al\u0131n\u0131r?<\/span><\/strong><\/h2>\n<p><span style=\"font-family: Roboto; font-size: 14px;\">Belirtilmi\u015f oldu\u011fu \u00fczere vize randevusu t\u00fcr\u00fcne g\u00f6re farkl\u0131l\u0131k g\u00f6stermektedir. K\u0131sa s\u00fcreli vize almak i\u00e7in randevular internet \u00fczerinden belirli mecralardan al\u0131nmaktad\u0131r. Uzun s\u00fcreli vize de ayn\u0131 \u015fekilde internet \u00fczerinden al\u0131nabilmektedir.\u00a0<strong>Letonya bize randevusu nereden al\u0131n\u0131r?\u00a0<\/strong>Sorusunun kapsaml\u0131 cevab\u0131na gelirsek ilk \u00f6nce k\u0131sa s\u00fcreli vize almak i\u00e7in gerekli randevunun nereden al\u0131nd\u0131\u011f\u0131na gelelim. K\u0131sa s\u00fcreli vize i\u00e7in alaca\u011f\u0131m\u0131z randevuyu VFS GLOBAL \u015firketinin internet sitesinden alabilirsiniz. Siteye girdikten sonra kay\u0131t olman\u0131z gerekmektedir. Kay\u0131t olduktan sonra randevu al b\u00f6lmesinden Letonya \u00fclkesini se\u00e7ebilirsiniz ve randevunuzu rahatl\u0131kla alabilirsiniz. Uzun s\u00fcreli vize randevusunu alabilmek i\u00e7in ise Letonya\u2019n\u0131n T\u00fcrkiye temsilciliklerine ba\u015fvurmak gerekmektedir. Temsilci kurumun internet sitelerinden randevu al se\u00e7eneklerine t\u0131klad\u0131ktan sonra Letonya\u2019y\u0131 se\u00e7melisiniz. \u0130nternet sitesi d\u0131\u015f\u0131nda ba\u015fka yollarla da Letonya\u2019n\u0131n T\u00fcrkiye temsilcili\u011finden randevu almak m\u00fcmk\u00fcnd\u00fcr. \u00d6nemli olan tek \u015fey onlarla ileti\u015fime ge\u00e7mek, ileti\u015fim kurulduktan sonra randevu almak art\u0131k size kalm\u0131\u015f yapaca\u011f\u0131n\u0131z randevuyu istemek ba\u015fka hi\u00e7bir \u015fey kalm\u0131yor.<\/span><\/p>\n<h2><strong><span style=\"font-family: Roboto; font-size: 27px;\">Letonya Vize Randevusu Nas\u0131l Sorgulan\u0131r?<\/span><\/strong><\/h2>\n<p><span style=\"font-family: Roboto; font-size: 14px;\"><strong>Letonya vize randevusu nas\u0131l sorgulan\u0131r?\u00a0<\/strong>Sorgu denilen \u015feyden kas\u0131t randevu bilgileri, zaman\u0131, tarihi ve de\u011fi\u015ftirilebilir \u00f6zellikleridir. \u0130sterseniz siz alm\u0131\u015f oldu\u011funuz randevuyu iptal edebilirsiniz. \u0130ptal ettikten sonra ba\u015fka bir zamana yeni bir randevu daha alabilirsiniz. Randevu sorgusu bir nevi randevu bilgileridir dedi\u011fimiz \u00fczere. Randevu t\u00fcr\u00fcn\u00fcze g\u00f6re randevunuzu nas\u0131l sorgulars\u0131n\u0131z onu g\u00f6sterece\u011fiz. K\u0131sa s\u00fcreli vize randevusu ise randevuyu ald\u0131\u011f\u0131m\u0131z yer olan <strong>VFS GLOBAL<\/strong> \u015firketinin internet adresi \u00fczerinden randevu hakk\u0131nda bilgilere ula\u015fabilirsiniz. Buradan dedi\u011fimiz \u00fczere randevuyu iptal etme yetkimiz de bulunmaktad\u0131r. Uzun s\u00fcreli vize randevusu sorgusu ise internet \u00fczerinden yap\u0131lamaz. Randevu hakk\u0131nda bilgi alabilmek ve sorgu yapabilmek i\u00e7in Letonya temsilcili\u011fine ula\u015fman\u0131z gerekmektedir. Nas\u0131l ula\u015fman\u0131z gerekti\u011fi hakk\u0131nda temsilcili\u011fin randevuyu alm\u0131\u015f oldu\u011funuz ilk yerden ileti\u015fim bilgileri bulunmaktad\u0131r. Bu bilgileri randevu al\u0131rken kaydederseniz randevu hakk\u0131nda bir sorun olu\u015ftu\u011funda veya iptal etmek istedi\u011finizde yapmak istedi\u011finiz \u015feyleri yapabilirsiniz.<\/span><\/p>\n<h3><strong><span style=\"font-family: Roboto; font-size: 24px;\">Letonya Vize Randevusuna Gecikirsem\u2026<\/span><\/strong><\/h3>\n<p><span style=\"font-family: Roboto; font-size: 14px;\">Her randevunun kural\u0131 oldu\u011fu gibi Letonya vize randevusunun kurallar\u0131n\u0131n biri de randevuya zaman\u0131nda yeti\u015fmektedir. Randevuya yeti\u015femeseniz e\u011fer ne olur?\u00a0<strong>Letonya vize randevusuna gecikirsem\u2026\u00a0<\/strong>gibi sorular\u0131n yan\u0131t\u0131n\u0131 \u00f6\u011freneceksiniz. Vize randevusuna gecikmeniz durumunda randevu iptal edilebilir. Ve sizin zaman\u0131n\u0131z\u0131n kayb\u0131na neden olabilir. Randevuyu ka\u00e7\u0131rd\u0131\u011f\u0131n\u0131z zaman kesinlikle iptal edilecek diye bir durum da yok asl\u0131nda randevu moderat\u00f6r\u00fcn\u00fcn insaf\u0131na kalm\u0131\u015ft\u0131r. Moderat\u00f6r iptal dediyse iptal olmu\u015ftur. Ama bir \u015fans daha verdiyse size en k\u0131sa s\u00fcrede randevuya gelmeniz \u015fart\u0131yla iptal olmam\u0131\u015ft\u0131r. Gecikirseniz iptal olma durumu olmama durumuna oranla bariz bir farkla \u00f6ndedir ama yine de umudunuz kaybetmeyin. \u0130ptal oldu\u011fu durumunda ise yapman\u0131z gereken h\u00e2l\u00e2 vizeye ihtiyac\u0131n\u0131z varsa yani Letonya seyahatinizin s\u00fcresi dolmad\u0131ysa yapman\u0131z gereken tekrardan vize randevusu vermektedir. Yeni bir randevu ald\u0131ktan sonra her \u015fey s\u0131f\u0131rlan\u0131r ve randevu g\u00fcn\u00fcn\u00fcz g\u00fcncellenir. Evraklar\u0131 ve randevuyu unutmadan bir sonraki randevuya yeti\u015fmeye gayret ediniz.<\/span><\/p>\n","protected":false},"excerpt":{"rendered":"<p>Letonya Konsolosluklar\u0131 vizesi ba\u015fvuru merkezlerine, Letonya Schengen Vizesi i\u015flemi ba\u015fvurusu randevu al\u0131narak yap\u0131lmakta. Letonya Konsoloslu\u011fu vize ba\u015fvuru merkezleri al\u0131nacak randevunun interneti \u00fczerinden online randevu sistemi ya da \u00e7a\u011fr\u0131 merkezi arac\u0131l\u0131\u011f\u0131yla vize m\u00fcracaat \u00f6ncesi al\u0131nmas\u0131 gerekmektedir. Ki\u015fi e\u011fer \u015fahsen ba\u015fvuru yapacak ise ba\u015fvuru yapacak oldu\u011fu kurumdan randevu alarak parmak izini vermeli ve belgelerini teslim etmelidir. Letonya,<\/p>\n","protected":false},"author":1,"featured_media":0,"parent":18,"menu_order":0,"comment_status":"open","ping_status":"closed","template":"","meta":{"footnotes":""},"class_list":["post-39","page","type-page","status-publish","hentry"],"yoast_head":"<!-- This site is optimized with the Yoast SEO plugin v24.0 - https:\/\/yoast.com\/wordpress\/plugins\/seo\/ -->\n<title>Letonya Vize Randevusu - Letonya Vizesi - MyVize<\/title>\n<meta name=\"description\" content=\"Letonya Vize Randevusu Nas\u0131l Al\u0131n\u0131r? Letonya Vize Randevusu 2022 G\u00fcncel Bilgileri Neler? Bilgi \u0130\u00e7in Vize Uzmanlar\u0131m\u0131z\u0131 Aray\u0131n: 0850 346 84 93\" \/>\n<meta name=\"robots\" content=\"index, follow, max-snippet:-1, max-image-preview:large, max-video-preview:-1\" \/>\n<link rel=\"canonical\" href=\"https:\/\/www.myvize.com.tr\/letonya\/vize-islemleri\/letonya-vize-randevusu\/\" \/>\n<meta property=\"og:locale\" content=\"tr_TR\" \/>\n<meta property=\"og:type\" content=\"article\" \/>\n<meta property=\"og:title\" content=\"Letonya Vize Randevusu - Letonya Vizesi - MyVize\" \/>\n<meta property=\"og:description\" content=\"Letonya Vize Randevusu Nas\u0131l Al\u0131n\u0131r? Letonya Vize Randevusu 2022 G\u00fcncel Bilgileri Neler? Bilgi \u0130\u00e7in Vize Uzmanlar\u0131m\u0131z\u0131 Aray\u0131n: 0850 346 84 93\" \/>\n<meta property=\"og:url\" content=\"https:\/\/www.myvize.com.tr\/letonya\/vize-islemleri\/letonya-vize-randevusu\/\" \/>\n<meta property=\"og:site_name\" content=\"Letonya Vizesi\" \/>\n<meta property=\"article:modified_time\" content=\"2022-08-02T10:20:48+00:00\" \/>\n<meta property=\"og:image\" content=\"https:\/\/www.myvize.com.tr\/letonya\/wp-content\/uploads\/2021\/10\/51.jpg\" \/>\n<meta name=\"twitter:card\" content=\"summary_large_image\" \/>\n<meta name=\"twitter:label1\" content=\"Tahmini okuma s\u00fcresi\" \/>\n\t<meta name=\"twitter:data1\" content=\"5 dakika\" \/>\n<script type=\"application\/ld+json\" class=\"yoast-schema-graph\">{\"@context\":\"https:\/\/schema.org\",\"@graph\":[{\"@type\":\"WebPage\",\"@id\":\"https:\/\/www.myvize.com.tr\/letonya\/vize-islemleri\/letonya-vize-randevusu\/\",\"url\":\"https:\/\/www.myvize.com.tr\/letonya\/vize-islemleri\/letonya-vize-randevusu\/\",\"name\":\"Letonya Vize Randevusu - Letonya Vizesi - MyVize\",\"isPartOf\":{\"@id\":\"https:\/\/www.myvize.com.tr\/letonya\/#website\"},\"primaryImageOfPage\":{\"@id\":\"https:\/\/www.myvize.com.tr\/letonya\/vize-islemleri\/letonya-vize-randevusu\/#primaryimage\"},\"image\":{\"@id\":\"https:\/\/www.myvize.com.tr\/letonya\/vize-islemleri\/letonya-vize-randevusu\/#primaryimage\"},\"thumbnailUrl\":\"https:\/\/www.myvize.com.tr\/letonya\/wp-content\/uploads\/2021\/10\/51.jpg\",\"datePublished\":\"2020-11-30T09:46:14+00:00\",\"dateModified\":\"2022-08-02T10:20:48+00:00\",\"description\":\"Letonya Vize Randevusu Nas\u0131l Al\u0131n\u0131r? Letonya Vize Randevusu 2022 G\u00fcncel Bilgileri Neler? Bilgi \u0130\u00e7in Vize Uzmanlar\u0131m\u0131z\u0131 Aray\u0131n: 0850 346 84 93\",\"breadcrumb\":{\"@id\":\"https:\/\/www.myvize.com.tr\/letonya\/vize-islemleri\/letonya-vize-randevusu\/#breadcrumb\"},\"inLanguage\":\"tr\",\"potentialAction\":[{\"@type\":\"ReadAction\",\"target\":[\"https:\/\/www.myvize.com.tr\/letonya\/vize-islemleri\/letonya-vize-randevusu\/\"]}]},{\"@type\":\"ImageObject\",\"inLanguage\":\"tr\",\"@id\":\"https:\/\/www.myvize.com.tr\/letonya\/vize-islemleri\/letonya-vize-randevusu\/#primaryimage\",\"url\":\"https:\/\/www.myvize.com.tr\/letonya\/wp-content\/uploads\/2021\/10\/51.jpg\",\"contentUrl\":\"https:\/\/www.myvize.com.tr\/letonya\/wp-content\/uploads\/2021\/10\/51.jpg\",\"width\":800,\"height\":500,\"caption\":\"Letonya Vize Randevusu\"},{\"@type\":\"BreadcrumbList\",\"@id\":\"https:\/\/www.myvize.com.tr\/letonya\/vize-islemleri\/letonya-vize-randevusu\/#breadcrumb\",\"itemListElement\":[{\"@type\":\"ListItem\",\"position\":1,\"name\":\"Anasayfa\",\"item\":\"https:\/\/www.myvize.com.tr\/letonya\/\"},{\"@type\":\"ListItem\",\"position\":2,\"name\":\"V\u0130ZE \u0130\u015eLEMLER\u0130\",\"item\":\"https:\/\/www.myvize.com.tr\/letonya\/vize-islemleri\/\"},{\"@type\":\"ListItem\",\"position\":3,\"name\":\"Letonya Vize Randevusu\"}]},{\"@type\":\"WebSite\",\"@id\":\"https:\/\/www.myvize.com.tr\/letonya\/#website\",\"url\":\"https:\/\/www.myvize.com.tr\/letonya\/\",\"name\":\"Letonya Vizesi\",\"description\":\"\",\"potentialAction\":[{\"@type\":\"SearchAction\",\"target\":{\"@type\":\"EntryPoint\",\"urlTemplate\":\"https:\/\/www.myvize.com.tr\/letonya\/?s={search_term_string}\"},\"query-input\":{\"@type\":\"PropertyValueSpecification\",\"valueRequired\":true,\"valueName\":\"search_term_string\"}}],\"inLanguage\":\"tr\"}]}<\/script>\n<!-- \/ Yoast SEO plugin. -->","yoast_head_json":{"title":"Letonya Vize Randevusu - Letonya Vizesi - MyVize","description":"Letonya Vize Randevusu Nas\u0131l Al\u0131n\u0131r? Letonya Vize Randevusu 2022 G\u00fcncel Bilgileri Neler? Bilgi \u0130\u00e7in Vize Uzmanlar\u0131m\u0131z\u0131 Aray\u0131n: 0850 346 84 93","robots":{"index":"index","follow":"follow","max-snippet":"max-snippet:-1","max-image-preview":"max-image-preview:large","max-video-preview":"max-video-preview:-1"},"canonical":"https:\/\/www.myvize.com.tr\/letonya\/vize-islemleri\/letonya-vize-randevusu\/","og_locale":"tr_TR","og_type":"article","og_title":"Letonya Vize Randevusu - Letonya Vizesi - MyVize","og_description":"Letonya Vize Randevusu Nas\u0131l Al\u0131n\u0131r? Letonya Vize Randevusu 2022 G\u00fcncel Bilgileri Neler? Bilgi \u0130\u00e7in Vize Uzmanlar\u0131m\u0131z\u0131 Aray\u0131n: 0850 346 84 93","og_url":"https:\/\/www.myvize.com.tr\/letonya\/vize-islemleri\/letonya-vize-randevusu\/","og_site_name":"Letonya Vizesi","article_modified_time":"2022-08-02T10:20:48+00:00","og_image":[{"url":"https:\/\/www.myvize.com.tr\/letonya\/wp-content\/uploads\/2021\/10\/51.jpg","type":"","width":"","height":""}],"twitter_card":"summary_large_image","twitter_misc":{"Tahmini okuma s\u00fcresi":"5 dakika"},"schema":{"@context":"https:\/\/schema.org","@graph":[{"@type":"WebPage","@id":"https:\/\/www.myvize.com.tr\/letonya\/vize-islemleri\/letonya-vize-randevusu\/","url":"https:\/\/www.myvize.com.tr\/letonya\/vize-islemleri\/letonya-vize-randevusu\/","name":"Letonya Vize Randevusu - Letonya Vizesi - MyVize","isPartOf":{"@id":"https:\/\/www.myvize.com.tr\/letonya\/#website"},"primaryImageOfPage":{"@id":"https:\/\/www.myvize.com.tr\/letonya\/vize-islemleri\/letonya-vize-randevusu\/#primaryimage"},"image":{"@id":"https:\/\/www.myvize.com.tr\/letonya\/vize-islemleri\/letonya-vize-randevusu\/#primaryimage"},"thumbnailUrl":"https:\/\/www.myvize.com.tr\/letonya\/wp-content\/uploads\/2021\/10\/51.jpg","datePublished":"2020-11-30T09:46:14+00:00","dateModified":"2022-08-02T10:20:48+00:00","description":"Letonya Vize Randevusu Nas\u0131l Al\u0131n\u0131r? Letonya Vize Randevusu 2022 G\u00fcncel Bilgileri Neler? Bilgi \u0130\u00e7in Vize Uzmanlar\u0131m\u0131z\u0131 Aray\u0131n: 0850 346 84 93","breadcrumb":{"@id":"https:\/\/www.myvize.com.tr\/letonya\/vize-islemleri\/letonya-vize-randevusu\/#breadcrumb"},"inLanguage":"tr","potentialAction":[{"@type":"ReadAction","target":["https:\/\/www.myvize.com.tr\/letonya\/vize-islemleri\/letonya-vize-randevusu\/"]}]},{"@type":"ImageObject","inLanguage":"tr","@id":"https:\/\/www.myvize.com.tr\/letonya\/vize-islemleri\/letonya-vize-randevusu\/#primaryimage","url":"https:\/\/www.myvize.com.tr\/letonya\/wp-content\/uploads\/2021\/10\/51.jpg","contentUrl":"https:\/\/www.myvize.com.tr\/letonya\/wp-content\/uploads\/2021\/10\/51.jpg","width":800,"height":500,"caption":"Letonya Vize Randevusu"},{"@type":"BreadcrumbList","@id":"https:\/\/www.myvize.com.tr\/letonya\/vize-islemleri\/letonya-vize-randevusu\/#breadcrumb","itemListElement":[{"@type":"ListItem","position":1,"name":"Anasayfa","item":"https:\/\/www.myvize.com.tr\/letonya\/"},{"@type":"ListItem","position":2,"name":"V\u0130ZE \u0130\u015eLEMLER\u0130","item":"https:\/\/www.myvize.com.tr\/letonya\/vize-islemleri\/"},{"@type":"ListItem","position":3,"name":"Letonya Vize Randevusu"}]},{"@type":"WebSite","@id":"https:\/\/www.myvize.com.tr\/letonya\/#website","url":"https:\/\/www.myvize.com.tr\/letonya\/","name":"Letonya Vizesi","description":"","potentialAction":[{"@type":"SearchAction","target":{"@type":"EntryPoint","urlTemplate":"https:\/\/www.myvize.com.tr\/letonya\/?s={search_term_string}"},"query-input":{"@type":"PropertyValueSpecification","valueRequired":true,"valueName":"search_term_string"}}],"inLanguage":"tr"}]}},"_links":{"self":[{"href":"https:\/\/www.myvize.com.tr\/letonya\/wp-json\/wp\/v2\/pages\/39","targetHints":{"allow":["GET"]}}],"collection":[{"href":"https:\/\/www.myvize.com.tr\/letonya\/wp-json\/wp\/v2\/pages"}],"about":[{"href":"https:\/\/www.myvize.com.tr\/letonya\/wp-json\/wp\/v2\/types\/page"}],"author":[{"embeddable":true,"href":"https:\/\/www.myvize.com.tr\/letonya\/wp-json\/wp\/v2\/users\/1"}],"replies":[{"embeddable":true,"href":"https:\/\/www.myvize.com.tr\/letonya\/wp-json\/wp\/v2\/comments?post=39"}],"version-history":[{"count":10,"href":"https:\/\/www.myvize.com.tr\/letonya\/wp-json\/wp\/v2\/pages\/39\/revisions"}],"predecessor-version":[{"id":795,"href":"https:\/\/www.myvize.com.tr\/letonya\/wp-json\/wp\/v2\/pages\/39\/revisions\/795"}],"up":[{"embeddable":true,"href":"https:\/\/www.myvize.com.tr\/letonya\/wp-json\/wp\/v2\/pages\/18"}],"wp:attachment":[{"href":"https:\/\/www.myvize.com.tr\/letonya\/wp-json\/wp\/v2\/media?parent=39"}],"curies":[{"name":"wp","href":"https:\/\/api.w.org\/{rel}","templated":true}]}}