{"id":41,"date":"2020-11-30T12:46:51","date_gmt":"2020-11-30T09:46:51","guid":{"rendered":"https:\/\/www.myvize.com.tr\/letonya\/?page_id=41"},"modified":"2022-08-16T12:35:29","modified_gmt":"2022-08-16T09:35:29","slug":"letonya-dil-okulu-vizesi","status":"publish","type":"page","link":"https:\/\/www.myvize.com.tr\/letonya\/vize-islemleri\/letonya-dil-okulu-vizesi\/","title":{"rendered":"Letonya Dil Okulu Vizesi"},"content":{"rendered":"<p><span style=\"font-family: Roboto;\"><\/span><\/p>\r\n<p><span style=\"font-family: Roboto; font-size: 14px;\">Letonya \u00fclkesinin resmi dili olan Letonca dilini \u00f6\u011frenmek ad\u0131na\u00a0<strong>Letonya Dil Okulu\u00a0<\/strong>ba\u015fvurusunda bulunabilirsiniz. Yabanc\u0131 dillerin en iyi \u00f6\u011frenildi\u011fi yer kendi \u00fclkenizin d\u0131\u015f\u0131na \u00e7\u0131kmakt\u0131r.\u00a0 Bu bir yabanc\u0131 dilin \u00f6\u011frenilip geli\u015fmesinde \u00f6nemli bir p\u00fcf noktas\u0131d\u0131r.\u00a0<strong>Letonya Dil Okulu\u00a0<\/strong>arac\u0131l\u0131\u011f\u0131 ile \u00f6\u011frendiklerinizi peki\u015ftirmek ad\u0131na halk\u0131n i\u00e7erisine kar\u0131\u015f\u0131p kula\u011f\u0131 dile al\u0131\u015ft\u0131rmak, telaffuz inceliklerini geli\u015ftirmek \u00f6nemli bir e\u011fitim arac\u0131d\u0131r.\u00a0<strong>Letonya Dil Okulu<\/strong>\u00a0i\u00e7in \u00f6ncelikle size en uygun se\u00e7enekleri ara\u015ft\u0131rman\u0131z \u00e7ok ak\u0131ll\u0131ca olacakt\u0131r. Bu sayede hem ekonomik a\u00e7\u0131dan hem de e\u011fitim kriterleri a\u00e7\u0131s\u0131ndan okullar\u0131 de\u011ferlendirmeye al\u0131rs\u0131n\u0131z.\u00a0 Size en gelen okula kabul ba\u015fvurusu yapabilirsiniz. Dil okulu ba\u015fvurunuza olumlu yan\u0131t geldi\u011finde vakit kaybetmeden haz\u0131rl\u0131klara ba\u015flanmal\u0131d\u0131r.<\/span><\/p>\r\n<p><span style=\"font-family: Roboto; font-size: 14px;\">\r\n\r\n<\/span><\/p>\r\n<p><span style=\"font-family: Roboto; font-size: 14px;\"><strong>Letonya Dil Okulu\u00a0<\/strong>vize ba\u015fvurusu e\u011fitim ba\u015flamadan yap\u0131lmas\u0131 gerekir.\u00a0<strong>Letonya Dil Okulu<\/strong>\u00a0i\u00e7in k\u0131sa d\u00f6nem veyahut uzun d\u00f6nem vize ba\u015fvurular\u0131 yap\u0131lmal\u0131d\u0131r. Bu se\u00e7im e\u011fitim program\u0131n\u0131n saat aral\u0131klar\u0131 baz al\u0131naraktan yap\u0131lmal\u0131d\u0131r. Uzun d\u00f6nem vize alaca\u011f\u0131n\u0131z yerde k\u0131sa d\u00f6nem ba\u015fvurusu yaparsan\u0131z \u00e7ok s\u0131k\u0131nt\u0131 \u00e7ekersiniz. Bu y\u00fczden dikkatli olmak \u00e7ok \u00f6nemlidir. Ayr\u0131ca <strong>vize ba\u015fvuru<\/strong> evraklar\u0131n\u0131z aras\u0131nda okul kayd\u0131 ve \u00f6deme dekontu kesin olarak belgelenmelidir.<\/span><\/p>\r\n<p><img decoding=\"async\" src=\"https:\/\/www.myvize.com.tr\/letonya\/wp-content\/uploads\/2021\/10\/43.jpg\" \/><\/p>\r\n<h2><span style=\"font-family: Roboto; font-size: 27px;\"><b>Letonya Dil Okulu Vizesi Hakk\u0131nda<\/b><\/span><\/h2>\r\n<p><span style=\"font-family: Roboto; font-size: 14px;\">Letonya \u00fclkesinin resmi dili olarak kabul edilen Letonca dilinin \u00f6\u011frenilmesi ad\u0131na\u00a0dil okullar\u0131na veya kurslara ba\u015fvuru yap\u0131labilmektedir. Yabanc\u0131 dillerin en iyi \u00f6\u011frenim y\u00f6ntemi dilin konu\u015fuldu\u011fu \u00fclke ve toplum oldu\u011fundan bir\u00e7ok uzman taraf\u0131ndan bu durum tavsiye edilmektedir.<\/span><\/p>\r\n<p><span style=\"font-family: Roboto; font-size: 14px;\"><strong>Letonya Dil Okullar\u0131<\/strong> ile\u00a0<strong>Letonya Dil Okulu Vizesi\u00a0<\/strong>al\u0131nabilir ve bu sayede e\u011fitim ve \u00f6\u011frenim eylemlerini rahatl\u0131kla yapabilirsiniz. Bu kazan\u0131mlar\u0131n ger\u00e7ekle\u015fmesi i\u00e7in ise <strong>en uygun dil okulu<\/strong> ve kurs i\u00e7eri\u011fini bulman\u0131z tavsiye edilmektedir. Bu i\u00e7erik \u00f6nemlidir. \u00c7\u00fcnk\u00fc baz\u0131 kurslar 3 aydan daha az s\u00fcrede kur verebilirken baz\u0131 dil okullar\u0131 6 ay veya 1 sene s\u00fcrebilmektedir. Bu durum da <strong>vize ba\u015fvuru<\/strong> s\u00fcrecini ve ba\u015fvurulan vizeyi etkilemektedir. Dil okulu i\u00e7in gerekli ara\u015ft\u0131rma ve ba\u015fvurular yap\u0131ld\u0131ktan sonra, k\u0131sa veya uzun d\u00f6nem vize ba\u015fvuru i\u015flemlerinin yap\u0131lmas\u0131 gereklidir.<\/span><\/p>\r\n<p><span style=\"font-family: Roboto; font-size: 14px;\">Zaman aral\u0131\u011f\u0131 i\u00e7in \u00f6nem arz eden bu s\u00fcre\u00e7, herhangi bir kar\u0131\u015f\u0131kl\u0131k olmas\u0131 durumunda ba\u015fvuru sahibine zor zamanlar ya\u015fatabilmektedir. Ba\u015fvuru evraklar\u0131nda ise okul kayd\u0131, okul taraf\u0131ndan davet mektubu d\u00fczenlenmesi ve okul \u00f6deme bilgilerinin di\u011fer zorunlu evraklarla beraber yer almas\u0131 gerekmektedir.<\/span><\/p>\r\n<p><span style=\"font-family: Roboto; font-size: 14px;\"><span style=\"color: #2acec2;\"><strong><a style=\"color: #2acec2;\" href=\"https:\/\/www.myvize.com.tr\/letonya\/vize-islemleri\/letonya-vize-basvuru-formu\/\" target=\"_blank\" rel=\"noopener\">Letonya Vize Ba\u015fvuru Formu<\/a><\/strong><\/span> ile ilgili bilgi almak i\u00e7in bizi aray\u0131n.<\/span><\/p>\r\n<h2><strong><span style=\"font-family: Roboto; font-size: 27px;\">Letonya Dil Okulu Vizesi \u0130le \u0130lgili\u00a0<\/span><\/strong><\/h2>\r\n<p><span style=\"font-family: Roboto; font-size: 14px;\">Letonca dilini \u00f6\u011frenmek isteyen ki\u015filerin\u00a0<strong>Letonya Dil Okulu Vizesi<\/strong>\u00a0ba\u015fvurular\u0131nda bulunmalar\u0131 zorunludur. Yabanc\u0131 dillere hakim olmak istedi\u011finizde, bulundu\u011funuz \u00fclkenin d\u0131\u015f\u0131nda bir \u00fclkede e\u011fitim alman\u0131z gerekmektedir. Bu sayede alt yap\u0131n\u0131z olmasa dahi, s\u0131f\u0131rdan \u00f6\u011frenebilece\u011finiz bilgilere sahip olabilirsiniz. Di\u011fer yandan ise \u00f6\u011frendiklerinizi peki\u015ftirmek i\u00e7in b\u00fcy\u00fck f\u0131rsatlar\u0131 yakalayabilece\u011finizin alt\u0131n\u0131 \u00e7izmekteyiz. Sizler de ak\u0131ll\u0131ca se\u00e7imlerde bulunabilmek i\u00e7in yapaca\u011f\u0131n\u0131z ba\u015fvurular i\u00e7in ara\u015ft\u0131rmalar\u0131 ger\u00e7ekle\u015ftirebilirsiniz. Ekonomik a\u00e7\u0131dan da verimli olan \u00fclkelere y\u00f6nelmenizin \u00e7ok daha rahat ettirece\u011fini aktar\u0131yoruz. Olumlu yan\u0131tlar\u0131 alabilmek i\u00e7in <strong>dil okulu vizeleri<\/strong> alan\u0131nda uzman olan profesyonel firmalarla ileti\u015fime ge\u00e7meniz gerekmektedir. En uygun i\u00e7eri\u011fe sahip olan kurs programlar\u0131na bu sayede dahil olabilirsiniz. Kurs ve e\u011fitim s\u00fcrelerini ara\u015ft\u0131rd\u0131ktan sonra yapaca\u011f\u0131n\u0131z ba\u015fvurularda <strong>vize \u00fccretleri<\/strong>nin de\u011fi\u015febilece\u011fini unutmamal\u0131s\u0131n\u0131z. Okullardan ve e\u011fitim merkezlerinden alaca\u011f\u0131n\u0131z davetiyeler sayesinde evraklar\u0131n\u0131z\u0131 eksiksiz hale getirebilirsiniz. K\u0131sa veya uzun d\u00f6nem ba\u015fvurular\u0131n\u0131zda gerekli t\u00fcm s\u00fcre\u00e7leri bizlerden \u00f6\u011frenebilece\u011finizin alt\u0131n\u0131 \u00e7izmekteyiz. T\u00fcm s\u00fcre\u00e7leri sizin yerinize takip edecek olan adresimiz ile kar\u0131\u015f\u0131kl\u0131klardan kurtulmu\u015f olacaks\u0131n\u0131z. En k\u0131sa s\u00fcrede elde etmek isteyece\u011finiz vize t\u00fcrlerine dair detayl\u0131 bilgilere ula\u015fabilece\u011finizi unutmamal\u0131s\u0131n\u0131z.<\/span><\/p>\r\n<p><span style=\"font-family: Roboto; font-size: 14px;\"><span style=\"color: #2acec2;\"><strong><a style=\"color: #2acec2;\" href=\"https:\/\/www.myvize.com.tr\/letonya\/vize-islemleri\/letonya-schengen-vizesi\/\" target=\"_blank\" rel=\"noopener\">Letonya Schengen Vizesi<\/a><\/strong><\/span> ile ilgili bilgi almak i\u00e7in bizi aray\u0131n\u0131z.<\/span><\/p>\r\n<h2><span style=\"font-family: Roboto; font-size: 27px;\"><strong>Letonya Dil Okulu Vizesi Nedir?<\/strong><\/span><\/h2>\r\n<p><span style=\"font-family: Roboto; font-size: 14px;\">Letonya dil okulu vizesi, Letonya\u2019 da bulunan ve yabanc\u0131 dil e\u011fitimi veren kurumlar\u0131n biriden e\u011fitim ama\u00e7l\u0131 yap\u0131lacak seyahatlerin \u00f6ncesinde ba\u015fvuruda bulunulmas\u0131 gereken bir vizedir. Dil e\u011fitimi vizelerinin s\u00fcresi \u00fclkede tercih edilen dil okuluna ve okulun belirledi\u011fi e\u011fitim s\u00fcrelerine g\u00f6re de\u011fi\u015fiklik g\u00f6stermektedir.<strong> Letonya dil okulu vizesi<\/strong> olarak belirtilen standart bir zaman dilimi yoktur.<\/span><\/p>\r\n<p><span style=\"font-family: Roboto; font-size: 14px;\">Letonya\u2019 da bulunan dil okullar\u0131 genellikle \u00fclkenin ba\u015fkenti olan Riga\u2019 da bulunmaktad\u0131r ve bu dil okullar\u0131nda Letonya\u2019 n\u0131n resmi dili olan Letonca ba\u015fta olmak \u00fczere \u0130ngilizce, Rus\u00e7a, Frans\u0131zca gidi di\u011fer yabanc\u0131 dillerin de e\u011fitiminin al\u0131nmas\u0131 m\u00fcmk\u00fcnd\u00fcr. G\u00fcnl\u00fck ya\u015famda kullan\u0131labilecek d\u00fczeyde Letonca dili \u00f6\u011frenmek i\u00e7in al\u0131nan dil e\u011fitimi ortalama olarak 4 ayl\u0131k bir s\u00fcreyi bulabilir, ancak i\u015f hayat\u0131nda da kullan\u0131labilecek d\u00fczeyde Letonca \u00f6\u011frenebilmek i\u00e7in bir y\u0131ll\u0131k bir s\u00fcrede e\u011fitim al\u0131nmas\u0131 gerekmektedir. Letonya\u2019 da Letonca dili e\u011fitimi al\u0131rken yerel halk ile konu\u015farak pratik yap\u0131labilir ve al\u0131nan e\u011fitime katk\u0131 sa\u011flanabilir.<\/span><\/p>\r\n<p><span style=\"font-family: Roboto; font-size: 14px;\"><strong>Letonya dil okulu<\/strong> vizesine ba\u015fvuruda bulunabilmek i\u00e7in ilk olarak Letonya\u2019 da bulunan bir dil okulu taraf\u0131ndan kabul edilmeli ve davetiye mektubu al\u0131nmal\u0131d\u0131r. Dil okulundan gelen bu kabul metni ile dil okulu vizesine de ba\u015fvuruda bulunulabilir.<\/span><\/p>\r\n<h2><span style=\"font-family: Roboto; font-size: 27px;\"><strong>Letonya Dil Okulu Vizesi Nas\u0131l Al\u0131n\u0131r?<\/strong><\/span><\/h2>\r\n<p><span style=\"font-family: Roboto; font-size: 14px;\">Letonya dil okulu vizesi, Letonca ya da farkl\u0131 bir dil e\u011fitiminin Letonya\u2019 da al\u0131nmas\u0131 istenmesi durumunda Letonya Konsolosluklar\u0131ndan al\u0131nmas\u0131 gereken bir vize t\u00fcr\u00fcd\u00fcr. Letonya dil okulu vizesi i\u00e7in k\u0131sa s\u00fcreli ya da uzun s\u00fcreli bir vize tan\u0131mlamas\u0131n\u0131n yap\u0131lmas\u0131 m\u00fcmk\u00fcn de\u011fildir. Vizenin s\u00fcresi al\u0131nacak dil e\u011fitiminin seviyesine ve belirledi\u011fi zamana ba\u011fl\u0131d\u0131r.<\/span><\/p>\r\n<p><span style=\"font-family: Roboto; font-size: 14px;\"><strong>Letonya dil okulu<\/strong> vizesine ba\u015fvuruda bulunabilmek i\u00e7in ilk olarak Letonya\u2019da bulunan ve dil e\u011fitimi veren bir kurum ile ileti\u015fime ge\u00e7ilmesi gerekir. Kuruma yap\u0131lan ba\u015fvuru sonunda, kabul edildi\u011fi bildirilirse vize ba\u015fvurusunda bulunmak i\u00e7in Kabul edildi\u011fini belirten davet mektubu yerine de ge\u00e7en bir onay mektubu istenmelidir. Onay mektubunun \u00fczerinde; e\u011fitim al\u0131nacak kurumun bilgileri, e\u011fitime kabul edilen bireyin ki\u015fisel bilgileri, hangi dilin e\u011fitiminin al\u0131naca\u011f\u0131 ve e\u011fitimin s\u00fcresi mutlaka yer almal\u0131d\u0131r. Letonya\u2019 dan gelen istenilen prosed\u00fcrlere g\u00f6re haz\u0131rlanm\u0131\u015f olan davet metni ile<strong> Letonya konsolosluklar\u0131<\/strong> taraf\u0131ndan yetkilendirilen vize dan\u0131\u015fman\u0131 firman\u0131n arac\u0131l\u0131\u011f\u0131yla Letonya dil okulu vizesine ba\u015fvuruda bulunulabilir. Dil e\u011fitimi vizesi i\u00e7in haz\u0131rlanan evraklarda bir eksiklik ya da hata yoksa vize ba\u015fvurusu onaylan\u0131r.<\/span><\/p>\r\n<h2><span style=\"font-family: Roboto; font-size: 27px;\"><strong>Letonya Dil Okulu Vizesi Nereden Al\u0131n\u0131r?<\/strong><\/span><\/h2>\r\n<p><span style=\"font-family: Roboto; font-size: 14px;\">Letonya dil okulu vizesi,<strong> Letonya\u2019 da dil e\u011fitimi<\/strong> almaya gitmeden \u00f6nce Letonya Cumhuriyeti taraf\u0131ndan istenilen ve \u00fclkeye giri\u015f yap\u0131labilmesi i\u00e7in al\u0131nmas\u0131 gereken bir vize t\u00fcr\u00fcd\u00fcr. Dil e\u011fitimi vizesi i\u00e7in her hangi bir s\u00fcre s\u0131n\u0131rlamas\u0131 yap\u0131lmas\u0131n\u0131n imkan\u0131 yoktur. Letonya\u2019 da dil e\u011fitimi kurumlar\u0131nda en \u00e7ok e\u011fitim verilen dillerin ba\u015f\u0131nda <strong>Letonca, Rus\u00e7a ve \u0130ngilizce<\/strong> gelmektedir. E\u011fitim al\u0131nmas\u0131 planlanan dilde hangi seviyeye gelinmek isteniyorsa dil e\u011fitimini s\u00fcresi ona g\u00f6re belirlenmekte ve bu da al\u0131nan vizenin s\u00fcresini etkilemektedir.<\/span><\/p>\r\n<p><span style=\"font-family: Roboto; font-size: 14px;\">Letonya dil okulu vizesine ba\u015fvuruda bulunabilmek i\u00e7in<strong> Letonya Konsoloslu\u011fu<\/strong> taraf\u0131ndan yetkilendirilmi\u015f olan VFS Global firmas\u0131yla ya da VFS Global firmas\u0131\u2019 n\u0131n anla\u015fmal\u0131 oldu\u011fu farkl\u0131 bir vize dan\u0131\u015fman\u0131 firma ile ileti\u015fime ge\u00e7ilmelidir. Dil okulu vizesine ba\u015fvuruda bulunurken ilk olarak Letonya\u2019 da bulunan dil okulundan bir kabul mektubunun elinize ula\u015fmas\u0131 gerekir. Kabul mektubu al\u0131nd\u0131ktan sonra vize ba\u015fvurusu i\u00e7in gerekli olan dil okulu vize ba\u015fvuru formu doldurulur ve di\u011fer vize ba\u015fvuru evraklar\u0131 haz\u0131rlan\u0131r. Vize dan\u0131\u015fman\u0131 firmalar haz\u0131rlanan evraklar\u0131 ba\u015fvuru yapan ki\u015fi ad\u0131na Letonya Konsoloslu\u011funa g\u00f6ndererek ba\u015fvuru i\u015flemlerini ba\u015flat\u0131rlar.<\/span><\/p>\r\n<h3><span style=\"font-family: Roboto; font-size: 24px;\"><strong>Letonya Dil Okulu Vizesi Ka\u00e7 G\u00fcnde \u00c7\u0131kar?<\/strong><\/span><\/h3>\r\n<p><span style=\"font-family: Roboto; font-size: 14px;\">Letonya dil okulu vizesi, <strong>Letonya\u2019 da dil e\u011fitimi almak<\/strong> i\u00e7in Letonya\u2019 ya seyahat etmeden \u00f6nce ba\u015fvurulmas\u0131 gereken bir vize t\u00fcr\u00fcd\u00fcr. Son y\u0131llarda Avrupa k\u0131tas\u0131nda bulunan dil okullar\u0131nda Letonya dil okullar\u0131na olan talep g\u00fcn ge\u00e7tik\u00e7e artmaktad\u0131r. Bunlar\u0131n sebeplerinden biri Letonya\u2019 da ya\u015fam\u0131n di\u011fer Avrupa k\u0131tas\u0131 \u00fclkelerine g\u00f6re \u00e7ok daha ekonomik olmas\u0131, dil e\u011fitimine devam ederken part time olarak \u00e7al\u0131\u015f\u0131labilmesi ve konaklama \u00fccretlerinin \u00e7ok uygun fiyatlarda olmas\u0131d\u0131r. Letonya\u2019 da \u00e7ok kalabal\u0131k bir \u00fclke olmamakla birlikte dil okullar\u0131 genellikle ba\u015fkent Riga\u2019 da bulunmaktad\u0131r. Riga di\u011fer \u015fehirlere g\u00f6re daha kalabal\u0131k ve \u00f6\u011frenciler taraf\u0131ndan tercih edilen bir \u015fehirdir.<\/span><\/p>\r\n<p><span style=\"font-family: Roboto; font-size: 14px;\">Letonya dil okulu vize ba\u015fvurular\u0131 Letonya konsoloslu\u011funun yetkilendirdi\u011fi <strong>VFS Global<\/strong> firmas\u0131 arac\u0131l\u0131\u011f\u0131yla ya da VFS Global firmas\u0131n\u0131n ba\u011flant\u0131l\u0131 oldu\u011fu farkl\u0131 bir vize dan\u0131\u015fman\u0131 firma arac\u0131l\u0131\u011f\u0131 ile ger\u00e7ekle\u015ftirilebilir. Vize dan\u0131\u015fman\u0131 firmalar sadece vize ba\u015fvurular\u0131nda yard\u0131mc\u0131 olurlar, vize ba\u015fvurular\u0131n\u0131n sonu\u00e7lanmas\u0131 Letonya Konsolosluklar\u0131n\u0131n sorumlulu\u011fundad\u0131r ve bu s\u00fcre bazen 1 ay kadar s\u00fcrebilmektedir.<\/span><\/p>\r\n<p><span style=\"font-family: Roboto;\"><\/span><\/p>","protected":false},"excerpt":{"rendered":"<p>Letonya \u00fclkesinin resmi dili olan Letonca dilini \u00f6\u011frenmek ad\u0131na\u00a0Letonya Dil Okulu\u00a0ba\u015fvurusunda bulunabilirsiniz. Yabanc\u0131 dillerin en iyi \u00f6\u011frenildi\u011fi yer kendi \u00fclkenizin d\u0131\u015f\u0131na \u00e7\u0131kmakt\u0131r.\u00a0 Bu bir yabanc\u0131 dilin \u00f6\u011frenilip geli\u015fmesinde \u00f6nemli bir p\u00fcf noktas\u0131d\u0131r.\u00a0Letonya Dil Okulu\u00a0arac\u0131l\u0131\u011f\u0131 ile \u00f6\u011frendiklerinizi peki\u015ftirmek ad\u0131na halk\u0131n i\u00e7erisine kar\u0131\u015f\u0131p kula\u011f\u0131 dile al\u0131\u015ft\u0131rmak, telaffuz inceliklerini geli\u015ftirmek \u00f6nemli bir e\u011fitim arac\u0131d\u0131r.\u00a0Letonya Dil Okulu\u00a0i\u00e7in \u00f6ncelikle size<\/p>\n","protected":false},"author":1,"featured_media":0,"parent":18,"menu_order":0,"comment_status":"open","ping_status":"closed","template":"","meta":{"footnotes":""},"class_list":["post-41","page","type-page","status-publish","hentry"],"yoast_head":"<!-- This site is optimized with the Yoast SEO plugin v24.0 - https:\/\/yoast.com\/wordpress\/plugins\/seo\/ -->\n<title>Letonya Dil Okulu Vizesi - Letonya Vize \u00dccreti - MyVize<\/title>\n<meta name=\"description\" content=\"Letonya Dil Okulu Vizesi almak i\u00e7in gerekli t\u00fcm evraklar listesi 2022 hemen t\u0131kla! Letonya Vize Randevusu i\u00e7in hemen ara: 0850 346 84 93\" \/>\n<meta name=\"robots\" content=\"index, follow, max-snippet:-1, max-image-preview:large, max-video-preview:-1\" \/>\n<link rel=\"canonical\" href=\"https:\/\/www.myvize.com.tr\/letonya\/vize-islemleri\/letonya-dil-okulu-vizesi\/\" \/>\n<meta property=\"og:locale\" content=\"tr_TR\" \/>\n<meta property=\"og:type\" content=\"article\" \/>\n<meta property=\"og:title\" content=\"Letonya Dil Okulu Vizesi - Letonya Vize \u00dccreti - MyVize\" \/>\n<meta property=\"og:description\" content=\"Letonya Dil Okulu Vizesi almak i\u00e7in gerekli t\u00fcm evraklar listesi 2022 hemen t\u0131kla! Letonya Vize Randevusu i\u00e7in hemen ara: 0850 346 84 93\" \/>\n<meta property=\"og:url\" content=\"https:\/\/www.myvize.com.tr\/letonya\/vize-islemleri\/letonya-dil-okulu-vizesi\/\" \/>\n<meta property=\"og:site_name\" content=\"Letonya Vizesi\" \/>\n<meta property=\"article:modified_time\" content=\"2022-08-16T09:35:29+00:00\" \/>\n<meta property=\"og:image\" content=\"https:\/\/www.myvize.com.tr\/letonya\/wp-content\/uploads\/2021\/10\/43.jpg\" \/>\n<meta name=\"twitter:card\" content=\"summary_large_image\" \/>\n<meta name=\"twitter:label1\" content=\"Tahmini okuma s\u00fcresi\" \/>\n\t<meta name=\"twitter:data1\" content=\"8 dakika\" \/>\n<script type=\"application\/ld+json\" class=\"yoast-schema-graph\">{\"@context\":\"https:\/\/schema.org\",\"@graph\":[{\"@type\":\"WebPage\",\"@id\":\"https:\/\/www.myvize.com.tr\/letonya\/vize-islemleri\/letonya-dil-okulu-vizesi\/\",\"url\":\"https:\/\/www.myvize.com.tr\/letonya\/vize-islemleri\/letonya-dil-okulu-vizesi\/\",\"name\":\"Letonya Dil Okulu Vizesi - Letonya Vize \u00dccreti - MyVize\",\"isPartOf\":{\"@id\":\"https:\/\/www.myvize.com.tr\/letonya\/#website\"},\"primaryImageOfPage\":{\"@id\":\"https:\/\/www.myvize.com.tr\/letonya\/vize-islemleri\/letonya-dil-okulu-vizesi\/#primaryimage\"},\"image\":{\"@id\":\"https:\/\/www.myvize.com.tr\/letonya\/vize-islemleri\/letonya-dil-okulu-vizesi\/#primaryimage\"},\"thumbnailUrl\":\"https:\/\/www.myvize.com.tr\/letonya\/wp-content\/uploads\/2021\/10\/43.jpg\",\"datePublished\":\"2020-11-30T09:46:51+00:00\",\"dateModified\":\"2022-08-16T09:35:29+00:00\",\"description\":\"Letonya Dil Okulu Vizesi almak i\u00e7in gerekli t\u00fcm evraklar listesi 2022 hemen t\u0131kla! Letonya Vize Randevusu i\u00e7in hemen ara: 0850 346 84 93\",\"breadcrumb\":{\"@id\":\"https:\/\/www.myvize.com.tr\/letonya\/vize-islemleri\/letonya-dil-okulu-vizesi\/#breadcrumb\"},\"inLanguage\":\"tr\",\"potentialAction\":[{\"@type\":\"ReadAction\",\"target\":[\"https:\/\/www.myvize.com.tr\/letonya\/vize-islemleri\/letonya-dil-okulu-vizesi\/\"]}]},{\"@type\":\"ImageObject\",\"inLanguage\":\"tr\",\"@id\":\"https:\/\/www.myvize.com.tr\/letonya\/vize-islemleri\/letonya-dil-okulu-vizesi\/#primaryimage\",\"url\":\"https:\/\/www.myvize.com.tr\/letonya\/wp-content\/uploads\/2021\/10\/43.jpg\",\"contentUrl\":\"https:\/\/www.myvize.com.tr\/letonya\/wp-content\/uploads\/2021\/10\/43.jpg\",\"width\":800,\"height\":500,\"caption\":\"Letonya Dil Okulu Vizesi\"},{\"@type\":\"BreadcrumbList\",\"@id\":\"https:\/\/www.myvize.com.tr\/letonya\/vize-islemleri\/letonya-dil-okulu-vizesi\/#breadcrumb\",\"itemListElement\":[{\"@type\":\"ListItem\",\"position\":1,\"name\":\"Anasayfa\",\"item\":\"https:\/\/www.myvize.com.tr\/letonya\/\"},{\"@type\":\"ListItem\",\"position\":2,\"name\":\"V\u0130ZE \u0130\u015eLEMLER\u0130\",\"item\":\"https:\/\/www.myvize.com.tr\/letonya\/vize-islemleri\/\"},{\"@type\":\"ListItem\",\"position\":3,\"name\":\"Letonya Dil Okulu Vizesi\"}]},{\"@type\":\"WebSite\",\"@id\":\"https:\/\/www.myvize.com.tr\/letonya\/#website\",\"url\":\"https:\/\/www.myvize.com.tr\/letonya\/\",\"name\":\"Letonya Vizesi\",\"description\":\"\",\"potentialAction\":[{\"@type\":\"SearchAction\",\"target\":{\"@type\":\"EntryPoint\",\"urlTemplate\":\"https:\/\/www.myvize.com.tr\/letonya\/?s={search_term_string}\"},\"query-input\":{\"@type\":\"PropertyValueSpecification\",\"valueRequired\":true,\"valueName\":\"search_term_string\"}}],\"inLanguage\":\"tr\"}]}<\/script>\n<!-- \/ Yoast SEO plugin. -->","yoast_head_json":{"title":"Letonya Dil Okulu Vizesi - Letonya Vize \u00dccreti - MyVize","description":"Letonya Dil Okulu Vizesi almak i\u00e7in gerekli t\u00fcm evraklar listesi 2022 hemen t\u0131kla! Letonya Vize Randevusu i\u00e7in hemen ara: 0850 346 84 93","robots":{"index":"index","follow":"follow","max-snippet":"max-snippet:-1","max-image-preview":"max-image-preview:large","max-video-preview":"max-video-preview:-1"},"canonical":"https:\/\/www.myvize.com.tr\/letonya\/vize-islemleri\/letonya-dil-okulu-vizesi\/","og_locale":"tr_TR","og_type":"article","og_title":"Letonya Dil Okulu Vizesi - Letonya Vize \u00dccreti - MyVize","og_description":"Letonya Dil Okulu Vizesi almak i\u00e7in gerekli t\u00fcm evraklar listesi 2022 hemen t\u0131kla! Letonya Vize Randevusu i\u00e7in hemen ara: 0850 346 84 93","og_url":"https:\/\/www.myvize.com.tr\/letonya\/vize-islemleri\/letonya-dil-okulu-vizesi\/","og_site_name":"Letonya Vizesi","article_modified_time":"2022-08-16T09:35:29+00:00","og_image":[{"url":"https:\/\/www.myvize.com.tr\/letonya\/wp-content\/uploads\/2021\/10\/43.jpg","type":"","width":"","height":""}],"twitter_card":"summary_large_image","twitter_misc":{"Tahmini okuma s\u00fcresi":"8 dakika"},"schema":{"@context":"https:\/\/schema.org","@graph":[{"@type":"WebPage","@id":"https:\/\/www.myvize.com.tr\/letonya\/vize-islemleri\/letonya-dil-okulu-vizesi\/","url":"https:\/\/www.myvize.com.tr\/letonya\/vize-islemleri\/letonya-dil-okulu-vizesi\/","name":"Letonya Dil Okulu Vizesi - Letonya Vize \u00dccreti - MyVize","isPartOf":{"@id":"https:\/\/www.myvize.com.tr\/letonya\/#website"},"primaryImageOfPage":{"@id":"https:\/\/www.myvize.com.tr\/letonya\/vize-islemleri\/letonya-dil-okulu-vizesi\/#primaryimage"},"image":{"@id":"https:\/\/www.myvize.com.tr\/letonya\/vize-islemleri\/letonya-dil-okulu-vizesi\/#primaryimage"},"thumbnailUrl":"https:\/\/www.myvize.com.tr\/letonya\/wp-content\/uploads\/2021\/10\/43.jpg","datePublished":"2020-11-30T09:46:51+00:00","dateModified":"2022-08-16T09:35:29+00:00","description":"Letonya Dil Okulu Vizesi almak i\u00e7in gerekli t\u00fcm evraklar listesi 2022 hemen t\u0131kla! Letonya Vize Randevusu i\u00e7in hemen ara: 0850 346 84 93","breadcrumb":{"@id":"https:\/\/www.myvize.com.tr\/letonya\/vize-islemleri\/letonya-dil-okulu-vizesi\/#breadcrumb"},"inLanguage":"tr","potentialAction":[{"@type":"ReadAction","target":["https:\/\/www.myvize.com.tr\/letonya\/vize-islemleri\/letonya-dil-okulu-vizesi\/"]}]},{"@type":"ImageObject","inLanguage":"tr","@id":"https:\/\/www.myvize.com.tr\/letonya\/vize-islemleri\/letonya-dil-okulu-vizesi\/#primaryimage","url":"https:\/\/www.myvize.com.tr\/letonya\/wp-content\/uploads\/2021\/10\/43.jpg","contentUrl":"https:\/\/www.myvize.com.tr\/letonya\/wp-content\/uploads\/2021\/10\/43.jpg","width":800,"height":500,"caption":"Letonya Dil Okulu Vizesi"},{"@type":"BreadcrumbList","@id":"https:\/\/www.myvize.com.tr\/letonya\/vize-islemleri\/letonya-dil-okulu-vizesi\/#breadcrumb","itemListElement":[{"@type":"ListItem","position":1,"name":"Anasayfa","item":"https:\/\/www.myvize.com.tr\/letonya\/"},{"@type":"ListItem","position":2,"name":"V\u0130ZE \u0130\u015eLEMLER\u0130","item":"https:\/\/www.myvize.com.tr\/letonya\/vize-islemleri\/"},{"@type":"ListItem","position":3,"name":"Letonya Dil Okulu Vizesi"}]},{"@type":"WebSite","@id":"https:\/\/www.myvize.com.tr\/letonya\/#website","url":"https:\/\/www.myvize.com.tr\/letonya\/","name":"Letonya Vizesi","description":"","potentialAction":[{"@type":"SearchAction","target":{"@type":"EntryPoint","urlTemplate":"https:\/\/www.myvize.com.tr\/letonya\/?s={search_term_string}"},"query-input":{"@type":"PropertyValueSpecification","valueRequired":true,"valueName":"search_term_string"}}],"inLanguage":"tr"}]}},"_links":{"self":[{"href":"https:\/\/www.myvize.com.tr\/letonya\/wp-json\/wp\/v2\/pages\/41","targetHints":{"allow":["GET"]}}],"collection":[{"href":"https:\/\/www.myvize.com.tr\/letonya\/wp-json\/wp\/v2\/pages"}],"about":[{"href":"https:\/\/www.myvize.com.tr\/letonya\/wp-json\/wp\/v2\/types\/page"}],"author":[{"embeddable":true,"href":"https:\/\/www.myvize.com.tr\/letonya\/wp-json\/wp\/v2\/users\/1"}],"replies":[{"embeddable":true,"href":"https:\/\/www.myvize.com.tr\/letonya\/wp-json\/wp\/v2\/comments?post=41"}],"version-history":[{"count":9,"href":"https:\/\/www.myvize.com.tr\/letonya\/wp-json\/wp\/v2\/pages\/41\/revisions"}],"predecessor-version":[{"id":599,"href":"https:\/\/www.myvize.com.tr\/letonya\/wp-json\/wp\/v2\/pages\/41\/revisions\/599"}],"up":[{"embeddable":true,"href":"https:\/\/www.myvize.com.tr\/letonya\/wp-json\/wp\/v2\/pages\/18"}],"wp:attachment":[{"href":"https:\/\/www.myvize.com.tr\/letonya\/wp-json\/wp\/v2\/media?parent=41"}],"curies":[{"name":"wp","href":"https:\/\/api.w.org\/{rel}","templated":true}]}}