{"id":47,"date":"2020-11-30T12:48:28","date_gmt":"2020-11-30T09:48:28","guid":{"rendered":"https:\/\/www.myvize.com.tr\/letonya\/?page_id=47"},"modified":"2022-04-21T12:57:24","modified_gmt":"2022-04-21T09:57:24","slug":"letonya-vize-basvuru-formu","status":"publish","type":"page","link":"https:\/\/www.myvize.com.tr\/letonya\/vize-islemleri\/letonya-vize-basvuru-formu\/","title":{"rendered":"Letonya Vize Ba\u015fvuru Formu"},"content":{"rendered":"<h2><span style=\"font-family: Roboto; font-size: 27px;\"><b>Letonya Vize Ba\u015fvuru Formu Hakk\u0131nda<\/b><\/span><\/h2>\n<p><span style=\"font-family: Roboto; font-size: 14px;\"><strong>Letonya vize ba\u015fvuru formu\u00a0<\/strong>online\u00a0olarak elektronik formatta doldurulmas\u0131 ve konsolosluk veya b\u00fcy\u00fckel\u00e7ili\u011fin sistemi \u00fczerinden i\u015fleme al\u0131nmaktad\u0131r. Forma ula\u015f\u0131p sistemde i\u015flem yapabilmek ve gerekli i\u015flemleri yapabilmek i\u00e7in de \u00f6ncelikle<strong> Letonya Konsoloslu\u011fu<\/strong> ile ileti\u015fime ge\u00e7ip, konsoloslu\u011fun y\u00f6nlendirdi\u011fi resmi sayfaya ve form sekmesine gitmeniz gereklidir. Sayfaya girdi\u011finizde\u00a0Yeni Ba\u015fvuru\u00a0se\u00e7ene\u011fini se\u00e7erek <strong>vize ba\u015fvuru formunu<\/strong> rahatl\u0131kla doldurmaya ba\u015flayabilirsiniz.<\/span><\/p>\n<p><span style=\"font-family: Roboto; font-size: 14px;\">Ba\u015fvuru formu \u0130ngilizce, Rus\u00e7a ya da Letonca olarak bu \u00fc\u00e7 dilden birinde doldurulabilmektedir. Doldurdu\u011funuz ba\u015fvuru formu baz al\u0131narak evraklar\u0131n\u0131z hakk\u0131nda bir \u00e7\u0131kar\u0131m yap\u0131ld\u0131\u011f\u0131ndan\u00a0<strong>Letonya vize ba\u015fvuru formu<\/strong>\u00a0i\u00e7in verilen t\u00fcm bilgiler eksiksiz, tutarl\u0131 ve do\u011fru bir \u015fekilde yaz\u0131lmal\u0131d\u0131r ve bu konu \u00f6nem arz etmektedir. Ba\u015fvuru formunda belirtti\u011finiz e-mail ve telefon numaralar\u0131 ula\u015f\u0131labilir olmal\u0131 ve cevap verebilir olmal\u0131s\u0131n\u0131z. <strong>Ticari ve ziyaret vizesi<\/strong> ba\u015fvurular\u0131n\u0131z i\u00e7in ilgili kontak ki\u015fileriniz de ileti\u015fim bilgileri olan telefon ve mail adresleri ula\u015f\u0131labilir olmal\u0131d\u0131r.<\/span><\/p>\n<p><span style=\"font-family: Roboto; font-size: 14px;\"><span style=\"color: #2acec2;\"><strong><a style=\"color: #2acec2;\" href=\"https:\/\/www.myvize.com.tr\/letonya\/vize-islemleri\/letonya-vizesi\/\" target=\"_blank\" rel=\"noopener\">Letonya vizesi<\/a><\/strong><\/span> online ba\u015fvuru\u00a0formu, elektronik\u00a0olarak doldurulmal\u0131d\u0131r, el yaz\u0131s\u0131 ile doldurulmu\u015f formlar ge\u00e7ersizdir. Formunuzu evraklar\u0131n\u0131za ekleyerek ba\u015fvuru yapaca\u011f\u0131n\u0131z kuruma iletmeniz gerekir<\/span><\/p>\n<p><span style=\"font-family: Roboto; font-size: 14px;\"><span style=\"color: #2acec2;\"><strong><a style=\"color: #2acec2;\" href=\"https:\/\/www.myvize.com.tr\/letonya\/vize-islemleri\/letonya-aile-ziyareti-vizesi\/\" target=\"_blank\" rel=\"noopener\">Letonya Aile Ziyareti Vizesi<\/a><\/strong><\/span> ile ilgili bilgi almak i\u00e7in bizi aray\u0131n\u0131z.<\/span><\/p>\n<p><img decoding=\"async\" src=\"https:\/\/www.myvize.com.tr\/letonya\/wp-content\/uploads\/2021\/10\/50.jpg\" \/><\/p>\n<h2><strong><span style=\"font-family: Roboto; font-size: 27px;\">Letonya Vize Ba\u015fvuru Formu \u0130le \u0130lgili<\/span><\/strong><\/h2>\n<p><span style=\"font-family: Roboto; font-size: 14px;\">Letonya\u2019ya seyahat edecek olan T\u00fcrk vatanda\u015flar\u0131 seyahatleri \u00f6ncesinde Letonya vize muafiyet yok ise <strong>Letonya vizesi<\/strong> almal\u0131d\u0131r. Vize ba\u015fvurusu seyahat amac\u0131na g\u00f6re yap\u0131lmal\u0131d\u0131r. Ba\u015fvurular esnas\u0131nda istenen baz\u0131 belgeler bulunmaktad\u0131r. Bu belgeler aras\u0131nda en \u00f6nemlisi ve vize ba\u015fvurusunda en \u00e7ok dikkat edilen belge Letonya vize ba\u015fvuru formudur.<\/span><\/p>\n<p><span style=\"font-family: Roboto; font-size: 14px;\">Letonya temsilcilikleri vize ba\u015fvuru sahibini <strong>Letonya vize ba\u015fvuru formu<\/strong> ile tan\u0131maktad\u0131r. Letonya vize ba\u015fvuru formu olmayan vize ba\u015fvurular\u0131 reddedilmektedir. Letonya vize ba\u015fvuru formu uluslararas\u0131 ge\u00e7erlili\u011fi olan ve resmi bir belge niteli\u011fi ta\u015f\u0131yan bir formudur. Bundan dolay\u0131 forma hatal\u0131 bilgi girilmesi su\u00e7tur. Bundan dolay\u0131 ba\u015fvuru sahibi ceza alabilir.<\/span><\/p>\n<p><span style=\"font-family: Roboto; font-size: 14px;\"><strong>Letonya vize ba\u015fvuru formu<\/strong> vize ba\u015fvurusu s\u0131ras\u0131nda teslim edilen di\u011fer belgeler ile kar\u015f\u0131la\u015ft\u0131r\u0131lmaktad\u0131r. Belgeler aras\u0131nda ya\u015fanacak en ufak uyu\u015fmazl\u0131kta vize ba\u015fvurunuz reddedilmektedir. Bundan dolay\u0131 belgeye do\u011fru bilgilerin yaz\u0131lmas\u0131 gerekmektedir.<\/span><\/p>\n<p><span style=\"font-family: Roboto; font-size: 14px;\">Letonya vize ba\u015fvurusu i\u00e7in \u00e7ok \u00f6nemli olan bu belge <strong>Letonya vize ba\u015fvuru s\u00fcreci<\/strong>ni belirlemektedir. Bu belgede ki\u015fisel bilgiler, e\u011fitim bilgileri, pasaport bilgileri, \u00e7al\u0131\u015fma bilgiler, kimlik bilgileri, aile bilgileri, seyahat amac\u0131, seyahat tarihleri, seyahat plan\u0131 gibi belgeler yer almal\u0131d\u0131r.<\/span><\/p>\n<p><span style=\"font-family: Roboto; font-size: 14px;\"><span style=\"color: #2acec2;\"><strong><a style=\"color: #2acec2;\" href=\"https:\/\/www.myvize.com.tr\/letonya\/vize-islemleri\/letonya-vatandaslik-islemleri\/\" target=\"_blank\" rel=\"noopener\">Letonya Vatanda\u015fl\u0131k \u0130\u015flemleri<\/a><\/strong><\/span> ile ilgili bilgi almak i\u00e7in bizi aray\u0131n\u0131z.<\/span><\/p>\n<h2><strong><span style=\"font-family: Roboto; font-size: 27px;\">Letonya Vize Ba\u015fvuru Formu Nas\u0131l Doldurulur?<\/span><\/strong><\/h2>\n<p><span style=\"font-family: Roboto; font-size: 14px;\">Letonya\u2019ya seyahat edecek olan ki\u015filerin <strong>Letonya vize<\/strong> ba\u015fvurusunda bulunabilmesi i\u00e7in <strong>Letonya vize ba\u015fvuru formu<\/strong> doldurmas\u0131 gerekmektedir. Bu forma <strong>Letonya Konsoloslu\u011fu<\/strong>\u2019nun resmi web sitesinden ula\u015fabilirsiniz.<\/span><\/p>\n<p><span style=\"font-family: Roboto; font-size: 14px;\"><strong>Letonya vize ba\u015fvurusu<\/strong>nda bulunacak olan ki\u015filer Letonya vize ba\u015fvuru formunu nas\u0131l dolduraca\u011f\u0131n\u0131 bilmemektedir. Bundan dolay\u0131 bu yaz\u0131da \u2018\u2019Letonya vize ba\u015fvuru formu nas\u0131l doldurulur\u2019\u2019 sorusunu cevaplad\u0131k.<\/span><\/p>\n<ul>\n<li><span style=\"font-family: Roboto; font-size: 14px;\">Letonya vize ba\u015fvuru formunun do\u011fru ve eksiksiz bir \u015fekilde doldurulmas\u0131 gerekmektedir. Uygun \u015fartlarda doldurulmayan <strong>Letonya vize ba\u015fvuru<\/strong> i\u015flemleri reddedilir.<\/span><\/li>\n<li><span style=\"font-family: Roboto; font-size: 14px;\">Letonya vize ba\u015fvurusu el ile ya da bilgisayar \u00fczerinden doldurulabilmektedir. Ancak el ile doldurulan formlar\u0131n okunur \u015fekilde doldurulmas\u0131 gerekmektedir.<\/span><\/li>\n<li><span style=\"font-family: Roboto; font-size: 14px;\">El ile doldurulan formun siyah ya da mavi t\u00fckenmez kalem ile doldurulmas\u0131 gerekmektedir.<\/span><\/li>\n<li><span style=\"font-family: Roboto; font-size: 14px;\">Ba\u015fvuruda bulunan ki\u015fi 18 ya\u015f\u0131n\u0131 doldurmam\u0131\u015f ise anne ve babas\u0131n\u0131n yaz\u0131l\u0131 bir izni olmal\u0131d\u0131r. Ayr\u0131ca Letonya vize ba\u015fvuru formunun ilgili b\u00f6l\u00fcmleri imzalanmal\u0131d\u0131r.<\/span><\/li>\n<li><span style=\"font-family: Roboto; font-size: 14px;\">Ba\u015fvuru formu doldurulduktan sonra tarih at\u0131lmal\u0131 ve ba\u015fvuru sahibi taraf\u0131ndan imzalanmal\u0131d\u0131r.<\/span><\/li>\n<li><span style=\"font-family: Roboto; font-size: 14px;\">Ba\u015fvuru sahibi, <strong>Letonya vize ba\u015fvuru formu<\/strong>na foto\u011fraf yap\u0131\u015ft\u0131rmal\u0131d\u0131r.<\/span><\/li>\n<\/ul>\n<p><span style=\"font-family: Roboto; font-size: 14px;\">Letonya vize ba\u015fvuru formunun y\u0131pranmam\u0131\u015f ve \u00fczerinde leke olmamas\u0131 gerekmektedir. Bundan dolay\u0131 Letonya vize ba\u015fvuru formuna \u00e7ok dikkat etmelisiniz.<\/span><\/p>\n<h2><strong><span style=\"font-family: Roboto; font-size: 27px;\">Letonya B\u00fcy\u00fckel\u00e7ili\u011fi Vize Ba\u015fvuru Formu<\/span><\/strong><\/h2>\n<p><span style=\"font-family: Roboto; font-size: 14px;\">Letonya\u2019ya seyahat edecek olan ki\u015filerin <strong>Letonya vize muafiyeti<\/strong> yoksa Letonya vize ba\u015fvuru i\u015flemi yapmas\u0131 gerekmektedir. Letonya vize ba\u015fvurusu <strong>Letonya Ankara B\u00fcy\u00fckel\u00e7ili\u011fi<\/strong>\u2019ne ba\u015fvuruda bulunabilmektedir. Letonya vize ba\u015fvurusunda bulunacak olan ki\u015filer Letonya B\u00fcy\u00fckel\u00e7ili\u011fi vize ba\u015fvuru formu doldurmal\u0131d\u0131r.<\/span><\/p>\n<p><span style=\"font-family: Roboto; font-size: 14px;\"><strong>Letonya B\u00fcy\u00fckel\u00e7ili\u011fi vize ba\u015fvuru formu<\/strong> dolduracak olan ki\u015filer bu formu eksiksiz ve g\u00fcncel bir \u015fekilde doldurmal\u0131d\u0131r. Bu form Letonya B\u00fcy\u00fckel\u00e7ili\u011fi taraf\u0131ndan incelenmekte ve eksik ya da yanl\u0131\u015f bilgi verilen ba\u015fvurular reddedilmektedir.<\/span><\/p>\n<p><span style=\"font-family: Roboto; font-size: 14px;\"><strong>Letonya vize ba\u015fvuru formu<\/strong> el ile ya da bilgisayar ile doldurulmal\u0131d\u0131r. El ile doldurulan form okunur olmal\u0131d\u0131r. <strong>Letonya vize ba\u015fvuru formu<\/strong> doldurulduktan sonra tarih at\u0131lmal\u0131 ve imzalanmal\u0131d\u0131r.<\/span><\/p>\n<p><span style=\"font-family: Roboto; font-size: 14px;\"><strong>Letonya vize<\/strong> ba\u015fvurusunda bulunacak olan ki\u015filer <strong>Letonya B\u00fcy\u00fckel\u00e7ili\u011fi<\/strong> taraf\u0131ndan istenen vize ba\u015fvuru formunda a\u015fa\u011f\u0131daki bilgiler yer almal\u0131d\u0131r.<\/span><\/p>\n<ul>\n<li><span style=\"font-family: Roboto; font-size: 14px;\">Ba\u015fvuru sahibinin ad\u0131 ve soyad\u0131<\/span><\/li>\n<li><span style=\"font-family: Roboto; font-size: 14px;\">Do\u011fum tarihi, do\u011fum \u00fclkesi, do\u011fum yeri ve uyru\u011fu<\/span><\/li>\n<li><span style=\"font-family: Roboto; font-size: 14px;\">Ba\u015fvuru sahibinin cinsiyeti ve medeni durumu<\/span><\/li>\n<li><span style=\"font-family: Roboto; font-size: 14px;\">Kimlik seri numaras\u0131<\/span><\/li>\n<li><span style=\"font-family: Roboto; font-size: 14px;\">Pasaport numaras\u0131, pasaport \u00e7\u0131k\u0131\u015f tarihi, pasaportun ge\u00e7erlili\u011finin biti\u015f tarihi, pasaportu veren makam<\/span><\/li>\n<li><span style=\"font-family: Roboto; font-size: 14px;\">Ba\u015fvuru sahibinin ileti\u015fim bilgileri<\/span><\/li>\n<li><span style=\"font-family: Roboto; font-size: 14px;\">Ba\u015fvuru sahibinin mesle\u011fi ve \u00e7al\u0131\u015fma durumu<\/span><\/li>\n<li><span style=\"font-family: Roboto; font-size: 14px;\">Seyahat plan\u0131, seyahat s\u00fcresi, seyahat nedeni<\/span><\/li>\n<li><span style=\"font-family: Roboto; font-size: 14px;\">Konaklama ve u\u00e7u\u015f bilgileri<\/span><\/li>\n<li><span style=\"font-family: Roboto; font-size: 14px;\">Aile ileti\u015fim ve adres bilgileri<\/span><\/li>\n<\/ul>\n<p><strong><span style=\"font-size: 20px;\"><img loading=\"lazy\" decoding=\"async\" src=\"https:\/\/www.myvize.com.tr\/romanya\/wp-content\/uploads\/2021\/07\/aDOBE-LOGO-1.png\" width=\"75\" height=\"75\" \/><span style=\"font-family: Roboto; font-size: 16px;\"> \u00a0\u00a0Letonya Vizesi Ba\u015fvuru Formunu\u00a0 <a href=\"https:\/\/www.myvize.com.tr\/letonya\/wp-content\/uploads\/2021\/12\/letonya-vize-basvuru-formu-pdf.pdf\" target=\"_blank\" rel=\"noreferrer noopener\">(\u0130ndirmek \u0130\u00e7in T\u0131klay\u0131n\u0131z!!)<\/a><\/span><\/span><\/strong><\/p>\n","protected":false},"excerpt":{"rendered":"<p>Letonya Vize Ba\u015fvuru Formu Hakk\u0131nda Letonya vize ba\u015fvuru formu\u00a0online\u00a0olarak elektronik formatta doldurulmas\u0131 ve konsolosluk veya b\u00fcy\u00fckel\u00e7ili\u011fin sistemi \u00fczerinden i\u015fleme al\u0131nmaktad\u0131r. Forma ula\u015f\u0131p sistemde i\u015flem yapabilmek ve gerekli i\u015flemleri yapabilmek i\u00e7in de \u00f6ncelikle Letonya Konsoloslu\u011fu ile ileti\u015fime ge\u00e7ip, konsoloslu\u011fun y\u00f6nlendirdi\u011fi resmi sayfaya ve form sekmesine gitmeniz gereklidir. Sayfaya girdi\u011finizde\u00a0Yeni Ba\u015fvuru\u00a0se\u00e7ene\u011fini se\u00e7erek vize ba\u015fvuru formunu rahatl\u0131kla doldurmaya<\/p>\n","protected":false},"author":1,"featured_media":0,"parent":18,"menu_order":0,"comment_status":"open","ping_status":"closed","template":"","meta":{"footnotes":""},"class_list":["post-47","page","type-page","status-publish","hentry"],"yoast_head":"<!-- This site is optimized with the Yoast SEO plugin v24.0 - https:\/\/yoast.com\/wordpress\/plugins\/seo\/ -->\n<title>Letonya Vize Ba\u015fvuru Formu Nas\u0131l Doldurulur? - MyVize<\/title>\n<meta name=\"description\" content=\"Letonya Vize Ba\u015fvuru Formu 2022 hemen t\u0131kla! Vize Dan\u0131\u015fman\u0131m\u0131zdan Bilgi Almak \u0130\u00e7in Hemen Ara: 0850 346 84 93\" \/>\n<meta name=\"robots\" content=\"index, follow, max-snippet:-1, max-image-preview:large, max-video-preview:-1\" \/>\n<link rel=\"canonical\" href=\"https:\/\/www.myvize.com.tr\/letonya\/vize-islemleri\/letonya-vize-basvuru-formu\/\" \/>\n<meta property=\"og:locale\" content=\"tr_TR\" \/>\n<meta property=\"og:type\" content=\"article\" \/>\n<meta property=\"og:title\" content=\"Letonya Vize Ba\u015fvuru Formu Nas\u0131l Doldurulur? - MyVize\" \/>\n<meta property=\"og:description\" content=\"Letonya Vize Ba\u015fvuru Formu 2022 hemen t\u0131kla! Vize Dan\u0131\u015fman\u0131m\u0131zdan Bilgi Almak \u0130\u00e7in Hemen Ara: 0850 346 84 93\" \/>\n<meta property=\"og:url\" content=\"https:\/\/www.myvize.com.tr\/letonya\/vize-islemleri\/letonya-vize-basvuru-formu\/\" \/>\n<meta property=\"og:site_name\" content=\"Letonya Vizesi\" \/>\n<meta property=\"article:modified_time\" content=\"2022-04-21T09:57:24+00:00\" \/>\n<meta property=\"og:image\" content=\"https:\/\/www.myvize.com.tr\/letonya\/wp-content\/uploads\/2021\/10\/50.jpg\" \/>\n<meta name=\"twitter:card\" content=\"summary_large_image\" \/>\n<meta name=\"twitter:label1\" content=\"Tahmini okuma s\u00fcresi\" \/>\n\t<meta name=\"twitter:data1\" content=\"4 dakika\" \/>\n<script type=\"application\/ld+json\" class=\"yoast-schema-graph\">{\"@context\":\"https:\/\/schema.org\",\"@graph\":[{\"@type\":\"WebPage\",\"@id\":\"https:\/\/www.myvize.com.tr\/letonya\/vize-islemleri\/letonya-vize-basvuru-formu\/\",\"url\":\"https:\/\/www.myvize.com.tr\/letonya\/vize-islemleri\/letonya-vize-basvuru-formu\/\",\"name\":\"Letonya Vize Ba\u015fvuru Formu Nas\u0131l Doldurulur? - MyVize\",\"isPartOf\":{\"@id\":\"https:\/\/www.myvize.com.tr\/letonya\/#website\"},\"primaryImageOfPage\":{\"@id\":\"https:\/\/www.myvize.com.tr\/letonya\/vize-islemleri\/letonya-vize-basvuru-formu\/#primaryimage\"},\"image\":{\"@id\":\"https:\/\/www.myvize.com.tr\/letonya\/vize-islemleri\/letonya-vize-basvuru-formu\/#primaryimage\"},\"thumbnailUrl\":\"https:\/\/www.myvize.com.tr\/letonya\/wp-content\/uploads\/2021\/10\/50.jpg\",\"datePublished\":\"2020-11-30T09:48:28+00:00\",\"dateModified\":\"2022-04-21T09:57:24+00:00\",\"description\":\"Letonya Vize Ba\u015fvuru Formu 2022 hemen t\u0131kla! Vize Dan\u0131\u015fman\u0131m\u0131zdan Bilgi Almak \u0130\u00e7in Hemen Ara: 0850 346 84 93\",\"breadcrumb\":{\"@id\":\"https:\/\/www.myvize.com.tr\/letonya\/vize-islemleri\/letonya-vize-basvuru-formu\/#breadcrumb\"},\"inLanguage\":\"tr\",\"potentialAction\":[{\"@type\":\"ReadAction\",\"target\":[\"https:\/\/www.myvize.com.tr\/letonya\/vize-islemleri\/letonya-vize-basvuru-formu\/\"]}]},{\"@type\":\"ImageObject\",\"inLanguage\":\"tr\",\"@id\":\"https:\/\/www.myvize.com.tr\/letonya\/vize-islemleri\/letonya-vize-basvuru-formu\/#primaryimage\",\"url\":\"https:\/\/www.myvize.com.tr\/letonya\/wp-content\/uploads\/2021\/10\/50.jpg\",\"contentUrl\":\"https:\/\/www.myvize.com.tr\/letonya\/wp-content\/uploads\/2021\/10\/50.jpg\",\"width\":800,\"height\":500,\"caption\":\"Letonya Vize Ba\u015fvuru Formu\"},{\"@type\":\"BreadcrumbList\",\"@id\":\"https:\/\/www.myvize.com.tr\/letonya\/vize-islemleri\/letonya-vize-basvuru-formu\/#breadcrumb\",\"itemListElement\":[{\"@type\":\"ListItem\",\"position\":1,\"name\":\"Anasayfa\",\"item\":\"https:\/\/www.myvize.com.tr\/letonya\/\"},{\"@type\":\"ListItem\",\"position\":2,\"name\":\"V\u0130ZE \u0130\u015eLEMLER\u0130\",\"item\":\"https:\/\/www.myvize.com.tr\/letonya\/vize-islemleri\/\"},{\"@type\":\"ListItem\",\"position\":3,\"name\":\"Letonya Vize Ba\u015fvuru Formu\"}]},{\"@type\":\"WebSite\",\"@id\":\"https:\/\/www.myvize.com.tr\/letonya\/#website\",\"url\":\"https:\/\/www.myvize.com.tr\/letonya\/\",\"name\":\"Letonya Vizesi\",\"description\":\"\",\"potentialAction\":[{\"@type\":\"SearchAction\",\"target\":{\"@type\":\"EntryPoint\",\"urlTemplate\":\"https:\/\/www.myvize.com.tr\/letonya\/?s={search_term_string}\"},\"query-input\":{\"@type\":\"PropertyValueSpecification\",\"valueRequired\":true,\"valueName\":\"search_term_string\"}}],\"inLanguage\":\"tr\"}]}<\/script>\n<!-- \/ Yoast SEO plugin. -->","yoast_head_json":{"title":"Letonya Vize Ba\u015fvuru Formu Nas\u0131l Doldurulur? - MyVize","description":"Letonya Vize Ba\u015fvuru Formu 2022 hemen t\u0131kla! Vize Dan\u0131\u015fman\u0131m\u0131zdan Bilgi Almak \u0130\u00e7in Hemen Ara: 0850 346 84 93","robots":{"index":"index","follow":"follow","max-snippet":"max-snippet:-1","max-image-preview":"max-image-preview:large","max-video-preview":"max-video-preview:-1"},"canonical":"https:\/\/www.myvize.com.tr\/letonya\/vize-islemleri\/letonya-vize-basvuru-formu\/","og_locale":"tr_TR","og_type":"article","og_title":"Letonya Vize Ba\u015fvuru Formu Nas\u0131l Doldurulur? - MyVize","og_description":"Letonya Vize Ba\u015fvuru Formu 2022 hemen t\u0131kla! Vize Dan\u0131\u015fman\u0131m\u0131zdan Bilgi Almak \u0130\u00e7in Hemen Ara: 0850 346 84 93","og_url":"https:\/\/www.myvize.com.tr\/letonya\/vize-islemleri\/letonya-vize-basvuru-formu\/","og_site_name":"Letonya Vizesi","article_modified_time":"2022-04-21T09:57:24+00:00","og_image":[{"url":"https:\/\/www.myvize.com.tr\/letonya\/wp-content\/uploads\/2021\/10\/50.jpg","type":"","width":"","height":""}],"twitter_card":"summary_large_image","twitter_misc":{"Tahmini okuma s\u00fcresi":"4 dakika"},"schema":{"@context":"https:\/\/schema.org","@graph":[{"@type":"WebPage","@id":"https:\/\/www.myvize.com.tr\/letonya\/vize-islemleri\/letonya-vize-basvuru-formu\/","url":"https:\/\/www.myvize.com.tr\/letonya\/vize-islemleri\/letonya-vize-basvuru-formu\/","name":"Letonya Vize Ba\u015fvuru Formu Nas\u0131l Doldurulur? - MyVize","isPartOf":{"@id":"https:\/\/www.myvize.com.tr\/letonya\/#website"},"primaryImageOfPage":{"@id":"https:\/\/www.myvize.com.tr\/letonya\/vize-islemleri\/letonya-vize-basvuru-formu\/#primaryimage"},"image":{"@id":"https:\/\/www.myvize.com.tr\/letonya\/vize-islemleri\/letonya-vize-basvuru-formu\/#primaryimage"},"thumbnailUrl":"https:\/\/www.myvize.com.tr\/letonya\/wp-content\/uploads\/2021\/10\/50.jpg","datePublished":"2020-11-30T09:48:28+00:00","dateModified":"2022-04-21T09:57:24+00:00","description":"Letonya Vize Ba\u015fvuru Formu 2022 hemen t\u0131kla! Vize Dan\u0131\u015fman\u0131m\u0131zdan Bilgi Almak \u0130\u00e7in Hemen Ara: 0850 346 84 93","breadcrumb":{"@id":"https:\/\/www.myvize.com.tr\/letonya\/vize-islemleri\/letonya-vize-basvuru-formu\/#breadcrumb"},"inLanguage":"tr","potentialAction":[{"@type":"ReadAction","target":["https:\/\/www.myvize.com.tr\/letonya\/vize-islemleri\/letonya-vize-basvuru-formu\/"]}]},{"@type":"ImageObject","inLanguage":"tr","@id":"https:\/\/www.myvize.com.tr\/letonya\/vize-islemleri\/letonya-vize-basvuru-formu\/#primaryimage","url":"https:\/\/www.myvize.com.tr\/letonya\/wp-content\/uploads\/2021\/10\/50.jpg","contentUrl":"https:\/\/www.myvize.com.tr\/letonya\/wp-content\/uploads\/2021\/10\/50.jpg","width":800,"height":500,"caption":"Letonya Vize Ba\u015fvuru Formu"},{"@type":"BreadcrumbList","@id":"https:\/\/www.myvize.com.tr\/letonya\/vize-islemleri\/letonya-vize-basvuru-formu\/#breadcrumb","itemListElement":[{"@type":"ListItem","position":1,"name":"Anasayfa","item":"https:\/\/www.myvize.com.tr\/letonya\/"},{"@type":"ListItem","position":2,"name":"V\u0130ZE \u0130\u015eLEMLER\u0130","item":"https:\/\/www.myvize.com.tr\/letonya\/vize-islemleri\/"},{"@type":"ListItem","position":3,"name":"Letonya Vize Ba\u015fvuru Formu"}]},{"@type":"WebSite","@id":"https:\/\/www.myvize.com.tr\/letonya\/#website","url":"https:\/\/www.myvize.com.tr\/letonya\/","name":"Letonya Vizesi","description":"","potentialAction":[{"@type":"SearchAction","target":{"@type":"EntryPoint","urlTemplate":"https:\/\/www.myvize.com.tr\/letonya\/?s={search_term_string}"},"query-input":{"@type":"PropertyValueSpecification","valueRequired":true,"valueName":"search_term_string"}}],"inLanguage":"tr"}]}},"_links":{"self":[{"href":"https:\/\/www.myvize.com.tr\/letonya\/wp-json\/wp\/v2\/pages\/47","targetHints":{"allow":["GET"]}}],"collection":[{"href":"https:\/\/www.myvize.com.tr\/letonya\/wp-json\/wp\/v2\/pages"}],"about":[{"href":"https:\/\/www.myvize.com.tr\/letonya\/wp-json\/wp\/v2\/types\/page"}],"author":[{"embeddable":true,"href":"https:\/\/www.myvize.com.tr\/letonya\/wp-json\/wp\/v2\/users\/1"}],"replies":[{"embeddable":true,"href":"https:\/\/www.myvize.com.tr\/letonya\/wp-json\/wp\/v2\/comments?post=47"}],"version-history":[{"count":11,"href":"https:\/\/www.myvize.com.tr\/letonya\/wp-json\/wp\/v2\/pages\/47\/revisions"}],"predecessor-version":[{"id":768,"href":"https:\/\/www.myvize.com.tr\/letonya\/wp-json\/wp\/v2\/pages\/47\/revisions\/768"}],"up":[{"embeddable":true,"href":"https:\/\/www.myvize.com.tr\/letonya\/wp-json\/wp\/v2\/pages\/18"}],"wp:attachment":[{"href":"https:\/\/www.myvize.com.tr\/letonya\/wp-json\/wp\/v2\/media?parent=47"}],"curies":[{"name":"wp","href":"https:\/\/api.w.org\/{rel}","templated":true}]}}