{"id":49,"date":"2020-11-30T12:48:56","date_gmt":"2020-11-30T09:48:56","guid":{"rendered":"https:\/\/www.myvize.com.tr\/letonya\/?page_id=49"},"modified":"2022-08-02T13:36:15","modified_gmt":"2022-08-02T10:36:15","slug":"letonya-vize-reddi","status":"publish","type":"page","link":"https:\/\/www.myvize.com.tr\/letonya\/vize-islemleri\/letonya-vize-reddi\/","title":{"rendered":"Letonya Vize Reddi"},"content":{"rendered":"<h2><span style=\"font-family: Roboto; font-size: 27px;\"><b>Letonya Vize Reddi Hakk\u0131nda<\/b><\/span><\/h2>\n<p><span style=\"font-family: Roboto; font-size: 14px;\">Herhangi bir \u00fclke gibi <strong>Letonya\u2019ya giri\u015f \u00e7\u0131k\u0131\u015flar<\/strong> i\u00e7in de vize almak zorunludur. <strong>Vize almak<\/strong> i\u00e7inse baz\u0131 ba\u015fvuru s\u00fcre\u00e7leri ve evraklar\u0131n teslimi ger\u00e7ekle\u015fmektedir. Baz\u0131 durumlarda ba\u015fvuru sahiplerinin eksik tutars\u0131z veya y\u0131pranm\u0131\u015f evraklarla vize ba\u015fvurusunda bulunmalar\u0131 vize ba\u015fvurular\u0131n\u0131n reddedilmesine neden olabilmektedir. Bu nedenle ba\u015fvuruda istenen evraklara ve do\u011fru \u015fekilde ba\u015fvurmaya \u00f6zen g\u00f6sterilmesi tavsiye edilmektedir.<\/span><\/p>\n<p><span style=\"font-family: Roboto; font-size: 14px;\">Letonya birden fazla nedenden \u00f6t\u00fcr\u00fc vize ba\u015fvurular\u0131n\u0131 reddedebilir. Bu nedenler aras\u0131nda;<\/span><\/p>\n<ul>\n<li><span style=\"font-family: Roboto; font-size: 14px;\">Seyahat \u015fartlar\u0131 ve seyahat amac\u0131n\u0131n net bir \u015fekilde a\u00e7\u0131klanmamas\u0131,<\/span><\/li>\n<li><span style=\"font-family: Roboto; font-size: 14px;\">Seyahat amac\u0131na uygun veya denk gelecek \u015fekilde vize t\u00fcr\u00fcne ba\u015fvuru yap\u0131lmamas\u0131,<\/span><\/li>\n<li><span style=\"font-family: Roboto; font-size: 14px;\">Ekonomik yetersizlikten kaynakl\u0131 reddedilme,<\/span><\/li>\n<li><span style=\"font-family: Roboto; font-size: 14px;\">Yeterli maddi yeterlili\u011fin bulunmamas\u0131 nedeni ile yasa d\u0131\u015f\u0131 i\u015flem yap\u0131labilece\u011fi ihtimali ile reddedilme,<\/span><\/li>\n<li><span style=\"font-family: Roboto; font-size: 14px;\">Seyahat belgelerindeki y\u0131pranma, tutars\u0131z veya eksik bilgi bulunmas\u0131,<\/span><\/li>\n<li><span style=\"font-family: Roboto; font-size: 14px;\"><span style=\"color: #2acec2;\"><strong><a style=\"color: #2acec2;\" href=\"https:\/\/www.myvize.com.tr\/letonya\/vize-islemleri\/letonya-schengen-vizesi\/\" target=\"_blank\" rel=\"noopener\">Letonya Schengen vizesi <\/a><\/strong><\/span>s\u00fcresi nedeni ile reddedilme<\/span><\/li>\n<li><span style=\"font-family: Roboto; font-size: 14px;\">Schengen giri\u015f yasakl\u0131s\u0131 olma nedeni ile reddedilme,<\/span><\/li>\n<li><span style=\"font-family: Roboto; font-size: 14px;\">Kamu g\u00fcvenli\u011fi nedeniyle reddedilme<\/span><\/li>\n<li><span style=\"font-family: Roboto; font-size: 14px;\">Sa\u011fl\u0131k sigorta poli\u00e7esi nedeni ile reddedilme<\/span><\/li>\n<li><span style=\"font-family: Roboto; font-size: 14px;\">Ki\u015finin \u00fclkesine d\u00f6nmece\u011fine dair \u00e7e\u015fitli \u015f\u00fcpheler uyand\u0131rmas\u0131<\/span><\/li>\n<\/ul>\n<p><span style=\"font-family: Roboto; font-size: 14px;\">Yukar\u0131daki nedenlerden \u00f6t\u00fcr\u00fc\u00a0<strong>Letonya vize reddi<\/strong>\u00a0durumu meydana gelebilmektedir. Bu nedenle bu hususlara dikkat edilmesi \u00f6nerilmektedir.<\/span><\/p>\n<p><img decoding=\"async\" src=\"https:\/\/www.myvize.com.tr\/letonya\/wp-content\/uploads\/2021\/10\/52.jpg\" \/><\/p>\n<h2><strong><span style=\"font-family: Roboto; font-size: 27px;\">Letonya Vize Reddi ile \u0130lgili\u00a0<\/span><\/strong><\/h2>\n<p><span style=\"font-family: Roboto; font-size: 14px;\">Ba\u015fvurular\u0131n\u0131z\u0131n ret yan\u0131t\u0131yla kar\u015f\u0131la\u015fmas\u0131na neden olacak baz\u0131 fakt\u00f6rler bulunmaktad\u0131r. Sizler de itiraz s\u00fcre\u00e7leri hakk\u0131nda bilgi almak ve ba\u015fvurular\u0131n\u0131z\u0131n neden reddedilece\u011fini \u00f6\u011frenmek i\u00e7in ofislerimizle ileti\u015fime ge\u00e7ebilirsiniz.\u00a0<strong>Letonya Vize Reddi<\/strong> nedenleri ve itiraz s\u00fcreleri i\u00e7in do\u011fru ve profesyonel hizmetleri alabilece\u011finiz firmalardan destek alman\u0131z\u0131 \u00f6neriyoruz. Dan\u0131\u015fmanl\u0131k hizmetlerini sunmakta olan adresler sayesinde daha konforlu, rahat ve kusursuz tercihlerde bulunabileceksiniz. Seyahatinizin amac\u0131n\u0131 net olarak belirtmedi\u011finizde, sahte belgelerle ba\u015fvuru yapt\u0131\u011f\u0131n\u0131zda, i\u00e7 g\u00fcvenli\u011fi tehdit edecek bir profile sahip oldu\u011funuzda, kal\u0131\u015f s\u00fcrenizi a\u015fman\u0131z durumunda veya buna benzer \u00e7e\u015fitli sebeplerden dolay\u0131 bir sonraki ba\u015fvurular\u0131n\u0131z ret yan\u0131t\u0131n\u0131 alabilir. Gerek\u00e7elerini taraf\u0131n\u0131za a\u00e7\u0131klayacak olan kurumlara itiraz etme hakk\u0131n\u0131z bulunmaktad\u0131r. Sa\u011fl\u0131k sigortas\u0131n\u0131n ge\u00e7erli olmamas\u0131 nedeniyle de alabilece\u011finiz <strong>vize reddi<\/strong> yan\u0131t\u0131nda vize \u00fccretleriniz iade edilmeyecektir. Bu nedenle yeniden masraf yapmak yerine ekiplerimizle hareket edebilir ve ba\u015ftan itibaren verimli sonu\u00e7lara ula\u015fabilirsiniz. Vize \u00fccretlerinin ve evraklar\u0131n ba\u015fvuru yapaca\u011f\u0131n\u0131z vize t\u00fcr\u00fcne g\u00f6re de\u011fi\u015fece\u011fini vurguluyoruz. \u00dccretsiz bir \u015fekilde hizmet alabilece\u011finiz adreslerimiz ile sorular\u0131n\u0131z\u0131n h\u0131zl\u0131 bi\u00e7imde yan\u0131t bulaca\u011f\u0131n\u0131 da aktarmaktay\u0131z.<\/span><\/p>\n<p><span style=\"font-family: Roboto; font-size: 14px;\"><span style=\"color: #2acec2;\"><strong><a style=\"color: #2acec2;\" href=\"https:\/\/www.myvize.com.tr\/letonya\/letonya-vize-ucreti\/\" target=\"_blank\" rel=\"noopener\">Letonya Vize \u00dccreti<\/a><\/strong><\/span> ile ilgili bilgi almak i\u00e7in bizi aray\u0131n\u0131z.<\/span><\/p>\n<h2><span style=\"font-family: Roboto; font-size: 27px;\"><strong>Letonya Vize Reddi Nedir?<\/strong><\/span><\/h2>\n<p><span style=\"font-family: Roboto; font-size: 14px;\"><strong>Letonya vize reddi nedir<\/strong>\u00a0sorusu vize i\u015flemlerine ba\u015fvuran ki\u015filerin merak etti\u011fi konular aras\u0131nda \u00f6nemli bir yere sahiptir. Vize i\u015flemleri s\u0131ras\u0131nda ki\u015filer usullere uygun davranmad\u0131klar\u0131nda i\u015flemlerinin iptal edilmesi durumu vize reddi olarak isimlendirilebilir. Vize reddine neden olabilen bir\u00e7ok durum vard\u0131r. Bu s\u00fcre\u00e7te en \u00e7ok dikkati \u00e7eken konu ki\u015filerin evrak ve belge konusunda yeteri kadar titizlik g\u00f6stermemesidir.<\/span><\/p>\n<p><span style=\"font-family: Roboto; font-size: 14px;\">Bunlar\u0131n yan\u0131nda vize reddi al\u0131nd\u0131\u011f\u0131nda ki\u015filer son derece zor durumda kalabilirler. \u00c7\u00fcnk\u00fc seyahat tarihine yak\u0131n bir zamanda al\u0131nan vize reddi ki\u015filerin u\u00e7ak biletlerinin yanmas\u0131na neden olabiliyor. B\u00f6yle durumlarda vize reddi itiraz dilek\u00e7esi haz\u0131rlamak yap\u0131lmas\u0131 gereken bir konu. Fakat ki\u015filer bu dilek\u00e7eyi nas\u0131l haz\u0131rlamalar\u0131 gerekti\u011fini de bilemeyebilirler.<\/span><\/p>\n<p><span style=\"font-family: Roboto; font-size: 14px;\">B\u00f6yle durumlarda mutlaka profesyonel hizmetlerden yararlan\u0131lmas\u0131 gerekir. Vize i\u015flemlerinizin eksiksiz yap\u0131lmas\u0131 vize s\u00fcrecinin en \u00f6nemli konular\u0131ndan biridir. B\u00f6yle durumlarda ki\u015filer profesyonel vize dan\u0131\u015fmanl\u0131k hizmeti de alabilir.<\/span><\/p>\n<h2><span style=\"font-family: Roboto; font-size: 27px;\"><strong>Letonya Vize Reddi Nedenleri<\/strong><\/span><\/h2>\n<p><span style=\"font-family: Roboto; font-size: 14px;\"><strong>Letonya vize reddi nedenleri<\/strong>\u00a0konusunda bir\u00e7ok farkl\u0131 neden t\u00fcr\u00fcnden bahsetmek m\u00fcmk\u00fcn olabilir. Vize reddine neden olabilecek bir\u00e7ok durum s\u00f6z konusudur. Her \u015feyden \u00f6nemlisi bu i\u015flemler s\u0131ras\u0131nda ki\u015filerin evraklar\u0131n\u0131 g\u00fcncel ve tam olarak haz\u0131rlamas\u0131 gerekiyor. Aksi halde vize s\u00fcreci olduk\u00e7a zorlay\u0131c\u0131 olabilmektedir. Letonya vize reddine neden olan durumlar aras\u0131nda \u015funlar yer al\u0131yor:<\/span><\/p>\n<ul>\n<li><span style=\"font-family: Roboto; font-size: 14px;\"><strong>Letonya vize<\/strong> evraklar\u0131n\u0131n eksik olmas\u0131<\/span><\/li>\n<li><span style=\"font-family: Roboto; font-size: 14px;\">Vize evraklar\u0131n\u0131n g\u00fcncel olmamas\u0131<\/span><\/li>\n<li><span style=\"font-family: Roboto; font-size: 14px;\">Pasaportun eski olmas\u0131<\/span><\/li>\n<li><span style=\"font-family: Roboto; font-size: 14px;\">Pasaport i\u00e7inde bo\u015f sayfa olmamas\u0131<\/span><\/li>\n<li><span style=\"font-family: Roboto; font-size: 14px;\">Kimli\u011fin g\u00fcncel olmamas\u0131<\/span><\/li>\n<li><span style=\"font-family: Roboto; font-size: 14px;\">Har\u00e7lar\u0131n yanl\u0131\u015f yat\u0131r\u0131lmas\u0131<\/span><\/li>\n<li><span style=\"font-family: Roboto; font-size: 14px;\">Belgelerin yanl\u0131\u015f vize t\u00fcr\u00fcne uygun olarak haz\u0131rlanmas\u0131<\/span><\/li>\n<li><span style=\"font-family: Roboto; font-size: 14px;\">Davetiyenizin olmamas\u0131<\/span><\/li>\n<li><span style=\"font-family: Roboto; font-size: 14px;\">Dilek\u00e7enin yanl\u0131\u015f yaz\u0131lmas\u0131<\/span><\/li>\n<li><span style=\"font-family: Roboto; font-size: 14px;\">\u0130ki \u00fclke aras\u0131ndaki siyasi ve diplomatik sorunlar<\/span><\/li>\n<li><span style=\"font-family: Roboto; font-size: 14px;\">Salg\u0131n hastal\u0131k riskleri<\/span><\/li>\n<\/ul>\n<p><span style=\"font-family: Roboto; font-size: 14px;\">Gibi durumlar vize reddine neden olabilecek durumlar aras\u0131nda yer al\u0131yor. B\u00f6yle durumlarda ki\u015filer vizelerini alamazlar. Ancak itiraz dilek\u00e7esi haz\u0131rlayarak vizelerinin reddedilme nedenlerini \u00f6\u011frenmek isteyebilirler. Vizeniz reddedilirse vizeniz i\u00e7in yeniden har\u00e7 bedeli yat\u0131rman\u0131z gerekir.<\/span><\/p>\n<h3><span style=\"font-family: Roboto; font-size: 24px;\"><strong>T\u00fcrlerine G\u00f6re Letonya Vizesi Retleri<\/strong><\/span><\/h3>\n<p><span style=\"font-family: Roboto; font-size: 14px;\"><strong>T\u00fcrlerine g\u00f6re Letonya vizesi retleri<\/strong>\u00a0de en \u00e7ok merak edilen konular aras\u0131nda yer al\u0131r. ki\u015filer hangi vize t\u00fcr\u00fcne ba\u015fvuru yaparsa yaps\u0131n mutlaka belirli noktalara dikkat etmek durumundad\u0131r. Her t\u00fcrden vize i\u015fleminde vize reddi durumu ile kar\u015f\u0131 kar\u015f\u0131ya kalabilece\u011finizi unutmaman\u0131z gerekiyor. Bu nedenle vize s\u00fcrecinde her zaman profesyonel dan\u0131\u015fmanl\u0131k hizmeti almaya \u00f6zen g\u00f6stermelisiniz. Vize i\u015flemleri s\u0131ras\u0131nda t\u00fcrlerine g\u00f6re kar\u015f\u0131la\u015f\u0131labilecek vize retleri aras\u0131nda \u015funlar yer al\u0131yor:<\/span><\/p>\n<ul>\n<li><span style=\"font-family: Roboto; font-size: 14px;\">Turistik vize reddi<\/span><\/li>\n<li><span style=\"font-family: Roboto; font-size: 14px;\">Ticari vize reddi<\/span><\/li>\n<li><span style=\"font-family: Roboto; font-size: 14px;\">\u00c7al\u0131\u015fma vize reddi<\/span><\/li>\n<li><span style=\"font-family: Roboto; font-size: 14px;\">Aile ve arkada\u015f ziyareti vize reddi<\/span><\/li>\n<li><span style=\"font-family: Roboto; font-size: 14px;\">\u015eof\u00f6r vize reddi<\/span><\/li>\n<li><span style=\"font-family: Roboto; font-size: 14px;\">Transit vize reddi<\/span><\/li>\n<li><span style=\"font-family: Roboto; font-size: 14px;\">E\u011fitim vizesi reddi<\/span><\/li>\n<\/ul>\n<p><span style=\"font-family: Roboto; font-size: 14px;\">Gibi bir\u00e7ok farkl\u0131 vize reddi durumu s\u00f6z konusudur. B\u00f6yle durumlarda mutlaka vize reddi konusunda detayl\u0131 bilgi edinmek gerekir. Seyahat \u00f6ncesinde yeniden i\u015flem yapabilmek i\u00e7in zaman kal\u0131rsa ki\u015filerin i\u015flemlerine en az 1 ay \u00f6ncesinden ba\u015flamas\u0131nda \u00f6nemli bir fayda bulunur.<\/span><\/p>\n<h3><span style=\"font-family: Roboto; font-size: 24px;\"><strong>Letonya Turistik Vize Reddi<\/strong><\/span><\/h3>\n<p><span style=\"font-family: Roboto; font-size: 14px;\"><strong>Letonya turistik vize reddi<\/strong>\u00a0ki\u015filerin Letonya\u2019ya turizm ama\u00e7l\u0131 bir ziyaret yapmak istediklerinde kar\u015f\u0131la\u015ft\u0131klar\u0131 yasal s\u00fcre\u00e7lerden birisidir. E\u011fer Letonya turistik vize ba\u015fvurusu yaparsan\u0131z ve herhangi bir nedenden dolay\u0131 bu vize reddedilirse mutlaka vize reddi itiraz dilek\u00e7esi haz\u0131rlaman\u0131z gerekiyor. Dilek\u00e7e i\u00e7erisinde birtak\u0131m bilgilerin oldu\u011fundan emin olman\u0131z gerekiyor. Ayn\u0131 zamanda bu bilgilerin detaylar\u0131na da dikkat etmelisiniz. Vize i\u015flemleriniz s\u0131ras\u0131nda g\u00fcncel evraklar vermelisiniz.<\/span><\/p>\n<p><span style=\"font-family: Roboto; font-size: 14px;\">Turistik vize ba\u015fvurup oradaki akrabalar\u0131 ziyaret etmek istedi\u011finizi belirtti\u011finizde vize reddi alabilirsiniz. B\u00f6yle bir durumda sorun ya\u015fayabilirsiniz. Bu nedenle t\u00fcm i\u015flemlerinizin<strong> Letonya turistik vize<\/strong> i\u015flemlerine tamamen uygun olmas\u0131na dikkat etmeniz gerekiyor. Letonya turistik vize i\u00e7in seyahat sa\u011fl\u0131k sigortan\u0131z, pasaportunuz, ba\u015fvuru formunuz, dilek\u00e7eniz tam olarak haz\u0131rlanmal\u0131d\u0131r. Aksi halde vize i\u015flemlerinizin s\u00fcreci uzayabilir. B\u00f6yle durumlarda seyahat iptali gibi durumlar da ortaya \u00e7\u0131kabilir. Letonya turistik vize i\u015flemleri konusunda gerekiyorsa profesyonel destek almal\u0131s\u0131n\u0131z.<\/span><\/p>\n","protected":false},"excerpt":{"rendered":"<p>Letonya Vize Reddi Hakk\u0131nda Herhangi bir \u00fclke gibi Letonya\u2019ya giri\u015f \u00e7\u0131k\u0131\u015flar i\u00e7in de vize almak zorunludur. Vize almak i\u00e7inse baz\u0131 ba\u015fvuru s\u00fcre\u00e7leri ve evraklar\u0131n teslimi ger\u00e7ekle\u015fmektedir. Baz\u0131 durumlarda ba\u015fvuru sahiplerinin eksik tutars\u0131z veya y\u0131pranm\u0131\u015f evraklarla vize ba\u015fvurusunda bulunmalar\u0131 vize ba\u015fvurular\u0131n\u0131n reddedilmesine neden olabilmektedir. Bu nedenle ba\u015fvuruda istenen evraklara ve do\u011fru \u015fekilde ba\u015fvurmaya \u00f6zen g\u00f6sterilmesi tavsiye<\/p>\n","protected":false},"author":1,"featured_media":0,"parent":18,"menu_order":0,"comment_status":"open","ping_status":"closed","template":"","meta":{"footnotes":""},"class_list":["post-49","page","type-page","status-publish","hentry"],"yoast_head":"<!-- This site is optimized with the Yoast SEO plugin v24.0 - https:\/\/yoast.com\/wordpress\/plugins\/seo\/ -->\n<title>Letonya Vize Reddi Nas\u0131l Onaya \u00c7evrilir? - MyVize<\/title>\n<meta name=\"description\" content=\"Letonya Vize Reddini Onaya \u00c7evirmek \u0130\u00e7in Hemen T\u0131klay\u0131n\u0131z! Letonya Vize Reddi Mi Ald\u0131n\u0131z? Vize Dan\u0131\u015fman\u0131m\u0131za Ula\u015fmak \u0130\u00e7in Hemen Aray\u0131n!\" \/>\n<meta name=\"robots\" content=\"index, follow, max-snippet:-1, max-image-preview:large, max-video-preview:-1\" \/>\n<link rel=\"canonical\" href=\"https:\/\/www.myvize.com.tr\/letonya\/vize-islemleri\/letonya-vize-reddi\/\" \/>\n<meta property=\"og:locale\" content=\"tr_TR\" \/>\n<meta property=\"og:type\" content=\"article\" \/>\n<meta property=\"og:title\" content=\"Letonya Vize Reddi Nas\u0131l Onaya \u00c7evrilir? - MyVize\" \/>\n<meta property=\"og:description\" content=\"Letonya Vize Reddini Onaya \u00c7evirmek \u0130\u00e7in Hemen T\u0131klay\u0131n\u0131z! Letonya Vize Reddi Mi Ald\u0131n\u0131z? Vize Dan\u0131\u015fman\u0131m\u0131za Ula\u015fmak \u0130\u00e7in Hemen Aray\u0131n!\" \/>\n<meta property=\"og:url\" content=\"https:\/\/www.myvize.com.tr\/letonya\/vize-islemleri\/letonya-vize-reddi\/\" \/>\n<meta property=\"og:site_name\" content=\"Letonya Vizesi\" \/>\n<meta property=\"article:modified_time\" content=\"2022-08-02T10:36:15+00:00\" \/>\n<meta property=\"og:image\" content=\"https:\/\/www.myvize.com.tr\/letonya\/wp-content\/uploads\/2021\/10\/52.jpg\" \/>\n<meta name=\"twitter:card\" content=\"summary_large_image\" \/>\n<meta name=\"twitter:label1\" content=\"Tahmini okuma s\u00fcresi\" \/>\n\t<meta name=\"twitter:data1\" content=\"4 dakika\" \/>\n<script type=\"application\/ld+json\" class=\"yoast-schema-graph\">{\"@context\":\"https:\/\/schema.org\",\"@graph\":[{\"@type\":\"WebPage\",\"@id\":\"https:\/\/www.myvize.com.tr\/letonya\/vize-islemleri\/letonya-vize-reddi\/\",\"url\":\"https:\/\/www.myvize.com.tr\/letonya\/vize-islemleri\/letonya-vize-reddi\/\",\"name\":\"Letonya Vize Reddi Nas\u0131l Onaya \u00c7evrilir? - MyVize\",\"isPartOf\":{\"@id\":\"https:\/\/www.myvize.com.tr\/letonya\/#website\"},\"primaryImageOfPage\":{\"@id\":\"https:\/\/www.myvize.com.tr\/letonya\/vize-islemleri\/letonya-vize-reddi\/#primaryimage\"},\"image\":{\"@id\":\"https:\/\/www.myvize.com.tr\/letonya\/vize-islemleri\/letonya-vize-reddi\/#primaryimage\"},\"thumbnailUrl\":\"https:\/\/www.myvize.com.tr\/letonya\/wp-content\/uploads\/2021\/10\/52.jpg\",\"datePublished\":\"2020-11-30T09:48:56+00:00\",\"dateModified\":\"2022-08-02T10:36:15+00:00\",\"description\":\"Letonya Vize Reddini Onaya \u00c7evirmek \u0130\u00e7in Hemen T\u0131klay\u0131n\u0131z! Letonya Vize Reddi Mi Ald\u0131n\u0131z? Vize Dan\u0131\u015fman\u0131m\u0131za Ula\u015fmak \u0130\u00e7in Hemen Aray\u0131n!\",\"breadcrumb\":{\"@id\":\"https:\/\/www.myvize.com.tr\/letonya\/vize-islemleri\/letonya-vize-reddi\/#breadcrumb\"},\"inLanguage\":\"tr\",\"potentialAction\":[{\"@type\":\"ReadAction\",\"target\":[\"https:\/\/www.myvize.com.tr\/letonya\/vize-islemleri\/letonya-vize-reddi\/\"]}]},{\"@type\":\"ImageObject\",\"inLanguage\":\"tr\",\"@id\":\"https:\/\/www.myvize.com.tr\/letonya\/vize-islemleri\/letonya-vize-reddi\/#primaryimage\",\"url\":\"https:\/\/www.myvize.com.tr\/letonya\/wp-content\/uploads\/2021\/10\/52.jpg\",\"contentUrl\":\"https:\/\/www.myvize.com.tr\/letonya\/wp-content\/uploads\/2021\/10\/52.jpg\",\"width\":800,\"height\":500,\"caption\":\"Letonya Vize Reddi\"},{\"@type\":\"BreadcrumbList\",\"@id\":\"https:\/\/www.myvize.com.tr\/letonya\/vize-islemleri\/letonya-vize-reddi\/#breadcrumb\",\"itemListElement\":[{\"@type\":\"ListItem\",\"position\":1,\"name\":\"Anasayfa\",\"item\":\"https:\/\/www.myvize.com.tr\/letonya\/\"},{\"@type\":\"ListItem\",\"position\":2,\"name\":\"V\u0130ZE \u0130\u015eLEMLER\u0130\",\"item\":\"https:\/\/www.myvize.com.tr\/letonya\/vize-islemleri\/\"},{\"@type\":\"ListItem\",\"position\":3,\"name\":\"Letonya Vize Reddi\"}]},{\"@type\":\"WebSite\",\"@id\":\"https:\/\/www.myvize.com.tr\/letonya\/#website\",\"url\":\"https:\/\/www.myvize.com.tr\/letonya\/\",\"name\":\"Letonya Vizesi\",\"description\":\"\",\"potentialAction\":[{\"@type\":\"SearchAction\",\"target\":{\"@type\":\"EntryPoint\",\"urlTemplate\":\"https:\/\/www.myvize.com.tr\/letonya\/?s={search_term_string}\"},\"query-input\":{\"@type\":\"PropertyValueSpecification\",\"valueRequired\":true,\"valueName\":\"search_term_string\"}}],\"inLanguage\":\"tr\"}]}<\/script>\n<!-- \/ Yoast SEO plugin. -->","yoast_head_json":{"title":"Letonya Vize Reddi Nas\u0131l Onaya \u00c7evrilir? - MyVize","description":"Letonya Vize Reddini Onaya \u00c7evirmek \u0130\u00e7in Hemen T\u0131klay\u0131n\u0131z! Letonya Vize Reddi Mi Ald\u0131n\u0131z? Vize Dan\u0131\u015fman\u0131m\u0131za Ula\u015fmak \u0130\u00e7in Hemen Aray\u0131n!","robots":{"index":"index","follow":"follow","max-snippet":"max-snippet:-1","max-image-preview":"max-image-preview:large","max-video-preview":"max-video-preview:-1"},"canonical":"https:\/\/www.myvize.com.tr\/letonya\/vize-islemleri\/letonya-vize-reddi\/","og_locale":"tr_TR","og_type":"article","og_title":"Letonya Vize Reddi Nas\u0131l Onaya \u00c7evrilir? - MyVize","og_description":"Letonya Vize Reddini Onaya \u00c7evirmek \u0130\u00e7in Hemen T\u0131klay\u0131n\u0131z! Letonya Vize Reddi Mi Ald\u0131n\u0131z? Vize Dan\u0131\u015fman\u0131m\u0131za Ula\u015fmak \u0130\u00e7in Hemen Aray\u0131n!","og_url":"https:\/\/www.myvize.com.tr\/letonya\/vize-islemleri\/letonya-vize-reddi\/","og_site_name":"Letonya Vizesi","article_modified_time":"2022-08-02T10:36:15+00:00","og_image":[{"url":"https:\/\/www.myvize.com.tr\/letonya\/wp-content\/uploads\/2021\/10\/52.jpg","type":"","width":"","height":""}],"twitter_card":"summary_large_image","twitter_misc":{"Tahmini okuma s\u00fcresi":"4 dakika"},"schema":{"@context":"https:\/\/schema.org","@graph":[{"@type":"WebPage","@id":"https:\/\/www.myvize.com.tr\/letonya\/vize-islemleri\/letonya-vize-reddi\/","url":"https:\/\/www.myvize.com.tr\/letonya\/vize-islemleri\/letonya-vize-reddi\/","name":"Letonya Vize Reddi Nas\u0131l Onaya \u00c7evrilir? - MyVize","isPartOf":{"@id":"https:\/\/www.myvize.com.tr\/letonya\/#website"},"primaryImageOfPage":{"@id":"https:\/\/www.myvize.com.tr\/letonya\/vize-islemleri\/letonya-vize-reddi\/#primaryimage"},"image":{"@id":"https:\/\/www.myvize.com.tr\/letonya\/vize-islemleri\/letonya-vize-reddi\/#primaryimage"},"thumbnailUrl":"https:\/\/www.myvize.com.tr\/letonya\/wp-content\/uploads\/2021\/10\/52.jpg","datePublished":"2020-11-30T09:48:56+00:00","dateModified":"2022-08-02T10:36:15+00:00","description":"Letonya Vize Reddini Onaya \u00c7evirmek \u0130\u00e7in Hemen T\u0131klay\u0131n\u0131z! Letonya Vize Reddi Mi Ald\u0131n\u0131z? Vize Dan\u0131\u015fman\u0131m\u0131za Ula\u015fmak \u0130\u00e7in Hemen Aray\u0131n!","breadcrumb":{"@id":"https:\/\/www.myvize.com.tr\/letonya\/vize-islemleri\/letonya-vize-reddi\/#breadcrumb"},"inLanguage":"tr","potentialAction":[{"@type":"ReadAction","target":["https:\/\/www.myvize.com.tr\/letonya\/vize-islemleri\/letonya-vize-reddi\/"]}]},{"@type":"ImageObject","inLanguage":"tr","@id":"https:\/\/www.myvize.com.tr\/letonya\/vize-islemleri\/letonya-vize-reddi\/#primaryimage","url":"https:\/\/www.myvize.com.tr\/letonya\/wp-content\/uploads\/2021\/10\/52.jpg","contentUrl":"https:\/\/www.myvize.com.tr\/letonya\/wp-content\/uploads\/2021\/10\/52.jpg","width":800,"height":500,"caption":"Letonya Vize Reddi"},{"@type":"BreadcrumbList","@id":"https:\/\/www.myvize.com.tr\/letonya\/vize-islemleri\/letonya-vize-reddi\/#breadcrumb","itemListElement":[{"@type":"ListItem","position":1,"name":"Anasayfa","item":"https:\/\/www.myvize.com.tr\/letonya\/"},{"@type":"ListItem","position":2,"name":"V\u0130ZE \u0130\u015eLEMLER\u0130","item":"https:\/\/www.myvize.com.tr\/letonya\/vize-islemleri\/"},{"@type":"ListItem","position":3,"name":"Letonya Vize Reddi"}]},{"@type":"WebSite","@id":"https:\/\/www.myvize.com.tr\/letonya\/#website","url":"https:\/\/www.myvize.com.tr\/letonya\/","name":"Letonya Vizesi","description":"","potentialAction":[{"@type":"SearchAction","target":{"@type":"EntryPoint","urlTemplate":"https:\/\/www.myvize.com.tr\/letonya\/?s={search_term_string}"},"query-input":{"@type":"PropertyValueSpecification","valueRequired":true,"valueName":"search_term_string"}}],"inLanguage":"tr"}]}},"_links":{"self":[{"href":"https:\/\/www.myvize.com.tr\/letonya\/wp-json\/wp\/v2\/pages\/49","targetHints":{"allow":["GET"]}}],"collection":[{"href":"https:\/\/www.myvize.com.tr\/letonya\/wp-json\/wp\/v2\/pages"}],"about":[{"href":"https:\/\/www.myvize.com.tr\/letonya\/wp-json\/wp\/v2\/types\/page"}],"author":[{"embeddable":true,"href":"https:\/\/www.myvize.com.tr\/letonya\/wp-json\/wp\/v2\/users\/1"}],"replies":[{"embeddable":true,"href":"https:\/\/www.myvize.com.tr\/letonya\/wp-json\/wp\/v2\/comments?post=49"}],"version-history":[{"count":8,"href":"https:\/\/www.myvize.com.tr\/letonya\/wp-json\/wp\/v2\/pages\/49\/revisions"}],"predecessor-version":[{"id":597,"href":"https:\/\/www.myvize.com.tr\/letonya\/wp-json\/wp\/v2\/pages\/49\/revisions\/597"}],"up":[{"embeddable":true,"href":"https:\/\/www.myvize.com.tr\/letonya\/wp-json\/wp\/v2\/pages\/18"}],"wp:attachment":[{"href":"https:\/\/www.myvize.com.tr\/letonya\/wp-json\/wp\/v2\/media?parent=49"}],"curies":[{"name":"wp","href":"https:\/\/api.w.org\/{rel}","templated":true}]}}