{"id":51,"date":"2020-11-30T12:49:31","date_gmt":"2020-11-30T09:49:31","guid":{"rendered":"https:\/\/www.myvize.com.tr\/letonya\/?page_id=51"},"modified":"2022-06-04T12:43:32","modified_gmt":"2022-06-04T09:43:32","slug":"letonya-vatandaslik-islemleri","status":"publish","type":"page","link":"https:\/\/www.myvize.com.tr\/letonya\/vize-islemleri\/letonya-vatandaslik-islemleri\/","title":{"rendered":"Letonya Vatanda\u015fl\u0131k \u0130\u015flemleri"},"content":{"rendered":"<h2><span style=\"font-family: Roboto; font-size: 27px;\"><b>Letonya Vatanda\u015fl\u0131k \u0130\u015flemleri Hakk\u0131nda<\/b><\/span><\/h2>\n<p><span style=\"font-family: Roboto; font-size: 14px;\">Letonya\u2019da kal\u0131c\u0131 ve ge\u00e7ici oturum izinleri vard\u0131r. <strong>Letonya s\u00fcresiz oturum iznine<\/strong> sahip olman\u0131z i\u00e7in <strong>Letonya oturum izni<\/strong> \u015fartlar\u0131ndan birini ger\u00e7ekle\u015ftirmeniz gerekmektedir. Bu \u015fekilde ge\u00e7ici oturma iznine sahip olduktan 5 y\u0131l sonra s\u00fcresiz oturum izni ba\u015fvurusunda bulunma hakk\u0131na sahip olursunuz.<\/span><\/p>\n<p><span style=\"font-family: Roboto; font-size: 14px;\"><strong>S\u00fcresiz oturum izni<\/strong> i\u00e7in ise 5 y\u0131ll\u0131k ge\u00e7ici oturum s\u00fcreci i\u00e7inde en \u00e7ok 1 seneyi yurtd\u0131\u015f\u0131nda ge\u00e7irebilirsiniz ve A2 seviyesinde Letonca dil bilgisine sahip olman\u0131z gerekmektedir. Dil bilgisi kamu s\u0131nav\u0131 ile tespit edilmektedir. <strong>S\u00fcresiz oturum izni<\/strong> yenilemesi 5 y\u0131lda bir defa olurken,<strong> ge\u00e7ici oturum izni<\/strong> i\u00e7in her y\u0131l yenileme i\u015flemi yap\u0131lmaktad\u0131r.<\/span><\/p>\n<p><span style=\"font-family: Roboto; font-size: 14px;\"><strong>Letonya vatanda\u015fl\u0131k i\u015flemleri<\/strong> a\u015fa\u011f\u0131daki k\u0131staslara g\u00f6re ger\u00e7ekle\u015fmektedir.<\/span><\/p>\n<ul>\n<li><span style=\"font-family: Roboto; font-size: 14px;\">15 ya\u015f\u0131n\u0131 doldurmu\u015f olmak.<\/span><\/li>\n<li><span style=\"font-family: Roboto; font-size: 14px;\">Letonya s\u00fcresiz oturum iznine en az 5 y\u0131l boyunca sahip olmak.<\/span><\/li>\n<li><span style=\"font-family: Roboto; font-size: 14px;\">Letonya oturum iznine sahip olunan s\u00fcre boyunca Letonya s\u0131n\u0131rlar\u0131 i\u00e7inde daimi olarak ikamet etmek.\u00a0<\/span><\/li>\n<li><span style=\"font-family: Roboto; font-size: 14px;\">5 y\u0131ll\u0131k s\u00fcresiz oturum izni s\u00fcresince en \u00e7ok 1 y\u0131l\u0131 yurtd\u0131\u015f\u0131nda ge\u00e7irmi\u015f olmak,<\/span><\/li>\n<li><span style=\"font-family: Roboto; font-size: 14px;\">Letonca dilini ak\u0131c\u0131 olarak konu\u015fabilmek, Letonya milli mar\u015f\u0131, anayasas\u0131, tarih ve k\u00fclt\u00fcrel ilkelerini bilmek. Bu bilgiler yeterlilik s\u0131nav\u0131 ile tespit edilmektedir.<\/span><\/li>\n<li><span style=\"font-family: Roboto; font-size: 14px;\">Yasal olarak ispatlanabilir gelir kayna\u011f\u0131n\u0131 sunabilmek.<\/span><\/li>\n<\/ul>\n<p><span style=\"font-family: Roboto; font-size: 14px;\"><span style=\"color: #2acec2;\"><strong><a style=\"color: #2acec2;\" href=\"https:\/\/www.myvize.com.tr\/letonya\/vize-islemleri\/\" target=\"_blank\" rel=\"noopener\">Letonya Vize \u0130\u015flemleri<\/a><\/strong><\/span> ile ilgili bilgi almak i\u00e7in bizi aray\u0131n.<\/span><\/p>\n<p><img decoding=\"async\" src=\"https:\/\/www.myvize.com.tr\/letonya\/wp-content\/uploads\/2021\/10\/49.jpg\" \/><\/p>\n<h2><strong><span style=\"font-family: Roboto; font-size: 27px;\">Letonya Vatanda\u015fl\u0131k \u0130\u015flemleri \u0130le \u0130lgili<\/span><\/strong><\/h2>\n<p><span style=\"font-family: Roboto; font-size: 14px;\">Kal\u0131c\u0131 veya ge\u00e7ici olarak alabilece\u011finiz\u00a0<strong>Letonya Vatanda\u015fl\u0131k \u0130\u015flemleri<\/strong>\u00a0hakk\u0131nda detayl\u0131 bilgileri veriyoruz. Hangi \u015fartlara sahip olman\u0131z halinde ba\u015fvuru yapabilece\u011finizi net bir \u015fekilde \u00f6\u011frenebileceksiniz. Ge\u00e7ici <strong>oturum izni<\/strong> alarak \u00fclkede 5 y\u0131l\u0131 tamamlayan ki\u015filerin kal\u0131c\u0131 izinler i\u00e7in ba\u015fvuru yapmalar\u0131 m\u00fcmk\u00fcn olacakt\u0131r. Bu s\u00fcre i\u00e7erisinde en fazla 1 y\u0131ll\u0131k yurt d\u0131\u015f\u0131 seyahat etme hakk\u0131n\u0131z bulunacakt\u0131r. Ki\u015filerin <strong>Letonca<\/strong> diline hakim olmalar\u0131 da istenen \u015fartlar aras\u0131nda yer almaktad\u0131r. Yap\u0131lacak s\u0131navlar\u0131n neticesinde ba\u015far\u0131 elde eden ki\u015filerin gerekli evraklar\u0131 haz\u0131rlamalar\u0131 yerinde bir ad\u0131m olacakt\u0131r. 15 ya\u015f\u0131n\u0131 dolduran, 5 y\u0131l boyunca \u00fclkede kalan, <strong>Letonca<\/strong> dilini ak\u0131c\u0131 bir \u015fekilde konu\u015fan ve yeterlilik s\u0131nav\u0131 ile ispat eden ki\u015filerin <strong>vatanda\u015fl\u0131k<\/strong> hakk\u0131n\u0131 elde etmeleri m\u00fcmk\u00fcn olacakt\u0131r. Ayr\u0131ca gelir kaynaklar\u0131n\u0131n yasal prosed\u00fcrler \u00e7er\u00e7evesinde elde edilmi\u015f olmas\u0131 \u015fart\u0131 bulunmaktad\u0131r. Bu hususlarda bilgi alabilmek ve daha detayl\u0131 \u015fekilde ad\u0131m atabilmek i\u00e7in ofislerimizi arayabilirsiniz. <strong>Vatanda\u015fl\u0131k<\/strong> hakk\u0131n\u0131 hangi \u015fartlarda elde edebilece\u011finizin yan\u0131t\u0131n\u0131 alm\u0131\u015f olacaks\u0131n\u0131z. \u00dclkenin milli kar\u015f\u0131na, anayasas\u0131na ve tarihine y\u00f6nelik bilgi birikiminizin olmas\u0131 halinde i\u015finizin \u00e7ok daha kolay olaca\u011f\u0131n\u0131 belirtiyoruz.<\/span><\/p>\n<p><span style=\"font-family: Roboto; font-size: 14px;\"><span style=\"color: #2acec2;\"><strong><a style=\"color: #2acec2;\" href=\"https:\/\/www.myvize.com.tr\/letonya\/vize-islemleri\/turkiyede-oturum-ve-calisma-izni\/\" target=\"_blank\" rel=\"noopener\">Letonya T\u00fcrkiye&#8217;de Oturum Ve \u00c7al\u0131\u015fma \u0130zni<\/a><\/strong><\/span> ile ilgili bilgi almak i\u00e7in bizi aray\u0131n\u0131z.<\/span><\/p>\n<h2><strong><span style=\"font-family: Roboto; font-size: 27px;\">Letonya Vatanda\u015fl\u0131\u011f\u0131 Alma<\/span><\/strong><\/h2>\n<p><span style=\"font-family: Roboto; font-size: 14px;\">Parlamenter sistem ile y\u00f6netilen ve ba\u015fkenti Riga olan Letonya Cumhuriyeti, bir\u00e7ok insan\u0131n vatanda\u015fl\u0131k almak istedi\u011fi \u00fclkelerden biri. Bu noktada,\u00a0<strong>Letonya vatanda\u015fl\u0131\u011f\u0131 alma<\/strong>\u00a0i\u015flemleri merak konusu. Letonya, Avrupa\u2019n\u0131n kuzey b\u00f6l\u00fcm\u00fcnde konumlanm\u0131\u015ft\u0131r. \u0130sve\u00e7 ile deniz s\u0131n\u0131r\u0131 bulunmaktad\u0131r. Litvanya, Estonya, Belarus, Rusya gibi \u00fclkelerin s\u0131n\u0131rlar\u0131 aras\u0131nda kal\u0131r. Bu \u00fclkelerle kom\u015fu oldu\u011funu s\u00f6yleyebiliriz. Letonya\u2019dan vatanda\u015fl\u0131k almak isteyenlerin ilk etapta be\u015f sene kadar s\u00fcresiz oturum izniyle bu \u00fclkede kalm\u0131\u015f olmalar\u0131 gerekmektedir. Bu s\u00fcrede yurt d\u0131\u015f\u0131na \u00e7\u0131kma s\u00fcresi on iki ay \u015feklinde belirlenmi\u015ftir. Bu \u00fclkenin vatanda\u015fl\u0131\u011f\u0131n\u0131 alabilmek i\u00e7in en \u00f6nemli ko\u015fullardan biri de 15 ya\u015f\u0131n\u0131 doldurmu\u015f olmakt\u0131r. Be\u015f y\u0131l kalma hususunu yerine getirenler, vatanda\u015fl\u0131k almak i\u00e7in \u00e7e\u015fitli testlere tabi olurlar. \u00d6ncelikle Letonca dilinin ne kadar bilindi\u011fi, \u00fclkenin k\u00fclt\u00fcr\u00fc ve siyasal yap\u0131s\u0131 hakk\u0131nda ne kadar bilgili olundu\u011fu gibi konular\u0131n yer ald\u0131\u011f\u0131 bir testten ge\u00e7ersiniz.<\/span><\/p>\n<h2><strong><span style=\"font-family: Roboto; font-size: 27px;\">Letonya Vatanda\u015fl\u0131\u011f\u0131 Nas\u0131l Al\u0131n\u0131r?<\/span><\/strong><\/h2>\n<p><span style=\"font-family: Roboto; font-size: 14px;\">Letonya \u00fclkesinin vatanda\u015fl\u0131\u011f\u0131n\u0131 almak isteyenler\u00a0<strong>Letonya vatanda\u015fl\u0131\u011f\u0131 nas\u0131l al\u0131n\u0131r<\/strong>\u00a0sorusunun cevab\u0131n\u0131 merak ediyor. 15 ya\u015f\u0131n\u0131 dolduran ve en az be\u015f sene bu \u00fclkede ikamet eden bireyler Letonya vatanda\u015fl\u0131\u011f\u0131 i\u00e7in ba\u015fvuru ger\u00e7ekle\u015ftirebiliyorlar. Ayn\u0131 zamanda bu \u00fclke \u00e7ift vatanda\u015fl\u0131k olana\u011f\u0131 da sunuyor. Bundan dolay\u0131 T.C vatanda\u015fl\u0131\u011f\u0131ndan \u00e7\u0131kmadan Letonya \u00fclkesinin vatanda\u015f\u0131 olabilmeniz m\u00fcmk\u00fcn hale geliyor. Bu sayede hem \u00fclkemizin hem de Letonya\u2019n\u0131n vatanda\u015f\u0131 oluyorsunuz. Letonya i\u00e7in vatanda\u015fl\u0131k ba\u015fvurusu yapt\u0131\u011f\u0131n\u0131z zaman \u00e7al\u0131\u015ft\u0131\u011f\u0131n\u0131z i\u015fe, maddi gelirinize ve ayl\u0131k kazanc\u0131n\u0131za da dikkat edilecektir. Ayr\u0131ca Letonya vatanda\u015fl\u0131\u011f\u0131 konusunda en \u00f6nemli detaylardan biri de son be\u015f sene i\u00e7inde hi\u00e7bir su\u00e7a kar\u0131\u015fmam\u0131\u015f olman\u0131z gerekti\u011fidir. Bu y\u00fczden ba\u015fvuru esnas\u0131nda sicil kayd\u0131 da talep edilmektedir. Letonya\u2019da herhangi bir su\u00e7 i\u015flediyseniz ve sab\u0131kan\u0131z olumsuz ise ma\u011fdur taraf olsan\u0131z dahi su\u00e7a g\u00f6re size vatanda\u015fl\u0131k hakk\u0131 tan\u0131mayabilirler. Bu konu da ba\u015fvuru s\u0131ras\u0131nda \u00e7ok \u00f6nemlidir.<\/span><\/p>\n<h2><strong><span style=\"font-family: Roboto; font-size: 27px;\">Letonya Vatanda\u015fl\u0131k Ba\u015fvurusu<\/span><\/strong><\/h2>\n<p><span style=\"font-family: Roboto; font-size: 14px;\"><strong>Letonya vatanda\u015fl\u0131\u011f\u0131n\u0131 almak<\/strong> isteyen bireylerin Letonya temsilciliklerine ba\u015fvuru ger\u00e7ekle\u015ftirmeleri gerekmektedir.\u00a0<strong>Letonya vatanda\u015fl\u0131k ba\u015fvurusu<\/strong>\u00a0i\u00e7in talep edilen belgeleri de ba\u015fvuru esnas\u0131nda temsilcili\u011fe vermeleri \u015fartt\u0131r. \u00d6ncelikle Letonya vatanda\u015fl\u0131\u011f\u0131 i\u00e7in baz\u0131 \u015fartlar\u0131n yerine getirilmesi gerekmektedir. Bu \u015fartlardan en \u00f6nemlisi 15 ya\u015f\u0131n\u0131 doldurmu\u015f olma durumudur. Bu \u00fclkede en az be\u015f sene oturum izni ile ikamet edenler vatanda\u015fl\u0131k i\u00e7in ba\u015fvuruda bulunabilirler. Bu be\u015f senelik s\u00fcre i\u00e7inde en \u00e7ok bir sene ba\u015fka bir \u00fclkede zaman ge\u00e7irmi\u015f olman\u0131z gerekir. Letonya\u2019n\u0131n vatanda\u015fl\u0131\u011f\u0131n\u0131 alabilmek i\u00e7in Letoncay\u0131 da iyi bir \u015fekilde biliyor olman\u0131z istenir. Ayn\u0131 zamanda Letonya k\u00fclt\u00fcr\u00fc, gelenekleri ve siyasi yap\u0131s\u0131 hakk\u0131nda da yeterince bilgili olman\u0131z \u015fartt\u0131r. Buna ek olarak milli mar\u015f\u0131 da ezbere bilmeniz talep edilir. Bu \u00fclkeden vatanda\u015fl\u0131k alabilmek i\u00e7in yasal bir geliriniz olmal\u0131. \u00c7ifte vatanda\u015fl\u0131k almak istedi\u011finizde kendi \u00fclkenizin de buna izin veriyor olmas\u0131 gerekir. T\u00fcrkiye \u00e7ifte vatanda\u015fl\u0131\u011fa izin verdi\u011fi i\u00e7in bu konuda herhangi bir problem olu\u015fmaz.<\/span><\/p>\n<h3><strong><span style=\"font-family: Roboto; font-size: 24px;\">Letonya Vatanda\u015fl\u0131k Randevusu<\/span><\/strong><\/h3>\n<p><span style=\"font-family: Roboto; font-size: 14px;\">Letonya Cumhuriyeti i\u00e7in vatanda\u015fl\u0131k almak istiyorsan\u0131z; ba\u015fvurunuzu\u00a0<strong>Letonya vatanda\u015fl\u0131k randevusu<\/strong>\u00a0ile ger\u00e7ekle\u015ftirebilirsiniz. Letonya temsilcili\u011finden al\u0131nan randevu ile vatanda\u015fl\u0131k ba\u015fvurunuza ba\u015flayabilirsiniz. Yabanc\u0131lar yasas\u0131na g\u00f6re bu \u00fclkenin vatanda\u015fl\u0131\u011f\u0131n\u0131 almak istedi\u011finizde bir\u00e7ok d\u00fczenleme ile kar\u015f\u0131la\u015f\u0131rs\u0131n\u0131z. Bunlardan en \u00f6nemlisi ya\u015f \u015fart\u0131 ve oturma izni olmaktad\u0131r. Ayr\u0131ca geli\u015f nedeni ve oturum izni stat\u00fcs\u00fc gibi fakt\u00f6rler de ba\u015fvuru esnas\u0131nda de\u011ferlendirilir. Bu vatanda\u015fl\u0131\u011fa ge\u00e7mek bireyin kendi karar\u0131d\u0131r.<strong> Letonya vatanda\u015f\u0131<\/strong> oldu\u011funuzda \u00fclkede se\u00e7me ve se\u00e7ilme hakk\u0131, memuriyet yapabilme gibi \u00e7e\u015fitli haklar\u0131 da edinmi\u015f olursunuz. Letonya\u2019da ya\u015fayan, toplumsal ve hukuki kurallar\u0131 benimseyen, kendine burada bir d\u00fcnya kuran herkes i\u00e7in bu \u00fclke \u00e7e\u015fitli f\u0131rsatlar sa\u011flamaktad\u0131r. Bunlardan biri de vatanda\u015fl\u0131kt\u0131r. Siz de e\u011fer en az be\u015f senedir bu \u00fclkede yasal olarak ya\u015f\u0131yorsan\u0131z ve 15 ya\u015f\u0131n\u0131 doldurduysan\u0131z; vatanda\u015fl\u0131k i\u00e7in ba\u015fvuruda bulunabilirsiniz. \u00d6ncesinde temsilciliklerden randevu alman\u0131z gerekti\u011fini hat\u0131rlat\u0131r\u0131z.<\/span><\/p>\n","protected":false},"excerpt":{"rendered":"<p>Letonya Vatanda\u015fl\u0131k \u0130\u015flemleri Hakk\u0131nda Letonya\u2019da kal\u0131c\u0131 ve ge\u00e7ici oturum izinleri vard\u0131r. Letonya s\u00fcresiz oturum iznine sahip olman\u0131z i\u00e7in Letonya oturum izni \u015fartlar\u0131ndan birini ger\u00e7ekle\u015ftirmeniz gerekmektedir. Bu \u015fekilde ge\u00e7ici oturma iznine sahip olduktan 5 y\u0131l sonra s\u00fcresiz oturum izni ba\u015fvurusunda bulunma hakk\u0131na sahip olursunuz. S\u00fcresiz oturum izni i\u00e7in ise 5 y\u0131ll\u0131k ge\u00e7ici oturum s\u00fcreci i\u00e7inde en<\/p>\n","protected":false},"author":1,"featured_media":0,"parent":18,"menu_order":0,"comment_status":"open","ping_status":"closed","template":"","meta":{"footnotes":""},"class_list":["post-51","page","type-page","status-publish","hentry"],"yoast_head":"<!-- This site is optimized with the Yoast SEO plugin v24.0 - https:\/\/yoast.com\/wordpress\/plugins\/seo\/ -->\n<title>Letonya Vatanda\u015fl\u0131k \u0130\u015flemleri Nas\u0131l Yap\u0131l\u0131r? - MyVize<\/title>\n<meta name=\"description\" content=\"Letonya Vatanda\u015fl\u0131k almak i\u00e7in gerekli t\u00fcm evraklar listesi hemen t\u0131kla! Letonya Vatanda\u015fl\u0131k Ba\u015fvurusu \u0130\u00e7in Ara: 0850 346 84 93\" \/>\n<meta name=\"robots\" content=\"index, follow, max-snippet:-1, max-image-preview:large, max-video-preview:-1\" \/>\n<link rel=\"canonical\" href=\"https:\/\/www.myvize.com.tr\/letonya\/vize-islemleri\/letonya-vatandaslik-islemleri\/\" \/>\n<meta property=\"og:locale\" content=\"tr_TR\" \/>\n<meta property=\"og:type\" content=\"article\" \/>\n<meta property=\"og:title\" content=\"Letonya Vatanda\u015fl\u0131k \u0130\u015flemleri Nas\u0131l Yap\u0131l\u0131r? - MyVize\" \/>\n<meta property=\"og:description\" content=\"Letonya Vatanda\u015fl\u0131k almak i\u00e7in gerekli t\u00fcm evraklar listesi hemen t\u0131kla! Letonya Vatanda\u015fl\u0131k Ba\u015fvurusu \u0130\u00e7in Ara: 0850 346 84 93\" \/>\n<meta property=\"og:url\" content=\"https:\/\/www.myvize.com.tr\/letonya\/vize-islemleri\/letonya-vatandaslik-islemleri\/\" \/>\n<meta property=\"og:site_name\" content=\"Letonya Vizesi\" \/>\n<meta property=\"article:modified_time\" content=\"2022-06-04T09:43:32+00:00\" \/>\n<meta property=\"og:image\" content=\"https:\/\/www.myvize.com.tr\/letonya\/wp-content\/uploads\/2021\/10\/49.jpg\" \/>\n<meta name=\"twitter:card\" content=\"summary_large_image\" \/>\n<meta name=\"twitter:label1\" content=\"Tahmini okuma s\u00fcresi\" \/>\n\t<meta name=\"twitter:data1\" content=\"5 dakika\" \/>\n<script type=\"application\/ld+json\" class=\"yoast-schema-graph\">{\"@context\":\"https:\/\/schema.org\",\"@graph\":[{\"@type\":\"WebPage\",\"@id\":\"https:\/\/www.myvize.com.tr\/letonya\/vize-islemleri\/letonya-vatandaslik-islemleri\/\",\"url\":\"https:\/\/www.myvize.com.tr\/letonya\/vize-islemleri\/letonya-vatandaslik-islemleri\/\",\"name\":\"Letonya Vatanda\u015fl\u0131k \u0130\u015flemleri Nas\u0131l Yap\u0131l\u0131r? - MyVize\",\"isPartOf\":{\"@id\":\"https:\/\/www.myvize.com.tr\/letonya\/#website\"},\"primaryImageOfPage\":{\"@id\":\"https:\/\/www.myvize.com.tr\/letonya\/vize-islemleri\/letonya-vatandaslik-islemleri\/#primaryimage\"},\"image\":{\"@id\":\"https:\/\/www.myvize.com.tr\/letonya\/vize-islemleri\/letonya-vatandaslik-islemleri\/#primaryimage\"},\"thumbnailUrl\":\"https:\/\/www.myvize.com.tr\/letonya\/wp-content\/uploads\/2021\/10\/49.jpg\",\"datePublished\":\"2020-11-30T09:49:31+00:00\",\"dateModified\":\"2022-06-04T09:43:32+00:00\",\"description\":\"Letonya Vatanda\u015fl\u0131k almak i\u00e7in gerekli t\u00fcm evraklar listesi hemen t\u0131kla! Letonya Vatanda\u015fl\u0131k Ba\u015fvurusu \u0130\u00e7in Ara: 0850 346 84 93\",\"breadcrumb\":{\"@id\":\"https:\/\/www.myvize.com.tr\/letonya\/vize-islemleri\/letonya-vatandaslik-islemleri\/#breadcrumb\"},\"inLanguage\":\"tr\",\"potentialAction\":[{\"@type\":\"ReadAction\",\"target\":[\"https:\/\/www.myvize.com.tr\/letonya\/vize-islemleri\/letonya-vatandaslik-islemleri\/\"]}]},{\"@type\":\"ImageObject\",\"inLanguage\":\"tr\",\"@id\":\"https:\/\/www.myvize.com.tr\/letonya\/vize-islemleri\/letonya-vatandaslik-islemleri\/#primaryimage\",\"url\":\"https:\/\/www.myvize.com.tr\/letonya\/wp-content\/uploads\/2021\/10\/49.jpg\",\"contentUrl\":\"https:\/\/www.myvize.com.tr\/letonya\/wp-content\/uploads\/2021\/10\/49.jpg\",\"width\":800,\"height\":500,\"caption\":\"Letonya Vatanda\u015fl\u0131k \u0130\u015flemleri\"},{\"@type\":\"BreadcrumbList\",\"@id\":\"https:\/\/www.myvize.com.tr\/letonya\/vize-islemleri\/letonya-vatandaslik-islemleri\/#breadcrumb\",\"itemListElement\":[{\"@type\":\"ListItem\",\"position\":1,\"name\":\"Anasayfa\",\"item\":\"https:\/\/www.myvize.com.tr\/letonya\/\"},{\"@type\":\"ListItem\",\"position\":2,\"name\":\"V\u0130ZE \u0130\u015eLEMLER\u0130\",\"item\":\"https:\/\/www.myvize.com.tr\/letonya\/vize-islemleri\/\"},{\"@type\":\"ListItem\",\"position\":3,\"name\":\"Letonya Vatanda\u015fl\u0131k \u0130\u015flemleri\"}]},{\"@type\":\"WebSite\",\"@id\":\"https:\/\/www.myvize.com.tr\/letonya\/#website\",\"url\":\"https:\/\/www.myvize.com.tr\/letonya\/\",\"name\":\"Letonya Vizesi\",\"description\":\"\",\"potentialAction\":[{\"@type\":\"SearchAction\",\"target\":{\"@type\":\"EntryPoint\",\"urlTemplate\":\"https:\/\/www.myvize.com.tr\/letonya\/?s={search_term_string}\"},\"query-input\":{\"@type\":\"PropertyValueSpecification\",\"valueRequired\":true,\"valueName\":\"search_term_string\"}}],\"inLanguage\":\"tr\"}]}<\/script>\n<!-- \/ Yoast SEO plugin. -->","yoast_head_json":{"title":"Letonya Vatanda\u015fl\u0131k \u0130\u015flemleri Nas\u0131l Yap\u0131l\u0131r? - MyVize","description":"Letonya Vatanda\u015fl\u0131k almak i\u00e7in gerekli t\u00fcm evraklar listesi hemen t\u0131kla! Letonya Vatanda\u015fl\u0131k Ba\u015fvurusu \u0130\u00e7in Ara: 0850 346 84 93","robots":{"index":"index","follow":"follow","max-snippet":"max-snippet:-1","max-image-preview":"max-image-preview:large","max-video-preview":"max-video-preview:-1"},"canonical":"https:\/\/www.myvize.com.tr\/letonya\/vize-islemleri\/letonya-vatandaslik-islemleri\/","og_locale":"tr_TR","og_type":"article","og_title":"Letonya Vatanda\u015fl\u0131k \u0130\u015flemleri Nas\u0131l Yap\u0131l\u0131r? - MyVize","og_description":"Letonya Vatanda\u015fl\u0131k almak i\u00e7in gerekli t\u00fcm evraklar listesi hemen t\u0131kla! Letonya Vatanda\u015fl\u0131k Ba\u015fvurusu \u0130\u00e7in Ara: 0850 346 84 93","og_url":"https:\/\/www.myvize.com.tr\/letonya\/vize-islemleri\/letonya-vatandaslik-islemleri\/","og_site_name":"Letonya Vizesi","article_modified_time":"2022-06-04T09:43:32+00:00","og_image":[{"url":"https:\/\/www.myvize.com.tr\/letonya\/wp-content\/uploads\/2021\/10\/49.jpg","type":"","width":"","height":""}],"twitter_card":"summary_large_image","twitter_misc":{"Tahmini okuma s\u00fcresi":"5 dakika"},"schema":{"@context":"https:\/\/schema.org","@graph":[{"@type":"WebPage","@id":"https:\/\/www.myvize.com.tr\/letonya\/vize-islemleri\/letonya-vatandaslik-islemleri\/","url":"https:\/\/www.myvize.com.tr\/letonya\/vize-islemleri\/letonya-vatandaslik-islemleri\/","name":"Letonya Vatanda\u015fl\u0131k \u0130\u015flemleri Nas\u0131l Yap\u0131l\u0131r? - MyVize","isPartOf":{"@id":"https:\/\/www.myvize.com.tr\/letonya\/#website"},"primaryImageOfPage":{"@id":"https:\/\/www.myvize.com.tr\/letonya\/vize-islemleri\/letonya-vatandaslik-islemleri\/#primaryimage"},"image":{"@id":"https:\/\/www.myvize.com.tr\/letonya\/vize-islemleri\/letonya-vatandaslik-islemleri\/#primaryimage"},"thumbnailUrl":"https:\/\/www.myvize.com.tr\/letonya\/wp-content\/uploads\/2021\/10\/49.jpg","datePublished":"2020-11-30T09:49:31+00:00","dateModified":"2022-06-04T09:43:32+00:00","description":"Letonya Vatanda\u015fl\u0131k almak i\u00e7in gerekli t\u00fcm evraklar listesi hemen t\u0131kla! Letonya Vatanda\u015fl\u0131k Ba\u015fvurusu \u0130\u00e7in Ara: 0850 346 84 93","breadcrumb":{"@id":"https:\/\/www.myvize.com.tr\/letonya\/vize-islemleri\/letonya-vatandaslik-islemleri\/#breadcrumb"},"inLanguage":"tr","potentialAction":[{"@type":"ReadAction","target":["https:\/\/www.myvize.com.tr\/letonya\/vize-islemleri\/letonya-vatandaslik-islemleri\/"]}]},{"@type":"ImageObject","inLanguage":"tr","@id":"https:\/\/www.myvize.com.tr\/letonya\/vize-islemleri\/letonya-vatandaslik-islemleri\/#primaryimage","url":"https:\/\/www.myvize.com.tr\/letonya\/wp-content\/uploads\/2021\/10\/49.jpg","contentUrl":"https:\/\/www.myvize.com.tr\/letonya\/wp-content\/uploads\/2021\/10\/49.jpg","width":800,"height":500,"caption":"Letonya Vatanda\u015fl\u0131k \u0130\u015flemleri"},{"@type":"BreadcrumbList","@id":"https:\/\/www.myvize.com.tr\/letonya\/vize-islemleri\/letonya-vatandaslik-islemleri\/#breadcrumb","itemListElement":[{"@type":"ListItem","position":1,"name":"Anasayfa","item":"https:\/\/www.myvize.com.tr\/letonya\/"},{"@type":"ListItem","position":2,"name":"V\u0130ZE \u0130\u015eLEMLER\u0130","item":"https:\/\/www.myvize.com.tr\/letonya\/vize-islemleri\/"},{"@type":"ListItem","position":3,"name":"Letonya Vatanda\u015fl\u0131k \u0130\u015flemleri"}]},{"@type":"WebSite","@id":"https:\/\/www.myvize.com.tr\/letonya\/#website","url":"https:\/\/www.myvize.com.tr\/letonya\/","name":"Letonya Vizesi","description":"","potentialAction":[{"@type":"SearchAction","target":{"@type":"EntryPoint","urlTemplate":"https:\/\/www.myvize.com.tr\/letonya\/?s={search_term_string}"},"query-input":{"@type":"PropertyValueSpecification","valueRequired":true,"valueName":"search_term_string"}}],"inLanguage":"tr"}]}},"_links":{"self":[{"href":"https:\/\/www.myvize.com.tr\/letonya\/wp-json\/wp\/v2\/pages\/51","targetHints":{"allow":["GET"]}}],"collection":[{"href":"https:\/\/www.myvize.com.tr\/letonya\/wp-json\/wp\/v2\/pages"}],"about":[{"href":"https:\/\/www.myvize.com.tr\/letonya\/wp-json\/wp\/v2\/types\/page"}],"author":[{"embeddable":true,"href":"https:\/\/www.myvize.com.tr\/letonya\/wp-json\/wp\/v2\/users\/1"}],"replies":[{"embeddable":true,"href":"https:\/\/www.myvize.com.tr\/letonya\/wp-json\/wp\/v2\/comments?post=51"}],"version-history":[{"count":8,"href":"https:\/\/www.myvize.com.tr\/letonya\/wp-json\/wp\/v2\/pages\/51\/revisions"}],"predecessor-version":[{"id":789,"href":"https:\/\/www.myvize.com.tr\/letonya\/wp-json\/wp\/v2\/pages\/51\/revisions\/789"}],"up":[{"embeddable":true,"href":"https:\/\/www.myvize.com.tr\/letonya\/wp-json\/wp\/v2\/pages\/18"}],"wp:attachment":[{"href":"https:\/\/www.myvize.com.tr\/letonya\/wp-json\/wp\/v2\/media?parent=51"}],"curies":[{"name":"wp","href":"https:\/\/api.w.org\/{rel}","templated":true}]}}