{"id":53,"date":"2020-11-30T12:50:00","date_gmt":"2020-11-30T09:50:00","guid":{"rendered":"https:\/\/www.myvize.com.tr\/letonya\/?page_id=53"},"modified":"2022-08-02T13:29:17","modified_gmt":"2022-08-02T10:29:17","slug":"letonya-universite-egitimi","status":"publish","type":"page","link":"https:\/\/www.myvize.com.tr\/letonya\/vize-islemleri\/letonya-universite-egitimi\/","title":{"rendered":"Letonya \u00dcniversite E\u011fitimi"},"content":{"rendered":"<h2><span style=\"font-family: Roboto; font-size: 27px;\"><b>Letonya \u00dcniversite E\u011fitimi Hakk\u0131nda<\/b><\/span><\/h2>\n<p><span style=\"font-family: Roboto; font-size: 14px;\"><strong>Letonya\u2019n\u0131n e\u011fitim sistemi<\/strong>, Letonya k\u00fclt\u00fcr\u00fcne benzer bir yap\u0131dad\u0131r yani gibi d\u0131\u015f etkilere a\u00e7\u0131kt\u0131r. Avrupa s\u0131n\u0131rlar\u0131nda ve \u00f6tesinde aktif bir personel de\u011fi\u015fimini ve hareketlili\u011fini savunan <strong>Avrupa Y\u00fcksek \u00d6\u011fretim Alan\u0131\u2019n\u0131n<\/strong> kurulmas\u0131, Letonya\u2019n\u0131n da destekledi\u011fi y\u00fcksek e\u011fitim i\u00e7in bir geli\u015fim f\u0131rsat\u0131d\u0131r. \u00a0Bunun gibi bir\u00e7ok uluslararas\u0131 i\u015f birli\u011finde aktif rol oynayan Letonya, \u00e7a\u011fda\u015f bir e\u011fitim modelini benimsemi\u015f ve uygulamaktad\u0131r.<strong> Letonya\u2019n\u0131n e\u011fitim sistemi<\/strong>, s\u00fcrekli yenilenen, i\u00e7eri\u011fi de\u011fi\u015fen ve geli\u015fen sirk\u00fclasyonu ile \u00f6\u011frencilerin beklentilerine cevap verebilmektedir. Bu nedenle de di\u011fer \u00fclkelerden y\u00fcksek \u00f6\u011fretim i\u00e7in bir\u00e7ok aday \u00fclkeye gelmekte ve kurumlara ba\u015fvurmaktad\u0131r.<\/span><\/p>\n<p><span style=\"font-family: Roboto; font-size: 14px;\"><strong>Letonya \u00fcniversite e\u011fitimi\u00a0<\/strong>ile \u00fclkede uygulanan e\u011fitim sistemi, yerel ve uluslararas\u0131 boyutta sekt\u00f6rel ve i\u015f piyasalar\u0131na y\u00f6nelik \u00f6\u011frenci odakl\u0131 rekabet g\u00fcc\u00fcn\u00fc geli\u015ftirmektedir. Bu ama\u00e7la \u00fclkedeki e\u011fitim kurumlar\u0131, y\u00fcksek e\u011fitim, mesleki beceri ve ara\u015ft\u0131rma alanlar\u0131nda \u00e7ok ortakl\u0131 ve uluslu i\u015f birli\u011fine dahildir.<\/span><\/p>\n<p><span style=\"font-family: Roboto; font-size: 14px;\"><strong>Letonya\u2019da \u00fcniversite\u00a0e\u011fitimi<\/strong>, Bologna protokol\u00fc ve s\u00fcrecine ba\u011fl\u0131 olarak \u015fekillenmektedir. Bologna s\u00fcrecinde ve sisteminde \u00fc\u00e7 \u00e7al\u0131\u015fma d\u00f6nemi olan Lisans, master (y\u00fcksek lisans) ve Doktora dereceleri i\u00e7in programlara kat\u0131l\u0131m sa\u011flanabilir ve ba\u015far\u0131 ile bitirildi\u011finde \u00f6\u011frencilere diplomalar sunulmaktad\u0131r. Lisans programlar\u0131 ise ortalama \u00fc\u00e7 ila d\u00f6rt y\u0131l i\u00e7inde tamamlanmaktad\u0131r. S\u0131kl\u0131kla tercih edilen meslek alanlar\u0131 ise m\u00fchendislik, sa\u011fl\u0131k bilimleri, matematik, y\u00f6netim ve bili\u015fim ve \u0130\u015fletme gibi alanlard\u0131r.<\/span><\/p>\n<p><span style=\"font-family: Roboto; font-size: 14px;\"><span style=\"color: #2acec2;\"><strong><a style=\"color: #2acec2;\" href=\"https:\/\/www.myvize.com.tr\/letonya\/vize-islemleri\/letonya-vize-randevusu\/\" target=\"_blank\" rel=\"noopener\">Letonya Vize Randevusu<\/a><\/strong><\/span> ile ilgili bilgi almak i\u00e7in bizi aray\u0131n.<\/span><\/p>\n<p><img decoding=\"async\" src=\"https:\/\/www.myvize.com.tr\/letonya\/wp-content\/uploads\/2021\/10\/47.jpg\" \/><\/p>\n<h2><strong><span style=\"font-family: Roboto; font-size: 27px;\">Letonya \u00dcniversite E\u011fitimi ile \u0130lgili\u00a0<\/span><\/strong><\/h2>\n<p><span style=\"font-family: Roboto; font-size: 14px;\">\u00c7a\u011fda\u015f ve yenilik\u00e7i e\u011fitim modellerini uygulayan ve kendisini y\u00fcksek e\u011fitim alan\u0131nda geli\u015ftiren <strong>Letonya&#8217;da \u00fcniversite e\u011fitimi<\/strong> alman\u0131n \u00e7ok daha avantajl\u0131 olabilece\u011fine de\u011finiyoruz. E\u011fitim sistemini yak\u0131ndan inceledi\u011finizde kendisini s\u00fcrekli yenilemekte oldu\u011funu rahatl\u0131kla g\u00f6rebilirsiniz. \u00d6\u011frencilerin t\u00fcm beklentilerine yan\u0131t verebilecek donan\u0131ma sahip olmas\u0131 sayesinde \u00f6zellikle y\u00fcksek \u00f6\u011fretim almak isteyenlerin tercih etti\u011fi \u00fclkelerden birisi olarak kar\u015f\u0131n\u0131za \u00e7\u0131kacakt\u0131r. T\u00fcm sekt\u00f6rlere hitap edebilecek i\u015f kollar\u0131na ve rekabet g\u00fcc\u00fcne sahip olan \u00fclkede becerilerinizi geli\u015ftirme f\u0131rsat\u0131n\u0131 elde edebileceksiniz. Sizler de lisans, y\u00fcksek lisans veya doktora gibi alanlarda kay\u0131t i\u015flemlerini yapt\u0131rabilirsiniz. B\u00f6ylece e\u011fitimini bitirece\u011finiz alanlardan ba\u015far\u0131l\u0131 oldu\u011funuza dair diplomalar\u0131 almaya hak kazanabilirsiniz. Genellikle \u00fc\u00e7 veya d\u00f6rt y\u0131lda tamamlanmakta olan <strong>\u00fcniversite e\u011fitimi<\/strong> i\u00e7in ba\u015fvuru yapman\u0131z gereken adresleri \u00f6\u011frenebilirsiniz. Hangi evraklarla ve ne zaman ba\u015fvuru yapman\u0131z\u0131n daha do\u011fru oldu\u011funu \u00f6\u011frenmenizi sa\u011fl\u0131yoruz. En \u00e7ok tercih edilen meslek gruplar\u0131na y\u00f6nelik e\u011fitimleri alabilmek i\u00e7in gerekli bilgilere hemen ula\u015fabilirsiniz. M\u00fchendislik b\u00f6l\u00fcmlerinden sa\u011fl\u0131k alanlar\u0131na veya daha s\u0131k tercih edilen meslek dallar\u0131na kadar arad\u0131\u011f\u0131n\u0131z ve istedi\u011finiz pek \u00e7ok detay\u0131 h\u0131zl\u0131 bi\u00e7imde elde etmi\u015f olacaks\u0131n\u0131z.<\/span><\/p>\n<p><span style=\"font-family: Roboto; font-size: 14px;\"><span style=\"color: #2acec2;\"><strong><a style=\"color: #2acec2;\" href=\"https:\/\/www.myvize.com.tr\/letonya\/vize-islemleri\/letonya-dil-okulu-vizesi\/\" target=\"_blank\" rel=\"noopener\">Letonya Dil Okulu Vizesi<\/a><\/strong><\/span> ile ilgili bilgi almak i\u00e7in bizi aray\u0131n\u0131z.<\/span><\/p>\n<h2><i class=\"fa fa-quote-left font-srdr fa-2x\"><\/i><span style=\"font-size: 27px; font-family: Roboto;\">Letonya&#8217;da \u00dcniversite Okumak<\/span><\/h2>\n<p><span style=\"font-family: Roboto; font-size: 14px;\">Gen\u00e7lerimiz art\u0131k kendilerine daha iyi bir gelecek kurmak ve daha iyi ya\u015fam standartlar\u0131na kavu\u015fmak i\u00e7in \u00fcniversite e\u011fitimine \u00e7ok \u00f6nem veriyor. Bu nedenle art\u0131k yurt d\u0131\u015f\u0131nda da \u00fcniversite e\u011fitimleri al\u0131yor. B\u00f6ylece hem kaliteli \u00fcniversitelerden e\u011fitim alarak kendilerine yurt d\u0131\u015f\u0131nda \u00e7al\u0131\u015fma imkan\u0131 sa\u011fl\u0131yorlar hem de \u0130ngilizcelerini geli\u015ftiriyorlar. Gen\u00e7lerin yurt d\u0131\u015f\u0131nda e\u011fitim ald\u0131klar\u0131 \u00fclkelerin ba\u015f\u0131nda da Letonya geliyor. Avrupa birli\u011fi \u00fcyesi olan Letonya, di\u011fer bat\u0131 Avrupa \u00fclkelerine g\u00f6re daha uygun maliyetlerle \u00fcniversite e\u011fitimi verdi\u011fi i\u00e7in,\u00a0kaliteli \u00fcniversiteleri bulundu\u011fu i\u00e7in, \u00fcniversite \u00f6\u011frencilerine y\u00f6nelik konaklama, burs imkanlar\u0131 sa\u011flad\u0131\u011f\u0131\u00a0i\u00e7in ve do\u011fas\u0131yla, k\u00fclt\u00fcr\u00fcyle, sanat\u0131yla g\u00fczel bir \u015fehir oldu\u011fu i\u00e7in \u00fcniversite \u00f6\u011frencileri taraf\u0131ndan tercih ediliyor. Letonya\u2019da Letonya \u00fcniversitesi Riga \u00fcniversitesi gibi kalite bak\u0131m\u0131ndan Avrupa \u00fcniversiteleri aras\u0131nda en ba\u015far\u0131l\u0131 \u00fcniversiteler yer al\u0131yor. Bu \u00fcniversiteler alacaklar\u0131 \u00f6\u011frencilerin lise diplomalar\u0131na, ders ba\u015far\u0131 ortalamalar\u0131na bakarak \u00fcniversitelerine \u00f6\u011frenci se\u00e7erken Letonya\u2019da bulunan di\u011fer \u00fcniversitelere girebilmek i\u00e7in lise mezunu olmak yeterlidir.\u00a0<\/span><\/p>\n<h2><span style=\"font-family: Roboto; font-size: 27px;\"><strong>Letonya \u00dcniversite E\u011fitimi Almak \u0130\u00e7in Nas\u0131l Bir Yer?\u00a0<\/strong><\/span><\/h2>\n<p><span style=\"font-family: Roboto; font-size: 14px;\">Balt\u0131k \u00fclkesi olan Letonya nehirleriyle, ormanlar\u0131yla ve g\u00f6lleriyle \u00e7ok g\u00fczel bir \u00fclkedir. Letonya\u2019da ba\u015fta m\u00fchendislik, sa\u011fl\u0131k, y\u00f6netim, bili\u015fim alan\u0131nda e\u011fitim veren 4 \u00fcniversite mevcuttur. Avrupa birli\u011fi olan Letonya, di\u011fer bat\u0131 Avrupa \u00fclkelerine g\u00f6re \u00e7ok daha uygun maliyetle \u00fcniversite e\u011fitimi sa\u011flamaktad\u0131r. Bu nedenle \u00fclkemizde de bir\u00e7ok \u00f6\u011frenci taraf\u0131ndan\u00a0\u00fcniversite e\u011fitiminde tercih edilmektedir. <strong>Letonya \u00fcniversite \u00f6\u011frencileri<\/strong> i\u00e7in de\u011fi\u015fik konaklama se\u00e7enekleri sunmaktad\u0131r. Letonya\u2019da bulunan \u00fcniversiteler yurtlar\u0131nda \u00f6\u011frenciler i\u00e7in konaklama imkan\u0131 sa\u011flarken bunun d\u0131\u015f\u0131nda gene \u00fcniversite \u00f6\u011frencileri i\u00e7in hostellerde bulunmaktad\u0131r.<strong> Letonya\u2019da \u00fcniversiteler<\/strong> ya da devlet, ba\u015far\u0131l\u0131 \u00f6\u011frencilere burs imkanlar\u0131 da vermektedir. Bunun d\u0131\u015f\u0131nda \u00f6\u011frenciler haftada 20 saat yar\u0131 zamanl\u0131 olarak \u00e7al\u0131\u015farak e\u011fitimlerine katk\u0131da da bulunabilirler. Ayr\u0131ca Letonya k\u00fclt\u00fcr sanat a\u00e7\u0131s\u0131ndan da \u00e7ok geli\u015fmi\u015f bir \u00fclkedir. D\u00fcnyaca \u00fcnl\u00fc bir\u00e7ok folklorik koroya sahip olan Letonya\u2019da m\u00fczik ve dans etkinlikleri hemen hemen her d\u00f6nemde g\u00f6r\u00fclmektedir. K\u0131sacas\u0131 Letonya kaliteli e\u011fitimiyle uygun ya\u015fam \u015fartlar\u0131yla, k\u00fclt\u00fcr ve sanat\u0131yla \u00fcniversite \u00f6\u011frencileri i\u00e7in ideal bir \u00fclkedir.\u00a0<\/span><\/p>\n<h3><span style=\"font-family: Roboto; font-size: 24px;\"><strong>Letonya\u2019da \u00dcniversite E\u011fitimi Sistemi\u00a0<\/strong><\/span><\/h3>\n<p><span style=\"font-family: Roboto; font-size: 14px;\">Letonya\u2019da \u00f6ne \u00e7\u0131kan Riga \u00fcniversitesi, Letonya \u00fcniversitesi, Ekonomi ve K\u00fclt\u00fcr \u00fcniversitesi ve Ula\u015ft\u0131rma ve Telekominikasyon enstit\u00fcs\u00fc olmak \u00fczere 4\u00a0\u00fcniversite bulunmaktad\u0131r. Bu \u00fcniversitelerde sa\u011fl\u0131k, m\u00fchendislik, bili\u015fim, ekonomi ve y\u00f6netim alanlar\u0131nda e\u011fitimler verilmektedir. Letonya\u2019da bulunan Letonya \u00fcniversitesi ve Riga Teknik \u00fcniversitesi Times Higher Education World University ve QS World University Rankings gibi b\u00fct\u00fcn d\u00fcnyada sayg\u0131nl\u0131\u011f\u0131 olan akademik s\u0131ralamalarda en iyi bin \u00fcniversite aras\u0131nda g\u00f6sterilmektedir. Gene Riga Teknik \u00fcniversitesi, elektrik ve elektronik, mekanik ve teknoloj alan\u0131ndaki m\u00fchendisliklerde D\u00fcnyan\u0131n en iyi 500 \u00fcniversitesi aras\u0131nda yer al\u0131rken Avrupa\u2019n\u0131n da en iyi \u00fcniversiteleri aras\u0131ndad\u0131r.\u00a0Letonya\u2019da t\u0131p, di\u015f hekimli\u011fi ve ezcac\u0131l\u0131k\u00a0d\u0131\u015f\u0131ndaki di\u011fer b\u00f6l\u00fcmlerin lisans e\u011fitimi 3 y\u0131l s\u00fcrerken y\u00fcksek lisans e\u011fitimi de 1 ila 2 y\u0131l s\u00fcrmektedir. Letonya\u2019da pek \u00e7ok y\u00fcksek \u00f6\u011frenim kurumunda ilk yar\u0131 y\u0131l Eyl\u00fcl ay\u0131nda ba\u015flar ve iki yar\u0131 y\u0131l halinde 40 hafta s\u00fcrer. \u00a0<\/span><\/p>\n<h3><span style=\"font-family: Roboto; font-size: 24px;\"><strong>Letonya\u2019da \u0130ngilizce \u00dcniversite E\u011fitimi\u00a0<\/strong><\/span><\/h3>\n<p><span style=\"font-family: Roboto; font-size: 14px;\">G\u00fcn\u00fcm\u00fczde \u00f6\u011frenciler sadece iyi bir e\u011fitim almak i\u00e7in de\u011fil ayn\u0131 zamanda ingilizcelerini de en iyi \u015fekilde geli\u015ftirebilmek i\u00e7inde yurt d\u0131\u015f\u0131nda e\u011fitim almak istemektedir. B\u00f6ylece kaliteli bir mesleki e\u011fitimin yan\u0131nda iyi derece ingilizce de bilerek yurt d\u0131\u015f\u0131nda i\u015f bulma imkanlar\u0131n\u0131 artt\u0131rmaktad\u0131rlar. Letonya\u2019n\u0131n ana dili letonca\u2019d\u0131r ve Letonya\u2019da bulunan \u00fcniversitelerde e\u011fitimlerini letonca vermektedir. Yaln\u0131z bu \u00fcniversiteler baz\u0131 ko\u015fullar sa\u011fland\u0131\u011f\u0131nda e\u011fitimlerini ingilizce olarak ta vermektedir. Letonya \u00fcniversitelerinde ingiilice e\u011fitimi alabilmek i\u00e7in \u00f6\u011frencilerin en az B2 d\u00fczeyinde ingilizce yeterlili\u011fine sahip olmalar\u0131 gerekmektedir. Bu nedenle <strong>Letonya\u2019da ingilizce e\u011fitimi almak<\/strong> isteyen \u00f6\u011frencilerin TOEFL, PTE ya da IELTS gibi uluslararas\u0131 yeterlilik s\u0131navlar\u0131ndan birinden ge\u00e7mesi gerekmektedir. \u00c7\u00fcnk\u00fc Letonya bu s\u0131navlardan herhangi birinden ge\u00e7en \u00f6\u011frencilere \u00fcniversitelerinde ingilizce e\u011fitim vermektedir. Yaln\u0131z baz\u0131 Letonya \u00fcniversiteleri ba\u015fvuran \u00f6\u011frencilerin ingilizce yeterliliklerini kendi uygulad\u0131klar\u0131 bir yaz\u0131l\u0131 s\u0131nav ve bir g\u00f6r\u00fc\u015fme ile de \u00f6l\u00e7ebilmektedir. Bu nedenle Letonya \u00fcniversitelerinde ingilizce e\u011fitim\u0130 almak isteyen \u00f6\u011frencilerin yeterli derecede ingilizce bilmeleri gerekmektedir.\u00a0<\/span><\/p>\n","protected":false},"excerpt":{"rendered":"<p>Letonya \u00dcniversite E\u011fitimi Hakk\u0131nda Letonya\u2019n\u0131n e\u011fitim sistemi, Letonya k\u00fclt\u00fcr\u00fcne benzer bir yap\u0131dad\u0131r yani gibi d\u0131\u015f etkilere a\u00e7\u0131kt\u0131r. Avrupa s\u0131n\u0131rlar\u0131nda ve \u00f6tesinde aktif bir personel de\u011fi\u015fimini ve hareketlili\u011fini savunan Avrupa Y\u00fcksek \u00d6\u011fretim Alan\u0131\u2019n\u0131n kurulmas\u0131, Letonya\u2019n\u0131n da destekledi\u011fi y\u00fcksek e\u011fitim i\u00e7in bir geli\u015fim f\u0131rsat\u0131d\u0131r. \u00a0Bunun gibi bir\u00e7ok uluslararas\u0131 i\u015f birli\u011finde aktif rol oynayan Letonya, \u00e7a\u011fda\u015f bir e\u011fitim<\/p>\n","protected":false},"author":1,"featured_media":0,"parent":18,"menu_order":0,"comment_status":"open","ping_status":"closed","template":"","meta":{"footnotes":""},"class_list":["post-53","page","type-page","status-publish","hentry"],"yoast_head":"<!-- This site is optimized with the Yoast SEO plugin v24.0 - https:\/\/yoast.com\/wordpress\/plugins\/seo\/ -->\n<title>Letonya \u00dcniversite E\u011fitimi Ba\u015fvurusu - MyVize<\/title>\n<meta name=\"description\" content=\"Letonya \u00dcniversite E\u011fitimi Ba\u015fvurusu Gerekli T\u00fcm Evraklar Listesi 2022 Hemen T\u0131kla! Letonya Vize Randevusu i\u00e7in hemen ara: 0850 346 84 93\" \/>\n<meta name=\"robots\" content=\"index, follow, max-snippet:-1, max-image-preview:large, max-video-preview:-1\" \/>\n<link rel=\"canonical\" href=\"https:\/\/www.myvize.com.tr\/letonya\/vize-islemleri\/letonya-universite-egitimi\/\" \/>\n<meta property=\"og:locale\" content=\"tr_TR\" \/>\n<meta property=\"og:type\" content=\"article\" \/>\n<meta property=\"og:title\" content=\"Letonya \u00dcniversite E\u011fitimi Ba\u015fvurusu - MyVize\" \/>\n<meta property=\"og:description\" content=\"Letonya \u00dcniversite E\u011fitimi Ba\u015fvurusu Gerekli T\u00fcm Evraklar Listesi 2022 Hemen T\u0131kla! Letonya Vize Randevusu i\u00e7in hemen ara: 0850 346 84 93\" \/>\n<meta property=\"og:url\" content=\"https:\/\/www.myvize.com.tr\/letonya\/vize-islemleri\/letonya-universite-egitimi\/\" \/>\n<meta property=\"og:site_name\" content=\"Letonya Vizesi\" \/>\n<meta property=\"article:modified_time\" content=\"2022-08-02T10:29:17+00:00\" \/>\n<meta property=\"og:image\" content=\"https:\/\/www.myvize.com.tr\/letonya\/wp-content\/uploads\/2021\/10\/47.jpg\" \/>\n<meta name=\"twitter:card\" content=\"summary_large_image\" \/>\n<meta name=\"twitter:label1\" content=\"Tahmini okuma s\u00fcresi\" \/>\n\t<meta name=\"twitter:data1\" content=\"5 dakika\" \/>\n<script type=\"application\/ld+json\" class=\"yoast-schema-graph\">{\"@context\":\"https:\/\/schema.org\",\"@graph\":[{\"@type\":\"WebPage\",\"@id\":\"https:\/\/www.myvize.com.tr\/letonya\/vize-islemleri\/letonya-universite-egitimi\/\",\"url\":\"https:\/\/www.myvize.com.tr\/letonya\/vize-islemleri\/letonya-universite-egitimi\/\",\"name\":\"Letonya \u00dcniversite E\u011fitimi Ba\u015fvurusu - MyVize\",\"isPartOf\":{\"@id\":\"https:\/\/www.myvize.com.tr\/letonya\/#website\"},\"primaryImageOfPage\":{\"@id\":\"https:\/\/www.myvize.com.tr\/letonya\/vize-islemleri\/letonya-universite-egitimi\/#primaryimage\"},\"image\":{\"@id\":\"https:\/\/www.myvize.com.tr\/letonya\/vize-islemleri\/letonya-universite-egitimi\/#primaryimage\"},\"thumbnailUrl\":\"https:\/\/www.myvize.com.tr\/letonya\/wp-content\/uploads\/2021\/10\/47.jpg\",\"datePublished\":\"2020-11-30T09:50:00+00:00\",\"dateModified\":\"2022-08-02T10:29:17+00:00\",\"description\":\"Letonya \u00dcniversite E\u011fitimi Ba\u015fvurusu Gerekli T\u00fcm Evraklar Listesi 2022 Hemen T\u0131kla! Letonya Vize Randevusu i\u00e7in hemen ara: 0850 346 84 93\",\"breadcrumb\":{\"@id\":\"https:\/\/www.myvize.com.tr\/letonya\/vize-islemleri\/letonya-universite-egitimi\/#breadcrumb\"},\"inLanguage\":\"tr\",\"potentialAction\":[{\"@type\":\"ReadAction\",\"target\":[\"https:\/\/www.myvize.com.tr\/letonya\/vize-islemleri\/letonya-universite-egitimi\/\"]}]},{\"@type\":\"ImageObject\",\"inLanguage\":\"tr\",\"@id\":\"https:\/\/www.myvize.com.tr\/letonya\/vize-islemleri\/letonya-universite-egitimi\/#primaryimage\",\"url\":\"https:\/\/www.myvize.com.tr\/letonya\/wp-content\/uploads\/2021\/10\/47.jpg\",\"contentUrl\":\"https:\/\/www.myvize.com.tr\/letonya\/wp-content\/uploads\/2021\/10\/47.jpg\",\"width\":800,\"height\":500,\"caption\":\"Letonya \u00dcniversite E\u011fitimi\"},{\"@type\":\"BreadcrumbList\",\"@id\":\"https:\/\/www.myvize.com.tr\/letonya\/vize-islemleri\/letonya-universite-egitimi\/#breadcrumb\",\"itemListElement\":[{\"@type\":\"ListItem\",\"position\":1,\"name\":\"Anasayfa\",\"item\":\"https:\/\/www.myvize.com.tr\/letonya\/\"},{\"@type\":\"ListItem\",\"position\":2,\"name\":\"V\u0130ZE \u0130\u015eLEMLER\u0130\",\"item\":\"https:\/\/www.myvize.com.tr\/letonya\/vize-islemleri\/\"},{\"@type\":\"ListItem\",\"position\":3,\"name\":\"Letonya \u00dcniversite E\u011fitimi\"}]},{\"@type\":\"WebSite\",\"@id\":\"https:\/\/www.myvize.com.tr\/letonya\/#website\",\"url\":\"https:\/\/www.myvize.com.tr\/letonya\/\",\"name\":\"Letonya Vizesi\",\"description\":\"\",\"potentialAction\":[{\"@type\":\"SearchAction\",\"target\":{\"@type\":\"EntryPoint\",\"urlTemplate\":\"https:\/\/www.myvize.com.tr\/letonya\/?s={search_term_string}\"},\"query-input\":{\"@type\":\"PropertyValueSpecification\",\"valueRequired\":true,\"valueName\":\"search_term_string\"}}],\"inLanguage\":\"tr\"}]}<\/script>\n<!-- \/ Yoast SEO plugin. -->","yoast_head_json":{"title":"Letonya \u00dcniversite E\u011fitimi Ba\u015fvurusu - MyVize","description":"Letonya \u00dcniversite E\u011fitimi Ba\u015fvurusu Gerekli T\u00fcm Evraklar Listesi 2022 Hemen T\u0131kla! Letonya Vize Randevusu i\u00e7in hemen ara: 0850 346 84 93","robots":{"index":"index","follow":"follow","max-snippet":"max-snippet:-1","max-image-preview":"max-image-preview:large","max-video-preview":"max-video-preview:-1"},"canonical":"https:\/\/www.myvize.com.tr\/letonya\/vize-islemleri\/letonya-universite-egitimi\/","og_locale":"tr_TR","og_type":"article","og_title":"Letonya \u00dcniversite E\u011fitimi Ba\u015fvurusu - MyVize","og_description":"Letonya \u00dcniversite E\u011fitimi Ba\u015fvurusu Gerekli T\u00fcm Evraklar Listesi 2022 Hemen T\u0131kla! Letonya Vize Randevusu i\u00e7in hemen ara: 0850 346 84 93","og_url":"https:\/\/www.myvize.com.tr\/letonya\/vize-islemleri\/letonya-universite-egitimi\/","og_site_name":"Letonya Vizesi","article_modified_time":"2022-08-02T10:29:17+00:00","og_image":[{"url":"https:\/\/www.myvize.com.tr\/letonya\/wp-content\/uploads\/2021\/10\/47.jpg","type":"","width":"","height":""}],"twitter_card":"summary_large_image","twitter_misc":{"Tahmini okuma s\u00fcresi":"5 dakika"},"schema":{"@context":"https:\/\/schema.org","@graph":[{"@type":"WebPage","@id":"https:\/\/www.myvize.com.tr\/letonya\/vize-islemleri\/letonya-universite-egitimi\/","url":"https:\/\/www.myvize.com.tr\/letonya\/vize-islemleri\/letonya-universite-egitimi\/","name":"Letonya \u00dcniversite E\u011fitimi Ba\u015fvurusu - MyVize","isPartOf":{"@id":"https:\/\/www.myvize.com.tr\/letonya\/#website"},"primaryImageOfPage":{"@id":"https:\/\/www.myvize.com.tr\/letonya\/vize-islemleri\/letonya-universite-egitimi\/#primaryimage"},"image":{"@id":"https:\/\/www.myvize.com.tr\/letonya\/vize-islemleri\/letonya-universite-egitimi\/#primaryimage"},"thumbnailUrl":"https:\/\/www.myvize.com.tr\/letonya\/wp-content\/uploads\/2021\/10\/47.jpg","datePublished":"2020-11-30T09:50:00+00:00","dateModified":"2022-08-02T10:29:17+00:00","description":"Letonya \u00dcniversite E\u011fitimi Ba\u015fvurusu Gerekli T\u00fcm Evraklar Listesi 2022 Hemen T\u0131kla! Letonya Vize Randevusu i\u00e7in hemen ara: 0850 346 84 93","breadcrumb":{"@id":"https:\/\/www.myvize.com.tr\/letonya\/vize-islemleri\/letonya-universite-egitimi\/#breadcrumb"},"inLanguage":"tr","potentialAction":[{"@type":"ReadAction","target":["https:\/\/www.myvize.com.tr\/letonya\/vize-islemleri\/letonya-universite-egitimi\/"]}]},{"@type":"ImageObject","inLanguage":"tr","@id":"https:\/\/www.myvize.com.tr\/letonya\/vize-islemleri\/letonya-universite-egitimi\/#primaryimage","url":"https:\/\/www.myvize.com.tr\/letonya\/wp-content\/uploads\/2021\/10\/47.jpg","contentUrl":"https:\/\/www.myvize.com.tr\/letonya\/wp-content\/uploads\/2021\/10\/47.jpg","width":800,"height":500,"caption":"Letonya \u00dcniversite E\u011fitimi"},{"@type":"BreadcrumbList","@id":"https:\/\/www.myvize.com.tr\/letonya\/vize-islemleri\/letonya-universite-egitimi\/#breadcrumb","itemListElement":[{"@type":"ListItem","position":1,"name":"Anasayfa","item":"https:\/\/www.myvize.com.tr\/letonya\/"},{"@type":"ListItem","position":2,"name":"V\u0130ZE \u0130\u015eLEMLER\u0130","item":"https:\/\/www.myvize.com.tr\/letonya\/vize-islemleri\/"},{"@type":"ListItem","position":3,"name":"Letonya \u00dcniversite E\u011fitimi"}]},{"@type":"WebSite","@id":"https:\/\/www.myvize.com.tr\/letonya\/#website","url":"https:\/\/www.myvize.com.tr\/letonya\/","name":"Letonya Vizesi","description":"","potentialAction":[{"@type":"SearchAction","target":{"@type":"EntryPoint","urlTemplate":"https:\/\/www.myvize.com.tr\/letonya\/?s={search_term_string}"},"query-input":{"@type":"PropertyValueSpecification","valueRequired":true,"valueName":"search_term_string"}}],"inLanguage":"tr"}]}},"_links":{"self":[{"href":"https:\/\/www.myvize.com.tr\/letonya\/wp-json\/wp\/v2\/pages\/53","targetHints":{"allow":["GET"]}}],"collection":[{"href":"https:\/\/www.myvize.com.tr\/letonya\/wp-json\/wp\/v2\/pages"}],"about":[{"href":"https:\/\/www.myvize.com.tr\/letonya\/wp-json\/wp\/v2\/types\/page"}],"author":[{"embeddable":true,"href":"https:\/\/www.myvize.com.tr\/letonya\/wp-json\/wp\/v2\/users\/1"}],"replies":[{"embeddable":true,"href":"https:\/\/www.myvize.com.tr\/letonya\/wp-json\/wp\/v2\/comments?post=53"}],"version-history":[{"count":8,"href":"https:\/\/www.myvize.com.tr\/letonya\/wp-json\/wp\/v2\/pages\/53\/revisions"}],"predecessor-version":[{"id":798,"href":"https:\/\/www.myvize.com.tr\/letonya\/wp-json\/wp\/v2\/pages\/53\/revisions\/798"}],"up":[{"embeddable":true,"href":"https:\/\/www.myvize.com.tr\/letonya\/wp-json\/wp\/v2\/pages\/18"}],"wp:attachment":[{"href":"https:\/\/www.myvize.com.tr\/letonya\/wp-json\/wp\/v2\/media?parent=53"}],"curies":[{"name":"wp","href":"https:\/\/api.w.org\/{rel}","templated":true}]}}