{"id":579,"date":"2021-10-27T14:14:48","date_gmt":"2021-10-27T11:14:48","guid":{"rendered":"https:\/\/www.myvize.com.tr\/letonya\/?page_id=579"},"modified":"2022-04-21T12:58:43","modified_gmt":"2022-04-21T09:58:43","slug":"letonya-vize-basvurusu","status":"publish","type":"page","link":"https:\/\/www.myvize.com.tr\/letonya\/letonya-vize-basvurusu\/","title":{"rendered":"Letonya Vize Ba\u015fvurusu"},"content":{"rendered":"<h2><strong><span style=\"font-family: Roboto; font-size: 27px;\">Letonya Vize Ba\u015fvurusu Hakk\u0131nda<\/span><\/strong><\/h2>\n<p><span style=\"font-family: Roboto; font-size: 14px;\">Letonya\u2019ya seyahat edecek olan ki\u015filerin <strong>Letonya vize ba\u015fvuru i\u015flemleri<\/strong> yapmas\u0131 gerekmektedir. <strong>Letonya vize ba\u015fvurusu i\u015flemleri<\/strong> vize s\u00fcresinin k\u0131sa ya da uzun s\u00fcreli olmas\u0131na g\u00f6re de\u011fi\u015fmektedir.<\/span><\/p>\n<p><span style=\"font-family: Roboto; font-size: 16px;\"><strong>K\u0131sa s\u00fcreli Letonya vize ba\u015fvurusu;<\/strong><\/span><\/p>\n<ul>\n<li><span style=\"font-family: Roboto; font-size: 14px;\">K\u0131sa s\u00fcreli Letonya vize ba\u015fvurular\u0131<strong> Letonya vize ba\u015fvuru merkezine<\/strong> yap\u0131lmal\u0131d\u0131r.<\/span><\/li>\n<li><span style=\"font-family: Roboto; font-size: 14px;\">Letonya vize ba\u015fvuru merkezine ba\u015fvuruda bulunmak i\u00e7in Letonya vize ba\u015fvuru formu doldurulmal\u0131d\u0131r.<\/span><\/li>\n<li><span style=\"font-family: Roboto; font-size: 14px;\">Daha sonra ise <strong>Letonya vize ba\u015fvuru<\/strong> merkezinden randevu al\u0131nmal\u0131d\u0131r.<\/span><\/li>\n<li><span style=\"font-family: Roboto; font-size: 14px;\">Randevu tarihine kadar Letonya vizesi i\u00e7in gerekli olan evraklar haz\u0131rlanmal\u0131d\u0131r.<\/span><\/li>\n<li><span style=\"font-family: Roboto; font-size: 14px;\">Randevu tarihinde bu evraklar teslim edilmeli ve biyometrik veri verilmelidir.<\/span><\/li>\n<li><span style=\"font-family: Roboto; font-size: 14px;\">Evraklar\u0131n\u0131z teslim edildikten sonras\u0131 incelenmesi i\u00e7in <span style=\"color: #2acec2;\"><strong><a style=\"color: #2acec2;\" href=\"https:\/\/www.myvize.com.tr\/letonya\/konsolosluklar\/ankara-buyukelciligi\/\" target=\"_blank\" rel=\"noopener\">Letonya Ankara B\u00fcy\u00fckel\u00e7ili\u011fi<\/a><\/strong><\/span>\u2019ne g\u00f6nderilmektedir.<\/span><\/li>\n<li><span style=\"font-family: Roboto; font-size: 14px;\">Ba\u015fvurular ortalama 7 i\u015f g\u00fcn\u00fc i\u00e7erisinde sonu\u00e7lanmaktad\u0131r.<\/span><\/li>\n<\/ul>\n<p><span style=\"font-family: Roboto; font-size: 16px;\"><strong>Uzun s\u00fcreli Letonya vize ba\u015fvurusu;<\/strong><\/span><\/p>\n<ul>\n<li><span style=\"font-family: Roboto; font-size: 14px;\">Uzun s\u00fcreli Letonya vize ba\u015fvurusu <strong>Letonya Ankara B\u00fcy\u00fckel\u00e7ili\u011fi<\/strong>\u2019ne yap\u0131lmal\u0131d\u0131r.<\/span><\/li>\n<li><span style=\"font-family: Roboto; font-size: 14px;\">Ba\u015fvuruda bulunacak olan ki\u015filer Letonya Ankara B\u00fcy\u00fckel\u00e7ili\u011fi resmi web sitesinde yer alan vize ba\u015fvuru formu doldurulmal\u0131d\u0131r.<\/span><\/li>\n<li><span style=\"font-family: Roboto; font-size: 14px;\">Ard\u0131ndan ba\u015fvuru i\u00e7in B\u00fcy\u00fckel\u00e7ilikten randevu al\u0131nmal\u0131d\u0131r.<\/span><\/li>\n<li><span style=\"font-family: Roboto; font-size: 14px;\">Randevu tarihinde gerekli olan belgeler haz\u0131r olmal\u0131d\u0131r. Randevu tarihinde yetkililere teslim edilmelidir. Ayr\u0131ca randevu tarihinde vize ba\u015fvurusu i\u00e7in biyometrik veri verilmelidir.<\/span><\/li>\n<li><span style=\"font-family: Roboto; font-size: 14px;\">Ba\u015fvurular ortalama 15 g\u00fcn i\u00e7erisinde sonu\u00e7lanmaktad\u0131r.<\/span><\/li>\n<\/ul>\n<h2><span style=\"font-family: Roboto; font-size: 27px;\"><strong>Letonya Konsoloslu\u011fu Vize Ba\u015fvurusu<\/strong><\/span><\/h2>\n<p><span style=\"font-family: Roboto; font-size: 14px;\">Letonya\u2019ya seyahat edecek olan ki\u015filer <strong>Letonya vize muafiyeti<\/strong> yok ise vize almal\u0131d\u0131r. Letonya vizesi alacak olan ki\u015filer vize ba\u015fvurular\u0131n\u0131 Letonya Konsoloslu\u011fu ve vize ba\u015fvuru merkezlerine yapabilir. Ba\u015fvuruda bulunacak olan ki\u015filerin <strong>Letonya Konsoloslu\u011fu<\/strong> randevu i\u015flemi ger\u00e7ekle\u015ftirmesi gerekmektedir.<\/span><\/p>\n<p><span style=\"font-family: Roboto; font-size: 14px;\"><strong>Letonya vize ba\u015fvurusu<\/strong> yapacak olan ki\u015filer \u00f6ncelikle vize ba\u015fvuru formu doldurulmal\u0131d\u0131r. Bu form <strong>Letonya Konsoloslu\u011fu<\/strong>\u2019nun resmi web sitesinden edinilebilir. Bu form \u0130ngilizce ya da T\u00fcrk\u00e7e olarak el ile doldurulmal\u0131 ve gerekli olan t\u00fcm sorular do\u011fru bir \u015fekilde yan\u0131tlamal\u0131d\u0131r. Hatal\u0131 bilgi yaz\u0131lmas\u0131 durumunda vize ba\u015fvurunuz reddedilebilir.<span style=\"color: #2acec2;\"><strong><a style=\"color: #2acec2;\" href=\"https:\/\/www.myvize.com.tr\/letonya\/vize-islemleri\/letonya-vize-basvuru-formu\/\" target=\"_blank\" rel=\"noopener\"> Letonya vize ba\u015fvuru formu<\/a><\/strong><\/span> doldurulduktan sonra \u00e7\u0131kt\u0131s\u0131 al\u0131narak Letonya vize ba\u015fvuru sahibi taraf\u0131ndan imzalanmal\u0131d\u0131r.<\/span><\/p>\n<p><span style=\"font-family: Roboto; font-size: 14px;\">Daha sonra ise Letonya vize ba\u015fvurusunda bulunacak olan ki\u015filer <strong>Letonya Konsoloslu\u011fu vize i\u015flemleri<\/strong> i\u00e7in randevu al\u0131nmal\u0131d\u0131r. Randevular <strong>Letonya Konsoloslu\u011fu<\/strong> ile ileti\u015fime ge\u00e7ilip al\u0131nabilmektedir. Randevusuz yap\u0131lacak olan vize ba\u015fvurular\u0131 kabul edilmez.<\/span><\/p>\n<ul>\n<li><span style=\"font-family: Roboto; font-size: 14px;\">Randevu tarihine kadar <span style=\"color: #2acec2;\"><strong><a style=\"color: #2acec2;\" href=\"https:\/\/www.myvize.com.tr\/letonya\/vize-islemleri\/letonya-vizesi\/\" target=\"_blank\" rel=\"noopener\">Letonya vizesi<\/a><\/strong><\/span> i\u00e7in uygun olan evraklar\u0131 haz\u0131rlaman\u0131z gerekmektedir.<\/span><\/li>\n<li><span style=\"font-family: Roboto; font-size: 14px;\">Bu belgeler vize ba\u015fvurusu s\u0131ras\u0131nda yetkililere teslim edilmelidir.<\/span><\/li>\n<li><span style=\"font-family: Roboto; font-size: 14px;\">Letonya vize randevusuna bizzat kat\u0131lman\u0131z gerekmektedir.<\/span><\/li>\n<li><span style=\"font-family: Roboto; font-size: 14px;\">Ailedeki her birey i\u00e7in ayr\u0131 ayr\u0131 <strong>Letonya vize randevusu<\/strong> al\u0131nmal\u0131d\u0131r.<\/span><\/li>\n<li><span style=\"font-family: Roboto; font-size: 14px;\">Ayr\u0131ca randevu tarihinde Letonya vize har\u00e7 \u00fccreti de \u00f6denmelidir.<\/span><\/li>\n<\/ul>\n<h2><span style=\"font-family: Roboto; font-size: 27px;\"><strong>Letonya Vize Ba\u015fvurusu Nas\u0131l Yap\u0131l\u0131r?<\/strong><\/span><\/h2>\n<p><span style=\"font-family: Roboto; font-size: 14px;\">Letonya Kuzey Avrupa\u2019da yer al\u0131yor. Ba\u015fkenti Riga olan \u00fclkeye T\u00fcrkiye\u2019den de bir\u00e7ok ki\u015fi gidiyor. Ancak Letonya seyahati d\u00fc\u015f\u00fcnen ki\u015filerin mutlaka vize i\u015flemi yapt\u0131rmas\u0131 gerekiyor. Letonya \u00fclkesi Diplomatik, Hizmet ve Hususi pasaportu olan ki\u015filerden 6 ay s\u00fcre i\u00e7erisinde 90 g\u00fcn\u00fc a\u015fmayan seyahatler i\u00e7in vize istemiyor. Ancak Umuma Mahsus pasaportu olan T\u00fcrk vatanda\u015flar\u0131n\u0131n mutlaka vize almas\u0131 gerekiyor.<\/span><\/p>\n<p><span style=\"font-family: Roboto; font-size: 14px;\"><strong>Letonya vize ba\u015fvurusu nas\u0131l yap\u0131l\u0131r<\/strong>\u00a0sorusunun yan\u0131t\u0131 da bu bak\u0131mdan b\u00fcy\u00fck bir \u00f6nem ta\u015f\u0131yor. Bu s\u00fcre\u00e7te mutlaka bilinmesi gereken detaylar vard\u0131r. Letonya vize i\u015flemleri s\u0131ras\u0131nda her detay\u0131n eksiksiz olarak yerine getirilmesi gerekmektedir. Letonya vize i\u015flemi i\u00e7in Letonya konsolosluklar\u0131na ya da yetkilendirilen vize merkezlerine ba\u015fvuru yapman\u0131z gerekir.<\/span><\/p>\n<h2><span style=\"font-family: Roboto; font-size: 27px;\"><strong>Letonya Vize Ba\u015fvuru \u0130\u015flemleri<\/strong><\/span><\/h2>\n<p><span style=\"font-family: Roboto; font-size: 14px;\"><strong>Letonya vize ba\u015fvuru i\u015flemleri<\/strong>\u00a0konusunda haz\u0131rlanmas\u0131 gereken evraklar vard\u0131r. Bu evraklar\u0131n her birinin g\u00fcncel ve tam olmas\u0131 gerekir. Letonya vize t\u00fcr\u00fcne uygun olmalar\u0131 da son derece \u00f6nemlidir. Bu s\u00fcre\u00e7te ba\u015fvurabilece\u011finiz bir\u00e7ok vize t\u00fcr\u00fc bulunur. Her vize t\u00fcr\u00fcn\u00fcn de kendine g\u00f6re evrak listesi vard\u0131r. Bu vize t\u00fcrleri aras\u0131nda \u015funlar say\u0131labilir:<\/span><\/p>\n<ul>\n<li><span style=\"font-family: Roboto; font-size: 14px;\">Aile ve arkada\u015f ziyareti vizesi<\/span><\/li>\n<li><span style=\"font-family: Roboto; font-size: 14px;\">K\u00fclt\u00fcrel ve sportif faaliyet konferans vizesi<\/span><\/li>\n<li><span style=\"font-family: Roboto; font-size: 14px;\">Ticaret vizesi<\/span><\/li>\n<li><span style=\"font-family: Roboto; font-size: 14px;\">Turizm vizesi<\/span><\/li>\n<li><span style=\"font-family: Roboto; font-size: 14px;\">Erasmus vizesi<\/span><\/li>\n<li><span style=\"font-family: Roboto; font-size: 14px;\">\u00c7al\u0131\u015fma vizesi<\/span><\/li>\n<\/ul>\n<p><span style=\"font-family: Roboto; font-size: 14px;\">Gibi bir\u00e7ok farkl\u0131 vize t\u00fcr\u00fc bulunmaktad\u0131r. Bu vize t\u00fcrlerinden her birinin evrak t\u00fcrleri farkl\u0131 olabilir. Bu nedenle vize s\u00fcrecine ba\u015flamadan \u00f6nce hangi vize t\u00fcr\u00fcne ba\u015fvuraca\u011f\u0131n\u0131za \u00e7ok iyi bir \u015fekilde karar vermeniz gerekiyor.<\/span><\/p>\n<h3><span style=\"font-family: Roboto; font-size: 24px;\"><strong>Letonya Vize Ba\u015fvuru \u015eartlar\u0131<\/strong><\/span><\/h3>\n<p><span style=\"font-family: Roboto; font-size: 14px;\"><strong>Letonya vize ba\u015fvuru \u015fartlar\u0131<\/strong>\u00a0eksiksiz olarak yerine getirilmelidir. Gerekirse bu d\u00f6nemde vize dan\u0131\u015fmanl\u0131k hizmeti de alabilirsiniz. Vize i\u015flemleri s\u0131ras\u0131nda belgeleriniz eksik ya da hatal\u0131 olursa vize reddi ile kar\u015f\u0131 kar\u015f\u0131ya kalabilirsiniz. B\u00f6yle zamanlarda profesyonellerden hizmet almak b\u00fcy\u00fck bir \u00f6nem ta\u015f\u0131maktad\u0131r. Vize i\u015flemlerinizin tamamlanmas\u0131nda bu ki\u015filer hem evraklar\u0131 haz\u0131rlar hem de randevu g\u00fcn\u00fcnde teslim i\u015flemlerinde destek verirler.<\/span><\/p>\n<p><span style=\"font-family: Roboto; font-size: 14px;\">Vize ba\u015fvuru \u015fartlar\u0131 aras\u0131nda en \u00f6nemli konu pasaport olmas\u0131d\u0131r. Ya\u015f\u0131n\u0131z 18 ya\u015f alt\u0131ndaysa ailenizden izin belgesi alman\u0131z gerekir. Bununla birlikte do\u011fru vize t\u00fcr\u00fcne ba\u015fvuru yapm\u0131\u015f olman\u0131z da b\u00fcy\u00fck bir \u00f6nem ta\u015f\u0131maktad\u0131r.<strong> Letonya vize ba\u015fvuru \u015fartlar\u0131n\u0131<\/strong> eksiksiz bir \u015fekilde yerine getirmek vizenizi ek k\u0131sa s\u00fcrede alman\u0131z\u0131 sa\u011flar.<\/span><\/p>\n<h3><span style=\"font-family: Roboto; font-size: 24px;\"><strong>Letonya Vize Ba\u015fvurusu \u0130\u00e7in Gerekli Evraklar<\/strong><\/span><\/h3>\n<p><span style=\"font-family: Roboto; font-size: 14px;\"><strong>Letonya vize ba\u015fvurusu i\u00e7in gerekli evraklar<\/strong>\u00a0aras\u0131nda bir\u00e7ok belge t\u00fcr\u00fc bulunmaktad\u0131r. Bu belgelerin bir k\u0131sm\u0131 standart belgelerdir. Bir k\u0131sm\u0131 ise vize t\u00fcr\u00fcne g\u00f6re \u015fekillenen belge t\u00fcrleridir. Belgelerinizin g\u00fcncel ve tek bir dosya halinde yetkilendirilen vize merkezlerine ya da konsolosluklara teslim edilmesi gerekiyor. <strong>Letonya vize ba\u015fvurusu<\/strong> i\u00e7in haz\u0131rlaman\u0131z gereken evraklar aras\u0131nda \u015funlar yer al\u0131yor:<\/span><\/p>\n<ul>\n<li><span style=\"font-family: Roboto; font-size: 14px;\">Vize ba\u015fvuru formu<\/span><\/li>\n<li><span style=\"font-family: Roboto; font-size: 14px;\">Vize talep dilek\u00e7esi<\/span><\/li>\n<li><span style=\"font-family: Roboto; font-size: 14px;\">Vize davetiyesi<\/span><\/li>\n<li><span style=\"font-family: Roboto; font-size: 14px;\">Seyahat sa\u011fl\u0131k sigortas\u0131<\/span><\/li>\n<li><span style=\"font-family: Roboto; font-size: 14px;\">Pasaport<\/span><\/li>\n<li><span style=\"font-family: Roboto; font-size: 14px;\">Biyometrik foto\u011fraf 2 tane<\/span><\/li>\n<li><span style=\"font-family: Roboto; font-size: 14px;\">Tam vukuatl\u0131 n\u00fcfus kay\u0131t \u00f6rnek belgesi<\/span><\/li>\n<li><span style=\"font-family: Roboto; font-size: 14px;\">Kimlik belgesinin arkal\u0131 ve \u00f6nl\u00fc fotokopisi<\/span><\/li>\n<li><span style=\"font-family: Roboto; font-size: 14px;\">Ya\u015f\u0131n\u0131z k\u00fc\u00e7\u00fckse aileden izin belgesi<\/span><\/li>\n<li><span style=\"font-family: Roboto; font-size: 14px;\">Meslek belgeleri<\/span><\/li>\n<li><span style=\"font-family: Roboto; font-size: 14px;\">\u00d6\u011frenciler i\u00e7in \u00f6\u011frenci belgesi<\/span><\/li>\n<li><span style=\"font-family: Roboto; font-size: 14px;\">Emekliyseniz maa\u015f bordrosu<\/span><\/li>\n<\/ul>\n<p><span style=\"font-family: Roboto; font-size: 14px;\">Bunlar\u0131n yan\u0131nda finansal durumunuzu g\u00f6steren evraklar\u0131 da haz\u0131rlaman\u0131z gerekir. Ba\u015fvuru s\u0131ras\u0131nda ilgili har\u00e7lar\u0131 yat\u0131rarak gerekli yerlere teslimini yapmal\u0131s\u0131n\u0131z.<\/span><\/p>\n<p><span style=\"font-family: Roboto;\"><strong><img loading=\"lazy\" decoding=\"async\" src=\"https:\/\/www.myvize.com.tr\/romanya\/wp-content\/uploads\/2021\/07\/aDOBE-LOGO-1.png\" width=\"75\" height=\"75\" \/> \u00a0\u00a0Letonya Vizesi Ba\u015fvuru Formunu\u00a0 <a href=\"https:\/\/www.myvize.com.tr\/letonya\/wp-content\/uploads\/2021\/12\/letonya-vize-basvuru-formu-pdf.pdf\" target=\"_blank\" rel=\"noreferrer noopener\">(\u0130ndirmek \u0130\u00e7in T\u0131klay\u0131n\u0131z!!)<\/a><\/strong><\/span><\/p>\n","protected":false},"excerpt":{"rendered":"<p>Letonya Vize Ba\u015fvurusu Hakk\u0131nda Letonya\u2019ya seyahat edecek olan ki\u015filerin Letonya vize ba\u015fvuru i\u015flemleri yapmas\u0131 gerekmektedir. Letonya vize ba\u015fvurusu i\u015flemleri vize s\u00fcresinin k\u0131sa ya da uzun s\u00fcreli olmas\u0131na g\u00f6re de\u011fi\u015fmektedir. K\u0131sa s\u00fcreli Letonya vize ba\u015fvurusu; K\u0131sa s\u00fcreli Letonya vize ba\u015fvurular\u0131 Letonya vize ba\u015fvuru merkezine yap\u0131lmal\u0131d\u0131r. Letonya vize ba\u015fvuru merkezine ba\u015fvuruda bulunmak i\u00e7in Letonya vize ba\u015fvuru formu<\/p>\n","protected":false},"author":1,"featured_media":0,"parent":0,"menu_order":0,"comment_status":"closed","ping_status":"closed","template":"","meta":{"footnotes":""},"class_list":["post-579","page","type-page","status-publish","hentry"],"yoast_head":"<!-- This site is optimized with the Yoast SEO plugin v24.0 - https:\/\/yoast.com\/wordpress\/plugins\/seo\/ -->\n<title>Letonya Vize Ba\u015fvurusu - Letonya Vizesi - MyVize<\/title>\n<meta name=\"description\" content=\"Letonya Vize Ba\u015fvurusu Nas\u0131l Yap\u0131l\u0131r? Letonya Vize Ba\u015fvuru Formu Nas\u0131l Doldurulur? Bilgi \u0130\u00e7in Vize Uzmanlar\u0131m\u0131z\u0131 Aray\u0131n: 0850 346 84 93\" \/>\n<meta name=\"robots\" content=\"index, follow, max-snippet:-1, max-image-preview:large, max-video-preview:-1\" \/>\n<link rel=\"canonical\" href=\"https:\/\/www.myvize.com.tr\/letonya\/letonya-vize-basvurusu\/\" \/>\n<meta property=\"og:locale\" content=\"tr_TR\" \/>\n<meta property=\"og:type\" content=\"article\" \/>\n<meta property=\"og:title\" content=\"Letonya Vize Ba\u015fvurusu - Letonya Vizesi - MyVize\" \/>\n<meta property=\"og:description\" content=\"Letonya Vize Ba\u015fvurusu Nas\u0131l Yap\u0131l\u0131r? Letonya Vize Ba\u015fvuru Formu Nas\u0131l Doldurulur? Bilgi \u0130\u00e7in Vize Uzmanlar\u0131m\u0131z\u0131 Aray\u0131n: 0850 346 84 93\" \/>\n<meta property=\"og:url\" content=\"https:\/\/www.myvize.com.tr\/letonya\/letonya-vize-basvurusu\/\" \/>\n<meta property=\"og:site_name\" content=\"Letonya Vizesi\" \/>\n<meta property=\"article:modified_time\" content=\"2022-04-21T09:58:43+00:00\" \/>\n<meta property=\"og:image\" content=\"https:\/\/www.myvize.com.tr\/romanya\/wp-content\/uploads\/2021\/07\/aDOBE-LOGO-1.png\" \/>\n<meta name=\"twitter:card\" content=\"summary_large_image\" \/>\n<meta name=\"twitter:label1\" content=\"Tahmini okuma s\u00fcresi\" \/>\n\t<meta name=\"twitter:data1\" content=\"4 dakika\" \/>\n<script type=\"application\/ld+json\" class=\"yoast-schema-graph\">{\"@context\":\"https:\/\/schema.org\",\"@graph\":[{\"@type\":\"WebPage\",\"@id\":\"https:\/\/www.myvize.com.tr\/letonya\/letonya-vize-basvurusu\/\",\"url\":\"https:\/\/www.myvize.com.tr\/letonya\/letonya-vize-basvurusu\/\",\"name\":\"Letonya Vize Ba\u015fvurusu - Letonya Vizesi - MyVize\",\"isPartOf\":{\"@id\":\"https:\/\/www.myvize.com.tr\/letonya\/#website\"},\"primaryImageOfPage\":{\"@id\":\"https:\/\/www.myvize.com.tr\/letonya\/letonya-vize-basvurusu\/#primaryimage\"},\"image\":{\"@id\":\"https:\/\/www.myvize.com.tr\/letonya\/letonya-vize-basvurusu\/#primaryimage\"},\"thumbnailUrl\":\"https:\/\/www.myvize.com.tr\/romanya\/wp-content\/uploads\/2021\/07\/aDOBE-LOGO-1.png\",\"datePublished\":\"2021-10-27T11:14:48+00:00\",\"dateModified\":\"2022-04-21T09:58:43+00:00\",\"description\":\"Letonya Vize Ba\u015fvurusu Nas\u0131l Yap\u0131l\u0131r? Letonya Vize Ba\u015fvuru Formu Nas\u0131l Doldurulur? Bilgi \u0130\u00e7in Vize Uzmanlar\u0131m\u0131z\u0131 Aray\u0131n: 0850 346 84 93\",\"breadcrumb\":{\"@id\":\"https:\/\/www.myvize.com.tr\/letonya\/letonya-vize-basvurusu\/#breadcrumb\"},\"inLanguage\":\"tr\",\"potentialAction\":[{\"@type\":\"ReadAction\",\"target\":[\"https:\/\/www.myvize.com.tr\/letonya\/letonya-vize-basvurusu\/\"]}]},{\"@type\":\"ImageObject\",\"inLanguage\":\"tr\",\"@id\":\"https:\/\/www.myvize.com.tr\/letonya\/letonya-vize-basvurusu\/#primaryimage\",\"url\":\"https:\/\/www.myvize.com.tr\/romanya\/wp-content\/uploads\/2021\/07\/aDOBE-LOGO-1.png\",\"contentUrl\":\"https:\/\/www.myvize.com.tr\/romanya\/wp-content\/uploads\/2021\/07\/aDOBE-LOGO-1.png\"},{\"@type\":\"BreadcrumbList\",\"@id\":\"https:\/\/www.myvize.com.tr\/letonya\/letonya-vize-basvurusu\/#breadcrumb\",\"itemListElement\":[{\"@type\":\"ListItem\",\"position\":1,\"name\":\"Anasayfa\",\"item\":\"https:\/\/www.myvize.com.tr\/letonya\/\"},{\"@type\":\"ListItem\",\"position\":2,\"name\":\"Letonya Vize Ba\u015fvurusu\"}]},{\"@type\":\"WebSite\",\"@id\":\"https:\/\/www.myvize.com.tr\/letonya\/#website\",\"url\":\"https:\/\/www.myvize.com.tr\/letonya\/\",\"name\":\"Letonya Vizesi\",\"description\":\"\",\"potentialAction\":[{\"@type\":\"SearchAction\",\"target\":{\"@type\":\"EntryPoint\",\"urlTemplate\":\"https:\/\/www.myvize.com.tr\/letonya\/?s={search_term_string}\"},\"query-input\":{\"@type\":\"PropertyValueSpecification\",\"valueRequired\":true,\"valueName\":\"search_term_string\"}}],\"inLanguage\":\"tr\"}]}<\/script>\n<!-- \/ Yoast SEO plugin. -->","yoast_head_json":{"title":"Letonya Vize Ba\u015fvurusu - Letonya Vizesi - MyVize","description":"Letonya Vize Ba\u015fvurusu Nas\u0131l Yap\u0131l\u0131r? Letonya Vize Ba\u015fvuru Formu Nas\u0131l Doldurulur? Bilgi \u0130\u00e7in Vize Uzmanlar\u0131m\u0131z\u0131 Aray\u0131n: 0850 346 84 93","robots":{"index":"index","follow":"follow","max-snippet":"max-snippet:-1","max-image-preview":"max-image-preview:large","max-video-preview":"max-video-preview:-1"},"canonical":"https:\/\/www.myvize.com.tr\/letonya\/letonya-vize-basvurusu\/","og_locale":"tr_TR","og_type":"article","og_title":"Letonya Vize Ba\u015fvurusu - Letonya Vizesi - MyVize","og_description":"Letonya Vize Ba\u015fvurusu Nas\u0131l Yap\u0131l\u0131r? Letonya Vize Ba\u015fvuru Formu Nas\u0131l Doldurulur? Bilgi \u0130\u00e7in Vize Uzmanlar\u0131m\u0131z\u0131 Aray\u0131n: 0850 346 84 93","og_url":"https:\/\/www.myvize.com.tr\/letonya\/letonya-vize-basvurusu\/","og_site_name":"Letonya Vizesi","article_modified_time":"2022-04-21T09:58:43+00:00","og_image":[{"url":"https:\/\/www.myvize.com.tr\/romanya\/wp-content\/uploads\/2021\/07\/aDOBE-LOGO-1.png","type":"","width":"","height":""}],"twitter_card":"summary_large_image","twitter_misc":{"Tahmini okuma s\u00fcresi":"4 dakika"},"schema":{"@context":"https:\/\/schema.org","@graph":[{"@type":"WebPage","@id":"https:\/\/www.myvize.com.tr\/letonya\/letonya-vize-basvurusu\/","url":"https:\/\/www.myvize.com.tr\/letonya\/letonya-vize-basvurusu\/","name":"Letonya Vize Ba\u015fvurusu - Letonya Vizesi - MyVize","isPartOf":{"@id":"https:\/\/www.myvize.com.tr\/letonya\/#website"},"primaryImageOfPage":{"@id":"https:\/\/www.myvize.com.tr\/letonya\/letonya-vize-basvurusu\/#primaryimage"},"image":{"@id":"https:\/\/www.myvize.com.tr\/letonya\/letonya-vize-basvurusu\/#primaryimage"},"thumbnailUrl":"https:\/\/www.myvize.com.tr\/romanya\/wp-content\/uploads\/2021\/07\/aDOBE-LOGO-1.png","datePublished":"2021-10-27T11:14:48+00:00","dateModified":"2022-04-21T09:58:43+00:00","description":"Letonya Vize Ba\u015fvurusu Nas\u0131l Yap\u0131l\u0131r? Letonya Vize Ba\u015fvuru Formu Nas\u0131l Doldurulur? Bilgi \u0130\u00e7in Vize Uzmanlar\u0131m\u0131z\u0131 Aray\u0131n: 0850 346 84 93","breadcrumb":{"@id":"https:\/\/www.myvize.com.tr\/letonya\/letonya-vize-basvurusu\/#breadcrumb"},"inLanguage":"tr","potentialAction":[{"@type":"ReadAction","target":["https:\/\/www.myvize.com.tr\/letonya\/letonya-vize-basvurusu\/"]}]},{"@type":"ImageObject","inLanguage":"tr","@id":"https:\/\/www.myvize.com.tr\/letonya\/letonya-vize-basvurusu\/#primaryimage","url":"https:\/\/www.myvize.com.tr\/romanya\/wp-content\/uploads\/2021\/07\/aDOBE-LOGO-1.png","contentUrl":"https:\/\/www.myvize.com.tr\/romanya\/wp-content\/uploads\/2021\/07\/aDOBE-LOGO-1.png"},{"@type":"BreadcrumbList","@id":"https:\/\/www.myvize.com.tr\/letonya\/letonya-vize-basvurusu\/#breadcrumb","itemListElement":[{"@type":"ListItem","position":1,"name":"Anasayfa","item":"https:\/\/www.myvize.com.tr\/letonya\/"},{"@type":"ListItem","position":2,"name":"Letonya Vize Ba\u015fvurusu"}]},{"@type":"WebSite","@id":"https:\/\/www.myvize.com.tr\/letonya\/#website","url":"https:\/\/www.myvize.com.tr\/letonya\/","name":"Letonya Vizesi","description":"","potentialAction":[{"@type":"SearchAction","target":{"@type":"EntryPoint","urlTemplate":"https:\/\/www.myvize.com.tr\/letonya\/?s={search_term_string}"},"query-input":{"@type":"PropertyValueSpecification","valueRequired":true,"valueName":"search_term_string"}}],"inLanguage":"tr"}]}},"_links":{"self":[{"href":"https:\/\/www.myvize.com.tr\/letonya\/wp-json\/wp\/v2\/pages\/579","targetHints":{"allow":["GET"]}}],"collection":[{"href":"https:\/\/www.myvize.com.tr\/letonya\/wp-json\/wp\/v2\/pages"}],"about":[{"href":"https:\/\/www.myvize.com.tr\/letonya\/wp-json\/wp\/v2\/types\/page"}],"author":[{"embeddable":true,"href":"https:\/\/www.myvize.com.tr\/letonya\/wp-json\/wp\/v2\/users\/1"}],"replies":[{"embeddable":true,"href":"https:\/\/www.myvize.com.tr\/letonya\/wp-json\/wp\/v2\/comments?post=579"}],"version-history":[{"count":6,"href":"https:\/\/www.myvize.com.tr\/letonya\/wp-json\/wp\/v2\/pages\/579\/revisions"}],"predecessor-version":[{"id":769,"href":"https:\/\/www.myvize.com.tr\/letonya\/wp-json\/wp\/v2\/pages\/579\/revisions\/769"}],"wp:attachment":[{"href":"https:\/\/www.myvize.com.tr\/letonya\/wp-json\/wp\/v2\/media?parent=579"}],"curies":[{"name":"wp","href":"https:\/\/api.w.org\/{rel}","templated":true}]}}